{"id":35441,"date":"2023-03-13T15:00:04","date_gmt":"2023-03-13T13:00:04","guid":{"rendered":"https:\/\/bs2.lt\/product\/refrigerated-counters\/"},"modified":"2023-09-07T10:43:16","modified_gmt":"2023-09-07T07:43:16","slug":"saldymo-prekystaliai","status":"publish","type":"product","link":"https:\/\/bs2.lt\/lt\/product\/saldymo-prekystaliai\/","title":{"rendered":"\u0160aldymo prekystaliai"},"content":{"rendered":"<p>\u201eModern Expo\u201c gamybos \u0161aldymo prekystaliai QUADROS \u2013 tai modern\u016bs \u012frenginiai, skirti patraukliai pristatyti klientams plat\u0173 maisto preki\u0173 asortiment\u0105.<\/p>\n<p>Tinkamai parinkta temperat\u016bra garantuoja, kad prek\u0117s i\u0161saugos savo geriausias kokybes.<\/p>\n<p>Visos \u0161aldymo sistemos atitinka ES energijos vartojimo efektyvumo standartus, taupo energij\u0105 ir ma\u017eina neigiam\u0105 poveik\u012f aplinkai. Jose naudojami aplinkai nekenksmingi \u0161altne\u0161iai.<\/p>\n<p>BS\/2 tiekia profesionali\u0105 \u201eModern Expo\u201c \u0161aldymo \u012frang\u0105 ir atlieka jos projektavimo, montavimo bei integravimo darbus.<\/p>\n<p>\u201eModern Expo\u201c jau daugiau nei 20 met\u0173 yra moderni\u0173 ma\u017emenin\u0117s prekybos ekosistem\u0173 k\u016brimo lyder\u0117.<\/p>\n","protected":false},"featured_media":32159,"template":"","product_category":[243],"atm_series":[],"atm_cashflow":[],"atm_type":[],"product-provider":[],"class_list":["post-35441","product","type-product","status-publish","has-post-thumbnail","hentry","product_category-retail"],"acf":[],"yoast_head":"<!-- This site is optimized with the Yoast SEO plugin v26.2 - https:\/\/yoast.com\/wordpress\/plugins\/seo\/ -->\n<title>\u0160aldymo prekystaliai | BS\/2<\/title>\n<meta name=\"robots\" content=\"index, follow, max-snippet:-1, max-image-preview:large, max-video-preview:-1\" \/>\n<link rel=\"canonical\" href=\"https:\/\/bs2.lt\/lt\/product\/saldymo-prekystaliai\/\" \/>\n<meta property=\"og:locale\" content=\"lt_LT\" \/>\n<meta property=\"og:type\" content=\"article\" \/>\n<meta property=\"og:title\" content=\"\u0160aldymo prekystaliai | BS\/2\" \/>\n<meta property=\"og:description\" content=\"\u201eModern Expo\u201c gamybos \u0161aldymo prekystaliai QUADROS \u2013 tai modern\u016bs \u012frenginiai, skirti patraukliai pristatyti klientams plat\u0173 maisto preki\u0173 asortiment\u0105. Tinkamai parinkta temperat\u016bra garantuoja, kad prek\u0117s i\u0161saugos savo geriausias kokybes. Visos \u0161aldymo sistemos atitinka ES energijos vartojimo efektyvumo standartus, taupo energij\u0105 ir ma\u017eina neigiam\u0105 poveik\u012f aplinkai. Jose naudojami aplinkai nekenksmingi \u0161altne\u0161iai. BS\/2 tiekia profesionali\u0105 \u201eModern Expo\u201c \u0161aldymo [&hellip;]\" \/>\n<meta property=\"og:url\" content=\"https:\/\/bs2.lt\/lt\/product\/saldymo-prekystaliai\/\" \/>\n<meta property=\"og:site_name\" content=\"BS\/2\" \/>\n<meta property=\"article:publisher\" content=\"https:\/\/www.facebook.com\/bs2solutions\/\" \/>\n<meta property=\"article:modified_time\" content=\"2023-09-07T07:43:16+00:00\" \/>\n<meta property=\"og:image\" content=\"https:\/\/bs2.lt\/wp-content\/uploads\/2023\/03\/sooles-slimdeck-en-1.jpg\" \/>\n\t<meta property=\"og:image:width\" content=\"1200\" \/>\n\t<meta property=\"og:image:height\" content=\"1000\" \/>\n\t<meta property=\"og:image:type\" content=\"image\/jpeg\" \/>\n<meta name=\"twitter:card\" content=\"summary_large_image\" \/>\n<meta name=\"twitter:label1\" content=\"Est. reading time\" \/>\n\t<meta name=\"twitter:data1\" content=\"1 minut\u0117\" \/>\n<script type=\"application\/ld+json\" class=\"yoast-schema-graph\">{\"@context\":\"https:\/\/schema.org\",\"@graph\":[{\"@type\":\"WebPage\",\"@id\":\"https:\/\/bs2.lt\/lt\/product\/saldymo-prekystaliai\/\",\"url\":\"https:\/\/bs2.lt\/lt\/product\/saldymo-prekystaliai\/\",\"name\":\"\u0160aldymo prekystaliai | BS\/2\",\"isPartOf\":{\"@id\":\"https:\/\/bs2.lt\/#website\"},\"primaryImageOfPage\":{\"@id\":\"https:\/\/bs2.lt\/lt\/product\/saldymo-prekystaliai\/#primaryimage\"},\"image\":{\"@id\":\"https:\/\/bs2.lt\/lt\/product\/saldymo-prekystaliai\/#primaryimage\"},\"thumbnailUrl\":\"https:\/\/bs2.lt\/wp-content\/uploads\/2023\/03\/sooles-slimdeck-en-1.jpg\",\"datePublished\":\"2023-03-13T13:00:04+00:00\",\"dateModified\":\"2023-09-07T07:43:16+00:00\",\"breadcrumb\":{\"@id\":\"https:\/\/bs2.lt\/lt\/product\/saldymo-prekystaliai\/#breadcrumb\"},\"inLanguage\":\"lt-LT\",\"potentialAction\":[{\"@type\":\"ReadAction\",\"target\":[\"https:\/\/bs2.lt\/lt\/product\/saldymo-prekystaliai\/\"]}]},{\"@type\":\"ImageObject\",\"inLanguage\":\"lt-LT\",\"@id\":\"https:\/\/bs2.lt\/lt\/product\/saldymo-prekystaliai\/#primaryimage\",\"url\":\"https:\/\/bs2.lt\/wp-content\/uploads\/2023\/03\/sooles-slimdeck-en-1.jpg\",\"contentUrl\":\"https:\/\/bs2.lt\/wp-content\/uploads\/2023\/03\/sooles-slimdeck-en-1.jpg\",\"width\":1200,\"height\":1000},{\"@type\":\"BreadcrumbList\",\"@id\":\"https:\/\/bs2.lt\/lt\/product\/saldymo-prekystaliai\/#breadcrumb\",\"itemListElement\":[{\"@type\":\"ListItem\",\"position\":1,\"name\":\"Home\",\"item\":\"https:\/\/bs2.lt\/lt\/\"},{\"@type\":\"ListItem\",\"position\":2,\"name\":\"\u0160aldymo prekystaliai\"}]},{\"@type\":\"WebSite\",\"@id\":\"https:\/\/bs2.lt\/#website\",\"url\":\"https:\/\/bs2.lt\/\",\"name\":\"BS\/2\",\"description\":\"Banking and retail technology company\",\"publisher\":{\"@id\":\"https:\/\/bs2.lt\/#organization\"},\"potentialAction\":[{\"@type\":\"SearchAction\",\"target\":{\"@type\":\"EntryPoint\",\"urlTemplate\":\"https:\/\/bs2.lt\/?s={search_term_string}\"},\"query-input\":{\"@type\":\"PropertyValueSpecification\",\"valueRequired\":true,\"valueName\":\"search_term_string\"}}],\"inLanguage\":\"lt-LT\"},{\"@type\":\"Organization\",\"@id\":\"https:\/\/bs2.lt\/#organization\",\"name\":\"BS\/2\",\"url\":\"https:\/\/bs2.lt\/\",\"logo\":{\"@type\":\"ImageObject\",\"inLanguage\":\"lt-LT\",\"@id\":\"https:\/\/bs2.lt\/#\/schema\/logo\/image\/\",\"url\":\"https:\/\/bs2.lt\/wp-content\/uploads\/2022\/08\/bs2-logo.svg\",\"contentUrl\":\"https:\/\/bs2.lt\/wp-content\/uploads\/2022\/08\/bs2-logo.svg\",\"width\":100,\"height\":57,\"caption\":\"BS\/2\"},\"image\":{\"@id\":\"https:\/\/bs2.lt\/#\/schema\/logo\/image\/\"},\"sameAs\":[\"https:\/\/www.facebook.com\/bs2solutions\/\",\"https:\/\/www.linkedin.com\/showcase\/bs2solutions\",\"https:\/\/www.youtube.com\/c\/Bs2Lt\"]}]}<\/script>\n<!-- \/ Yoast SEO plugin. -->","yoast_head_json":{"title":"\u0160aldymo prekystaliai | BS\/2","robots":{"index":"index","follow":"follow","max-snippet":"max-snippet:-1","max-image-preview":"max-image-preview:large","max-video-preview":"max-video-preview:-1"},"canonical":"https:\/\/bs2.lt\/lt\/product\/saldymo-prekystaliai\/","og_locale":"lt_LT","og_type":"article","og_title":"\u0160aldymo prekystaliai | BS\/2","og_description":"\u201eModern Expo\u201c gamybos \u0161aldymo prekystaliai QUADROS \u2013 tai modern\u016bs \u012frenginiai, skirti patraukliai pristatyti klientams plat\u0173 maisto preki\u0173 asortiment\u0105. Tinkamai parinkta temperat\u016bra garantuoja, kad prek\u0117s i\u0161saugos savo geriausias kokybes. Visos \u0161aldymo sistemos atitinka ES energijos vartojimo efektyvumo standartus, taupo energij\u0105 ir ma\u017eina neigiam\u0105 poveik\u012f aplinkai. Jose naudojami aplinkai nekenksmingi \u0161altne\u0161iai. BS\/2 tiekia profesionali\u0105 \u201eModern Expo\u201c \u0161aldymo [&hellip;]","og_url":"https:\/\/bs2.lt\/lt\/product\/saldymo-prekystaliai\/","og_site_name":"BS\/2","article_publisher":"https:\/\/www.facebook.com\/bs2solutions\/","article_modified_time":"2023-09-07T07:43:16+00:00","og_image":[{"width":1200,"height":1000,"url":"https:\/\/bs2.lt\/wp-content\/uploads\/2023\/03\/sooles-slimdeck-en-1.jpg","type":"image\/jpeg"}],"twitter_card":"summary_large_image","twitter_misc":{"Est. reading time":"1 minut\u0117"},"schema":{"@context":"https:\/\/schema.org","@graph":[{"@type":"WebPage","@id":"https:\/\/bs2.lt\/lt\/product\/saldymo-prekystaliai\/","url":"https:\/\/bs2.lt\/lt\/product\/saldymo-prekystaliai\/","name":"\u0160aldymo prekystaliai | BS\/2","isPartOf":{"@id":"https:\/\/bs2.lt\/#website"},"primaryImageOfPage":{"@id":"https:\/\/bs2.lt\/lt\/product\/saldymo-prekystaliai\/#primaryimage"},"image":{"@id":"https:\/\/bs2.lt\/lt\/product\/saldymo-prekystaliai\/#primaryimage"},"thumbnailUrl":"https:\/\/bs2.lt\/wp-content\/uploads\/2023\/03\/sooles-slimdeck-en-1.jpg","datePublished":"2023-03-13T13:00:04+00:00","dateModified":"2023-09-07T07:43:16+00:00","breadcrumb":{"@id":"https:\/\/bs2.lt\/lt\/product\/saldymo-prekystaliai\/#breadcrumb"},"inLanguage":"lt-LT","potentialAction":[{"@type":"ReadAction","target":["https:\/\/bs2.lt\/lt\/product\/saldymo-prekystaliai\/"]}]},{"@type":"ImageObject","inLanguage":"lt-LT","@id":"https:\/\/bs2.lt\/lt\/product\/saldymo-prekystaliai\/#primaryimage","url":"https:\/\/bs2.lt\/wp-content\/uploads\/2023\/03\/sooles-slimdeck-en-1.jpg","contentUrl":"https:\/\/bs2.lt\/wp-content\/uploads\/2023\/03\/sooles-slimdeck-en-1.jpg","width":1200,"height":1000},{"@type":"BreadcrumbList","@id":"https:\/\/bs2.lt\/lt\/product\/saldymo-prekystaliai\/#breadcrumb","itemListElement":[{"@type":"ListItem","position":1,"name":"Home","item":"https:\/\/bs2.lt\/lt\/"},{"@type":"ListItem","position":2,"name":"\u0160aldymo prekystaliai"}]},{"@type":"WebSite","@id":"https:\/\/bs2.lt\/#website","url":"https:\/\/bs2.lt\/","name":"BS\/2","description":"Banking and retail technology company","publisher":{"@id":"https:\/\/bs2.lt\/#organization"},"potentialAction":[{"@type":"SearchAction","target":{"@type":"EntryPoint","urlTemplate":"https:\/\/bs2.lt\/?s={search_term_string}"},"query-input":{"@type":"PropertyValueSpecification","valueRequired":true,"valueName":"search_term_string"}}],"inLanguage":"lt-LT"},{"@type":"Organization","@id":"https:\/\/bs2.lt\/#organization","name":"BS\/2","url":"https:\/\/bs2.lt\/","logo":{"@type":"ImageObject","inLanguage":"lt-LT","@id":"https:\/\/bs2.lt\/#\/schema\/logo\/image\/","url":"https:\/\/bs2.lt\/wp-content\/uploads\/2022\/08\/bs2-logo.svg","contentUrl":"https:\/\/bs2.lt\/wp-content\/uploads\/2022\/08\/bs2-logo.svg","width":100,"height":57,"caption":"BS\/2"},"image":{"@id":"https:\/\/bs2.lt\/#\/schema\/logo\/image\/"},"sameAs":["https:\/\/www.facebook.com\/bs2solutions\/","https:\/\/www.linkedin.com\/showcase\/bs2solutions","https:\/\/www.youtube.com\/c\/Bs2Lt"]}]}},"_links":{"self":[{"href":"https:\/\/bs2.lt\/lt\/wp-json\/wp\/v2\/product\/35441","targetHints":{"allow":["GET"]}}],"collection":[{"href":"https:\/\/bs2.lt\/lt\/wp-json\/wp\/v2\/product"}],"about":[{"href":"https:\/\/bs2.lt\/lt\/wp-json\/wp\/v2\/types\/product"}],"wp:featuredmedia":[{"embeddable":true,"href":"https:\/\/bs2.lt\/lt\/wp-json\/wp\/v2\/media\/32159"}],"wp:attachment":[{"href":"https:\/\/bs2.lt\/lt\/wp-json\/wp\/v2\/media?parent=35441"}],"wp:term":[{"taxonomy":"product_category","embeddable":true,"href":"https:\/\/bs2.lt\/lt\/wp-json\/wp\/v2\/product_category?post=35441"},{"taxonomy":"atm_series","embeddable":true,"href":"https:\/\/bs2.lt\/lt\/wp-json\/wp\/v2\/atm_series?post=35441"},{"taxonomy":"atm_cashflow","embeddable":true,"href":"https:\/\/bs2.lt\/lt\/wp-json\/wp\/v2\/atm_cashflow?post=35441"},{"taxonomy":"atm_type","embeddable":true,"href":"https:\/\/bs2.lt\/lt\/wp-json\/wp\/v2\/atm_type?post=35441"},{"taxonomy":"product-provider","embeddable":true,"href":"https:\/\/bs2.lt\/lt\/wp-json\/wp\/v2\/product-provider?post=35441"}],"curies":[{"name":"wp","href":"https:\/\/api.w.org\/{rel}","templated":true}]}}