{"id":35438,"date":"2023-03-09T11:26:00","date_gmt":"2023-03-09T09:26:00","guid":{"rendered":"https:\/\/bs2.lt\/product\/refrigerated-multidecks\/"},"modified":"2023-09-07T10:40:13","modified_gmt":"2023-09-07T07:40:13","slug":"saldymo-vitrinos","status":"publish","type":"product","link":"https:\/\/bs2.lt\/lt\/product\/saldymo-vitrinos\/","title":{"rendered":"\u0160aldymo vitrinos"},"content":{"rendered":"<p>\u201eModern Expo\u201c gamybos \u0161aldymo vitrinos COOLES \u2013 tai modern\u016bs, aplink\u0105 tausojantys \u012frenginiai, atitinkantys dabartines rinkos tendencijas bei ES energijos vartojimo efektyvumo reikalavimus.<\/p>\n<p>Produktai sukurti taip, kad tikt\u0173 \u012fvairioms ma\u017emenin\u0117s prekybos patalpoms: nuo nedideli\u0173, tik b\u016btiniausi\u0173 preki\u0173 parduotuvi\u0173 iki did\u017eiuli\u0173 prekybos centr\u0173.<\/p>\n<p>BS\/2 tiekia profesionali\u0105 \u201eModern Expo\u201c \u0161aldymo \u012frang\u0105 ir atlieka \u0161ios \u012frangos projektavimo, montavimo bei integravimo darbus.<\/p>\n<p>\u201eModern Expo\u201c jau daugiau nei 20 met\u0173 yra moderni\u0173 ma\u017emenin\u0117s prekybos ekosistem\u0173 k\u016brimo lyder\u0117.<\/p>\n","protected":false},"featured_media":32167,"template":"","product_category":[243],"atm_series":[],"atm_cashflow":[],"atm_type":[],"product-provider":[],"class_list":["post-35438","product","type-product","status-publish","has-post-thumbnail","hentry","product_category-retail"],"acf":[],"yoast_head":"<!-- This site is optimized with the Yoast SEO plugin v26.2 - https:\/\/yoast.com\/wordpress\/plugins\/seo\/ -->\n<title>\u0160aldymo vitrinos | BS\/2<\/title>\n<meta name=\"robots\" content=\"index, follow, max-snippet:-1, max-image-preview:large, max-video-preview:-1\" \/>\n<link rel=\"canonical\" href=\"https:\/\/bs2.lt\/lt\/product\/saldymo-vitrinos\/\" \/>\n<meta property=\"og:locale\" content=\"lt_LT\" \/>\n<meta property=\"og:type\" content=\"article\" \/>\n<meta property=\"og:title\" content=\"\u0160aldymo vitrinos | BS\/2\" \/>\n<meta property=\"og:description\" content=\"\u201eModern Expo\u201c gamybos \u0161aldymo vitrinos COOLES \u2013 tai modern\u016bs, aplink\u0105 tausojantys \u012frenginiai, atitinkantys dabartines rinkos tendencijas bei ES energijos vartojimo efektyvumo reikalavimus. Produktai sukurti taip, kad tikt\u0173 \u012fvairioms ma\u017emenin\u0117s prekybos patalpoms: nuo nedideli\u0173, tik b\u016btiniausi\u0173 preki\u0173 parduotuvi\u0173 iki did\u017eiuli\u0173 prekybos centr\u0173. BS\/2 tiekia profesionali\u0105 \u201eModern Expo\u201c \u0161aldymo \u012frang\u0105 ir atlieka \u0161ios \u012frangos projektavimo, montavimo bei [&hellip;]\" \/>\n<meta property=\"og:url\" content=\"https:\/\/bs2.lt\/lt\/product\/saldymo-vitrinos\/\" \/>\n<meta property=\"og:site_name\" content=\"BS\/2\" \/>\n<meta property=\"article:publisher\" content=\"https:\/\/www.facebook.com\/bs2solutions\/\" \/>\n<meta property=\"article:modified_time\" content=\"2023-09-07T07:40:13+00:00\" \/>\n<meta property=\"og:image\" content=\"https:\/\/bs2.lt\/wp-content\/uploads\/2023\/03\/mdrn-q-a5-en04042022-1.jpg\" \/>\n\t<meta property=\"og:image:width\" content=\"1200\" \/>\n\t<meta property=\"og:image:height\" content=\"1000\" \/>\n\t<meta property=\"og:image:type\" content=\"image\/jpeg\" \/>\n<meta name=\"twitter:card\" content=\"summary_large_image\" \/>\n<meta name=\"twitter:label1\" content=\"Est. reading time\" \/>\n\t<meta name=\"twitter:data1\" content=\"1 minut\u0117\" \/>\n<script type=\"application\/ld+json\" class=\"yoast-schema-graph\">{\"@context\":\"https:\/\/schema.org\",\"@graph\":[{\"@type\":\"WebPage\",\"@id\":\"https:\/\/bs2.lt\/lt\/product\/saldymo-vitrinos\/\",\"url\":\"https:\/\/bs2.lt\/lt\/product\/saldymo-vitrinos\/\",\"name\":\"\u0160aldymo vitrinos | BS\/2\",\"isPartOf\":{\"@id\":\"https:\/\/bs2.lt\/#website\"},\"primaryImageOfPage\":{\"@id\":\"https:\/\/bs2.lt\/lt\/product\/saldymo-vitrinos\/#primaryimage\"},\"image\":{\"@id\":\"https:\/\/bs2.lt\/lt\/product\/saldymo-vitrinos\/#primaryimage\"},\"thumbnailUrl\":\"https:\/\/bs2.lt\/wp-content\/uploads\/2023\/03\/mdrn-q-a5-en04042022-1.jpg\",\"datePublished\":\"2023-03-09T09:26:00+00:00\",\"dateModified\":\"2023-09-07T07:40:13+00:00\",\"breadcrumb\":{\"@id\":\"https:\/\/bs2.lt\/lt\/product\/saldymo-vitrinos\/#breadcrumb\"},\"inLanguage\":\"lt-LT\",\"potentialAction\":[{\"@type\":\"ReadAction\",\"target\":[\"https:\/\/bs2.lt\/lt\/product\/saldymo-vitrinos\/\"]}]},{\"@type\":\"ImageObject\",\"inLanguage\":\"lt-LT\",\"@id\":\"https:\/\/bs2.lt\/lt\/product\/saldymo-vitrinos\/#primaryimage\",\"url\":\"https:\/\/bs2.lt\/wp-content\/uploads\/2023\/03\/mdrn-q-a5-en04042022-1.jpg\",\"contentUrl\":\"https:\/\/bs2.lt\/wp-content\/uploads\/2023\/03\/mdrn-q-a5-en04042022-1.jpg\",\"width\":1200,\"height\":1000},{\"@type\":\"BreadcrumbList\",\"@id\":\"https:\/\/bs2.lt\/lt\/product\/saldymo-vitrinos\/#breadcrumb\",\"itemListElement\":[{\"@type\":\"ListItem\",\"position\":1,\"name\":\"Home\",\"item\":\"https:\/\/bs2.lt\/lt\/\"},{\"@type\":\"ListItem\",\"position\":2,\"name\":\"\u0160aldymo vitrinos\"}]},{\"@type\":\"WebSite\",\"@id\":\"https:\/\/bs2.lt\/#website\",\"url\":\"https:\/\/bs2.lt\/\",\"name\":\"BS\/2\",\"description\":\"Banking and retail technology company\",\"publisher\":{\"@id\":\"https:\/\/bs2.lt\/#organization\"},\"potentialAction\":[{\"@type\":\"SearchAction\",\"target\":{\"@type\":\"EntryPoint\",\"urlTemplate\":\"https:\/\/bs2.lt\/?s={search_term_string}\"},\"query-input\":{\"@type\":\"PropertyValueSpecification\",\"valueRequired\":true,\"valueName\":\"search_term_string\"}}],\"inLanguage\":\"lt-LT\"},{\"@type\":\"Organization\",\"@id\":\"https:\/\/bs2.lt\/#organization\",\"name\":\"BS\/2\",\"url\":\"https:\/\/bs2.lt\/\",\"logo\":{\"@type\":\"ImageObject\",\"inLanguage\":\"lt-LT\",\"@id\":\"https:\/\/bs2.lt\/#\/schema\/logo\/image\/\",\"url\":\"https:\/\/bs2.lt\/wp-content\/uploads\/2022\/08\/bs2-logo.svg\",\"contentUrl\":\"https:\/\/bs2.lt\/wp-content\/uploads\/2022\/08\/bs2-logo.svg\",\"width\":100,\"height\":57,\"caption\":\"BS\/2\"},\"image\":{\"@id\":\"https:\/\/bs2.lt\/#\/schema\/logo\/image\/\"},\"sameAs\":[\"https:\/\/www.facebook.com\/bs2solutions\/\",\"https:\/\/www.linkedin.com\/showcase\/bs2solutions\",\"https:\/\/www.youtube.com\/c\/Bs2Lt\"]}]}<\/script>\n<!-- \/ Yoast SEO plugin. -->","yoast_head_json":{"title":"\u0160aldymo vitrinos | BS\/2","robots":{"index":"index","follow":"follow","max-snippet":"max-snippet:-1","max-image-preview":"max-image-preview:large","max-video-preview":"max-video-preview:-1"},"canonical":"https:\/\/bs2.lt\/lt\/product\/saldymo-vitrinos\/","og_locale":"lt_LT","og_type":"article","og_title":"\u0160aldymo vitrinos | BS\/2","og_description":"\u201eModern Expo\u201c gamybos \u0161aldymo vitrinos COOLES \u2013 tai modern\u016bs, aplink\u0105 tausojantys \u012frenginiai, atitinkantys dabartines rinkos tendencijas bei ES energijos vartojimo efektyvumo reikalavimus. Produktai sukurti taip, kad tikt\u0173 \u012fvairioms ma\u017emenin\u0117s prekybos patalpoms: nuo nedideli\u0173, tik b\u016btiniausi\u0173 preki\u0173 parduotuvi\u0173 iki did\u017eiuli\u0173 prekybos centr\u0173. BS\/2 tiekia profesionali\u0105 \u201eModern Expo\u201c \u0161aldymo \u012frang\u0105 ir atlieka \u0161ios \u012frangos projektavimo, montavimo bei [&hellip;]","og_url":"https:\/\/bs2.lt\/lt\/product\/saldymo-vitrinos\/","og_site_name":"BS\/2","article_publisher":"https:\/\/www.facebook.com\/bs2solutions\/","article_modified_time":"2023-09-07T07:40:13+00:00","og_image":[{"width":1200,"height":1000,"url":"https:\/\/bs2.lt\/wp-content\/uploads\/2023\/03\/mdrn-q-a5-en04042022-1.jpg","type":"image\/jpeg"}],"twitter_card":"summary_large_image","twitter_misc":{"Est. reading time":"1 minut\u0117"},"schema":{"@context":"https:\/\/schema.org","@graph":[{"@type":"WebPage","@id":"https:\/\/bs2.lt\/lt\/product\/saldymo-vitrinos\/","url":"https:\/\/bs2.lt\/lt\/product\/saldymo-vitrinos\/","name":"\u0160aldymo vitrinos | BS\/2","isPartOf":{"@id":"https:\/\/bs2.lt\/#website"},"primaryImageOfPage":{"@id":"https:\/\/bs2.lt\/lt\/product\/saldymo-vitrinos\/#primaryimage"},"image":{"@id":"https:\/\/bs2.lt\/lt\/product\/saldymo-vitrinos\/#primaryimage"},"thumbnailUrl":"https:\/\/bs2.lt\/wp-content\/uploads\/2023\/03\/mdrn-q-a5-en04042022-1.jpg","datePublished":"2023-03-09T09:26:00+00:00","dateModified":"2023-09-07T07:40:13+00:00","breadcrumb":{"@id":"https:\/\/bs2.lt\/lt\/product\/saldymo-vitrinos\/#breadcrumb"},"inLanguage":"lt-LT","potentialAction":[{"@type":"ReadAction","target":["https:\/\/bs2.lt\/lt\/product\/saldymo-vitrinos\/"]}]},{"@type":"ImageObject","inLanguage":"lt-LT","@id":"https:\/\/bs2.lt\/lt\/product\/saldymo-vitrinos\/#primaryimage","url":"https:\/\/bs2.lt\/wp-content\/uploads\/2023\/03\/mdrn-q-a5-en04042022-1.jpg","contentUrl":"https:\/\/bs2.lt\/wp-content\/uploads\/2023\/03\/mdrn-q-a5-en04042022-1.jpg","width":1200,"height":1000},{"@type":"BreadcrumbList","@id":"https:\/\/bs2.lt\/lt\/product\/saldymo-vitrinos\/#breadcrumb","itemListElement":[{"@type":"ListItem","position":1,"name":"Home","item":"https:\/\/bs2.lt\/lt\/"},{"@type":"ListItem","position":2,"name":"\u0160aldymo vitrinos"}]},{"@type":"WebSite","@id":"https:\/\/bs2.lt\/#website","url":"https:\/\/bs2.lt\/","name":"BS\/2","description":"Banking and retail technology company","publisher":{"@id":"https:\/\/bs2.lt\/#organization"},"potentialAction":[{"@type":"SearchAction","target":{"@type":"EntryPoint","urlTemplate":"https:\/\/bs2.lt\/?s={search_term_string}"},"query-input":{"@type":"PropertyValueSpecification","valueRequired":true,"valueName":"search_term_string"}}],"inLanguage":"lt-LT"},{"@type":"Organization","@id":"https:\/\/bs2.lt\/#organization","name":"BS\/2","url":"https:\/\/bs2.lt\/","logo":{"@type":"ImageObject","inLanguage":"lt-LT","@id":"https:\/\/bs2.lt\/#\/schema\/logo\/image\/","url":"https:\/\/bs2.lt\/wp-content\/uploads\/2022\/08\/bs2-logo.svg","contentUrl":"https:\/\/bs2.lt\/wp-content\/uploads\/2022\/08\/bs2-logo.svg","width":100,"height":57,"caption":"BS\/2"},"image":{"@id":"https:\/\/bs2.lt\/#\/schema\/logo\/image\/"},"sameAs":["https:\/\/www.facebook.com\/bs2solutions\/","https:\/\/www.linkedin.com\/showcase\/bs2solutions","https:\/\/www.youtube.com\/c\/Bs2Lt"]}]}},"_links":{"self":[{"href":"https:\/\/bs2.lt\/lt\/wp-json\/wp\/v2\/product\/35438","targetHints":{"allow":["GET"]}}],"collection":[{"href":"https:\/\/bs2.lt\/lt\/wp-json\/wp\/v2\/product"}],"about":[{"href":"https:\/\/bs2.lt\/lt\/wp-json\/wp\/v2\/types\/product"}],"wp:featuredmedia":[{"embeddable":true,"href":"https:\/\/bs2.lt\/lt\/wp-json\/wp\/v2\/media\/32167"}],"wp:attachment":[{"href":"https:\/\/bs2.lt\/lt\/wp-json\/wp\/v2\/media?parent=35438"}],"wp:term":[{"taxonomy":"product_category","embeddable":true,"href":"https:\/\/bs2.lt\/lt\/wp-json\/wp\/v2\/product_category?post=35438"},{"taxonomy":"atm_series","embeddable":true,"href":"https:\/\/bs2.lt\/lt\/wp-json\/wp\/v2\/atm_series?post=35438"},{"taxonomy":"atm_cashflow","embeddable":true,"href":"https:\/\/bs2.lt\/lt\/wp-json\/wp\/v2\/atm_cashflow?post=35438"},{"taxonomy":"atm_type","embeddable":true,"href":"https:\/\/bs2.lt\/lt\/wp-json\/wp\/v2\/atm_type?post=35438"},{"taxonomy":"product-provider","embeddable":true,"href":"https:\/\/bs2.lt\/lt\/wp-json\/wp\/v2\/product-provider?post=35438"}],"curies":[{"name":"wp","href":"https:\/\/api.w.org\/{rel}","templated":true}]}}