{"id":35435,"date":"2023-02-23T12:15:54","date_gmt":"2023-02-23T10:15:54","guid":{"rendered":"https:\/\/bs2.lt\/product\/warehouse-solutions\/"},"modified":"2023-09-11T11:07:12","modified_gmt":"2023-09-11T08:07:12","slug":"sandelio-sprendimai","status":"publish","type":"product","link":"https:\/\/bs2.lt\/lt\/product\/sandelio-sprendimai\/","title":{"rendered":"Pad\u0117kl\u0173 lentyn\u0173 sistemos, konsoliniai stela\u017eai ir tarpin\u0117s grindys"},"content":{"rendered":"<p>\u0160iuolaikinis sand\u0117lis \u2013 tai ne vien tik preki\u0173 saugojimo vieta, bet ir gyvybi\u0161kai svarbi preki\u0173 srauto formavimo dalis. Sand\u0117lio organizavimo efektyvumas tiesiogiai lemia prekybos operacij\u0173 greit\u012f ir skai\u010di\u0173. Nuo to priklauso ma\u017emenin\u0117s prekybos ir logistikos \u012fmoni\u0173 veiklos efektyvumas. \u0160tai kod\u0117l Jums reikia geriausi\u0173 preki\u0173 saugojimo bei sand\u0117liavimo sprendim\u0173. BS\/2 ateis \u012f pagalb\u0105!<\/p>\n<p>BS\/2 si\u016blo auk\u0161\u010diausios kokyb\u0117s \u201eModern Expo\u201c sand\u0117liavimo sprendimus, skirtus optimizuoti erdv\u0119 ir pagerinti prekybos efektyvum\u0105.<\/p>\n<p>M\u016bs\u0173 ekspert\u0173 komanda projektuoja, montuoja ir integruoja \u0161ias sistemas, kad \u012fdiegimas nekelt\u0173 joki\u0173 r\u016bpes\u010di\u0173, o J\u016bs gal\u0117tum\u0117t pasiekti maksimalius prekybos rezultatus.<\/p>\n<p>M\u016bs\u0173 pa\u017eang\u016bs sprendimai pad\u0117s efektyviai panaudoti vis\u0105 sand\u0117lio potencial\u0105 ir pavers j\u012f efektyviu bei pelningu verslo padaliniu.<\/p>\n","protected":false},"featured_media":31908,"template":"","product_category":[243],"atm_series":[],"atm_cashflow":[],"atm_type":[],"product-provider":[],"class_list":["post-35435","product","type-product","status-publish","has-post-thumbnail","hentry","product_category-retail"],"acf":[],"yoast_head":"<!-- This site is optimized with the Yoast SEO plugin v26.2 - https:\/\/yoast.com\/wordpress\/plugins\/seo\/ -->\n<title>Pad\u0117kl\u0173 lentyn\u0173 sistemos, konsoliniai stela\u017eai ir tarpin\u0117s grindys | BS\/2<\/title>\n<meta name=\"robots\" content=\"index, follow, max-snippet:-1, max-image-preview:large, max-video-preview:-1\" \/>\n<link rel=\"canonical\" href=\"https:\/\/bs2.lt\/lt\/product\/sandelio-sprendimai\/\" \/>\n<meta property=\"og:locale\" content=\"lt_LT\" \/>\n<meta property=\"og:type\" content=\"article\" \/>\n<meta property=\"og:title\" content=\"Pad\u0117kl\u0173 lentyn\u0173 sistemos, konsoliniai stela\u017eai ir tarpin\u0117s grindys | BS\/2\" \/>\n<meta property=\"og:description\" content=\"\u0160iuolaikinis sand\u0117lis \u2013 tai ne vien tik preki\u0173 saugojimo vieta, bet ir gyvybi\u0161kai svarbi preki\u0173 srauto formavimo dalis. Sand\u0117lio organizavimo efektyvumas tiesiogiai lemia prekybos operacij\u0173 greit\u012f ir skai\u010di\u0173. Nuo to priklauso ma\u017emenin\u0117s prekybos ir logistikos \u012fmoni\u0173 veiklos efektyvumas. \u0160tai kod\u0117l Jums reikia geriausi\u0173 preki\u0173 saugojimo bei sand\u0117liavimo sprendim\u0173. BS\/2 ateis \u012f pagalb\u0105! BS\/2 si\u016blo auk\u0161\u010diausios [&hellip;]\" \/>\n<meta property=\"og:url\" content=\"https:\/\/bs2.lt\/lt\/product\/sandelio-sprendimai\/\" \/>\n<meta property=\"og:site_name\" content=\"BS\/2\" \/>\n<meta property=\"article:publisher\" content=\"https:\/\/www.facebook.com\/bs2solutions\/\" \/>\n<meta property=\"article:modified_time\" content=\"2023-09-11T08:07:12+00:00\" \/>\n<meta property=\"og:image\" content=\"https:\/\/bs2.lt\/wp-content\/uploads\/2023\/02\/warehouse-solutions.jpg\" \/>\n\t<meta property=\"og:image:width\" content=\"1200\" \/>\n\t<meta property=\"og:image:height\" content=\"1000\" \/>\n\t<meta property=\"og:image:type\" content=\"image\/jpeg\" \/>\n<meta name=\"twitter:card\" content=\"summary_large_image\" \/>\n<meta name=\"twitter:label1\" content=\"Est. reading time\" \/>\n\t<meta name=\"twitter:data1\" content=\"1 minut\u0117\" \/>\n<script type=\"application\/ld+json\" class=\"yoast-schema-graph\">{\"@context\":\"https:\/\/schema.org\",\"@graph\":[{\"@type\":\"WebPage\",\"@id\":\"https:\/\/bs2.lt\/lt\/product\/sandelio-sprendimai\/\",\"url\":\"https:\/\/bs2.lt\/lt\/product\/sandelio-sprendimai\/\",\"name\":\"Pad\u0117kl\u0173 lentyn\u0173 sistemos, konsoliniai stela\u017eai ir tarpin\u0117s grindys | BS\/2\",\"isPartOf\":{\"@id\":\"https:\/\/bs2.lt\/#website\"},\"primaryImageOfPage\":{\"@id\":\"https:\/\/bs2.lt\/lt\/product\/sandelio-sprendimai\/#primaryimage\"},\"image\":{\"@id\":\"https:\/\/bs2.lt\/lt\/product\/sandelio-sprendimai\/#primaryimage\"},\"thumbnailUrl\":\"https:\/\/bs2.lt\/wp-content\/uploads\/2023\/02\/warehouse-solutions.jpg\",\"datePublished\":\"2023-02-23T10:15:54+00:00\",\"dateModified\":\"2023-09-11T08:07:12+00:00\",\"breadcrumb\":{\"@id\":\"https:\/\/bs2.lt\/lt\/product\/sandelio-sprendimai\/#breadcrumb\"},\"inLanguage\":\"lt-LT\",\"potentialAction\":[{\"@type\":\"ReadAction\",\"target\":[\"https:\/\/bs2.lt\/lt\/product\/sandelio-sprendimai\/\"]}]},{\"@type\":\"ImageObject\",\"inLanguage\":\"lt-LT\",\"@id\":\"https:\/\/bs2.lt\/lt\/product\/sandelio-sprendimai\/#primaryimage\",\"url\":\"https:\/\/bs2.lt\/wp-content\/uploads\/2023\/02\/warehouse-solutions.jpg\",\"contentUrl\":\"https:\/\/bs2.lt\/wp-content\/uploads\/2023\/02\/warehouse-solutions.jpg\",\"width\":1200,\"height\":1000},{\"@type\":\"BreadcrumbList\",\"@id\":\"https:\/\/bs2.lt\/lt\/product\/sandelio-sprendimai\/#breadcrumb\",\"itemListElement\":[{\"@type\":\"ListItem\",\"position\":1,\"name\":\"Home\",\"item\":\"https:\/\/bs2.lt\/lt\/\"},{\"@type\":\"ListItem\",\"position\":2,\"name\":\"Pad\u0117kl\u0173 lentyn\u0173 sistemos, konsoliniai stela\u017eai ir tarpin\u0117s grindys\"}]},{\"@type\":\"WebSite\",\"@id\":\"https:\/\/bs2.lt\/#website\",\"url\":\"https:\/\/bs2.lt\/\",\"name\":\"BS\/2\",\"description\":\"Banking and retail technology company\",\"publisher\":{\"@id\":\"https:\/\/bs2.lt\/#organization\"},\"potentialAction\":[{\"@type\":\"SearchAction\",\"target\":{\"@type\":\"EntryPoint\",\"urlTemplate\":\"https:\/\/bs2.lt\/?s={search_term_string}\"},\"query-input\":{\"@type\":\"PropertyValueSpecification\",\"valueRequired\":true,\"valueName\":\"search_term_string\"}}],\"inLanguage\":\"lt-LT\"},{\"@type\":\"Organization\",\"@id\":\"https:\/\/bs2.lt\/#organization\",\"name\":\"BS\/2\",\"url\":\"https:\/\/bs2.lt\/\",\"logo\":{\"@type\":\"ImageObject\",\"inLanguage\":\"lt-LT\",\"@id\":\"https:\/\/bs2.lt\/#\/schema\/logo\/image\/\",\"url\":\"https:\/\/bs2.lt\/wp-content\/uploads\/2022\/08\/bs2-logo.svg\",\"contentUrl\":\"https:\/\/bs2.lt\/wp-content\/uploads\/2022\/08\/bs2-logo.svg\",\"width\":100,\"height\":57,\"caption\":\"BS\/2\"},\"image\":{\"@id\":\"https:\/\/bs2.lt\/#\/schema\/logo\/image\/\"},\"sameAs\":[\"https:\/\/www.facebook.com\/bs2solutions\/\",\"https:\/\/www.linkedin.com\/showcase\/bs2solutions\",\"https:\/\/www.youtube.com\/c\/Bs2Lt\"]}]}<\/script>\n<!-- \/ Yoast SEO plugin. -->","yoast_head_json":{"title":"Pad\u0117kl\u0173 lentyn\u0173 sistemos, konsoliniai stela\u017eai ir tarpin\u0117s grindys | BS\/2","robots":{"index":"index","follow":"follow","max-snippet":"max-snippet:-1","max-image-preview":"max-image-preview:large","max-video-preview":"max-video-preview:-1"},"canonical":"https:\/\/bs2.lt\/lt\/product\/sandelio-sprendimai\/","og_locale":"lt_LT","og_type":"article","og_title":"Pad\u0117kl\u0173 lentyn\u0173 sistemos, konsoliniai stela\u017eai ir tarpin\u0117s grindys | BS\/2","og_description":"\u0160iuolaikinis sand\u0117lis \u2013 tai ne vien tik preki\u0173 saugojimo vieta, bet ir gyvybi\u0161kai svarbi preki\u0173 srauto formavimo dalis. Sand\u0117lio organizavimo efektyvumas tiesiogiai lemia prekybos operacij\u0173 greit\u012f ir skai\u010di\u0173. Nuo to priklauso ma\u017emenin\u0117s prekybos ir logistikos \u012fmoni\u0173 veiklos efektyvumas. \u0160tai kod\u0117l Jums reikia geriausi\u0173 preki\u0173 saugojimo bei sand\u0117liavimo sprendim\u0173. BS\/2 ateis \u012f pagalb\u0105! BS\/2 si\u016blo auk\u0161\u010diausios [&hellip;]","og_url":"https:\/\/bs2.lt\/lt\/product\/sandelio-sprendimai\/","og_site_name":"BS\/2","article_publisher":"https:\/\/www.facebook.com\/bs2solutions\/","article_modified_time":"2023-09-11T08:07:12+00:00","og_image":[{"width":1200,"height":1000,"url":"https:\/\/bs2.lt\/wp-content\/uploads\/2023\/02\/warehouse-solutions.jpg","type":"image\/jpeg"}],"twitter_card":"summary_large_image","twitter_misc":{"Est. reading time":"1 minut\u0117"},"schema":{"@context":"https:\/\/schema.org","@graph":[{"@type":"WebPage","@id":"https:\/\/bs2.lt\/lt\/product\/sandelio-sprendimai\/","url":"https:\/\/bs2.lt\/lt\/product\/sandelio-sprendimai\/","name":"Pad\u0117kl\u0173 lentyn\u0173 sistemos, konsoliniai stela\u017eai ir tarpin\u0117s grindys | BS\/2","isPartOf":{"@id":"https:\/\/bs2.lt\/#website"},"primaryImageOfPage":{"@id":"https:\/\/bs2.lt\/lt\/product\/sandelio-sprendimai\/#primaryimage"},"image":{"@id":"https:\/\/bs2.lt\/lt\/product\/sandelio-sprendimai\/#primaryimage"},"thumbnailUrl":"https:\/\/bs2.lt\/wp-content\/uploads\/2023\/02\/warehouse-solutions.jpg","datePublished":"2023-02-23T10:15:54+00:00","dateModified":"2023-09-11T08:07:12+00:00","breadcrumb":{"@id":"https:\/\/bs2.lt\/lt\/product\/sandelio-sprendimai\/#breadcrumb"},"inLanguage":"lt-LT","potentialAction":[{"@type":"ReadAction","target":["https:\/\/bs2.lt\/lt\/product\/sandelio-sprendimai\/"]}]},{"@type":"ImageObject","inLanguage":"lt-LT","@id":"https:\/\/bs2.lt\/lt\/product\/sandelio-sprendimai\/#primaryimage","url":"https:\/\/bs2.lt\/wp-content\/uploads\/2023\/02\/warehouse-solutions.jpg","contentUrl":"https:\/\/bs2.lt\/wp-content\/uploads\/2023\/02\/warehouse-solutions.jpg","width":1200,"height":1000},{"@type":"BreadcrumbList","@id":"https:\/\/bs2.lt\/lt\/product\/sandelio-sprendimai\/#breadcrumb","itemListElement":[{"@type":"ListItem","position":1,"name":"Home","item":"https:\/\/bs2.lt\/lt\/"},{"@type":"ListItem","position":2,"name":"Pad\u0117kl\u0173 lentyn\u0173 sistemos, konsoliniai stela\u017eai ir tarpin\u0117s grindys"}]},{"@type":"WebSite","@id":"https:\/\/bs2.lt\/#website","url":"https:\/\/bs2.lt\/","name":"BS\/2","description":"Banking and retail technology company","publisher":{"@id":"https:\/\/bs2.lt\/#organization"},"potentialAction":[{"@type":"SearchAction","target":{"@type":"EntryPoint","urlTemplate":"https:\/\/bs2.lt\/?s={search_term_string}"},"query-input":{"@type":"PropertyValueSpecification","valueRequired":true,"valueName":"search_term_string"}}],"inLanguage":"lt-LT"},{"@type":"Organization","@id":"https:\/\/bs2.lt\/#organization","name":"BS\/2","url":"https:\/\/bs2.lt\/","logo":{"@type":"ImageObject","inLanguage":"lt-LT","@id":"https:\/\/bs2.lt\/#\/schema\/logo\/image\/","url":"https:\/\/bs2.lt\/wp-content\/uploads\/2022\/08\/bs2-logo.svg","contentUrl":"https:\/\/bs2.lt\/wp-content\/uploads\/2022\/08\/bs2-logo.svg","width":100,"height":57,"caption":"BS\/2"},"image":{"@id":"https:\/\/bs2.lt\/#\/schema\/logo\/image\/"},"sameAs":["https:\/\/www.facebook.com\/bs2solutions\/","https:\/\/www.linkedin.com\/showcase\/bs2solutions","https:\/\/www.youtube.com\/c\/Bs2Lt"]}]}},"_links":{"self":[{"href":"https:\/\/bs2.lt\/lt\/wp-json\/wp\/v2\/product\/35435","targetHints":{"allow":["GET"]}}],"collection":[{"href":"https:\/\/bs2.lt\/lt\/wp-json\/wp\/v2\/product"}],"about":[{"href":"https:\/\/bs2.lt\/lt\/wp-json\/wp\/v2\/types\/product"}],"wp:featuredmedia":[{"embeddable":true,"href":"https:\/\/bs2.lt\/lt\/wp-json\/wp\/v2\/media\/31908"}],"wp:attachment":[{"href":"https:\/\/bs2.lt\/lt\/wp-json\/wp\/v2\/media?parent=35435"}],"wp:term":[{"taxonomy":"product_category","embeddable":true,"href":"https:\/\/bs2.lt\/lt\/wp-json\/wp\/v2\/product_category?post=35435"},{"taxonomy":"atm_series","embeddable":true,"href":"https:\/\/bs2.lt\/lt\/wp-json\/wp\/v2\/atm_series?post=35435"},{"taxonomy":"atm_cashflow","embeddable":true,"href":"https:\/\/bs2.lt\/lt\/wp-json\/wp\/v2\/atm_cashflow?post=35435"},{"taxonomy":"atm_type","embeddable":true,"href":"https:\/\/bs2.lt\/lt\/wp-json\/wp\/v2\/atm_type?post=35435"},{"taxonomy":"product-provider","embeddable":true,"href":"https:\/\/bs2.lt\/lt\/wp-json\/wp\/v2\/product-provider?post=35435"}],"curies":[{"name":"wp","href":"https:\/\/api.w.org\/{rel}","templated":true}]}}