{"id":35135,"date":"2023-08-14T13:21:01","date_gmt":"2023-08-14T10:21:01","guid":{"rendered":"https:\/\/bs2.lt\/product\/dscenteriq\/"},"modified":"2023-08-17T11:23:38","modified_gmt":"2023-08-17T08:23:38","slug":"dscenteriq","status":"publish","type":"product","link":"https:\/\/bs2.lt\/lt\/product\/dscenteriq\/","title":{"rendered":"DS Center.iQ"},"content":{"rendered":"<p>2023 m. bir\u017eel\u012f BS\/2 pirm\u0105 kart\u0105 pristat\u0117 moderni\u0105 sprendim\u0173 pri\u0117mimo sistem\u0105 \u201eDS Center.iQ\u201c, kuria naudojantis patogu integruoti, unifikuoti ir analizuoti i\u0161 \u012fvairi\u0173 \u0161altini\u0173 gaunamus duomenis.<\/p>\n<p>\u201eDS Center.iQ\u201c \u2013 tai efektyvi darbo priemon\u0117 skirting\u0173 lygi\u0173 vadovams. Didelio duomen\u0173 srauto, surinkto i\u0161 \u012fvairi\u0173 \u0161altini\u0173, analiz\u0117 padeda priimti geriausi\u0105 sprendim\u0105.<\/p>\n<p>Vienu metu gali b\u016bti analizuojami \u012fvairiausi\u0173 \u0161altini\u0173 duomenys:<\/p>\n<ul>\n<li>Technini\u0173 paslaug\u0173 automatizavimo sistem\u0173<\/li>\n<li>Technini\u0173 paslaug\u0173 steb\u0117jimo (monitoringo) sistem\u0173<\/li>\n<li>Mok\u0117jimo terminal\u0173 (EFTPOS) tinklo valdymo ir mok\u0117jimo operacij\u0173 paskirstymo sistem\u0173<\/li>\n<li>Programini\u0173 sistem\u0173, skirt\u0173 mok\u0117jimams priimti savitarnos \u012frenginiuose<\/li>\n<li>Savitarnos \u012frengini\u0173 apsaugos sistem\u0173<\/li>\n<li>CRM sistem\u0173<\/li>\n<li>Kontaktini\u0173 centr\u0173 sistem\u0173.<\/li>\n<\/ul>\n<p>Naudojantis \u201eDS Center.iQ\u201c, galima numatyti situacij\u0105 keliais \u017eingsniais \u012f priek\u012f ir atsi\u017evelgiant \u012f tai veikti efektyviau. \u0160i sistema padeda sekti visus turimus informacinius \u0161altinius, gauti \u012fvairi\u0173 \u0161altini\u0173 lyginamuosius rodiklius, numatyti organizacijos pajam\u0173 augim\u0105, kai diegiamos naujos technologijos, atsi\u017evelgti \u012f priimtinus alternatyvius sprendimus ir kt. \u201eDS Center.iQ\u201c taip pat pad\u0117s tiksliai nustatyti klient\u0173 poreikius ir suma\u017einti rizikas.<\/p>\n","protected":false},"featured_media":34973,"template":"","product_category":[208],"atm_series":[],"atm_cashflow":[],"atm_type":[],"product-provider":[],"class_list":["post-35135","product","type-product","status-publish","has-post-thumbnail","hentry","product_category-software"],"acf":[],"yoast_head":"<!-- This site is optimized with the Yoast SEO plugin v26.2 - https:\/\/yoast.com\/wordpress\/plugins\/seo\/ -->\n<title>DS Center.iQ | BS\/2<\/title>\n<meta name=\"robots\" content=\"index, follow, max-snippet:-1, max-image-preview:large, max-video-preview:-1\" \/>\n<link rel=\"canonical\" href=\"https:\/\/bs2.lt\/lt\/product\/dscenteriq\/\" \/>\n<meta property=\"og:locale\" content=\"lt_LT\" \/>\n<meta property=\"og:type\" content=\"article\" \/>\n<meta property=\"og:title\" content=\"DS Center.iQ | BS\/2\" \/>\n<meta property=\"og:description\" content=\"2023 m. bir\u017eel\u012f BS\/2 pirm\u0105 kart\u0105 pristat\u0117 moderni\u0105 sprendim\u0173 pri\u0117mimo sistem\u0105 \u201eDS Center.iQ\u201c, kuria naudojantis patogu integruoti, unifikuoti ir analizuoti i\u0161 \u012fvairi\u0173 \u0161altini\u0173 gaunamus duomenis. \u201eDS Center.iQ\u201c \u2013 tai efektyvi darbo priemon\u0117 skirting\u0173 lygi\u0173 vadovams. Didelio duomen\u0173 srauto, surinkto i\u0161 \u012fvairi\u0173 \u0161altini\u0173, analiz\u0117 padeda priimti geriausi\u0105 sprendim\u0105. Vienu metu gali b\u016bti analizuojami \u012fvairiausi\u0173 \u0161altini\u0173 duomenys: [&hellip;]\" \/>\n<meta property=\"og:url\" content=\"https:\/\/bs2.lt\/lt\/product\/dscenteriq\/\" \/>\n<meta property=\"og:site_name\" content=\"BS\/2\" \/>\n<meta property=\"article:publisher\" content=\"https:\/\/www.facebook.com\/bs2solutions\/\" \/>\n<meta property=\"article:modified_time\" content=\"2023-08-17T08:23:38+00:00\" \/>\n<meta property=\"og:image\" content=\"https:\/\/bs2.lt\/wp-content\/uploads\/2023\/08\/ds-center-cover.jpg\" \/>\n\t<meta property=\"og:image:width\" content=\"1844\" \/>\n\t<meta property=\"og:image:height\" content=\"1600\" \/>\n\t<meta property=\"og:image:type\" content=\"image\/jpeg\" \/>\n<meta name=\"twitter:card\" content=\"summary_large_image\" \/>\n<meta name=\"twitter:label1\" content=\"Est. reading time\" \/>\n\t<meta name=\"twitter:data1\" content=\"1 minut\u0117\" \/>\n<script type=\"application\/ld+json\" class=\"yoast-schema-graph\">{\"@context\":\"https:\/\/schema.org\",\"@graph\":[{\"@type\":\"WebPage\",\"@id\":\"https:\/\/bs2.lt\/lt\/product\/dscenteriq\/\",\"url\":\"https:\/\/bs2.lt\/lt\/product\/dscenteriq\/\",\"name\":\"DS Center.iQ | BS\/2\",\"isPartOf\":{\"@id\":\"https:\/\/bs2.lt\/#website\"},\"primaryImageOfPage\":{\"@id\":\"https:\/\/bs2.lt\/lt\/product\/dscenteriq\/#primaryimage\"},\"image\":{\"@id\":\"https:\/\/bs2.lt\/lt\/product\/dscenteriq\/#primaryimage\"},\"thumbnailUrl\":\"https:\/\/bs2.lt\/wp-content\/uploads\/2023\/08\/ds-center-cover.jpg\",\"datePublished\":\"2023-08-14T10:21:01+00:00\",\"dateModified\":\"2023-08-17T08:23:38+00:00\",\"breadcrumb\":{\"@id\":\"https:\/\/bs2.lt\/lt\/product\/dscenteriq\/#breadcrumb\"},\"inLanguage\":\"lt-LT\",\"potentialAction\":[{\"@type\":\"ReadAction\",\"target\":[\"https:\/\/bs2.lt\/lt\/product\/dscenteriq\/\"]}]},{\"@type\":\"ImageObject\",\"inLanguage\":\"lt-LT\",\"@id\":\"https:\/\/bs2.lt\/lt\/product\/dscenteriq\/#primaryimage\",\"url\":\"https:\/\/bs2.lt\/wp-content\/uploads\/2023\/08\/ds-center-cover.jpg\",\"contentUrl\":\"https:\/\/bs2.lt\/wp-content\/uploads\/2023\/08\/ds-center-cover.jpg\",\"width\":1844,\"height\":1600},{\"@type\":\"BreadcrumbList\",\"@id\":\"https:\/\/bs2.lt\/lt\/product\/dscenteriq\/#breadcrumb\",\"itemListElement\":[{\"@type\":\"ListItem\",\"position\":1,\"name\":\"Home\",\"item\":\"https:\/\/bs2.lt\/lt\/\"},{\"@type\":\"ListItem\",\"position\":2,\"name\":\"DS Center.iQ\"}]},{\"@type\":\"WebSite\",\"@id\":\"https:\/\/bs2.lt\/#website\",\"url\":\"https:\/\/bs2.lt\/\",\"name\":\"BS\/2\",\"description\":\"Banking and retail technology company\",\"publisher\":{\"@id\":\"https:\/\/bs2.lt\/#organization\"},\"potentialAction\":[{\"@type\":\"SearchAction\",\"target\":{\"@type\":\"EntryPoint\",\"urlTemplate\":\"https:\/\/bs2.lt\/?s={search_term_string}\"},\"query-input\":{\"@type\":\"PropertyValueSpecification\",\"valueRequired\":true,\"valueName\":\"search_term_string\"}}],\"inLanguage\":\"lt-LT\"},{\"@type\":\"Organization\",\"@id\":\"https:\/\/bs2.lt\/#organization\",\"name\":\"BS\/2\",\"url\":\"https:\/\/bs2.lt\/\",\"logo\":{\"@type\":\"ImageObject\",\"inLanguage\":\"lt-LT\",\"@id\":\"https:\/\/bs2.lt\/#\/schema\/logo\/image\/\",\"url\":\"https:\/\/bs2.lt\/wp-content\/uploads\/2022\/08\/bs2-logo.svg\",\"contentUrl\":\"https:\/\/bs2.lt\/wp-content\/uploads\/2022\/08\/bs2-logo.svg\",\"width\":100,\"height\":57,\"caption\":\"BS\/2\"},\"image\":{\"@id\":\"https:\/\/bs2.lt\/#\/schema\/logo\/image\/\"},\"sameAs\":[\"https:\/\/www.facebook.com\/bs2solutions\/\",\"https:\/\/www.linkedin.com\/showcase\/bs2solutions\",\"https:\/\/www.youtube.com\/c\/Bs2Lt\"]}]}<\/script>\n<!-- \/ Yoast SEO plugin. -->","yoast_head_json":{"title":"DS Center.iQ | BS\/2","robots":{"index":"index","follow":"follow","max-snippet":"max-snippet:-1","max-image-preview":"max-image-preview:large","max-video-preview":"max-video-preview:-1"},"canonical":"https:\/\/bs2.lt\/lt\/product\/dscenteriq\/","og_locale":"lt_LT","og_type":"article","og_title":"DS Center.iQ | BS\/2","og_description":"2023 m. bir\u017eel\u012f BS\/2 pirm\u0105 kart\u0105 pristat\u0117 moderni\u0105 sprendim\u0173 pri\u0117mimo sistem\u0105 \u201eDS Center.iQ\u201c, kuria naudojantis patogu integruoti, unifikuoti ir analizuoti i\u0161 \u012fvairi\u0173 \u0161altini\u0173 gaunamus duomenis. \u201eDS Center.iQ\u201c \u2013 tai efektyvi darbo priemon\u0117 skirting\u0173 lygi\u0173 vadovams. Didelio duomen\u0173 srauto, surinkto i\u0161 \u012fvairi\u0173 \u0161altini\u0173, analiz\u0117 padeda priimti geriausi\u0105 sprendim\u0105. Vienu metu gali b\u016bti analizuojami \u012fvairiausi\u0173 \u0161altini\u0173 duomenys: [&hellip;]","og_url":"https:\/\/bs2.lt\/lt\/product\/dscenteriq\/","og_site_name":"BS\/2","article_publisher":"https:\/\/www.facebook.com\/bs2solutions\/","article_modified_time":"2023-08-17T08:23:38+00:00","og_image":[{"width":1844,"height":1600,"url":"https:\/\/bs2.lt\/wp-content\/uploads\/2023\/08\/ds-center-cover.jpg","type":"image\/jpeg"}],"twitter_card":"summary_large_image","twitter_misc":{"Est. reading time":"1 minut\u0117"},"schema":{"@context":"https:\/\/schema.org","@graph":[{"@type":"WebPage","@id":"https:\/\/bs2.lt\/lt\/product\/dscenteriq\/","url":"https:\/\/bs2.lt\/lt\/product\/dscenteriq\/","name":"DS Center.iQ | BS\/2","isPartOf":{"@id":"https:\/\/bs2.lt\/#website"},"primaryImageOfPage":{"@id":"https:\/\/bs2.lt\/lt\/product\/dscenteriq\/#primaryimage"},"image":{"@id":"https:\/\/bs2.lt\/lt\/product\/dscenteriq\/#primaryimage"},"thumbnailUrl":"https:\/\/bs2.lt\/wp-content\/uploads\/2023\/08\/ds-center-cover.jpg","datePublished":"2023-08-14T10:21:01+00:00","dateModified":"2023-08-17T08:23:38+00:00","breadcrumb":{"@id":"https:\/\/bs2.lt\/lt\/product\/dscenteriq\/#breadcrumb"},"inLanguage":"lt-LT","potentialAction":[{"@type":"ReadAction","target":["https:\/\/bs2.lt\/lt\/product\/dscenteriq\/"]}]},{"@type":"ImageObject","inLanguage":"lt-LT","@id":"https:\/\/bs2.lt\/lt\/product\/dscenteriq\/#primaryimage","url":"https:\/\/bs2.lt\/wp-content\/uploads\/2023\/08\/ds-center-cover.jpg","contentUrl":"https:\/\/bs2.lt\/wp-content\/uploads\/2023\/08\/ds-center-cover.jpg","width":1844,"height":1600},{"@type":"BreadcrumbList","@id":"https:\/\/bs2.lt\/lt\/product\/dscenteriq\/#breadcrumb","itemListElement":[{"@type":"ListItem","position":1,"name":"Home","item":"https:\/\/bs2.lt\/lt\/"},{"@type":"ListItem","position":2,"name":"DS Center.iQ"}]},{"@type":"WebSite","@id":"https:\/\/bs2.lt\/#website","url":"https:\/\/bs2.lt\/","name":"BS\/2","description":"Banking and retail technology company","publisher":{"@id":"https:\/\/bs2.lt\/#organization"},"potentialAction":[{"@type":"SearchAction","target":{"@type":"EntryPoint","urlTemplate":"https:\/\/bs2.lt\/?s={search_term_string}"},"query-input":{"@type":"PropertyValueSpecification","valueRequired":true,"valueName":"search_term_string"}}],"inLanguage":"lt-LT"},{"@type":"Organization","@id":"https:\/\/bs2.lt\/#organization","name":"BS\/2","url":"https:\/\/bs2.lt\/","logo":{"@type":"ImageObject","inLanguage":"lt-LT","@id":"https:\/\/bs2.lt\/#\/schema\/logo\/image\/","url":"https:\/\/bs2.lt\/wp-content\/uploads\/2022\/08\/bs2-logo.svg","contentUrl":"https:\/\/bs2.lt\/wp-content\/uploads\/2022\/08\/bs2-logo.svg","width":100,"height":57,"caption":"BS\/2"},"image":{"@id":"https:\/\/bs2.lt\/#\/schema\/logo\/image\/"},"sameAs":["https:\/\/www.facebook.com\/bs2solutions\/","https:\/\/www.linkedin.com\/showcase\/bs2solutions","https:\/\/www.youtube.com\/c\/Bs2Lt"]}]}},"_links":{"self":[{"href":"https:\/\/bs2.lt\/lt\/wp-json\/wp\/v2\/product\/35135","targetHints":{"allow":["GET"]}}],"collection":[{"href":"https:\/\/bs2.lt\/lt\/wp-json\/wp\/v2\/product"}],"about":[{"href":"https:\/\/bs2.lt\/lt\/wp-json\/wp\/v2\/types\/product"}],"wp:featuredmedia":[{"embeddable":true,"href":"https:\/\/bs2.lt\/lt\/wp-json\/wp\/v2\/media\/34973"}],"wp:attachment":[{"href":"https:\/\/bs2.lt\/lt\/wp-json\/wp\/v2\/media?parent=35135"}],"wp:term":[{"taxonomy":"product_category","embeddable":true,"href":"https:\/\/bs2.lt\/lt\/wp-json\/wp\/v2\/product_category?post=35135"},{"taxonomy":"atm_series","embeddable":true,"href":"https:\/\/bs2.lt\/lt\/wp-json\/wp\/v2\/atm_series?post=35135"},{"taxonomy":"atm_cashflow","embeddable":true,"href":"https:\/\/bs2.lt\/lt\/wp-json\/wp\/v2\/atm_cashflow?post=35135"},{"taxonomy":"atm_type","embeddable":true,"href":"https:\/\/bs2.lt\/lt\/wp-json\/wp\/v2\/atm_type?post=35135"},{"taxonomy":"product-provider","embeddable":true,"href":"https:\/\/bs2.lt\/lt\/wp-json\/wp\/v2\/product-provider?post=35135"}],"curies":[{"name":"wp","href":"https:\/\/api.w.org\/{rel}","templated":true}]}}