{"id":32188,"date":"2023-02-21T12:05:34","date_gmt":"2023-02-21T10:05:34","guid":{"rendered":"https:\/\/bs2.lt\/product\/shelving-systems\/"},"modified":"2023-04-06T13:37:22","modified_gmt":"2023-04-06T10:37:22","slug":"stelazu-sistemos","status":"publish","type":"product","link":"https:\/\/bs2.lt\/lt\/product\/stelazu-sistemos\/","title":{"rendered":"Stela\u017e\u0173 sistemos"},"content":{"rendered":"<p>BS\/2 tiekia \u201eModern Expo\u201c stela\u017e\u0173 sistemas, taip pat teikia j\u0173 projektavimo, \u012frengimo ir integravimo paslaugas.<\/p>\n<p>Stela\u017e\u0173 sistemos \u2013 pagrindinis ir populiariausias \u201eModern Expo\u201c produktas. Jos sukurtos sekant aktualiausias ma\u017emenin\u0117s prekybos tendencijas, o klientams si\u016blomi sprendimai  atitinka visus \u0161iuolaikinius reikalavimus.  <\/p>\n<p>Modulin\u0117 stela\u017e\u0173 konstrukcija suteikia galimyb\u0119 pritaikyti j\u0105 bet kokioms prekybos s\u0105lygoms. Platus pried\u0173 pasirinkimas leid\u017eia keisti standartin\u0119 konstrukcij\u0105 pagal individualius poreikius.<\/p>\n<p>\u201eModern Expo\u201c jau daugiau nei 20 met\u0173 u\u017eima \u0161iuolaikini\u0173 prekybos ekosistem\u0173 k\u016brimo lyder\u0117s pozicij\u0105.<\/p>\n<p>\u012emon\u0119 sudaro 9 auk\u0161t\u0173j\u0173 technologij\u0173 gamybos padaliniai. Kiekvienas i\u0161 j\u0173 specializuojasi, kurdamas \u012fvairi\u0173 tip\u0173 \u012frang\u0105. \u201eModern Expo\u201c garantuoja, kad jos gaminiai atitinka Europos saugumo ir kokyb\u0117s standartus (EN ir FEM).<\/p>\n","protected":false},"featured_media":31900,"template":"","product_category":[243],"atm_series":[],"atm_cashflow":[],"atm_type":[],"product-provider":[],"class_list":["post-32188","product","type-product","status-publish","has-post-thumbnail","hentry","product_category-retail"],"acf":[],"yoast_head":"<!-- This site is optimized with the Yoast SEO plugin v26.2 - https:\/\/yoast.com\/wordpress\/plugins\/seo\/ -->\n<title>Stela\u017e\u0173 sistemos | BS\/2<\/title>\n<meta name=\"robots\" content=\"index, follow, max-snippet:-1, max-image-preview:large, max-video-preview:-1\" \/>\n<link rel=\"canonical\" href=\"https:\/\/bs2.lt\/product\/shelving-systems\/\" \/>\n<meta property=\"og:locale\" content=\"lt_LT\" \/>\n<meta property=\"og:type\" content=\"article\" \/>\n<meta property=\"og:title\" content=\"Stela\u017e\u0173 sistemos | BS\/2\" \/>\n<meta property=\"og:description\" content=\"BS\/2 tiekia \u201eModern Expo\u201c stela\u017e\u0173 sistemas, taip pat teikia j\u0173 projektavimo, \u012frengimo ir integravimo paslaugas. Stela\u017e\u0173 sistemos \u2013 pagrindinis ir populiariausias \u201eModern Expo\u201c produktas. Jos sukurtos sekant aktualiausias ma\u017emenin\u0117s prekybos tendencijas, o klientams si\u016blomi sprendimai atitinka visus \u0161iuolaikinius reikalavimus. Modulin\u0117 stela\u017e\u0173 konstrukcija suteikia galimyb\u0119 pritaikyti j\u0105 bet kokioms prekybos s\u0105lygoms. Platus pried\u0173 pasirinkimas leid\u017eia keisti [&hellip;]\" \/>\n<meta property=\"og:url\" content=\"https:\/\/bs2.lt\/product\/shelving-systems\/\" \/>\n<meta property=\"og:site_name\" content=\"BS\/2\" \/>\n<meta property=\"article:publisher\" content=\"https:\/\/www.facebook.com\/bs2solutions\/\" \/>\n<meta property=\"article:modified_time\" content=\"2023-04-06T10:37:22+00:00\" \/>\n<meta property=\"og:image\" content=\"https:\/\/bs2.lt\/wp-content\/uploads\/2023\/02\/shelving-systems.jpg\" \/>\n\t<meta property=\"og:image:width\" content=\"1200\" \/>\n\t<meta property=\"og:image:height\" content=\"1000\" \/>\n\t<meta property=\"og:image:type\" content=\"image\/jpeg\" \/>\n<meta name=\"twitter:card\" content=\"summary_large_image\" \/>\n<meta name=\"twitter:label1\" content=\"Est. reading time\" \/>\n\t<meta name=\"twitter:data1\" content=\"1 minut\u0117\" \/>\n<script type=\"application\/ld+json\" class=\"yoast-schema-graph\">{\"@context\":\"https:\/\/schema.org\",\"@graph\":[{\"@type\":\"WebPage\",\"@id\":\"https:\/\/bs2.lt\/product\/shelving-systems\/\",\"url\":\"https:\/\/bs2.lt\/product\/shelving-systems\/\",\"name\":\"Stela\u017e\u0173 sistemos | BS\/2\",\"isPartOf\":{\"@id\":\"https:\/\/bs2.lt\/#website\"},\"primaryImageOfPage\":{\"@id\":\"https:\/\/bs2.lt\/product\/shelving-systems\/#primaryimage\"},\"image\":{\"@id\":\"https:\/\/bs2.lt\/product\/shelving-systems\/#primaryimage\"},\"thumbnailUrl\":\"https:\/\/bs2.lt\/wp-content\/uploads\/2023\/02\/shelving-systems.jpg\",\"datePublished\":\"2023-02-21T10:05:34+00:00\",\"dateModified\":\"2023-04-06T10:37:22+00:00\",\"breadcrumb\":{\"@id\":\"https:\/\/bs2.lt\/product\/shelving-systems\/#breadcrumb\"},\"inLanguage\":\"lt-LT\",\"potentialAction\":[{\"@type\":\"ReadAction\",\"target\":[\"https:\/\/bs2.lt\/product\/shelving-systems\/\"]}]},{\"@type\":\"ImageObject\",\"inLanguage\":\"lt-LT\",\"@id\":\"https:\/\/bs2.lt\/product\/shelving-systems\/#primaryimage\",\"url\":\"https:\/\/bs2.lt\/wp-content\/uploads\/2023\/02\/shelving-systems.jpg\",\"contentUrl\":\"https:\/\/bs2.lt\/wp-content\/uploads\/2023\/02\/shelving-systems.jpg\",\"width\":1200,\"height\":1000},{\"@type\":\"BreadcrumbList\",\"@id\":\"https:\/\/bs2.lt\/product\/shelving-systems\/#breadcrumb\",\"itemListElement\":[{\"@type\":\"ListItem\",\"position\":1,\"name\":\"Home\",\"item\":\"https:\/\/bs2.lt\/lt\/\"},{\"@type\":\"ListItem\",\"position\":2,\"name\":\"Stela\u017e\u0173 sistemos\"}]},{\"@type\":\"WebSite\",\"@id\":\"https:\/\/bs2.lt\/#website\",\"url\":\"https:\/\/bs2.lt\/\",\"name\":\"BS\/2\",\"description\":\"Banking and retail technology company\",\"publisher\":{\"@id\":\"https:\/\/bs2.lt\/#organization\"},\"potentialAction\":[{\"@type\":\"SearchAction\",\"target\":{\"@type\":\"EntryPoint\",\"urlTemplate\":\"https:\/\/bs2.lt\/?s={search_term_string}\"},\"query-input\":{\"@type\":\"PropertyValueSpecification\",\"valueRequired\":true,\"valueName\":\"search_term_string\"}}],\"inLanguage\":\"lt-LT\"},{\"@type\":\"Organization\",\"@id\":\"https:\/\/bs2.lt\/#organization\",\"name\":\"BS\/2\",\"url\":\"https:\/\/bs2.lt\/\",\"logo\":{\"@type\":\"ImageObject\",\"inLanguage\":\"lt-LT\",\"@id\":\"https:\/\/bs2.lt\/#\/schema\/logo\/image\/\",\"url\":\"https:\/\/bs2.lt\/wp-content\/uploads\/2022\/08\/bs2-logo.svg\",\"contentUrl\":\"https:\/\/bs2.lt\/wp-content\/uploads\/2022\/08\/bs2-logo.svg\",\"width\":100,\"height\":57,\"caption\":\"BS\/2\"},\"image\":{\"@id\":\"https:\/\/bs2.lt\/#\/schema\/logo\/image\/\"},\"sameAs\":[\"https:\/\/www.facebook.com\/bs2solutions\/\",\"https:\/\/www.linkedin.com\/showcase\/bs2solutions\",\"https:\/\/www.youtube.com\/c\/Bs2Lt\"]}]}<\/script>\n<!-- \/ Yoast SEO plugin. -->","yoast_head_json":{"title":"Stela\u017e\u0173 sistemos | BS\/2","robots":{"index":"index","follow":"follow","max-snippet":"max-snippet:-1","max-image-preview":"max-image-preview:large","max-video-preview":"max-video-preview:-1"},"canonical":"https:\/\/bs2.lt\/product\/shelving-systems\/","og_locale":"lt_LT","og_type":"article","og_title":"Stela\u017e\u0173 sistemos | BS\/2","og_description":"BS\/2 tiekia \u201eModern Expo\u201c stela\u017e\u0173 sistemas, taip pat teikia j\u0173 projektavimo, \u012frengimo ir integravimo paslaugas. Stela\u017e\u0173 sistemos \u2013 pagrindinis ir populiariausias \u201eModern Expo\u201c produktas. Jos sukurtos sekant aktualiausias ma\u017emenin\u0117s prekybos tendencijas, o klientams si\u016blomi sprendimai atitinka visus \u0161iuolaikinius reikalavimus. Modulin\u0117 stela\u017e\u0173 konstrukcija suteikia galimyb\u0119 pritaikyti j\u0105 bet kokioms prekybos s\u0105lygoms. Platus pried\u0173 pasirinkimas leid\u017eia keisti [&hellip;]","og_url":"https:\/\/bs2.lt\/product\/shelving-systems\/","og_site_name":"BS\/2","article_publisher":"https:\/\/www.facebook.com\/bs2solutions\/","article_modified_time":"2023-04-06T10:37:22+00:00","og_image":[{"width":1200,"height":1000,"url":"https:\/\/bs2.lt\/wp-content\/uploads\/2023\/02\/shelving-systems.jpg","type":"image\/jpeg"}],"twitter_card":"summary_large_image","twitter_misc":{"Est. reading time":"1 minut\u0117"},"schema":{"@context":"https:\/\/schema.org","@graph":[{"@type":"WebPage","@id":"https:\/\/bs2.lt\/product\/shelving-systems\/","url":"https:\/\/bs2.lt\/product\/shelving-systems\/","name":"Stela\u017e\u0173 sistemos | BS\/2","isPartOf":{"@id":"https:\/\/bs2.lt\/#website"},"primaryImageOfPage":{"@id":"https:\/\/bs2.lt\/product\/shelving-systems\/#primaryimage"},"image":{"@id":"https:\/\/bs2.lt\/product\/shelving-systems\/#primaryimage"},"thumbnailUrl":"https:\/\/bs2.lt\/wp-content\/uploads\/2023\/02\/shelving-systems.jpg","datePublished":"2023-02-21T10:05:34+00:00","dateModified":"2023-04-06T10:37:22+00:00","breadcrumb":{"@id":"https:\/\/bs2.lt\/product\/shelving-systems\/#breadcrumb"},"inLanguage":"lt-LT","potentialAction":[{"@type":"ReadAction","target":["https:\/\/bs2.lt\/product\/shelving-systems\/"]}]},{"@type":"ImageObject","inLanguage":"lt-LT","@id":"https:\/\/bs2.lt\/product\/shelving-systems\/#primaryimage","url":"https:\/\/bs2.lt\/wp-content\/uploads\/2023\/02\/shelving-systems.jpg","contentUrl":"https:\/\/bs2.lt\/wp-content\/uploads\/2023\/02\/shelving-systems.jpg","width":1200,"height":1000},{"@type":"BreadcrumbList","@id":"https:\/\/bs2.lt\/product\/shelving-systems\/#breadcrumb","itemListElement":[{"@type":"ListItem","position":1,"name":"Home","item":"https:\/\/bs2.lt\/lt\/"},{"@type":"ListItem","position":2,"name":"Stela\u017e\u0173 sistemos"}]},{"@type":"WebSite","@id":"https:\/\/bs2.lt\/#website","url":"https:\/\/bs2.lt\/","name":"BS\/2","description":"Banking and retail technology company","publisher":{"@id":"https:\/\/bs2.lt\/#organization"},"potentialAction":[{"@type":"SearchAction","target":{"@type":"EntryPoint","urlTemplate":"https:\/\/bs2.lt\/?s={search_term_string}"},"query-input":{"@type":"PropertyValueSpecification","valueRequired":true,"valueName":"search_term_string"}}],"inLanguage":"lt-LT"},{"@type":"Organization","@id":"https:\/\/bs2.lt\/#organization","name":"BS\/2","url":"https:\/\/bs2.lt\/","logo":{"@type":"ImageObject","inLanguage":"lt-LT","@id":"https:\/\/bs2.lt\/#\/schema\/logo\/image\/","url":"https:\/\/bs2.lt\/wp-content\/uploads\/2022\/08\/bs2-logo.svg","contentUrl":"https:\/\/bs2.lt\/wp-content\/uploads\/2022\/08\/bs2-logo.svg","width":100,"height":57,"caption":"BS\/2"},"image":{"@id":"https:\/\/bs2.lt\/#\/schema\/logo\/image\/"},"sameAs":["https:\/\/www.facebook.com\/bs2solutions\/","https:\/\/www.linkedin.com\/showcase\/bs2solutions","https:\/\/www.youtube.com\/c\/Bs2Lt"]}]}},"_links":{"self":[{"href":"https:\/\/bs2.lt\/lt\/wp-json\/wp\/v2\/product\/32188","targetHints":{"allow":["GET"]}}],"collection":[{"href":"https:\/\/bs2.lt\/lt\/wp-json\/wp\/v2\/product"}],"about":[{"href":"https:\/\/bs2.lt\/lt\/wp-json\/wp\/v2\/types\/product"}],"wp:featuredmedia":[{"embeddable":true,"href":"https:\/\/bs2.lt\/lt\/wp-json\/wp\/v2\/media\/31900"}],"wp:attachment":[{"href":"https:\/\/bs2.lt\/lt\/wp-json\/wp\/v2\/media?parent=32188"}],"wp:term":[{"taxonomy":"product_category","embeddable":true,"href":"https:\/\/bs2.lt\/lt\/wp-json\/wp\/v2\/product_category?post=32188"},{"taxonomy":"atm_series","embeddable":true,"href":"https:\/\/bs2.lt\/lt\/wp-json\/wp\/v2\/atm_series?post=32188"},{"taxonomy":"atm_cashflow","embeddable":true,"href":"https:\/\/bs2.lt\/lt\/wp-json\/wp\/v2\/atm_cashflow?post=32188"},{"taxonomy":"atm_type","embeddable":true,"href":"https:\/\/bs2.lt\/lt\/wp-json\/wp\/v2\/atm_type?post=32188"},{"taxonomy":"product-provider","embeddable":true,"href":"https:\/\/bs2.lt\/lt\/wp-json\/wp\/v2\/product-provider?post=32188"}],"curies":[{"name":"wp","href":"https:\/\/api.w.org\/{rel}","templated":true}]}}