{"id":32185,"date":"2023-02-23T11:04:54","date_gmt":"2023-02-23T09:04:54","guid":{"rendered":"https:\/\/bs2.lt\/product\/parcel-lockers\/"},"modified":"2023-04-06T13:04:15","modified_gmt":"2023-04-06T10:04:15","slug":"pastomatai","status":"publish","type":"product","link":"https:\/\/bs2.lt\/lt\/product\/pastomatai\/","title":{"rendered":"Pa\u0161tomatai (automatizuoti siunt\u0173 atsi\u0117mimo punktai)"},"content":{"rendered":"<p>Norite pagerinti preki\u0173 tiekimo grandin\u0119? M\u016bs\u0173 sprendimas pad\u0117s tai \u012fgyvendinti!<\/p>\n<p>Pristatome LOKO \u012frengini\u0173 serij\u0105. Tai vis\u0105 par\u0105 veikiantys automatizuoti siunt\u0173 pristatymo punktai, kurie padeda u\u017etikrinti patog\u0173, greit\u0105 ir individual\u0173 siunt\u0173 pristatym\u0105.<\/p>\n<p>Naujovi\u0161kos \u201eModern Expo\u201c siunt\u0173 spintel\u0117s sukurtos taip, kad atitikt\u0173 specifinius vartotoj\u0173 poreikius. Si\u016blome trij\u0173 tip\u0173 \u012frenginius, tinkan\u010dius skirtingiems verslo modeliams.<\/p>\n<p>Naujos kartos \u201eModern Expo\u201c siunt\u0173 terminalai \u2013 puikus sprendimas pristatyti prekes galutiniam vartotojui. Pa\u017eangi skaitmenin\u0117 technologija, auk\u0161tos kokyb\u0117s saugojimo sistema (\u012fskaitant temperat\u016bros kontrol\u0119), patogios funkcijos \u2013 viskas tam, kad logistika b\u016bt\u0173 kuo efektyvesn\u0117.<\/p>\n<p>Siunt\u0173 terminalai gali b\u016bti skirtingos konfig\u016bracijos, i\u0161 plataus asortimento si\u016bloma pasirinkti \u012fvairius priedus. Tad LOKO \u012frengini\u0173 serija atitinka vis\u0173 logistikos \u012fmoni\u0173, pristatymo paslaug\u0173 ir ma\u017emenin\u0117s prekybos organizacij\u0173 poreikius.<\/p>\n<p>LOKO pa\u0161tomat\u0173 serij\u0105 sudaro penki\u0173 skirting\u0173 tip\u0173 siunt\u0173 spintel\u0117s ir platus pried\u0173 pasirinkimas, kad b\u016bt\u0173 galima sukurti \u012f miesto infrastrukt\u016br\u0105 integruot\u0105 ekosistem\u0105.<\/p>\n","protected":false},"featured_media":31892,"template":"","product_category":[243],"atm_series":[],"atm_cashflow":[],"atm_type":[],"product-provider":[],"class_list":["post-32185","product","type-product","status-publish","has-post-thumbnail","hentry","product_category-retail"],"acf":[],"yoast_head":"<!-- This site is optimized with the Yoast SEO plugin v26.2 - https:\/\/yoast.com\/wordpress\/plugins\/seo\/ -->\n<title>Pa\u0161tomatai (automatizuoti siunt\u0173 atsi\u0117mimo punktai) | BS\/2<\/title>\n<meta name=\"robots\" content=\"index, follow, max-snippet:-1, max-image-preview:large, max-video-preview:-1\" \/>\n<link rel=\"canonical\" href=\"https:\/\/bs2.lt\/lt\/product\/pastomatai\/\" \/>\n<meta property=\"og:locale\" content=\"lt_LT\" \/>\n<meta property=\"og:type\" content=\"article\" \/>\n<meta property=\"og:title\" content=\"Pa\u0161tomatai (automatizuoti siunt\u0173 atsi\u0117mimo punktai) | BS\/2\" \/>\n<meta property=\"og:description\" content=\"Norite pagerinti preki\u0173 tiekimo grandin\u0119? M\u016bs\u0173 sprendimas pad\u0117s tai \u012fgyvendinti! Pristatome LOKO \u012frengini\u0173 serij\u0105. Tai vis\u0105 par\u0105 veikiantys automatizuoti siunt\u0173 pristatymo punktai, kurie padeda u\u017etikrinti patog\u0173, greit\u0105 ir individual\u0173 siunt\u0173 pristatym\u0105. Naujovi\u0161kos \u201eModern Expo\u201c siunt\u0173 spintel\u0117s sukurtos taip, kad atitikt\u0173 specifinius vartotoj\u0173 poreikius. Si\u016blome trij\u0173 tip\u0173 \u012frenginius, tinkan\u010dius skirtingiems verslo modeliams. Naujos kartos \u201eModern Expo\u201c [&hellip;]\" \/>\n<meta property=\"og:url\" content=\"https:\/\/bs2.lt\/lt\/product\/pastomatai\/\" \/>\n<meta property=\"og:site_name\" content=\"BS\/2\" \/>\n<meta property=\"article:publisher\" content=\"https:\/\/www.facebook.com\/bs2solutions\/\" \/>\n<meta property=\"article:modified_time\" content=\"2023-04-06T10:04:15+00:00\" \/>\n<meta property=\"og:image\" content=\"https:\/\/bs2.lt\/wp-content\/uploads\/2023\/02\/parcel-lockers.jpg\" \/>\n\t<meta property=\"og:image:width\" content=\"1200\" \/>\n\t<meta property=\"og:image:height\" content=\"1000\" \/>\n\t<meta property=\"og:image:type\" content=\"image\/jpeg\" \/>\n<meta name=\"twitter:card\" content=\"summary_large_image\" \/>\n<meta name=\"twitter:label1\" content=\"Est. reading time\" \/>\n\t<meta name=\"twitter:data1\" content=\"1 minut\u0117\" \/>\n<script type=\"application\/ld+json\" class=\"yoast-schema-graph\">{\"@context\":\"https:\/\/schema.org\",\"@graph\":[{\"@type\":\"WebPage\",\"@id\":\"https:\/\/bs2.lt\/lt\/product\/pastomatai\/\",\"url\":\"https:\/\/bs2.lt\/lt\/product\/pastomatai\/\",\"name\":\"Pa\u0161tomatai (automatizuoti siunt\u0173 atsi\u0117mimo punktai) | BS\/2\",\"isPartOf\":{\"@id\":\"https:\/\/bs2.lt\/#website\"},\"primaryImageOfPage\":{\"@id\":\"https:\/\/bs2.lt\/lt\/product\/pastomatai\/#primaryimage\"},\"image\":{\"@id\":\"https:\/\/bs2.lt\/lt\/product\/pastomatai\/#primaryimage\"},\"thumbnailUrl\":\"https:\/\/bs2.lt\/wp-content\/uploads\/2023\/02\/parcel-lockers.jpg\",\"datePublished\":\"2023-02-23T09:04:54+00:00\",\"dateModified\":\"2023-04-06T10:04:15+00:00\",\"breadcrumb\":{\"@id\":\"https:\/\/bs2.lt\/lt\/product\/pastomatai\/#breadcrumb\"},\"inLanguage\":\"lt-LT\",\"potentialAction\":[{\"@type\":\"ReadAction\",\"target\":[\"https:\/\/bs2.lt\/lt\/product\/pastomatai\/\"]}]},{\"@type\":\"ImageObject\",\"inLanguage\":\"lt-LT\",\"@id\":\"https:\/\/bs2.lt\/lt\/product\/pastomatai\/#primaryimage\",\"url\":\"https:\/\/bs2.lt\/wp-content\/uploads\/2023\/02\/parcel-lockers.jpg\",\"contentUrl\":\"https:\/\/bs2.lt\/wp-content\/uploads\/2023\/02\/parcel-lockers.jpg\",\"width\":1200,\"height\":1000},{\"@type\":\"BreadcrumbList\",\"@id\":\"https:\/\/bs2.lt\/lt\/product\/pastomatai\/#breadcrumb\",\"itemListElement\":[{\"@type\":\"ListItem\",\"position\":1,\"name\":\"Home\",\"item\":\"https:\/\/bs2.lt\/lt\/\"},{\"@type\":\"ListItem\",\"position\":2,\"name\":\"Pa\u0161tomatai (automatizuoti siunt\u0173 atsi\u0117mimo punktai)\"}]},{\"@type\":\"WebSite\",\"@id\":\"https:\/\/bs2.lt\/#website\",\"url\":\"https:\/\/bs2.lt\/\",\"name\":\"BS\/2\",\"description\":\"Banking and retail technology company\",\"publisher\":{\"@id\":\"https:\/\/bs2.lt\/#organization\"},\"potentialAction\":[{\"@type\":\"SearchAction\",\"target\":{\"@type\":\"EntryPoint\",\"urlTemplate\":\"https:\/\/bs2.lt\/?s={search_term_string}\"},\"query-input\":{\"@type\":\"PropertyValueSpecification\",\"valueRequired\":true,\"valueName\":\"search_term_string\"}}],\"inLanguage\":\"lt-LT\"},{\"@type\":\"Organization\",\"@id\":\"https:\/\/bs2.lt\/#organization\",\"name\":\"BS\/2\",\"url\":\"https:\/\/bs2.lt\/\",\"logo\":{\"@type\":\"ImageObject\",\"inLanguage\":\"lt-LT\",\"@id\":\"https:\/\/bs2.lt\/#\/schema\/logo\/image\/\",\"url\":\"https:\/\/bs2.lt\/wp-content\/uploads\/2022\/08\/bs2-logo.svg\",\"contentUrl\":\"https:\/\/bs2.lt\/wp-content\/uploads\/2022\/08\/bs2-logo.svg\",\"width\":100,\"height\":57,\"caption\":\"BS\/2\"},\"image\":{\"@id\":\"https:\/\/bs2.lt\/#\/schema\/logo\/image\/\"},\"sameAs\":[\"https:\/\/www.facebook.com\/bs2solutions\/\",\"https:\/\/www.linkedin.com\/showcase\/bs2solutions\",\"https:\/\/www.youtube.com\/c\/Bs2Lt\"]}]}<\/script>\n<!-- \/ Yoast SEO plugin. -->","yoast_head_json":{"title":"Pa\u0161tomatai (automatizuoti siunt\u0173 atsi\u0117mimo punktai) | BS\/2","robots":{"index":"index","follow":"follow","max-snippet":"max-snippet:-1","max-image-preview":"max-image-preview:large","max-video-preview":"max-video-preview:-1"},"canonical":"https:\/\/bs2.lt\/lt\/product\/pastomatai\/","og_locale":"lt_LT","og_type":"article","og_title":"Pa\u0161tomatai (automatizuoti siunt\u0173 atsi\u0117mimo punktai) | BS\/2","og_description":"Norite pagerinti preki\u0173 tiekimo grandin\u0119? M\u016bs\u0173 sprendimas pad\u0117s tai \u012fgyvendinti! Pristatome LOKO \u012frengini\u0173 serij\u0105. Tai vis\u0105 par\u0105 veikiantys automatizuoti siunt\u0173 pristatymo punktai, kurie padeda u\u017etikrinti patog\u0173, greit\u0105 ir individual\u0173 siunt\u0173 pristatym\u0105. Naujovi\u0161kos \u201eModern Expo\u201c siunt\u0173 spintel\u0117s sukurtos taip, kad atitikt\u0173 specifinius vartotoj\u0173 poreikius. Si\u016blome trij\u0173 tip\u0173 \u012frenginius, tinkan\u010dius skirtingiems verslo modeliams. Naujos kartos \u201eModern Expo\u201c [&hellip;]","og_url":"https:\/\/bs2.lt\/lt\/product\/pastomatai\/","og_site_name":"BS\/2","article_publisher":"https:\/\/www.facebook.com\/bs2solutions\/","article_modified_time":"2023-04-06T10:04:15+00:00","og_image":[{"width":1200,"height":1000,"url":"https:\/\/bs2.lt\/wp-content\/uploads\/2023\/02\/parcel-lockers.jpg","type":"image\/jpeg"}],"twitter_card":"summary_large_image","twitter_misc":{"Est. reading time":"1 minut\u0117"},"schema":{"@context":"https:\/\/schema.org","@graph":[{"@type":"WebPage","@id":"https:\/\/bs2.lt\/lt\/product\/pastomatai\/","url":"https:\/\/bs2.lt\/lt\/product\/pastomatai\/","name":"Pa\u0161tomatai (automatizuoti siunt\u0173 atsi\u0117mimo punktai) | BS\/2","isPartOf":{"@id":"https:\/\/bs2.lt\/#website"},"primaryImageOfPage":{"@id":"https:\/\/bs2.lt\/lt\/product\/pastomatai\/#primaryimage"},"image":{"@id":"https:\/\/bs2.lt\/lt\/product\/pastomatai\/#primaryimage"},"thumbnailUrl":"https:\/\/bs2.lt\/wp-content\/uploads\/2023\/02\/parcel-lockers.jpg","datePublished":"2023-02-23T09:04:54+00:00","dateModified":"2023-04-06T10:04:15+00:00","breadcrumb":{"@id":"https:\/\/bs2.lt\/lt\/product\/pastomatai\/#breadcrumb"},"inLanguage":"lt-LT","potentialAction":[{"@type":"ReadAction","target":["https:\/\/bs2.lt\/lt\/product\/pastomatai\/"]}]},{"@type":"ImageObject","inLanguage":"lt-LT","@id":"https:\/\/bs2.lt\/lt\/product\/pastomatai\/#primaryimage","url":"https:\/\/bs2.lt\/wp-content\/uploads\/2023\/02\/parcel-lockers.jpg","contentUrl":"https:\/\/bs2.lt\/wp-content\/uploads\/2023\/02\/parcel-lockers.jpg","width":1200,"height":1000},{"@type":"BreadcrumbList","@id":"https:\/\/bs2.lt\/lt\/product\/pastomatai\/#breadcrumb","itemListElement":[{"@type":"ListItem","position":1,"name":"Home","item":"https:\/\/bs2.lt\/lt\/"},{"@type":"ListItem","position":2,"name":"Pa\u0161tomatai (automatizuoti siunt\u0173 atsi\u0117mimo punktai)"}]},{"@type":"WebSite","@id":"https:\/\/bs2.lt\/#website","url":"https:\/\/bs2.lt\/","name":"BS\/2","description":"Banking and retail technology company","publisher":{"@id":"https:\/\/bs2.lt\/#organization"},"potentialAction":[{"@type":"SearchAction","target":{"@type":"EntryPoint","urlTemplate":"https:\/\/bs2.lt\/?s={search_term_string}"},"query-input":{"@type":"PropertyValueSpecification","valueRequired":true,"valueName":"search_term_string"}}],"inLanguage":"lt-LT"},{"@type":"Organization","@id":"https:\/\/bs2.lt\/#organization","name":"BS\/2","url":"https:\/\/bs2.lt\/","logo":{"@type":"ImageObject","inLanguage":"lt-LT","@id":"https:\/\/bs2.lt\/#\/schema\/logo\/image\/","url":"https:\/\/bs2.lt\/wp-content\/uploads\/2022\/08\/bs2-logo.svg","contentUrl":"https:\/\/bs2.lt\/wp-content\/uploads\/2022\/08\/bs2-logo.svg","width":100,"height":57,"caption":"BS\/2"},"image":{"@id":"https:\/\/bs2.lt\/#\/schema\/logo\/image\/"},"sameAs":["https:\/\/www.facebook.com\/bs2solutions\/","https:\/\/www.linkedin.com\/showcase\/bs2solutions","https:\/\/www.youtube.com\/c\/Bs2Lt"]}]}},"_links":{"self":[{"href":"https:\/\/bs2.lt\/lt\/wp-json\/wp\/v2\/product\/32185","targetHints":{"allow":["GET"]}}],"collection":[{"href":"https:\/\/bs2.lt\/lt\/wp-json\/wp\/v2\/product"}],"about":[{"href":"https:\/\/bs2.lt\/lt\/wp-json\/wp\/v2\/types\/product"}],"wp:featuredmedia":[{"embeddable":true,"href":"https:\/\/bs2.lt\/lt\/wp-json\/wp\/v2\/media\/31892"}],"wp:attachment":[{"href":"https:\/\/bs2.lt\/lt\/wp-json\/wp\/v2\/media?parent=32185"}],"wp:term":[{"taxonomy":"product_category","embeddable":true,"href":"https:\/\/bs2.lt\/lt\/wp-json\/wp\/v2\/product_category?post=32185"},{"taxonomy":"atm_series","embeddable":true,"href":"https:\/\/bs2.lt\/lt\/wp-json\/wp\/v2\/atm_series?post=32185"},{"taxonomy":"atm_cashflow","embeddable":true,"href":"https:\/\/bs2.lt\/lt\/wp-json\/wp\/v2\/atm_cashflow?post=32185"},{"taxonomy":"atm_type","embeddable":true,"href":"https:\/\/bs2.lt\/lt\/wp-json\/wp\/v2\/atm_type?post=32185"},{"taxonomy":"product-provider","embeddable":true,"href":"https:\/\/bs2.lt\/lt\/wp-json\/wp\/v2\/product-provider?post=32185"}],"curies":[{"name":"wp","href":"https:\/\/api.w.org\/{rel}","templated":true}]}}