{"id":29304,"date":"2022-07-25T13:09:02","date_gmt":"2022-07-25T10:09:02","guid":{"rendered":"https:\/\/bs2.lt\/product\/henkovac-t-series\/"},"modified":"2022-07-28T09:00:43","modified_gmt":"2022-07-28T06:00:43","slug":"henkovac-t-series","status":"publish","type":"product","link":"https:\/\/bs2.lt\/lt\/product\/henkovac-t-series\/","title":{"rendered":"\u201eHenkovac T-series\u201c vakuuminiai sandarikliai"},"content":{"rendered":"<p>Banknot\u0173 r\u016b\u0161iavimas ir pakavimas yra privalomi gryn\u0173j\u0173 pinig\u0173 apdorojimo etapai prekyboje ir bankininkyst\u0117je.<\/p>\n<p>Popieriniams pinigams saugoti \u0161iuolaikin\u0117s organizacijos naudoja speciali\u0105 \u012frang\u0105 \u2013 vakuuminius banknot\u0173 sandariklius. Tai kompakti\u0161ki ir hermeti\u0161ki\u00a0 \u012frenginiai, i\u0161siurbiantys i\u0161 mai\u0161eli\u0173 or\u0105.<\/p>\n<p>Vieni i\u0161 toki\u0173 \u2013 \u201eHenkovac T-series\u201c , kuriuos tiekia BS\/2.<\/p>\n<p>Atsi\u017evelgiant \u012f talp\u0105, b\u016bna tokie sandarikli\u0173 modeliai:<\/p>\n<ul>\n<li>\u201eHenkovac T3\u201c \u2013 vieno mai\u0161elio talpos (telpa 1 000 banknot\u0173)<\/li>\n<li>\u201eHenkovac T4\u201c \u2013 dviej\u0173 mai\u0161eli\u0173 talpos \u00a0(telpa 2 000 banknot\u0173)<\/li>\n<li>\u201eHenkovac T5\u201c \u2013 trij\u0173 mai\u0161eli\u0173 talpos (telpa 3 000 banknot\u0173)<\/li>\n<\/ul>\n","protected":false},"featured_media":43155,"template":"","product_category":[267],"atm_series":[],"atm_cashflow":[],"atm_type":[],"product-provider":[],"class_list":["post-29304","product","type-product","status-publish","has-post-thumbnail","hentry","product_category-ccm"],"acf":[],"yoast_head":"<!-- This site is optimized with the Yoast SEO plugin v26.2 - https:\/\/yoast.com\/wordpress\/plugins\/seo\/ -->\n<title>Vacuum packing machines Henkovac T-series | BS\/2<\/title>\n<meta name=\"robots\" content=\"index, follow, max-snippet:-1, max-image-preview:large, max-video-preview:-1\" \/>\n<link rel=\"canonical\" href=\"https:\/\/bs2.lt\/lt\/product\/henkovac-t-series\/\" \/>\n<meta property=\"og:locale\" content=\"lt_LT\" \/>\n<meta property=\"og:type\" content=\"article\" \/>\n<meta property=\"og:title\" content=\"Vacuum packing machines Henkovac T-series | BS\/2\" \/>\n<meta property=\"og:description\" content=\"Banknot\u0173 r\u016b\u0161iavimas ir pakavimas yra privalomi gryn\u0173j\u0173 pinig\u0173 apdorojimo etapai prekyboje ir bankininkyst\u0117je. Popieriniams pinigams saugoti \u0161iuolaikin\u0117s organizacijos naudoja speciali\u0105 \u012frang\u0105 \u2013 vakuuminius banknot\u0173 sandariklius. Tai kompakti\u0161ki ir hermeti\u0161ki\u00a0 \u012frenginiai, i\u0161siurbiantys i\u0161 mai\u0161eli\u0173 or\u0105. Vieni i\u0161 toki\u0173 \u2013 \u201eHenkovac T-series\u201c , kuriuos tiekia BS\/2. Atsi\u017evelgiant \u012f talp\u0105, b\u016bna tokie sandarikli\u0173 modeliai: \u201eHenkovac T3\u201c \u2013 vieno [&hellip;]\" \/>\n<meta property=\"og:url\" content=\"https:\/\/bs2.lt\/lt\/product\/henkovac-t-series\/\" \/>\n<meta property=\"og:site_name\" content=\"BS\/2\" \/>\n<meta property=\"article:publisher\" content=\"https:\/\/www.facebook.com\/bs2solutions\/\" \/>\n<meta property=\"article:modified_time\" content=\"2022-07-28T06:00:43+00:00\" \/>\n<meta property=\"og:image\" content=\"https:\/\/bs2.lt\/wp-content\/uploads\/2022\/07\/microsoftteams-image.jpg\" \/>\n\t<meta property=\"og:image:width\" content=\"1200\" \/>\n\t<meta property=\"og:image:height\" content=\"1000\" \/>\n\t<meta property=\"og:image:type\" content=\"image\/jpeg\" \/>\n<meta name=\"twitter:card\" content=\"summary_large_image\" \/>\n<meta name=\"twitter:label1\" content=\"Est. reading time\" \/>\n\t<meta name=\"twitter:data1\" content=\"1 minut\u0117\" \/>\n<script type=\"application\/ld+json\" class=\"yoast-schema-graph\">{\"@context\":\"https:\/\/schema.org\",\"@graph\":[{\"@type\":\"WebPage\",\"@id\":\"https:\/\/bs2.lt\/lt\/product\/henkovac-t-series\/\",\"url\":\"https:\/\/bs2.lt\/lt\/product\/henkovac-t-series\/\",\"name\":\"Vacuum packing machines Henkovac T-series | BS\/2\",\"isPartOf\":{\"@id\":\"https:\/\/bs2.lt\/#website\"},\"primaryImageOfPage\":{\"@id\":\"https:\/\/bs2.lt\/lt\/product\/henkovac-t-series\/#primaryimage\"},\"image\":{\"@id\":\"https:\/\/bs2.lt\/lt\/product\/henkovac-t-series\/#primaryimage\"},\"thumbnailUrl\":\"https:\/\/bs2.lt\/wp-content\/uploads\/2024\/08\/henkovac-t5-cover-01.jpg\",\"datePublished\":\"2022-07-25T10:09:02+00:00\",\"dateModified\":\"2022-07-28T06:00:43+00:00\",\"breadcrumb\":{\"@id\":\"https:\/\/bs2.lt\/lt\/product\/henkovac-t-series\/#breadcrumb\"},\"inLanguage\":\"lt-LT\",\"potentialAction\":[{\"@type\":\"ReadAction\",\"target\":[\"https:\/\/bs2.lt\/lt\/product\/henkovac-t-series\/\"]}]},{\"@type\":\"ImageObject\",\"inLanguage\":\"lt-LT\",\"@id\":\"https:\/\/bs2.lt\/lt\/product\/henkovac-t-series\/#primaryimage\",\"url\":\"https:\/\/bs2.lt\/wp-content\/uploads\/2024\/08\/henkovac-t5-cover-01.jpg\",\"contentUrl\":\"https:\/\/bs2.lt\/wp-content\/uploads\/2024\/08\/henkovac-t5-cover-01.jpg\",\"width\":1000,\"height\":1001},{\"@type\":\"BreadcrumbList\",\"@id\":\"https:\/\/bs2.lt\/lt\/product\/henkovac-t-series\/#breadcrumb\",\"itemListElement\":[{\"@type\":\"ListItem\",\"position\":1,\"name\":\"Home\",\"item\":\"https:\/\/bs2.lt\/lt\/\"},{\"@type\":\"ListItem\",\"position\":2,\"name\":\"\u201eHenkovac T-series\u201c vakuuminiai sandarikliai\"}]},{\"@type\":\"WebSite\",\"@id\":\"https:\/\/bs2.lt\/#website\",\"url\":\"https:\/\/bs2.lt\/\",\"name\":\"BS\/2\",\"description\":\"Banking and retail technology company\",\"publisher\":{\"@id\":\"https:\/\/bs2.lt\/#organization\"},\"potentialAction\":[{\"@type\":\"SearchAction\",\"target\":{\"@type\":\"EntryPoint\",\"urlTemplate\":\"https:\/\/bs2.lt\/?s={search_term_string}\"},\"query-input\":{\"@type\":\"PropertyValueSpecification\",\"valueRequired\":true,\"valueName\":\"search_term_string\"}}],\"inLanguage\":\"lt-LT\"},{\"@type\":\"Organization\",\"@id\":\"https:\/\/bs2.lt\/#organization\",\"name\":\"BS\/2\",\"url\":\"https:\/\/bs2.lt\/\",\"logo\":{\"@type\":\"ImageObject\",\"inLanguage\":\"lt-LT\",\"@id\":\"https:\/\/bs2.lt\/#\/schema\/logo\/image\/\",\"url\":\"https:\/\/bs2.lt\/wp-content\/uploads\/2022\/08\/bs2-logo.svg\",\"contentUrl\":\"https:\/\/bs2.lt\/wp-content\/uploads\/2022\/08\/bs2-logo.svg\",\"width\":100,\"height\":57,\"caption\":\"BS\/2\"},\"image\":{\"@id\":\"https:\/\/bs2.lt\/#\/schema\/logo\/image\/\"},\"sameAs\":[\"https:\/\/www.facebook.com\/bs2solutions\/\",\"https:\/\/www.linkedin.com\/showcase\/bs2solutions\",\"https:\/\/www.youtube.com\/c\/Bs2Lt\"]}]}<\/script>\n<!-- \/ Yoast SEO plugin. -->","yoast_head_json":{"title":"Vacuum packing machines Henkovac T-series | BS\/2","robots":{"index":"index","follow":"follow","max-snippet":"max-snippet:-1","max-image-preview":"max-image-preview:large","max-video-preview":"max-video-preview:-1"},"canonical":"https:\/\/bs2.lt\/lt\/product\/henkovac-t-series\/","og_locale":"lt_LT","og_type":"article","og_title":"Vacuum packing machines Henkovac T-series | BS\/2","og_description":"Banknot\u0173 r\u016b\u0161iavimas ir pakavimas yra privalomi gryn\u0173j\u0173 pinig\u0173 apdorojimo etapai prekyboje ir bankininkyst\u0117je. Popieriniams pinigams saugoti \u0161iuolaikin\u0117s organizacijos naudoja speciali\u0105 \u012frang\u0105 \u2013 vakuuminius banknot\u0173 sandariklius. Tai kompakti\u0161ki ir hermeti\u0161ki\u00a0 \u012frenginiai, i\u0161siurbiantys i\u0161 mai\u0161eli\u0173 or\u0105. Vieni i\u0161 toki\u0173 \u2013 \u201eHenkovac T-series\u201c , kuriuos tiekia BS\/2. Atsi\u017evelgiant \u012f talp\u0105, b\u016bna tokie sandarikli\u0173 modeliai: \u201eHenkovac T3\u201c \u2013 vieno [&hellip;]","og_url":"https:\/\/bs2.lt\/lt\/product\/henkovac-t-series\/","og_site_name":"BS\/2","article_publisher":"https:\/\/www.facebook.com\/bs2solutions\/","article_modified_time":"2022-07-28T06:00:43+00:00","og_image":[{"width":1200,"height":1000,"url":"https:\/\/bs2.lt\/wp-content\/uploads\/2022\/07\/microsoftteams-image.jpg","type":"image\/jpeg"}],"twitter_card":"summary_large_image","twitter_misc":{"Est. reading time":"1 minut\u0117"},"schema":{"@context":"https:\/\/schema.org","@graph":[{"@type":"WebPage","@id":"https:\/\/bs2.lt\/lt\/product\/henkovac-t-series\/","url":"https:\/\/bs2.lt\/lt\/product\/henkovac-t-series\/","name":"Vacuum packing machines Henkovac T-series | BS\/2","isPartOf":{"@id":"https:\/\/bs2.lt\/#website"},"primaryImageOfPage":{"@id":"https:\/\/bs2.lt\/lt\/product\/henkovac-t-series\/#primaryimage"},"image":{"@id":"https:\/\/bs2.lt\/lt\/product\/henkovac-t-series\/#primaryimage"},"thumbnailUrl":"https:\/\/bs2.lt\/wp-content\/uploads\/2024\/08\/henkovac-t5-cover-01.jpg","datePublished":"2022-07-25T10:09:02+00:00","dateModified":"2022-07-28T06:00:43+00:00","breadcrumb":{"@id":"https:\/\/bs2.lt\/lt\/product\/henkovac-t-series\/#breadcrumb"},"inLanguage":"lt-LT","potentialAction":[{"@type":"ReadAction","target":["https:\/\/bs2.lt\/lt\/product\/henkovac-t-series\/"]}]},{"@type":"ImageObject","inLanguage":"lt-LT","@id":"https:\/\/bs2.lt\/lt\/product\/henkovac-t-series\/#primaryimage","url":"https:\/\/bs2.lt\/wp-content\/uploads\/2024\/08\/henkovac-t5-cover-01.jpg","contentUrl":"https:\/\/bs2.lt\/wp-content\/uploads\/2024\/08\/henkovac-t5-cover-01.jpg","width":1000,"height":1001},{"@type":"BreadcrumbList","@id":"https:\/\/bs2.lt\/lt\/product\/henkovac-t-series\/#breadcrumb","itemListElement":[{"@type":"ListItem","position":1,"name":"Home","item":"https:\/\/bs2.lt\/lt\/"},{"@type":"ListItem","position":2,"name":"\u201eHenkovac T-series\u201c vakuuminiai sandarikliai"}]},{"@type":"WebSite","@id":"https:\/\/bs2.lt\/#website","url":"https:\/\/bs2.lt\/","name":"BS\/2","description":"Banking and retail technology company","publisher":{"@id":"https:\/\/bs2.lt\/#organization"},"potentialAction":[{"@type":"SearchAction","target":{"@type":"EntryPoint","urlTemplate":"https:\/\/bs2.lt\/?s={search_term_string}"},"query-input":{"@type":"PropertyValueSpecification","valueRequired":true,"valueName":"search_term_string"}}],"inLanguage":"lt-LT"},{"@type":"Organization","@id":"https:\/\/bs2.lt\/#organization","name":"BS\/2","url":"https:\/\/bs2.lt\/","logo":{"@type":"ImageObject","inLanguage":"lt-LT","@id":"https:\/\/bs2.lt\/#\/schema\/logo\/image\/","url":"https:\/\/bs2.lt\/wp-content\/uploads\/2022\/08\/bs2-logo.svg","contentUrl":"https:\/\/bs2.lt\/wp-content\/uploads\/2022\/08\/bs2-logo.svg","width":100,"height":57,"caption":"BS\/2"},"image":{"@id":"https:\/\/bs2.lt\/#\/schema\/logo\/image\/"},"sameAs":["https:\/\/www.facebook.com\/bs2solutions\/","https:\/\/www.linkedin.com\/showcase\/bs2solutions","https:\/\/www.youtube.com\/c\/Bs2Lt"]}]}},"_links":{"self":[{"href":"https:\/\/bs2.lt\/lt\/wp-json\/wp\/v2\/product\/29304","targetHints":{"allow":["GET"]}}],"collection":[{"href":"https:\/\/bs2.lt\/lt\/wp-json\/wp\/v2\/product"}],"about":[{"href":"https:\/\/bs2.lt\/lt\/wp-json\/wp\/v2\/types\/product"}],"wp:featuredmedia":[{"embeddable":true,"href":"https:\/\/bs2.lt\/lt\/wp-json\/wp\/v2\/media\/43155"}],"wp:attachment":[{"href":"https:\/\/bs2.lt\/lt\/wp-json\/wp\/v2\/media?parent=29304"}],"wp:term":[{"taxonomy":"product_category","embeddable":true,"href":"https:\/\/bs2.lt\/lt\/wp-json\/wp\/v2\/product_category?post=29304"},{"taxonomy":"atm_series","embeddable":true,"href":"https:\/\/bs2.lt\/lt\/wp-json\/wp\/v2\/atm_series?post=29304"},{"taxonomy":"atm_cashflow","embeddable":true,"href":"https:\/\/bs2.lt\/lt\/wp-json\/wp\/v2\/atm_cashflow?post=29304"},{"taxonomy":"atm_type","embeddable":true,"href":"https:\/\/bs2.lt\/lt\/wp-json\/wp\/v2\/atm_type?post=29304"},{"taxonomy":"product-provider","embeddable":true,"href":"https:\/\/bs2.lt\/lt\/wp-json\/wp\/v2\/product-provider?post=29304"}],"curies":[{"name":"wp","href":"https:\/\/api.w.org\/{rel}","templated":true}]}}