{"id":29193,"date":"2022-07-08T09:08:14","date_gmt":"2022-07-08T06:08:14","guid":{"rendered":"https:\/\/bs2.lt\/product\/smarttec-cy-series\/"},"modified":"2023-05-31T11:13:39","modified_gmt":"2023-05-31T08:13:39","slug":"smarttec-cy-series","status":"publish","type":"product","link":"https:\/\/bs2.lt\/lt\/product\/smarttec-cy-series\/","title":{"rendered":"SmartTec CY-series"},"content":{"rendered":"<p>\u201eSmartTec CY-series\u201c \u2013 prakti\u0161ki monet\u0173 skai\u010diavimo bei r\u016b\u0161iavimo \u012frenginiai, naudojami bankuose, dideliuose prekybos tinkluose ir kitose organizacijose, kuri\u0173 veikla susijusi su intensyviu gryn\u0173j\u0173 pinig\u0173 jud\u0117jimu.<\/p>\n<p>I\u0161skirtinis \u0161ios serijos bruo\u017eas \u2013 netinkam\u0173, sugadint\u0173 ir pasenusi\u0173 monet\u0173 atr\u016b\u0161iavimo funkcija.<\/p>\n<p>Atsi\u017evelgiant \u012f monet\u0173 skyri\u0173 skai\u010di\u0173, CY serij\u0105 sudaro \u0161ie \u012frenginiai:<\/p>\n<ul>\n<li>SmartTec CY-R6 (6+1)<\/li>\n<li>SmartTec CY-R8 (8+1)<\/li>\n<li>SmartTec CY-R9 (9+1)<\/li>\n<\/ul>\n","protected":false},"featured_media":29069,"template":"","product_category":[267],"atm_series":[],"atm_cashflow":[],"atm_type":[],"product-provider":[],"class_list":["post-29193","product","type-product","status-publish","has-post-thumbnail","hentry","product_category-ccm"],"acf":[],"yoast_head":"<!-- This site is optimized with the Yoast SEO plugin v26.2 - https:\/\/yoast.com\/wordpress\/plugins\/seo\/ -->\n<title>SmartTec CY-series coin counters and sorters | BS\/2<\/title>\n<meta name=\"robots\" content=\"index, follow, max-snippet:-1, max-image-preview:large, max-video-preview:-1\" \/>\n<link rel=\"canonical\" href=\"https:\/\/bs2.lt\/product\/smarttec-cy-series\/\" \/>\n<meta property=\"og:locale\" content=\"lt_LT\" \/>\n<meta property=\"og:type\" content=\"article\" \/>\n<meta property=\"og:title\" content=\"SmartTec CY-series coin counters and sorters | BS\/2\" \/>\n<meta property=\"og:description\" content=\"\u201eSmartTec CY-series\u201c \u2013 prakti\u0161ki monet\u0173 skai\u010diavimo bei r\u016b\u0161iavimo \u012frenginiai, naudojami bankuose, dideliuose prekybos tinkluose ir kitose organizacijose, kuri\u0173 veikla susijusi su intensyviu gryn\u0173j\u0173 pinig\u0173 jud\u0117jimu. I\u0161skirtinis \u0161ios serijos bruo\u017eas \u2013 netinkam\u0173, sugadint\u0173 ir pasenusi\u0173 monet\u0173 atr\u016b\u0161iavimo funkcija. Atsi\u017evelgiant \u012f monet\u0173 skyri\u0173 skai\u010di\u0173, CY serij\u0105 sudaro \u0161ie \u012frenginiai: SmartTec CY-R6 (6+1) SmartTec CY-R8 (8+1) SmartTec CY-R9 [&hellip;]\" \/>\n<meta property=\"og:url\" content=\"https:\/\/bs2.lt\/product\/smarttec-cy-series\/\" \/>\n<meta property=\"og:site_name\" content=\"BS\/2\" \/>\n<meta property=\"article:publisher\" content=\"https:\/\/www.facebook.com\/bs2solutions\/\" \/>\n<meta property=\"article:modified_time\" content=\"2023-05-31T08:13:39+00:00\" \/>\n<meta property=\"og:image\" content=\"https:\/\/bs2.lt\/wp-content\/uploads\/2022\/07\/smarttec-cy-series-cover-copy.jpg\" \/>\n\t<meta property=\"og:image:width\" content=\"1200\" \/>\n\t<meta property=\"og:image:height\" content=\"1000\" \/>\n\t<meta property=\"og:image:type\" content=\"image\/jpeg\" \/>\n<meta name=\"twitter:card\" content=\"summary_large_image\" \/>\n<meta name=\"twitter:label1\" content=\"Est. reading time\" \/>\n\t<meta name=\"twitter:data1\" content=\"1 minut\u0117\" \/>\n<script type=\"application\/ld+json\" class=\"yoast-schema-graph\">{\"@context\":\"https:\/\/schema.org\",\"@graph\":[{\"@type\":\"WebPage\",\"@id\":\"https:\/\/bs2.lt\/product\/smarttec-cy-series\/\",\"url\":\"https:\/\/bs2.lt\/product\/smarttec-cy-series\/\",\"name\":\"SmartTec CY-series coin counters and sorters | BS\/2\",\"isPartOf\":{\"@id\":\"https:\/\/bs2.lt\/#website\"},\"primaryImageOfPage\":{\"@id\":\"https:\/\/bs2.lt\/product\/smarttec-cy-series\/#primaryimage\"},\"image\":{\"@id\":\"https:\/\/bs2.lt\/product\/smarttec-cy-series\/#primaryimage\"},\"thumbnailUrl\":\"https:\/\/bs2.lt\/wp-content\/uploads\/2022\/07\/smarttec-cy-series-cover-copy.jpg\",\"datePublished\":\"2022-07-08T06:08:14+00:00\",\"dateModified\":\"2023-05-31T08:13:39+00:00\",\"breadcrumb\":{\"@id\":\"https:\/\/bs2.lt\/product\/smarttec-cy-series\/#breadcrumb\"},\"inLanguage\":\"lt-LT\",\"potentialAction\":[{\"@type\":\"ReadAction\",\"target\":[\"https:\/\/bs2.lt\/product\/smarttec-cy-series\/\"]}]},{\"@type\":\"ImageObject\",\"inLanguage\":\"lt-LT\",\"@id\":\"https:\/\/bs2.lt\/product\/smarttec-cy-series\/#primaryimage\",\"url\":\"https:\/\/bs2.lt\/wp-content\/uploads\/2022\/07\/smarttec-cy-series-cover-copy.jpg\",\"contentUrl\":\"https:\/\/bs2.lt\/wp-content\/uploads\/2022\/07\/smarttec-cy-series-cover-copy.jpg\",\"width\":1200,\"height\":1000},{\"@type\":\"BreadcrumbList\",\"@id\":\"https:\/\/bs2.lt\/product\/smarttec-cy-series\/#breadcrumb\",\"itemListElement\":[{\"@type\":\"ListItem\",\"position\":1,\"name\":\"Home\",\"item\":\"https:\/\/bs2.lt\/lt\/\"},{\"@type\":\"ListItem\",\"position\":2,\"name\":\"SmartTec CY-series\"}]},{\"@type\":\"WebSite\",\"@id\":\"https:\/\/bs2.lt\/#website\",\"url\":\"https:\/\/bs2.lt\/\",\"name\":\"BS\/2\",\"description\":\"Banking and retail technology company\",\"publisher\":{\"@id\":\"https:\/\/bs2.lt\/#organization\"},\"potentialAction\":[{\"@type\":\"SearchAction\",\"target\":{\"@type\":\"EntryPoint\",\"urlTemplate\":\"https:\/\/bs2.lt\/?s={search_term_string}\"},\"query-input\":{\"@type\":\"PropertyValueSpecification\",\"valueRequired\":true,\"valueName\":\"search_term_string\"}}],\"inLanguage\":\"lt-LT\"},{\"@type\":\"Organization\",\"@id\":\"https:\/\/bs2.lt\/#organization\",\"name\":\"BS\/2\",\"url\":\"https:\/\/bs2.lt\/\",\"logo\":{\"@type\":\"ImageObject\",\"inLanguage\":\"lt-LT\",\"@id\":\"https:\/\/bs2.lt\/#\/schema\/logo\/image\/\",\"url\":\"https:\/\/bs2.lt\/wp-content\/uploads\/2022\/08\/bs2-logo.svg\",\"contentUrl\":\"https:\/\/bs2.lt\/wp-content\/uploads\/2022\/08\/bs2-logo.svg\",\"width\":100,\"height\":57,\"caption\":\"BS\/2\"},\"image\":{\"@id\":\"https:\/\/bs2.lt\/#\/schema\/logo\/image\/\"},\"sameAs\":[\"https:\/\/www.facebook.com\/bs2solutions\/\",\"https:\/\/www.linkedin.com\/showcase\/bs2solutions\",\"https:\/\/www.youtube.com\/c\/Bs2Lt\"]}]}<\/script>\n<!-- \/ Yoast SEO plugin. -->","yoast_head_json":{"title":"SmartTec CY-series coin counters and sorters | BS\/2","robots":{"index":"index","follow":"follow","max-snippet":"max-snippet:-1","max-image-preview":"max-image-preview:large","max-video-preview":"max-video-preview:-1"},"canonical":"https:\/\/bs2.lt\/product\/smarttec-cy-series\/","og_locale":"lt_LT","og_type":"article","og_title":"SmartTec CY-series coin counters and sorters | BS\/2","og_description":"\u201eSmartTec CY-series\u201c \u2013 prakti\u0161ki monet\u0173 skai\u010diavimo bei r\u016b\u0161iavimo \u012frenginiai, naudojami bankuose, dideliuose prekybos tinkluose ir kitose organizacijose, kuri\u0173 veikla susijusi su intensyviu gryn\u0173j\u0173 pinig\u0173 jud\u0117jimu. I\u0161skirtinis \u0161ios serijos bruo\u017eas \u2013 netinkam\u0173, sugadint\u0173 ir pasenusi\u0173 monet\u0173 atr\u016b\u0161iavimo funkcija. Atsi\u017evelgiant \u012f monet\u0173 skyri\u0173 skai\u010di\u0173, CY serij\u0105 sudaro \u0161ie \u012frenginiai: SmartTec CY-R6 (6+1) SmartTec CY-R8 (8+1) SmartTec CY-R9 [&hellip;]","og_url":"https:\/\/bs2.lt\/product\/smarttec-cy-series\/","og_site_name":"BS\/2","article_publisher":"https:\/\/www.facebook.com\/bs2solutions\/","article_modified_time":"2023-05-31T08:13:39+00:00","og_image":[{"width":1200,"height":1000,"url":"https:\/\/bs2.lt\/wp-content\/uploads\/2022\/07\/smarttec-cy-series-cover-copy.jpg","type":"image\/jpeg"}],"twitter_card":"summary_large_image","twitter_misc":{"Est. reading time":"1 minut\u0117"},"schema":{"@context":"https:\/\/schema.org","@graph":[{"@type":"WebPage","@id":"https:\/\/bs2.lt\/product\/smarttec-cy-series\/","url":"https:\/\/bs2.lt\/product\/smarttec-cy-series\/","name":"SmartTec CY-series coin counters and sorters | BS\/2","isPartOf":{"@id":"https:\/\/bs2.lt\/#website"},"primaryImageOfPage":{"@id":"https:\/\/bs2.lt\/product\/smarttec-cy-series\/#primaryimage"},"image":{"@id":"https:\/\/bs2.lt\/product\/smarttec-cy-series\/#primaryimage"},"thumbnailUrl":"https:\/\/bs2.lt\/wp-content\/uploads\/2022\/07\/smarttec-cy-series-cover-copy.jpg","datePublished":"2022-07-08T06:08:14+00:00","dateModified":"2023-05-31T08:13:39+00:00","breadcrumb":{"@id":"https:\/\/bs2.lt\/product\/smarttec-cy-series\/#breadcrumb"},"inLanguage":"lt-LT","potentialAction":[{"@type":"ReadAction","target":["https:\/\/bs2.lt\/product\/smarttec-cy-series\/"]}]},{"@type":"ImageObject","inLanguage":"lt-LT","@id":"https:\/\/bs2.lt\/product\/smarttec-cy-series\/#primaryimage","url":"https:\/\/bs2.lt\/wp-content\/uploads\/2022\/07\/smarttec-cy-series-cover-copy.jpg","contentUrl":"https:\/\/bs2.lt\/wp-content\/uploads\/2022\/07\/smarttec-cy-series-cover-copy.jpg","width":1200,"height":1000},{"@type":"BreadcrumbList","@id":"https:\/\/bs2.lt\/product\/smarttec-cy-series\/#breadcrumb","itemListElement":[{"@type":"ListItem","position":1,"name":"Home","item":"https:\/\/bs2.lt\/lt\/"},{"@type":"ListItem","position":2,"name":"SmartTec CY-series"}]},{"@type":"WebSite","@id":"https:\/\/bs2.lt\/#website","url":"https:\/\/bs2.lt\/","name":"BS\/2","description":"Banking and retail technology company","publisher":{"@id":"https:\/\/bs2.lt\/#organization"},"potentialAction":[{"@type":"SearchAction","target":{"@type":"EntryPoint","urlTemplate":"https:\/\/bs2.lt\/?s={search_term_string}"},"query-input":{"@type":"PropertyValueSpecification","valueRequired":true,"valueName":"search_term_string"}}],"inLanguage":"lt-LT"},{"@type":"Organization","@id":"https:\/\/bs2.lt\/#organization","name":"BS\/2","url":"https:\/\/bs2.lt\/","logo":{"@type":"ImageObject","inLanguage":"lt-LT","@id":"https:\/\/bs2.lt\/#\/schema\/logo\/image\/","url":"https:\/\/bs2.lt\/wp-content\/uploads\/2022\/08\/bs2-logo.svg","contentUrl":"https:\/\/bs2.lt\/wp-content\/uploads\/2022\/08\/bs2-logo.svg","width":100,"height":57,"caption":"BS\/2"},"image":{"@id":"https:\/\/bs2.lt\/#\/schema\/logo\/image\/"},"sameAs":["https:\/\/www.facebook.com\/bs2solutions\/","https:\/\/www.linkedin.com\/showcase\/bs2solutions","https:\/\/www.youtube.com\/c\/Bs2Lt"]}]}},"_links":{"self":[{"href":"https:\/\/bs2.lt\/lt\/wp-json\/wp\/v2\/product\/29193","targetHints":{"allow":["GET"]}}],"collection":[{"href":"https:\/\/bs2.lt\/lt\/wp-json\/wp\/v2\/product"}],"about":[{"href":"https:\/\/bs2.lt\/lt\/wp-json\/wp\/v2\/types\/product"}],"wp:featuredmedia":[{"embeddable":true,"href":"https:\/\/bs2.lt\/lt\/wp-json\/wp\/v2\/media\/29069"}],"wp:attachment":[{"href":"https:\/\/bs2.lt\/lt\/wp-json\/wp\/v2\/media?parent=29193"}],"wp:term":[{"taxonomy":"product_category","embeddable":true,"href":"https:\/\/bs2.lt\/lt\/wp-json\/wp\/v2\/product_category?post=29193"},{"taxonomy":"atm_series","embeddable":true,"href":"https:\/\/bs2.lt\/lt\/wp-json\/wp\/v2\/atm_series?post=29193"},{"taxonomy":"atm_cashflow","embeddable":true,"href":"https:\/\/bs2.lt\/lt\/wp-json\/wp\/v2\/atm_cashflow?post=29193"},{"taxonomy":"atm_type","embeddable":true,"href":"https:\/\/bs2.lt\/lt\/wp-json\/wp\/v2\/atm_type?post=29193"},{"taxonomy":"product-provider","embeddable":true,"href":"https:\/\/bs2.lt\/lt\/wp-json\/wp\/v2\/product-provider?post=29193"}],"curies":[{"name":"wp","href":"https:\/\/api.w.org\/{rel}","templated":true}]}}