{"id":26408,"date":"2022-04-12T14:23:14","date_gmt":"2022-04-12T11:23:14","guid":{"rendered":"https:\/\/bs2.lt\/bs2.lt\/?post_type=product&#038;p=26408"},"modified":"2022-04-12T14:24:06","modified_gmt":"2022-04-12T11:24:06","slug":"rasalo-sistema-bankomatu-kasetems-sbk7","status":"publish","type":"product","link":"https:\/\/bs2.lt\/lt\/product\/rasalo-sistema-bankomatu-kasetems-sbk7\/","title":{"rendered":"Ra\u0161alo sistema bankomat\u0173 kaset\u0117ms SBK7"},"content":{"rendered":"<p>MIB sukurtas sprendimas SBK7 \u2013 tai banknot\u0173 neutralizavimo sistema, naudojanti sertifikuot\u0105 bankomatams skirt\u0105 ra\u0161al\u0105. \u0160i inovatyvi technologija sukurta tam, kad vagys negal\u0117t\u0173 pasinaudoti i\u0161 bankomato pavogtais pinigais. Likus kelioms milisekund\u0117ms iki aptikto sprogimo bankomate esantys banknotai sutepami ra\u0161alu.<\/p>\n<p>\u012erenginys sukurtas pasitelkus MIB patirt\u012f ir kartu su policija bei tarptautiniais sprogstam\u0173j\u0173 med\u017eiag\u0173 ekspertais atlikus ekstremalius sprogstamuosius bandymus.<\/p>\n","protected":false},"featured_media":12376,"template":"","product_category":[267],"atm_series":[],"atm_cashflow":[],"atm_type":[],"product-provider":[],"class_list":["post-26408","product","type-product","status-publish","has-post-thumbnail","hentry","product_category-ccm"],"acf":[],"yoast_head":"<!-- This site is optimized with the Yoast SEO plugin v26.2 - https:\/\/yoast.com\/wordpress\/plugins\/seo\/ -->\n<title>Ra\u0161alo sistema bankomat\u0173 kaset\u0117ms SBK7 | BS\/2<\/title>\n<meta name=\"robots\" content=\"index, follow, max-snippet:-1, max-image-preview:large, max-video-preview:-1\" \/>\n<link rel=\"canonical\" href=\"https:\/\/bs2.lt\/product\/sbk7-inking-system-for-atm-cassettes\/\" \/>\n<meta property=\"og:locale\" content=\"lt_LT\" \/>\n<meta property=\"og:type\" content=\"article\" \/>\n<meta property=\"og:title\" content=\"Ra\u0161alo sistema bankomat\u0173 kaset\u0117ms SBK7 | BS\/2\" \/>\n<meta property=\"og:description\" content=\"MIB sukurtas sprendimas SBK7 \u2013 tai banknot\u0173 neutralizavimo sistema, naudojanti sertifikuot\u0105 bankomatams skirt\u0105 ra\u0161al\u0105. \u0160i inovatyvi technologija sukurta tam, kad vagys negal\u0117t\u0173 pasinaudoti i\u0161 bankomato pavogtais pinigais. Likus kelioms milisekund\u0117ms iki aptikto sprogimo bankomate esantys banknotai sutepami ra\u0161alu. \u012erenginys sukurtas pasitelkus MIB patirt\u012f ir kartu su policija bei tarptautiniais sprogstam\u0173j\u0173 med\u017eiag\u0173 ekspertais atlikus ekstremalius sprogstamuosius [&hellip;]\" \/>\n<meta property=\"og:url\" content=\"https:\/\/bs2.lt\/product\/sbk7-inking-system-for-atm-cassettes\/\" \/>\n<meta property=\"og:site_name\" content=\"BS\/2\" \/>\n<meta property=\"article:publisher\" content=\"https:\/\/www.facebook.com\/bs2solutions\/\" \/>\n<meta property=\"article:modified_time\" content=\"2022-04-12T11:24:06+00:00\" \/>\n<meta property=\"og:image\" content=\"https:\/\/bs2.lt\/wp-content\/uploads\/2022\/03\/banknote-inking-copy.jpg\" \/>\n\t<meta property=\"og:image:width\" content=\"1200\" \/>\n\t<meta property=\"og:image:height\" content=\"1000\" \/>\n\t<meta property=\"og:image:type\" content=\"image\/jpeg\" \/>\n<meta name=\"twitter:card\" content=\"summary_large_image\" \/>\n<meta name=\"twitter:label1\" content=\"Est. reading time\" \/>\n\t<meta name=\"twitter:data1\" content=\"1 minut\u0117\" \/>\n<script type=\"application\/ld+json\" class=\"yoast-schema-graph\">{\"@context\":\"https:\/\/schema.org\",\"@graph\":[{\"@type\":\"WebPage\",\"@id\":\"https:\/\/bs2.lt\/product\/sbk7-inking-system-for-atm-cassettes\/\",\"url\":\"https:\/\/bs2.lt\/product\/sbk7-inking-system-for-atm-cassettes\/\",\"name\":\"Ra\u0161alo sistema bankomat\u0173 kaset\u0117ms SBK7 | BS\/2\",\"isPartOf\":{\"@id\":\"https:\/\/bs2.lt\/#website\"},\"primaryImageOfPage\":{\"@id\":\"https:\/\/bs2.lt\/product\/sbk7-inking-system-for-atm-cassettes\/#primaryimage\"},\"image\":{\"@id\":\"https:\/\/bs2.lt\/product\/sbk7-inking-system-for-atm-cassettes\/#primaryimage\"},\"thumbnailUrl\":\"https:\/\/bs2.lt\/wp-content\/uploads\/2022\/03\/banknote-inking-copy.jpg\",\"datePublished\":\"2022-04-12T11:23:14+00:00\",\"dateModified\":\"2022-04-12T11:24:06+00:00\",\"breadcrumb\":{\"@id\":\"https:\/\/bs2.lt\/product\/sbk7-inking-system-for-atm-cassettes\/#breadcrumb\"},\"inLanguage\":\"lt-LT\",\"potentialAction\":[{\"@type\":\"ReadAction\",\"target\":[\"https:\/\/bs2.lt\/product\/sbk7-inking-system-for-atm-cassettes\/\"]}]},{\"@type\":\"ImageObject\",\"inLanguage\":\"lt-LT\",\"@id\":\"https:\/\/bs2.lt\/product\/sbk7-inking-system-for-atm-cassettes\/#primaryimage\",\"url\":\"https:\/\/bs2.lt\/wp-content\/uploads\/2022\/03\/banknote-inking-copy.jpg\",\"contentUrl\":\"https:\/\/bs2.lt\/wp-content\/uploads\/2022\/03\/banknote-inking-copy.jpg\",\"width\":1200,\"height\":1000},{\"@type\":\"BreadcrumbList\",\"@id\":\"https:\/\/bs2.lt\/product\/sbk7-inking-system-for-atm-cassettes\/#breadcrumb\",\"itemListElement\":[{\"@type\":\"ListItem\",\"position\":1,\"name\":\"Home\",\"item\":\"https:\/\/bs2.lt\/lt\/\"},{\"@type\":\"ListItem\",\"position\":2,\"name\":\"Ra\u0161alo sistema bankomat\u0173 kaset\u0117ms SBK7\"}]},{\"@type\":\"WebSite\",\"@id\":\"https:\/\/bs2.lt\/#website\",\"url\":\"https:\/\/bs2.lt\/\",\"name\":\"BS\/2\",\"description\":\"Banking and retail technology company\",\"publisher\":{\"@id\":\"https:\/\/bs2.lt\/#organization\"},\"potentialAction\":[{\"@type\":\"SearchAction\",\"target\":{\"@type\":\"EntryPoint\",\"urlTemplate\":\"https:\/\/bs2.lt\/?s={search_term_string}\"},\"query-input\":{\"@type\":\"PropertyValueSpecification\",\"valueRequired\":true,\"valueName\":\"search_term_string\"}}],\"inLanguage\":\"lt-LT\"},{\"@type\":\"Organization\",\"@id\":\"https:\/\/bs2.lt\/#organization\",\"name\":\"BS\/2\",\"url\":\"https:\/\/bs2.lt\/\",\"logo\":{\"@type\":\"ImageObject\",\"inLanguage\":\"lt-LT\",\"@id\":\"https:\/\/bs2.lt\/#\/schema\/logo\/image\/\",\"url\":\"https:\/\/bs2.lt\/wp-content\/uploads\/2022\/08\/bs2-logo.svg\",\"contentUrl\":\"https:\/\/bs2.lt\/wp-content\/uploads\/2022\/08\/bs2-logo.svg\",\"width\":100,\"height\":57,\"caption\":\"BS\/2\"},\"image\":{\"@id\":\"https:\/\/bs2.lt\/#\/schema\/logo\/image\/\"},\"sameAs\":[\"https:\/\/www.facebook.com\/bs2solutions\/\",\"https:\/\/www.linkedin.com\/showcase\/bs2solutions\",\"https:\/\/www.youtube.com\/c\/Bs2Lt\"]}]}<\/script>\n<!-- \/ Yoast SEO plugin. -->","yoast_head_json":{"title":"Ra\u0161alo sistema bankomat\u0173 kaset\u0117ms SBK7 | BS\/2","robots":{"index":"index","follow":"follow","max-snippet":"max-snippet:-1","max-image-preview":"max-image-preview:large","max-video-preview":"max-video-preview:-1"},"canonical":"https:\/\/bs2.lt\/product\/sbk7-inking-system-for-atm-cassettes\/","og_locale":"lt_LT","og_type":"article","og_title":"Ra\u0161alo sistema bankomat\u0173 kaset\u0117ms SBK7 | BS\/2","og_description":"MIB sukurtas sprendimas SBK7 \u2013 tai banknot\u0173 neutralizavimo sistema, naudojanti sertifikuot\u0105 bankomatams skirt\u0105 ra\u0161al\u0105. \u0160i inovatyvi technologija sukurta tam, kad vagys negal\u0117t\u0173 pasinaudoti i\u0161 bankomato pavogtais pinigais. Likus kelioms milisekund\u0117ms iki aptikto sprogimo bankomate esantys banknotai sutepami ra\u0161alu. \u012erenginys sukurtas pasitelkus MIB patirt\u012f ir kartu su policija bei tarptautiniais sprogstam\u0173j\u0173 med\u017eiag\u0173 ekspertais atlikus ekstremalius sprogstamuosius [&hellip;]","og_url":"https:\/\/bs2.lt\/product\/sbk7-inking-system-for-atm-cassettes\/","og_site_name":"BS\/2","article_publisher":"https:\/\/www.facebook.com\/bs2solutions\/","article_modified_time":"2022-04-12T11:24:06+00:00","og_image":[{"width":1200,"height":1000,"url":"https:\/\/bs2.lt\/wp-content\/uploads\/2022\/03\/banknote-inking-copy.jpg","type":"image\/jpeg"}],"twitter_card":"summary_large_image","twitter_misc":{"Est. reading time":"1 minut\u0117"},"schema":{"@context":"https:\/\/schema.org","@graph":[{"@type":"WebPage","@id":"https:\/\/bs2.lt\/product\/sbk7-inking-system-for-atm-cassettes\/","url":"https:\/\/bs2.lt\/product\/sbk7-inking-system-for-atm-cassettes\/","name":"Ra\u0161alo sistema bankomat\u0173 kaset\u0117ms SBK7 | BS\/2","isPartOf":{"@id":"https:\/\/bs2.lt\/#website"},"primaryImageOfPage":{"@id":"https:\/\/bs2.lt\/product\/sbk7-inking-system-for-atm-cassettes\/#primaryimage"},"image":{"@id":"https:\/\/bs2.lt\/product\/sbk7-inking-system-for-atm-cassettes\/#primaryimage"},"thumbnailUrl":"https:\/\/bs2.lt\/wp-content\/uploads\/2022\/03\/banknote-inking-copy.jpg","datePublished":"2022-04-12T11:23:14+00:00","dateModified":"2022-04-12T11:24:06+00:00","breadcrumb":{"@id":"https:\/\/bs2.lt\/product\/sbk7-inking-system-for-atm-cassettes\/#breadcrumb"},"inLanguage":"lt-LT","potentialAction":[{"@type":"ReadAction","target":["https:\/\/bs2.lt\/product\/sbk7-inking-system-for-atm-cassettes\/"]}]},{"@type":"ImageObject","inLanguage":"lt-LT","@id":"https:\/\/bs2.lt\/product\/sbk7-inking-system-for-atm-cassettes\/#primaryimage","url":"https:\/\/bs2.lt\/wp-content\/uploads\/2022\/03\/banknote-inking-copy.jpg","contentUrl":"https:\/\/bs2.lt\/wp-content\/uploads\/2022\/03\/banknote-inking-copy.jpg","width":1200,"height":1000},{"@type":"BreadcrumbList","@id":"https:\/\/bs2.lt\/product\/sbk7-inking-system-for-atm-cassettes\/#breadcrumb","itemListElement":[{"@type":"ListItem","position":1,"name":"Home","item":"https:\/\/bs2.lt\/lt\/"},{"@type":"ListItem","position":2,"name":"Ra\u0161alo sistema bankomat\u0173 kaset\u0117ms SBK7"}]},{"@type":"WebSite","@id":"https:\/\/bs2.lt\/#website","url":"https:\/\/bs2.lt\/","name":"BS\/2","description":"Banking and retail technology company","publisher":{"@id":"https:\/\/bs2.lt\/#organization"},"potentialAction":[{"@type":"SearchAction","target":{"@type":"EntryPoint","urlTemplate":"https:\/\/bs2.lt\/?s={search_term_string}"},"query-input":{"@type":"PropertyValueSpecification","valueRequired":true,"valueName":"search_term_string"}}],"inLanguage":"lt-LT"},{"@type":"Organization","@id":"https:\/\/bs2.lt\/#organization","name":"BS\/2","url":"https:\/\/bs2.lt\/","logo":{"@type":"ImageObject","inLanguage":"lt-LT","@id":"https:\/\/bs2.lt\/#\/schema\/logo\/image\/","url":"https:\/\/bs2.lt\/wp-content\/uploads\/2022\/08\/bs2-logo.svg","contentUrl":"https:\/\/bs2.lt\/wp-content\/uploads\/2022\/08\/bs2-logo.svg","width":100,"height":57,"caption":"BS\/2"},"image":{"@id":"https:\/\/bs2.lt\/#\/schema\/logo\/image\/"},"sameAs":["https:\/\/www.facebook.com\/bs2solutions\/","https:\/\/www.linkedin.com\/showcase\/bs2solutions","https:\/\/www.youtube.com\/c\/Bs2Lt"]}]}},"_links":{"self":[{"href":"https:\/\/bs2.lt\/lt\/wp-json\/wp\/v2\/product\/26408","targetHints":{"allow":["GET"]}}],"collection":[{"href":"https:\/\/bs2.lt\/lt\/wp-json\/wp\/v2\/product"}],"about":[{"href":"https:\/\/bs2.lt\/lt\/wp-json\/wp\/v2\/types\/product"}],"wp:featuredmedia":[{"embeddable":true,"href":"https:\/\/bs2.lt\/lt\/wp-json\/wp\/v2\/media\/12376"}],"wp:attachment":[{"href":"https:\/\/bs2.lt\/lt\/wp-json\/wp\/v2\/media?parent=26408"}],"wp:term":[{"taxonomy":"product_category","embeddable":true,"href":"https:\/\/bs2.lt\/lt\/wp-json\/wp\/v2\/product_category?post=26408"},{"taxonomy":"atm_series","embeddable":true,"href":"https:\/\/bs2.lt\/lt\/wp-json\/wp\/v2\/atm_series?post=26408"},{"taxonomy":"atm_cashflow","embeddable":true,"href":"https:\/\/bs2.lt\/lt\/wp-json\/wp\/v2\/atm_cashflow?post=26408"},{"taxonomy":"atm_type","embeddable":true,"href":"https:\/\/bs2.lt\/lt\/wp-json\/wp\/v2\/atm_type?post=26408"},{"taxonomy":"product-provider","embeddable":true,"href":"https:\/\/bs2.lt\/lt\/wp-json\/wp\/v2\/product-provider?post=26408"}],"curies":[{"name":"wp","href":"https:\/\/api.w.org\/{rel}","templated":true}]}}