{"id":26373,"date":"2022-04-11T15:02:03","date_gmt":"2022-04-11T12:02:03","guid":{"rendered":"https:\/\/bs2.lt\/bs2.lt\/?post_type=product&#038;p=26373"},"modified":"2023-01-24T10:51:39","modified_gmt":"2023-01-24T08:51:39","slug":"nerusiuotu-grynuju-pinigu-tvarkymo-sistema-tsb-1000","status":"publish","type":"product","link":"https:\/\/bs2.lt\/lt\/product\/nerusiuotu-grynuju-pinigu-tvarkymo-sistema-tsb-1000\/","title":{"rendered":"Ner\u016b\u0161iuot\u0173 gryn\u0173j\u0173 pinig\u0173 tvarkymo sistema TSB-1000"},"content":{"rendered":"<p>\u201eTSB-1000\u201c \u2013 \u0161veicar\u0173 gamybos auk\u0161tos kokyb\u0117s banknot\u0173 tvarkymo sistema, naudojama ner\u016b\u0161iuotiems banknotams, surinktiems i\u0161 inkasatori\u0173 krep\u0161i\u0173 ar automatini\u0173 depozito ma\u0161in\u0173, tvarkyti.<\/p>\n<p>Vienu \u012frenginiu gali naudotis vienas ar du kasos centro operatoriai, kuri\u0173 darbo u\u017eduotis \u2013 surinkti pinig\u0173 paketus tolimesniam perskai\u010diavimui ir sur\u016b\u0161iavimui specializuotomis pinig\u0173 perskai\u010diavimo bei r\u016b\u0161iavimo ma\u0161inomis.<\/p>\n<p>\u201eTSB-1000\u201c padeda 40-70 proc. paskubinti pirmin\u012f gryn\u0173j\u0173 pinig\u0173 perskai\u010diavim\u0105, palyginti su paket\u0173 r\u016b\u0161iavimu rankomis.<br \/>\nNaudojant \u0161\u012f \u012frengin\u012f, banknotai juda i\u0161ilgai automatinio dir\u017eo ir taip suformuojami tvarkingi banknot\u0173 paketai, kuriais u\u017epildomas d\u0117klas.<\/p>\n","protected":false},"featured_media":26410,"template":"","product_category":[267],"atm_series":[],"atm_cashflow":[],"atm_type":[],"product-provider":[],"class_list":["post-26373","product","type-product","status-publish","has-post-thumbnail","hentry","product_category-ccm"],"acf":[],"yoast_head":"<!-- This site is optimized with the Yoast SEO plugin v26.2 - https:\/\/yoast.com\/wordpress\/plugins\/seo\/ -->\n<title>Ner\u016b\u0161iuot\u0173 gryn\u0173j\u0173 pinig\u0173 tvarkymo sistema TSB-1000 | BS\/2<\/title>\n<meta name=\"robots\" content=\"index, follow, max-snippet:-1, max-image-preview:large, max-video-preview:-1\" \/>\n<link rel=\"canonical\" href=\"https:\/\/bs2.lt\/lt\/product\/nerusiuotu-grynuju-pinigu-tvarkymo-sistema-tsb-1000\/\" \/>\n<meta property=\"og:locale\" content=\"lt_LT\" \/>\n<meta property=\"og:type\" content=\"article\" \/>\n<meta property=\"og:title\" content=\"Ner\u016b\u0161iuot\u0173 gryn\u0173j\u0173 pinig\u0173 tvarkymo sistema TSB-1000 | BS\/2\" \/>\n<meta property=\"og:description\" content=\"\u201eTSB-1000\u201c \u2013 \u0161veicar\u0173 gamybos auk\u0161tos kokyb\u0117s banknot\u0173 tvarkymo sistema, naudojama ner\u016b\u0161iuotiems banknotams, surinktiems i\u0161 inkasatori\u0173 krep\u0161i\u0173 ar automatini\u0173 depozito ma\u0161in\u0173, tvarkyti. Vienu \u012frenginiu gali naudotis vienas ar du kasos centro operatoriai, kuri\u0173 darbo u\u017eduotis \u2013 surinkti pinig\u0173 paketus tolimesniam perskai\u010diavimui ir sur\u016b\u0161iavimui specializuotomis pinig\u0173 perskai\u010diavimo bei r\u016b\u0161iavimo ma\u0161inomis. \u201eTSB-1000\u201c padeda 40-70 proc. paskubinti pirmin\u012f gryn\u0173j\u0173 [&hellip;]\" \/>\n<meta property=\"og:url\" content=\"https:\/\/bs2.lt\/lt\/product\/nerusiuotu-grynuju-pinigu-tvarkymo-sistema-tsb-1000\/\" \/>\n<meta property=\"og:site_name\" content=\"BS\/2\" \/>\n<meta property=\"article:publisher\" content=\"https:\/\/www.facebook.com\/bs2solutions\/\" \/>\n<meta property=\"article:modified_time\" content=\"2023-01-24T08:51:39+00:00\" \/>\n<meta property=\"og:image\" content=\"https:\/\/bs2.lt\/wp-content\/uploads\/2022\/04\/tresmer-cover-copy.jpg\" \/>\n\t<meta property=\"og:image:width\" content=\"1200\" \/>\n\t<meta property=\"og:image:height\" content=\"1000\" \/>\n\t<meta property=\"og:image:type\" content=\"image\/jpeg\" \/>\n<meta name=\"twitter:card\" content=\"summary_large_image\" \/>\n<meta name=\"twitter:label1\" content=\"Est. reading time\" \/>\n\t<meta name=\"twitter:data1\" content=\"1 minut\u0117\" \/>\n<script type=\"application\/ld+json\" class=\"yoast-schema-graph\">{\"@context\":\"https:\/\/schema.org\",\"@graph\":[{\"@type\":\"WebPage\",\"@id\":\"https:\/\/bs2.lt\/lt\/product\/nerusiuotu-grynuju-pinigu-tvarkymo-sistema-tsb-1000\/\",\"url\":\"https:\/\/bs2.lt\/lt\/product\/nerusiuotu-grynuju-pinigu-tvarkymo-sistema-tsb-1000\/\",\"name\":\"Ner\u016b\u0161iuot\u0173 gryn\u0173j\u0173 pinig\u0173 tvarkymo sistema TSB-1000 | BS\/2\",\"isPartOf\":{\"@id\":\"https:\/\/bs2.lt\/#website\"},\"primaryImageOfPage\":{\"@id\":\"https:\/\/bs2.lt\/lt\/product\/nerusiuotu-grynuju-pinigu-tvarkymo-sistema-tsb-1000\/#primaryimage\"},\"image\":{\"@id\":\"https:\/\/bs2.lt\/lt\/product\/nerusiuotu-grynuju-pinigu-tvarkymo-sistema-tsb-1000\/#primaryimage\"},\"thumbnailUrl\":\"https:\/\/bs2.lt\/wp-content\/uploads\/2022\/04\/tresmer-cover-copy.jpg\",\"datePublished\":\"2022-04-11T12:02:03+00:00\",\"dateModified\":\"2023-01-24T08:51:39+00:00\",\"breadcrumb\":{\"@id\":\"https:\/\/bs2.lt\/lt\/product\/nerusiuotu-grynuju-pinigu-tvarkymo-sistema-tsb-1000\/#breadcrumb\"},\"inLanguage\":\"lt-LT\",\"potentialAction\":[{\"@type\":\"ReadAction\",\"target\":[\"https:\/\/bs2.lt\/lt\/product\/nerusiuotu-grynuju-pinigu-tvarkymo-sistema-tsb-1000\/\"]}]},{\"@type\":\"ImageObject\",\"inLanguage\":\"lt-LT\",\"@id\":\"https:\/\/bs2.lt\/lt\/product\/nerusiuotu-grynuju-pinigu-tvarkymo-sistema-tsb-1000\/#primaryimage\",\"url\":\"https:\/\/bs2.lt\/wp-content\/uploads\/2022\/04\/tresmer-cover-copy.jpg\",\"contentUrl\":\"https:\/\/bs2.lt\/wp-content\/uploads\/2022\/04\/tresmer-cover-copy.jpg\",\"width\":1200,\"height\":1000},{\"@type\":\"BreadcrumbList\",\"@id\":\"https:\/\/bs2.lt\/lt\/product\/nerusiuotu-grynuju-pinigu-tvarkymo-sistema-tsb-1000\/#breadcrumb\",\"itemListElement\":[{\"@type\":\"ListItem\",\"position\":1,\"name\":\"Home\",\"item\":\"https:\/\/bs2.lt\/lt\/\"},{\"@type\":\"ListItem\",\"position\":2,\"name\":\"Ner\u016b\u0161iuot\u0173 gryn\u0173j\u0173 pinig\u0173 tvarkymo sistema TSB-1000\"}]},{\"@type\":\"WebSite\",\"@id\":\"https:\/\/bs2.lt\/#website\",\"url\":\"https:\/\/bs2.lt\/\",\"name\":\"BS\/2\",\"description\":\"Banking and retail technology company\",\"publisher\":{\"@id\":\"https:\/\/bs2.lt\/#organization\"},\"potentialAction\":[{\"@type\":\"SearchAction\",\"target\":{\"@type\":\"EntryPoint\",\"urlTemplate\":\"https:\/\/bs2.lt\/?s={search_term_string}\"},\"query-input\":{\"@type\":\"PropertyValueSpecification\",\"valueRequired\":true,\"valueName\":\"search_term_string\"}}],\"inLanguage\":\"lt-LT\"},{\"@type\":\"Organization\",\"@id\":\"https:\/\/bs2.lt\/#organization\",\"name\":\"BS\/2\",\"url\":\"https:\/\/bs2.lt\/\",\"logo\":{\"@type\":\"ImageObject\",\"inLanguage\":\"lt-LT\",\"@id\":\"https:\/\/bs2.lt\/#\/schema\/logo\/image\/\",\"url\":\"https:\/\/bs2.lt\/wp-content\/uploads\/2022\/08\/bs2-logo.svg\",\"contentUrl\":\"https:\/\/bs2.lt\/wp-content\/uploads\/2022\/08\/bs2-logo.svg\",\"width\":100,\"height\":57,\"caption\":\"BS\/2\"},\"image\":{\"@id\":\"https:\/\/bs2.lt\/#\/schema\/logo\/image\/\"},\"sameAs\":[\"https:\/\/www.facebook.com\/bs2solutions\/\",\"https:\/\/www.linkedin.com\/showcase\/bs2solutions\",\"https:\/\/www.youtube.com\/c\/Bs2Lt\"]}]}<\/script>\n<!-- \/ Yoast SEO plugin. -->","yoast_head_json":{"title":"Ner\u016b\u0161iuot\u0173 gryn\u0173j\u0173 pinig\u0173 tvarkymo sistema TSB-1000 | BS\/2","robots":{"index":"index","follow":"follow","max-snippet":"max-snippet:-1","max-image-preview":"max-image-preview:large","max-video-preview":"max-video-preview:-1"},"canonical":"https:\/\/bs2.lt\/lt\/product\/nerusiuotu-grynuju-pinigu-tvarkymo-sistema-tsb-1000\/","og_locale":"lt_LT","og_type":"article","og_title":"Ner\u016b\u0161iuot\u0173 gryn\u0173j\u0173 pinig\u0173 tvarkymo sistema TSB-1000 | BS\/2","og_description":"\u201eTSB-1000\u201c \u2013 \u0161veicar\u0173 gamybos auk\u0161tos kokyb\u0117s banknot\u0173 tvarkymo sistema, naudojama ner\u016b\u0161iuotiems banknotams, surinktiems i\u0161 inkasatori\u0173 krep\u0161i\u0173 ar automatini\u0173 depozito ma\u0161in\u0173, tvarkyti. Vienu \u012frenginiu gali naudotis vienas ar du kasos centro operatoriai, kuri\u0173 darbo u\u017eduotis \u2013 surinkti pinig\u0173 paketus tolimesniam perskai\u010diavimui ir sur\u016b\u0161iavimui specializuotomis pinig\u0173 perskai\u010diavimo bei r\u016b\u0161iavimo ma\u0161inomis. \u201eTSB-1000\u201c padeda 40-70 proc. paskubinti pirmin\u012f gryn\u0173j\u0173 [&hellip;]","og_url":"https:\/\/bs2.lt\/lt\/product\/nerusiuotu-grynuju-pinigu-tvarkymo-sistema-tsb-1000\/","og_site_name":"BS\/2","article_publisher":"https:\/\/www.facebook.com\/bs2solutions\/","article_modified_time":"2023-01-24T08:51:39+00:00","og_image":[{"width":1200,"height":1000,"url":"https:\/\/bs2.lt\/wp-content\/uploads\/2022\/04\/tresmer-cover-copy.jpg","type":"image\/jpeg"}],"twitter_card":"summary_large_image","twitter_misc":{"Est. reading time":"1 minut\u0117"},"schema":{"@context":"https:\/\/schema.org","@graph":[{"@type":"WebPage","@id":"https:\/\/bs2.lt\/lt\/product\/nerusiuotu-grynuju-pinigu-tvarkymo-sistema-tsb-1000\/","url":"https:\/\/bs2.lt\/lt\/product\/nerusiuotu-grynuju-pinigu-tvarkymo-sistema-tsb-1000\/","name":"Ner\u016b\u0161iuot\u0173 gryn\u0173j\u0173 pinig\u0173 tvarkymo sistema TSB-1000 | BS\/2","isPartOf":{"@id":"https:\/\/bs2.lt\/#website"},"primaryImageOfPage":{"@id":"https:\/\/bs2.lt\/lt\/product\/nerusiuotu-grynuju-pinigu-tvarkymo-sistema-tsb-1000\/#primaryimage"},"image":{"@id":"https:\/\/bs2.lt\/lt\/product\/nerusiuotu-grynuju-pinigu-tvarkymo-sistema-tsb-1000\/#primaryimage"},"thumbnailUrl":"https:\/\/bs2.lt\/wp-content\/uploads\/2022\/04\/tresmer-cover-copy.jpg","datePublished":"2022-04-11T12:02:03+00:00","dateModified":"2023-01-24T08:51:39+00:00","breadcrumb":{"@id":"https:\/\/bs2.lt\/lt\/product\/nerusiuotu-grynuju-pinigu-tvarkymo-sistema-tsb-1000\/#breadcrumb"},"inLanguage":"lt-LT","potentialAction":[{"@type":"ReadAction","target":["https:\/\/bs2.lt\/lt\/product\/nerusiuotu-grynuju-pinigu-tvarkymo-sistema-tsb-1000\/"]}]},{"@type":"ImageObject","inLanguage":"lt-LT","@id":"https:\/\/bs2.lt\/lt\/product\/nerusiuotu-grynuju-pinigu-tvarkymo-sistema-tsb-1000\/#primaryimage","url":"https:\/\/bs2.lt\/wp-content\/uploads\/2022\/04\/tresmer-cover-copy.jpg","contentUrl":"https:\/\/bs2.lt\/wp-content\/uploads\/2022\/04\/tresmer-cover-copy.jpg","width":1200,"height":1000},{"@type":"BreadcrumbList","@id":"https:\/\/bs2.lt\/lt\/product\/nerusiuotu-grynuju-pinigu-tvarkymo-sistema-tsb-1000\/#breadcrumb","itemListElement":[{"@type":"ListItem","position":1,"name":"Home","item":"https:\/\/bs2.lt\/lt\/"},{"@type":"ListItem","position":2,"name":"Ner\u016b\u0161iuot\u0173 gryn\u0173j\u0173 pinig\u0173 tvarkymo sistema TSB-1000"}]},{"@type":"WebSite","@id":"https:\/\/bs2.lt\/#website","url":"https:\/\/bs2.lt\/","name":"BS\/2","description":"Banking and retail technology company","publisher":{"@id":"https:\/\/bs2.lt\/#organization"},"potentialAction":[{"@type":"SearchAction","target":{"@type":"EntryPoint","urlTemplate":"https:\/\/bs2.lt\/?s={search_term_string}"},"query-input":{"@type":"PropertyValueSpecification","valueRequired":true,"valueName":"search_term_string"}}],"inLanguage":"lt-LT"},{"@type":"Organization","@id":"https:\/\/bs2.lt\/#organization","name":"BS\/2","url":"https:\/\/bs2.lt\/","logo":{"@type":"ImageObject","inLanguage":"lt-LT","@id":"https:\/\/bs2.lt\/#\/schema\/logo\/image\/","url":"https:\/\/bs2.lt\/wp-content\/uploads\/2022\/08\/bs2-logo.svg","contentUrl":"https:\/\/bs2.lt\/wp-content\/uploads\/2022\/08\/bs2-logo.svg","width":100,"height":57,"caption":"BS\/2"},"image":{"@id":"https:\/\/bs2.lt\/#\/schema\/logo\/image\/"},"sameAs":["https:\/\/www.facebook.com\/bs2solutions\/","https:\/\/www.linkedin.com\/showcase\/bs2solutions","https:\/\/www.youtube.com\/c\/Bs2Lt"]}]}},"_links":{"self":[{"href":"https:\/\/bs2.lt\/lt\/wp-json\/wp\/v2\/product\/26373","targetHints":{"allow":["GET"]}}],"collection":[{"href":"https:\/\/bs2.lt\/lt\/wp-json\/wp\/v2\/product"}],"about":[{"href":"https:\/\/bs2.lt\/lt\/wp-json\/wp\/v2\/types\/product"}],"wp:featuredmedia":[{"embeddable":true,"href":"https:\/\/bs2.lt\/lt\/wp-json\/wp\/v2\/media\/26410"}],"wp:attachment":[{"href":"https:\/\/bs2.lt\/lt\/wp-json\/wp\/v2\/media?parent=26373"}],"wp:term":[{"taxonomy":"product_category","embeddable":true,"href":"https:\/\/bs2.lt\/lt\/wp-json\/wp\/v2\/product_category?post=26373"},{"taxonomy":"atm_series","embeddable":true,"href":"https:\/\/bs2.lt\/lt\/wp-json\/wp\/v2\/atm_series?post=26373"},{"taxonomy":"atm_cashflow","embeddable":true,"href":"https:\/\/bs2.lt\/lt\/wp-json\/wp\/v2\/atm_cashflow?post=26373"},{"taxonomy":"atm_type","embeddable":true,"href":"https:\/\/bs2.lt\/lt\/wp-json\/wp\/v2\/atm_type?post=26373"},{"taxonomy":"product-provider","embeddable":true,"href":"https:\/\/bs2.lt\/lt\/wp-json\/wp\/v2\/product-provider?post=26373"}],"curies":[{"name":"wp","href":"https:\/\/api.w.org\/{rel}","templated":true}]}}