{"id":25701,"date":"2022-03-15T15:11:41","date_gmt":"2022-03-15T17:11:41","guid":{"rendered":"https:\/\/bs2.lt\/bs2.lt\/product\/face-recognition\/"},"modified":"2022-03-17T07:33:06","modified_gmt":"2022-03-17T09:33:06","slug":"face-recognition","status":"publish","type":"product","link":"https:\/\/bs2.lt\/lt\/product\/face-recognition\/","title":{"rendered":"Veid\u0173 atpa\u017einimo sprendimai"},"content":{"rendered":"<p>\u201eFace Detection\u201c ir \u201eFace Recognition\u201c \u2013 bankiniam ir ma\u017emenin\u0117s prekybos sektoriams skirti biometriniai sprendimai, veikiantys savitarnos \u012frengini\u0173 apsaug\u0105 u\u017etikrinan\u010dios programin\u0117s sistemos \u201eATMeye.iQ\u201c pagrindu.<\/p>\n<p>Biometrinis sprendimas \u201eFace Detection\u201c (i\u0161 angl. \u201eveido aptikimas\u201c) padeda nustatyti, ar prie\u0161ais bankomat\u0105 stovi \u017emogus, ar jis neslepia savo veido. \u0160i veido aptikimo funkcija gali b\u016bti \u012fdiegta bet kokiame savitarnos \u012frenginyje, \u012f kur\u012f \u012ftaisyta vaizdo kamera. Ji padeda i\u0161vengti suk\u010diavimo atvej\u0173.<\/p>\n<p>Biometrinis sprendimas \u201eFace Recognition\u201c (i\u0161 angl. \u201eveido atpa\u017einimas\u201c) suteikia galimyb\u0119 naudoti \u017emogaus atvaizd\u0105 jo tapatybei atpa\u017einti ir patvirtinti naudojantis savitarnos \u012frenginiu. Gali b\u016bti naudojamas kaip pagrindin\u0117 ir kaip papildoma autorizavimo priemon\u0117.<\/p>\n","protected":false},"featured_media":29027,"template":"","product_category":[208],"atm_series":[],"atm_cashflow":[],"atm_type":[],"product-provider":[],"class_list":["post-25701","product","type-product","status-publish","has-post-thumbnail","hentry","product_category-software"],"acf":[],"yoast_head":"<!-- This site is optimized with the Yoast SEO plugin v26.2 - https:\/\/yoast.com\/wordpress\/plugins\/seo\/ -->\n<title>Veid\u0173 atpa\u017einimo sprendimai | BS\/2<\/title>\n<meta name=\"robots\" content=\"index, follow, max-snippet:-1, max-image-preview:large, max-video-preview:-1\" \/>\n<link rel=\"canonical\" href=\"https:\/\/bs2.lt\/product\/face-recognition\/\" \/>\n<meta property=\"og:locale\" content=\"lt_LT\" \/>\n<meta property=\"og:type\" content=\"article\" \/>\n<meta property=\"og:title\" content=\"Veid\u0173 atpa\u017einimo sprendimai | BS\/2\" \/>\n<meta property=\"og:description\" content=\"\u201eFace Detection\u201c ir \u201eFace Recognition\u201c \u2013 bankiniam ir ma\u017emenin\u0117s prekybos sektoriams skirti biometriniai sprendimai, veikiantys savitarnos \u012frengini\u0173 apsaug\u0105 u\u017etikrinan\u010dios programin\u0117s sistemos \u201eATMeye.iQ\u201c pagrindu. Biometrinis sprendimas \u201eFace Detection\u201c (i\u0161 angl. \u201eveido aptikimas\u201c) padeda nustatyti, ar prie\u0161ais bankomat\u0105 stovi \u017emogus, ar jis neslepia savo veido. \u0160i veido aptikimo funkcija gali b\u016bti \u012fdiegta bet kokiame savitarnos \u012frenginyje, \u012f [&hellip;]\" \/>\n<meta property=\"og:url\" content=\"https:\/\/bs2.lt\/product\/face-recognition\/\" \/>\n<meta property=\"og:site_name\" content=\"BS\/2\" \/>\n<meta property=\"article:publisher\" content=\"https:\/\/www.facebook.com\/bs2solutions\/\" \/>\n<meta property=\"article:modified_time\" content=\"2022-03-17T09:33:06+00:00\" \/>\n<meta property=\"og:image\" content=\"https:\/\/bs2.lt\/wp-content\/uploads\/2021\/02\/news-placeholder.jpg\" \/>\n\t<meta property=\"og:image:width\" content=\"1200\" \/>\n\t<meta property=\"og:image:height\" content=\"1000\" \/>\n\t<meta property=\"og:image:type\" content=\"image\/jpeg\" \/>\n<meta name=\"twitter:card\" content=\"summary_large_image\" \/>\n<meta name=\"twitter:label1\" content=\"Est. reading time\" \/>\n\t<meta name=\"twitter:data1\" content=\"1 minut\u0117\" \/>\n<script type=\"application\/ld+json\" class=\"yoast-schema-graph\">{\"@context\":\"https:\/\/schema.org\",\"@graph\":[{\"@type\":\"WebPage\",\"@id\":\"https:\/\/bs2.lt\/product\/face-recognition\/\",\"url\":\"https:\/\/bs2.lt\/product\/face-recognition\/\",\"name\":\"Veid\u0173 atpa\u017einimo sprendimai | BS\/2\",\"isPartOf\":{\"@id\":\"https:\/\/bs2.lt\/#website\"},\"primaryImageOfPage\":{\"@id\":\"https:\/\/bs2.lt\/product\/face-recognition\/#primaryimage\"},\"image\":{\"@id\":\"https:\/\/bs2.lt\/product\/face-recognition\/#primaryimage\"},\"thumbnailUrl\":\"https:\/\/bs2.lt\/wp-content\/uploads\/2022\/03\/face-recognition.jpg\",\"datePublished\":\"2022-03-15T17:11:41+00:00\",\"dateModified\":\"2022-03-17T09:33:06+00:00\",\"breadcrumb\":{\"@id\":\"https:\/\/bs2.lt\/product\/face-recognition\/#breadcrumb\"},\"inLanguage\":\"lt-LT\",\"potentialAction\":[{\"@type\":\"ReadAction\",\"target\":[\"https:\/\/bs2.lt\/product\/face-recognition\/\"]}]},{\"@type\":\"ImageObject\",\"inLanguage\":\"lt-LT\",\"@id\":\"https:\/\/bs2.lt\/product\/face-recognition\/#primaryimage\",\"url\":\"https:\/\/bs2.lt\/wp-content\/uploads\/2022\/03\/face-recognition.jpg\",\"contentUrl\":\"https:\/\/bs2.lt\/wp-content\/uploads\/2022\/03\/face-recognition.jpg\",\"width\":1200,\"height\":1000},{\"@type\":\"BreadcrumbList\",\"@id\":\"https:\/\/bs2.lt\/product\/face-recognition\/#breadcrumb\",\"itemListElement\":[{\"@type\":\"ListItem\",\"position\":1,\"name\":\"Home\",\"item\":\"https:\/\/bs2.lt\/lt\/\"},{\"@type\":\"ListItem\",\"position\":2,\"name\":\"Veid\u0173 atpa\u017einimo sprendimai\"}]},{\"@type\":\"WebSite\",\"@id\":\"https:\/\/bs2.lt\/#website\",\"url\":\"https:\/\/bs2.lt\/\",\"name\":\"BS\/2\",\"description\":\"Banking and retail technology company\",\"publisher\":{\"@id\":\"https:\/\/bs2.lt\/#organization\"},\"potentialAction\":[{\"@type\":\"SearchAction\",\"target\":{\"@type\":\"EntryPoint\",\"urlTemplate\":\"https:\/\/bs2.lt\/?s={search_term_string}\"},\"query-input\":{\"@type\":\"PropertyValueSpecification\",\"valueRequired\":true,\"valueName\":\"search_term_string\"}}],\"inLanguage\":\"lt-LT\"},{\"@type\":\"Organization\",\"@id\":\"https:\/\/bs2.lt\/#organization\",\"name\":\"BS\/2\",\"url\":\"https:\/\/bs2.lt\/\",\"logo\":{\"@type\":\"ImageObject\",\"inLanguage\":\"lt-LT\",\"@id\":\"https:\/\/bs2.lt\/#\/schema\/logo\/image\/\",\"url\":\"https:\/\/bs2.lt\/wp-content\/uploads\/2022\/08\/bs2-logo.svg\",\"contentUrl\":\"https:\/\/bs2.lt\/wp-content\/uploads\/2022\/08\/bs2-logo.svg\",\"width\":100,\"height\":57,\"caption\":\"BS\/2\"},\"image\":{\"@id\":\"https:\/\/bs2.lt\/#\/schema\/logo\/image\/\"},\"sameAs\":[\"https:\/\/www.facebook.com\/bs2solutions\/\",\"https:\/\/www.linkedin.com\/showcase\/bs2solutions\",\"https:\/\/www.youtube.com\/c\/Bs2Lt\"]}]}<\/script>\n<!-- \/ Yoast SEO plugin. -->","yoast_head_json":{"title":"Veid\u0173 atpa\u017einimo sprendimai | BS\/2","robots":{"index":"index","follow":"follow","max-snippet":"max-snippet:-1","max-image-preview":"max-image-preview:large","max-video-preview":"max-video-preview:-1"},"canonical":"https:\/\/bs2.lt\/product\/face-recognition\/","og_locale":"lt_LT","og_type":"article","og_title":"Veid\u0173 atpa\u017einimo sprendimai | BS\/2","og_description":"\u201eFace Detection\u201c ir \u201eFace Recognition\u201c \u2013 bankiniam ir ma\u017emenin\u0117s prekybos sektoriams skirti biometriniai sprendimai, veikiantys savitarnos \u012frengini\u0173 apsaug\u0105 u\u017etikrinan\u010dios programin\u0117s sistemos \u201eATMeye.iQ\u201c pagrindu. Biometrinis sprendimas \u201eFace Detection\u201c (i\u0161 angl. \u201eveido aptikimas\u201c) padeda nustatyti, ar prie\u0161ais bankomat\u0105 stovi \u017emogus, ar jis neslepia savo veido. \u0160i veido aptikimo funkcija gali b\u016bti \u012fdiegta bet kokiame savitarnos \u012frenginyje, \u012f [&hellip;]","og_url":"https:\/\/bs2.lt\/product\/face-recognition\/","og_site_name":"BS\/2","article_publisher":"https:\/\/www.facebook.com\/bs2solutions\/","article_modified_time":"2022-03-17T09:33:06+00:00","og_image":[{"width":1200,"height":1000,"url":"https:\/\/bs2.lt\/wp-content\/uploads\/2021\/02\/news-placeholder.jpg","type":"image\/jpeg"}],"twitter_card":"summary_large_image","twitter_misc":{"Est. reading time":"1 minut\u0117"},"schema":{"@context":"https:\/\/schema.org","@graph":[{"@type":"WebPage","@id":"https:\/\/bs2.lt\/product\/face-recognition\/","url":"https:\/\/bs2.lt\/product\/face-recognition\/","name":"Veid\u0173 atpa\u017einimo sprendimai | BS\/2","isPartOf":{"@id":"https:\/\/bs2.lt\/#website"},"primaryImageOfPage":{"@id":"https:\/\/bs2.lt\/product\/face-recognition\/#primaryimage"},"image":{"@id":"https:\/\/bs2.lt\/product\/face-recognition\/#primaryimage"},"thumbnailUrl":"https:\/\/bs2.lt\/wp-content\/uploads\/2022\/03\/face-recognition.jpg","datePublished":"2022-03-15T17:11:41+00:00","dateModified":"2022-03-17T09:33:06+00:00","breadcrumb":{"@id":"https:\/\/bs2.lt\/product\/face-recognition\/#breadcrumb"},"inLanguage":"lt-LT","potentialAction":[{"@type":"ReadAction","target":["https:\/\/bs2.lt\/product\/face-recognition\/"]}]},{"@type":"ImageObject","inLanguage":"lt-LT","@id":"https:\/\/bs2.lt\/product\/face-recognition\/#primaryimage","url":"https:\/\/bs2.lt\/wp-content\/uploads\/2022\/03\/face-recognition.jpg","contentUrl":"https:\/\/bs2.lt\/wp-content\/uploads\/2022\/03\/face-recognition.jpg","width":1200,"height":1000},{"@type":"BreadcrumbList","@id":"https:\/\/bs2.lt\/product\/face-recognition\/#breadcrumb","itemListElement":[{"@type":"ListItem","position":1,"name":"Home","item":"https:\/\/bs2.lt\/lt\/"},{"@type":"ListItem","position":2,"name":"Veid\u0173 atpa\u017einimo sprendimai"}]},{"@type":"WebSite","@id":"https:\/\/bs2.lt\/#website","url":"https:\/\/bs2.lt\/","name":"BS\/2","description":"Banking and retail technology company","publisher":{"@id":"https:\/\/bs2.lt\/#organization"},"potentialAction":[{"@type":"SearchAction","target":{"@type":"EntryPoint","urlTemplate":"https:\/\/bs2.lt\/?s={search_term_string}"},"query-input":{"@type":"PropertyValueSpecification","valueRequired":true,"valueName":"search_term_string"}}],"inLanguage":"lt-LT"},{"@type":"Organization","@id":"https:\/\/bs2.lt\/#organization","name":"BS\/2","url":"https:\/\/bs2.lt\/","logo":{"@type":"ImageObject","inLanguage":"lt-LT","@id":"https:\/\/bs2.lt\/#\/schema\/logo\/image\/","url":"https:\/\/bs2.lt\/wp-content\/uploads\/2022\/08\/bs2-logo.svg","contentUrl":"https:\/\/bs2.lt\/wp-content\/uploads\/2022\/08\/bs2-logo.svg","width":100,"height":57,"caption":"BS\/2"},"image":{"@id":"https:\/\/bs2.lt\/#\/schema\/logo\/image\/"},"sameAs":["https:\/\/www.facebook.com\/bs2solutions\/","https:\/\/www.linkedin.com\/showcase\/bs2solutions","https:\/\/www.youtube.com\/c\/Bs2Lt"]}]}},"_links":{"self":[{"href":"https:\/\/bs2.lt\/lt\/wp-json\/wp\/v2\/product\/25701","targetHints":{"allow":["GET"]}}],"collection":[{"href":"https:\/\/bs2.lt\/lt\/wp-json\/wp\/v2\/product"}],"about":[{"href":"https:\/\/bs2.lt\/lt\/wp-json\/wp\/v2\/types\/product"}],"wp:featuredmedia":[{"embeddable":true,"href":"https:\/\/bs2.lt\/lt\/wp-json\/wp\/v2\/media\/29027"}],"wp:attachment":[{"href":"https:\/\/bs2.lt\/lt\/wp-json\/wp\/v2\/media?parent=25701"}],"wp:term":[{"taxonomy":"product_category","embeddable":true,"href":"https:\/\/bs2.lt\/lt\/wp-json\/wp\/v2\/product_category?post=25701"},{"taxonomy":"atm_series","embeddable":true,"href":"https:\/\/bs2.lt\/lt\/wp-json\/wp\/v2\/atm_series?post=25701"},{"taxonomy":"atm_cashflow","embeddable":true,"href":"https:\/\/bs2.lt\/lt\/wp-json\/wp\/v2\/atm_cashflow?post=25701"},{"taxonomy":"atm_type","embeddable":true,"href":"https:\/\/bs2.lt\/lt\/wp-json\/wp\/v2\/atm_type?post=25701"},{"taxonomy":"product-provider","embeddable":true,"href":"https:\/\/bs2.lt\/lt\/wp-json\/wp\/v2\/product-provider?post=25701"}],"curies":[{"name":"wp","href":"https:\/\/api.w.org\/{rel}","templated":true}]}}