{"id":11932,"date":"2021-01-08T09:37:54","date_gmt":"2021-01-08T11:37:54","guid":{"rendered":"https:\/\/bs2.lt\/bs2.lt\/product\/diebold-nixdorf-dn-200\/"},"modified":"2022-03-28T05:26:10","modified_gmt":"2022-03-28T07:26:10","slug":"diebold-nixdorf-dn-200","status":"publish","type":"product","link":"https:\/\/bs2.lt\/lt\/product\/diebold-nixdorf-dn-200\/","title":{"rendered":"Diebold Nixdorf DN 200H"},"content":{"rendered":"<p>\u201eDN Series 200H\u201c \u2013 tai kompakti\u0161kas, gryn\u0173j\u0173 pinig\u0173 recirkuliacijos sistem\u0105 turintis bankomatas, skirtas montuoti patalpose ir suteikiantis pla\u010di\u0173 bankin\u0117s savitarnos galimybi\u0173.<\/p>\n<p>Bankomatas turi ketvirtos kartos gryn\u0173j\u0173 pinig\u0173 recirkuliacijos modul\u012f RM4H. \u0160iandien tai patikimiausia recirkuliacijos sistema, padedanti klientams kiek \u012fmanoma grei\u010diau \u012fne\u0161ti ar i\u0161siimti didel\u012f skai\u010di\u0173 banknot\u0173.<\/p>\n<p>U\u017e novatori\u0161k\u0105 \u201eDN SeriesTM 200H\u201c bankomat\u0173 funkcionalum\u0105 ir dizain\u0105 gamintoja \u201eDiebold Nixdorf\u201c peln\u0117 presti\u017ein\u012f tarptautin\u012f \u201eRed Dot: Product Design\u201c apdovanojim\u0105.<\/p>\n","protected":false},"featured_media":4937,"template":"","product_category":[209],"atm_series":[210],"atm_cashflow":[250],"atm_type":[253],"product-provider":[],"class_list":["post-11932","product","type-product","status-publish","has-post-thumbnail","hentry","product_category-atm","atm_series-dn-series-lt","atm_cashflow-cash-recycling-system-lt","atm_type-lobby-atms-lt"],"acf":[],"yoast_head":"<!-- This site is optimized with the Yoast SEO plugin v26.2 - https:\/\/yoast.com\/wordpress\/plugins\/seo\/ -->\n<title>Diebold Nixdorf DN 200H | BS\/2<\/title>\n<meta name=\"robots\" content=\"index, follow, max-snippet:-1, max-image-preview:large, max-video-preview:-1\" \/>\n<link rel=\"canonical\" href=\"https:\/\/bs2.lt\/lt\/product\/diebold-nixdorf-dn-200\/\" \/>\n<meta property=\"og:locale\" content=\"lt_LT\" \/>\n<meta property=\"og:type\" content=\"article\" \/>\n<meta property=\"og:title\" content=\"Diebold Nixdorf DN 200H | BS\/2\" \/>\n<meta property=\"og:description\" content=\"\u201eDN Series 200H\u201c \u2013 tai kompakti\u0161kas, gryn\u0173j\u0173 pinig\u0173 recirkuliacijos sistem\u0105 turintis bankomatas, skirtas montuoti patalpose ir suteikiantis pla\u010di\u0173 bankin\u0117s savitarnos galimybi\u0173. Bankomatas turi ketvirtos kartos gryn\u0173j\u0173 pinig\u0173 recirkuliacijos modul\u012f RM4H. \u0160iandien tai patikimiausia recirkuliacijos sistema, padedanti klientams kiek \u012fmanoma grei\u010diau \u012fne\u0161ti ar i\u0161siimti didel\u012f skai\u010di\u0173 banknot\u0173. U\u017e novatori\u0161k\u0105 \u201eDN SeriesTM 200H\u201c bankomat\u0173 funkcionalum\u0105 ir dizain\u0105 [&hellip;]\" \/>\n<meta property=\"og:url\" content=\"https:\/\/bs2.lt\/lt\/product\/diebold-nixdorf-dn-200\/\" \/>\n<meta property=\"og:site_name\" content=\"BS\/2\" \/>\n<meta property=\"article:publisher\" content=\"https:\/\/www.facebook.com\/bs2solutions\/\" \/>\n<meta property=\"article:modified_time\" content=\"2022-03-28T07:26:10+00:00\" \/>\n<meta property=\"og:image\" content=\"https:\/\/bs2.lt\/wp-content\/uploads\/2021\/01\/dn-series-200.png\" \/>\n\t<meta property=\"og:image:width\" content=\"569\" \/>\n\t<meta property=\"og:image:height\" content=\"1600\" \/>\n\t<meta property=\"og:image:type\" content=\"image\/png\" \/>\n<meta name=\"twitter:card\" content=\"summary_large_image\" \/>\n<meta name=\"twitter:label1\" content=\"Est. reading time\" \/>\n\t<meta name=\"twitter:data1\" content=\"1 minut\u0117\" \/>\n<script type=\"application\/ld+json\" class=\"yoast-schema-graph\">{\"@context\":\"https:\/\/schema.org\",\"@graph\":[{\"@type\":\"WebPage\",\"@id\":\"https:\/\/bs2.lt\/lt\/product\/diebold-nixdorf-dn-200\/\",\"url\":\"https:\/\/bs2.lt\/lt\/product\/diebold-nixdorf-dn-200\/\",\"name\":\"Diebold Nixdorf DN 200H | BS\/2\",\"isPartOf\":{\"@id\":\"https:\/\/bs2.lt\/#website\"},\"primaryImageOfPage\":{\"@id\":\"https:\/\/bs2.lt\/lt\/product\/diebold-nixdorf-dn-200\/#primaryimage\"},\"image\":{\"@id\":\"https:\/\/bs2.lt\/lt\/product\/diebold-nixdorf-dn-200\/#primaryimage\"},\"thumbnailUrl\":\"https:\/\/bs2.lt\/wp-content\/uploads\/2021\/01\/dn-series-200.png\",\"datePublished\":\"2021-01-08T11:37:54+00:00\",\"dateModified\":\"2022-03-28T07:26:10+00:00\",\"breadcrumb\":{\"@id\":\"https:\/\/bs2.lt\/lt\/product\/diebold-nixdorf-dn-200\/#breadcrumb\"},\"inLanguage\":\"lt-LT\",\"potentialAction\":[{\"@type\":\"ReadAction\",\"target\":[\"https:\/\/bs2.lt\/lt\/product\/diebold-nixdorf-dn-200\/\"]}]},{\"@type\":\"ImageObject\",\"inLanguage\":\"lt-LT\",\"@id\":\"https:\/\/bs2.lt\/lt\/product\/diebold-nixdorf-dn-200\/#primaryimage\",\"url\":\"https:\/\/bs2.lt\/wp-content\/uploads\/2021\/01\/dn-series-200.png\",\"contentUrl\":\"https:\/\/bs2.lt\/wp-content\/uploads\/2021\/01\/dn-series-200.png\",\"width\":569,\"height\":1600},{\"@type\":\"BreadcrumbList\",\"@id\":\"https:\/\/bs2.lt\/lt\/product\/diebold-nixdorf-dn-200\/#breadcrumb\",\"itemListElement\":[{\"@type\":\"ListItem\",\"position\":1,\"name\":\"Home\",\"item\":\"https:\/\/bs2.lt\/lt\/\"},{\"@type\":\"ListItem\",\"position\":2,\"name\":\"Diebold Nixdorf DN 200H\"}]},{\"@type\":\"WebSite\",\"@id\":\"https:\/\/bs2.lt\/#website\",\"url\":\"https:\/\/bs2.lt\/\",\"name\":\"BS\/2\",\"description\":\"Banking and retail technology company\",\"publisher\":{\"@id\":\"https:\/\/bs2.lt\/#organization\"},\"potentialAction\":[{\"@type\":\"SearchAction\",\"target\":{\"@type\":\"EntryPoint\",\"urlTemplate\":\"https:\/\/bs2.lt\/?s={search_term_string}\"},\"query-input\":{\"@type\":\"PropertyValueSpecification\",\"valueRequired\":true,\"valueName\":\"search_term_string\"}}],\"inLanguage\":\"lt-LT\"},{\"@type\":\"Organization\",\"@id\":\"https:\/\/bs2.lt\/#organization\",\"name\":\"BS\/2\",\"url\":\"https:\/\/bs2.lt\/\",\"logo\":{\"@type\":\"ImageObject\",\"inLanguage\":\"lt-LT\",\"@id\":\"https:\/\/bs2.lt\/#\/schema\/logo\/image\/\",\"url\":\"https:\/\/bs2.lt\/wp-content\/uploads\/2022\/08\/bs2-logo.svg\",\"contentUrl\":\"https:\/\/bs2.lt\/wp-content\/uploads\/2022\/08\/bs2-logo.svg\",\"width\":100,\"height\":57,\"caption\":\"BS\/2\"},\"image\":{\"@id\":\"https:\/\/bs2.lt\/#\/schema\/logo\/image\/\"},\"sameAs\":[\"https:\/\/www.facebook.com\/bs2solutions\/\",\"https:\/\/www.linkedin.com\/showcase\/bs2solutions\",\"https:\/\/www.youtube.com\/c\/Bs2Lt\"]}]}<\/script>\n<!-- \/ Yoast SEO plugin. -->","yoast_head_json":{"title":"Diebold Nixdorf DN 200H | BS\/2","robots":{"index":"index","follow":"follow","max-snippet":"max-snippet:-1","max-image-preview":"max-image-preview:large","max-video-preview":"max-video-preview:-1"},"canonical":"https:\/\/bs2.lt\/lt\/product\/diebold-nixdorf-dn-200\/","og_locale":"lt_LT","og_type":"article","og_title":"Diebold Nixdorf DN 200H | BS\/2","og_description":"\u201eDN Series 200H\u201c \u2013 tai kompakti\u0161kas, gryn\u0173j\u0173 pinig\u0173 recirkuliacijos sistem\u0105 turintis bankomatas, skirtas montuoti patalpose ir suteikiantis pla\u010di\u0173 bankin\u0117s savitarnos galimybi\u0173. Bankomatas turi ketvirtos kartos gryn\u0173j\u0173 pinig\u0173 recirkuliacijos modul\u012f RM4H. \u0160iandien tai patikimiausia recirkuliacijos sistema, padedanti klientams kiek \u012fmanoma grei\u010diau \u012fne\u0161ti ar i\u0161siimti didel\u012f skai\u010di\u0173 banknot\u0173. U\u017e novatori\u0161k\u0105 \u201eDN SeriesTM 200H\u201c bankomat\u0173 funkcionalum\u0105 ir dizain\u0105 [&hellip;]","og_url":"https:\/\/bs2.lt\/lt\/product\/diebold-nixdorf-dn-200\/","og_site_name":"BS\/2","article_publisher":"https:\/\/www.facebook.com\/bs2solutions\/","article_modified_time":"2022-03-28T07:26:10+00:00","og_image":[{"width":569,"height":1600,"url":"https:\/\/bs2.lt\/wp-content\/uploads\/2021\/01\/dn-series-200.png","type":"image\/png"}],"twitter_card":"summary_large_image","twitter_misc":{"Est. reading time":"1 minut\u0117"},"schema":{"@context":"https:\/\/schema.org","@graph":[{"@type":"WebPage","@id":"https:\/\/bs2.lt\/lt\/product\/diebold-nixdorf-dn-200\/","url":"https:\/\/bs2.lt\/lt\/product\/diebold-nixdorf-dn-200\/","name":"Diebold Nixdorf DN 200H | BS\/2","isPartOf":{"@id":"https:\/\/bs2.lt\/#website"},"primaryImageOfPage":{"@id":"https:\/\/bs2.lt\/lt\/product\/diebold-nixdorf-dn-200\/#primaryimage"},"image":{"@id":"https:\/\/bs2.lt\/lt\/product\/diebold-nixdorf-dn-200\/#primaryimage"},"thumbnailUrl":"https:\/\/bs2.lt\/wp-content\/uploads\/2021\/01\/dn-series-200.png","datePublished":"2021-01-08T11:37:54+00:00","dateModified":"2022-03-28T07:26:10+00:00","breadcrumb":{"@id":"https:\/\/bs2.lt\/lt\/product\/diebold-nixdorf-dn-200\/#breadcrumb"},"inLanguage":"lt-LT","potentialAction":[{"@type":"ReadAction","target":["https:\/\/bs2.lt\/lt\/product\/diebold-nixdorf-dn-200\/"]}]},{"@type":"ImageObject","inLanguage":"lt-LT","@id":"https:\/\/bs2.lt\/lt\/product\/diebold-nixdorf-dn-200\/#primaryimage","url":"https:\/\/bs2.lt\/wp-content\/uploads\/2021\/01\/dn-series-200.png","contentUrl":"https:\/\/bs2.lt\/wp-content\/uploads\/2021\/01\/dn-series-200.png","width":569,"height":1600},{"@type":"BreadcrumbList","@id":"https:\/\/bs2.lt\/lt\/product\/diebold-nixdorf-dn-200\/#breadcrumb","itemListElement":[{"@type":"ListItem","position":1,"name":"Home","item":"https:\/\/bs2.lt\/lt\/"},{"@type":"ListItem","position":2,"name":"Diebold Nixdorf DN 200H"}]},{"@type":"WebSite","@id":"https:\/\/bs2.lt\/#website","url":"https:\/\/bs2.lt\/","name":"BS\/2","description":"Banking and retail technology company","publisher":{"@id":"https:\/\/bs2.lt\/#organization"},"potentialAction":[{"@type":"SearchAction","target":{"@type":"EntryPoint","urlTemplate":"https:\/\/bs2.lt\/?s={search_term_string}"},"query-input":{"@type":"PropertyValueSpecification","valueRequired":true,"valueName":"search_term_string"}}],"inLanguage":"lt-LT"},{"@type":"Organization","@id":"https:\/\/bs2.lt\/#organization","name":"BS\/2","url":"https:\/\/bs2.lt\/","logo":{"@type":"ImageObject","inLanguage":"lt-LT","@id":"https:\/\/bs2.lt\/#\/schema\/logo\/image\/","url":"https:\/\/bs2.lt\/wp-content\/uploads\/2022\/08\/bs2-logo.svg","contentUrl":"https:\/\/bs2.lt\/wp-content\/uploads\/2022\/08\/bs2-logo.svg","width":100,"height":57,"caption":"BS\/2"},"image":{"@id":"https:\/\/bs2.lt\/#\/schema\/logo\/image\/"},"sameAs":["https:\/\/www.facebook.com\/bs2solutions\/","https:\/\/www.linkedin.com\/showcase\/bs2solutions","https:\/\/www.youtube.com\/c\/Bs2Lt"]}]}},"_links":{"self":[{"href":"https:\/\/bs2.lt\/lt\/wp-json\/wp\/v2\/product\/11932","targetHints":{"allow":["GET"]}}],"collection":[{"href":"https:\/\/bs2.lt\/lt\/wp-json\/wp\/v2\/product"}],"about":[{"href":"https:\/\/bs2.lt\/lt\/wp-json\/wp\/v2\/types\/product"}],"wp:featuredmedia":[{"embeddable":true,"href":"https:\/\/bs2.lt\/lt\/wp-json\/wp\/v2\/media\/4937"}],"wp:attachment":[{"href":"https:\/\/bs2.lt\/lt\/wp-json\/wp\/v2\/media?parent=11932"}],"wp:term":[{"taxonomy":"product_category","embeddable":true,"href":"https:\/\/bs2.lt\/lt\/wp-json\/wp\/v2\/product_category?post=11932"},{"taxonomy":"atm_series","embeddable":true,"href":"https:\/\/bs2.lt\/lt\/wp-json\/wp\/v2\/atm_series?post=11932"},{"taxonomy":"atm_cashflow","embeddable":true,"href":"https:\/\/bs2.lt\/lt\/wp-json\/wp\/v2\/atm_cashflow?post=11932"},{"taxonomy":"atm_type","embeddable":true,"href":"https:\/\/bs2.lt\/lt\/wp-json\/wp\/v2\/atm_type?post=11932"},{"taxonomy":"product-provider","embeddable":true,"href":"https:\/\/bs2.lt\/lt\/wp-json\/wp\/v2\/product-provider?post=11932"}],"curies":[{"name":"wp","href":"https:\/\/api.w.org\/{rel}","templated":true}]}}