{"id":11923,"date":"2021-01-08T12:25:09","date_gmt":"2021-01-08T14:25:09","guid":{"rendered":"https:\/\/bs2.lt\/bs2.lt\/product\/diebold-nixdorf-dn-450h\/"},"modified":"2022-03-28T05:28:11","modified_gmt":"2022-03-28T07:28:11","slug":"diebold-nixdorf-dn-450h","status":"publish","type":"product","link":"https:\/\/bs2.lt\/lt\/product\/diebold-nixdorf-dn-450h\/","title":{"rendered":"Diebold Nixdorf DN 450H"},"content":{"rendered":"<p>\u201eDN Series 450H\u201c\u00a0 \u2013\u00a0 tai daugiafunkcis, \u012f sien\u0105 \u012fmontuojamas bankomatas su gryn\u0173j\u0173 pinig\u0173 recirkuliacijos sistema, suteikiantis pla\u010di\u0173 bankin\u0117s savitarnos galimybi\u0173. Naudojantis \u201eDN SeriesTM 450H\u201c paslaugos tampa dar prieinamesn\u0117s ne tik privatiems asmenims, bet ir smulkiojo bei vidutinio verslo atstovams.<\/p>\n<p>\u201eDN Series 450H\u201c bankomatas turi ketvirtos kartos gryn\u0173j\u0173 pinig\u0173 recirkuliacijos modul\u012f RM4H. \u0160iandien tai patikimiausia gryn\u0173j\u0173 pinig\u0173 recirkuliacijos sistema, padedanti klientams kiek \u012fmanoma grei\u010diau i\u0161siimti ar \u012fne\u0161ti didel\u012f skai\u010di\u0173 banknot\u0173.<\/p>\n","protected":false},"featured_media":4968,"template":"","product_category":[209],"atm_series":[210],"atm_cashflow":[250],"atm_type":[251],"product-provider":[],"class_list":["post-11923","product","type-product","status-publish","has-post-thumbnail","hentry","product_category-atm","atm_series-dn-series-lt","atm_cashflow-cash-recycling-system-lt","atm_type-through-the-wall-atms-lt"],"acf":[],"yoast_head":"<!-- This site is optimized with the Yoast SEO plugin v26.2 - https:\/\/yoast.com\/wordpress\/plugins\/seo\/ -->\n<title>Diebold Nixdorf DN 450H | BS\/2<\/title>\n<meta name=\"robots\" content=\"index, follow, max-snippet:-1, max-image-preview:large, max-video-preview:-1\" \/>\n<link rel=\"canonical\" href=\"https:\/\/bs2.lt\/lt\/product\/diebold-nixdorf-dn-450h\/\" \/>\n<meta property=\"og:locale\" content=\"lt_LT\" \/>\n<meta property=\"og:type\" content=\"article\" \/>\n<meta property=\"og:title\" content=\"Diebold Nixdorf DN 450H | BS\/2\" \/>\n<meta property=\"og:description\" content=\"\u201eDN Series 450H\u201c\u00a0 \u2013\u00a0 tai daugiafunkcis, \u012f sien\u0105 \u012fmontuojamas bankomatas su gryn\u0173j\u0173 pinig\u0173 recirkuliacijos sistema, suteikiantis pla\u010di\u0173 bankin\u0117s savitarnos galimybi\u0173. Naudojantis \u201eDN SeriesTM 450H\u201c paslaugos tampa dar prieinamesn\u0117s ne tik privatiems asmenims, bet ir smulkiojo bei vidutinio verslo atstovams. \u201eDN Series 450H\u201c bankomatas turi ketvirtos kartos gryn\u0173j\u0173 pinig\u0173 recirkuliacijos modul\u012f RM4H. \u0160iandien tai patikimiausia gryn\u0173j\u0173 [&hellip;]\" \/>\n<meta property=\"og:url\" content=\"https:\/\/bs2.lt\/lt\/product\/diebold-nixdorf-dn-450h\/\" \/>\n<meta property=\"og:site_name\" content=\"BS\/2\" \/>\n<meta property=\"article:publisher\" content=\"https:\/\/www.facebook.com\/bs2solutions\/\" \/>\n<meta property=\"article:modified_time\" content=\"2022-03-28T07:28:11+00:00\" \/>\n<meta property=\"og:image\" content=\"https:\/\/bs2.lt\/wp-content\/uploads\/2021\/01\/dn-series-450.png\" \/>\n\t<meta property=\"og:image:width\" content=\"1194\" \/>\n\t<meta property=\"og:image:height\" content=\"1600\" \/>\n\t<meta property=\"og:image:type\" content=\"image\/png\" \/>\n<meta name=\"twitter:card\" content=\"summary_large_image\" \/>\n<meta name=\"twitter:label1\" content=\"Est. reading time\" \/>\n\t<meta name=\"twitter:data1\" content=\"1 minut\u0117\" \/>\n<script type=\"application\/ld+json\" class=\"yoast-schema-graph\">{\"@context\":\"https:\/\/schema.org\",\"@graph\":[{\"@type\":\"WebPage\",\"@id\":\"https:\/\/bs2.lt\/lt\/product\/diebold-nixdorf-dn-450h\/\",\"url\":\"https:\/\/bs2.lt\/lt\/product\/diebold-nixdorf-dn-450h\/\",\"name\":\"Diebold Nixdorf DN 450H | BS\/2\",\"isPartOf\":{\"@id\":\"https:\/\/bs2.lt\/#website\"},\"primaryImageOfPage\":{\"@id\":\"https:\/\/bs2.lt\/lt\/product\/diebold-nixdorf-dn-450h\/#primaryimage\"},\"image\":{\"@id\":\"https:\/\/bs2.lt\/lt\/product\/diebold-nixdorf-dn-450h\/#primaryimage\"},\"thumbnailUrl\":\"https:\/\/bs2.lt\/wp-content\/uploads\/2021\/01\/dn-series-450.png\",\"datePublished\":\"2021-01-08T14:25:09+00:00\",\"dateModified\":\"2022-03-28T07:28:11+00:00\",\"breadcrumb\":{\"@id\":\"https:\/\/bs2.lt\/lt\/product\/diebold-nixdorf-dn-450h\/#breadcrumb\"},\"inLanguage\":\"lt-LT\",\"potentialAction\":[{\"@type\":\"ReadAction\",\"target\":[\"https:\/\/bs2.lt\/lt\/product\/diebold-nixdorf-dn-450h\/\"]}]},{\"@type\":\"ImageObject\",\"inLanguage\":\"lt-LT\",\"@id\":\"https:\/\/bs2.lt\/lt\/product\/diebold-nixdorf-dn-450h\/#primaryimage\",\"url\":\"https:\/\/bs2.lt\/wp-content\/uploads\/2021\/01\/dn-series-450.png\",\"contentUrl\":\"https:\/\/bs2.lt\/wp-content\/uploads\/2021\/01\/dn-series-450.png\",\"width\":1194,\"height\":1600},{\"@type\":\"BreadcrumbList\",\"@id\":\"https:\/\/bs2.lt\/lt\/product\/diebold-nixdorf-dn-450h\/#breadcrumb\",\"itemListElement\":[{\"@type\":\"ListItem\",\"position\":1,\"name\":\"Home\",\"item\":\"https:\/\/bs2.lt\/lt\/\"},{\"@type\":\"ListItem\",\"position\":2,\"name\":\"Diebold Nixdorf DN 450H\"}]},{\"@type\":\"WebSite\",\"@id\":\"https:\/\/bs2.lt\/#website\",\"url\":\"https:\/\/bs2.lt\/\",\"name\":\"BS\/2\",\"description\":\"Banking and retail technology company\",\"publisher\":{\"@id\":\"https:\/\/bs2.lt\/#organization\"},\"potentialAction\":[{\"@type\":\"SearchAction\",\"target\":{\"@type\":\"EntryPoint\",\"urlTemplate\":\"https:\/\/bs2.lt\/?s={search_term_string}\"},\"query-input\":{\"@type\":\"PropertyValueSpecification\",\"valueRequired\":true,\"valueName\":\"search_term_string\"}}],\"inLanguage\":\"lt-LT\"},{\"@type\":\"Organization\",\"@id\":\"https:\/\/bs2.lt\/#organization\",\"name\":\"BS\/2\",\"url\":\"https:\/\/bs2.lt\/\",\"logo\":{\"@type\":\"ImageObject\",\"inLanguage\":\"lt-LT\",\"@id\":\"https:\/\/bs2.lt\/#\/schema\/logo\/image\/\",\"url\":\"https:\/\/bs2.lt\/wp-content\/uploads\/2022\/08\/bs2-logo.svg\",\"contentUrl\":\"https:\/\/bs2.lt\/wp-content\/uploads\/2022\/08\/bs2-logo.svg\",\"width\":100,\"height\":57,\"caption\":\"BS\/2\"},\"image\":{\"@id\":\"https:\/\/bs2.lt\/#\/schema\/logo\/image\/\"},\"sameAs\":[\"https:\/\/www.facebook.com\/bs2solutions\/\",\"https:\/\/www.linkedin.com\/showcase\/bs2solutions\",\"https:\/\/www.youtube.com\/c\/Bs2Lt\"]}]}<\/script>\n<!-- \/ Yoast SEO plugin. -->","yoast_head_json":{"title":"Diebold Nixdorf DN 450H | BS\/2","robots":{"index":"index","follow":"follow","max-snippet":"max-snippet:-1","max-image-preview":"max-image-preview:large","max-video-preview":"max-video-preview:-1"},"canonical":"https:\/\/bs2.lt\/lt\/product\/diebold-nixdorf-dn-450h\/","og_locale":"lt_LT","og_type":"article","og_title":"Diebold Nixdorf DN 450H | BS\/2","og_description":"\u201eDN Series 450H\u201c\u00a0 \u2013\u00a0 tai daugiafunkcis, \u012f sien\u0105 \u012fmontuojamas bankomatas su gryn\u0173j\u0173 pinig\u0173 recirkuliacijos sistema, suteikiantis pla\u010di\u0173 bankin\u0117s savitarnos galimybi\u0173. Naudojantis \u201eDN SeriesTM 450H\u201c paslaugos tampa dar prieinamesn\u0117s ne tik privatiems asmenims, bet ir smulkiojo bei vidutinio verslo atstovams. \u201eDN Series 450H\u201c bankomatas turi ketvirtos kartos gryn\u0173j\u0173 pinig\u0173 recirkuliacijos modul\u012f RM4H. \u0160iandien tai patikimiausia gryn\u0173j\u0173 [&hellip;]","og_url":"https:\/\/bs2.lt\/lt\/product\/diebold-nixdorf-dn-450h\/","og_site_name":"BS\/2","article_publisher":"https:\/\/www.facebook.com\/bs2solutions\/","article_modified_time":"2022-03-28T07:28:11+00:00","og_image":[{"width":1194,"height":1600,"url":"https:\/\/bs2.lt\/wp-content\/uploads\/2021\/01\/dn-series-450.png","type":"image\/png"}],"twitter_card":"summary_large_image","twitter_misc":{"Est. reading time":"1 minut\u0117"},"schema":{"@context":"https:\/\/schema.org","@graph":[{"@type":"WebPage","@id":"https:\/\/bs2.lt\/lt\/product\/diebold-nixdorf-dn-450h\/","url":"https:\/\/bs2.lt\/lt\/product\/diebold-nixdorf-dn-450h\/","name":"Diebold Nixdorf DN 450H | BS\/2","isPartOf":{"@id":"https:\/\/bs2.lt\/#website"},"primaryImageOfPage":{"@id":"https:\/\/bs2.lt\/lt\/product\/diebold-nixdorf-dn-450h\/#primaryimage"},"image":{"@id":"https:\/\/bs2.lt\/lt\/product\/diebold-nixdorf-dn-450h\/#primaryimage"},"thumbnailUrl":"https:\/\/bs2.lt\/wp-content\/uploads\/2021\/01\/dn-series-450.png","datePublished":"2021-01-08T14:25:09+00:00","dateModified":"2022-03-28T07:28:11+00:00","breadcrumb":{"@id":"https:\/\/bs2.lt\/lt\/product\/diebold-nixdorf-dn-450h\/#breadcrumb"},"inLanguage":"lt-LT","potentialAction":[{"@type":"ReadAction","target":["https:\/\/bs2.lt\/lt\/product\/diebold-nixdorf-dn-450h\/"]}]},{"@type":"ImageObject","inLanguage":"lt-LT","@id":"https:\/\/bs2.lt\/lt\/product\/diebold-nixdorf-dn-450h\/#primaryimage","url":"https:\/\/bs2.lt\/wp-content\/uploads\/2021\/01\/dn-series-450.png","contentUrl":"https:\/\/bs2.lt\/wp-content\/uploads\/2021\/01\/dn-series-450.png","width":1194,"height":1600},{"@type":"BreadcrumbList","@id":"https:\/\/bs2.lt\/lt\/product\/diebold-nixdorf-dn-450h\/#breadcrumb","itemListElement":[{"@type":"ListItem","position":1,"name":"Home","item":"https:\/\/bs2.lt\/lt\/"},{"@type":"ListItem","position":2,"name":"Diebold Nixdorf DN 450H"}]},{"@type":"WebSite","@id":"https:\/\/bs2.lt\/#website","url":"https:\/\/bs2.lt\/","name":"BS\/2","description":"Banking and retail technology company","publisher":{"@id":"https:\/\/bs2.lt\/#organization"},"potentialAction":[{"@type":"SearchAction","target":{"@type":"EntryPoint","urlTemplate":"https:\/\/bs2.lt\/?s={search_term_string}"},"query-input":{"@type":"PropertyValueSpecification","valueRequired":true,"valueName":"search_term_string"}}],"inLanguage":"lt-LT"},{"@type":"Organization","@id":"https:\/\/bs2.lt\/#organization","name":"BS\/2","url":"https:\/\/bs2.lt\/","logo":{"@type":"ImageObject","inLanguage":"lt-LT","@id":"https:\/\/bs2.lt\/#\/schema\/logo\/image\/","url":"https:\/\/bs2.lt\/wp-content\/uploads\/2022\/08\/bs2-logo.svg","contentUrl":"https:\/\/bs2.lt\/wp-content\/uploads\/2022\/08\/bs2-logo.svg","width":100,"height":57,"caption":"BS\/2"},"image":{"@id":"https:\/\/bs2.lt\/#\/schema\/logo\/image\/"},"sameAs":["https:\/\/www.facebook.com\/bs2solutions\/","https:\/\/www.linkedin.com\/showcase\/bs2solutions","https:\/\/www.youtube.com\/c\/Bs2Lt"]}]}},"_links":{"self":[{"href":"https:\/\/bs2.lt\/lt\/wp-json\/wp\/v2\/product\/11923","targetHints":{"allow":["GET"]}}],"collection":[{"href":"https:\/\/bs2.lt\/lt\/wp-json\/wp\/v2\/product"}],"about":[{"href":"https:\/\/bs2.lt\/lt\/wp-json\/wp\/v2\/types\/product"}],"wp:featuredmedia":[{"embeddable":true,"href":"https:\/\/bs2.lt\/lt\/wp-json\/wp\/v2\/media\/4968"}],"wp:attachment":[{"href":"https:\/\/bs2.lt\/lt\/wp-json\/wp\/v2\/media?parent=11923"}],"wp:term":[{"taxonomy":"product_category","embeddable":true,"href":"https:\/\/bs2.lt\/lt\/wp-json\/wp\/v2\/product_category?post=11923"},{"taxonomy":"atm_series","embeddable":true,"href":"https:\/\/bs2.lt\/lt\/wp-json\/wp\/v2\/atm_series?post=11923"},{"taxonomy":"atm_cashflow","embeddable":true,"href":"https:\/\/bs2.lt\/lt\/wp-json\/wp\/v2\/atm_cashflow?post=11923"},{"taxonomy":"atm_type","embeddable":true,"href":"https:\/\/bs2.lt\/lt\/wp-json\/wp\/v2\/atm_type?post=11923"},{"taxonomy":"product-provider","embeddable":true,"href":"https:\/\/bs2.lt\/lt\/wp-json\/wp\/v2\/product-provider?post=11923"}],"curies":[{"name":"wp","href":"https:\/\/api.w.org\/{rel}","templated":true}]}}