{"id":11914,"date":"2021-01-08T12:35:10","date_gmt":"2021-01-08T14:35:10","guid":{"rendered":"https:\/\/bs2.lt\/bs2.lt\/product\/diebold-nixdorf-dn-470c\/"},"modified":"2022-03-28T05:28:51","modified_gmt":"2022-03-28T07:28:51","slug":"diebold-nixdorf-dn-470c","status":"publish","type":"product","link":"https:\/\/bs2.lt\/lt\/product\/diebold-nixdorf-dn-470c\/","title":{"rendered":"Diebold Nixdorf DN 470C"},"content":{"rendered":"<p>\u201eDN SeriesTM 470C\u201c \u2013 tai daugiafunkcis, lauke montuojamas bankomatas, atliekantis gryn\u0173j\u0173 pinig\u0173 i\u0161davimo funkcij\u0105, itin patogus naudotis net nei\u0161lipant i\u0161 transporto priemon\u0117s.<\/p>\n<p>\u0160is savitarnos \u012frenginys klientams suteikia dar daugiau galimybi\u0173. \u012e j\u012f \u012fdiegti modern\u016bs programiniai sprendimai i\u0161ple\u010dia funkcijas, tod\u0117l naudojantis bankomatu galima atlikti dal\u012f \u012fprast\u0173 bank\u0173 padaliniuose vykdom\u0173 operacij\u0173, o finansin\u0117s organizacijos darbuotojai kiekvienam klientui gali skirti daugiau individualaus d\u0117mesio.<\/p>\n<p>\u201eDN SeriesTM 470C\u201c bankomatas turi CMD-V6C monet\u0173 i\u0161davimo \u012ftais\u0105, kuris u\u017etikrina didesn\u012f \u0161io savitarnos \u012frenginio funkcionalum\u0105 ir prieinamum\u0105.<\/p>\n","protected":false},"featured_media":4974,"template":"","product_category":[209],"atm_series":[210],"atm_cashflow":[211],"atm_type":[212],"product-provider":[],"class_list":["post-11914","product","type-product","status-publish","has-post-thumbnail","hentry","product_category-atm","atm_series-dn-series-lt","atm_cashflow-cash-out-lt","atm_type-drive-up-atms-lt"],"acf":[],"yoast_head":"<!-- This site is optimized with the Yoast SEO plugin v26.2 - https:\/\/yoast.com\/wordpress\/plugins\/seo\/ -->\n<title>Diebold Nixdorf DN 470C | BS\/2<\/title>\n<meta name=\"robots\" content=\"index, follow, max-snippet:-1, max-image-preview:large, max-video-preview:-1\" \/>\n<link rel=\"canonical\" href=\"https:\/\/bs2.lt\/lt\/product\/diebold-nixdorf-dn-470c\/\" \/>\n<meta property=\"og:locale\" content=\"lt_LT\" \/>\n<meta property=\"og:type\" content=\"article\" \/>\n<meta property=\"og:title\" content=\"Diebold Nixdorf DN 470C | BS\/2\" \/>\n<meta property=\"og:description\" content=\"\u201eDN SeriesTM 470C\u201c \u2013 tai daugiafunkcis, lauke montuojamas bankomatas, atliekantis gryn\u0173j\u0173 pinig\u0173 i\u0161davimo funkcij\u0105, itin patogus naudotis net nei\u0161lipant i\u0161 transporto priemon\u0117s. \u0160is savitarnos \u012frenginys klientams suteikia dar daugiau galimybi\u0173. \u012e j\u012f \u012fdiegti modern\u016bs programiniai sprendimai i\u0161ple\u010dia funkcijas, tod\u0117l naudojantis bankomatu galima atlikti dal\u012f \u012fprast\u0173 bank\u0173 padaliniuose vykdom\u0173 operacij\u0173, o finansin\u0117s organizacijos darbuotojai kiekvienam klientui [&hellip;]\" \/>\n<meta property=\"og:url\" content=\"https:\/\/bs2.lt\/lt\/product\/diebold-nixdorf-dn-470c\/\" \/>\n<meta property=\"og:site_name\" content=\"BS\/2\" \/>\n<meta property=\"article:publisher\" content=\"https:\/\/www.facebook.com\/bs2solutions\/\" \/>\n<meta property=\"article:modified_time\" content=\"2022-03-28T07:28:51+00:00\" \/>\n<meta property=\"og:image\" content=\"https:\/\/bs2.lt\/wp-content\/uploads\/2021\/01\/dn-series-470-874x1024.png\" \/>\n\t<meta property=\"og:image:width\" content=\"874\" \/>\n\t<meta property=\"og:image:height\" content=\"1024\" \/>\n\t<meta property=\"og:image:type\" content=\"image\/png\" \/>\n<meta name=\"twitter:card\" content=\"summary_large_image\" \/>\n<meta name=\"twitter:label1\" content=\"Est. reading time\" \/>\n\t<meta name=\"twitter:data1\" content=\"1 minut\u0117\" \/>\n<script type=\"application\/ld+json\" class=\"yoast-schema-graph\">{\"@context\":\"https:\/\/schema.org\",\"@graph\":[{\"@type\":\"WebPage\",\"@id\":\"https:\/\/bs2.lt\/lt\/product\/diebold-nixdorf-dn-470c\/\",\"url\":\"https:\/\/bs2.lt\/lt\/product\/diebold-nixdorf-dn-470c\/\",\"name\":\"Diebold Nixdorf DN 470C | BS\/2\",\"isPartOf\":{\"@id\":\"https:\/\/bs2.lt\/#website\"},\"primaryImageOfPage\":{\"@id\":\"https:\/\/bs2.lt\/lt\/product\/diebold-nixdorf-dn-470c\/#primaryimage\"},\"image\":{\"@id\":\"https:\/\/bs2.lt\/lt\/product\/diebold-nixdorf-dn-470c\/#primaryimage\"},\"thumbnailUrl\":\"https:\/\/bs2.lt\/wp-content\/uploads\/2021\/01\/dn-series-470.png\",\"datePublished\":\"2021-01-08T14:35:10+00:00\",\"dateModified\":\"2022-03-28T07:28:51+00:00\",\"breadcrumb\":{\"@id\":\"https:\/\/bs2.lt\/lt\/product\/diebold-nixdorf-dn-470c\/#breadcrumb\"},\"inLanguage\":\"lt-LT\",\"potentialAction\":[{\"@type\":\"ReadAction\",\"target\":[\"https:\/\/bs2.lt\/lt\/product\/diebold-nixdorf-dn-470c\/\"]}]},{\"@type\":\"ImageObject\",\"inLanguage\":\"lt-LT\",\"@id\":\"https:\/\/bs2.lt\/lt\/product\/diebold-nixdorf-dn-470c\/#primaryimage\",\"url\":\"https:\/\/bs2.lt\/wp-content\/uploads\/2021\/01\/dn-series-470.png\",\"contentUrl\":\"https:\/\/bs2.lt\/wp-content\/uploads\/2021\/01\/dn-series-470.png\",\"width\":1366,\"height\":1600},{\"@type\":\"BreadcrumbList\",\"@id\":\"https:\/\/bs2.lt\/lt\/product\/diebold-nixdorf-dn-470c\/#breadcrumb\",\"itemListElement\":[{\"@type\":\"ListItem\",\"position\":1,\"name\":\"Home\",\"item\":\"https:\/\/bs2.lt\/lt\/\"},{\"@type\":\"ListItem\",\"position\":2,\"name\":\"Diebold Nixdorf DN 470C\"}]},{\"@type\":\"WebSite\",\"@id\":\"https:\/\/bs2.lt\/#website\",\"url\":\"https:\/\/bs2.lt\/\",\"name\":\"BS\/2\",\"description\":\"Banking and retail technology company\",\"publisher\":{\"@id\":\"https:\/\/bs2.lt\/#organization\"},\"potentialAction\":[{\"@type\":\"SearchAction\",\"target\":{\"@type\":\"EntryPoint\",\"urlTemplate\":\"https:\/\/bs2.lt\/?s={search_term_string}\"},\"query-input\":{\"@type\":\"PropertyValueSpecification\",\"valueRequired\":true,\"valueName\":\"search_term_string\"}}],\"inLanguage\":\"lt-LT\"},{\"@type\":\"Organization\",\"@id\":\"https:\/\/bs2.lt\/#organization\",\"name\":\"BS\/2\",\"url\":\"https:\/\/bs2.lt\/\",\"logo\":{\"@type\":\"ImageObject\",\"inLanguage\":\"lt-LT\",\"@id\":\"https:\/\/bs2.lt\/#\/schema\/logo\/image\/\",\"url\":\"https:\/\/bs2.lt\/wp-content\/uploads\/2022\/08\/bs2-logo.svg\",\"contentUrl\":\"https:\/\/bs2.lt\/wp-content\/uploads\/2022\/08\/bs2-logo.svg\",\"width\":100,\"height\":57,\"caption\":\"BS\/2\"},\"image\":{\"@id\":\"https:\/\/bs2.lt\/#\/schema\/logo\/image\/\"},\"sameAs\":[\"https:\/\/www.facebook.com\/bs2solutions\/\",\"https:\/\/www.linkedin.com\/showcase\/bs2solutions\",\"https:\/\/www.youtube.com\/c\/Bs2Lt\"]}]}<\/script>\n<!-- \/ Yoast SEO plugin. -->","yoast_head_json":{"title":"Diebold Nixdorf DN 470C | BS\/2","robots":{"index":"index","follow":"follow","max-snippet":"max-snippet:-1","max-image-preview":"max-image-preview:large","max-video-preview":"max-video-preview:-1"},"canonical":"https:\/\/bs2.lt\/lt\/product\/diebold-nixdorf-dn-470c\/","og_locale":"lt_LT","og_type":"article","og_title":"Diebold Nixdorf DN 470C | BS\/2","og_description":"\u201eDN SeriesTM 470C\u201c \u2013 tai daugiafunkcis, lauke montuojamas bankomatas, atliekantis gryn\u0173j\u0173 pinig\u0173 i\u0161davimo funkcij\u0105, itin patogus naudotis net nei\u0161lipant i\u0161 transporto priemon\u0117s. \u0160is savitarnos \u012frenginys klientams suteikia dar daugiau galimybi\u0173. \u012e j\u012f \u012fdiegti modern\u016bs programiniai sprendimai i\u0161ple\u010dia funkcijas, tod\u0117l naudojantis bankomatu galima atlikti dal\u012f \u012fprast\u0173 bank\u0173 padaliniuose vykdom\u0173 operacij\u0173, o finansin\u0117s organizacijos darbuotojai kiekvienam klientui [&hellip;]","og_url":"https:\/\/bs2.lt\/lt\/product\/diebold-nixdorf-dn-470c\/","og_site_name":"BS\/2","article_publisher":"https:\/\/www.facebook.com\/bs2solutions\/","article_modified_time":"2022-03-28T07:28:51+00:00","og_image":[{"width":874,"height":1024,"url":"https:\/\/bs2.lt\/wp-content\/uploads\/2021\/01\/dn-series-470-874x1024.png","type":"image\/png"}],"twitter_card":"summary_large_image","twitter_misc":{"Est. reading time":"1 minut\u0117"},"schema":{"@context":"https:\/\/schema.org","@graph":[{"@type":"WebPage","@id":"https:\/\/bs2.lt\/lt\/product\/diebold-nixdorf-dn-470c\/","url":"https:\/\/bs2.lt\/lt\/product\/diebold-nixdorf-dn-470c\/","name":"Diebold Nixdorf DN 470C | BS\/2","isPartOf":{"@id":"https:\/\/bs2.lt\/#website"},"primaryImageOfPage":{"@id":"https:\/\/bs2.lt\/lt\/product\/diebold-nixdorf-dn-470c\/#primaryimage"},"image":{"@id":"https:\/\/bs2.lt\/lt\/product\/diebold-nixdorf-dn-470c\/#primaryimage"},"thumbnailUrl":"https:\/\/bs2.lt\/wp-content\/uploads\/2021\/01\/dn-series-470.png","datePublished":"2021-01-08T14:35:10+00:00","dateModified":"2022-03-28T07:28:51+00:00","breadcrumb":{"@id":"https:\/\/bs2.lt\/lt\/product\/diebold-nixdorf-dn-470c\/#breadcrumb"},"inLanguage":"lt-LT","potentialAction":[{"@type":"ReadAction","target":["https:\/\/bs2.lt\/lt\/product\/diebold-nixdorf-dn-470c\/"]}]},{"@type":"ImageObject","inLanguage":"lt-LT","@id":"https:\/\/bs2.lt\/lt\/product\/diebold-nixdorf-dn-470c\/#primaryimage","url":"https:\/\/bs2.lt\/wp-content\/uploads\/2021\/01\/dn-series-470.png","contentUrl":"https:\/\/bs2.lt\/wp-content\/uploads\/2021\/01\/dn-series-470.png","width":1366,"height":1600},{"@type":"BreadcrumbList","@id":"https:\/\/bs2.lt\/lt\/product\/diebold-nixdorf-dn-470c\/#breadcrumb","itemListElement":[{"@type":"ListItem","position":1,"name":"Home","item":"https:\/\/bs2.lt\/lt\/"},{"@type":"ListItem","position":2,"name":"Diebold Nixdorf DN 470C"}]},{"@type":"WebSite","@id":"https:\/\/bs2.lt\/#website","url":"https:\/\/bs2.lt\/","name":"BS\/2","description":"Banking and retail technology company","publisher":{"@id":"https:\/\/bs2.lt\/#organization"},"potentialAction":[{"@type":"SearchAction","target":{"@type":"EntryPoint","urlTemplate":"https:\/\/bs2.lt\/?s={search_term_string}"},"query-input":{"@type":"PropertyValueSpecification","valueRequired":true,"valueName":"search_term_string"}}],"inLanguage":"lt-LT"},{"@type":"Organization","@id":"https:\/\/bs2.lt\/#organization","name":"BS\/2","url":"https:\/\/bs2.lt\/","logo":{"@type":"ImageObject","inLanguage":"lt-LT","@id":"https:\/\/bs2.lt\/#\/schema\/logo\/image\/","url":"https:\/\/bs2.lt\/wp-content\/uploads\/2022\/08\/bs2-logo.svg","contentUrl":"https:\/\/bs2.lt\/wp-content\/uploads\/2022\/08\/bs2-logo.svg","width":100,"height":57,"caption":"BS\/2"},"image":{"@id":"https:\/\/bs2.lt\/#\/schema\/logo\/image\/"},"sameAs":["https:\/\/www.facebook.com\/bs2solutions\/","https:\/\/www.linkedin.com\/showcase\/bs2solutions","https:\/\/www.youtube.com\/c\/Bs2Lt"]}]}},"_links":{"self":[{"href":"https:\/\/bs2.lt\/lt\/wp-json\/wp\/v2\/product\/11914","targetHints":{"allow":["GET"]}}],"collection":[{"href":"https:\/\/bs2.lt\/lt\/wp-json\/wp\/v2\/product"}],"about":[{"href":"https:\/\/bs2.lt\/lt\/wp-json\/wp\/v2\/types\/product"}],"wp:featuredmedia":[{"embeddable":true,"href":"https:\/\/bs2.lt\/lt\/wp-json\/wp\/v2\/media\/4974"}],"wp:attachment":[{"href":"https:\/\/bs2.lt\/lt\/wp-json\/wp\/v2\/media?parent=11914"}],"wp:term":[{"taxonomy":"product_category","embeddable":true,"href":"https:\/\/bs2.lt\/lt\/wp-json\/wp\/v2\/product_category?post=11914"},{"taxonomy":"atm_series","embeddable":true,"href":"https:\/\/bs2.lt\/lt\/wp-json\/wp\/v2\/atm_series?post=11914"},{"taxonomy":"atm_cashflow","embeddable":true,"href":"https:\/\/bs2.lt\/lt\/wp-json\/wp\/v2\/atm_cashflow?post=11914"},{"taxonomy":"atm_type","embeddable":true,"href":"https:\/\/bs2.lt\/lt\/wp-json\/wp\/v2\/atm_type?post=11914"},{"taxonomy":"product-provider","embeddable":true,"href":"https:\/\/bs2.lt\/lt\/wp-json\/wp\/v2\/product-provider?post=11914"}],"curies":[{"name":"wp","href":"https:\/\/api.w.org\/{rel}","templated":true}]}}