{"id":11884,"date":"2021-12-20T07:01:37","date_gmt":"2021-12-20T09:01:37","guid":{"rendered":"https:\/\/bs2.lt\/bs2.lt\/product\/cps-x-range\/"},"modified":"2022-04-07T16:14:33","modified_gmt":"2022-04-07T13:14:33","slug":"cps-x-range","status":"publish","type":"product","link":"https:\/\/bs2.lt\/lt\/product\/cps-x-range\/","title":{"rendered":"X Range"},"content":{"rendered":"<p>Pinig\u0173 skai\u010diavimo bei r\u016b\u0161iavimo ma\u0161inos \u201eCPS X-Range\u201c u\u017etikrina auk\u0161t\u0105 gryn\u0173j\u0173 pinig\u0173 apdorojimo kokyb\u0119. Jos s\u0117kmingai naudojamos ne tik gryn\u0173j\u0173 i\u0161davimo kasose, bankuose, bet ir inkasavimo tarnybose, prekybos ir pramog\u0173 versle.<\/p>\n<p>Kokybi\u0161ki jutikliai ir patikima banknot\u0173 perdavimo sistema garantuoja auk\u0161tus \u012frengini\u0173 nepertraukiamo darbo na\u0161umo rodiklius \u2012 iki 54 000 banknot\u0173 per valand\u0105.<\/p>\n<p>\u201eX-Range\u201c b\u016bna \u0161i\u0173 modeli\u0173:<\/p>\n<ul>\n<li>X3200\/X3500 (2+1 skyriai)<\/li>\n<li>X4200\/X4500 (3+1 skyriai)<\/li>\n<li>X5500 (4+1 skyriai)<\/li>\n<li>X6500 (5+1 skyriai)<\/li>\n<li>X7500 (6+1 skyriai)<\/li>\n<li>X9500 (8+1 skyriai)<\/li>\n<\/ul>\n","protected":false},"featured_media":11490,"template":"","product_category":[267],"atm_series":[],"atm_cashflow":[],"atm_type":[],"product-provider":[],"class_list":["post-11884","product","type-product","status-publish","has-post-thumbnail","hentry","product_category-ccm"],"acf":[],"yoast_head":"<!-- This site is optimized with the Yoast SEO plugin v26.2 - https:\/\/yoast.com\/wordpress\/plugins\/seo\/ -->\n<title>X Range | BS\/2<\/title>\n<meta name=\"robots\" content=\"index, follow, max-snippet:-1, max-image-preview:large, max-video-preview:-1\" \/>\n<link rel=\"canonical\" href=\"https:\/\/bs2.lt\/lt\/product\/cps-x-range\/\" \/>\n<meta property=\"og:locale\" content=\"lt_LT\" \/>\n<meta property=\"og:type\" content=\"article\" \/>\n<meta property=\"og:title\" content=\"X Range | BS\/2\" \/>\n<meta property=\"og:description\" content=\"Pinig\u0173 skai\u010diavimo bei r\u016b\u0161iavimo ma\u0161inos \u201eCPS X-Range\u201c u\u017etikrina auk\u0161t\u0105 gryn\u0173j\u0173 pinig\u0173 apdorojimo kokyb\u0119. Jos s\u0117kmingai naudojamos ne tik gryn\u0173j\u0173 i\u0161davimo kasose, bankuose, bet ir inkasavimo tarnybose, prekybos ir pramog\u0173 versle. Kokybi\u0161ki jutikliai ir patikima banknot\u0173 perdavimo sistema garantuoja auk\u0161tus \u012frengini\u0173 nepertraukiamo darbo na\u0161umo rodiklius \u2012 iki 54 000 banknot\u0173 per valand\u0105. \u201eX-Range\u201c b\u016bna \u0161i\u0173 modeli\u0173: [&hellip;]\" \/>\n<meta property=\"og:url\" content=\"https:\/\/bs2.lt\/lt\/product\/cps-x-range\/\" \/>\n<meta property=\"og:site_name\" content=\"BS\/2\" \/>\n<meta property=\"article:publisher\" content=\"https:\/\/www.facebook.com\/bs2solutions\/\" \/>\n<meta property=\"article:modified_time\" content=\"2022-04-07T13:14:33+00:00\" \/>\n<meta property=\"og:image\" content=\"https:\/\/bs2.lt\/wp-content\/uploads\/2021\/12\/x-range-cover2-copy.jpg\" \/>\n\t<meta property=\"og:image:width\" content=\"1200\" \/>\n\t<meta property=\"og:image:height\" content=\"1000\" \/>\n\t<meta property=\"og:image:type\" content=\"image\/jpeg\" \/>\n<meta name=\"twitter:card\" content=\"summary_large_image\" \/>\n<meta name=\"twitter:label1\" content=\"Est. reading time\" \/>\n\t<meta name=\"twitter:data1\" content=\"1 minut\u0117\" \/>\n<script type=\"application\/ld+json\" class=\"yoast-schema-graph\">{\"@context\":\"https:\/\/schema.org\",\"@graph\":[{\"@type\":\"WebPage\",\"@id\":\"https:\/\/bs2.lt\/lt\/product\/cps-x-range\/\",\"url\":\"https:\/\/bs2.lt\/lt\/product\/cps-x-range\/\",\"name\":\"X Range | BS\/2\",\"isPartOf\":{\"@id\":\"https:\/\/bs2.lt\/#website\"},\"primaryImageOfPage\":{\"@id\":\"https:\/\/bs2.lt\/lt\/product\/cps-x-range\/#primaryimage\"},\"image\":{\"@id\":\"https:\/\/bs2.lt\/lt\/product\/cps-x-range\/#primaryimage\"},\"thumbnailUrl\":\"https:\/\/bs2.lt\/wp-content\/uploads\/2021\/12\/x-range-cover2-copy.jpg\",\"datePublished\":\"2021-12-20T09:01:37+00:00\",\"dateModified\":\"2022-04-07T13:14:33+00:00\",\"breadcrumb\":{\"@id\":\"https:\/\/bs2.lt\/lt\/product\/cps-x-range\/#breadcrumb\"},\"inLanguage\":\"lt-LT\",\"potentialAction\":[{\"@type\":\"ReadAction\",\"target\":[\"https:\/\/bs2.lt\/lt\/product\/cps-x-range\/\"]}]},{\"@type\":\"ImageObject\",\"inLanguage\":\"lt-LT\",\"@id\":\"https:\/\/bs2.lt\/lt\/product\/cps-x-range\/#primaryimage\",\"url\":\"https:\/\/bs2.lt\/wp-content\/uploads\/2021\/12\/x-range-cover2-copy.jpg\",\"contentUrl\":\"https:\/\/bs2.lt\/wp-content\/uploads\/2021\/12\/x-range-cover2-copy.jpg\",\"width\":1200,\"height\":1000},{\"@type\":\"BreadcrumbList\",\"@id\":\"https:\/\/bs2.lt\/lt\/product\/cps-x-range\/#breadcrumb\",\"itemListElement\":[{\"@type\":\"ListItem\",\"position\":1,\"name\":\"Home\",\"item\":\"https:\/\/bs2.lt\/lt\/\"},{\"@type\":\"ListItem\",\"position\":2,\"name\":\"X Range\"}]},{\"@type\":\"WebSite\",\"@id\":\"https:\/\/bs2.lt\/#website\",\"url\":\"https:\/\/bs2.lt\/\",\"name\":\"BS\/2\",\"description\":\"Banking and retail technology company\",\"publisher\":{\"@id\":\"https:\/\/bs2.lt\/#organization\"},\"potentialAction\":[{\"@type\":\"SearchAction\",\"target\":{\"@type\":\"EntryPoint\",\"urlTemplate\":\"https:\/\/bs2.lt\/?s={search_term_string}\"},\"query-input\":{\"@type\":\"PropertyValueSpecification\",\"valueRequired\":true,\"valueName\":\"search_term_string\"}}],\"inLanguage\":\"lt-LT\"},{\"@type\":\"Organization\",\"@id\":\"https:\/\/bs2.lt\/#organization\",\"name\":\"BS\/2\",\"url\":\"https:\/\/bs2.lt\/\",\"logo\":{\"@type\":\"ImageObject\",\"inLanguage\":\"lt-LT\",\"@id\":\"https:\/\/bs2.lt\/#\/schema\/logo\/image\/\",\"url\":\"https:\/\/bs2.lt\/wp-content\/uploads\/2022\/08\/bs2-logo.svg\",\"contentUrl\":\"https:\/\/bs2.lt\/wp-content\/uploads\/2022\/08\/bs2-logo.svg\",\"width\":100,\"height\":57,\"caption\":\"BS\/2\"},\"image\":{\"@id\":\"https:\/\/bs2.lt\/#\/schema\/logo\/image\/\"},\"sameAs\":[\"https:\/\/www.facebook.com\/bs2solutions\/\",\"https:\/\/www.linkedin.com\/showcase\/bs2solutions\",\"https:\/\/www.youtube.com\/c\/Bs2Lt\"]}]}<\/script>\n<!-- \/ Yoast SEO plugin. -->","yoast_head_json":{"title":"X Range | BS\/2","robots":{"index":"index","follow":"follow","max-snippet":"max-snippet:-1","max-image-preview":"max-image-preview:large","max-video-preview":"max-video-preview:-1"},"canonical":"https:\/\/bs2.lt\/lt\/product\/cps-x-range\/","og_locale":"lt_LT","og_type":"article","og_title":"X Range | BS\/2","og_description":"Pinig\u0173 skai\u010diavimo bei r\u016b\u0161iavimo ma\u0161inos \u201eCPS X-Range\u201c u\u017etikrina auk\u0161t\u0105 gryn\u0173j\u0173 pinig\u0173 apdorojimo kokyb\u0119. Jos s\u0117kmingai naudojamos ne tik gryn\u0173j\u0173 i\u0161davimo kasose, bankuose, bet ir inkasavimo tarnybose, prekybos ir pramog\u0173 versle. Kokybi\u0161ki jutikliai ir patikima banknot\u0173 perdavimo sistema garantuoja auk\u0161tus \u012frengini\u0173 nepertraukiamo darbo na\u0161umo rodiklius \u2012 iki 54 000 banknot\u0173 per valand\u0105. \u201eX-Range\u201c b\u016bna \u0161i\u0173 modeli\u0173: [&hellip;]","og_url":"https:\/\/bs2.lt\/lt\/product\/cps-x-range\/","og_site_name":"BS\/2","article_publisher":"https:\/\/www.facebook.com\/bs2solutions\/","article_modified_time":"2022-04-07T13:14:33+00:00","og_image":[{"width":1200,"height":1000,"url":"https:\/\/bs2.lt\/wp-content\/uploads\/2021\/12\/x-range-cover2-copy.jpg","type":"image\/jpeg"}],"twitter_card":"summary_large_image","twitter_misc":{"Est. reading time":"1 minut\u0117"},"schema":{"@context":"https:\/\/schema.org","@graph":[{"@type":"WebPage","@id":"https:\/\/bs2.lt\/lt\/product\/cps-x-range\/","url":"https:\/\/bs2.lt\/lt\/product\/cps-x-range\/","name":"X Range | BS\/2","isPartOf":{"@id":"https:\/\/bs2.lt\/#website"},"primaryImageOfPage":{"@id":"https:\/\/bs2.lt\/lt\/product\/cps-x-range\/#primaryimage"},"image":{"@id":"https:\/\/bs2.lt\/lt\/product\/cps-x-range\/#primaryimage"},"thumbnailUrl":"https:\/\/bs2.lt\/wp-content\/uploads\/2021\/12\/x-range-cover2-copy.jpg","datePublished":"2021-12-20T09:01:37+00:00","dateModified":"2022-04-07T13:14:33+00:00","breadcrumb":{"@id":"https:\/\/bs2.lt\/lt\/product\/cps-x-range\/#breadcrumb"},"inLanguage":"lt-LT","potentialAction":[{"@type":"ReadAction","target":["https:\/\/bs2.lt\/lt\/product\/cps-x-range\/"]}]},{"@type":"ImageObject","inLanguage":"lt-LT","@id":"https:\/\/bs2.lt\/lt\/product\/cps-x-range\/#primaryimage","url":"https:\/\/bs2.lt\/wp-content\/uploads\/2021\/12\/x-range-cover2-copy.jpg","contentUrl":"https:\/\/bs2.lt\/wp-content\/uploads\/2021\/12\/x-range-cover2-copy.jpg","width":1200,"height":1000},{"@type":"BreadcrumbList","@id":"https:\/\/bs2.lt\/lt\/product\/cps-x-range\/#breadcrumb","itemListElement":[{"@type":"ListItem","position":1,"name":"Home","item":"https:\/\/bs2.lt\/lt\/"},{"@type":"ListItem","position":2,"name":"X Range"}]},{"@type":"WebSite","@id":"https:\/\/bs2.lt\/#website","url":"https:\/\/bs2.lt\/","name":"BS\/2","description":"Banking and retail technology company","publisher":{"@id":"https:\/\/bs2.lt\/#organization"},"potentialAction":[{"@type":"SearchAction","target":{"@type":"EntryPoint","urlTemplate":"https:\/\/bs2.lt\/?s={search_term_string}"},"query-input":{"@type":"PropertyValueSpecification","valueRequired":true,"valueName":"search_term_string"}}],"inLanguage":"lt-LT"},{"@type":"Organization","@id":"https:\/\/bs2.lt\/#organization","name":"BS\/2","url":"https:\/\/bs2.lt\/","logo":{"@type":"ImageObject","inLanguage":"lt-LT","@id":"https:\/\/bs2.lt\/#\/schema\/logo\/image\/","url":"https:\/\/bs2.lt\/wp-content\/uploads\/2022\/08\/bs2-logo.svg","contentUrl":"https:\/\/bs2.lt\/wp-content\/uploads\/2022\/08\/bs2-logo.svg","width":100,"height":57,"caption":"BS\/2"},"image":{"@id":"https:\/\/bs2.lt\/#\/schema\/logo\/image\/"},"sameAs":["https:\/\/www.facebook.com\/bs2solutions\/","https:\/\/www.linkedin.com\/showcase\/bs2solutions","https:\/\/www.youtube.com\/c\/Bs2Lt"]}]}},"_links":{"self":[{"href":"https:\/\/bs2.lt\/lt\/wp-json\/wp\/v2\/product\/11884","targetHints":{"allow":["GET"]}}],"collection":[{"href":"https:\/\/bs2.lt\/lt\/wp-json\/wp\/v2\/product"}],"about":[{"href":"https:\/\/bs2.lt\/lt\/wp-json\/wp\/v2\/types\/product"}],"wp:featuredmedia":[{"embeddable":true,"href":"https:\/\/bs2.lt\/lt\/wp-json\/wp\/v2\/media\/11490"}],"wp:attachment":[{"href":"https:\/\/bs2.lt\/lt\/wp-json\/wp\/v2\/media?parent=11884"}],"wp:term":[{"taxonomy":"product_category","embeddable":true,"href":"https:\/\/bs2.lt\/lt\/wp-json\/wp\/v2\/product_category?post=11884"},{"taxonomy":"atm_series","embeddable":true,"href":"https:\/\/bs2.lt\/lt\/wp-json\/wp\/v2\/atm_series?post=11884"},{"taxonomy":"atm_cashflow","embeddable":true,"href":"https:\/\/bs2.lt\/lt\/wp-json\/wp\/v2\/atm_cashflow?post=11884"},{"taxonomy":"atm_type","embeddable":true,"href":"https:\/\/bs2.lt\/lt\/wp-json\/wp\/v2\/atm_type?post=11884"},{"taxonomy":"product-provider","embeddable":true,"href":"https:\/\/bs2.lt\/lt\/wp-json\/wp\/v2\/product-provider?post=11884"}],"curies":[{"name":"wp","href":"https:\/\/api.w.org\/{rel}","templated":true}]}}