{"id":11863,"date":"2021-02-09T06:56:44","date_gmt":"2021-02-09T08:56:44","guid":{"rendered":"https:\/\/bs2.lt\/bs2.lt\/product\/autsorsing-ekvajringovoj-seti\/"},"modified":"2022-04-19T14:55:41","modified_gmt":"2022-04-19T11:55:41","slug":"autsorsing-ekvajringovoj-seti","status":"publish","type":"product","link":"https:\/\/bs2.lt\/lt\/product\/autsorsing-ekvajringovoj-seti\/","title":{"rendered":"Atsiskaitymo \u012frengini\u0173 prie\u017ei\u016bra"},"content":{"rendered":"<p class=\"menu-item\" style=\"text-align: justify; background: white; margin: 0cm 0cm 15.0pt 0cm;\"><span style=\"color: black;\">Negryn\u0173j\u0173 mok\u0117jim\u0173 infrastrukt\u016bros pl\u0117tra ir efektyvios veiklos prie\u017ei\u016bra <\/span>\u2013 sud\u0117tinga u\u017eduotis, su<span style=\"color: black;\"> kuria susiduria beveik kiekviena finans\u0173 \u012fstaiga.<\/span><\/p>\n<p class=\"menu-item\" style=\"text-align: justify; background: white; margin: 0cm 0cm 15.0pt 0cm;\"><span style=\"color: black;\">Pramon\u0117s poreikiai ir didel\u0117 konkurencija skatina finans\u0173 sektoriaus \u012fmones b\u016bti lanks\u010diomis, teikiant galutiniam vartotojui paslaugas per mok\u0117jimo korteli\u0173 skaitytuvus, bankomatus ir kitus \u012frenginius.<\/span><\/p>\n<p class=\"menu-item\" style=\"text-align: justify; background: white; margin: 0cm 0cm 15.0pt 0cm;\"><span style=\"color: black;\">Galimyb\u0117 i\u0161 dalies arba visi\u0161kai perduoti mok\u0117jimo infrastrukt\u016bros veiklos procesus specializuotas paslaugas teikian\u010diai \u012fmonei gali \u017eenkliai suma\u017einti i\u0161laidas ir padidinti atsiskaitymo paslaug\u0173 prieinamum\u0105.<\/span><\/p>\n<p>&nbsp;<\/p>\n","protected":false},"featured_media":26468,"template":"","product_category":[254],"atm_series":[],"atm_cashflow":[],"atm_type":[],"product-provider":[],"class_list":["post-11863","product","type-product","status-publish","has-post-thumbnail","hentry","product_category-services"],"acf":[],"yoast_head":"<!-- This site is optimized with the Yoast SEO plugin v26.2 - https:\/\/yoast.com\/wordpress\/plugins\/seo\/ -->\n<title>Atsiskaitymo \u012frengini\u0173 prie\u017ei\u016bra | BS\/2<\/title>\n<meta name=\"robots\" content=\"index, follow, max-snippet:-1, max-image-preview:large, max-video-preview:-1\" \/>\n<link rel=\"canonical\" href=\"https:\/\/bs2.lt\/lt\/product\/autsorsing-ekvajringovoj-seti\/\" \/>\n<meta property=\"og:locale\" content=\"lt_LT\" \/>\n<meta property=\"og:type\" content=\"article\" \/>\n<meta property=\"og:title\" content=\"Atsiskaitymo \u012frengini\u0173 prie\u017ei\u016bra | BS\/2\" \/>\n<meta property=\"og:description\" content=\"Negryn\u0173j\u0173 mok\u0117jim\u0173 infrastrukt\u016bros pl\u0117tra ir efektyvios veiklos prie\u017ei\u016bra \u2013 sud\u0117tinga u\u017eduotis, su kuria susiduria beveik kiekviena finans\u0173 \u012fstaiga. Pramon\u0117s poreikiai ir didel\u0117 konkurencija skatina finans\u0173 sektoriaus \u012fmones b\u016bti lanks\u010diomis, teikiant galutiniam vartotojui paslaugas per mok\u0117jimo korteli\u0173 skaitytuvus, bankomatus ir kitus \u012frenginius. Galimyb\u0117 i\u0161 dalies arba visi\u0161kai perduoti mok\u0117jimo infrastrukt\u016bros veiklos procesus specializuotas paslaugas teikian\u010diai \u012fmonei [&hellip;]\" \/>\n<meta property=\"og:url\" content=\"https:\/\/bs2.lt\/lt\/product\/autsorsing-ekvajringovoj-seti\/\" \/>\n<meta property=\"og:site_name\" content=\"BS\/2\" \/>\n<meta property=\"article:publisher\" content=\"https:\/\/www.facebook.com\/bs2solutions\/\" \/>\n<meta property=\"article:modified_time\" content=\"2022-04-19T11:55:41+00:00\" \/>\n<meta property=\"og:image\" content=\"https:\/\/bs2.lt\/wp-content\/uploads\/2021\/05\/autsorsing-ekv-seti.jpg\" \/>\n\t<meta property=\"og:image:width\" content=\"1200\" \/>\n\t<meta property=\"og:image:height\" content=\"1000\" \/>\n\t<meta property=\"og:image:type\" content=\"image\/jpeg\" \/>\n<meta name=\"twitter:card\" content=\"summary_large_image\" \/>\n<meta name=\"twitter:label1\" content=\"Est. reading time\" \/>\n\t<meta name=\"twitter:data1\" content=\"1 minut\u0117\" \/>\n<script type=\"application\/ld+json\" class=\"yoast-schema-graph\">{\"@context\":\"https:\/\/schema.org\",\"@graph\":[{\"@type\":\"WebPage\",\"@id\":\"https:\/\/bs2.lt\/lt\/product\/autsorsing-ekvajringovoj-seti\/\",\"url\":\"https:\/\/bs2.lt\/lt\/product\/autsorsing-ekvajringovoj-seti\/\",\"name\":\"Atsiskaitymo \u012frengini\u0173 prie\u017ei\u016bra | BS\/2\",\"isPartOf\":{\"@id\":\"https:\/\/bs2.lt\/#website\"},\"primaryImageOfPage\":{\"@id\":\"https:\/\/bs2.lt\/lt\/product\/autsorsing-ekvajringovoj-seti\/#primaryimage\"},\"image\":{\"@id\":\"https:\/\/bs2.lt\/lt\/product\/autsorsing-ekvajringovoj-seti\/#primaryimage\"},\"thumbnailUrl\":\"https:\/\/bs2.lt\/wp-content\/uploads\/2021\/05\/autsorsing-ekv-seti.jpg\",\"datePublished\":\"2021-02-09T08:56:44+00:00\",\"dateModified\":\"2022-04-19T11:55:41+00:00\",\"breadcrumb\":{\"@id\":\"https:\/\/bs2.lt\/lt\/product\/autsorsing-ekvajringovoj-seti\/#breadcrumb\"},\"inLanguage\":\"lt-LT\",\"potentialAction\":[{\"@type\":\"ReadAction\",\"target\":[\"https:\/\/bs2.lt\/lt\/product\/autsorsing-ekvajringovoj-seti\/\"]}]},{\"@type\":\"ImageObject\",\"inLanguage\":\"lt-LT\",\"@id\":\"https:\/\/bs2.lt\/lt\/product\/autsorsing-ekvajringovoj-seti\/#primaryimage\",\"url\":\"https:\/\/bs2.lt\/wp-content\/uploads\/2021\/05\/autsorsing-ekv-seti.jpg\",\"contentUrl\":\"https:\/\/bs2.lt\/wp-content\/uploads\/2021\/05\/autsorsing-ekv-seti.jpg\",\"width\":1200,\"height\":1000},{\"@type\":\"BreadcrumbList\",\"@id\":\"https:\/\/bs2.lt\/lt\/product\/autsorsing-ekvajringovoj-seti\/#breadcrumb\",\"itemListElement\":[{\"@type\":\"ListItem\",\"position\":1,\"name\":\"Home\",\"item\":\"https:\/\/bs2.lt\/lt\/\"},{\"@type\":\"ListItem\",\"position\":2,\"name\":\"Atsiskaitymo \u012frengini\u0173 prie\u017ei\u016bra\"}]},{\"@type\":\"WebSite\",\"@id\":\"https:\/\/bs2.lt\/#website\",\"url\":\"https:\/\/bs2.lt\/\",\"name\":\"BS\/2\",\"description\":\"Banking and retail technology company\",\"publisher\":{\"@id\":\"https:\/\/bs2.lt\/#organization\"},\"potentialAction\":[{\"@type\":\"SearchAction\",\"target\":{\"@type\":\"EntryPoint\",\"urlTemplate\":\"https:\/\/bs2.lt\/?s={search_term_string}\"},\"query-input\":{\"@type\":\"PropertyValueSpecification\",\"valueRequired\":true,\"valueName\":\"search_term_string\"}}],\"inLanguage\":\"lt-LT\"},{\"@type\":\"Organization\",\"@id\":\"https:\/\/bs2.lt\/#organization\",\"name\":\"BS\/2\",\"url\":\"https:\/\/bs2.lt\/\",\"logo\":{\"@type\":\"ImageObject\",\"inLanguage\":\"lt-LT\",\"@id\":\"https:\/\/bs2.lt\/#\/schema\/logo\/image\/\",\"url\":\"https:\/\/bs2.lt\/wp-content\/uploads\/2022\/08\/bs2-logo.svg\",\"contentUrl\":\"https:\/\/bs2.lt\/wp-content\/uploads\/2022\/08\/bs2-logo.svg\",\"width\":100,\"height\":57,\"caption\":\"BS\/2\"},\"image\":{\"@id\":\"https:\/\/bs2.lt\/#\/schema\/logo\/image\/\"},\"sameAs\":[\"https:\/\/www.facebook.com\/bs2solutions\/\",\"https:\/\/www.linkedin.com\/showcase\/bs2solutions\",\"https:\/\/www.youtube.com\/c\/Bs2Lt\"]}]}<\/script>\n<!-- \/ Yoast SEO plugin. -->","yoast_head_json":{"title":"Atsiskaitymo \u012frengini\u0173 prie\u017ei\u016bra | BS\/2","robots":{"index":"index","follow":"follow","max-snippet":"max-snippet:-1","max-image-preview":"max-image-preview:large","max-video-preview":"max-video-preview:-1"},"canonical":"https:\/\/bs2.lt\/lt\/product\/autsorsing-ekvajringovoj-seti\/","og_locale":"lt_LT","og_type":"article","og_title":"Atsiskaitymo \u012frengini\u0173 prie\u017ei\u016bra | BS\/2","og_description":"Negryn\u0173j\u0173 mok\u0117jim\u0173 infrastrukt\u016bros pl\u0117tra ir efektyvios veiklos prie\u017ei\u016bra \u2013 sud\u0117tinga u\u017eduotis, su kuria susiduria beveik kiekviena finans\u0173 \u012fstaiga. Pramon\u0117s poreikiai ir didel\u0117 konkurencija skatina finans\u0173 sektoriaus \u012fmones b\u016bti lanks\u010diomis, teikiant galutiniam vartotojui paslaugas per mok\u0117jimo korteli\u0173 skaitytuvus, bankomatus ir kitus \u012frenginius. Galimyb\u0117 i\u0161 dalies arba visi\u0161kai perduoti mok\u0117jimo infrastrukt\u016bros veiklos procesus specializuotas paslaugas teikian\u010diai \u012fmonei [&hellip;]","og_url":"https:\/\/bs2.lt\/lt\/product\/autsorsing-ekvajringovoj-seti\/","og_site_name":"BS\/2","article_publisher":"https:\/\/www.facebook.com\/bs2solutions\/","article_modified_time":"2022-04-19T11:55:41+00:00","og_image":[{"width":1200,"height":1000,"url":"https:\/\/bs2.lt\/wp-content\/uploads\/2021\/05\/autsorsing-ekv-seti.jpg","type":"image\/jpeg"}],"twitter_card":"summary_large_image","twitter_misc":{"Est. reading time":"1 minut\u0117"},"schema":{"@context":"https:\/\/schema.org","@graph":[{"@type":"WebPage","@id":"https:\/\/bs2.lt\/lt\/product\/autsorsing-ekvajringovoj-seti\/","url":"https:\/\/bs2.lt\/lt\/product\/autsorsing-ekvajringovoj-seti\/","name":"Atsiskaitymo \u012frengini\u0173 prie\u017ei\u016bra | BS\/2","isPartOf":{"@id":"https:\/\/bs2.lt\/#website"},"primaryImageOfPage":{"@id":"https:\/\/bs2.lt\/lt\/product\/autsorsing-ekvajringovoj-seti\/#primaryimage"},"image":{"@id":"https:\/\/bs2.lt\/lt\/product\/autsorsing-ekvajringovoj-seti\/#primaryimage"},"thumbnailUrl":"https:\/\/bs2.lt\/wp-content\/uploads\/2021\/05\/autsorsing-ekv-seti.jpg","datePublished":"2021-02-09T08:56:44+00:00","dateModified":"2022-04-19T11:55:41+00:00","breadcrumb":{"@id":"https:\/\/bs2.lt\/lt\/product\/autsorsing-ekvajringovoj-seti\/#breadcrumb"},"inLanguage":"lt-LT","potentialAction":[{"@type":"ReadAction","target":["https:\/\/bs2.lt\/lt\/product\/autsorsing-ekvajringovoj-seti\/"]}]},{"@type":"ImageObject","inLanguage":"lt-LT","@id":"https:\/\/bs2.lt\/lt\/product\/autsorsing-ekvajringovoj-seti\/#primaryimage","url":"https:\/\/bs2.lt\/wp-content\/uploads\/2021\/05\/autsorsing-ekv-seti.jpg","contentUrl":"https:\/\/bs2.lt\/wp-content\/uploads\/2021\/05\/autsorsing-ekv-seti.jpg","width":1200,"height":1000},{"@type":"BreadcrumbList","@id":"https:\/\/bs2.lt\/lt\/product\/autsorsing-ekvajringovoj-seti\/#breadcrumb","itemListElement":[{"@type":"ListItem","position":1,"name":"Home","item":"https:\/\/bs2.lt\/lt\/"},{"@type":"ListItem","position":2,"name":"Atsiskaitymo \u012frengini\u0173 prie\u017ei\u016bra"}]},{"@type":"WebSite","@id":"https:\/\/bs2.lt\/#website","url":"https:\/\/bs2.lt\/","name":"BS\/2","description":"Banking and retail technology company","publisher":{"@id":"https:\/\/bs2.lt\/#organization"},"potentialAction":[{"@type":"SearchAction","target":{"@type":"EntryPoint","urlTemplate":"https:\/\/bs2.lt\/?s={search_term_string}"},"query-input":{"@type":"PropertyValueSpecification","valueRequired":true,"valueName":"search_term_string"}}],"inLanguage":"lt-LT"},{"@type":"Organization","@id":"https:\/\/bs2.lt\/#organization","name":"BS\/2","url":"https:\/\/bs2.lt\/","logo":{"@type":"ImageObject","inLanguage":"lt-LT","@id":"https:\/\/bs2.lt\/#\/schema\/logo\/image\/","url":"https:\/\/bs2.lt\/wp-content\/uploads\/2022\/08\/bs2-logo.svg","contentUrl":"https:\/\/bs2.lt\/wp-content\/uploads\/2022\/08\/bs2-logo.svg","width":100,"height":57,"caption":"BS\/2"},"image":{"@id":"https:\/\/bs2.lt\/#\/schema\/logo\/image\/"},"sameAs":["https:\/\/www.facebook.com\/bs2solutions\/","https:\/\/www.linkedin.com\/showcase\/bs2solutions","https:\/\/www.youtube.com\/c\/Bs2Lt"]}]}},"_links":{"self":[{"href":"https:\/\/bs2.lt\/lt\/wp-json\/wp\/v2\/product\/11863","targetHints":{"allow":["GET"]}}],"collection":[{"href":"https:\/\/bs2.lt\/lt\/wp-json\/wp\/v2\/product"}],"about":[{"href":"https:\/\/bs2.lt\/lt\/wp-json\/wp\/v2\/types\/product"}],"wp:featuredmedia":[{"embeddable":true,"href":"https:\/\/bs2.lt\/lt\/wp-json\/wp\/v2\/media\/26468"}],"wp:attachment":[{"href":"https:\/\/bs2.lt\/lt\/wp-json\/wp\/v2\/media?parent=11863"}],"wp:term":[{"taxonomy":"product_category","embeddable":true,"href":"https:\/\/bs2.lt\/lt\/wp-json\/wp\/v2\/product_category?post=11863"},{"taxonomy":"atm_series","embeddable":true,"href":"https:\/\/bs2.lt\/lt\/wp-json\/wp\/v2\/atm_series?post=11863"},{"taxonomy":"atm_cashflow","embeddable":true,"href":"https:\/\/bs2.lt\/lt\/wp-json\/wp\/v2\/atm_cashflow?post=11863"},{"taxonomy":"atm_type","embeddable":true,"href":"https:\/\/bs2.lt\/lt\/wp-json\/wp\/v2\/atm_type?post=11863"},{"taxonomy":"product-provider","embeddable":true,"href":"https:\/\/bs2.lt\/lt\/wp-json\/wp\/v2\/product-provider?post=11863"}],"curies":[{"name":"wp","href":"https:\/\/api.w.org\/{rel}","templated":true}]}}