{"id":11860,"date":"2021-02-09T06:54:12","date_gmt":"2021-02-09T08:54:12","guid":{"rendered":"https:\/\/bs2.lt\/bs2.lt\/product\/autsorsing-it-infrastruktury\/"},"modified":"2022-02-07T11:22:37","modified_gmt":"2022-02-07T13:22:37","slug":"autsorsing-it-infrastruktury","status":"publish","type":"product","link":"https:\/\/bs2.lt\/lt\/product\/autsorsing-it-infrastruktury\/","title":{"rendered":"IT infrastrukt\u016bros prie\u017ei\u016bros paslaugos"},"content":{"rendered":"<p class=\"menu-item\" style=\"background: white; margin: 0cm 0cm 15.0pt 0cm;\"><span style=\"font-size: 11.5pt; font-family: 'Arial',sans-serif; color: black;\">\u012ediegus papildom\u0105 programin\u0119 \u012frang\u0105 \u012f turim\u0105 organizacijos IT infrastrukt\u016br\u0105, i\u0161auga ir jos prie\u017ei\u016bros i\u0161laidos.<\/span><\/p>\n<p class=\"menu-item\" style=\"background: white; margin: 0cm 0cm 15.0pt 0cm;\"><span style=\"font-size: 11.5pt; font-family: 'Arial',sans-serif; color: black;\">Naudojant mi\u0161ri\u0105 infrastrukt\u016br\u0105 (kai dalis veiklos proces\u0173 vyksta programini\u0173 sprendim\u0173 tiek\u0117jo technin\u0117je terp\u0117je), galima suma\u017einti IT infrastrukt\u016bros diegimo ir prie\u017ei\u016bros i\u0161laidas ir u\u017etikrinti, kad b\u016bt\u0173 tenkinami organizacijos keliami efektyvumo, prieinamumo ir saugumo reikalavimai.<\/span><\/p>\n","protected":false},"featured_media":8606,"template":"","product_category":[254],"atm_series":[],"atm_cashflow":[],"atm_type":[],"product-provider":[],"class_list":["post-11860","product","type-product","status-publish","has-post-thumbnail","hentry","product_category-services"],"acf":[],"yoast_head":"<!-- This site is optimized with the Yoast SEO plugin v26.2 - https:\/\/yoast.com\/wordpress\/plugins\/seo\/ -->\n<title>IT infrastrukt\u016bros prie\u017ei\u016bros paslaugos | BS\/2<\/title>\n<meta name=\"robots\" content=\"index, follow, max-snippet:-1, max-image-preview:large, max-video-preview:-1\" \/>\n<link rel=\"canonical\" href=\"https:\/\/bs2.lt\/lt\/product\/autsorsing-it-infrastruktury\/\" \/>\n<meta property=\"og:locale\" content=\"lt_LT\" \/>\n<meta property=\"og:type\" content=\"article\" \/>\n<meta property=\"og:title\" content=\"IT infrastrukt\u016bros prie\u017ei\u016bros paslaugos | BS\/2\" \/>\n<meta property=\"og:description\" content=\"\u012ediegus papildom\u0105 programin\u0119 \u012frang\u0105 \u012f turim\u0105 organizacijos IT infrastrukt\u016br\u0105, i\u0161auga ir jos prie\u017ei\u016bros i\u0161laidos. Naudojant mi\u0161ri\u0105 infrastrukt\u016br\u0105 (kai dalis veiklos proces\u0173 vyksta programini\u0173 sprendim\u0173 tiek\u0117jo technin\u0117je terp\u0117je), galima suma\u017einti IT infrastrukt\u016bros diegimo ir prie\u017ei\u016bros i\u0161laidas ir u\u017etikrinti, kad b\u016bt\u0173 tenkinami organizacijos keliami efektyvumo, prieinamumo ir saugumo reikalavimai.\" \/>\n<meta property=\"og:url\" content=\"https:\/\/bs2.lt\/lt\/product\/autsorsing-it-infrastruktury\/\" \/>\n<meta property=\"og:site_name\" content=\"BS\/2\" \/>\n<meta property=\"article:publisher\" content=\"https:\/\/www.facebook.com\/bs2solutions\/\" \/>\n<meta property=\"article:modified_time\" content=\"2022-02-07T13:22:37+00:00\" \/>\n<meta property=\"og:image\" content=\"https:\/\/bs2.lt\/wp-content\/uploads\/2021\/02\/autsorsing-it-infrastruktury.jpg\" \/>\n\t<meta property=\"og:image:width\" content=\"1200\" \/>\n\t<meta property=\"og:image:height\" content=\"1000\" \/>\n\t<meta property=\"og:image:type\" content=\"image\/jpeg\" \/>\n<meta name=\"twitter:card\" content=\"summary_large_image\" \/>\n<meta name=\"twitter:label1\" content=\"Est. reading time\" \/>\n\t<meta name=\"twitter:data1\" content=\"1 minut\u0117\" \/>\n<script type=\"application\/ld+json\" class=\"yoast-schema-graph\">{\"@context\":\"https:\/\/schema.org\",\"@graph\":[{\"@type\":\"WebPage\",\"@id\":\"https:\/\/bs2.lt\/lt\/product\/autsorsing-it-infrastruktury\/\",\"url\":\"https:\/\/bs2.lt\/lt\/product\/autsorsing-it-infrastruktury\/\",\"name\":\"IT infrastrukt\u016bros prie\u017ei\u016bros paslaugos | BS\/2\",\"isPartOf\":{\"@id\":\"https:\/\/bs2.lt\/#website\"},\"primaryImageOfPage\":{\"@id\":\"https:\/\/bs2.lt\/lt\/product\/autsorsing-it-infrastruktury\/#primaryimage\"},\"image\":{\"@id\":\"https:\/\/bs2.lt\/lt\/product\/autsorsing-it-infrastruktury\/#primaryimage\"},\"thumbnailUrl\":\"https:\/\/bs2.lt\/wp-content\/uploads\/2021\/02\/autsorsing-it-infrastruktury.jpg\",\"datePublished\":\"2021-02-09T08:54:12+00:00\",\"dateModified\":\"2022-02-07T13:22:37+00:00\",\"breadcrumb\":{\"@id\":\"https:\/\/bs2.lt\/lt\/product\/autsorsing-it-infrastruktury\/#breadcrumb\"},\"inLanguage\":\"lt-LT\",\"potentialAction\":[{\"@type\":\"ReadAction\",\"target\":[\"https:\/\/bs2.lt\/lt\/product\/autsorsing-it-infrastruktury\/\"]}]},{\"@type\":\"ImageObject\",\"inLanguage\":\"lt-LT\",\"@id\":\"https:\/\/bs2.lt\/lt\/product\/autsorsing-it-infrastruktury\/#primaryimage\",\"url\":\"https:\/\/bs2.lt\/wp-content\/uploads\/2021\/02\/autsorsing-it-infrastruktury.jpg\",\"contentUrl\":\"https:\/\/bs2.lt\/wp-content\/uploads\/2021\/02\/autsorsing-it-infrastruktury.jpg\",\"width\":1200,\"height\":1000},{\"@type\":\"BreadcrumbList\",\"@id\":\"https:\/\/bs2.lt\/lt\/product\/autsorsing-it-infrastruktury\/#breadcrumb\",\"itemListElement\":[{\"@type\":\"ListItem\",\"position\":1,\"name\":\"Home\",\"item\":\"https:\/\/bs2.lt\/lt\/\"},{\"@type\":\"ListItem\",\"position\":2,\"name\":\"IT infrastrukt\u016bros prie\u017ei\u016bros paslaugos\"}]},{\"@type\":\"WebSite\",\"@id\":\"https:\/\/bs2.lt\/#website\",\"url\":\"https:\/\/bs2.lt\/\",\"name\":\"BS\/2\",\"description\":\"Banking and retail technology company\",\"publisher\":{\"@id\":\"https:\/\/bs2.lt\/#organization\"},\"potentialAction\":[{\"@type\":\"SearchAction\",\"target\":{\"@type\":\"EntryPoint\",\"urlTemplate\":\"https:\/\/bs2.lt\/?s={search_term_string}\"},\"query-input\":{\"@type\":\"PropertyValueSpecification\",\"valueRequired\":true,\"valueName\":\"search_term_string\"}}],\"inLanguage\":\"lt-LT\"},{\"@type\":\"Organization\",\"@id\":\"https:\/\/bs2.lt\/#organization\",\"name\":\"BS\/2\",\"url\":\"https:\/\/bs2.lt\/\",\"logo\":{\"@type\":\"ImageObject\",\"inLanguage\":\"lt-LT\",\"@id\":\"https:\/\/bs2.lt\/#\/schema\/logo\/image\/\",\"url\":\"https:\/\/bs2.lt\/wp-content\/uploads\/2022\/08\/bs2-logo.svg\",\"contentUrl\":\"https:\/\/bs2.lt\/wp-content\/uploads\/2022\/08\/bs2-logo.svg\",\"width\":100,\"height\":57,\"caption\":\"BS\/2\"},\"image\":{\"@id\":\"https:\/\/bs2.lt\/#\/schema\/logo\/image\/\"},\"sameAs\":[\"https:\/\/www.facebook.com\/bs2solutions\/\",\"https:\/\/www.linkedin.com\/showcase\/bs2solutions\",\"https:\/\/www.youtube.com\/c\/Bs2Lt\"]}]}<\/script>\n<!-- \/ Yoast SEO plugin. -->","yoast_head_json":{"title":"IT infrastrukt\u016bros prie\u017ei\u016bros paslaugos | BS\/2","robots":{"index":"index","follow":"follow","max-snippet":"max-snippet:-1","max-image-preview":"max-image-preview:large","max-video-preview":"max-video-preview:-1"},"canonical":"https:\/\/bs2.lt\/lt\/product\/autsorsing-it-infrastruktury\/","og_locale":"lt_LT","og_type":"article","og_title":"IT infrastrukt\u016bros prie\u017ei\u016bros paslaugos | BS\/2","og_description":"\u012ediegus papildom\u0105 programin\u0119 \u012frang\u0105 \u012f turim\u0105 organizacijos IT infrastrukt\u016br\u0105, i\u0161auga ir jos prie\u017ei\u016bros i\u0161laidos. Naudojant mi\u0161ri\u0105 infrastrukt\u016br\u0105 (kai dalis veiklos proces\u0173 vyksta programini\u0173 sprendim\u0173 tiek\u0117jo technin\u0117je terp\u0117je), galima suma\u017einti IT infrastrukt\u016bros diegimo ir prie\u017ei\u016bros i\u0161laidas ir u\u017etikrinti, kad b\u016bt\u0173 tenkinami organizacijos keliami efektyvumo, prieinamumo ir saugumo reikalavimai.","og_url":"https:\/\/bs2.lt\/lt\/product\/autsorsing-it-infrastruktury\/","og_site_name":"BS\/2","article_publisher":"https:\/\/www.facebook.com\/bs2solutions\/","article_modified_time":"2022-02-07T13:22:37+00:00","og_image":[{"width":1200,"height":1000,"url":"https:\/\/bs2.lt\/wp-content\/uploads\/2021\/02\/autsorsing-it-infrastruktury.jpg","type":"image\/jpeg"}],"twitter_card":"summary_large_image","twitter_misc":{"Est. reading time":"1 minut\u0117"},"schema":{"@context":"https:\/\/schema.org","@graph":[{"@type":"WebPage","@id":"https:\/\/bs2.lt\/lt\/product\/autsorsing-it-infrastruktury\/","url":"https:\/\/bs2.lt\/lt\/product\/autsorsing-it-infrastruktury\/","name":"IT infrastrukt\u016bros prie\u017ei\u016bros paslaugos | BS\/2","isPartOf":{"@id":"https:\/\/bs2.lt\/#website"},"primaryImageOfPage":{"@id":"https:\/\/bs2.lt\/lt\/product\/autsorsing-it-infrastruktury\/#primaryimage"},"image":{"@id":"https:\/\/bs2.lt\/lt\/product\/autsorsing-it-infrastruktury\/#primaryimage"},"thumbnailUrl":"https:\/\/bs2.lt\/wp-content\/uploads\/2021\/02\/autsorsing-it-infrastruktury.jpg","datePublished":"2021-02-09T08:54:12+00:00","dateModified":"2022-02-07T13:22:37+00:00","breadcrumb":{"@id":"https:\/\/bs2.lt\/lt\/product\/autsorsing-it-infrastruktury\/#breadcrumb"},"inLanguage":"lt-LT","potentialAction":[{"@type":"ReadAction","target":["https:\/\/bs2.lt\/lt\/product\/autsorsing-it-infrastruktury\/"]}]},{"@type":"ImageObject","inLanguage":"lt-LT","@id":"https:\/\/bs2.lt\/lt\/product\/autsorsing-it-infrastruktury\/#primaryimage","url":"https:\/\/bs2.lt\/wp-content\/uploads\/2021\/02\/autsorsing-it-infrastruktury.jpg","contentUrl":"https:\/\/bs2.lt\/wp-content\/uploads\/2021\/02\/autsorsing-it-infrastruktury.jpg","width":1200,"height":1000},{"@type":"BreadcrumbList","@id":"https:\/\/bs2.lt\/lt\/product\/autsorsing-it-infrastruktury\/#breadcrumb","itemListElement":[{"@type":"ListItem","position":1,"name":"Home","item":"https:\/\/bs2.lt\/lt\/"},{"@type":"ListItem","position":2,"name":"IT infrastrukt\u016bros prie\u017ei\u016bros paslaugos"}]},{"@type":"WebSite","@id":"https:\/\/bs2.lt\/#website","url":"https:\/\/bs2.lt\/","name":"BS\/2","description":"Banking and retail technology company","publisher":{"@id":"https:\/\/bs2.lt\/#organization"},"potentialAction":[{"@type":"SearchAction","target":{"@type":"EntryPoint","urlTemplate":"https:\/\/bs2.lt\/?s={search_term_string}"},"query-input":{"@type":"PropertyValueSpecification","valueRequired":true,"valueName":"search_term_string"}}],"inLanguage":"lt-LT"},{"@type":"Organization","@id":"https:\/\/bs2.lt\/#organization","name":"BS\/2","url":"https:\/\/bs2.lt\/","logo":{"@type":"ImageObject","inLanguage":"lt-LT","@id":"https:\/\/bs2.lt\/#\/schema\/logo\/image\/","url":"https:\/\/bs2.lt\/wp-content\/uploads\/2022\/08\/bs2-logo.svg","contentUrl":"https:\/\/bs2.lt\/wp-content\/uploads\/2022\/08\/bs2-logo.svg","width":100,"height":57,"caption":"BS\/2"},"image":{"@id":"https:\/\/bs2.lt\/#\/schema\/logo\/image\/"},"sameAs":["https:\/\/www.facebook.com\/bs2solutions\/","https:\/\/www.linkedin.com\/showcase\/bs2solutions","https:\/\/www.youtube.com\/c\/Bs2Lt"]}]}},"_links":{"self":[{"href":"https:\/\/bs2.lt\/lt\/wp-json\/wp\/v2\/product\/11860","targetHints":{"allow":["GET"]}}],"collection":[{"href":"https:\/\/bs2.lt\/lt\/wp-json\/wp\/v2\/product"}],"about":[{"href":"https:\/\/bs2.lt\/lt\/wp-json\/wp\/v2\/types\/product"}],"wp:featuredmedia":[{"embeddable":true,"href":"https:\/\/bs2.lt\/lt\/wp-json\/wp\/v2\/media\/8606"}],"wp:attachment":[{"href":"https:\/\/bs2.lt\/lt\/wp-json\/wp\/v2\/media?parent=11860"}],"wp:term":[{"taxonomy":"product_category","embeddable":true,"href":"https:\/\/bs2.lt\/lt\/wp-json\/wp\/v2\/product_category?post=11860"},{"taxonomy":"atm_series","embeddable":true,"href":"https:\/\/bs2.lt\/lt\/wp-json\/wp\/v2\/atm_series?post=11860"},{"taxonomy":"atm_cashflow","embeddable":true,"href":"https:\/\/bs2.lt\/lt\/wp-json\/wp\/v2\/atm_cashflow?post=11860"},{"taxonomy":"atm_type","embeddable":true,"href":"https:\/\/bs2.lt\/lt\/wp-json\/wp\/v2\/atm_type?post=11860"},{"taxonomy":"product-provider","embeddable":true,"href":"https:\/\/bs2.lt\/lt\/wp-json\/wp\/v2\/product-provider?post=11860"}],"curies":[{"name":"wp","href":"https:\/\/api.w.org\/{rel}","templated":true}]}}