{"id":11854,"date":"2022-02-10T08:01:14","date_gmt":"2022-02-10T10:01:14","guid":{"rendered":"https:\/\/bs2.lt\/bs2.lt\/?post_type=product&#038;p=11854"},"modified":"2022-02-10T08:01:14","modified_gmt":"2022-02-10T10:01:14","slug":"audit-terminalnoj-infrastruktury-i-strategicheskoe-planirovanie","status":"publish","type":"product","link":"https:\/\/bs2.lt\/lt\/product\/audit-terminalnoj-infrastruktury-i-strategicheskoe-planirovanie\/","title":{"rendered":"\u012erangos infrastrukt\u016bros auditas ir strategijos planavimas"},"content":{"rendered":"<p>Rengiant banko ar kitos organizacijos savitarnos kanalo k\u016brimo strategij\u0105, gali prireikti partnerio pagalbos, kuris ne tik perimt\u0173 dal\u012f veiklos, bet ir pad\u0117t\u0173 planuoti pagrindinius verslo modelio veiklos etapus.<\/p>\n<p>BS\/2 atlieka organizacijos \u012frengini\u0173 infrastrukt\u016bros audit\u0105, po kurio pateikia rekomendacijas, kaip optimizuoti jos veikl\u0105.<\/p>\n<p>Visi \u0161ie veiksmai padeda pasiekti maksimal\u0173 naudojam\u0173 technologini\u0173 sprendim\u0173 efektyvum\u0105 su minimaliomis investicijomis.<\/p>\n<p>&nbsp;<\/p>\n","protected":false},"featured_media":8613,"template":"","product_category":[254],"atm_series":[],"atm_cashflow":[],"atm_type":[],"product-provider":[],"class_list":["post-11854","product","type-product","status-publish","has-post-thumbnail","hentry","product_category-services"],"acf":[],"yoast_head":"<!-- This site is optimized with the Yoast SEO plugin v26.2 - https:\/\/yoast.com\/wordpress\/plugins\/seo\/ -->\n<title>\u012erangos infrastrukt\u016bros auditas ir strategijos planavimas | BS\/2<\/title>\n<meta name=\"robots\" content=\"index, follow, max-snippet:-1, max-image-preview:large, max-video-preview:-1\" \/>\n<link rel=\"canonical\" href=\"https:\/\/bs2.lt\/product\/terminal-infrastructure-audit-and-strategic-planning\/\" \/>\n<meta property=\"og:locale\" content=\"lt_LT\" \/>\n<meta property=\"og:type\" content=\"article\" \/>\n<meta property=\"og:title\" content=\"\u012erangos infrastrukt\u016bros auditas ir strategijos planavimas | BS\/2\" \/>\n<meta property=\"og:description\" content=\"Rengiant banko ar kitos organizacijos savitarnos kanalo k\u016brimo strategij\u0105, gali prireikti partnerio pagalbos, kuris ne tik perimt\u0173 dal\u012f veiklos, bet ir pad\u0117t\u0173 planuoti pagrindinius verslo modelio veiklos etapus. BS\/2 atlieka organizacijos \u012frengini\u0173 infrastrukt\u016bros audit\u0105, po kurio pateikia rekomendacijas, kaip optimizuoti jos veikl\u0105. Visi \u0161ie veiksmai padeda pasiekti maksimal\u0173 naudojam\u0173 technologini\u0173 sprendim\u0173 efektyvum\u0105 su minimaliomis investicijomis. [&hellip;]\" \/>\n<meta property=\"og:url\" content=\"https:\/\/bs2.lt\/product\/terminal-infrastructure-audit-and-strategic-planning\/\" \/>\n<meta property=\"og:site_name\" content=\"BS\/2\" \/>\n<meta property=\"article:publisher\" content=\"https:\/\/www.facebook.com\/bs2solutions\/\" \/>\n<meta property=\"og:image\" content=\"https:\/\/bs2.lt\/wp-content\/uploads\/2021\/02\/audit-terminalnoj-infrastruktury-i-strategicheskoe-planirovanie.jpg\" \/>\n\t<meta property=\"og:image:width\" content=\"1200\" \/>\n\t<meta property=\"og:image:height\" content=\"1000\" \/>\n\t<meta property=\"og:image:type\" content=\"image\/jpeg\" \/>\n<meta name=\"twitter:card\" content=\"summary_large_image\" \/>\n<meta name=\"twitter:label1\" content=\"Est. reading time\" \/>\n\t<meta name=\"twitter:data1\" content=\"1 minut\u0117\" \/>\n<script type=\"application\/ld+json\" class=\"yoast-schema-graph\">{\"@context\":\"https:\/\/schema.org\",\"@graph\":[{\"@type\":\"WebPage\",\"@id\":\"https:\/\/bs2.lt\/product\/terminal-infrastructure-audit-and-strategic-planning\/\",\"url\":\"https:\/\/bs2.lt\/product\/terminal-infrastructure-audit-and-strategic-planning\/\",\"name\":\"\u012erangos infrastrukt\u016bros auditas ir strategijos planavimas | BS\/2\",\"isPartOf\":{\"@id\":\"https:\/\/bs2.lt\/#website\"},\"primaryImageOfPage\":{\"@id\":\"https:\/\/bs2.lt\/product\/terminal-infrastructure-audit-and-strategic-planning\/#primaryimage\"},\"image\":{\"@id\":\"https:\/\/bs2.lt\/product\/terminal-infrastructure-audit-and-strategic-planning\/#primaryimage\"},\"thumbnailUrl\":\"https:\/\/bs2.lt\/wp-content\/uploads\/2021\/02\/audit-terminalnoj-infrastruktury-i-strategicheskoe-planirovanie.jpg\",\"datePublished\":\"2022-02-10T10:01:14+00:00\",\"breadcrumb\":{\"@id\":\"https:\/\/bs2.lt\/product\/terminal-infrastructure-audit-and-strategic-planning\/#breadcrumb\"},\"inLanguage\":\"lt-LT\",\"potentialAction\":[{\"@type\":\"ReadAction\",\"target\":[\"https:\/\/bs2.lt\/product\/terminal-infrastructure-audit-and-strategic-planning\/\"]}]},{\"@type\":\"ImageObject\",\"inLanguage\":\"lt-LT\",\"@id\":\"https:\/\/bs2.lt\/product\/terminal-infrastructure-audit-and-strategic-planning\/#primaryimage\",\"url\":\"https:\/\/bs2.lt\/wp-content\/uploads\/2021\/02\/audit-terminalnoj-infrastruktury-i-strategicheskoe-planirovanie.jpg\",\"contentUrl\":\"https:\/\/bs2.lt\/wp-content\/uploads\/2021\/02\/audit-terminalnoj-infrastruktury-i-strategicheskoe-planirovanie.jpg\",\"width\":1200,\"height\":1000},{\"@type\":\"BreadcrumbList\",\"@id\":\"https:\/\/bs2.lt\/product\/terminal-infrastructure-audit-and-strategic-planning\/#breadcrumb\",\"itemListElement\":[{\"@type\":\"ListItem\",\"position\":1,\"name\":\"Home\",\"item\":\"https:\/\/bs2.lt\/lt\/\"},{\"@type\":\"ListItem\",\"position\":2,\"name\":\"\u012erangos infrastrukt\u016bros auditas ir strategijos planavimas\"}]},{\"@type\":\"WebSite\",\"@id\":\"https:\/\/bs2.lt\/#website\",\"url\":\"https:\/\/bs2.lt\/\",\"name\":\"BS\/2\",\"description\":\"Banking and retail technology company\",\"publisher\":{\"@id\":\"https:\/\/bs2.lt\/#organization\"},\"potentialAction\":[{\"@type\":\"SearchAction\",\"target\":{\"@type\":\"EntryPoint\",\"urlTemplate\":\"https:\/\/bs2.lt\/?s={search_term_string}\"},\"query-input\":{\"@type\":\"PropertyValueSpecification\",\"valueRequired\":true,\"valueName\":\"search_term_string\"}}],\"inLanguage\":\"lt-LT\"},{\"@type\":\"Organization\",\"@id\":\"https:\/\/bs2.lt\/#organization\",\"name\":\"BS\/2\",\"url\":\"https:\/\/bs2.lt\/\",\"logo\":{\"@type\":\"ImageObject\",\"inLanguage\":\"lt-LT\",\"@id\":\"https:\/\/bs2.lt\/#\/schema\/logo\/image\/\",\"url\":\"https:\/\/bs2.lt\/wp-content\/uploads\/2022\/08\/bs2-logo.svg\",\"contentUrl\":\"https:\/\/bs2.lt\/wp-content\/uploads\/2022\/08\/bs2-logo.svg\",\"width\":100,\"height\":57,\"caption\":\"BS\/2\"},\"image\":{\"@id\":\"https:\/\/bs2.lt\/#\/schema\/logo\/image\/\"},\"sameAs\":[\"https:\/\/www.facebook.com\/bs2solutions\/\",\"https:\/\/www.linkedin.com\/showcase\/bs2solutions\",\"https:\/\/www.youtube.com\/c\/Bs2Lt\"]}]}<\/script>\n<!-- \/ Yoast SEO plugin. -->","yoast_head_json":{"title":"\u012erangos infrastrukt\u016bros auditas ir strategijos planavimas | BS\/2","robots":{"index":"index","follow":"follow","max-snippet":"max-snippet:-1","max-image-preview":"max-image-preview:large","max-video-preview":"max-video-preview:-1"},"canonical":"https:\/\/bs2.lt\/product\/terminal-infrastructure-audit-and-strategic-planning\/","og_locale":"lt_LT","og_type":"article","og_title":"\u012erangos infrastrukt\u016bros auditas ir strategijos planavimas | BS\/2","og_description":"Rengiant banko ar kitos organizacijos savitarnos kanalo k\u016brimo strategij\u0105, gali prireikti partnerio pagalbos, kuris ne tik perimt\u0173 dal\u012f veiklos, bet ir pad\u0117t\u0173 planuoti pagrindinius verslo modelio veiklos etapus. BS\/2 atlieka organizacijos \u012frengini\u0173 infrastrukt\u016bros audit\u0105, po kurio pateikia rekomendacijas, kaip optimizuoti jos veikl\u0105. Visi \u0161ie veiksmai padeda pasiekti maksimal\u0173 naudojam\u0173 technologini\u0173 sprendim\u0173 efektyvum\u0105 su minimaliomis investicijomis. [&hellip;]","og_url":"https:\/\/bs2.lt\/product\/terminal-infrastructure-audit-and-strategic-planning\/","og_site_name":"BS\/2","article_publisher":"https:\/\/www.facebook.com\/bs2solutions\/","og_image":[{"width":1200,"height":1000,"url":"https:\/\/bs2.lt\/wp-content\/uploads\/2021\/02\/audit-terminalnoj-infrastruktury-i-strategicheskoe-planirovanie.jpg","type":"image\/jpeg"}],"twitter_card":"summary_large_image","twitter_misc":{"Est. reading time":"1 minut\u0117"},"schema":{"@context":"https:\/\/schema.org","@graph":[{"@type":"WebPage","@id":"https:\/\/bs2.lt\/product\/terminal-infrastructure-audit-and-strategic-planning\/","url":"https:\/\/bs2.lt\/product\/terminal-infrastructure-audit-and-strategic-planning\/","name":"\u012erangos infrastrukt\u016bros auditas ir strategijos planavimas | BS\/2","isPartOf":{"@id":"https:\/\/bs2.lt\/#website"},"primaryImageOfPage":{"@id":"https:\/\/bs2.lt\/product\/terminal-infrastructure-audit-and-strategic-planning\/#primaryimage"},"image":{"@id":"https:\/\/bs2.lt\/product\/terminal-infrastructure-audit-and-strategic-planning\/#primaryimage"},"thumbnailUrl":"https:\/\/bs2.lt\/wp-content\/uploads\/2021\/02\/audit-terminalnoj-infrastruktury-i-strategicheskoe-planirovanie.jpg","datePublished":"2022-02-10T10:01:14+00:00","breadcrumb":{"@id":"https:\/\/bs2.lt\/product\/terminal-infrastructure-audit-and-strategic-planning\/#breadcrumb"},"inLanguage":"lt-LT","potentialAction":[{"@type":"ReadAction","target":["https:\/\/bs2.lt\/product\/terminal-infrastructure-audit-and-strategic-planning\/"]}]},{"@type":"ImageObject","inLanguage":"lt-LT","@id":"https:\/\/bs2.lt\/product\/terminal-infrastructure-audit-and-strategic-planning\/#primaryimage","url":"https:\/\/bs2.lt\/wp-content\/uploads\/2021\/02\/audit-terminalnoj-infrastruktury-i-strategicheskoe-planirovanie.jpg","contentUrl":"https:\/\/bs2.lt\/wp-content\/uploads\/2021\/02\/audit-terminalnoj-infrastruktury-i-strategicheskoe-planirovanie.jpg","width":1200,"height":1000},{"@type":"BreadcrumbList","@id":"https:\/\/bs2.lt\/product\/terminal-infrastructure-audit-and-strategic-planning\/#breadcrumb","itemListElement":[{"@type":"ListItem","position":1,"name":"Home","item":"https:\/\/bs2.lt\/lt\/"},{"@type":"ListItem","position":2,"name":"\u012erangos infrastrukt\u016bros auditas ir strategijos planavimas"}]},{"@type":"WebSite","@id":"https:\/\/bs2.lt\/#website","url":"https:\/\/bs2.lt\/","name":"BS\/2","description":"Banking and retail technology company","publisher":{"@id":"https:\/\/bs2.lt\/#organization"},"potentialAction":[{"@type":"SearchAction","target":{"@type":"EntryPoint","urlTemplate":"https:\/\/bs2.lt\/?s={search_term_string}"},"query-input":{"@type":"PropertyValueSpecification","valueRequired":true,"valueName":"search_term_string"}}],"inLanguage":"lt-LT"},{"@type":"Organization","@id":"https:\/\/bs2.lt\/#organization","name":"BS\/2","url":"https:\/\/bs2.lt\/","logo":{"@type":"ImageObject","inLanguage":"lt-LT","@id":"https:\/\/bs2.lt\/#\/schema\/logo\/image\/","url":"https:\/\/bs2.lt\/wp-content\/uploads\/2022\/08\/bs2-logo.svg","contentUrl":"https:\/\/bs2.lt\/wp-content\/uploads\/2022\/08\/bs2-logo.svg","width":100,"height":57,"caption":"BS\/2"},"image":{"@id":"https:\/\/bs2.lt\/#\/schema\/logo\/image\/"},"sameAs":["https:\/\/www.facebook.com\/bs2solutions\/","https:\/\/www.linkedin.com\/showcase\/bs2solutions","https:\/\/www.youtube.com\/c\/Bs2Lt"]}]}},"_links":{"self":[{"href":"https:\/\/bs2.lt\/lt\/wp-json\/wp\/v2\/product\/11854","targetHints":{"allow":["GET"]}}],"collection":[{"href":"https:\/\/bs2.lt\/lt\/wp-json\/wp\/v2\/product"}],"about":[{"href":"https:\/\/bs2.lt\/lt\/wp-json\/wp\/v2\/types\/product"}],"wp:featuredmedia":[{"embeddable":true,"href":"https:\/\/bs2.lt\/lt\/wp-json\/wp\/v2\/media\/8613"}],"wp:attachment":[{"href":"https:\/\/bs2.lt\/lt\/wp-json\/wp\/v2\/media?parent=11854"}],"wp:term":[{"taxonomy":"product_category","embeddable":true,"href":"https:\/\/bs2.lt\/lt\/wp-json\/wp\/v2\/product_category?post=11854"},{"taxonomy":"atm_series","embeddable":true,"href":"https:\/\/bs2.lt\/lt\/wp-json\/wp\/v2\/atm_series?post=11854"},{"taxonomy":"atm_cashflow","embeddable":true,"href":"https:\/\/bs2.lt\/lt\/wp-json\/wp\/v2\/atm_cashflow?post=11854"},{"taxonomy":"atm_type","embeddable":true,"href":"https:\/\/bs2.lt\/lt\/wp-json\/wp\/v2\/atm_type?post=11854"},{"taxonomy":"product-provider","embeddable":true,"href":"https:\/\/bs2.lt\/lt\/wp-json\/wp\/v2\/product-provider?post=11854"}],"curies":[{"name":"wp","href":"https:\/\/api.w.org\/{rel}","templated":true}]}}