{"id":11840,"date":"2020-10-07T10:53:02","date_gmt":"2020-10-07T12:53:02","guid":{"rendered":"https:\/\/bs2.lt\/bs2.lt\/product\/servisnoe-obsluzhivanie-oborudovaniya-i-podderzhka-po\/"},"modified":"2022-02-02T05:25:05","modified_gmt":"2022-02-02T07:25:05","slug":"servisnoe-obsluzhivanie-oborudovaniya-i-podderzhka-po","status":"publish","type":"product","link":"https:\/\/bs2.lt\/lt\/product\/servisnoe-obsluzhivanie-oborudovaniya-i-podderzhka-po\/","title":{"rendered":"Technin\u0117s ir programin\u0117s \u012frangos prie\u017ei\u016bra bei atnaujinimas"},"content":{"rendered":"<p>Dinami\u0161kai ir stabiliai verslo pl\u0117trai b\u016btina u\u017etikrinti nuolatin\u012f \u012frangos, taip pat vis\u0173 paslaugoms teikti reikiam\u0173 sistem\u0173 ir taikom\u0173j\u0173 program\u0173 veikim\u0105.<\/p>\n<p>Patikima moderni \u012franga, naujausios programin\u0117s \u012frangos versijos, taip pat savalaikis reagavimas \u012f ekstremalias situacijas padeda \u012fgyvendinti \u0161ias u\u017eduotis.<\/p>\n","protected":false},"featured_media":8623,"template":"","product_category":[254],"atm_series":[],"atm_cashflow":[],"atm_type":[],"product-provider":[],"class_list":["post-11840","product","type-product","status-publish","has-post-thumbnail","hentry","product_category-services"],"acf":[],"yoast_head":"<!-- This site is optimized with the Yoast SEO plugin v26.2 - https:\/\/yoast.com\/wordpress\/plugins\/seo\/ -->\n<title>Technin\u0117s ir programin\u0117s \u012frangos prie\u017ei\u016bra bei atnaujinimas | BS\/2<\/title>\n<meta name=\"robots\" content=\"index, follow, max-snippet:-1, max-image-preview:large, max-video-preview:-1\" \/>\n<link rel=\"canonical\" href=\"https:\/\/bs2.lt\/product\/hardware-service-maintenance-and-software-support\/\" \/>\n<meta property=\"og:locale\" content=\"lt_LT\" \/>\n<meta property=\"og:type\" content=\"article\" \/>\n<meta property=\"og:title\" content=\"Technin\u0117s ir programin\u0117s \u012frangos prie\u017ei\u016bra bei atnaujinimas | BS\/2\" \/>\n<meta property=\"og:description\" content=\"Dinami\u0161kai ir stabiliai verslo pl\u0117trai b\u016btina u\u017etikrinti nuolatin\u012f \u012frangos, taip pat vis\u0173 paslaugoms teikti reikiam\u0173 sistem\u0173 ir taikom\u0173j\u0173 program\u0173 veikim\u0105. Patikima moderni \u012franga, naujausios programin\u0117s \u012frangos versijos, taip pat savalaikis reagavimas \u012f ekstremalias situacijas padeda \u012fgyvendinti \u0161ias u\u017eduotis.\" \/>\n<meta property=\"og:url\" content=\"https:\/\/bs2.lt\/product\/hardware-service-maintenance-and-software-support\/\" \/>\n<meta property=\"og:site_name\" content=\"BS\/2\" \/>\n<meta property=\"article:publisher\" content=\"https:\/\/www.facebook.com\/bs2solutions\/\" \/>\n<meta property=\"article:modified_time\" content=\"2022-02-02T07:25:05+00:00\" \/>\n<meta property=\"og:image\" content=\"https:\/\/bs2.lt\/wp-content\/uploads\/2020\/10\/servisnoe-obsluzhivanie-oborudovaniya-i-podderzhka-po.jpg\" \/>\n\t<meta property=\"og:image:width\" content=\"1200\" \/>\n\t<meta property=\"og:image:height\" content=\"1000\" \/>\n\t<meta property=\"og:image:type\" content=\"image\/jpeg\" \/>\n<meta name=\"twitter:card\" content=\"summary_large_image\" \/>\n<script type=\"application\/ld+json\" class=\"yoast-schema-graph\">{\"@context\":\"https:\/\/schema.org\",\"@graph\":[{\"@type\":\"WebPage\",\"@id\":\"https:\/\/bs2.lt\/product\/hardware-service-maintenance-and-software-support\/\",\"url\":\"https:\/\/bs2.lt\/product\/hardware-service-maintenance-and-software-support\/\",\"name\":\"Technin\u0117s ir programin\u0117s \u012frangos prie\u017ei\u016bra bei atnaujinimas | BS\/2\",\"isPartOf\":{\"@id\":\"https:\/\/bs2.lt\/#website\"},\"primaryImageOfPage\":{\"@id\":\"https:\/\/bs2.lt\/product\/hardware-service-maintenance-and-software-support\/#primaryimage\"},\"image\":{\"@id\":\"https:\/\/bs2.lt\/product\/hardware-service-maintenance-and-software-support\/#primaryimage\"},\"thumbnailUrl\":\"https:\/\/bs2.lt\/wp-content\/uploads\/2020\/10\/servisnoe-obsluzhivanie-oborudovaniya-i-podderzhka-po.jpg\",\"datePublished\":\"2020-10-07T12:53:02+00:00\",\"dateModified\":\"2022-02-02T07:25:05+00:00\",\"breadcrumb\":{\"@id\":\"https:\/\/bs2.lt\/product\/hardware-service-maintenance-and-software-support\/#breadcrumb\"},\"inLanguage\":\"lt-LT\",\"potentialAction\":[{\"@type\":\"ReadAction\",\"target\":[\"https:\/\/bs2.lt\/product\/hardware-service-maintenance-and-software-support\/\"]}]},{\"@type\":\"ImageObject\",\"inLanguage\":\"lt-LT\",\"@id\":\"https:\/\/bs2.lt\/product\/hardware-service-maintenance-and-software-support\/#primaryimage\",\"url\":\"https:\/\/bs2.lt\/wp-content\/uploads\/2020\/10\/servisnoe-obsluzhivanie-oborudovaniya-i-podderzhka-po.jpg\",\"contentUrl\":\"https:\/\/bs2.lt\/wp-content\/uploads\/2020\/10\/servisnoe-obsluzhivanie-oborudovaniya-i-podderzhka-po.jpg\",\"width\":1200,\"height\":1000},{\"@type\":\"BreadcrumbList\",\"@id\":\"https:\/\/bs2.lt\/product\/hardware-service-maintenance-and-software-support\/#breadcrumb\",\"itemListElement\":[{\"@type\":\"ListItem\",\"position\":1,\"name\":\"Home\",\"item\":\"https:\/\/bs2.lt\/lt\/\"},{\"@type\":\"ListItem\",\"position\":2,\"name\":\"Technin\u0117s ir programin\u0117s \u012frangos prie\u017ei\u016bra bei atnaujinimas\"}]},{\"@type\":\"WebSite\",\"@id\":\"https:\/\/bs2.lt\/#website\",\"url\":\"https:\/\/bs2.lt\/\",\"name\":\"BS\/2\",\"description\":\"Banking and retail technology company\",\"publisher\":{\"@id\":\"https:\/\/bs2.lt\/#organization\"},\"potentialAction\":[{\"@type\":\"SearchAction\",\"target\":{\"@type\":\"EntryPoint\",\"urlTemplate\":\"https:\/\/bs2.lt\/?s={search_term_string}\"},\"query-input\":{\"@type\":\"PropertyValueSpecification\",\"valueRequired\":true,\"valueName\":\"search_term_string\"}}],\"inLanguage\":\"lt-LT\"},{\"@type\":\"Organization\",\"@id\":\"https:\/\/bs2.lt\/#organization\",\"name\":\"BS\/2\",\"url\":\"https:\/\/bs2.lt\/\",\"logo\":{\"@type\":\"ImageObject\",\"inLanguage\":\"lt-LT\",\"@id\":\"https:\/\/bs2.lt\/#\/schema\/logo\/image\/\",\"url\":\"https:\/\/bs2.lt\/wp-content\/uploads\/2022\/08\/bs2-logo.svg\",\"contentUrl\":\"https:\/\/bs2.lt\/wp-content\/uploads\/2022\/08\/bs2-logo.svg\",\"width\":100,\"height\":57,\"caption\":\"BS\/2\"},\"image\":{\"@id\":\"https:\/\/bs2.lt\/#\/schema\/logo\/image\/\"},\"sameAs\":[\"https:\/\/www.facebook.com\/bs2solutions\/\",\"https:\/\/www.linkedin.com\/showcase\/bs2solutions\",\"https:\/\/www.youtube.com\/c\/Bs2Lt\"]}]}<\/script>\n<!-- \/ Yoast SEO plugin. -->","yoast_head_json":{"title":"Technin\u0117s ir programin\u0117s \u012frangos prie\u017ei\u016bra bei atnaujinimas | BS\/2","robots":{"index":"index","follow":"follow","max-snippet":"max-snippet:-1","max-image-preview":"max-image-preview:large","max-video-preview":"max-video-preview:-1"},"canonical":"https:\/\/bs2.lt\/product\/hardware-service-maintenance-and-software-support\/","og_locale":"lt_LT","og_type":"article","og_title":"Technin\u0117s ir programin\u0117s \u012frangos prie\u017ei\u016bra bei atnaujinimas | BS\/2","og_description":"Dinami\u0161kai ir stabiliai verslo pl\u0117trai b\u016btina u\u017etikrinti nuolatin\u012f \u012frangos, taip pat vis\u0173 paslaugoms teikti reikiam\u0173 sistem\u0173 ir taikom\u0173j\u0173 program\u0173 veikim\u0105. Patikima moderni \u012franga, naujausios programin\u0117s \u012frangos versijos, taip pat savalaikis reagavimas \u012f ekstremalias situacijas padeda \u012fgyvendinti \u0161ias u\u017eduotis.","og_url":"https:\/\/bs2.lt\/product\/hardware-service-maintenance-and-software-support\/","og_site_name":"BS\/2","article_publisher":"https:\/\/www.facebook.com\/bs2solutions\/","article_modified_time":"2022-02-02T07:25:05+00:00","og_image":[{"width":1200,"height":1000,"url":"https:\/\/bs2.lt\/wp-content\/uploads\/2020\/10\/servisnoe-obsluzhivanie-oborudovaniya-i-podderzhka-po.jpg","type":"image\/jpeg"}],"twitter_card":"summary_large_image","schema":{"@context":"https:\/\/schema.org","@graph":[{"@type":"WebPage","@id":"https:\/\/bs2.lt\/product\/hardware-service-maintenance-and-software-support\/","url":"https:\/\/bs2.lt\/product\/hardware-service-maintenance-and-software-support\/","name":"Technin\u0117s ir programin\u0117s \u012frangos prie\u017ei\u016bra bei atnaujinimas | BS\/2","isPartOf":{"@id":"https:\/\/bs2.lt\/#website"},"primaryImageOfPage":{"@id":"https:\/\/bs2.lt\/product\/hardware-service-maintenance-and-software-support\/#primaryimage"},"image":{"@id":"https:\/\/bs2.lt\/product\/hardware-service-maintenance-and-software-support\/#primaryimage"},"thumbnailUrl":"https:\/\/bs2.lt\/wp-content\/uploads\/2020\/10\/servisnoe-obsluzhivanie-oborudovaniya-i-podderzhka-po.jpg","datePublished":"2020-10-07T12:53:02+00:00","dateModified":"2022-02-02T07:25:05+00:00","breadcrumb":{"@id":"https:\/\/bs2.lt\/product\/hardware-service-maintenance-and-software-support\/#breadcrumb"},"inLanguage":"lt-LT","potentialAction":[{"@type":"ReadAction","target":["https:\/\/bs2.lt\/product\/hardware-service-maintenance-and-software-support\/"]}]},{"@type":"ImageObject","inLanguage":"lt-LT","@id":"https:\/\/bs2.lt\/product\/hardware-service-maintenance-and-software-support\/#primaryimage","url":"https:\/\/bs2.lt\/wp-content\/uploads\/2020\/10\/servisnoe-obsluzhivanie-oborudovaniya-i-podderzhka-po.jpg","contentUrl":"https:\/\/bs2.lt\/wp-content\/uploads\/2020\/10\/servisnoe-obsluzhivanie-oborudovaniya-i-podderzhka-po.jpg","width":1200,"height":1000},{"@type":"BreadcrumbList","@id":"https:\/\/bs2.lt\/product\/hardware-service-maintenance-and-software-support\/#breadcrumb","itemListElement":[{"@type":"ListItem","position":1,"name":"Home","item":"https:\/\/bs2.lt\/lt\/"},{"@type":"ListItem","position":2,"name":"Technin\u0117s ir programin\u0117s \u012frangos prie\u017ei\u016bra bei atnaujinimas"}]},{"@type":"WebSite","@id":"https:\/\/bs2.lt\/#website","url":"https:\/\/bs2.lt\/","name":"BS\/2","description":"Banking and retail technology company","publisher":{"@id":"https:\/\/bs2.lt\/#organization"},"potentialAction":[{"@type":"SearchAction","target":{"@type":"EntryPoint","urlTemplate":"https:\/\/bs2.lt\/?s={search_term_string}"},"query-input":{"@type":"PropertyValueSpecification","valueRequired":true,"valueName":"search_term_string"}}],"inLanguage":"lt-LT"},{"@type":"Organization","@id":"https:\/\/bs2.lt\/#organization","name":"BS\/2","url":"https:\/\/bs2.lt\/","logo":{"@type":"ImageObject","inLanguage":"lt-LT","@id":"https:\/\/bs2.lt\/#\/schema\/logo\/image\/","url":"https:\/\/bs2.lt\/wp-content\/uploads\/2022\/08\/bs2-logo.svg","contentUrl":"https:\/\/bs2.lt\/wp-content\/uploads\/2022\/08\/bs2-logo.svg","width":100,"height":57,"caption":"BS\/2"},"image":{"@id":"https:\/\/bs2.lt\/#\/schema\/logo\/image\/"},"sameAs":["https:\/\/www.facebook.com\/bs2solutions\/","https:\/\/www.linkedin.com\/showcase\/bs2solutions","https:\/\/www.youtube.com\/c\/Bs2Lt"]}]}},"_links":{"self":[{"href":"https:\/\/bs2.lt\/lt\/wp-json\/wp\/v2\/product\/11840","targetHints":{"allow":["GET"]}}],"collection":[{"href":"https:\/\/bs2.lt\/lt\/wp-json\/wp\/v2\/product"}],"about":[{"href":"https:\/\/bs2.lt\/lt\/wp-json\/wp\/v2\/types\/product"}],"wp:featuredmedia":[{"embeddable":true,"href":"https:\/\/bs2.lt\/lt\/wp-json\/wp\/v2\/media\/8623"}],"wp:attachment":[{"href":"https:\/\/bs2.lt\/lt\/wp-json\/wp\/v2\/media?parent=11840"}],"wp:term":[{"taxonomy":"product_category","embeddable":true,"href":"https:\/\/bs2.lt\/lt\/wp-json\/wp\/v2\/product_category?post=11840"},{"taxonomy":"atm_series","embeddable":true,"href":"https:\/\/bs2.lt\/lt\/wp-json\/wp\/v2\/atm_series?post=11840"},{"taxonomy":"atm_cashflow","embeddable":true,"href":"https:\/\/bs2.lt\/lt\/wp-json\/wp\/v2\/atm_cashflow?post=11840"},{"taxonomy":"atm_type","embeddable":true,"href":"https:\/\/bs2.lt\/lt\/wp-json\/wp\/v2\/atm_type?post=11840"},{"taxonomy":"product-provider","embeddable":true,"href":"https:\/\/bs2.lt\/lt\/wp-json\/wp\/v2\/product-provider?post=11840"}],"curies":[{"name":"wp","href":"https:\/\/api.w.org\/{rel}","templated":true}]}}