{"id":11824,"date":"2021-02-09T06:40:10","date_gmt":"2021-02-09T08:40:10","guid":{"rendered":"https:\/\/bs2.lt\/bs2.lt\/product\/podgotovka_i_ustanovka_specializirovannogo_oborudovanija\/"},"modified":"2023-12-12T10:59:59","modified_gmt":"2023-12-12T08:59:59","slug":"specializuotos-irangos-paruosimas-ir-idiegimas","status":"publish","type":"product","link":"https:\/\/bs2.lt\/lt\/product\/specializuotos-irangos-paruosimas-ir-idiegimas\/","title":{"rendered":"Specializuotos \u012frangos paruo\u0161imas ir \u012fdiegimas"},"content":{"rendered":"<p>Kai organizacija nusprend\u017eia i\u0161pl\u0117sti bankin\u0117s savitarnos ar kitoki\u0173 \u012frengini\u0173 tinkl\u0105, tenka pasir\u016bpinti anaiptol ne vien \u012frengini\u0173 \u012fsigijimu ir pristatymu \u012f sand\u0117l\u012f. Atskira svarbi u\u017eduotis \u2013 \u00a0operatyviai parengti \u012frang\u0105 eksploatacijai ir \u012frengti j\u0105 klient\u0173 aptarnavimo vietose.<\/p>\n","protected":false},"featured_media":8620,"template":"","product_category":[254],"atm_series":[],"atm_cashflow":[],"atm_type":[],"product-provider":[],"class_list":["post-11824","product","type-product","status-publish","has-post-thumbnail","hentry","product_category-services"],"acf":[],"yoast_head":"<!-- This site is optimized with the Yoast SEO plugin v26.2 - https:\/\/yoast.com\/wordpress\/plugins\/seo\/ -->\n<title>Specializuotos \u012frangos paruo\u0161imas ir \u012fdiegimas | BS\/2<\/title>\n<meta name=\"robots\" content=\"index, follow, max-snippet:-1, max-image-preview:large, max-video-preview:-1\" \/>\n<link rel=\"canonical\" href=\"https:\/\/bs2.lt\/lt\/product\/specializuotos-irangos-paruosimas-ir-idiegimas\/\" \/>\n<meta property=\"og:locale\" content=\"lt_LT\" \/>\n<meta property=\"og:type\" content=\"article\" \/>\n<meta property=\"og:title\" content=\"Specializuotos \u012frangos paruo\u0161imas ir \u012fdiegimas | BS\/2\" \/>\n<meta property=\"og:description\" content=\"Kai organizacija nusprend\u017eia i\u0161pl\u0117sti bankin\u0117s savitarnos ar kitoki\u0173 \u012frengini\u0173 tinkl\u0105, tenka pasir\u016bpinti anaiptol ne vien \u012frengini\u0173 \u012fsigijimu ir pristatymu \u012f sand\u0117l\u012f. Atskira svarbi u\u017eduotis \u2013 \u00a0operatyviai parengti \u012frang\u0105 eksploatacijai ir \u012frengti j\u0105 klient\u0173 aptarnavimo vietose.\" \/>\n<meta property=\"og:url\" content=\"https:\/\/bs2.lt\/lt\/product\/specializuotos-irangos-paruosimas-ir-idiegimas\/\" \/>\n<meta property=\"og:site_name\" content=\"BS\/2\" \/>\n<meta property=\"article:publisher\" content=\"https:\/\/www.facebook.com\/bs2solutions\/\" \/>\n<meta property=\"article:modified_time\" content=\"2023-12-12T08:59:59+00:00\" \/>\n<meta property=\"og:image\" content=\"https:\/\/bs2.lt\/wp-content\/uploads\/2021\/02\/podgotovka-i-ustanovka-speczializirovannogo-oborudovaniya.jpg\" \/>\n\t<meta property=\"og:image:width\" content=\"1200\" \/>\n\t<meta property=\"og:image:height\" content=\"1000\" \/>\n\t<meta property=\"og:image:type\" content=\"image\/jpeg\" \/>\n<meta name=\"twitter:card\" content=\"summary_large_image\" \/>\n<meta name=\"twitter:label1\" content=\"Est. reading time\" \/>\n\t<meta name=\"twitter:data1\" content=\"1 minut\u0117\" \/>\n<script type=\"application\/ld+json\" class=\"yoast-schema-graph\">{\"@context\":\"https:\/\/schema.org\",\"@graph\":[{\"@type\":\"WebPage\",\"@id\":\"https:\/\/bs2.lt\/lt\/product\/specializuotos-irangos-paruosimas-ir-idiegimas\/\",\"url\":\"https:\/\/bs2.lt\/lt\/product\/specializuotos-irangos-paruosimas-ir-idiegimas\/\",\"name\":\"Specializuotos \u012frangos paruo\u0161imas ir \u012fdiegimas | BS\/2\",\"isPartOf\":{\"@id\":\"https:\/\/bs2.lt\/#website\"},\"primaryImageOfPage\":{\"@id\":\"https:\/\/bs2.lt\/lt\/product\/specializuotos-irangos-paruosimas-ir-idiegimas\/#primaryimage\"},\"image\":{\"@id\":\"https:\/\/bs2.lt\/lt\/product\/specializuotos-irangos-paruosimas-ir-idiegimas\/#primaryimage\"},\"thumbnailUrl\":\"https:\/\/bs2.lt\/wp-content\/uploads\/2021\/02\/podgotovka-i-ustanovka-speczializirovannogo-oborudovaniya.jpg\",\"datePublished\":\"2021-02-09T08:40:10+00:00\",\"dateModified\":\"2023-12-12T08:59:59+00:00\",\"breadcrumb\":{\"@id\":\"https:\/\/bs2.lt\/lt\/product\/specializuotos-irangos-paruosimas-ir-idiegimas\/#breadcrumb\"},\"inLanguage\":\"lt-LT\",\"potentialAction\":[{\"@type\":\"ReadAction\",\"target\":[\"https:\/\/bs2.lt\/lt\/product\/specializuotos-irangos-paruosimas-ir-idiegimas\/\"]}]},{\"@type\":\"ImageObject\",\"inLanguage\":\"lt-LT\",\"@id\":\"https:\/\/bs2.lt\/lt\/product\/specializuotos-irangos-paruosimas-ir-idiegimas\/#primaryimage\",\"url\":\"https:\/\/bs2.lt\/wp-content\/uploads\/2021\/02\/podgotovka-i-ustanovka-speczializirovannogo-oborudovaniya.jpg\",\"contentUrl\":\"https:\/\/bs2.lt\/wp-content\/uploads\/2021\/02\/podgotovka-i-ustanovka-speczializirovannogo-oborudovaniya.jpg\",\"width\":1200,\"height\":1000},{\"@type\":\"BreadcrumbList\",\"@id\":\"https:\/\/bs2.lt\/lt\/product\/specializuotos-irangos-paruosimas-ir-idiegimas\/#breadcrumb\",\"itemListElement\":[{\"@type\":\"ListItem\",\"position\":1,\"name\":\"Home\",\"item\":\"https:\/\/bs2.lt\/lt\/\"},{\"@type\":\"ListItem\",\"position\":2,\"name\":\"Specializuotos \u012frangos paruo\u0161imas ir \u012fdiegimas\"}]},{\"@type\":\"WebSite\",\"@id\":\"https:\/\/bs2.lt\/#website\",\"url\":\"https:\/\/bs2.lt\/\",\"name\":\"BS\/2\",\"description\":\"Banking and retail technology company\",\"publisher\":{\"@id\":\"https:\/\/bs2.lt\/#organization\"},\"potentialAction\":[{\"@type\":\"SearchAction\",\"target\":{\"@type\":\"EntryPoint\",\"urlTemplate\":\"https:\/\/bs2.lt\/?s={search_term_string}\"},\"query-input\":{\"@type\":\"PropertyValueSpecification\",\"valueRequired\":true,\"valueName\":\"search_term_string\"}}],\"inLanguage\":\"lt-LT\"},{\"@type\":\"Organization\",\"@id\":\"https:\/\/bs2.lt\/#organization\",\"name\":\"BS\/2\",\"url\":\"https:\/\/bs2.lt\/\",\"logo\":{\"@type\":\"ImageObject\",\"inLanguage\":\"lt-LT\",\"@id\":\"https:\/\/bs2.lt\/#\/schema\/logo\/image\/\",\"url\":\"https:\/\/bs2.lt\/wp-content\/uploads\/2022\/08\/bs2-logo.svg\",\"contentUrl\":\"https:\/\/bs2.lt\/wp-content\/uploads\/2022\/08\/bs2-logo.svg\",\"width\":100,\"height\":57,\"caption\":\"BS\/2\"},\"image\":{\"@id\":\"https:\/\/bs2.lt\/#\/schema\/logo\/image\/\"},\"sameAs\":[\"https:\/\/www.facebook.com\/bs2solutions\/\",\"https:\/\/www.linkedin.com\/showcase\/bs2solutions\",\"https:\/\/www.youtube.com\/c\/Bs2Lt\"]}]}<\/script>\n<!-- \/ Yoast SEO plugin. -->","yoast_head_json":{"title":"Specializuotos \u012frangos paruo\u0161imas ir \u012fdiegimas | BS\/2","robots":{"index":"index","follow":"follow","max-snippet":"max-snippet:-1","max-image-preview":"max-image-preview:large","max-video-preview":"max-video-preview:-1"},"canonical":"https:\/\/bs2.lt\/lt\/product\/specializuotos-irangos-paruosimas-ir-idiegimas\/","og_locale":"lt_LT","og_type":"article","og_title":"Specializuotos \u012frangos paruo\u0161imas ir \u012fdiegimas | BS\/2","og_description":"Kai organizacija nusprend\u017eia i\u0161pl\u0117sti bankin\u0117s savitarnos ar kitoki\u0173 \u012frengini\u0173 tinkl\u0105, tenka pasir\u016bpinti anaiptol ne vien \u012frengini\u0173 \u012fsigijimu ir pristatymu \u012f sand\u0117l\u012f. Atskira svarbi u\u017eduotis \u2013 \u00a0operatyviai parengti \u012frang\u0105 eksploatacijai ir \u012frengti j\u0105 klient\u0173 aptarnavimo vietose.","og_url":"https:\/\/bs2.lt\/lt\/product\/specializuotos-irangos-paruosimas-ir-idiegimas\/","og_site_name":"BS\/2","article_publisher":"https:\/\/www.facebook.com\/bs2solutions\/","article_modified_time":"2023-12-12T08:59:59+00:00","og_image":[{"width":1200,"height":1000,"url":"https:\/\/bs2.lt\/wp-content\/uploads\/2021\/02\/podgotovka-i-ustanovka-speczializirovannogo-oborudovaniya.jpg","type":"image\/jpeg"}],"twitter_card":"summary_large_image","twitter_misc":{"Est. reading time":"1 minut\u0117"},"schema":{"@context":"https:\/\/schema.org","@graph":[{"@type":"WebPage","@id":"https:\/\/bs2.lt\/lt\/product\/specializuotos-irangos-paruosimas-ir-idiegimas\/","url":"https:\/\/bs2.lt\/lt\/product\/specializuotos-irangos-paruosimas-ir-idiegimas\/","name":"Specializuotos \u012frangos paruo\u0161imas ir \u012fdiegimas | BS\/2","isPartOf":{"@id":"https:\/\/bs2.lt\/#website"},"primaryImageOfPage":{"@id":"https:\/\/bs2.lt\/lt\/product\/specializuotos-irangos-paruosimas-ir-idiegimas\/#primaryimage"},"image":{"@id":"https:\/\/bs2.lt\/lt\/product\/specializuotos-irangos-paruosimas-ir-idiegimas\/#primaryimage"},"thumbnailUrl":"https:\/\/bs2.lt\/wp-content\/uploads\/2021\/02\/podgotovka-i-ustanovka-speczializirovannogo-oborudovaniya.jpg","datePublished":"2021-02-09T08:40:10+00:00","dateModified":"2023-12-12T08:59:59+00:00","breadcrumb":{"@id":"https:\/\/bs2.lt\/lt\/product\/specializuotos-irangos-paruosimas-ir-idiegimas\/#breadcrumb"},"inLanguage":"lt-LT","potentialAction":[{"@type":"ReadAction","target":["https:\/\/bs2.lt\/lt\/product\/specializuotos-irangos-paruosimas-ir-idiegimas\/"]}]},{"@type":"ImageObject","inLanguage":"lt-LT","@id":"https:\/\/bs2.lt\/lt\/product\/specializuotos-irangos-paruosimas-ir-idiegimas\/#primaryimage","url":"https:\/\/bs2.lt\/wp-content\/uploads\/2021\/02\/podgotovka-i-ustanovka-speczializirovannogo-oborudovaniya.jpg","contentUrl":"https:\/\/bs2.lt\/wp-content\/uploads\/2021\/02\/podgotovka-i-ustanovka-speczializirovannogo-oborudovaniya.jpg","width":1200,"height":1000},{"@type":"BreadcrumbList","@id":"https:\/\/bs2.lt\/lt\/product\/specializuotos-irangos-paruosimas-ir-idiegimas\/#breadcrumb","itemListElement":[{"@type":"ListItem","position":1,"name":"Home","item":"https:\/\/bs2.lt\/lt\/"},{"@type":"ListItem","position":2,"name":"Specializuotos \u012frangos paruo\u0161imas ir \u012fdiegimas"}]},{"@type":"WebSite","@id":"https:\/\/bs2.lt\/#website","url":"https:\/\/bs2.lt\/","name":"BS\/2","description":"Banking and retail technology company","publisher":{"@id":"https:\/\/bs2.lt\/#organization"},"potentialAction":[{"@type":"SearchAction","target":{"@type":"EntryPoint","urlTemplate":"https:\/\/bs2.lt\/?s={search_term_string}"},"query-input":{"@type":"PropertyValueSpecification","valueRequired":true,"valueName":"search_term_string"}}],"inLanguage":"lt-LT"},{"@type":"Organization","@id":"https:\/\/bs2.lt\/#organization","name":"BS\/2","url":"https:\/\/bs2.lt\/","logo":{"@type":"ImageObject","inLanguage":"lt-LT","@id":"https:\/\/bs2.lt\/#\/schema\/logo\/image\/","url":"https:\/\/bs2.lt\/wp-content\/uploads\/2022\/08\/bs2-logo.svg","contentUrl":"https:\/\/bs2.lt\/wp-content\/uploads\/2022\/08\/bs2-logo.svg","width":100,"height":57,"caption":"BS\/2"},"image":{"@id":"https:\/\/bs2.lt\/#\/schema\/logo\/image\/"},"sameAs":["https:\/\/www.facebook.com\/bs2solutions\/","https:\/\/www.linkedin.com\/showcase\/bs2solutions","https:\/\/www.youtube.com\/c\/Bs2Lt"]}]}},"_links":{"self":[{"href":"https:\/\/bs2.lt\/lt\/wp-json\/wp\/v2\/product\/11824","targetHints":{"allow":["GET"]}}],"collection":[{"href":"https:\/\/bs2.lt\/lt\/wp-json\/wp\/v2\/product"}],"about":[{"href":"https:\/\/bs2.lt\/lt\/wp-json\/wp\/v2\/types\/product"}],"wp:featuredmedia":[{"embeddable":true,"href":"https:\/\/bs2.lt\/lt\/wp-json\/wp\/v2\/media\/8620"}],"wp:attachment":[{"href":"https:\/\/bs2.lt\/lt\/wp-json\/wp\/v2\/media?parent=11824"}],"wp:term":[{"taxonomy":"product_category","embeddable":true,"href":"https:\/\/bs2.lt\/lt\/wp-json\/wp\/v2\/product_category?post=11824"},{"taxonomy":"atm_series","embeddable":true,"href":"https:\/\/bs2.lt\/lt\/wp-json\/wp\/v2\/atm_series?post=11824"},{"taxonomy":"atm_cashflow","embeddable":true,"href":"https:\/\/bs2.lt\/lt\/wp-json\/wp\/v2\/atm_cashflow?post=11824"},{"taxonomy":"atm_type","embeddable":true,"href":"https:\/\/bs2.lt\/lt\/wp-json\/wp\/v2\/atm_type?post=11824"},{"taxonomy":"product-provider","embeddable":true,"href":"https:\/\/bs2.lt\/lt\/wp-json\/wp\/v2\/product-provider?post=11824"}],"curies":[{"name":"wp","href":"https:\/\/api.w.org\/{rel}","templated":true}]}}