{"id":11801,"date":"2021-02-18T13:02:14","date_gmt":"2021-02-18T15:02:14","guid":{"rendered":"https:\/\/bs2.lt\/bs2.lt\/product\/proflex4\/"},"modified":"2023-03-24T15:01:50","modified_gmt":"2023-03-24T13:01:50","slug":"proflex4","status":"publish","type":"product","link":"https:\/\/bs2.lt\/lt\/product\/proflex4\/","title":{"rendered":"VCP-Pro (ProFlex4)"},"content":{"rendered":"<p>Programin\u012f sprendim\u0105 \u201eVCP-Pro\u201c (\u201eProFlex4\u201c) suk\u016br\u0117 pasaulin\u0117 bankini\u0173 technologij\u0173 gamintoja \u201eDiebold Nixdorf\u201c. Tai sistema, prie kurios galima prijungti \u012fvairius savitarnos \u012frenginius (bankomatus, mok\u0117jimo kioskus ir kt.), siekiant i\u0161pl\u0117sti juose teikiamas paslaugas.<\/p>\n<p>VCP (angl. Vynamic Connection Points) \u2013 programini\u0173 sprendim\u0173 kompleksas, sukurtas atnaujinus \u201eProCash\u201c ir\u00a0\u201eProFlex4\u201c produkt\u0173 funkcionalum\u0105. Pakeitus produkt\u0173 prek\u0117s \u017eenklus, jie pervadinti atitinkamai \u012f \u201eVCP Lite\u201c ir \u201eVCP-Pro\u201c.<\/p>\n<p>\u201eVCP-Pro\u201c suteikia galimyb\u0119:<\/p>\n<ul>\n<li>Teikti savitarnos \u012frenginiuose naujas paslaugas ir si\u016blyti naujus produktus;<\/li>\n<li>Sukurti dinamin\u0119 vartotojo s\u0105saj\u0105;<\/li>\n<li>Kurti ir \u012fgyvendinti savitarnos \u012frenginiuose naujus darbo scenarijus.<\/li>\n<\/ul>\n","protected":false},"featured_media":7787,"template":"","product_category":[208],"atm_series":[],"atm_cashflow":[],"atm_type":[],"product-provider":[],"class_list":["post-11801","product","type-product","status-publish","has-post-thumbnail","hentry","product_category-software"],"acf":[],"yoast_head":"<!-- This site is optimized with the Yoast SEO plugin v26.2 - https:\/\/yoast.com\/wordpress\/plugins\/seo\/ -->\n<title>VCP-Pro (ProFlex4) | BS\/2<\/title>\n<meta name=\"robots\" content=\"index, follow, max-snippet:-1, max-image-preview:large, max-video-preview:-1\" \/>\n<link rel=\"canonical\" href=\"https:\/\/bs2.lt\/lt\/product\/proflex4\/\" \/>\n<meta property=\"og:locale\" content=\"lt_LT\" \/>\n<meta property=\"og:type\" content=\"article\" \/>\n<meta property=\"og:title\" content=\"VCP-Pro (ProFlex4) | BS\/2\" \/>\n<meta property=\"og:description\" content=\"Programin\u012f sprendim\u0105 \u201eVCP-Pro\u201c (\u201eProFlex4\u201c) suk\u016br\u0117 pasaulin\u0117 bankini\u0173 technologij\u0173 gamintoja \u201eDiebold Nixdorf\u201c. Tai sistema, prie kurios galima prijungti \u012fvairius savitarnos \u012frenginius (bankomatus, mok\u0117jimo kioskus ir kt.), siekiant i\u0161pl\u0117sti juose teikiamas paslaugas. VCP (angl. Vynamic Connection Points) \u2013 programini\u0173 sprendim\u0173 kompleksas, sukurtas atnaujinus \u201eProCash\u201c ir\u00a0\u201eProFlex4\u201c produkt\u0173 funkcionalum\u0105. Pakeitus produkt\u0173 prek\u0117s \u017eenklus, jie pervadinti atitinkamai \u012f \u201eVCP Lite\u201c [&hellip;]\" \/>\n<meta property=\"og:url\" content=\"https:\/\/bs2.lt\/lt\/product\/proflex4\/\" \/>\n<meta property=\"og:site_name\" content=\"BS\/2\" \/>\n<meta property=\"article:publisher\" content=\"https:\/\/www.facebook.com\/bs2solutions\/\" \/>\n<meta property=\"article:modified_time\" content=\"2023-03-24T13:01:50+00:00\" \/>\n<meta property=\"og:image\" content=\"https:\/\/bs2.lt\/wp-content\/uploads\/2021\/02\/proflex-screen.jpg\" \/>\n\t<meta property=\"og:image:width\" content=\"1600\" \/>\n\t<meta property=\"og:image:height\" content=\"1388\" \/>\n\t<meta property=\"og:image:type\" content=\"image\/jpeg\" \/>\n<meta name=\"twitter:card\" content=\"summary_large_image\" \/>\n<meta name=\"twitter:label1\" content=\"Est. reading time\" \/>\n\t<meta name=\"twitter:data1\" content=\"1 minut\u0117\" \/>\n<script type=\"application\/ld+json\" class=\"yoast-schema-graph\">{\"@context\":\"https:\/\/schema.org\",\"@graph\":[{\"@type\":\"WebPage\",\"@id\":\"https:\/\/bs2.lt\/lt\/product\/proflex4\/\",\"url\":\"https:\/\/bs2.lt\/lt\/product\/proflex4\/\",\"name\":\"VCP-Pro (ProFlex4) | BS\/2\",\"isPartOf\":{\"@id\":\"https:\/\/bs2.lt\/#website\"},\"primaryImageOfPage\":{\"@id\":\"https:\/\/bs2.lt\/lt\/product\/proflex4\/#primaryimage\"},\"image\":{\"@id\":\"https:\/\/bs2.lt\/lt\/product\/proflex4\/#primaryimage\"},\"thumbnailUrl\":\"https:\/\/bs2.lt\/wp-content\/uploads\/2021\/02\/proflex-screen.jpg\",\"datePublished\":\"2021-02-18T15:02:14+00:00\",\"dateModified\":\"2023-03-24T13:01:50+00:00\",\"breadcrumb\":{\"@id\":\"https:\/\/bs2.lt\/lt\/product\/proflex4\/#breadcrumb\"},\"inLanguage\":\"lt-LT\",\"potentialAction\":[{\"@type\":\"ReadAction\",\"target\":[\"https:\/\/bs2.lt\/lt\/product\/proflex4\/\"]}]},{\"@type\":\"ImageObject\",\"inLanguage\":\"lt-LT\",\"@id\":\"https:\/\/bs2.lt\/lt\/product\/proflex4\/#primaryimage\",\"url\":\"https:\/\/bs2.lt\/wp-content\/uploads\/2021\/02\/proflex-screen.jpg\",\"contentUrl\":\"https:\/\/bs2.lt\/wp-content\/uploads\/2021\/02\/proflex-screen.jpg\",\"width\":1600,\"height\":1388},{\"@type\":\"BreadcrumbList\",\"@id\":\"https:\/\/bs2.lt\/lt\/product\/proflex4\/#breadcrumb\",\"itemListElement\":[{\"@type\":\"ListItem\",\"position\":1,\"name\":\"Home\",\"item\":\"https:\/\/bs2.lt\/lt\/\"},{\"@type\":\"ListItem\",\"position\":2,\"name\":\"VCP-Pro (ProFlex4)\"}]},{\"@type\":\"WebSite\",\"@id\":\"https:\/\/bs2.lt\/#website\",\"url\":\"https:\/\/bs2.lt\/\",\"name\":\"BS\/2\",\"description\":\"Banking and retail technology company\",\"publisher\":{\"@id\":\"https:\/\/bs2.lt\/#organization\"},\"potentialAction\":[{\"@type\":\"SearchAction\",\"target\":{\"@type\":\"EntryPoint\",\"urlTemplate\":\"https:\/\/bs2.lt\/?s={search_term_string}\"},\"query-input\":{\"@type\":\"PropertyValueSpecification\",\"valueRequired\":true,\"valueName\":\"search_term_string\"}}],\"inLanguage\":\"lt-LT\"},{\"@type\":\"Organization\",\"@id\":\"https:\/\/bs2.lt\/#organization\",\"name\":\"BS\/2\",\"url\":\"https:\/\/bs2.lt\/\",\"logo\":{\"@type\":\"ImageObject\",\"inLanguage\":\"lt-LT\",\"@id\":\"https:\/\/bs2.lt\/#\/schema\/logo\/image\/\",\"url\":\"https:\/\/bs2.lt\/wp-content\/uploads\/2022\/08\/bs2-logo.svg\",\"contentUrl\":\"https:\/\/bs2.lt\/wp-content\/uploads\/2022\/08\/bs2-logo.svg\",\"width\":100,\"height\":57,\"caption\":\"BS\/2\"},\"image\":{\"@id\":\"https:\/\/bs2.lt\/#\/schema\/logo\/image\/\"},\"sameAs\":[\"https:\/\/www.facebook.com\/bs2solutions\/\",\"https:\/\/www.linkedin.com\/showcase\/bs2solutions\",\"https:\/\/www.youtube.com\/c\/Bs2Lt\"]}]}<\/script>\n<!-- \/ Yoast SEO plugin. -->","yoast_head_json":{"title":"VCP-Pro (ProFlex4) | BS\/2","robots":{"index":"index","follow":"follow","max-snippet":"max-snippet:-1","max-image-preview":"max-image-preview:large","max-video-preview":"max-video-preview:-1"},"canonical":"https:\/\/bs2.lt\/lt\/product\/proflex4\/","og_locale":"lt_LT","og_type":"article","og_title":"VCP-Pro (ProFlex4) | BS\/2","og_description":"Programin\u012f sprendim\u0105 \u201eVCP-Pro\u201c (\u201eProFlex4\u201c) suk\u016br\u0117 pasaulin\u0117 bankini\u0173 technologij\u0173 gamintoja \u201eDiebold Nixdorf\u201c. Tai sistema, prie kurios galima prijungti \u012fvairius savitarnos \u012frenginius (bankomatus, mok\u0117jimo kioskus ir kt.), siekiant i\u0161pl\u0117sti juose teikiamas paslaugas. VCP (angl. Vynamic Connection Points) \u2013 programini\u0173 sprendim\u0173 kompleksas, sukurtas atnaujinus \u201eProCash\u201c ir\u00a0\u201eProFlex4\u201c produkt\u0173 funkcionalum\u0105. Pakeitus produkt\u0173 prek\u0117s \u017eenklus, jie pervadinti atitinkamai \u012f \u201eVCP Lite\u201c [&hellip;]","og_url":"https:\/\/bs2.lt\/lt\/product\/proflex4\/","og_site_name":"BS\/2","article_publisher":"https:\/\/www.facebook.com\/bs2solutions\/","article_modified_time":"2023-03-24T13:01:50+00:00","og_image":[{"width":1600,"height":1388,"url":"https:\/\/bs2.lt\/wp-content\/uploads\/2021\/02\/proflex-screen.jpg","type":"image\/jpeg"}],"twitter_card":"summary_large_image","twitter_misc":{"Est. reading time":"1 minut\u0117"},"schema":{"@context":"https:\/\/schema.org","@graph":[{"@type":"WebPage","@id":"https:\/\/bs2.lt\/lt\/product\/proflex4\/","url":"https:\/\/bs2.lt\/lt\/product\/proflex4\/","name":"VCP-Pro (ProFlex4) | BS\/2","isPartOf":{"@id":"https:\/\/bs2.lt\/#website"},"primaryImageOfPage":{"@id":"https:\/\/bs2.lt\/lt\/product\/proflex4\/#primaryimage"},"image":{"@id":"https:\/\/bs2.lt\/lt\/product\/proflex4\/#primaryimage"},"thumbnailUrl":"https:\/\/bs2.lt\/wp-content\/uploads\/2021\/02\/proflex-screen.jpg","datePublished":"2021-02-18T15:02:14+00:00","dateModified":"2023-03-24T13:01:50+00:00","breadcrumb":{"@id":"https:\/\/bs2.lt\/lt\/product\/proflex4\/#breadcrumb"},"inLanguage":"lt-LT","potentialAction":[{"@type":"ReadAction","target":["https:\/\/bs2.lt\/lt\/product\/proflex4\/"]}]},{"@type":"ImageObject","inLanguage":"lt-LT","@id":"https:\/\/bs2.lt\/lt\/product\/proflex4\/#primaryimage","url":"https:\/\/bs2.lt\/wp-content\/uploads\/2021\/02\/proflex-screen.jpg","contentUrl":"https:\/\/bs2.lt\/wp-content\/uploads\/2021\/02\/proflex-screen.jpg","width":1600,"height":1388},{"@type":"BreadcrumbList","@id":"https:\/\/bs2.lt\/lt\/product\/proflex4\/#breadcrumb","itemListElement":[{"@type":"ListItem","position":1,"name":"Home","item":"https:\/\/bs2.lt\/lt\/"},{"@type":"ListItem","position":2,"name":"VCP-Pro (ProFlex4)"}]},{"@type":"WebSite","@id":"https:\/\/bs2.lt\/#website","url":"https:\/\/bs2.lt\/","name":"BS\/2","description":"Banking and retail technology company","publisher":{"@id":"https:\/\/bs2.lt\/#organization"},"potentialAction":[{"@type":"SearchAction","target":{"@type":"EntryPoint","urlTemplate":"https:\/\/bs2.lt\/?s={search_term_string}"},"query-input":{"@type":"PropertyValueSpecification","valueRequired":true,"valueName":"search_term_string"}}],"inLanguage":"lt-LT"},{"@type":"Organization","@id":"https:\/\/bs2.lt\/#organization","name":"BS\/2","url":"https:\/\/bs2.lt\/","logo":{"@type":"ImageObject","inLanguage":"lt-LT","@id":"https:\/\/bs2.lt\/#\/schema\/logo\/image\/","url":"https:\/\/bs2.lt\/wp-content\/uploads\/2022\/08\/bs2-logo.svg","contentUrl":"https:\/\/bs2.lt\/wp-content\/uploads\/2022\/08\/bs2-logo.svg","width":100,"height":57,"caption":"BS\/2"},"image":{"@id":"https:\/\/bs2.lt\/#\/schema\/logo\/image\/"},"sameAs":["https:\/\/www.facebook.com\/bs2solutions\/","https:\/\/www.linkedin.com\/showcase\/bs2solutions","https:\/\/www.youtube.com\/c\/Bs2Lt"]}]}},"_links":{"self":[{"href":"https:\/\/bs2.lt\/lt\/wp-json\/wp\/v2\/product\/11801","targetHints":{"allow":["GET"]}}],"collection":[{"href":"https:\/\/bs2.lt\/lt\/wp-json\/wp\/v2\/product"}],"about":[{"href":"https:\/\/bs2.lt\/lt\/wp-json\/wp\/v2\/types\/product"}],"wp:featuredmedia":[{"embeddable":true,"href":"https:\/\/bs2.lt\/lt\/wp-json\/wp\/v2\/media\/7787"}],"wp:attachment":[{"href":"https:\/\/bs2.lt\/lt\/wp-json\/wp\/v2\/media?parent=11801"}],"wp:term":[{"taxonomy":"product_category","embeddable":true,"href":"https:\/\/bs2.lt\/lt\/wp-json\/wp\/v2\/product_category?post=11801"},{"taxonomy":"atm_series","embeddable":true,"href":"https:\/\/bs2.lt\/lt\/wp-json\/wp\/v2\/atm_series?post=11801"},{"taxonomy":"atm_cashflow","embeddable":true,"href":"https:\/\/bs2.lt\/lt\/wp-json\/wp\/v2\/atm_cashflow?post=11801"},{"taxonomy":"atm_type","embeddable":true,"href":"https:\/\/bs2.lt\/lt\/wp-json\/wp\/v2\/atm_type?post=11801"},{"taxonomy":"product-provider","embeddable":true,"href":"https:\/\/bs2.lt\/lt\/wp-json\/wp\/v2\/product-provider?post=11801"}],"curies":[{"name":"wp","href":"https:\/\/api.w.org\/{rel}","templated":true}]}}