{"id":11798,"date":"2021-02-18T12:53:03","date_gmt":"2021-02-18T14:53:03","guid":{"rendered":"https:\/\/bs2.lt\/bs2.lt\/product\/vynamic-marketing\/"},"modified":"2022-01-27T07:20:14","modified_gmt":"2022-01-27T09:20:14","slug":"vynamic-marketing","status":"publish","type":"product","link":"https:\/\/bs2.lt\/lt\/product\/vynamic-marketing\/","title":{"rendered":"Vynamic\u2122 Marketing"},"content":{"rendered":"<p>Pasaulin\u0117s bankini\u0173 technologij\u0173 bendrov\u0117s \u201eDiebold Nixdorf\u201c sukurta programin\u0117 sistema\u00a0 \u201eVynamic Marketing\u201c suteikia galimyb\u0119 bankin\u0117s savitarnos \u012frenginius panaudoti bank\u0173 ir j\u0173 partneri\u0173 produktams ir paslaugoms reklamuoti bei parduoti.<\/p>\n<p>\u201eVynamic Marketing\u201c skirta:<\/p>\n<ul>\n<li>Demonstruoti bankomat\u0173 ekranuose individualizuot\u0105 reklam\u0105;<\/li>\n<li>Organizuoti rinkodaros kampanijas, taikant interaktyvius scenarijus;<\/li>\n<li>Gauti atgalin\u012f ry\u0161\u012f i\u0161 klient\u0173 skaitmeniniu b\u016bdu.<\/li>\n<\/ul>\n","protected":false},"featured_media":7802,"template":"","product_category":[208],"atm_series":[],"atm_cashflow":[],"atm_type":[],"product-provider":[],"class_list":["post-11798","product","type-product","status-publish","has-post-thumbnail","hentry","product_category-software"],"acf":[],"yoast_head":"<!-- This site is optimized with the Yoast SEO plugin v26.2 - https:\/\/yoast.com\/wordpress\/plugins\/seo\/ -->\n<title>Vynamic\u2122 Marketing | BS\/2<\/title>\n<meta name=\"robots\" content=\"index, follow, max-snippet:-1, max-image-preview:large, max-video-preview:-1\" \/>\n<link rel=\"canonical\" href=\"https:\/\/bs2.lt\/lt\/product\/vynamic-marketing\/\" \/>\n<meta property=\"og:locale\" content=\"lt_LT\" \/>\n<meta property=\"og:type\" content=\"article\" \/>\n<meta property=\"og:title\" content=\"Vynamic\u2122 Marketing | BS\/2\" \/>\n<meta property=\"og:description\" content=\"Pasaulin\u0117s bankini\u0173 technologij\u0173 bendrov\u0117s \u201eDiebold Nixdorf\u201c sukurta programin\u0117 sistema\u00a0 \u201eVynamic Marketing\u201c suteikia galimyb\u0119 bankin\u0117s savitarnos \u012frenginius panaudoti bank\u0173 ir j\u0173 partneri\u0173 produktams ir paslaugoms reklamuoti bei parduoti. \u201eVynamic Marketing\u201c skirta: Demonstruoti bankomat\u0173 ekranuose individualizuot\u0105 reklam\u0105; Organizuoti rinkodaros kampanijas, taikant interaktyvius scenarijus; Gauti atgalin\u012f ry\u0161\u012f i\u0161 klient\u0173 skaitmeniniu b\u016bdu.\" \/>\n<meta property=\"og:url\" content=\"https:\/\/bs2.lt\/lt\/product\/vynamic-marketing\/\" \/>\n<meta property=\"og:site_name\" content=\"BS\/2\" \/>\n<meta property=\"article:publisher\" content=\"https:\/\/www.facebook.com\/bs2solutions\/\" \/>\n<meta property=\"article:modified_time\" content=\"2022-01-27T09:20:14+00:00\" \/>\n<meta property=\"og:image\" content=\"https:\/\/bs2.lt\/wp-content\/uploads\/2021\/02\/vm-screen.jpg\" \/>\n\t<meta property=\"og:image:width\" content=\"1600\" \/>\n\t<meta property=\"og:image:height\" content=\"1388\" \/>\n\t<meta property=\"og:image:type\" content=\"image\/jpeg\" \/>\n<meta name=\"twitter:card\" content=\"summary_large_image\" \/>\n<meta name=\"twitter:label1\" content=\"Est. reading time\" \/>\n\t<meta name=\"twitter:data1\" content=\"1 minut\u0117\" \/>\n<script type=\"application\/ld+json\" class=\"yoast-schema-graph\">{\"@context\":\"https:\/\/schema.org\",\"@graph\":[{\"@type\":\"WebPage\",\"@id\":\"https:\/\/bs2.lt\/lt\/product\/vynamic-marketing\/\",\"url\":\"https:\/\/bs2.lt\/lt\/product\/vynamic-marketing\/\",\"name\":\"Vynamic\u2122 Marketing | BS\/2\",\"isPartOf\":{\"@id\":\"https:\/\/bs2.lt\/#website\"},\"primaryImageOfPage\":{\"@id\":\"https:\/\/bs2.lt\/lt\/product\/vynamic-marketing\/#primaryimage\"},\"image\":{\"@id\":\"https:\/\/bs2.lt\/lt\/product\/vynamic-marketing\/#primaryimage\"},\"thumbnailUrl\":\"https:\/\/bs2.lt\/wp-content\/uploads\/2021\/02\/vm-screen.jpg\",\"datePublished\":\"2021-02-18T14:53:03+00:00\",\"dateModified\":\"2022-01-27T09:20:14+00:00\",\"breadcrumb\":{\"@id\":\"https:\/\/bs2.lt\/lt\/product\/vynamic-marketing\/#breadcrumb\"},\"inLanguage\":\"lt-LT\",\"potentialAction\":[{\"@type\":\"ReadAction\",\"target\":[\"https:\/\/bs2.lt\/lt\/product\/vynamic-marketing\/\"]}]},{\"@type\":\"ImageObject\",\"inLanguage\":\"lt-LT\",\"@id\":\"https:\/\/bs2.lt\/lt\/product\/vynamic-marketing\/#primaryimage\",\"url\":\"https:\/\/bs2.lt\/wp-content\/uploads\/2021\/02\/vm-screen.jpg\",\"contentUrl\":\"https:\/\/bs2.lt\/wp-content\/uploads\/2021\/02\/vm-screen.jpg\",\"width\":1600,\"height\":1388},{\"@type\":\"BreadcrumbList\",\"@id\":\"https:\/\/bs2.lt\/lt\/product\/vynamic-marketing\/#breadcrumb\",\"itemListElement\":[{\"@type\":\"ListItem\",\"position\":1,\"name\":\"Home\",\"item\":\"https:\/\/bs2.lt\/lt\/\"},{\"@type\":\"ListItem\",\"position\":2,\"name\":\"Vynamic\u2122 Marketing\"}]},{\"@type\":\"WebSite\",\"@id\":\"https:\/\/bs2.lt\/#website\",\"url\":\"https:\/\/bs2.lt\/\",\"name\":\"BS\/2\",\"description\":\"Banking and retail technology company\",\"publisher\":{\"@id\":\"https:\/\/bs2.lt\/#organization\"},\"potentialAction\":[{\"@type\":\"SearchAction\",\"target\":{\"@type\":\"EntryPoint\",\"urlTemplate\":\"https:\/\/bs2.lt\/?s={search_term_string}\"},\"query-input\":{\"@type\":\"PropertyValueSpecification\",\"valueRequired\":true,\"valueName\":\"search_term_string\"}}],\"inLanguage\":\"lt-LT\"},{\"@type\":\"Organization\",\"@id\":\"https:\/\/bs2.lt\/#organization\",\"name\":\"BS\/2\",\"url\":\"https:\/\/bs2.lt\/\",\"logo\":{\"@type\":\"ImageObject\",\"inLanguage\":\"lt-LT\",\"@id\":\"https:\/\/bs2.lt\/#\/schema\/logo\/image\/\",\"url\":\"https:\/\/bs2.lt\/wp-content\/uploads\/2022\/08\/bs2-logo.svg\",\"contentUrl\":\"https:\/\/bs2.lt\/wp-content\/uploads\/2022\/08\/bs2-logo.svg\",\"width\":100,\"height\":57,\"caption\":\"BS\/2\"},\"image\":{\"@id\":\"https:\/\/bs2.lt\/#\/schema\/logo\/image\/\"},\"sameAs\":[\"https:\/\/www.facebook.com\/bs2solutions\/\",\"https:\/\/www.linkedin.com\/showcase\/bs2solutions\",\"https:\/\/www.youtube.com\/c\/Bs2Lt\"]}]}<\/script>\n<!-- \/ Yoast SEO plugin. -->","yoast_head_json":{"title":"Vynamic\u2122 Marketing | BS\/2","robots":{"index":"index","follow":"follow","max-snippet":"max-snippet:-1","max-image-preview":"max-image-preview:large","max-video-preview":"max-video-preview:-1"},"canonical":"https:\/\/bs2.lt\/lt\/product\/vynamic-marketing\/","og_locale":"lt_LT","og_type":"article","og_title":"Vynamic\u2122 Marketing | BS\/2","og_description":"Pasaulin\u0117s bankini\u0173 technologij\u0173 bendrov\u0117s \u201eDiebold Nixdorf\u201c sukurta programin\u0117 sistema\u00a0 \u201eVynamic Marketing\u201c suteikia galimyb\u0119 bankin\u0117s savitarnos \u012frenginius panaudoti bank\u0173 ir j\u0173 partneri\u0173 produktams ir paslaugoms reklamuoti bei parduoti. \u201eVynamic Marketing\u201c skirta: Demonstruoti bankomat\u0173 ekranuose individualizuot\u0105 reklam\u0105; Organizuoti rinkodaros kampanijas, taikant interaktyvius scenarijus; Gauti atgalin\u012f ry\u0161\u012f i\u0161 klient\u0173 skaitmeniniu b\u016bdu.","og_url":"https:\/\/bs2.lt\/lt\/product\/vynamic-marketing\/","og_site_name":"BS\/2","article_publisher":"https:\/\/www.facebook.com\/bs2solutions\/","article_modified_time":"2022-01-27T09:20:14+00:00","og_image":[{"width":1600,"height":1388,"url":"https:\/\/bs2.lt\/wp-content\/uploads\/2021\/02\/vm-screen.jpg","type":"image\/jpeg"}],"twitter_card":"summary_large_image","twitter_misc":{"Est. reading time":"1 minut\u0117"},"schema":{"@context":"https:\/\/schema.org","@graph":[{"@type":"WebPage","@id":"https:\/\/bs2.lt\/lt\/product\/vynamic-marketing\/","url":"https:\/\/bs2.lt\/lt\/product\/vynamic-marketing\/","name":"Vynamic\u2122 Marketing | BS\/2","isPartOf":{"@id":"https:\/\/bs2.lt\/#website"},"primaryImageOfPage":{"@id":"https:\/\/bs2.lt\/lt\/product\/vynamic-marketing\/#primaryimage"},"image":{"@id":"https:\/\/bs2.lt\/lt\/product\/vynamic-marketing\/#primaryimage"},"thumbnailUrl":"https:\/\/bs2.lt\/wp-content\/uploads\/2021\/02\/vm-screen.jpg","datePublished":"2021-02-18T14:53:03+00:00","dateModified":"2022-01-27T09:20:14+00:00","breadcrumb":{"@id":"https:\/\/bs2.lt\/lt\/product\/vynamic-marketing\/#breadcrumb"},"inLanguage":"lt-LT","potentialAction":[{"@type":"ReadAction","target":["https:\/\/bs2.lt\/lt\/product\/vynamic-marketing\/"]}]},{"@type":"ImageObject","inLanguage":"lt-LT","@id":"https:\/\/bs2.lt\/lt\/product\/vynamic-marketing\/#primaryimage","url":"https:\/\/bs2.lt\/wp-content\/uploads\/2021\/02\/vm-screen.jpg","contentUrl":"https:\/\/bs2.lt\/wp-content\/uploads\/2021\/02\/vm-screen.jpg","width":1600,"height":1388},{"@type":"BreadcrumbList","@id":"https:\/\/bs2.lt\/lt\/product\/vynamic-marketing\/#breadcrumb","itemListElement":[{"@type":"ListItem","position":1,"name":"Home","item":"https:\/\/bs2.lt\/lt\/"},{"@type":"ListItem","position":2,"name":"Vynamic\u2122 Marketing"}]},{"@type":"WebSite","@id":"https:\/\/bs2.lt\/#website","url":"https:\/\/bs2.lt\/","name":"BS\/2","description":"Banking and retail technology company","publisher":{"@id":"https:\/\/bs2.lt\/#organization"},"potentialAction":[{"@type":"SearchAction","target":{"@type":"EntryPoint","urlTemplate":"https:\/\/bs2.lt\/?s={search_term_string}"},"query-input":{"@type":"PropertyValueSpecification","valueRequired":true,"valueName":"search_term_string"}}],"inLanguage":"lt-LT"},{"@type":"Organization","@id":"https:\/\/bs2.lt\/#organization","name":"BS\/2","url":"https:\/\/bs2.lt\/","logo":{"@type":"ImageObject","inLanguage":"lt-LT","@id":"https:\/\/bs2.lt\/#\/schema\/logo\/image\/","url":"https:\/\/bs2.lt\/wp-content\/uploads\/2022\/08\/bs2-logo.svg","contentUrl":"https:\/\/bs2.lt\/wp-content\/uploads\/2022\/08\/bs2-logo.svg","width":100,"height":57,"caption":"BS\/2"},"image":{"@id":"https:\/\/bs2.lt\/#\/schema\/logo\/image\/"},"sameAs":["https:\/\/www.facebook.com\/bs2solutions\/","https:\/\/www.linkedin.com\/showcase\/bs2solutions","https:\/\/www.youtube.com\/c\/Bs2Lt"]}]}},"_links":{"self":[{"href":"https:\/\/bs2.lt\/lt\/wp-json\/wp\/v2\/product\/11798","targetHints":{"allow":["GET"]}}],"collection":[{"href":"https:\/\/bs2.lt\/lt\/wp-json\/wp\/v2\/product"}],"about":[{"href":"https:\/\/bs2.lt\/lt\/wp-json\/wp\/v2\/types\/product"}],"wp:featuredmedia":[{"embeddable":true,"href":"https:\/\/bs2.lt\/lt\/wp-json\/wp\/v2\/media\/7802"}],"wp:attachment":[{"href":"https:\/\/bs2.lt\/lt\/wp-json\/wp\/v2\/media?parent=11798"}],"wp:term":[{"taxonomy":"product_category","embeddable":true,"href":"https:\/\/bs2.lt\/lt\/wp-json\/wp\/v2\/product_category?post=11798"},{"taxonomy":"atm_series","embeddable":true,"href":"https:\/\/bs2.lt\/lt\/wp-json\/wp\/v2\/atm_series?post=11798"},{"taxonomy":"atm_cashflow","embeddable":true,"href":"https:\/\/bs2.lt\/lt\/wp-json\/wp\/v2\/atm_cashflow?post=11798"},{"taxonomy":"atm_type","embeddable":true,"href":"https:\/\/bs2.lt\/lt\/wp-json\/wp\/v2\/atm_type?post=11798"},{"taxonomy":"product-provider","embeddable":true,"href":"https:\/\/bs2.lt\/lt\/wp-json\/wp\/v2\/product-provider?post=11798"}],"curies":[{"name":"wp","href":"https:\/\/api.w.org\/{rel}","templated":true}]}}