{"id":11788,"date":"2021-02-18T08:55:11","date_gmt":"2021-02-18T10:55:11","guid":{"rendered":"https:\/\/bs2.lt\/bs2.lt\/product\/translink-iq\/"},"modified":"2022-01-26T07:28:56","modified_gmt":"2022-01-26T09:28:56","slug":"translink-iq","status":"publish","type":"product","link":"https:\/\/bs2.lt\/lt\/product\/translink-iq\/","title":{"rendered":"TransLink.iQ"},"content":{"rendered":"<p>TransLink.iQ \u2013 kompleksin\u0117 programin\u0117 sistema mok\u0117jimo korteli\u0173 skaitytuv\u0173 tinklams administruoti, per juos atliekamoms mok\u0117jimo operacijoms steb\u0117ti bei paskirstyti realiuoju laiku. Be to, taikant \u0161\u012f sprendim\u0105, galima i\u0161pl\u0117sti atsiskaitymo \u012frengini\u0173 funkcionalum\u0105, papildant standartines j\u0173 funkcijas.<\/p>\n<p>Programin\u0117 \u012franga pritaikyta skirting\u0173 gamintoj\u0173 korteli\u0173 skaitytuvams. \u012evairiuose atsiskaitymo \u012frenginiuose visos sistemos funkcijos veikia s\u0117kmingai, nes taikomi tie patys valdymo principai.<\/p>\n<p>\u201eTransLink.iQ\u201c programin\u0117 \u012franga sukurta laikantis tarptautini\u0173 mok\u0117jimo sistem\u0173 reikalavim\u0173 EMV ir atitinka pasaulinius mok\u0117jimo korteli\u0173 operacij\u0173 saugumo standartus PCI PA-DSS.<\/p>\n<p>Programin\u0119 sistem\u0105 \u201eTransLink.iQ\u201c kuria \u201ePenki\u0173 kontinent\u0173\u201c grup\u0117s (jai priklauso ir BS\/2) \u012fmon\u0117 \u201eASHBURN International\u201c.<\/p>\n","protected":false},"featured_media":7763,"template":"","product_category":[208],"atm_series":[],"atm_cashflow":[],"atm_type":[],"product-provider":[],"class_list":["post-11788","product","type-product","status-publish","has-post-thumbnail","hentry","product_category-software"],"acf":[],"yoast_head":"<!-- This site is optimized with the Yoast SEO plugin v26.2 - https:\/\/yoast.com\/wordpress\/plugins\/seo\/ -->\n<title>TransLink.iQ | BS\/2<\/title>\n<meta name=\"robots\" content=\"index, follow, max-snippet:-1, max-image-preview:large, max-video-preview:-1\" \/>\n<link rel=\"canonical\" href=\"https:\/\/bs2.lt\/lt\/product\/translink-iq\/\" \/>\n<meta property=\"og:locale\" content=\"lt_LT\" \/>\n<meta property=\"og:type\" content=\"article\" \/>\n<meta property=\"og:title\" content=\"TransLink.iQ | BS\/2\" \/>\n<meta property=\"og:description\" content=\"TransLink.iQ \u2013 kompleksin\u0117 programin\u0117 sistema mok\u0117jimo korteli\u0173 skaitytuv\u0173 tinklams administruoti, per juos atliekamoms mok\u0117jimo operacijoms steb\u0117ti bei paskirstyti realiuoju laiku. Be to, taikant \u0161\u012f sprendim\u0105, galima i\u0161pl\u0117sti atsiskaitymo \u012frengini\u0173 funkcionalum\u0105, papildant standartines j\u0173 funkcijas. Programin\u0117 \u012franga pritaikyta skirting\u0173 gamintoj\u0173 korteli\u0173 skaitytuvams. \u012evairiuose atsiskaitymo \u012frenginiuose visos sistemos funkcijos veikia s\u0117kmingai, nes taikomi tie patys valdymo principai. [&hellip;]\" \/>\n<meta property=\"og:url\" content=\"https:\/\/bs2.lt\/lt\/product\/translink-iq\/\" \/>\n<meta property=\"og:site_name\" content=\"BS\/2\" \/>\n<meta property=\"article:publisher\" content=\"https:\/\/www.facebook.com\/bs2solutions\/\" \/>\n<meta property=\"article:modified_time\" content=\"2022-01-26T09:28:56+00:00\" \/>\n<meta property=\"og:image\" content=\"https:\/\/bs2.lt\/wp-content\/uploads\/2021\/02\/translink-screen.jpg\" \/>\n\t<meta property=\"og:image:width\" content=\"1600\" \/>\n\t<meta property=\"og:image:height\" content=\"1388\" \/>\n\t<meta property=\"og:image:type\" content=\"image\/jpeg\" \/>\n<meta name=\"twitter:card\" content=\"summary_large_image\" \/>\n<meta name=\"twitter:label1\" content=\"Est. reading time\" \/>\n\t<meta name=\"twitter:data1\" content=\"1 minut\u0117\" \/>\n<script type=\"application\/ld+json\" class=\"yoast-schema-graph\">{\"@context\":\"https:\/\/schema.org\",\"@graph\":[{\"@type\":\"WebPage\",\"@id\":\"https:\/\/bs2.lt\/lt\/product\/translink-iq\/\",\"url\":\"https:\/\/bs2.lt\/lt\/product\/translink-iq\/\",\"name\":\"TransLink.iQ | BS\/2\",\"isPartOf\":{\"@id\":\"https:\/\/bs2.lt\/#website\"},\"primaryImageOfPage\":{\"@id\":\"https:\/\/bs2.lt\/lt\/product\/translink-iq\/#primaryimage\"},\"image\":{\"@id\":\"https:\/\/bs2.lt\/lt\/product\/translink-iq\/#primaryimage\"},\"thumbnailUrl\":\"https:\/\/bs2.lt\/wp-content\/uploads\/2021\/02\/translink-screen.jpg\",\"datePublished\":\"2021-02-18T10:55:11+00:00\",\"dateModified\":\"2022-01-26T09:28:56+00:00\",\"breadcrumb\":{\"@id\":\"https:\/\/bs2.lt\/lt\/product\/translink-iq\/#breadcrumb\"},\"inLanguage\":\"lt-LT\",\"potentialAction\":[{\"@type\":\"ReadAction\",\"target\":[\"https:\/\/bs2.lt\/lt\/product\/translink-iq\/\"]}]},{\"@type\":\"ImageObject\",\"inLanguage\":\"lt-LT\",\"@id\":\"https:\/\/bs2.lt\/lt\/product\/translink-iq\/#primaryimage\",\"url\":\"https:\/\/bs2.lt\/wp-content\/uploads\/2021\/02\/translink-screen.jpg\",\"contentUrl\":\"https:\/\/bs2.lt\/wp-content\/uploads\/2021\/02\/translink-screen.jpg\",\"width\":1600,\"height\":1388},{\"@type\":\"BreadcrumbList\",\"@id\":\"https:\/\/bs2.lt\/lt\/product\/translink-iq\/#breadcrumb\",\"itemListElement\":[{\"@type\":\"ListItem\",\"position\":1,\"name\":\"Home\",\"item\":\"https:\/\/bs2.lt\/lt\/\"},{\"@type\":\"ListItem\",\"position\":2,\"name\":\"TransLink.iQ\"}]},{\"@type\":\"WebSite\",\"@id\":\"https:\/\/bs2.lt\/#website\",\"url\":\"https:\/\/bs2.lt\/\",\"name\":\"BS\/2\",\"description\":\"Banking and retail technology company\",\"publisher\":{\"@id\":\"https:\/\/bs2.lt\/#organization\"},\"potentialAction\":[{\"@type\":\"SearchAction\",\"target\":{\"@type\":\"EntryPoint\",\"urlTemplate\":\"https:\/\/bs2.lt\/?s={search_term_string}\"},\"query-input\":{\"@type\":\"PropertyValueSpecification\",\"valueRequired\":true,\"valueName\":\"search_term_string\"}}],\"inLanguage\":\"lt-LT\"},{\"@type\":\"Organization\",\"@id\":\"https:\/\/bs2.lt\/#organization\",\"name\":\"BS\/2\",\"url\":\"https:\/\/bs2.lt\/\",\"logo\":{\"@type\":\"ImageObject\",\"inLanguage\":\"lt-LT\",\"@id\":\"https:\/\/bs2.lt\/#\/schema\/logo\/image\/\",\"url\":\"https:\/\/bs2.lt\/wp-content\/uploads\/2022\/08\/bs2-logo.svg\",\"contentUrl\":\"https:\/\/bs2.lt\/wp-content\/uploads\/2022\/08\/bs2-logo.svg\",\"width\":100,\"height\":57,\"caption\":\"BS\/2\"},\"image\":{\"@id\":\"https:\/\/bs2.lt\/#\/schema\/logo\/image\/\"},\"sameAs\":[\"https:\/\/www.facebook.com\/bs2solutions\/\",\"https:\/\/www.linkedin.com\/showcase\/bs2solutions\",\"https:\/\/www.youtube.com\/c\/Bs2Lt\"]}]}<\/script>\n<!-- \/ Yoast SEO plugin. -->","yoast_head_json":{"title":"TransLink.iQ | BS\/2","robots":{"index":"index","follow":"follow","max-snippet":"max-snippet:-1","max-image-preview":"max-image-preview:large","max-video-preview":"max-video-preview:-1"},"canonical":"https:\/\/bs2.lt\/lt\/product\/translink-iq\/","og_locale":"lt_LT","og_type":"article","og_title":"TransLink.iQ | BS\/2","og_description":"TransLink.iQ \u2013 kompleksin\u0117 programin\u0117 sistema mok\u0117jimo korteli\u0173 skaitytuv\u0173 tinklams administruoti, per juos atliekamoms mok\u0117jimo operacijoms steb\u0117ti bei paskirstyti realiuoju laiku. Be to, taikant \u0161\u012f sprendim\u0105, galima i\u0161pl\u0117sti atsiskaitymo \u012frengini\u0173 funkcionalum\u0105, papildant standartines j\u0173 funkcijas. Programin\u0117 \u012franga pritaikyta skirting\u0173 gamintoj\u0173 korteli\u0173 skaitytuvams. \u012evairiuose atsiskaitymo \u012frenginiuose visos sistemos funkcijos veikia s\u0117kmingai, nes taikomi tie patys valdymo principai. [&hellip;]","og_url":"https:\/\/bs2.lt\/lt\/product\/translink-iq\/","og_site_name":"BS\/2","article_publisher":"https:\/\/www.facebook.com\/bs2solutions\/","article_modified_time":"2022-01-26T09:28:56+00:00","og_image":[{"width":1600,"height":1388,"url":"https:\/\/bs2.lt\/wp-content\/uploads\/2021\/02\/translink-screen.jpg","type":"image\/jpeg"}],"twitter_card":"summary_large_image","twitter_misc":{"Est. reading time":"1 minut\u0117"},"schema":{"@context":"https:\/\/schema.org","@graph":[{"@type":"WebPage","@id":"https:\/\/bs2.lt\/lt\/product\/translink-iq\/","url":"https:\/\/bs2.lt\/lt\/product\/translink-iq\/","name":"TransLink.iQ | BS\/2","isPartOf":{"@id":"https:\/\/bs2.lt\/#website"},"primaryImageOfPage":{"@id":"https:\/\/bs2.lt\/lt\/product\/translink-iq\/#primaryimage"},"image":{"@id":"https:\/\/bs2.lt\/lt\/product\/translink-iq\/#primaryimage"},"thumbnailUrl":"https:\/\/bs2.lt\/wp-content\/uploads\/2021\/02\/translink-screen.jpg","datePublished":"2021-02-18T10:55:11+00:00","dateModified":"2022-01-26T09:28:56+00:00","breadcrumb":{"@id":"https:\/\/bs2.lt\/lt\/product\/translink-iq\/#breadcrumb"},"inLanguage":"lt-LT","potentialAction":[{"@type":"ReadAction","target":["https:\/\/bs2.lt\/lt\/product\/translink-iq\/"]}]},{"@type":"ImageObject","inLanguage":"lt-LT","@id":"https:\/\/bs2.lt\/lt\/product\/translink-iq\/#primaryimage","url":"https:\/\/bs2.lt\/wp-content\/uploads\/2021\/02\/translink-screen.jpg","contentUrl":"https:\/\/bs2.lt\/wp-content\/uploads\/2021\/02\/translink-screen.jpg","width":1600,"height":1388},{"@type":"BreadcrumbList","@id":"https:\/\/bs2.lt\/lt\/product\/translink-iq\/#breadcrumb","itemListElement":[{"@type":"ListItem","position":1,"name":"Home","item":"https:\/\/bs2.lt\/lt\/"},{"@type":"ListItem","position":2,"name":"TransLink.iQ"}]},{"@type":"WebSite","@id":"https:\/\/bs2.lt\/#website","url":"https:\/\/bs2.lt\/","name":"BS\/2","description":"Banking and retail technology company","publisher":{"@id":"https:\/\/bs2.lt\/#organization"},"potentialAction":[{"@type":"SearchAction","target":{"@type":"EntryPoint","urlTemplate":"https:\/\/bs2.lt\/?s={search_term_string}"},"query-input":{"@type":"PropertyValueSpecification","valueRequired":true,"valueName":"search_term_string"}}],"inLanguage":"lt-LT"},{"@type":"Organization","@id":"https:\/\/bs2.lt\/#organization","name":"BS\/2","url":"https:\/\/bs2.lt\/","logo":{"@type":"ImageObject","inLanguage":"lt-LT","@id":"https:\/\/bs2.lt\/#\/schema\/logo\/image\/","url":"https:\/\/bs2.lt\/wp-content\/uploads\/2022\/08\/bs2-logo.svg","contentUrl":"https:\/\/bs2.lt\/wp-content\/uploads\/2022\/08\/bs2-logo.svg","width":100,"height":57,"caption":"BS\/2"},"image":{"@id":"https:\/\/bs2.lt\/#\/schema\/logo\/image\/"},"sameAs":["https:\/\/www.facebook.com\/bs2solutions\/","https:\/\/www.linkedin.com\/showcase\/bs2solutions","https:\/\/www.youtube.com\/c\/Bs2Lt"]}]}},"_links":{"self":[{"href":"https:\/\/bs2.lt\/lt\/wp-json\/wp\/v2\/product\/11788","targetHints":{"allow":["GET"]}}],"collection":[{"href":"https:\/\/bs2.lt\/lt\/wp-json\/wp\/v2\/product"}],"about":[{"href":"https:\/\/bs2.lt\/lt\/wp-json\/wp\/v2\/types\/product"}],"wp:featuredmedia":[{"embeddable":true,"href":"https:\/\/bs2.lt\/lt\/wp-json\/wp\/v2\/media\/7763"}],"wp:attachment":[{"href":"https:\/\/bs2.lt\/lt\/wp-json\/wp\/v2\/media?parent=11788"}],"wp:term":[{"taxonomy":"product_category","embeddable":true,"href":"https:\/\/bs2.lt\/lt\/wp-json\/wp\/v2\/product_category?post=11788"},{"taxonomy":"atm_series","embeddable":true,"href":"https:\/\/bs2.lt\/lt\/wp-json\/wp\/v2\/atm_series?post=11788"},{"taxonomy":"atm_cashflow","embeddable":true,"href":"https:\/\/bs2.lt\/lt\/wp-json\/wp\/v2\/atm_cashflow?post=11788"},{"taxonomy":"atm_type","embeddable":true,"href":"https:\/\/bs2.lt\/lt\/wp-json\/wp\/v2\/atm_type?post=11788"},{"taxonomy":"product-provider","embeddable":true,"href":"https:\/\/bs2.lt\/lt\/wp-json\/wp\/v2\/product-provider?post=11788"}],"curies":[{"name":"wp","href":"https:\/\/api.w.org\/{rel}","templated":true}]}}