{"id":11772,"date":"2021-02-18T12:44:16","date_gmt":"2021-02-18T14:44:16","guid":{"rendered":"https:\/\/bs2.lt\/bs2.lt\/product\/vynamic-security\/"},"modified":"2024-02-15T11:56:10","modified_gmt":"2024-02-15T09:56:10","slug":"vynamic-security","status":"publish","type":"product","link":"https:\/\/bs2.lt\/lt\/product\/vynamic-security\/","title":{"rendered":"Vynamic\u2122 Security"},"content":{"rendered":"<p>\u201eVynamic Security\u201c \u2013 programinis sprendimas, u\u017etikrinantis kompleksin\u0119 savitarnos \u012frengini\u0173 apsaug\u0105 nuo vis\u0173 tip\u0173 \u012fsilau\u017eim\u0173, hakeri\u0173 atak\u0173 ir kit\u0173 gr\u0117smi\u0173. <\/p>\n<p>\u012e bankomatus nukreipt\u0173 logini\u0173 atak\u0173 skai\u010dius ir d\u0117l j\u0173 patiriama \u017eala kasmet auga. Programinis sprendimas \u201eVynamic Security\u201c sudarytas i\u0161 keturi\u0173 atskir\u0173 moduli\u0173, kuri\u0173 kiekvienas saugo \u012frenginius nuo skirtingo tipo atak\u0173. \u201eVynamic Security\u201c padeda suma\u017einti atakos \u012f savitarnos \u012frengini\u0173 infrastrukt\u016br\u0105 gr\u0117sm\u0119, kadangi vienu metu veikia keli saugumo moduliai. Jei \u012fsilau\u017eiama \u012f vien\u0105 i\u0161 j\u0173, kiti moduliai toliau veikia, u\u017etikrindami savitarnos \u012frengini\u0173 apsaug\u0105. <\/p>\n","protected":false},"featured_media":7814,"template":"","product_category":[208],"atm_series":[],"atm_cashflow":[],"atm_type":[],"product-provider":[],"class_list":["post-11772","product","type-product","status-publish","has-post-thumbnail","hentry","product_category-software"],"acf":[],"yoast_head":"<!-- This site is optimized with the Yoast SEO plugin v26.2 - https:\/\/yoast.com\/wordpress\/plugins\/seo\/ -->\n<title>Vynamic\u2122 Security | BS\/2<\/title>\n<meta name=\"robots\" content=\"index, follow, max-snippet:-1, max-image-preview:large, max-video-preview:-1\" \/>\n<link rel=\"canonical\" href=\"https:\/\/bs2.lt\/lt\/product\/vynamic-security\/\" \/>\n<meta property=\"og:locale\" content=\"lt_LT\" \/>\n<meta property=\"og:type\" content=\"article\" \/>\n<meta property=\"og:title\" content=\"Vynamic\u2122 Security | BS\/2\" \/>\n<meta property=\"og:description\" content=\"\u201eVynamic Security\u201c \u2013 programinis sprendimas, u\u017etikrinantis kompleksin\u0119 savitarnos \u012frengini\u0173 apsaug\u0105 nuo vis\u0173 tip\u0173 \u012fsilau\u017eim\u0173, hakeri\u0173 atak\u0173 ir kit\u0173 gr\u0117smi\u0173. \u012e bankomatus nukreipt\u0173 logini\u0173 atak\u0173 skai\u010dius ir d\u0117l j\u0173 patiriama \u017eala kasmet auga. Programinis sprendimas \u201eVynamic Security\u201c sudarytas i\u0161 keturi\u0173 atskir\u0173 moduli\u0173, kuri\u0173 kiekvienas saugo \u012frenginius nuo skirtingo tipo atak\u0173. \u201eVynamic Security\u201c padeda suma\u017einti atakos \u012f [&hellip;]\" \/>\n<meta property=\"og:url\" content=\"https:\/\/bs2.lt\/lt\/product\/vynamic-security\/\" \/>\n<meta property=\"og:site_name\" content=\"BS\/2\" \/>\n<meta property=\"article:publisher\" content=\"https:\/\/www.facebook.com\/bs2solutions\/\" \/>\n<meta property=\"article:modified_time\" content=\"2024-02-15T09:56:10+00:00\" \/>\n<meta property=\"og:image\" content=\"https:\/\/bs2.lt\/wp-content\/uploads\/2021\/02\/vynamic-security-screen.jpg\" \/>\n\t<meta property=\"og:image:width\" content=\"1600\" \/>\n\t<meta property=\"og:image:height\" content=\"1388\" \/>\n\t<meta property=\"og:image:type\" content=\"image\/jpeg\" \/>\n<meta name=\"twitter:card\" content=\"summary_large_image\" \/>\n<meta name=\"twitter:label1\" content=\"Est. reading time\" \/>\n\t<meta name=\"twitter:data1\" content=\"1 minut\u0117\" \/>\n<script type=\"application\/ld+json\" class=\"yoast-schema-graph\">{\"@context\":\"https:\/\/schema.org\",\"@graph\":[{\"@type\":\"WebPage\",\"@id\":\"https:\/\/bs2.lt\/lt\/product\/vynamic-security\/\",\"url\":\"https:\/\/bs2.lt\/lt\/product\/vynamic-security\/\",\"name\":\"Vynamic\u2122 Security | BS\/2\",\"isPartOf\":{\"@id\":\"https:\/\/bs2.lt\/#website\"},\"primaryImageOfPage\":{\"@id\":\"https:\/\/bs2.lt\/lt\/product\/vynamic-security\/#primaryimage\"},\"image\":{\"@id\":\"https:\/\/bs2.lt\/lt\/product\/vynamic-security\/#primaryimage\"},\"thumbnailUrl\":\"https:\/\/bs2.lt\/wp-content\/uploads\/2021\/02\/vynamic-security-screen.jpg\",\"datePublished\":\"2021-02-18T14:44:16+00:00\",\"dateModified\":\"2024-02-15T09:56:10+00:00\",\"breadcrumb\":{\"@id\":\"https:\/\/bs2.lt\/lt\/product\/vynamic-security\/#breadcrumb\"},\"inLanguage\":\"lt-LT\",\"potentialAction\":[{\"@type\":\"ReadAction\",\"target\":[\"https:\/\/bs2.lt\/lt\/product\/vynamic-security\/\"]}]},{\"@type\":\"ImageObject\",\"inLanguage\":\"lt-LT\",\"@id\":\"https:\/\/bs2.lt\/lt\/product\/vynamic-security\/#primaryimage\",\"url\":\"https:\/\/bs2.lt\/wp-content\/uploads\/2021\/02\/vynamic-security-screen.jpg\",\"contentUrl\":\"https:\/\/bs2.lt\/wp-content\/uploads\/2021\/02\/vynamic-security-screen.jpg\",\"width\":1600,\"height\":1388},{\"@type\":\"BreadcrumbList\",\"@id\":\"https:\/\/bs2.lt\/lt\/product\/vynamic-security\/#breadcrumb\",\"itemListElement\":[{\"@type\":\"ListItem\",\"position\":1,\"name\":\"Home\",\"item\":\"https:\/\/bs2.lt\/lt\/\"},{\"@type\":\"ListItem\",\"position\":2,\"name\":\"Vynamic\u2122 Security\"}]},{\"@type\":\"WebSite\",\"@id\":\"https:\/\/bs2.lt\/#website\",\"url\":\"https:\/\/bs2.lt\/\",\"name\":\"BS\/2\",\"description\":\"Banking and retail technology company\",\"publisher\":{\"@id\":\"https:\/\/bs2.lt\/#organization\"},\"potentialAction\":[{\"@type\":\"SearchAction\",\"target\":{\"@type\":\"EntryPoint\",\"urlTemplate\":\"https:\/\/bs2.lt\/?s={search_term_string}\"},\"query-input\":{\"@type\":\"PropertyValueSpecification\",\"valueRequired\":true,\"valueName\":\"search_term_string\"}}],\"inLanguage\":\"lt-LT\"},{\"@type\":\"Organization\",\"@id\":\"https:\/\/bs2.lt\/#organization\",\"name\":\"BS\/2\",\"url\":\"https:\/\/bs2.lt\/\",\"logo\":{\"@type\":\"ImageObject\",\"inLanguage\":\"lt-LT\",\"@id\":\"https:\/\/bs2.lt\/#\/schema\/logo\/image\/\",\"url\":\"https:\/\/bs2.lt\/wp-content\/uploads\/2022\/08\/bs2-logo.svg\",\"contentUrl\":\"https:\/\/bs2.lt\/wp-content\/uploads\/2022\/08\/bs2-logo.svg\",\"width\":100,\"height\":57,\"caption\":\"BS\/2\"},\"image\":{\"@id\":\"https:\/\/bs2.lt\/#\/schema\/logo\/image\/\"},\"sameAs\":[\"https:\/\/www.facebook.com\/bs2solutions\/\",\"https:\/\/www.linkedin.com\/showcase\/bs2solutions\",\"https:\/\/www.youtube.com\/c\/Bs2Lt\"]}]}<\/script>\n<!-- \/ Yoast SEO plugin. -->","yoast_head_json":{"title":"Vynamic\u2122 Security | BS\/2","robots":{"index":"index","follow":"follow","max-snippet":"max-snippet:-1","max-image-preview":"max-image-preview:large","max-video-preview":"max-video-preview:-1"},"canonical":"https:\/\/bs2.lt\/lt\/product\/vynamic-security\/","og_locale":"lt_LT","og_type":"article","og_title":"Vynamic\u2122 Security | BS\/2","og_description":"\u201eVynamic Security\u201c \u2013 programinis sprendimas, u\u017etikrinantis kompleksin\u0119 savitarnos \u012frengini\u0173 apsaug\u0105 nuo vis\u0173 tip\u0173 \u012fsilau\u017eim\u0173, hakeri\u0173 atak\u0173 ir kit\u0173 gr\u0117smi\u0173. \u012e bankomatus nukreipt\u0173 logini\u0173 atak\u0173 skai\u010dius ir d\u0117l j\u0173 patiriama \u017eala kasmet auga. Programinis sprendimas \u201eVynamic Security\u201c sudarytas i\u0161 keturi\u0173 atskir\u0173 moduli\u0173, kuri\u0173 kiekvienas saugo \u012frenginius nuo skirtingo tipo atak\u0173. \u201eVynamic Security\u201c padeda suma\u017einti atakos \u012f [&hellip;]","og_url":"https:\/\/bs2.lt\/lt\/product\/vynamic-security\/","og_site_name":"BS\/2","article_publisher":"https:\/\/www.facebook.com\/bs2solutions\/","article_modified_time":"2024-02-15T09:56:10+00:00","og_image":[{"width":1600,"height":1388,"url":"https:\/\/bs2.lt\/wp-content\/uploads\/2021\/02\/vynamic-security-screen.jpg","type":"image\/jpeg"}],"twitter_card":"summary_large_image","twitter_misc":{"Est. reading time":"1 minut\u0117"},"schema":{"@context":"https:\/\/schema.org","@graph":[{"@type":"WebPage","@id":"https:\/\/bs2.lt\/lt\/product\/vynamic-security\/","url":"https:\/\/bs2.lt\/lt\/product\/vynamic-security\/","name":"Vynamic\u2122 Security | BS\/2","isPartOf":{"@id":"https:\/\/bs2.lt\/#website"},"primaryImageOfPage":{"@id":"https:\/\/bs2.lt\/lt\/product\/vynamic-security\/#primaryimage"},"image":{"@id":"https:\/\/bs2.lt\/lt\/product\/vynamic-security\/#primaryimage"},"thumbnailUrl":"https:\/\/bs2.lt\/wp-content\/uploads\/2021\/02\/vynamic-security-screen.jpg","datePublished":"2021-02-18T14:44:16+00:00","dateModified":"2024-02-15T09:56:10+00:00","breadcrumb":{"@id":"https:\/\/bs2.lt\/lt\/product\/vynamic-security\/#breadcrumb"},"inLanguage":"lt-LT","potentialAction":[{"@type":"ReadAction","target":["https:\/\/bs2.lt\/lt\/product\/vynamic-security\/"]}]},{"@type":"ImageObject","inLanguage":"lt-LT","@id":"https:\/\/bs2.lt\/lt\/product\/vynamic-security\/#primaryimage","url":"https:\/\/bs2.lt\/wp-content\/uploads\/2021\/02\/vynamic-security-screen.jpg","contentUrl":"https:\/\/bs2.lt\/wp-content\/uploads\/2021\/02\/vynamic-security-screen.jpg","width":1600,"height":1388},{"@type":"BreadcrumbList","@id":"https:\/\/bs2.lt\/lt\/product\/vynamic-security\/#breadcrumb","itemListElement":[{"@type":"ListItem","position":1,"name":"Home","item":"https:\/\/bs2.lt\/lt\/"},{"@type":"ListItem","position":2,"name":"Vynamic\u2122 Security"}]},{"@type":"WebSite","@id":"https:\/\/bs2.lt\/#website","url":"https:\/\/bs2.lt\/","name":"BS\/2","description":"Banking and retail technology company","publisher":{"@id":"https:\/\/bs2.lt\/#organization"},"potentialAction":[{"@type":"SearchAction","target":{"@type":"EntryPoint","urlTemplate":"https:\/\/bs2.lt\/?s={search_term_string}"},"query-input":{"@type":"PropertyValueSpecification","valueRequired":true,"valueName":"search_term_string"}}],"inLanguage":"lt-LT"},{"@type":"Organization","@id":"https:\/\/bs2.lt\/#organization","name":"BS\/2","url":"https:\/\/bs2.lt\/","logo":{"@type":"ImageObject","inLanguage":"lt-LT","@id":"https:\/\/bs2.lt\/#\/schema\/logo\/image\/","url":"https:\/\/bs2.lt\/wp-content\/uploads\/2022\/08\/bs2-logo.svg","contentUrl":"https:\/\/bs2.lt\/wp-content\/uploads\/2022\/08\/bs2-logo.svg","width":100,"height":57,"caption":"BS\/2"},"image":{"@id":"https:\/\/bs2.lt\/#\/schema\/logo\/image\/"},"sameAs":["https:\/\/www.facebook.com\/bs2solutions\/","https:\/\/www.linkedin.com\/showcase\/bs2solutions","https:\/\/www.youtube.com\/c\/Bs2Lt"]}]}},"_links":{"self":[{"href":"https:\/\/bs2.lt\/lt\/wp-json\/wp\/v2\/product\/11772","targetHints":{"allow":["GET"]}}],"collection":[{"href":"https:\/\/bs2.lt\/lt\/wp-json\/wp\/v2\/product"}],"about":[{"href":"https:\/\/bs2.lt\/lt\/wp-json\/wp\/v2\/types\/product"}],"wp:featuredmedia":[{"embeddable":true,"href":"https:\/\/bs2.lt\/lt\/wp-json\/wp\/v2\/media\/7814"}],"wp:attachment":[{"href":"https:\/\/bs2.lt\/lt\/wp-json\/wp\/v2\/media?parent=11772"}],"wp:term":[{"taxonomy":"product_category","embeddable":true,"href":"https:\/\/bs2.lt\/lt\/wp-json\/wp\/v2\/product_category?post=11772"},{"taxonomy":"atm_series","embeddable":true,"href":"https:\/\/bs2.lt\/lt\/wp-json\/wp\/v2\/atm_series?post=11772"},{"taxonomy":"atm_cashflow","embeddable":true,"href":"https:\/\/bs2.lt\/lt\/wp-json\/wp\/v2\/atm_cashflow?post=11772"},{"taxonomy":"atm_type","embeddable":true,"href":"https:\/\/bs2.lt\/lt\/wp-json\/wp\/v2\/atm_type?post=11772"},{"taxonomy":"product-provider","embeddable":true,"href":"https:\/\/bs2.lt\/lt\/wp-json\/wp\/v2\/product-provider?post=11772"}],"curies":[{"name":"wp","href":"https:\/\/api.w.org\/{rel}","templated":true}]}}