{"id":11770,"date":"2022-01-25T02:29:41","date_gmt":"2022-01-25T04:29:41","guid":{"rendered":"https:\/\/bs2.lt\/bs2.lt\/?post_type=product&#038;p=11770"},"modified":"2022-01-25T06:14:26","modified_gmt":"2022-01-25T08:14:26","slug":"vynamic-view","status":"publish","type":"product","link":"https:\/\/bs2.lt\/lt\/product\/vynamic-view\/","title":{"rendered":"Vynamic\u2122 View"},"content":{"rendered":"<p>Programinis sprendimas \u201eVynamic View\u201c u\u017etikrina kompleksin\u012f savitarnos \u012frengini\u0173 valdym\u0105, padeda centralizuotai steb\u0117ti j\u0173 technin\u0119 b\u016bkl\u0119, per nuotol\u012f \u012fdiegti ir sukonfig\u016bruoti juose programin\u0119 \u012frang\u0105, taip pat gauti informacij\u0105 apie kiekviename \u012frenginyje atliktas mok\u0117jimo operacijas, kiekvieno \u012frenginio gedimus ir \u012fvairius incidentus aplink j\u012f.<\/p>\n<p>Naudojantis ta pa\u010dia \u201eVynamic View\u201c  vartotojo s\u0105saja, galima dirbti su skirtingais pasaulini\u0173 gamintoj\u0173 \u012frenginiais. <\/p>\n<p>Sistema sudaryta i\u0161 keleto moduli\u0173, kuri\u0173 kiekvienas skirtas atlikti specifines u\u017eduotis.<\/p>\n","protected":false},"featured_media":7835,"template":"","product_category":[208],"atm_series":[],"atm_cashflow":[],"atm_type":[],"product-provider":[],"class_list":["post-11770","product","type-product","status-publish","has-post-thumbnail","hentry","product_category-software"],"acf":[],"yoast_head":"<!-- This site is optimized with the Yoast SEO plugin v26.2 - https:\/\/yoast.com\/wordpress\/plugins\/seo\/ -->\n<title>Vynamic\u2122 View | BS\/2<\/title>\n<meta name=\"robots\" content=\"index, follow, max-snippet:-1, max-image-preview:large, max-video-preview:-1\" \/>\n<link rel=\"canonical\" href=\"https:\/\/bs2.lt\/lt\/product\/vynamic-view\/\" \/>\n<meta property=\"og:locale\" content=\"lt_LT\" \/>\n<meta property=\"og:type\" content=\"article\" \/>\n<meta property=\"og:title\" content=\"Vynamic\u2122 View | BS\/2\" \/>\n<meta property=\"og:description\" content=\"Programinis sprendimas \u201eVynamic View\u201c u\u017etikrina kompleksin\u012f savitarnos \u012frengini\u0173 valdym\u0105, padeda centralizuotai steb\u0117ti j\u0173 technin\u0119 b\u016bkl\u0119, per nuotol\u012f \u012fdiegti ir sukonfig\u016bruoti juose programin\u0119 \u012frang\u0105, taip pat gauti informacij\u0105 apie kiekviename \u012frenginyje atliktas mok\u0117jimo operacijas, kiekvieno \u012frenginio gedimus ir \u012fvairius incidentus aplink j\u012f. Naudojantis ta pa\u010dia \u201eVynamic View\u201c vartotojo s\u0105saja, galima dirbti su skirtingais pasaulini\u0173 gamintoj\u0173 \u012frenginiais. [&hellip;]\" \/>\n<meta property=\"og:url\" content=\"https:\/\/bs2.lt\/lt\/product\/vynamic-view\/\" \/>\n<meta property=\"og:site_name\" content=\"BS\/2\" \/>\n<meta property=\"article:publisher\" content=\"https:\/\/www.facebook.com\/bs2solutions\/\" \/>\n<meta property=\"article:modified_time\" content=\"2022-01-25T08:14:26+00:00\" \/>\n<meta property=\"og:image\" content=\"https:\/\/bs2.lt\/wp-content\/uploads\/2021\/02\/vv-screen.jpg\" \/>\n\t<meta property=\"og:image:width\" content=\"1600\" \/>\n\t<meta property=\"og:image:height\" content=\"1388\" \/>\n\t<meta property=\"og:image:type\" content=\"image\/jpeg\" \/>\n<meta name=\"twitter:card\" content=\"summary_large_image\" \/>\n<script type=\"application\/ld+json\" class=\"yoast-schema-graph\">{\"@context\":\"https:\/\/schema.org\",\"@graph\":[{\"@type\":\"WebPage\",\"@id\":\"https:\/\/bs2.lt\/lt\/product\/vynamic-view\/\",\"url\":\"https:\/\/bs2.lt\/lt\/product\/vynamic-view\/\",\"name\":\"Vynamic\u2122 View | BS\/2\",\"isPartOf\":{\"@id\":\"https:\/\/bs2.lt\/#website\"},\"primaryImageOfPage\":{\"@id\":\"https:\/\/bs2.lt\/lt\/product\/vynamic-view\/#primaryimage\"},\"image\":{\"@id\":\"https:\/\/bs2.lt\/lt\/product\/vynamic-view\/#primaryimage\"},\"thumbnailUrl\":\"https:\/\/bs2.lt\/wp-content\/uploads\/2021\/02\/vv-screen.jpg\",\"datePublished\":\"2022-01-25T04:29:41+00:00\",\"dateModified\":\"2022-01-25T08:14:26+00:00\",\"breadcrumb\":{\"@id\":\"https:\/\/bs2.lt\/lt\/product\/vynamic-view\/#breadcrumb\"},\"inLanguage\":\"lt-LT\",\"potentialAction\":[{\"@type\":\"ReadAction\",\"target\":[\"https:\/\/bs2.lt\/lt\/product\/vynamic-view\/\"]}]},{\"@type\":\"ImageObject\",\"inLanguage\":\"lt-LT\",\"@id\":\"https:\/\/bs2.lt\/lt\/product\/vynamic-view\/#primaryimage\",\"url\":\"https:\/\/bs2.lt\/wp-content\/uploads\/2021\/02\/vv-screen.jpg\",\"contentUrl\":\"https:\/\/bs2.lt\/wp-content\/uploads\/2021\/02\/vv-screen.jpg\",\"width\":1600,\"height\":1388},{\"@type\":\"BreadcrumbList\",\"@id\":\"https:\/\/bs2.lt\/lt\/product\/vynamic-view\/#breadcrumb\",\"itemListElement\":[{\"@type\":\"ListItem\",\"position\":1,\"name\":\"Home\",\"item\":\"https:\/\/bs2.lt\/lt\/\"},{\"@type\":\"ListItem\",\"position\":2,\"name\":\"Vynamic\u2122 View\"}]},{\"@type\":\"WebSite\",\"@id\":\"https:\/\/bs2.lt\/#website\",\"url\":\"https:\/\/bs2.lt\/\",\"name\":\"BS\/2\",\"description\":\"Banking and retail technology company\",\"publisher\":{\"@id\":\"https:\/\/bs2.lt\/#organization\"},\"potentialAction\":[{\"@type\":\"SearchAction\",\"target\":{\"@type\":\"EntryPoint\",\"urlTemplate\":\"https:\/\/bs2.lt\/?s={search_term_string}\"},\"query-input\":{\"@type\":\"PropertyValueSpecification\",\"valueRequired\":true,\"valueName\":\"search_term_string\"}}],\"inLanguage\":\"lt-LT\"},{\"@type\":\"Organization\",\"@id\":\"https:\/\/bs2.lt\/#organization\",\"name\":\"BS\/2\",\"url\":\"https:\/\/bs2.lt\/\",\"logo\":{\"@type\":\"ImageObject\",\"inLanguage\":\"lt-LT\",\"@id\":\"https:\/\/bs2.lt\/#\/schema\/logo\/image\/\",\"url\":\"https:\/\/bs2.lt\/wp-content\/uploads\/2022\/08\/bs2-logo.svg\",\"contentUrl\":\"https:\/\/bs2.lt\/wp-content\/uploads\/2022\/08\/bs2-logo.svg\",\"width\":100,\"height\":57,\"caption\":\"BS\/2\"},\"image\":{\"@id\":\"https:\/\/bs2.lt\/#\/schema\/logo\/image\/\"},\"sameAs\":[\"https:\/\/www.facebook.com\/bs2solutions\/\",\"https:\/\/www.linkedin.com\/showcase\/bs2solutions\",\"https:\/\/www.youtube.com\/c\/Bs2Lt\"]}]}<\/script>\n<!-- \/ Yoast SEO plugin. -->","yoast_head_json":{"title":"Vynamic\u2122 View | BS\/2","robots":{"index":"index","follow":"follow","max-snippet":"max-snippet:-1","max-image-preview":"max-image-preview:large","max-video-preview":"max-video-preview:-1"},"canonical":"https:\/\/bs2.lt\/lt\/product\/vynamic-view\/","og_locale":"lt_LT","og_type":"article","og_title":"Vynamic\u2122 View | BS\/2","og_description":"Programinis sprendimas \u201eVynamic View\u201c u\u017etikrina kompleksin\u012f savitarnos \u012frengini\u0173 valdym\u0105, padeda centralizuotai steb\u0117ti j\u0173 technin\u0119 b\u016bkl\u0119, per nuotol\u012f \u012fdiegti ir sukonfig\u016bruoti juose programin\u0119 \u012frang\u0105, taip pat gauti informacij\u0105 apie kiekviename \u012frenginyje atliktas mok\u0117jimo operacijas, kiekvieno \u012frenginio gedimus ir \u012fvairius incidentus aplink j\u012f. Naudojantis ta pa\u010dia \u201eVynamic View\u201c vartotojo s\u0105saja, galima dirbti su skirtingais pasaulini\u0173 gamintoj\u0173 \u012frenginiais. [&hellip;]","og_url":"https:\/\/bs2.lt\/lt\/product\/vynamic-view\/","og_site_name":"BS\/2","article_publisher":"https:\/\/www.facebook.com\/bs2solutions\/","article_modified_time":"2022-01-25T08:14:26+00:00","og_image":[{"width":1600,"height":1388,"url":"https:\/\/bs2.lt\/wp-content\/uploads\/2021\/02\/vv-screen.jpg","type":"image\/jpeg"}],"twitter_card":"summary_large_image","schema":{"@context":"https:\/\/schema.org","@graph":[{"@type":"WebPage","@id":"https:\/\/bs2.lt\/lt\/product\/vynamic-view\/","url":"https:\/\/bs2.lt\/lt\/product\/vynamic-view\/","name":"Vynamic\u2122 View | BS\/2","isPartOf":{"@id":"https:\/\/bs2.lt\/#website"},"primaryImageOfPage":{"@id":"https:\/\/bs2.lt\/lt\/product\/vynamic-view\/#primaryimage"},"image":{"@id":"https:\/\/bs2.lt\/lt\/product\/vynamic-view\/#primaryimage"},"thumbnailUrl":"https:\/\/bs2.lt\/wp-content\/uploads\/2021\/02\/vv-screen.jpg","datePublished":"2022-01-25T04:29:41+00:00","dateModified":"2022-01-25T08:14:26+00:00","breadcrumb":{"@id":"https:\/\/bs2.lt\/lt\/product\/vynamic-view\/#breadcrumb"},"inLanguage":"lt-LT","potentialAction":[{"@type":"ReadAction","target":["https:\/\/bs2.lt\/lt\/product\/vynamic-view\/"]}]},{"@type":"ImageObject","inLanguage":"lt-LT","@id":"https:\/\/bs2.lt\/lt\/product\/vynamic-view\/#primaryimage","url":"https:\/\/bs2.lt\/wp-content\/uploads\/2021\/02\/vv-screen.jpg","contentUrl":"https:\/\/bs2.lt\/wp-content\/uploads\/2021\/02\/vv-screen.jpg","width":1600,"height":1388},{"@type":"BreadcrumbList","@id":"https:\/\/bs2.lt\/lt\/product\/vynamic-view\/#breadcrumb","itemListElement":[{"@type":"ListItem","position":1,"name":"Home","item":"https:\/\/bs2.lt\/lt\/"},{"@type":"ListItem","position":2,"name":"Vynamic\u2122 View"}]},{"@type":"WebSite","@id":"https:\/\/bs2.lt\/#website","url":"https:\/\/bs2.lt\/","name":"BS\/2","description":"Banking and retail technology company","publisher":{"@id":"https:\/\/bs2.lt\/#organization"},"potentialAction":[{"@type":"SearchAction","target":{"@type":"EntryPoint","urlTemplate":"https:\/\/bs2.lt\/?s={search_term_string}"},"query-input":{"@type":"PropertyValueSpecification","valueRequired":true,"valueName":"search_term_string"}}],"inLanguage":"lt-LT"},{"@type":"Organization","@id":"https:\/\/bs2.lt\/#organization","name":"BS\/2","url":"https:\/\/bs2.lt\/","logo":{"@type":"ImageObject","inLanguage":"lt-LT","@id":"https:\/\/bs2.lt\/#\/schema\/logo\/image\/","url":"https:\/\/bs2.lt\/wp-content\/uploads\/2022\/08\/bs2-logo.svg","contentUrl":"https:\/\/bs2.lt\/wp-content\/uploads\/2022\/08\/bs2-logo.svg","width":100,"height":57,"caption":"BS\/2"},"image":{"@id":"https:\/\/bs2.lt\/#\/schema\/logo\/image\/"},"sameAs":["https:\/\/www.facebook.com\/bs2solutions\/","https:\/\/www.linkedin.com\/showcase\/bs2solutions","https:\/\/www.youtube.com\/c\/Bs2Lt"]}]}},"_links":{"self":[{"href":"https:\/\/bs2.lt\/lt\/wp-json\/wp\/v2\/product\/11770","targetHints":{"allow":["GET"]}}],"collection":[{"href":"https:\/\/bs2.lt\/lt\/wp-json\/wp\/v2\/product"}],"about":[{"href":"https:\/\/bs2.lt\/lt\/wp-json\/wp\/v2\/types\/product"}],"wp:featuredmedia":[{"embeddable":true,"href":"https:\/\/bs2.lt\/lt\/wp-json\/wp\/v2\/media\/7835"}],"wp:attachment":[{"href":"https:\/\/bs2.lt\/lt\/wp-json\/wp\/v2\/media?parent=11770"}],"wp:term":[{"taxonomy":"product_category","embeddable":true,"href":"https:\/\/bs2.lt\/lt\/wp-json\/wp\/v2\/product_category?post=11770"},{"taxonomy":"atm_series","embeddable":true,"href":"https:\/\/bs2.lt\/lt\/wp-json\/wp\/v2\/atm_series?post=11770"},{"taxonomy":"atm_cashflow","embeddable":true,"href":"https:\/\/bs2.lt\/lt\/wp-json\/wp\/v2\/atm_cashflow?post=11770"},{"taxonomy":"atm_type","embeddable":true,"href":"https:\/\/bs2.lt\/lt\/wp-json\/wp\/v2\/atm_type?post=11770"},{"taxonomy":"product-provider","embeddable":true,"href":"https:\/\/bs2.lt\/lt\/wp-json\/wp\/v2\/product-provider?post=11770"}],"curies":[{"name":"wp","href":"https:\/\/api.w.org\/{rel}","templated":true}]}}