{"id":11760,"date":"2021-03-01T15:55:20","date_gmt":"2021-03-01T17:55:20","guid":{"rendered":"https:\/\/bs2.lt\/bs2.lt\/?post_type=product&#038;p=11760"},"modified":"2022-01-28T03:42:10","modified_gmt":"2022-01-28T05:42:10","slug":"sistemy-kreplenij-dlya-kassovogo-oborudovaniya","status":"publish","type":"product","link":"https:\/\/bs2.lt\/lt\/product\/sistemy-kreplenij-dlya-kassovogo-oborudovaniya\/","title":{"rendered":"Kasos \u012frangos tvirtinimo sistemos"},"content":{"rendered":"<p>BS\/2 si\u016blo pla\u010dias darbo viet\u0173 \u012frengimo galimybes, kad prekybinink\u0173 darbas b\u016bt\u0173 patogus ir efektyvus. Tai \u012fvair\u016bs tvirtinimo \u012ftaisai, laikikliai ir stovai monitoriams, mok\u0117jimo korteli\u0173 skaitytuvams ir i\u0161oriniams \u012frenginiams.<\/p>\n<p>\u0160iuolaikin\u0117s tvirtinimo sistemos padeda prekybos centr\u0173 savininkams efektyviai i\u0161naudoti kas\u0173 erdv\u0119, kompakti\u0161kai ir ergonomi\u0161kai i\u0161d\u0117lioti skirting\u0173 gamintoj\u0173 \u012frang\u0105 kasose bei u\u017etikrinti tvark\u0105 ir patogum\u0105 kasinink\u0173 darbo vietose.<\/p>\n","protected":false},"featured_media":7115,"template":"","product_category":[243],"atm_series":[],"atm_cashflow":[],"atm_type":[],"product-provider":[],"class_list":["post-11760","product","type-product","status-publish","has-post-thumbnail","hentry","product_category-retail"],"acf":[],"yoast_head":"<!-- This site is optimized with the Yoast SEO plugin v26.2 - https:\/\/yoast.com\/wordpress\/plugins\/seo\/ -->\n<title>Kasos \u012frangos tvirtinimo sistemos | BS\/2<\/title>\n<meta name=\"robots\" content=\"index, follow, max-snippet:-1, max-image-preview:large, max-video-preview:-1\" \/>\n<link rel=\"canonical\" href=\"https:\/\/bs2.lt\/lt\/product\/sistemy-kreplenij-dlya-kassovogo-oborudovaniya\/\" \/>\n<meta property=\"og:locale\" content=\"lt_LT\" \/>\n<meta property=\"og:type\" content=\"article\" \/>\n<meta property=\"og:title\" content=\"Kasos \u012frangos tvirtinimo sistemos | BS\/2\" \/>\n<meta property=\"og:description\" content=\"BS\/2 si\u016blo pla\u010dias darbo viet\u0173 \u012frengimo galimybes, kad prekybinink\u0173 darbas b\u016bt\u0173 patogus ir efektyvus. Tai \u012fvair\u016bs tvirtinimo \u012ftaisai, laikikliai ir stovai monitoriams, mok\u0117jimo korteli\u0173 skaitytuvams ir i\u0161oriniams \u012frenginiams. \u0160iuolaikin\u0117s tvirtinimo sistemos padeda prekybos centr\u0173 savininkams efektyviai i\u0161naudoti kas\u0173 erdv\u0119, kompakti\u0161kai ir ergonomi\u0161kai i\u0161d\u0117lioti skirting\u0173 gamintoj\u0173 \u012frang\u0105 kasose bei u\u017etikrinti tvark\u0105 ir patogum\u0105 kasinink\u0173 darbo vietose.\" \/>\n<meta property=\"og:url\" content=\"https:\/\/bs2.lt\/lt\/product\/sistemy-kreplenij-dlya-kassovogo-oborudovaniya\/\" \/>\n<meta property=\"og:site_name\" content=\"BS\/2\" \/>\n<meta property=\"article:publisher\" content=\"https:\/\/www.facebook.com\/bs2solutions\/\" \/>\n<meta property=\"article:modified_time\" content=\"2022-01-28T05:42:10+00:00\" \/>\n<meta property=\"og:image\" content=\"https:\/\/bs2.lt\/wp-content\/uploads\/2021\/03\/11_sistemy-kreplenij-dlya-kassovogo-oborudovaniya.jpg\" \/>\n\t<meta property=\"og:image:width\" content=\"740\" \/>\n\t<meta property=\"og:image:height\" content=\"640\" \/>\n\t<meta property=\"og:image:type\" content=\"image\/jpeg\" \/>\n<meta name=\"twitter:card\" content=\"summary_large_image\" \/>\n<meta name=\"twitter:label1\" content=\"Est. reading time\" \/>\n\t<meta name=\"twitter:data1\" content=\"1 minut\u0117\" \/>\n<script type=\"application\/ld+json\" class=\"yoast-schema-graph\">{\"@context\":\"https:\/\/schema.org\",\"@graph\":[{\"@type\":\"WebPage\",\"@id\":\"https:\/\/bs2.lt\/lt\/product\/sistemy-kreplenij-dlya-kassovogo-oborudovaniya\/\",\"url\":\"https:\/\/bs2.lt\/lt\/product\/sistemy-kreplenij-dlya-kassovogo-oborudovaniya\/\",\"name\":\"Kasos \u012frangos tvirtinimo sistemos | BS\/2\",\"isPartOf\":{\"@id\":\"https:\/\/bs2.lt\/#website\"},\"primaryImageOfPage\":{\"@id\":\"https:\/\/bs2.lt\/lt\/product\/sistemy-kreplenij-dlya-kassovogo-oborudovaniya\/#primaryimage\"},\"image\":{\"@id\":\"https:\/\/bs2.lt\/lt\/product\/sistemy-kreplenij-dlya-kassovogo-oborudovaniya\/#primaryimage\"},\"thumbnailUrl\":\"https:\/\/bs2.lt\/wp-content\/uploads\/2021\/03\/11_sistemy-kreplenij-dlya-kassovogo-oborudovaniya.jpg\",\"datePublished\":\"2021-03-01T17:55:20+00:00\",\"dateModified\":\"2022-01-28T05:42:10+00:00\",\"breadcrumb\":{\"@id\":\"https:\/\/bs2.lt\/lt\/product\/sistemy-kreplenij-dlya-kassovogo-oborudovaniya\/#breadcrumb\"},\"inLanguage\":\"lt-LT\",\"potentialAction\":[{\"@type\":\"ReadAction\",\"target\":[\"https:\/\/bs2.lt\/lt\/product\/sistemy-kreplenij-dlya-kassovogo-oborudovaniya\/\"]}]},{\"@type\":\"ImageObject\",\"inLanguage\":\"lt-LT\",\"@id\":\"https:\/\/bs2.lt\/lt\/product\/sistemy-kreplenij-dlya-kassovogo-oborudovaniya\/#primaryimage\",\"url\":\"https:\/\/bs2.lt\/wp-content\/uploads\/2021\/03\/11_sistemy-kreplenij-dlya-kassovogo-oborudovaniya.jpg\",\"contentUrl\":\"https:\/\/bs2.lt\/wp-content\/uploads\/2021\/03\/11_sistemy-kreplenij-dlya-kassovogo-oborudovaniya.jpg\",\"width\":740,\"height\":640},{\"@type\":\"BreadcrumbList\",\"@id\":\"https:\/\/bs2.lt\/lt\/product\/sistemy-kreplenij-dlya-kassovogo-oborudovaniya\/#breadcrumb\",\"itemListElement\":[{\"@type\":\"ListItem\",\"position\":1,\"name\":\"Home\",\"item\":\"https:\/\/bs2.lt\/lt\/\"},{\"@type\":\"ListItem\",\"position\":2,\"name\":\"Kasos \u012frangos tvirtinimo sistemos\"}]},{\"@type\":\"WebSite\",\"@id\":\"https:\/\/bs2.lt\/#website\",\"url\":\"https:\/\/bs2.lt\/\",\"name\":\"BS\/2\",\"description\":\"Banking and retail technology company\",\"publisher\":{\"@id\":\"https:\/\/bs2.lt\/#organization\"},\"potentialAction\":[{\"@type\":\"SearchAction\",\"target\":{\"@type\":\"EntryPoint\",\"urlTemplate\":\"https:\/\/bs2.lt\/?s={search_term_string}\"},\"query-input\":{\"@type\":\"PropertyValueSpecification\",\"valueRequired\":true,\"valueName\":\"search_term_string\"}}],\"inLanguage\":\"lt-LT\"},{\"@type\":\"Organization\",\"@id\":\"https:\/\/bs2.lt\/#organization\",\"name\":\"BS\/2\",\"url\":\"https:\/\/bs2.lt\/\",\"logo\":{\"@type\":\"ImageObject\",\"inLanguage\":\"lt-LT\",\"@id\":\"https:\/\/bs2.lt\/#\/schema\/logo\/image\/\",\"url\":\"https:\/\/bs2.lt\/wp-content\/uploads\/2022\/08\/bs2-logo.svg\",\"contentUrl\":\"https:\/\/bs2.lt\/wp-content\/uploads\/2022\/08\/bs2-logo.svg\",\"width\":100,\"height\":57,\"caption\":\"BS\/2\"},\"image\":{\"@id\":\"https:\/\/bs2.lt\/#\/schema\/logo\/image\/\"},\"sameAs\":[\"https:\/\/www.facebook.com\/bs2solutions\/\",\"https:\/\/www.linkedin.com\/showcase\/bs2solutions\",\"https:\/\/www.youtube.com\/c\/Bs2Lt\"]}]}<\/script>\n<!-- \/ Yoast SEO plugin. -->","yoast_head_json":{"title":"Kasos \u012frangos tvirtinimo sistemos | BS\/2","robots":{"index":"index","follow":"follow","max-snippet":"max-snippet:-1","max-image-preview":"max-image-preview:large","max-video-preview":"max-video-preview:-1"},"canonical":"https:\/\/bs2.lt\/lt\/product\/sistemy-kreplenij-dlya-kassovogo-oborudovaniya\/","og_locale":"lt_LT","og_type":"article","og_title":"Kasos \u012frangos tvirtinimo sistemos | BS\/2","og_description":"BS\/2 si\u016blo pla\u010dias darbo viet\u0173 \u012frengimo galimybes, kad prekybinink\u0173 darbas b\u016bt\u0173 patogus ir efektyvus. Tai \u012fvair\u016bs tvirtinimo \u012ftaisai, laikikliai ir stovai monitoriams, mok\u0117jimo korteli\u0173 skaitytuvams ir i\u0161oriniams \u012frenginiams. \u0160iuolaikin\u0117s tvirtinimo sistemos padeda prekybos centr\u0173 savininkams efektyviai i\u0161naudoti kas\u0173 erdv\u0119, kompakti\u0161kai ir ergonomi\u0161kai i\u0161d\u0117lioti skirting\u0173 gamintoj\u0173 \u012frang\u0105 kasose bei u\u017etikrinti tvark\u0105 ir patogum\u0105 kasinink\u0173 darbo vietose.","og_url":"https:\/\/bs2.lt\/lt\/product\/sistemy-kreplenij-dlya-kassovogo-oborudovaniya\/","og_site_name":"BS\/2","article_publisher":"https:\/\/www.facebook.com\/bs2solutions\/","article_modified_time":"2022-01-28T05:42:10+00:00","og_image":[{"width":740,"height":640,"url":"https:\/\/bs2.lt\/wp-content\/uploads\/2021\/03\/11_sistemy-kreplenij-dlya-kassovogo-oborudovaniya.jpg","type":"image\/jpeg"}],"twitter_card":"summary_large_image","twitter_misc":{"Est. reading time":"1 minut\u0117"},"schema":{"@context":"https:\/\/schema.org","@graph":[{"@type":"WebPage","@id":"https:\/\/bs2.lt\/lt\/product\/sistemy-kreplenij-dlya-kassovogo-oborudovaniya\/","url":"https:\/\/bs2.lt\/lt\/product\/sistemy-kreplenij-dlya-kassovogo-oborudovaniya\/","name":"Kasos \u012frangos tvirtinimo sistemos | BS\/2","isPartOf":{"@id":"https:\/\/bs2.lt\/#website"},"primaryImageOfPage":{"@id":"https:\/\/bs2.lt\/lt\/product\/sistemy-kreplenij-dlya-kassovogo-oborudovaniya\/#primaryimage"},"image":{"@id":"https:\/\/bs2.lt\/lt\/product\/sistemy-kreplenij-dlya-kassovogo-oborudovaniya\/#primaryimage"},"thumbnailUrl":"https:\/\/bs2.lt\/wp-content\/uploads\/2021\/03\/11_sistemy-kreplenij-dlya-kassovogo-oborudovaniya.jpg","datePublished":"2021-03-01T17:55:20+00:00","dateModified":"2022-01-28T05:42:10+00:00","breadcrumb":{"@id":"https:\/\/bs2.lt\/lt\/product\/sistemy-kreplenij-dlya-kassovogo-oborudovaniya\/#breadcrumb"},"inLanguage":"lt-LT","potentialAction":[{"@type":"ReadAction","target":["https:\/\/bs2.lt\/lt\/product\/sistemy-kreplenij-dlya-kassovogo-oborudovaniya\/"]}]},{"@type":"ImageObject","inLanguage":"lt-LT","@id":"https:\/\/bs2.lt\/lt\/product\/sistemy-kreplenij-dlya-kassovogo-oborudovaniya\/#primaryimage","url":"https:\/\/bs2.lt\/wp-content\/uploads\/2021\/03\/11_sistemy-kreplenij-dlya-kassovogo-oborudovaniya.jpg","contentUrl":"https:\/\/bs2.lt\/wp-content\/uploads\/2021\/03\/11_sistemy-kreplenij-dlya-kassovogo-oborudovaniya.jpg","width":740,"height":640},{"@type":"BreadcrumbList","@id":"https:\/\/bs2.lt\/lt\/product\/sistemy-kreplenij-dlya-kassovogo-oborudovaniya\/#breadcrumb","itemListElement":[{"@type":"ListItem","position":1,"name":"Home","item":"https:\/\/bs2.lt\/lt\/"},{"@type":"ListItem","position":2,"name":"Kasos \u012frangos tvirtinimo sistemos"}]},{"@type":"WebSite","@id":"https:\/\/bs2.lt\/#website","url":"https:\/\/bs2.lt\/","name":"BS\/2","description":"Banking and retail technology company","publisher":{"@id":"https:\/\/bs2.lt\/#organization"},"potentialAction":[{"@type":"SearchAction","target":{"@type":"EntryPoint","urlTemplate":"https:\/\/bs2.lt\/?s={search_term_string}"},"query-input":{"@type":"PropertyValueSpecification","valueRequired":true,"valueName":"search_term_string"}}],"inLanguage":"lt-LT"},{"@type":"Organization","@id":"https:\/\/bs2.lt\/#organization","name":"BS\/2","url":"https:\/\/bs2.lt\/","logo":{"@type":"ImageObject","inLanguage":"lt-LT","@id":"https:\/\/bs2.lt\/#\/schema\/logo\/image\/","url":"https:\/\/bs2.lt\/wp-content\/uploads\/2022\/08\/bs2-logo.svg","contentUrl":"https:\/\/bs2.lt\/wp-content\/uploads\/2022\/08\/bs2-logo.svg","width":100,"height":57,"caption":"BS\/2"},"image":{"@id":"https:\/\/bs2.lt\/#\/schema\/logo\/image\/"},"sameAs":["https:\/\/www.facebook.com\/bs2solutions\/","https:\/\/www.linkedin.com\/showcase\/bs2solutions","https:\/\/www.youtube.com\/c\/Bs2Lt"]}]}},"_links":{"self":[{"href":"https:\/\/bs2.lt\/lt\/wp-json\/wp\/v2\/product\/11760","targetHints":{"allow":["GET"]}}],"collection":[{"href":"https:\/\/bs2.lt\/lt\/wp-json\/wp\/v2\/product"}],"about":[{"href":"https:\/\/bs2.lt\/lt\/wp-json\/wp\/v2\/types\/product"}],"wp:featuredmedia":[{"embeddable":true,"href":"https:\/\/bs2.lt\/lt\/wp-json\/wp\/v2\/media\/7115"}],"wp:attachment":[{"href":"https:\/\/bs2.lt\/lt\/wp-json\/wp\/v2\/media?parent=11760"}],"wp:term":[{"taxonomy":"product_category","embeddable":true,"href":"https:\/\/bs2.lt\/lt\/wp-json\/wp\/v2\/product_category?post=11760"},{"taxonomy":"atm_series","embeddable":true,"href":"https:\/\/bs2.lt\/lt\/wp-json\/wp\/v2\/atm_series?post=11760"},{"taxonomy":"atm_cashflow","embeddable":true,"href":"https:\/\/bs2.lt\/lt\/wp-json\/wp\/v2\/atm_cashflow?post=11760"},{"taxonomy":"atm_type","embeddable":true,"href":"https:\/\/bs2.lt\/lt\/wp-json\/wp\/v2\/atm_type?post=11760"},{"taxonomy":"product-provider","embeddable":true,"href":"https:\/\/bs2.lt\/lt\/wp-json\/wp\/v2\/product-provider?post=11760"}],"curies":[{"name":"wp","href":"https:\/\/api.w.org\/{rel}","templated":true}]}}