{"id":11759,"date":"2021-02-26T13:47:19","date_gmt":"2021-02-26T15:47:19","guid":{"rendered":"https:\/\/bs2.lt\/bs2.lt\/?post_type=product&#038;p=11759"},"modified":"2022-01-28T05:23:14","modified_gmt":"2022-01-28T07:23:14","slug":"termoprinteri","status":"publish","type":"product","link":"https:\/\/bs2.lt\/lt\/product\/termoprinteri\/","title":{"rendered":"Terminiai spausdintuvai"},"content":{"rendered":"<p>\u201eZebra Technologies\u201c \u2014 viena i\u0161 pirmaujan\u010di\u0173 pasaulyje mobili\u0173j\u0173 kompiuteri\u0173, br\u016bk\u0161nini\u0173 kod\u0173 skaitytuv\u0173, termini\u0173 spausdintuv\u0173 ir jiems skirt\u0173 eksploatacini\u0173 med\u017eiag\u0173 gamintoj\u0173. \u012emon\u0117 si\u016blo plat\u0173 darbo eigos ir veiklos optimizavimo sprendim\u0173 pasirinkim\u0105 ma\u017emenin\u0117s prekybos, elektronin\u0117s prekybos, logistikos, sveikatos prie\u017ei\u016bros ir \u012fvairi\u0173 pramon\u0117s \u0161ak\u0173 organizacijoms.<\/p>\n","protected":false},"featured_media":7111,"template":"","product_category":[243],"atm_series":[],"atm_cashflow":[],"atm_type":[],"product-provider":[],"class_list":["post-11759","product","type-product","status-publish","has-post-thumbnail","hentry","product_category-retail"],"acf":[],"yoast_head":"<!-- This site is optimized with the Yoast SEO plugin v26.2 - https:\/\/yoast.com\/wordpress\/plugins\/seo\/ -->\n<title>Terminiai spausdintuvai | BS\/2<\/title>\n<meta name=\"robots\" content=\"index, follow, max-snippet:-1, max-image-preview:large, max-video-preview:-1\" \/>\n<link rel=\"canonical\" href=\"https:\/\/bs2.lt\/lt\/product\/termoprinteri\/\" \/>\n<meta property=\"og:locale\" content=\"lt_LT\" \/>\n<meta property=\"og:type\" content=\"article\" \/>\n<meta property=\"og:title\" content=\"Terminiai spausdintuvai | BS\/2\" \/>\n<meta property=\"og:description\" content=\"\u201eZebra Technologies\u201c \u2014 viena i\u0161 pirmaujan\u010di\u0173 pasaulyje mobili\u0173j\u0173 kompiuteri\u0173, br\u016bk\u0161nini\u0173 kod\u0173 skaitytuv\u0173, termini\u0173 spausdintuv\u0173 ir jiems skirt\u0173 eksploatacini\u0173 med\u017eiag\u0173 gamintoj\u0173. \u012emon\u0117 si\u016blo plat\u0173 darbo eigos ir veiklos optimizavimo sprendim\u0173 pasirinkim\u0105 ma\u017emenin\u0117s prekybos, elektronin\u0117s prekybos, logistikos, sveikatos prie\u017ei\u016bros ir \u012fvairi\u0173 pramon\u0117s \u0161ak\u0173 organizacijoms.\" \/>\n<meta property=\"og:url\" content=\"https:\/\/bs2.lt\/lt\/product\/termoprinteri\/\" \/>\n<meta property=\"og:site_name\" content=\"BS\/2\" \/>\n<meta property=\"article:publisher\" content=\"https:\/\/www.facebook.com\/bs2solutions\/\" \/>\n<meta property=\"article:modified_time\" content=\"2022-01-28T07:23:14+00:00\" \/>\n<meta property=\"og:image\" content=\"https:\/\/bs2.lt\/wp-content\/uploads\/2021\/02\/10_printery.jpg\" \/>\n\t<meta property=\"og:image:width\" content=\"740\" \/>\n\t<meta property=\"og:image:height\" content=\"640\" \/>\n\t<meta property=\"og:image:type\" content=\"image\/jpeg\" \/>\n<meta name=\"twitter:card\" content=\"summary_large_image\" \/>\n<meta name=\"twitter:label1\" content=\"Est. reading time\" \/>\n\t<meta name=\"twitter:data1\" content=\"1 minut\u0117\" \/>\n<script type=\"application\/ld+json\" class=\"yoast-schema-graph\">{\"@context\":\"https:\/\/schema.org\",\"@graph\":[{\"@type\":\"WebPage\",\"@id\":\"https:\/\/bs2.lt\/lt\/product\/termoprinteri\/\",\"url\":\"https:\/\/bs2.lt\/lt\/product\/termoprinteri\/\",\"name\":\"Terminiai spausdintuvai | BS\/2\",\"isPartOf\":{\"@id\":\"https:\/\/bs2.lt\/#website\"},\"primaryImageOfPage\":{\"@id\":\"https:\/\/bs2.lt\/lt\/product\/termoprinteri\/#primaryimage\"},\"image\":{\"@id\":\"https:\/\/bs2.lt\/lt\/product\/termoprinteri\/#primaryimage\"},\"thumbnailUrl\":\"https:\/\/bs2.lt\/wp-content\/uploads\/2021\/02\/10_printery.jpg\",\"datePublished\":\"2021-02-26T15:47:19+00:00\",\"dateModified\":\"2022-01-28T07:23:14+00:00\",\"breadcrumb\":{\"@id\":\"https:\/\/bs2.lt\/lt\/product\/termoprinteri\/#breadcrumb\"},\"inLanguage\":\"lt-LT\",\"potentialAction\":[{\"@type\":\"ReadAction\",\"target\":[\"https:\/\/bs2.lt\/lt\/product\/termoprinteri\/\"]}]},{\"@type\":\"ImageObject\",\"inLanguage\":\"lt-LT\",\"@id\":\"https:\/\/bs2.lt\/lt\/product\/termoprinteri\/#primaryimage\",\"url\":\"https:\/\/bs2.lt\/wp-content\/uploads\/2021\/02\/10_printery.jpg\",\"contentUrl\":\"https:\/\/bs2.lt\/wp-content\/uploads\/2021\/02\/10_printery.jpg\",\"width\":740,\"height\":640},{\"@type\":\"BreadcrumbList\",\"@id\":\"https:\/\/bs2.lt\/lt\/product\/termoprinteri\/#breadcrumb\",\"itemListElement\":[{\"@type\":\"ListItem\",\"position\":1,\"name\":\"Home\",\"item\":\"https:\/\/bs2.lt\/lt\/\"},{\"@type\":\"ListItem\",\"position\":2,\"name\":\"Terminiai spausdintuvai\"}]},{\"@type\":\"WebSite\",\"@id\":\"https:\/\/bs2.lt\/#website\",\"url\":\"https:\/\/bs2.lt\/\",\"name\":\"BS\/2\",\"description\":\"Banking and retail technology company\",\"publisher\":{\"@id\":\"https:\/\/bs2.lt\/#organization\"},\"potentialAction\":[{\"@type\":\"SearchAction\",\"target\":{\"@type\":\"EntryPoint\",\"urlTemplate\":\"https:\/\/bs2.lt\/?s={search_term_string}\"},\"query-input\":{\"@type\":\"PropertyValueSpecification\",\"valueRequired\":true,\"valueName\":\"search_term_string\"}}],\"inLanguage\":\"lt-LT\"},{\"@type\":\"Organization\",\"@id\":\"https:\/\/bs2.lt\/#organization\",\"name\":\"BS\/2\",\"url\":\"https:\/\/bs2.lt\/\",\"logo\":{\"@type\":\"ImageObject\",\"inLanguage\":\"lt-LT\",\"@id\":\"https:\/\/bs2.lt\/#\/schema\/logo\/image\/\",\"url\":\"https:\/\/bs2.lt\/wp-content\/uploads\/2022\/08\/bs2-logo.svg\",\"contentUrl\":\"https:\/\/bs2.lt\/wp-content\/uploads\/2022\/08\/bs2-logo.svg\",\"width\":100,\"height\":57,\"caption\":\"BS\/2\"},\"image\":{\"@id\":\"https:\/\/bs2.lt\/#\/schema\/logo\/image\/\"},\"sameAs\":[\"https:\/\/www.facebook.com\/bs2solutions\/\",\"https:\/\/www.linkedin.com\/showcase\/bs2solutions\",\"https:\/\/www.youtube.com\/c\/Bs2Lt\"]}]}<\/script>\n<!-- \/ Yoast SEO plugin. -->","yoast_head_json":{"title":"Terminiai spausdintuvai | BS\/2","robots":{"index":"index","follow":"follow","max-snippet":"max-snippet:-1","max-image-preview":"max-image-preview:large","max-video-preview":"max-video-preview:-1"},"canonical":"https:\/\/bs2.lt\/lt\/product\/termoprinteri\/","og_locale":"lt_LT","og_type":"article","og_title":"Terminiai spausdintuvai | BS\/2","og_description":"\u201eZebra Technologies\u201c \u2014 viena i\u0161 pirmaujan\u010di\u0173 pasaulyje mobili\u0173j\u0173 kompiuteri\u0173, br\u016bk\u0161nini\u0173 kod\u0173 skaitytuv\u0173, termini\u0173 spausdintuv\u0173 ir jiems skirt\u0173 eksploatacini\u0173 med\u017eiag\u0173 gamintoj\u0173. \u012emon\u0117 si\u016blo plat\u0173 darbo eigos ir veiklos optimizavimo sprendim\u0173 pasirinkim\u0105 ma\u017emenin\u0117s prekybos, elektronin\u0117s prekybos, logistikos, sveikatos prie\u017ei\u016bros ir \u012fvairi\u0173 pramon\u0117s \u0161ak\u0173 organizacijoms.","og_url":"https:\/\/bs2.lt\/lt\/product\/termoprinteri\/","og_site_name":"BS\/2","article_publisher":"https:\/\/www.facebook.com\/bs2solutions\/","article_modified_time":"2022-01-28T07:23:14+00:00","og_image":[{"width":740,"height":640,"url":"https:\/\/bs2.lt\/wp-content\/uploads\/2021\/02\/10_printery.jpg","type":"image\/jpeg"}],"twitter_card":"summary_large_image","twitter_misc":{"Est. reading time":"1 minut\u0117"},"schema":{"@context":"https:\/\/schema.org","@graph":[{"@type":"WebPage","@id":"https:\/\/bs2.lt\/lt\/product\/termoprinteri\/","url":"https:\/\/bs2.lt\/lt\/product\/termoprinteri\/","name":"Terminiai spausdintuvai | BS\/2","isPartOf":{"@id":"https:\/\/bs2.lt\/#website"},"primaryImageOfPage":{"@id":"https:\/\/bs2.lt\/lt\/product\/termoprinteri\/#primaryimage"},"image":{"@id":"https:\/\/bs2.lt\/lt\/product\/termoprinteri\/#primaryimage"},"thumbnailUrl":"https:\/\/bs2.lt\/wp-content\/uploads\/2021\/02\/10_printery.jpg","datePublished":"2021-02-26T15:47:19+00:00","dateModified":"2022-01-28T07:23:14+00:00","breadcrumb":{"@id":"https:\/\/bs2.lt\/lt\/product\/termoprinteri\/#breadcrumb"},"inLanguage":"lt-LT","potentialAction":[{"@type":"ReadAction","target":["https:\/\/bs2.lt\/lt\/product\/termoprinteri\/"]}]},{"@type":"ImageObject","inLanguage":"lt-LT","@id":"https:\/\/bs2.lt\/lt\/product\/termoprinteri\/#primaryimage","url":"https:\/\/bs2.lt\/wp-content\/uploads\/2021\/02\/10_printery.jpg","contentUrl":"https:\/\/bs2.lt\/wp-content\/uploads\/2021\/02\/10_printery.jpg","width":740,"height":640},{"@type":"BreadcrumbList","@id":"https:\/\/bs2.lt\/lt\/product\/termoprinteri\/#breadcrumb","itemListElement":[{"@type":"ListItem","position":1,"name":"Home","item":"https:\/\/bs2.lt\/lt\/"},{"@type":"ListItem","position":2,"name":"Terminiai spausdintuvai"}]},{"@type":"WebSite","@id":"https:\/\/bs2.lt\/#website","url":"https:\/\/bs2.lt\/","name":"BS\/2","description":"Banking and retail technology company","publisher":{"@id":"https:\/\/bs2.lt\/#organization"},"potentialAction":[{"@type":"SearchAction","target":{"@type":"EntryPoint","urlTemplate":"https:\/\/bs2.lt\/?s={search_term_string}"},"query-input":{"@type":"PropertyValueSpecification","valueRequired":true,"valueName":"search_term_string"}}],"inLanguage":"lt-LT"},{"@type":"Organization","@id":"https:\/\/bs2.lt\/#organization","name":"BS\/2","url":"https:\/\/bs2.lt\/","logo":{"@type":"ImageObject","inLanguage":"lt-LT","@id":"https:\/\/bs2.lt\/#\/schema\/logo\/image\/","url":"https:\/\/bs2.lt\/wp-content\/uploads\/2022\/08\/bs2-logo.svg","contentUrl":"https:\/\/bs2.lt\/wp-content\/uploads\/2022\/08\/bs2-logo.svg","width":100,"height":57,"caption":"BS\/2"},"image":{"@id":"https:\/\/bs2.lt\/#\/schema\/logo\/image\/"},"sameAs":["https:\/\/www.facebook.com\/bs2solutions\/","https:\/\/www.linkedin.com\/showcase\/bs2solutions","https:\/\/www.youtube.com\/c\/Bs2Lt"]}]}},"_links":{"self":[{"href":"https:\/\/bs2.lt\/lt\/wp-json\/wp\/v2\/product\/11759","targetHints":{"allow":["GET"]}}],"collection":[{"href":"https:\/\/bs2.lt\/lt\/wp-json\/wp\/v2\/product"}],"about":[{"href":"https:\/\/bs2.lt\/lt\/wp-json\/wp\/v2\/types\/product"}],"wp:featuredmedia":[{"embeddable":true,"href":"https:\/\/bs2.lt\/lt\/wp-json\/wp\/v2\/media\/7111"}],"wp:attachment":[{"href":"https:\/\/bs2.lt\/lt\/wp-json\/wp\/v2\/media?parent=11759"}],"wp:term":[{"taxonomy":"product_category","embeddable":true,"href":"https:\/\/bs2.lt\/lt\/wp-json\/wp\/v2\/product_category?post=11759"},{"taxonomy":"atm_series","embeddable":true,"href":"https:\/\/bs2.lt\/lt\/wp-json\/wp\/v2\/atm_series?post=11759"},{"taxonomy":"atm_cashflow","embeddable":true,"href":"https:\/\/bs2.lt\/lt\/wp-json\/wp\/v2\/atm_cashflow?post=11759"},{"taxonomy":"atm_type","embeddable":true,"href":"https:\/\/bs2.lt\/lt\/wp-json\/wp\/v2\/atm_type?post=11759"},{"taxonomy":"product-provider","embeddable":true,"href":"https:\/\/bs2.lt\/lt\/wp-json\/wp\/v2\/product-provider?post=11759"}],"curies":[{"name":"wp","href":"https:\/\/api.w.org\/{rel}","templated":true}]}}