{"id":11757,"date":"2021-02-26T13:42:02","date_gmt":"2021-02-26T15:42:02","guid":{"rendered":"https:\/\/bs2.lt\/bs2.lt\/?post_type=product&#038;p=11757"},"modified":"2022-01-28T12:03:37","modified_gmt":"2022-01-28T14:03:37","slug":"terminaly-sbora-dannyh","status":"publish","type":"product","link":"https:\/\/bs2.lt\/lt\/product\/terminaly-sbora-dannyh\/","title":{"rendered":"Duomen\u0173 surinkimo \u012frenginiai"},"content":{"rendered":"<p>\u201eDatalogic\u201c mobilieji duomen\u0173 surinkimo \u012frenginiai padeda gerinti darbo eigos ir operacij\u0173 efektyvum\u0105 bei kokyb\u0119 ma\u017emenin\u0117s prekybos, gamybos, transporto, logistikos ir sveikatos prie\u017ei\u016bros sektoriuose. Si\u016blomas platus \u012frengini\u0173 pasirinkimas.<\/p>\n<p>Kuriant \u012frenginius derinamas i\u0161mani\u0173j\u0173 telefon\u0173 mobilumas, stacionari\u0173 kompiuteri\u0173 galingumas ir patikimumas, taigi sukurti \u012frenginiai u\u017etikrina auk\u0161t\u0105 na\u0161um\u0105, atitinkant\u012f prekybos pramon\u0117s standartus, ir garantuoja puik\u0173 prekybos organizacij\u0173 klient\u0173 aptarnavim\u0105.<\/p>\n","protected":false},"featured_media":7108,"template":"","product_category":[243],"atm_series":[],"atm_cashflow":[],"atm_type":[],"product-provider":[],"class_list":["post-11757","product","type-product","status-publish","has-post-thumbnail","hentry","product_category-retail"],"acf":[],"yoast_head":"<!-- This site is optimized with the Yoast SEO plugin v26.2 - https:\/\/yoast.com\/wordpress\/plugins\/seo\/ -->\n<title>Duomen\u0173 surinkimo \u012frenginiai | BS\/2<\/title>\n<meta name=\"robots\" content=\"index, follow, max-snippet:-1, max-image-preview:large, max-video-preview:-1\" \/>\n<link rel=\"canonical\" href=\"https:\/\/bs2.lt\/lt\/product\/terminaly-sbora-dannyh\/\" \/>\n<meta property=\"og:locale\" content=\"lt_LT\" \/>\n<meta property=\"og:type\" content=\"article\" \/>\n<meta property=\"og:title\" content=\"Duomen\u0173 surinkimo \u012frenginiai | BS\/2\" \/>\n<meta property=\"og:description\" content=\"\u201eDatalogic\u201c mobilieji duomen\u0173 surinkimo \u012frenginiai padeda gerinti darbo eigos ir operacij\u0173 efektyvum\u0105 bei kokyb\u0119 ma\u017emenin\u0117s prekybos, gamybos, transporto, logistikos ir sveikatos prie\u017ei\u016bros sektoriuose. Si\u016blomas platus \u012frengini\u0173 pasirinkimas. Kuriant \u012frenginius derinamas i\u0161mani\u0173j\u0173 telefon\u0173 mobilumas, stacionari\u0173 kompiuteri\u0173 galingumas ir patikimumas, taigi sukurti \u012frenginiai u\u017etikrina auk\u0161t\u0105 na\u0161um\u0105, atitinkant\u012f prekybos pramon\u0117s standartus, ir garantuoja puik\u0173 prekybos organizacij\u0173 klient\u0173 aptarnavim\u0105.\" \/>\n<meta property=\"og:url\" content=\"https:\/\/bs2.lt\/lt\/product\/terminaly-sbora-dannyh\/\" \/>\n<meta property=\"og:site_name\" content=\"BS\/2\" \/>\n<meta property=\"article:publisher\" content=\"https:\/\/www.facebook.com\/bs2solutions\/\" \/>\n<meta property=\"article:modified_time\" content=\"2022-01-28T14:03:37+00:00\" \/>\n<meta property=\"og:image\" content=\"https:\/\/bs2.lt\/wp-content\/uploads\/2021\/02\/9_terminaly-sbora-dannyh.jpg\" \/>\n\t<meta property=\"og:image:width\" content=\"740\" \/>\n\t<meta property=\"og:image:height\" content=\"640\" \/>\n\t<meta property=\"og:image:type\" content=\"image\/jpeg\" \/>\n<meta name=\"twitter:card\" content=\"summary_large_image\" \/>\n<meta name=\"twitter:label1\" content=\"Est. reading time\" \/>\n\t<meta name=\"twitter:data1\" content=\"1 minut\u0117\" \/>\n<script type=\"application\/ld+json\" class=\"yoast-schema-graph\">{\"@context\":\"https:\/\/schema.org\",\"@graph\":[{\"@type\":\"WebPage\",\"@id\":\"https:\/\/bs2.lt\/lt\/product\/terminaly-sbora-dannyh\/\",\"url\":\"https:\/\/bs2.lt\/lt\/product\/terminaly-sbora-dannyh\/\",\"name\":\"Duomen\u0173 surinkimo \u012frenginiai | BS\/2\",\"isPartOf\":{\"@id\":\"https:\/\/bs2.lt\/#website\"},\"primaryImageOfPage\":{\"@id\":\"https:\/\/bs2.lt\/lt\/product\/terminaly-sbora-dannyh\/#primaryimage\"},\"image\":{\"@id\":\"https:\/\/bs2.lt\/lt\/product\/terminaly-sbora-dannyh\/#primaryimage\"},\"thumbnailUrl\":\"https:\/\/bs2.lt\/wp-content\/uploads\/2021\/02\/9_terminaly-sbora-dannyh.jpg\",\"datePublished\":\"2021-02-26T15:42:02+00:00\",\"dateModified\":\"2022-01-28T14:03:37+00:00\",\"breadcrumb\":{\"@id\":\"https:\/\/bs2.lt\/lt\/product\/terminaly-sbora-dannyh\/#breadcrumb\"},\"inLanguage\":\"lt-LT\",\"potentialAction\":[{\"@type\":\"ReadAction\",\"target\":[\"https:\/\/bs2.lt\/lt\/product\/terminaly-sbora-dannyh\/\"]}]},{\"@type\":\"ImageObject\",\"inLanguage\":\"lt-LT\",\"@id\":\"https:\/\/bs2.lt\/lt\/product\/terminaly-sbora-dannyh\/#primaryimage\",\"url\":\"https:\/\/bs2.lt\/wp-content\/uploads\/2021\/02\/9_terminaly-sbora-dannyh.jpg\",\"contentUrl\":\"https:\/\/bs2.lt\/wp-content\/uploads\/2021\/02\/9_terminaly-sbora-dannyh.jpg\",\"width\":740,\"height\":640},{\"@type\":\"BreadcrumbList\",\"@id\":\"https:\/\/bs2.lt\/lt\/product\/terminaly-sbora-dannyh\/#breadcrumb\",\"itemListElement\":[{\"@type\":\"ListItem\",\"position\":1,\"name\":\"Home\",\"item\":\"https:\/\/bs2.lt\/lt\/\"},{\"@type\":\"ListItem\",\"position\":2,\"name\":\"Duomen\u0173 surinkimo \u012frenginiai\"}]},{\"@type\":\"WebSite\",\"@id\":\"https:\/\/bs2.lt\/#website\",\"url\":\"https:\/\/bs2.lt\/\",\"name\":\"BS\/2\",\"description\":\"Banking and retail technology company\",\"publisher\":{\"@id\":\"https:\/\/bs2.lt\/#organization\"},\"potentialAction\":[{\"@type\":\"SearchAction\",\"target\":{\"@type\":\"EntryPoint\",\"urlTemplate\":\"https:\/\/bs2.lt\/?s={search_term_string}\"},\"query-input\":{\"@type\":\"PropertyValueSpecification\",\"valueRequired\":true,\"valueName\":\"search_term_string\"}}],\"inLanguage\":\"lt-LT\"},{\"@type\":\"Organization\",\"@id\":\"https:\/\/bs2.lt\/#organization\",\"name\":\"BS\/2\",\"url\":\"https:\/\/bs2.lt\/\",\"logo\":{\"@type\":\"ImageObject\",\"inLanguage\":\"lt-LT\",\"@id\":\"https:\/\/bs2.lt\/#\/schema\/logo\/image\/\",\"url\":\"https:\/\/bs2.lt\/wp-content\/uploads\/2022\/08\/bs2-logo.svg\",\"contentUrl\":\"https:\/\/bs2.lt\/wp-content\/uploads\/2022\/08\/bs2-logo.svg\",\"width\":100,\"height\":57,\"caption\":\"BS\/2\"},\"image\":{\"@id\":\"https:\/\/bs2.lt\/#\/schema\/logo\/image\/\"},\"sameAs\":[\"https:\/\/www.facebook.com\/bs2solutions\/\",\"https:\/\/www.linkedin.com\/showcase\/bs2solutions\",\"https:\/\/www.youtube.com\/c\/Bs2Lt\"]}]}<\/script>\n<!-- \/ Yoast SEO plugin. -->","yoast_head_json":{"title":"Duomen\u0173 surinkimo \u012frenginiai | BS\/2","robots":{"index":"index","follow":"follow","max-snippet":"max-snippet:-1","max-image-preview":"max-image-preview:large","max-video-preview":"max-video-preview:-1"},"canonical":"https:\/\/bs2.lt\/lt\/product\/terminaly-sbora-dannyh\/","og_locale":"lt_LT","og_type":"article","og_title":"Duomen\u0173 surinkimo \u012frenginiai | BS\/2","og_description":"\u201eDatalogic\u201c mobilieji duomen\u0173 surinkimo \u012frenginiai padeda gerinti darbo eigos ir operacij\u0173 efektyvum\u0105 bei kokyb\u0119 ma\u017emenin\u0117s prekybos, gamybos, transporto, logistikos ir sveikatos prie\u017ei\u016bros sektoriuose. Si\u016blomas platus \u012frengini\u0173 pasirinkimas. Kuriant \u012frenginius derinamas i\u0161mani\u0173j\u0173 telefon\u0173 mobilumas, stacionari\u0173 kompiuteri\u0173 galingumas ir patikimumas, taigi sukurti \u012frenginiai u\u017etikrina auk\u0161t\u0105 na\u0161um\u0105, atitinkant\u012f prekybos pramon\u0117s standartus, ir garantuoja puik\u0173 prekybos organizacij\u0173 klient\u0173 aptarnavim\u0105.","og_url":"https:\/\/bs2.lt\/lt\/product\/terminaly-sbora-dannyh\/","og_site_name":"BS\/2","article_publisher":"https:\/\/www.facebook.com\/bs2solutions\/","article_modified_time":"2022-01-28T14:03:37+00:00","og_image":[{"width":740,"height":640,"url":"https:\/\/bs2.lt\/wp-content\/uploads\/2021\/02\/9_terminaly-sbora-dannyh.jpg","type":"image\/jpeg"}],"twitter_card":"summary_large_image","twitter_misc":{"Est. reading time":"1 minut\u0117"},"schema":{"@context":"https:\/\/schema.org","@graph":[{"@type":"WebPage","@id":"https:\/\/bs2.lt\/lt\/product\/terminaly-sbora-dannyh\/","url":"https:\/\/bs2.lt\/lt\/product\/terminaly-sbora-dannyh\/","name":"Duomen\u0173 surinkimo \u012frenginiai | BS\/2","isPartOf":{"@id":"https:\/\/bs2.lt\/#website"},"primaryImageOfPage":{"@id":"https:\/\/bs2.lt\/lt\/product\/terminaly-sbora-dannyh\/#primaryimage"},"image":{"@id":"https:\/\/bs2.lt\/lt\/product\/terminaly-sbora-dannyh\/#primaryimage"},"thumbnailUrl":"https:\/\/bs2.lt\/wp-content\/uploads\/2021\/02\/9_terminaly-sbora-dannyh.jpg","datePublished":"2021-02-26T15:42:02+00:00","dateModified":"2022-01-28T14:03:37+00:00","breadcrumb":{"@id":"https:\/\/bs2.lt\/lt\/product\/terminaly-sbora-dannyh\/#breadcrumb"},"inLanguage":"lt-LT","potentialAction":[{"@type":"ReadAction","target":["https:\/\/bs2.lt\/lt\/product\/terminaly-sbora-dannyh\/"]}]},{"@type":"ImageObject","inLanguage":"lt-LT","@id":"https:\/\/bs2.lt\/lt\/product\/terminaly-sbora-dannyh\/#primaryimage","url":"https:\/\/bs2.lt\/wp-content\/uploads\/2021\/02\/9_terminaly-sbora-dannyh.jpg","contentUrl":"https:\/\/bs2.lt\/wp-content\/uploads\/2021\/02\/9_terminaly-sbora-dannyh.jpg","width":740,"height":640},{"@type":"BreadcrumbList","@id":"https:\/\/bs2.lt\/lt\/product\/terminaly-sbora-dannyh\/#breadcrumb","itemListElement":[{"@type":"ListItem","position":1,"name":"Home","item":"https:\/\/bs2.lt\/lt\/"},{"@type":"ListItem","position":2,"name":"Duomen\u0173 surinkimo \u012frenginiai"}]},{"@type":"WebSite","@id":"https:\/\/bs2.lt\/#website","url":"https:\/\/bs2.lt\/","name":"BS\/2","description":"Banking and retail technology company","publisher":{"@id":"https:\/\/bs2.lt\/#organization"},"potentialAction":[{"@type":"SearchAction","target":{"@type":"EntryPoint","urlTemplate":"https:\/\/bs2.lt\/?s={search_term_string}"},"query-input":{"@type":"PropertyValueSpecification","valueRequired":true,"valueName":"search_term_string"}}],"inLanguage":"lt-LT"},{"@type":"Organization","@id":"https:\/\/bs2.lt\/#organization","name":"BS\/2","url":"https:\/\/bs2.lt\/","logo":{"@type":"ImageObject","inLanguage":"lt-LT","@id":"https:\/\/bs2.lt\/#\/schema\/logo\/image\/","url":"https:\/\/bs2.lt\/wp-content\/uploads\/2022\/08\/bs2-logo.svg","contentUrl":"https:\/\/bs2.lt\/wp-content\/uploads\/2022\/08\/bs2-logo.svg","width":100,"height":57,"caption":"BS\/2"},"image":{"@id":"https:\/\/bs2.lt\/#\/schema\/logo\/image\/"},"sameAs":["https:\/\/www.facebook.com\/bs2solutions\/","https:\/\/www.linkedin.com\/showcase\/bs2solutions","https:\/\/www.youtube.com\/c\/Bs2Lt"]}]}},"_links":{"self":[{"href":"https:\/\/bs2.lt\/lt\/wp-json\/wp\/v2\/product\/11757","targetHints":{"allow":["GET"]}}],"collection":[{"href":"https:\/\/bs2.lt\/lt\/wp-json\/wp\/v2\/product"}],"about":[{"href":"https:\/\/bs2.lt\/lt\/wp-json\/wp\/v2\/types\/product"}],"wp:featuredmedia":[{"embeddable":true,"href":"https:\/\/bs2.lt\/lt\/wp-json\/wp\/v2\/media\/7108"}],"wp:attachment":[{"href":"https:\/\/bs2.lt\/lt\/wp-json\/wp\/v2\/media?parent=11757"}],"wp:term":[{"taxonomy":"product_category","embeddable":true,"href":"https:\/\/bs2.lt\/lt\/wp-json\/wp\/v2\/product_category?post=11757"},{"taxonomy":"atm_series","embeddable":true,"href":"https:\/\/bs2.lt\/lt\/wp-json\/wp\/v2\/atm_series?post=11757"},{"taxonomy":"atm_cashflow","embeddable":true,"href":"https:\/\/bs2.lt\/lt\/wp-json\/wp\/v2\/atm_cashflow?post=11757"},{"taxonomy":"atm_type","embeddable":true,"href":"https:\/\/bs2.lt\/lt\/wp-json\/wp\/v2\/atm_type?post=11757"},{"taxonomy":"product-provider","embeddable":true,"href":"https:\/\/bs2.lt\/lt\/wp-json\/wp\/v2\/product-provider?post=11757"}],"curies":[{"name":"wp","href":"https:\/\/api.w.org\/{rel}","templated":true}]}}