{"id":11756,"date":"2021-02-26T13:36:54","date_gmt":"2021-02-26T15:36:54","guid":{"rendered":"https:\/\/bs2.lt\/bs2.lt\/?post_type=product&#038;p=11756"},"modified":"2022-01-31T10:18:03","modified_gmt":"2022-01-31T12:18:03","slug":"staczionarnye-i-ruchnye-skanery","status":"publish","type":"product","link":"https:\/\/bs2.lt\/lt\/product\/staczionarnye-i-ruchnye-skanery\/","title":{"rendered":"Stacionar\u016bs ir rankiniai skaitytuvai"},"content":{"rendered":"<p>\u201eDatalogic\u201c \u2013 \u00a0pasaulin\u0117 automatinio duomen\u0173 surinkimo ir gamybos automatizavimo technologij\u0173 k\u016brimo lyder\u0117. \u012emon\u0117 kuria ir gamina br\u016bk\u0161ninio kodo skaitytuvus, mobiliuosius kompiuterius, ma\u0161ininio matymo ir lazerinio \u017eym\u0117jimo sistemas ir kt.<\/p>\n<p>Stacionar\u016bs ir rankiniai \u201eDatalogic\u201c skaitytuvai \u201eMagellan\u201c yra pla\u010diai \u017einomi d\u0117l savo patikimumo ir didelio na\u0161umo. Jie padeda automatizuoti klient\u0173 aptarnavim\u0105 kasoje, pagreitina kasoje atliekamas operacijas.<\/p>\n","protected":false},"featured_media":7105,"template":"","product_category":[243],"atm_series":[],"atm_cashflow":[],"atm_type":[],"product-provider":[],"class_list":["post-11756","product","type-product","status-publish","has-post-thumbnail","hentry","product_category-retail"],"acf":[],"yoast_head":"<!-- This site is optimized with the Yoast SEO plugin v26.2 - https:\/\/yoast.com\/wordpress\/plugins\/seo\/ -->\n<title>Stacionar\u016bs ir rankiniai skaitytuvai | BS\/2<\/title>\n<meta name=\"robots\" content=\"index, follow, max-snippet:-1, max-image-preview:large, max-video-preview:-1\" \/>\n<link rel=\"canonical\" href=\"https:\/\/bs2.lt\/product\/scanners\/\" \/>\n<meta property=\"og:locale\" content=\"lt_LT\" \/>\n<meta property=\"og:type\" content=\"article\" \/>\n<meta property=\"og:title\" content=\"Stacionar\u016bs ir rankiniai skaitytuvai | BS\/2\" \/>\n<meta property=\"og:description\" content=\"\u201eDatalogic\u201c \u2013 \u00a0pasaulin\u0117 automatinio duomen\u0173 surinkimo ir gamybos automatizavimo technologij\u0173 k\u016brimo lyder\u0117. \u012emon\u0117 kuria ir gamina br\u016bk\u0161ninio kodo skaitytuvus, mobiliuosius kompiuterius, ma\u0161ininio matymo ir lazerinio \u017eym\u0117jimo sistemas ir kt. Stacionar\u016bs ir rankiniai \u201eDatalogic\u201c skaitytuvai \u201eMagellan\u201c yra pla\u010diai \u017einomi d\u0117l savo patikimumo ir didelio na\u0161umo. Jie padeda automatizuoti klient\u0173 aptarnavim\u0105 kasoje, pagreitina kasoje atliekamas operacijas.\" \/>\n<meta property=\"og:url\" content=\"https:\/\/bs2.lt\/product\/scanners\/\" \/>\n<meta property=\"og:site_name\" content=\"BS\/2\" \/>\n<meta property=\"article:publisher\" content=\"https:\/\/www.facebook.com\/bs2solutions\/\" \/>\n<meta property=\"article:modified_time\" content=\"2022-01-31T12:18:03+00:00\" \/>\n<meta property=\"og:image\" content=\"https:\/\/bs2.lt\/wp-content\/uploads\/2021\/02\/8_staczionarnye-i-ruchnye-skanery.jpg\" \/>\n\t<meta property=\"og:image:width\" content=\"740\" \/>\n\t<meta property=\"og:image:height\" content=\"640\" \/>\n\t<meta property=\"og:image:type\" content=\"image\/jpeg\" \/>\n<meta name=\"twitter:card\" content=\"summary_large_image\" \/>\n<meta name=\"twitter:label1\" content=\"Est. reading time\" \/>\n\t<meta name=\"twitter:data1\" content=\"1 minut\u0117\" \/>\n<script type=\"application\/ld+json\" class=\"yoast-schema-graph\">{\"@context\":\"https:\/\/schema.org\",\"@graph\":[{\"@type\":\"WebPage\",\"@id\":\"https:\/\/bs2.lt\/product\/scanners\/\",\"url\":\"https:\/\/bs2.lt\/product\/scanners\/\",\"name\":\"Stacionar\u016bs ir rankiniai skaitytuvai | BS\/2\",\"isPartOf\":{\"@id\":\"https:\/\/bs2.lt\/#website\"},\"primaryImageOfPage\":{\"@id\":\"https:\/\/bs2.lt\/product\/scanners\/#primaryimage\"},\"image\":{\"@id\":\"https:\/\/bs2.lt\/product\/scanners\/#primaryimage\"},\"thumbnailUrl\":\"https:\/\/bs2.lt\/wp-content\/uploads\/2021\/02\/8_staczionarnye-i-ruchnye-skanery.jpg\",\"datePublished\":\"2021-02-26T15:36:54+00:00\",\"dateModified\":\"2022-01-31T12:18:03+00:00\",\"breadcrumb\":{\"@id\":\"https:\/\/bs2.lt\/product\/scanners\/#breadcrumb\"},\"inLanguage\":\"lt-LT\",\"potentialAction\":[{\"@type\":\"ReadAction\",\"target\":[\"https:\/\/bs2.lt\/product\/scanners\/\"]}]},{\"@type\":\"ImageObject\",\"inLanguage\":\"lt-LT\",\"@id\":\"https:\/\/bs2.lt\/product\/scanners\/#primaryimage\",\"url\":\"https:\/\/bs2.lt\/wp-content\/uploads\/2021\/02\/8_staczionarnye-i-ruchnye-skanery.jpg\",\"contentUrl\":\"https:\/\/bs2.lt\/wp-content\/uploads\/2021\/02\/8_staczionarnye-i-ruchnye-skanery.jpg\",\"width\":740,\"height\":640},{\"@type\":\"BreadcrumbList\",\"@id\":\"https:\/\/bs2.lt\/product\/scanners\/#breadcrumb\",\"itemListElement\":[{\"@type\":\"ListItem\",\"position\":1,\"name\":\"Home\",\"item\":\"https:\/\/bs2.lt\/lt\/\"},{\"@type\":\"ListItem\",\"position\":2,\"name\":\"Stacionar\u016bs ir rankiniai skaitytuvai\"}]},{\"@type\":\"WebSite\",\"@id\":\"https:\/\/bs2.lt\/#website\",\"url\":\"https:\/\/bs2.lt\/\",\"name\":\"BS\/2\",\"description\":\"Banking and retail technology company\",\"publisher\":{\"@id\":\"https:\/\/bs2.lt\/#organization\"},\"potentialAction\":[{\"@type\":\"SearchAction\",\"target\":{\"@type\":\"EntryPoint\",\"urlTemplate\":\"https:\/\/bs2.lt\/?s={search_term_string}\"},\"query-input\":{\"@type\":\"PropertyValueSpecification\",\"valueRequired\":true,\"valueName\":\"search_term_string\"}}],\"inLanguage\":\"lt-LT\"},{\"@type\":\"Organization\",\"@id\":\"https:\/\/bs2.lt\/#organization\",\"name\":\"BS\/2\",\"url\":\"https:\/\/bs2.lt\/\",\"logo\":{\"@type\":\"ImageObject\",\"inLanguage\":\"lt-LT\",\"@id\":\"https:\/\/bs2.lt\/#\/schema\/logo\/image\/\",\"url\":\"https:\/\/bs2.lt\/wp-content\/uploads\/2022\/08\/bs2-logo.svg\",\"contentUrl\":\"https:\/\/bs2.lt\/wp-content\/uploads\/2022\/08\/bs2-logo.svg\",\"width\":100,\"height\":57,\"caption\":\"BS\/2\"},\"image\":{\"@id\":\"https:\/\/bs2.lt\/#\/schema\/logo\/image\/\"},\"sameAs\":[\"https:\/\/www.facebook.com\/bs2solutions\/\",\"https:\/\/www.linkedin.com\/showcase\/bs2solutions\",\"https:\/\/www.youtube.com\/c\/Bs2Lt\"]}]}<\/script>\n<!-- \/ Yoast SEO plugin. -->","yoast_head_json":{"title":"Stacionar\u016bs ir rankiniai skaitytuvai | BS\/2","robots":{"index":"index","follow":"follow","max-snippet":"max-snippet:-1","max-image-preview":"max-image-preview:large","max-video-preview":"max-video-preview:-1"},"canonical":"https:\/\/bs2.lt\/product\/scanners\/","og_locale":"lt_LT","og_type":"article","og_title":"Stacionar\u016bs ir rankiniai skaitytuvai | BS\/2","og_description":"\u201eDatalogic\u201c \u2013 \u00a0pasaulin\u0117 automatinio duomen\u0173 surinkimo ir gamybos automatizavimo technologij\u0173 k\u016brimo lyder\u0117. \u012emon\u0117 kuria ir gamina br\u016bk\u0161ninio kodo skaitytuvus, mobiliuosius kompiuterius, ma\u0161ininio matymo ir lazerinio \u017eym\u0117jimo sistemas ir kt. Stacionar\u016bs ir rankiniai \u201eDatalogic\u201c skaitytuvai \u201eMagellan\u201c yra pla\u010diai \u017einomi d\u0117l savo patikimumo ir didelio na\u0161umo. Jie padeda automatizuoti klient\u0173 aptarnavim\u0105 kasoje, pagreitina kasoje atliekamas operacijas.","og_url":"https:\/\/bs2.lt\/product\/scanners\/","og_site_name":"BS\/2","article_publisher":"https:\/\/www.facebook.com\/bs2solutions\/","article_modified_time":"2022-01-31T12:18:03+00:00","og_image":[{"width":740,"height":640,"url":"https:\/\/bs2.lt\/wp-content\/uploads\/2021\/02\/8_staczionarnye-i-ruchnye-skanery.jpg","type":"image\/jpeg"}],"twitter_card":"summary_large_image","twitter_misc":{"Est. reading time":"1 minut\u0117"},"schema":{"@context":"https:\/\/schema.org","@graph":[{"@type":"WebPage","@id":"https:\/\/bs2.lt\/product\/scanners\/","url":"https:\/\/bs2.lt\/product\/scanners\/","name":"Stacionar\u016bs ir rankiniai skaitytuvai | BS\/2","isPartOf":{"@id":"https:\/\/bs2.lt\/#website"},"primaryImageOfPage":{"@id":"https:\/\/bs2.lt\/product\/scanners\/#primaryimage"},"image":{"@id":"https:\/\/bs2.lt\/product\/scanners\/#primaryimage"},"thumbnailUrl":"https:\/\/bs2.lt\/wp-content\/uploads\/2021\/02\/8_staczionarnye-i-ruchnye-skanery.jpg","datePublished":"2021-02-26T15:36:54+00:00","dateModified":"2022-01-31T12:18:03+00:00","breadcrumb":{"@id":"https:\/\/bs2.lt\/product\/scanners\/#breadcrumb"},"inLanguage":"lt-LT","potentialAction":[{"@type":"ReadAction","target":["https:\/\/bs2.lt\/product\/scanners\/"]}]},{"@type":"ImageObject","inLanguage":"lt-LT","@id":"https:\/\/bs2.lt\/product\/scanners\/#primaryimage","url":"https:\/\/bs2.lt\/wp-content\/uploads\/2021\/02\/8_staczionarnye-i-ruchnye-skanery.jpg","contentUrl":"https:\/\/bs2.lt\/wp-content\/uploads\/2021\/02\/8_staczionarnye-i-ruchnye-skanery.jpg","width":740,"height":640},{"@type":"BreadcrumbList","@id":"https:\/\/bs2.lt\/product\/scanners\/#breadcrumb","itemListElement":[{"@type":"ListItem","position":1,"name":"Home","item":"https:\/\/bs2.lt\/lt\/"},{"@type":"ListItem","position":2,"name":"Stacionar\u016bs ir rankiniai skaitytuvai"}]},{"@type":"WebSite","@id":"https:\/\/bs2.lt\/#website","url":"https:\/\/bs2.lt\/","name":"BS\/2","description":"Banking and retail technology company","publisher":{"@id":"https:\/\/bs2.lt\/#organization"},"potentialAction":[{"@type":"SearchAction","target":{"@type":"EntryPoint","urlTemplate":"https:\/\/bs2.lt\/?s={search_term_string}"},"query-input":{"@type":"PropertyValueSpecification","valueRequired":true,"valueName":"search_term_string"}}],"inLanguage":"lt-LT"},{"@type":"Organization","@id":"https:\/\/bs2.lt\/#organization","name":"BS\/2","url":"https:\/\/bs2.lt\/","logo":{"@type":"ImageObject","inLanguage":"lt-LT","@id":"https:\/\/bs2.lt\/#\/schema\/logo\/image\/","url":"https:\/\/bs2.lt\/wp-content\/uploads\/2022\/08\/bs2-logo.svg","contentUrl":"https:\/\/bs2.lt\/wp-content\/uploads\/2022\/08\/bs2-logo.svg","width":100,"height":57,"caption":"BS\/2"},"image":{"@id":"https:\/\/bs2.lt\/#\/schema\/logo\/image\/"},"sameAs":["https:\/\/www.facebook.com\/bs2solutions\/","https:\/\/www.linkedin.com\/showcase\/bs2solutions","https:\/\/www.youtube.com\/c\/Bs2Lt"]}]}},"_links":{"self":[{"href":"https:\/\/bs2.lt\/lt\/wp-json\/wp\/v2\/product\/11756","targetHints":{"allow":["GET"]}}],"collection":[{"href":"https:\/\/bs2.lt\/lt\/wp-json\/wp\/v2\/product"}],"about":[{"href":"https:\/\/bs2.lt\/lt\/wp-json\/wp\/v2\/types\/product"}],"wp:featuredmedia":[{"embeddable":true,"href":"https:\/\/bs2.lt\/lt\/wp-json\/wp\/v2\/media\/7105"}],"wp:attachment":[{"href":"https:\/\/bs2.lt\/lt\/wp-json\/wp\/v2\/media?parent=11756"}],"wp:term":[{"taxonomy":"product_category","embeddable":true,"href":"https:\/\/bs2.lt\/lt\/wp-json\/wp\/v2\/product_category?post=11756"},{"taxonomy":"atm_series","embeddable":true,"href":"https:\/\/bs2.lt\/lt\/wp-json\/wp\/v2\/atm_series?post=11756"},{"taxonomy":"atm_cashflow","embeddable":true,"href":"https:\/\/bs2.lt\/lt\/wp-json\/wp\/v2\/atm_cashflow?post=11756"},{"taxonomy":"atm_type","embeddable":true,"href":"https:\/\/bs2.lt\/lt\/wp-json\/wp\/v2\/atm_type?post=11756"},{"taxonomy":"product-provider","embeddable":true,"href":"https:\/\/bs2.lt\/lt\/wp-json\/wp\/v2\/product-provider?post=11756"}],"curies":[{"name":"wp","href":"https:\/\/api.w.org\/{rel}","templated":true}]}}