{"id":11755,"date":"2021-02-26T13:35:41","date_gmt":"2021-02-26T15:35:41","guid":{"rendered":"https:\/\/bs2.lt\/bs2.lt\/?post_type=product&#038;p=11755"},"modified":"2022-01-31T11:59:56","modified_gmt":"2022-01-31T13:59:56","slug":"tehnologicheskoe-oborudovanie-dlya-obrabotki-pishhevyh-produktov","status":"publish","type":"product","link":"https:\/\/bs2.lt\/lt\/product\/tehnologicheskoe-oborudovanie-dlya-obrabotki-pishhevyh-produktov\/","title":{"rendered":"Technologin\u0117 maisto produkt\u0173 apdorojimo \u012franga"},"content":{"rendered":"<p>BS\/2 tiekia, diegia prekybos \u012fmon\u0117s \u201eBizerba\u201c gamybos maisto perdirbimo \u012frang\u0105, atlieka b\u016btinus integracijos darbus ir teikia jos technin\u0117s prie\u017ei\u016bros paslaugas.<\/p>\n<p>\u201eBizerba\u201c gamina \u012frang\u0105 maisto produktams pjaustyti, perdirbti, pakuoti ir \u017eenklinti: \u012fvairias pjaustykles, m\u0117smales, m\u0117sos ir kaul\u0173 pj\u016bklus, etike\u010di\u0173 klijavimo ma\u0161inas ir sistemas ir kt.<\/p>\n<p>\u0160i \u012franga i\u0161siskiria ergonomi\u0161kumu, patogumu ir auk\u0161tu na\u0161umu. Ji padeda automatizuoti daugyb\u0119 maisto perdirbimo proces\u0173, gra\u017eia bei patogia forma pasi\u016blyti klientams kokybi\u0161kus ir \u0161vie\u017eius produktus.<\/p>\n<p>\u201eBizerba\u201c \u012franga yra geri \u017einoma ir paklausi 120-yje pasaulio \u0161ali\u0173.<\/p>\n","protected":false},"featured_media":7102,"template":"","product_category":[243],"atm_series":[],"atm_cashflow":[],"atm_type":[],"product-provider":[],"class_list":["post-11755","product","type-product","status-publish","has-post-thumbnail","hentry","product_category-retail"],"acf":[],"yoast_head":"<!-- This site is optimized with the Yoast SEO plugin v26.2 - https:\/\/yoast.com\/wordpress\/plugins\/seo\/ -->\n<title>Technologin\u0117 maisto produkt\u0173 apdorojimo \u012franga | BS\/2<\/title>\n<meta name=\"robots\" content=\"index, follow, max-snippet:-1, max-image-preview:large, max-video-preview:-1\" \/>\n<link rel=\"canonical\" href=\"https:\/\/bs2.lt\/product\/food-processing-equipment\/\" \/>\n<meta property=\"og:locale\" content=\"lt_LT\" \/>\n<meta property=\"og:type\" content=\"article\" \/>\n<meta property=\"og:title\" content=\"Technologin\u0117 maisto produkt\u0173 apdorojimo \u012franga | BS\/2\" \/>\n<meta property=\"og:description\" content=\"BS\/2 tiekia, diegia prekybos \u012fmon\u0117s \u201eBizerba\u201c gamybos maisto perdirbimo \u012frang\u0105, atlieka b\u016btinus integracijos darbus ir teikia jos technin\u0117s prie\u017ei\u016bros paslaugas. \u201eBizerba\u201c gamina \u012frang\u0105 maisto produktams pjaustyti, perdirbti, pakuoti ir \u017eenklinti: \u012fvairias pjaustykles, m\u0117smales, m\u0117sos ir kaul\u0173 pj\u016bklus, etike\u010di\u0173 klijavimo ma\u0161inas ir sistemas ir kt. \u0160i \u012franga i\u0161siskiria ergonomi\u0161kumu, patogumu ir auk\u0161tu na\u0161umu. Ji padeda automatizuoti [&hellip;]\" \/>\n<meta property=\"og:url\" content=\"https:\/\/bs2.lt\/product\/food-processing-equipment\/\" \/>\n<meta property=\"og:site_name\" content=\"BS\/2\" \/>\n<meta property=\"article:publisher\" content=\"https:\/\/www.facebook.com\/bs2solutions\/\" \/>\n<meta property=\"article:modified_time\" content=\"2022-01-31T13:59:56+00:00\" \/>\n<meta property=\"og:image\" content=\"https:\/\/bs2.lt\/wp-content\/uploads\/2021\/02\/7_tehnologicheskoe-oborudovanie-dlya-obrabotki-pishhevyh-produktov.jpg\" \/>\n\t<meta property=\"og:image:width\" content=\"740\" \/>\n\t<meta property=\"og:image:height\" content=\"640\" \/>\n\t<meta property=\"og:image:type\" content=\"image\/jpeg\" \/>\n<meta name=\"twitter:card\" content=\"summary_large_image\" \/>\n<meta name=\"twitter:label1\" content=\"Est. reading time\" \/>\n\t<meta name=\"twitter:data1\" content=\"1 minut\u0117\" \/>\n<script type=\"application\/ld+json\" class=\"yoast-schema-graph\">{\"@context\":\"https:\/\/schema.org\",\"@graph\":[{\"@type\":\"WebPage\",\"@id\":\"https:\/\/bs2.lt\/product\/food-processing-equipment\/\",\"url\":\"https:\/\/bs2.lt\/product\/food-processing-equipment\/\",\"name\":\"Technologin\u0117 maisto produkt\u0173 apdorojimo \u012franga | BS\/2\",\"isPartOf\":{\"@id\":\"https:\/\/bs2.lt\/#website\"},\"primaryImageOfPage\":{\"@id\":\"https:\/\/bs2.lt\/product\/food-processing-equipment\/#primaryimage\"},\"image\":{\"@id\":\"https:\/\/bs2.lt\/product\/food-processing-equipment\/#primaryimage\"},\"thumbnailUrl\":\"https:\/\/bs2.lt\/wp-content\/uploads\/2021\/02\/7_tehnologicheskoe-oborudovanie-dlya-obrabotki-pishhevyh-produktov.jpg\",\"datePublished\":\"2021-02-26T15:35:41+00:00\",\"dateModified\":\"2022-01-31T13:59:56+00:00\",\"breadcrumb\":{\"@id\":\"https:\/\/bs2.lt\/product\/food-processing-equipment\/#breadcrumb\"},\"inLanguage\":\"lt-LT\",\"potentialAction\":[{\"@type\":\"ReadAction\",\"target\":[\"https:\/\/bs2.lt\/product\/food-processing-equipment\/\"]}]},{\"@type\":\"ImageObject\",\"inLanguage\":\"lt-LT\",\"@id\":\"https:\/\/bs2.lt\/product\/food-processing-equipment\/#primaryimage\",\"url\":\"https:\/\/bs2.lt\/wp-content\/uploads\/2021\/02\/7_tehnologicheskoe-oborudovanie-dlya-obrabotki-pishhevyh-produktov.jpg\",\"contentUrl\":\"https:\/\/bs2.lt\/wp-content\/uploads\/2021\/02\/7_tehnologicheskoe-oborudovanie-dlya-obrabotki-pishhevyh-produktov.jpg\",\"width\":740,\"height\":640},{\"@type\":\"BreadcrumbList\",\"@id\":\"https:\/\/bs2.lt\/product\/food-processing-equipment\/#breadcrumb\",\"itemListElement\":[{\"@type\":\"ListItem\",\"position\":1,\"name\":\"Home\",\"item\":\"https:\/\/bs2.lt\/lt\/\"},{\"@type\":\"ListItem\",\"position\":2,\"name\":\"Technologin\u0117 maisto produkt\u0173 apdorojimo \u012franga\"}]},{\"@type\":\"WebSite\",\"@id\":\"https:\/\/bs2.lt\/#website\",\"url\":\"https:\/\/bs2.lt\/\",\"name\":\"BS\/2\",\"description\":\"Banking and retail technology company\",\"publisher\":{\"@id\":\"https:\/\/bs2.lt\/#organization\"},\"potentialAction\":[{\"@type\":\"SearchAction\",\"target\":{\"@type\":\"EntryPoint\",\"urlTemplate\":\"https:\/\/bs2.lt\/?s={search_term_string}\"},\"query-input\":{\"@type\":\"PropertyValueSpecification\",\"valueRequired\":true,\"valueName\":\"search_term_string\"}}],\"inLanguage\":\"lt-LT\"},{\"@type\":\"Organization\",\"@id\":\"https:\/\/bs2.lt\/#organization\",\"name\":\"BS\/2\",\"url\":\"https:\/\/bs2.lt\/\",\"logo\":{\"@type\":\"ImageObject\",\"inLanguage\":\"lt-LT\",\"@id\":\"https:\/\/bs2.lt\/#\/schema\/logo\/image\/\",\"url\":\"https:\/\/bs2.lt\/wp-content\/uploads\/2022\/08\/bs2-logo.svg\",\"contentUrl\":\"https:\/\/bs2.lt\/wp-content\/uploads\/2022\/08\/bs2-logo.svg\",\"width\":100,\"height\":57,\"caption\":\"BS\/2\"},\"image\":{\"@id\":\"https:\/\/bs2.lt\/#\/schema\/logo\/image\/\"},\"sameAs\":[\"https:\/\/www.facebook.com\/bs2solutions\/\",\"https:\/\/www.linkedin.com\/showcase\/bs2solutions\",\"https:\/\/www.youtube.com\/c\/Bs2Lt\"]}]}<\/script>\n<!-- \/ Yoast SEO plugin. -->","yoast_head_json":{"title":"Technologin\u0117 maisto produkt\u0173 apdorojimo \u012franga | BS\/2","robots":{"index":"index","follow":"follow","max-snippet":"max-snippet:-1","max-image-preview":"max-image-preview:large","max-video-preview":"max-video-preview:-1"},"canonical":"https:\/\/bs2.lt\/product\/food-processing-equipment\/","og_locale":"lt_LT","og_type":"article","og_title":"Technologin\u0117 maisto produkt\u0173 apdorojimo \u012franga | BS\/2","og_description":"BS\/2 tiekia, diegia prekybos \u012fmon\u0117s \u201eBizerba\u201c gamybos maisto perdirbimo \u012frang\u0105, atlieka b\u016btinus integracijos darbus ir teikia jos technin\u0117s prie\u017ei\u016bros paslaugas. \u201eBizerba\u201c gamina \u012frang\u0105 maisto produktams pjaustyti, perdirbti, pakuoti ir \u017eenklinti: \u012fvairias pjaustykles, m\u0117smales, m\u0117sos ir kaul\u0173 pj\u016bklus, etike\u010di\u0173 klijavimo ma\u0161inas ir sistemas ir kt. \u0160i \u012franga i\u0161siskiria ergonomi\u0161kumu, patogumu ir auk\u0161tu na\u0161umu. Ji padeda automatizuoti [&hellip;]","og_url":"https:\/\/bs2.lt\/product\/food-processing-equipment\/","og_site_name":"BS\/2","article_publisher":"https:\/\/www.facebook.com\/bs2solutions\/","article_modified_time":"2022-01-31T13:59:56+00:00","og_image":[{"width":740,"height":640,"url":"https:\/\/bs2.lt\/wp-content\/uploads\/2021\/02\/7_tehnologicheskoe-oborudovanie-dlya-obrabotki-pishhevyh-produktov.jpg","type":"image\/jpeg"}],"twitter_card":"summary_large_image","twitter_misc":{"Est. reading time":"1 minut\u0117"},"schema":{"@context":"https:\/\/schema.org","@graph":[{"@type":"WebPage","@id":"https:\/\/bs2.lt\/product\/food-processing-equipment\/","url":"https:\/\/bs2.lt\/product\/food-processing-equipment\/","name":"Technologin\u0117 maisto produkt\u0173 apdorojimo \u012franga | BS\/2","isPartOf":{"@id":"https:\/\/bs2.lt\/#website"},"primaryImageOfPage":{"@id":"https:\/\/bs2.lt\/product\/food-processing-equipment\/#primaryimage"},"image":{"@id":"https:\/\/bs2.lt\/product\/food-processing-equipment\/#primaryimage"},"thumbnailUrl":"https:\/\/bs2.lt\/wp-content\/uploads\/2021\/02\/7_tehnologicheskoe-oborudovanie-dlya-obrabotki-pishhevyh-produktov.jpg","datePublished":"2021-02-26T15:35:41+00:00","dateModified":"2022-01-31T13:59:56+00:00","breadcrumb":{"@id":"https:\/\/bs2.lt\/product\/food-processing-equipment\/#breadcrumb"},"inLanguage":"lt-LT","potentialAction":[{"@type":"ReadAction","target":["https:\/\/bs2.lt\/product\/food-processing-equipment\/"]}]},{"@type":"ImageObject","inLanguage":"lt-LT","@id":"https:\/\/bs2.lt\/product\/food-processing-equipment\/#primaryimage","url":"https:\/\/bs2.lt\/wp-content\/uploads\/2021\/02\/7_tehnologicheskoe-oborudovanie-dlya-obrabotki-pishhevyh-produktov.jpg","contentUrl":"https:\/\/bs2.lt\/wp-content\/uploads\/2021\/02\/7_tehnologicheskoe-oborudovanie-dlya-obrabotki-pishhevyh-produktov.jpg","width":740,"height":640},{"@type":"BreadcrumbList","@id":"https:\/\/bs2.lt\/product\/food-processing-equipment\/#breadcrumb","itemListElement":[{"@type":"ListItem","position":1,"name":"Home","item":"https:\/\/bs2.lt\/lt\/"},{"@type":"ListItem","position":2,"name":"Technologin\u0117 maisto produkt\u0173 apdorojimo \u012franga"}]},{"@type":"WebSite","@id":"https:\/\/bs2.lt\/#website","url":"https:\/\/bs2.lt\/","name":"BS\/2","description":"Banking and retail technology company","publisher":{"@id":"https:\/\/bs2.lt\/#organization"},"potentialAction":[{"@type":"SearchAction","target":{"@type":"EntryPoint","urlTemplate":"https:\/\/bs2.lt\/?s={search_term_string}"},"query-input":{"@type":"PropertyValueSpecification","valueRequired":true,"valueName":"search_term_string"}}],"inLanguage":"lt-LT"},{"@type":"Organization","@id":"https:\/\/bs2.lt\/#organization","name":"BS\/2","url":"https:\/\/bs2.lt\/","logo":{"@type":"ImageObject","inLanguage":"lt-LT","@id":"https:\/\/bs2.lt\/#\/schema\/logo\/image\/","url":"https:\/\/bs2.lt\/wp-content\/uploads\/2022\/08\/bs2-logo.svg","contentUrl":"https:\/\/bs2.lt\/wp-content\/uploads\/2022\/08\/bs2-logo.svg","width":100,"height":57,"caption":"BS\/2"},"image":{"@id":"https:\/\/bs2.lt\/#\/schema\/logo\/image\/"},"sameAs":["https:\/\/www.facebook.com\/bs2solutions\/","https:\/\/www.linkedin.com\/showcase\/bs2solutions","https:\/\/www.youtube.com\/c\/Bs2Lt"]}]}},"_links":{"self":[{"href":"https:\/\/bs2.lt\/lt\/wp-json\/wp\/v2\/product\/11755","targetHints":{"allow":["GET"]}}],"collection":[{"href":"https:\/\/bs2.lt\/lt\/wp-json\/wp\/v2\/product"}],"about":[{"href":"https:\/\/bs2.lt\/lt\/wp-json\/wp\/v2\/types\/product"}],"wp:featuredmedia":[{"embeddable":true,"href":"https:\/\/bs2.lt\/lt\/wp-json\/wp\/v2\/media\/7102"}],"wp:attachment":[{"href":"https:\/\/bs2.lt\/lt\/wp-json\/wp\/v2\/media?parent=11755"}],"wp:term":[{"taxonomy":"product_category","embeddable":true,"href":"https:\/\/bs2.lt\/lt\/wp-json\/wp\/v2\/product_category?post=11755"},{"taxonomy":"atm_series","embeddable":true,"href":"https:\/\/bs2.lt\/lt\/wp-json\/wp\/v2\/atm_series?post=11755"},{"taxonomy":"atm_cashflow","embeddable":true,"href":"https:\/\/bs2.lt\/lt\/wp-json\/wp\/v2\/atm_cashflow?post=11755"},{"taxonomy":"atm_type","embeddable":true,"href":"https:\/\/bs2.lt\/lt\/wp-json\/wp\/v2\/atm_type?post=11755"},{"taxonomy":"product-provider","embeddable":true,"href":"https:\/\/bs2.lt\/lt\/wp-json\/wp\/v2\/product-provider?post=11755"}],"curies":[{"name":"wp","href":"https:\/\/api.w.org\/{rel}","templated":true}]}}