{"id":11750,"date":"2021-02-26T12:55:03","date_gmt":"2021-02-26T14:55:03","guid":{"rendered":"https:\/\/bs2.lt\/bs2.lt\/?post_type=product&#038;p=11750"},"modified":"2022-12-05T09:52:19","modified_gmt":"2022-12-05T07:52:19","slug":"savitarnos-kasos","status":"publish","type":"product","link":"https:\/\/bs2.lt\/lt\/product\/savitarnos-kasos\/","title":{"rendered":"Savitarnos kasos"},"content":{"rendered":"<p>Savitarnos kasos suteikia galimyb\u0119 pirk\u0117jams patiems savaranki\u0161kai apsipirkti prekybos centre: nuskanuoti preki\u0173 kodus, pasverti prekes ir u\u017e jas atsiskaityti be kasininko pagalbos.<\/p>\n<p>\u0160i \u012franga padeda pagerinti ir automatizuoti klient\u0173 aptarnavimo proces\u0105, suma\u017einti personalo s\u0105naudas, sutaupyti prekybos plot\u0105: erdv\u0117je, kuri\u0105 paprastai u\u017eima viena kasa su kasininku, galima \u012frengti 4-6 savitarnos kasas.<\/p>\n<p>Savitarnos \u012franga lengvai integruojama \u012f prekybos organizacijos infrastrukt\u016br\u0105.<\/p>\n","protected":false},"featured_media":7092,"template":"","product_category":[243],"atm_series":[],"atm_cashflow":[],"atm_type":[],"product-provider":[],"class_list":["post-11750","product","type-product","status-publish","has-post-thumbnail","hentry","product_category-retail"],"acf":[],"yoast_head":"<!-- This site is optimized with the Yoast SEO plugin v26.2 - https:\/\/yoast.com\/wordpress\/plugins\/seo\/ -->\n<title>Savitarnos kasos | BS\/2<\/title>\n<meta name=\"robots\" content=\"index, follow, max-snippet:-1, max-image-preview:large, max-video-preview:-1\" \/>\n<link rel=\"canonical\" href=\"https:\/\/bs2.lt\/lt\/product\/savitarnos-kasos\/\" \/>\n<meta property=\"og:locale\" content=\"lt_LT\" \/>\n<meta property=\"og:type\" content=\"article\" \/>\n<meta property=\"og:title\" content=\"Savitarnos kasos | BS\/2\" \/>\n<meta property=\"og:description\" content=\"Savitarnos kasos suteikia galimyb\u0119 pirk\u0117jams patiems savaranki\u0161kai apsipirkti prekybos centre: nuskanuoti preki\u0173 kodus, pasverti prekes ir u\u017e jas atsiskaityti be kasininko pagalbos. \u0160i \u012franga padeda pagerinti ir automatizuoti klient\u0173 aptarnavimo proces\u0105, suma\u017einti personalo s\u0105naudas, sutaupyti prekybos plot\u0105: erdv\u0117je, kuri\u0105 paprastai u\u017eima viena kasa su kasininku, galima \u012frengti 4-6 savitarnos kasas. Savitarnos \u012franga lengvai integruojama \u012f [&hellip;]\" \/>\n<meta property=\"og:url\" content=\"https:\/\/bs2.lt\/lt\/product\/savitarnos-kasos\/\" \/>\n<meta property=\"og:site_name\" content=\"BS\/2\" \/>\n<meta property=\"article:publisher\" content=\"https:\/\/www.facebook.com\/bs2solutions\/\" \/>\n<meta property=\"article:modified_time\" content=\"2022-12-05T07:52:19+00:00\" \/>\n<meta property=\"og:image\" content=\"https:\/\/bs2.lt\/wp-content\/uploads\/2021\/02\/4_kassy-samoobsluzhivaniya.jpg\" \/>\n\t<meta property=\"og:image:width\" content=\"740\" \/>\n\t<meta property=\"og:image:height\" content=\"640\" \/>\n\t<meta property=\"og:image:type\" content=\"image\/jpeg\" \/>\n<meta name=\"twitter:card\" content=\"summary_large_image\" \/>\n<meta name=\"twitter:label1\" content=\"Est. reading time\" \/>\n\t<meta name=\"twitter:data1\" content=\"1 minut\u0117\" \/>\n<script type=\"application\/ld+json\" class=\"yoast-schema-graph\">{\"@context\":\"https:\/\/schema.org\",\"@graph\":[{\"@type\":\"WebPage\",\"@id\":\"https:\/\/bs2.lt\/lt\/product\/savitarnos-kasos\/\",\"url\":\"https:\/\/bs2.lt\/lt\/product\/savitarnos-kasos\/\",\"name\":\"Savitarnos kasos | BS\/2\",\"isPartOf\":{\"@id\":\"https:\/\/bs2.lt\/#website\"},\"primaryImageOfPage\":{\"@id\":\"https:\/\/bs2.lt\/lt\/product\/savitarnos-kasos\/#primaryimage\"},\"image\":{\"@id\":\"https:\/\/bs2.lt\/lt\/product\/savitarnos-kasos\/#primaryimage\"},\"thumbnailUrl\":\"https:\/\/bs2.lt\/wp-content\/uploads\/2021\/02\/4_kassy-samoobsluzhivaniya.jpg\",\"datePublished\":\"2021-02-26T14:55:03+00:00\",\"dateModified\":\"2022-12-05T07:52:19+00:00\",\"breadcrumb\":{\"@id\":\"https:\/\/bs2.lt\/lt\/product\/savitarnos-kasos\/#breadcrumb\"},\"inLanguage\":\"lt-LT\",\"potentialAction\":[{\"@type\":\"ReadAction\",\"target\":[\"https:\/\/bs2.lt\/lt\/product\/savitarnos-kasos\/\"]}]},{\"@type\":\"ImageObject\",\"inLanguage\":\"lt-LT\",\"@id\":\"https:\/\/bs2.lt\/lt\/product\/savitarnos-kasos\/#primaryimage\",\"url\":\"https:\/\/bs2.lt\/wp-content\/uploads\/2021\/02\/4_kassy-samoobsluzhivaniya.jpg\",\"contentUrl\":\"https:\/\/bs2.lt\/wp-content\/uploads\/2021\/02\/4_kassy-samoobsluzhivaniya.jpg\",\"width\":740,\"height\":640},{\"@type\":\"BreadcrumbList\",\"@id\":\"https:\/\/bs2.lt\/lt\/product\/savitarnos-kasos\/#breadcrumb\",\"itemListElement\":[{\"@type\":\"ListItem\",\"position\":1,\"name\":\"Home\",\"item\":\"https:\/\/bs2.lt\/lt\/\"},{\"@type\":\"ListItem\",\"position\":2,\"name\":\"Savitarnos kasos\"}]},{\"@type\":\"WebSite\",\"@id\":\"https:\/\/bs2.lt\/#website\",\"url\":\"https:\/\/bs2.lt\/\",\"name\":\"BS\/2\",\"description\":\"Banking and retail technology company\",\"publisher\":{\"@id\":\"https:\/\/bs2.lt\/#organization\"},\"potentialAction\":[{\"@type\":\"SearchAction\",\"target\":{\"@type\":\"EntryPoint\",\"urlTemplate\":\"https:\/\/bs2.lt\/?s={search_term_string}\"},\"query-input\":{\"@type\":\"PropertyValueSpecification\",\"valueRequired\":true,\"valueName\":\"search_term_string\"}}],\"inLanguage\":\"lt-LT\"},{\"@type\":\"Organization\",\"@id\":\"https:\/\/bs2.lt\/#organization\",\"name\":\"BS\/2\",\"url\":\"https:\/\/bs2.lt\/\",\"logo\":{\"@type\":\"ImageObject\",\"inLanguage\":\"lt-LT\",\"@id\":\"https:\/\/bs2.lt\/#\/schema\/logo\/image\/\",\"url\":\"https:\/\/bs2.lt\/wp-content\/uploads\/2022\/08\/bs2-logo.svg\",\"contentUrl\":\"https:\/\/bs2.lt\/wp-content\/uploads\/2022\/08\/bs2-logo.svg\",\"width\":100,\"height\":57,\"caption\":\"BS\/2\"},\"image\":{\"@id\":\"https:\/\/bs2.lt\/#\/schema\/logo\/image\/\"},\"sameAs\":[\"https:\/\/www.facebook.com\/bs2solutions\/\",\"https:\/\/www.linkedin.com\/showcase\/bs2solutions\",\"https:\/\/www.youtube.com\/c\/Bs2Lt\"]}]}<\/script>\n<!-- \/ Yoast SEO plugin. -->","yoast_head_json":{"title":"Savitarnos kasos | BS\/2","robots":{"index":"index","follow":"follow","max-snippet":"max-snippet:-1","max-image-preview":"max-image-preview:large","max-video-preview":"max-video-preview:-1"},"canonical":"https:\/\/bs2.lt\/lt\/product\/savitarnos-kasos\/","og_locale":"lt_LT","og_type":"article","og_title":"Savitarnos kasos | BS\/2","og_description":"Savitarnos kasos suteikia galimyb\u0119 pirk\u0117jams patiems savaranki\u0161kai apsipirkti prekybos centre: nuskanuoti preki\u0173 kodus, pasverti prekes ir u\u017e jas atsiskaityti be kasininko pagalbos. \u0160i \u012franga padeda pagerinti ir automatizuoti klient\u0173 aptarnavimo proces\u0105, suma\u017einti personalo s\u0105naudas, sutaupyti prekybos plot\u0105: erdv\u0117je, kuri\u0105 paprastai u\u017eima viena kasa su kasininku, galima \u012frengti 4-6 savitarnos kasas. Savitarnos \u012franga lengvai integruojama \u012f [&hellip;]","og_url":"https:\/\/bs2.lt\/lt\/product\/savitarnos-kasos\/","og_site_name":"BS\/2","article_publisher":"https:\/\/www.facebook.com\/bs2solutions\/","article_modified_time":"2022-12-05T07:52:19+00:00","og_image":[{"width":740,"height":640,"url":"https:\/\/bs2.lt\/wp-content\/uploads\/2021\/02\/4_kassy-samoobsluzhivaniya.jpg","type":"image\/jpeg"}],"twitter_card":"summary_large_image","twitter_misc":{"Est. reading time":"1 minut\u0117"},"schema":{"@context":"https:\/\/schema.org","@graph":[{"@type":"WebPage","@id":"https:\/\/bs2.lt\/lt\/product\/savitarnos-kasos\/","url":"https:\/\/bs2.lt\/lt\/product\/savitarnos-kasos\/","name":"Savitarnos kasos | BS\/2","isPartOf":{"@id":"https:\/\/bs2.lt\/#website"},"primaryImageOfPage":{"@id":"https:\/\/bs2.lt\/lt\/product\/savitarnos-kasos\/#primaryimage"},"image":{"@id":"https:\/\/bs2.lt\/lt\/product\/savitarnos-kasos\/#primaryimage"},"thumbnailUrl":"https:\/\/bs2.lt\/wp-content\/uploads\/2021\/02\/4_kassy-samoobsluzhivaniya.jpg","datePublished":"2021-02-26T14:55:03+00:00","dateModified":"2022-12-05T07:52:19+00:00","breadcrumb":{"@id":"https:\/\/bs2.lt\/lt\/product\/savitarnos-kasos\/#breadcrumb"},"inLanguage":"lt-LT","potentialAction":[{"@type":"ReadAction","target":["https:\/\/bs2.lt\/lt\/product\/savitarnos-kasos\/"]}]},{"@type":"ImageObject","inLanguage":"lt-LT","@id":"https:\/\/bs2.lt\/lt\/product\/savitarnos-kasos\/#primaryimage","url":"https:\/\/bs2.lt\/wp-content\/uploads\/2021\/02\/4_kassy-samoobsluzhivaniya.jpg","contentUrl":"https:\/\/bs2.lt\/wp-content\/uploads\/2021\/02\/4_kassy-samoobsluzhivaniya.jpg","width":740,"height":640},{"@type":"BreadcrumbList","@id":"https:\/\/bs2.lt\/lt\/product\/savitarnos-kasos\/#breadcrumb","itemListElement":[{"@type":"ListItem","position":1,"name":"Home","item":"https:\/\/bs2.lt\/lt\/"},{"@type":"ListItem","position":2,"name":"Savitarnos kasos"}]},{"@type":"WebSite","@id":"https:\/\/bs2.lt\/#website","url":"https:\/\/bs2.lt\/","name":"BS\/2","description":"Banking and retail technology company","publisher":{"@id":"https:\/\/bs2.lt\/#organization"},"potentialAction":[{"@type":"SearchAction","target":{"@type":"EntryPoint","urlTemplate":"https:\/\/bs2.lt\/?s={search_term_string}"},"query-input":{"@type":"PropertyValueSpecification","valueRequired":true,"valueName":"search_term_string"}}],"inLanguage":"lt-LT"},{"@type":"Organization","@id":"https:\/\/bs2.lt\/#organization","name":"BS\/2","url":"https:\/\/bs2.lt\/","logo":{"@type":"ImageObject","inLanguage":"lt-LT","@id":"https:\/\/bs2.lt\/#\/schema\/logo\/image\/","url":"https:\/\/bs2.lt\/wp-content\/uploads\/2022\/08\/bs2-logo.svg","contentUrl":"https:\/\/bs2.lt\/wp-content\/uploads\/2022\/08\/bs2-logo.svg","width":100,"height":57,"caption":"BS\/2"},"image":{"@id":"https:\/\/bs2.lt\/#\/schema\/logo\/image\/"},"sameAs":["https:\/\/www.facebook.com\/bs2solutions\/","https:\/\/www.linkedin.com\/showcase\/bs2solutions","https:\/\/www.youtube.com\/c\/Bs2Lt"]}]}},"_links":{"self":[{"href":"https:\/\/bs2.lt\/lt\/wp-json\/wp\/v2\/product\/11750","targetHints":{"allow":["GET"]}}],"collection":[{"href":"https:\/\/bs2.lt\/lt\/wp-json\/wp\/v2\/product"}],"about":[{"href":"https:\/\/bs2.lt\/lt\/wp-json\/wp\/v2\/types\/product"}],"wp:featuredmedia":[{"embeddable":true,"href":"https:\/\/bs2.lt\/lt\/wp-json\/wp\/v2\/media\/7092"}],"wp:attachment":[{"href":"https:\/\/bs2.lt\/lt\/wp-json\/wp\/v2\/media?parent=11750"}],"wp:term":[{"taxonomy":"product_category","embeddable":true,"href":"https:\/\/bs2.lt\/lt\/wp-json\/wp\/v2\/product_category?post=11750"},{"taxonomy":"atm_series","embeddable":true,"href":"https:\/\/bs2.lt\/lt\/wp-json\/wp\/v2\/atm_series?post=11750"},{"taxonomy":"atm_cashflow","embeddable":true,"href":"https:\/\/bs2.lt\/lt\/wp-json\/wp\/v2\/atm_cashflow?post=11750"},{"taxonomy":"atm_type","embeddable":true,"href":"https:\/\/bs2.lt\/lt\/wp-json\/wp\/v2\/atm_type?post=11750"},{"taxonomy":"product-provider","embeddable":true,"href":"https:\/\/bs2.lt\/lt\/wp-json\/wp\/v2\/product-provider?post=11750"}],"curies":[{"name":"wp","href":"https:\/\/api.w.org\/{rel}","templated":true}]}}