{"id":11749,"date":"2021-02-26T12:09:03","date_gmt":"2021-02-26T14:09:03","guid":{"rendered":"https:\/\/bs2.lt\/bs2.lt\/?post_type=product&#038;p=11749"},"modified":"2022-12-05T10:05:54","modified_gmt":"2022-12-05T08:05:54","slug":"isoriniai-irenginiai","status":"publish","type":"product","link":"https:\/\/bs2.lt\/lt\/product\/isoriniai-irenginiai\/","title":{"rendered":"I\u0161oriniai \u012frenginiai"},"content":{"rendered":"<p>\u201eDiebold Nixdorf\u201c i\u0161oriniai \u012frenginiai sukurti b\u016btent POS sistemoms ir yra suderinami su daugumos did\u017eiausi\u0173 pasaulio gamintoj\u0173 kasos \u012frenginiais.<\/p>\n<p>\u012erengini\u0173 dizainas ergonomi\u0161kas ir modernus. Jie gali b\u016bti pla\u010diai pritaikomi, tod\u0117l lengvai integruojami \u012f ma\u017emenin\u0117s prekybos kas\u0173 sistemas.<\/p>\n","protected":false},"featured_media":7089,"template":"","product_category":[243],"atm_series":[],"atm_cashflow":[],"atm_type":[],"product-provider":[],"class_list":["post-11749","product","type-product","status-publish","has-post-thumbnail","hentry","product_category-retail"],"acf":[],"yoast_head":"<!-- This site is optimized with the Yoast SEO plugin v26.2 - https:\/\/yoast.com\/wordpress\/plugins\/seo\/ -->\n<title>I\u0161oriniai \u012frenginiai | BS\/2<\/title>\n<meta name=\"robots\" content=\"index, follow, max-snippet:-1, max-image-preview:large, max-video-preview:-1\" \/>\n<link rel=\"canonical\" href=\"https:\/\/bs2.lt\/product\/peripheral-devices\/\" \/>\n<meta property=\"og:locale\" content=\"lt_LT\" \/>\n<meta property=\"og:type\" content=\"article\" \/>\n<meta property=\"og:title\" content=\"I\u0161oriniai \u012frenginiai | BS\/2\" \/>\n<meta property=\"og:description\" content=\"\u201eDiebold Nixdorf\u201c i\u0161oriniai \u012frenginiai sukurti b\u016btent POS sistemoms ir yra suderinami su daugumos did\u017eiausi\u0173 pasaulio gamintoj\u0173 kasos \u012frenginiais. \u012erengini\u0173 dizainas ergonomi\u0161kas ir modernus. Jie gali b\u016bti pla\u010diai pritaikomi, tod\u0117l lengvai integruojami \u012f ma\u017emenin\u0117s prekybos kas\u0173 sistemas.\" \/>\n<meta property=\"og:url\" content=\"https:\/\/bs2.lt\/product\/peripheral-devices\/\" \/>\n<meta property=\"og:site_name\" content=\"BS\/2\" \/>\n<meta property=\"article:publisher\" content=\"https:\/\/www.facebook.com\/bs2solutions\/\" \/>\n<meta property=\"article:modified_time\" content=\"2022-12-05T08:05:54+00:00\" \/>\n<meta property=\"og:image\" content=\"https:\/\/bs2.lt\/wp-content\/uploads\/2021\/02\/3_periferijnye-ustrojstva.jpg\" \/>\n\t<meta property=\"og:image:width\" content=\"740\" \/>\n\t<meta property=\"og:image:height\" content=\"640\" \/>\n\t<meta property=\"og:image:type\" content=\"image\/jpeg\" \/>\n<meta name=\"twitter:card\" content=\"summary_large_image\" \/>\n<meta name=\"twitter:label1\" content=\"Est. reading time\" \/>\n\t<meta name=\"twitter:data1\" content=\"1 minut\u0117\" \/>\n<script type=\"application\/ld+json\" class=\"yoast-schema-graph\">{\"@context\":\"https:\/\/schema.org\",\"@graph\":[{\"@type\":\"WebPage\",\"@id\":\"https:\/\/bs2.lt\/product\/peripheral-devices\/\",\"url\":\"https:\/\/bs2.lt\/product\/peripheral-devices\/\",\"name\":\"I\u0161oriniai \u012frenginiai | BS\/2\",\"isPartOf\":{\"@id\":\"https:\/\/bs2.lt\/#website\"},\"primaryImageOfPage\":{\"@id\":\"https:\/\/bs2.lt\/product\/peripheral-devices\/#primaryimage\"},\"image\":{\"@id\":\"https:\/\/bs2.lt\/product\/peripheral-devices\/#primaryimage\"},\"thumbnailUrl\":\"https:\/\/bs2.lt\/wp-content\/uploads\/2021\/02\/3_periferijnye-ustrojstva.jpg\",\"datePublished\":\"2021-02-26T14:09:03+00:00\",\"dateModified\":\"2022-12-05T08:05:54+00:00\",\"breadcrumb\":{\"@id\":\"https:\/\/bs2.lt\/product\/peripheral-devices\/#breadcrumb\"},\"inLanguage\":\"lt-LT\",\"potentialAction\":[{\"@type\":\"ReadAction\",\"target\":[\"https:\/\/bs2.lt\/product\/peripheral-devices\/\"]}]},{\"@type\":\"ImageObject\",\"inLanguage\":\"lt-LT\",\"@id\":\"https:\/\/bs2.lt\/product\/peripheral-devices\/#primaryimage\",\"url\":\"https:\/\/bs2.lt\/wp-content\/uploads\/2021\/02\/3_periferijnye-ustrojstva.jpg\",\"contentUrl\":\"https:\/\/bs2.lt\/wp-content\/uploads\/2021\/02\/3_periferijnye-ustrojstva.jpg\",\"width\":740,\"height\":640},{\"@type\":\"BreadcrumbList\",\"@id\":\"https:\/\/bs2.lt\/product\/peripheral-devices\/#breadcrumb\",\"itemListElement\":[{\"@type\":\"ListItem\",\"position\":1,\"name\":\"Home\",\"item\":\"https:\/\/bs2.lt\/lt\/\"},{\"@type\":\"ListItem\",\"position\":2,\"name\":\"I\u0161oriniai \u012frenginiai\"}]},{\"@type\":\"WebSite\",\"@id\":\"https:\/\/bs2.lt\/#website\",\"url\":\"https:\/\/bs2.lt\/\",\"name\":\"BS\/2\",\"description\":\"Banking and retail technology company\",\"publisher\":{\"@id\":\"https:\/\/bs2.lt\/#organization\"},\"potentialAction\":[{\"@type\":\"SearchAction\",\"target\":{\"@type\":\"EntryPoint\",\"urlTemplate\":\"https:\/\/bs2.lt\/?s={search_term_string}\"},\"query-input\":{\"@type\":\"PropertyValueSpecification\",\"valueRequired\":true,\"valueName\":\"search_term_string\"}}],\"inLanguage\":\"lt-LT\"},{\"@type\":\"Organization\",\"@id\":\"https:\/\/bs2.lt\/#organization\",\"name\":\"BS\/2\",\"url\":\"https:\/\/bs2.lt\/\",\"logo\":{\"@type\":\"ImageObject\",\"inLanguage\":\"lt-LT\",\"@id\":\"https:\/\/bs2.lt\/#\/schema\/logo\/image\/\",\"url\":\"https:\/\/bs2.lt\/wp-content\/uploads\/2022\/08\/bs2-logo.svg\",\"contentUrl\":\"https:\/\/bs2.lt\/wp-content\/uploads\/2022\/08\/bs2-logo.svg\",\"width\":100,\"height\":57,\"caption\":\"BS\/2\"},\"image\":{\"@id\":\"https:\/\/bs2.lt\/#\/schema\/logo\/image\/\"},\"sameAs\":[\"https:\/\/www.facebook.com\/bs2solutions\/\",\"https:\/\/www.linkedin.com\/showcase\/bs2solutions\",\"https:\/\/www.youtube.com\/c\/Bs2Lt\"]}]}<\/script>\n<!-- \/ Yoast SEO plugin. -->","yoast_head_json":{"title":"I\u0161oriniai \u012frenginiai | BS\/2","robots":{"index":"index","follow":"follow","max-snippet":"max-snippet:-1","max-image-preview":"max-image-preview:large","max-video-preview":"max-video-preview:-1"},"canonical":"https:\/\/bs2.lt\/product\/peripheral-devices\/","og_locale":"lt_LT","og_type":"article","og_title":"I\u0161oriniai \u012frenginiai | BS\/2","og_description":"\u201eDiebold Nixdorf\u201c i\u0161oriniai \u012frenginiai sukurti b\u016btent POS sistemoms ir yra suderinami su daugumos did\u017eiausi\u0173 pasaulio gamintoj\u0173 kasos \u012frenginiais. \u012erengini\u0173 dizainas ergonomi\u0161kas ir modernus. Jie gali b\u016bti pla\u010diai pritaikomi, tod\u0117l lengvai integruojami \u012f ma\u017emenin\u0117s prekybos kas\u0173 sistemas.","og_url":"https:\/\/bs2.lt\/product\/peripheral-devices\/","og_site_name":"BS\/2","article_publisher":"https:\/\/www.facebook.com\/bs2solutions\/","article_modified_time":"2022-12-05T08:05:54+00:00","og_image":[{"width":740,"height":640,"url":"https:\/\/bs2.lt\/wp-content\/uploads\/2021\/02\/3_periferijnye-ustrojstva.jpg","type":"image\/jpeg"}],"twitter_card":"summary_large_image","twitter_misc":{"Est. reading time":"1 minut\u0117"},"schema":{"@context":"https:\/\/schema.org","@graph":[{"@type":"WebPage","@id":"https:\/\/bs2.lt\/product\/peripheral-devices\/","url":"https:\/\/bs2.lt\/product\/peripheral-devices\/","name":"I\u0161oriniai \u012frenginiai | BS\/2","isPartOf":{"@id":"https:\/\/bs2.lt\/#website"},"primaryImageOfPage":{"@id":"https:\/\/bs2.lt\/product\/peripheral-devices\/#primaryimage"},"image":{"@id":"https:\/\/bs2.lt\/product\/peripheral-devices\/#primaryimage"},"thumbnailUrl":"https:\/\/bs2.lt\/wp-content\/uploads\/2021\/02\/3_periferijnye-ustrojstva.jpg","datePublished":"2021-02-26T14:09:03+00:00","dateModified":"2022-12-05T08:05:54+00:00","breadcrumb":{"@id":"https:\/\/bs2.lt\/product\/peripheral-devices\/#breadcrumb"},"inLanguage":"lt-LT","potentialAction":[{"@type":"ReadAction","target":["https:\/\/bs2.lt\/product\/peripheral-devices\/"]}]},{"@type":"ImageObject","inLanguage":"lt-LT","@id":"https:\/\/bs2.lt\/product\/peripheral-devices\/#primaryimage","url":"https:\/\/bs2.lt\/wp-content\/uploads\/2021\/02\/3_periferijnye-ustrojstva.jpg","contentUrl":"https:\/\/bs2.lt\/wp-content\/uploads\/2021\/02\/3_periferijnye-ustrojstva.jpg","width":740,"height":640},{"@type":"BreadcrumbList","@id":"https:\/\/bs2.lt\/product\/peripheral-devices\/#breadcrumb","itemListElement":[{"@type":"ListItem","position":1,"name":"Home","item":"https:\/\/bs2.lt\/lt\/"},{"@type":"ListItem","position":2,"name":"I\u0161oriniai \u012frenginiai"}]},{"@type":"WebSite","@id":"https:\/\/bs2.lt\/#website","url":"https:\/\/bs2.lt\/","name":"BS\/2","description":"Banking and retail technology company","publisher":{"@id":"https:\/\/bs2.lt\/#organization"},"potentialAction":[{"@type":"SearchAction","target":{"@type":"EntryPoint","urlTemplate":"https:\/\/bs2.lt\/?s={search_term_string}"},"query-input":{"@type":"PropertyValueSpecification","valueRequired":true,"valueName":"search_term_string"}}],"inLanguage":"lt-LT"},{"@type":"Organization","@id":"https:\/\/bs2.lt\/#organization","name":"BS\/2","url":"https:\/\/bs2.lt\/","logo":{"@type":"ImageObject","inLanguage":"lt-LT","@id":"https:\/\/bs2.lt\/#\/schema\/logo\/image\/","url":"https:\/\/bs2.lt\/wp-content\/uploads\/2022\/08\/bs2-logo.svg","contentUrl":"https:\/\/bs2.lt\/wp-content\/uploads\/2022\/08\/bs2-logo.svg","width":100,"height":57,"caption":"BS\/2"},"image":{"@id":"https:\/\/bs2.lt\/#\/schema\/logo\/image\/"},"sameAs":["https:\/\/www.facebook.com\/bs2solutions\/","https:\/\/www.linkedin.com\/showcase\/bs2solutions","https:\/\/www.youtube.com\/c\/Bs2Lt"]}]}},"_links":{"self":[{"href":"https:\/\/bs2.lt\/lt\/wp-json\/wp\/v2\/product\/11749","targetHints":{"allow":["GET"]}}],"collection":[{"href":"https:\/\/bs2.lt\/lt\/wp-json\/wp\/v2\/product"}],"about":[{"href":"https:\/\/bs2.lt\/lt\/wp-json\/wp\/v2\/types\/product"}],"wp:featuredmedia":[{"embeddable":true,"href":"https:\/\/bs2.lt\/lt\/wp-json\/wp\/v2\/media\/7089"}],"wp:attachment":[{"href":"https:\/\/bs2.lt\/lt\/wp-json\/wp\/v2\/media?parent=11749"}],"wp:term":[{"taxonomy":"product_category","embeddable":true,"href":"https:\/\/bs2.lt\/lt\/wp-json\/wp\/v2\/product_category?post=11749"},{"taxonomy":"atm_series","embeddable":true,"href":"https:\/\/bs2.lt\/lt\/wp-json\/wp\/v2\/atm_series?post=11749"},{"taxonomy":"atm_cashflow","embeddable":true,"href":"https:\/\/bs2.lt\/lt\/wp-json\/wp\/v2\/atm_cashflow?post=11749"},{"taxonomy":"atm_type","embeddable":true,"href":"https:\/\/bs2.lt\/lt\/wp-json\/wp\/v2\/atm_type?post=11749"},{"taxonomy":"product-provider","embeddable":true,"href":"https:\/\/bs2.lt\/lt\/wp-json\/wp\/v2\/product-provider?post=11749"}],"curies":[{"name":"wp","href":"https:\/\/api.w.org\/{rel}","templated":true}]}}