{"id":11705,"date":"2021-01-14T12:39:04","date_gmt":"2021-01-14T14:39:04","guid":{"rendered":"https:\/\/bs2.lt\/bs2.lt\/?post_type=product&#038;p=11705"},"modified":"2022-01-25T06:36:16","modified_gmt":"2022-01-25T08:36:16","slug":"service-desk-iq","status":"publish","type":"product","link":"https:\/\/bs2.lt\/lt\/product\/service-desk-iq\/","title":{"rendered":"Service Desk.iQ"},"content":{"rendered":"<p>\u201eService Desk.iQ\u201c \u2013 tai sistema, skirta automatizuoti \u012fvairi\u0173 tip\u0173 specializuotos \u012frangos technin\u0117s prie\u017ei\u016bros procesus.<br \/>\n\u0160is programinis sprendimas padeda efektyviai administruoti klient\u0173 u\u017eklausas, j\u0173 paskirstym\u0105, tinkam\u0105 ir savalaik\u012f \u012fgyvendinim\u0105, laikantis sutartyse nustatyt\u0173 \u012fsipareigojim\u0173 (SLA).<\/p>\n<p>\u201eService Desk.iQ\u201c taip pat padeda valdyti materialinius ir techninius resursus, naudojamus brangios technin\u0117s \u012frangos techninei prie\u017ei\u016brai u\u017etikrinti.<\/p>\n<p>Sistema suteikia galimyb\u0119 rinkti ir kaupti duomenis bei atlikti kompleksin\u0119 verslo analiz\u0119, vertinant kiekvieno technin\u0117s prie\u017ei\u016bros in\u017einieriaus darbo efektyvum\u0105 ir skyri\u0173 tikslus, \u012frangos ir papildom\u0173 dali\u0173 atsargas sand\u0117lyje, paslaugos teikimo savikain\u0105.<\/p>\n<p>Naudojantis \u201eService Desk.iQ\u201c, patogu valdyti vis\u0105 technin\u0117s prie\u017ei\u016bros paslaug\u0173 teikimo proces\u0105, pradedant klient\u0173 u\u017esakymu ir baigiant s\u0105skaitos fakt\u016bros u\u017e atlikt\u0105 darb\u0105 pateikimu.<\/p>\n<p>Sistema atitinka ITIL V3 rekomendacijas ir tarptautin\u012f \u012frangos naudojimo bei prie\u017ei\u016bros standart\u0105 ISO 20000.<\/p>\n","protected":false},"featured_media":7706,"template":"","product_category":[208],"atm_series":[],"atm_cashflow":[],"atm_type":[],"product-provider":[],"class_list":["post-11705","product","type-product","status-publish","has-post-thumbnail","hentry","product_category-software"],"acf":[],"yoast_head":"<!-- This site is optimized with the Yoast SEO plugin v26.2 - https:\/\/yoast.com\/wordpress\/plugins\/seo\/ -->\n<title>Service Desk.iQ | BS\/2<\/title>\n<meta name=\"robots\" content=\"index, follow, max-snippet:-1, max-image-preview:large, max-video-preview:-1\" \/>\n<link rel=\"canonical\" href=\"https:\/\/bs2.lt\/lt\/product\/service-desk-iq\/\" \/>\n<meta property=\"og:locale\" content=\"lt_LT\" \/>\n<meta property=\"og:type\" content=\"article\" \/>\n<meta property=\"og:title\" content=\"Service Desk.iQ | BS\/2\" \/>\n<meta property=\"og:description\" content=\"\u201eService Desk.iQ\u201c \u2013 tai sistema, skirta automatizuoti \u012fvairi\u0173 tip\u0173 specializuotos \u012frangos technin\u0117s prie\u017ei\u016bros procesus. \u0160is programinis sprendimas padeda efektyviai administruoti klient\u0173 u\u017eklausas, j\u0173 paskirstym\u0105, tinkam\u0105 ir savalaik\u012f \u012fgyvendinim\u0105, laikantis sutartyse nustatyt\u0173 \u012fsipareigojim\u0173 (SLA). \u201eService Desk.iQ\u201c taip pat padeda valdyti materialinius ir techninius resursus, naudojamus brangios technin\u0117s \u012frangos techninei prie\u017ei\u016brai u\u017etikrinti. Sistema suteikia galimyb\u0119 rinkti ir [&hellip;]\" \/>\n<meta property=\"og:url\" content=\"https:\/\/bs2.lt\/lt\/product\/service-desk-iq\/\" \/>\n<meta property=\"og:site_name\" content=\"BS\/2\" \/>\n<meta property=\"article:publisher\" content=\"https:\/\/www.facebook.com\/bs2solutions\/\" \/>\n<meta property=\"article:modified_time\" content=\"2022-01-25T08:36:16+00:00\" \/>\n<meta property=\"og:image\" content=\"https:\/\/bs2.lt\/wp-content\/uploads\/2021\/01\/service-desk-screen.jpg\" \/>\n\t<meta property=\"og:image:width\" content=\"1600\" \/>\n\t<meta property=\"og:image:height\" content=\"1388\" \/>\n\t<meta property=\"og:image:type\" content=\"image\/jpeg\" \/>\n<meta name=\"twitter:card\" content=\"summary_large_image\" \/>\n<meta name=\"twitter:label1\" content=\"Est. reading time\" \/>\n\t<meta name=\"twitter:data1\" content=\"1 minut\u0117\" \/>\n<script type=\"application\/ld+json\" class=\"yoast-schema-graph\">{\"@context\":\"https:\/\/schema.org\",\"@graph\":[{\"@type\":\"WebPage\",\"@id\":\"https:\/\/bs2.lt\/lt\/product\/service-desk-iq\/\",\"url\":\"https:\/\/bs2.lt\/lt\/product\/service-desk-iq\/\",\"name\":\"Service Desk.iQ | BS\/2\",\"isPartOf\":{\"@id\":\"https:\/\/bs2.lt\/#website\"},\"primaryImageOfPage\":{\"@id\":\"https:\/\/bs2.lt\/lt\/product\/service-desk-iq\/#primaryimage\"},\"image\":{\"@id\":\"https:\/\/bs2.lt\/lt\/product\/service-desk-iq\/#primaryimage\"},\"thumbnailUrl\":\"https:\/\/bs2.lt\/wp-content\/uploads\/2021\/01\/service-desk-screen.jpg\",\"datePublished\":\"2021-01-14T14:39:04+00:00\",\"dateModified\":\"2022-01-25T08:36:16+00:00\",\"breadcrumb\":{\"@id\":\"https:\/\/bs2.lt\/lt\/product\/service-desk-iq\/#breadcrumb\"},\"inLanguage\":\"lt-LT\",\"potentialAction\":[{\"@type\":\"ReadAction\",\"target\":[\"https:\/\/bs2.lt\/lt\/product\/service-desk-iq\/\"]}]},{\"@type\":\"ImageObject\",\"inLanguage\":\"lt-LT\",\"@id\":\"https:\/\/bs2.lt\/lt\/product\/service-desk-iq\/#primaryimage\",\"url\":\"https:\/\/bs2.lt\/wp-content\/uploads\/2021\/01\/service-desk-screen.jpg\",\"contentUrl\":\"https:\/\/bs2.lt\/wp-content\/uploads\/2021\/01\/service-desk-screen.jpg\",\"width\":1600,\"height\":1388},{\"@type\":\"BreadcrumbList\",\"@id\":\"https:\/\/bs2.lt\/lt\/product\/service-desk-iq\/#breadcrumb\",\"itemListElement\":[{\"@type\":\"ListItem\",\"position\":1,\"name\":\"Home\",\"item\":\"https:\/\/bs2.lt\/lt\/\"},{\"@type\":\"ListItem\",\"position\":2,\"name\":\"Service Desk.iQ\"}]},{\"@type\":\"WebSite\",\"@id\":\"https:\/\/bs2.lt\/#website\",\"url\":\"https:\/\/bs2.lt\/\",\"name\":\"BS\/2\",\"description\":\"Banking and retail technology company\",\"publisher\":{\"@id\":\"https:\/\/bs2.lt\/#organization\"},\"potentialAction\":[{\"@type\":\"SearchAction\",\"target\":{\"@type\":\"EntryPoint\",\"urlTemplate\":\"https:\/\/bs2.lt\/?s={search_term_string}\"},\"query-input\":{\"@type\":\"PropertyValueSpecification\",\"valueRequired\":true,\"valueName\":\"search_term_string\"}}],\"inLanguage\":\"lt-LT\"},{\"@type\":\"Organization\",\"@id\":\"https:\/\/bs2.lt\/#organization\",\"name\":\"BS\/2\",\"url\":\"https:\/\/bs2.lt\/\",\"logo\":{\"@type\":\"ImageObject\",\"inLanguage\":\"lt-LT\",\"@id\":\"https:\/\/bs2.lt\/#\/schema\/logo\/image\/\",\"url\":\"https:\/\/bs2.lt\/wp-content\/uploads\/2022\/08\/bs2-logo.svg\",\"contentUrl\":\"https:\/\/bs2.lt\/wp-content\/uploads\/2022\/08\/bs2-logo.svg\",\"width\":100,\"height\":57,\"caption\":\"BS\/2\"},\"image\":{\"@id\":\"https:\/\/bs2.lt\/#\/schema\/logo\/image\/\"},\"sameAs\":[\"https:\/\/www.facebook.com\/bs2solutions\/\",\"https:\/\/www.linkedin.com\/showcase\/bs2solutions\",\"https:\/\/www.youtube.com\/c\/Bs2Lt\"]}]}<\/script>\n<!-- \/ Yoast SEO plugin. -->","yoast_head_json":{"title":"Service Desk.iQ | BS\/2","robots":{"index":"index","follow":"follow","max-snippet":"max-snippet:-1","max-image-preview":"max-image-preview:large","max-video-preview":"max-video-preview:-1"},"canonical":"https:\/\/bs2.lt\/lt\/product\/service-desk-iq\/","og_locale":"lt_LT","og_type":"article","og_title":"Service Desk.iQ | BS\/2","og_description":"\u201eService Desk.iQ\u201c \u2013 tai sistema, skirta automatizuoti \u012fvairi\u0173 tip\u0173 specializuotos \u012frangos technin\u0117s prie\u017ei\u016bros procesus. \u0160is programinis sprendimas padeda efektyviai administruoti klient\u0173 u\u017eklausas, j\u0173 paskirstym\u0105, tinkam\u0105 ir savalaik\u012f \u012fgyvendinim\u0105, laikantis sutartyse nustatyt\u0173 \u012fsipareigojim\u0173 (SLA). \u201eService Desk.iQ\u201c taip pat padeda valdyti materialinius ir techninius resursus, naudojamus brangios technin\u0117s \u012frangos techninei prie\u017ei\u016brai u\u017etikrinti. Sistema suteikia galimyb\u0119 rinkti ir [&hellip;]","og_url":"https:\/\/bs2.lt\/lt\/product\/service-desk-iq\/","og_site_name":"BS\/2","article_publisher":"https:\/\/www.facebook.com\/bs2solutions\/","article_modified_time":"2022-01-25T08:36:16+00:00","og_image":[{"width":1600,"height":1388,"url":"https:\/\/bs2.lt\/wp-content\/uploads\/2021\/01\/service-desk-screen.jpg","type":"image\/jpeg"}],"twitter_card":"summary_large_image","twitter_misc":{"Est. reading time":"1 minut\u0117"},"schema":{"@context":"https:\/\/schema.org","@graph":[{"@type":"WebPage","@id":"https:\/\/bs2.lt\/lt\/product\/service-desk-iq\/","url":"https:\/\/bs2.lt\/lt\/product\/service-desk-iq\/","name":"Service Desk.iQ | BS\/2","isPartOf":{"@id":"https:\/\/bs2.lt\/#website"},"primaryImageOfPage":{"@id":"https:\/\/bs2.lt\/lt\/product\/service-desk-iq\/#primaryimage"},"image":{"@id":"https:\/\/bs2.lt\/lt\/product\/service-desk-iq\/#primaryimage"},"thumbnailUrl":"https:\/\/bs2.lt\/wp-content\/uploads\/2021\/01\/service-desk-screen.jpg","datePublished":"2021-01-14T14:39:04+00:00","dateModified":"2022-01-25T08:36:16+00:00","breadcrumb":{"@id":"https:\/\/bs2.lt\/lt\/product\/service-desk-iq\/#breadcrumb"},"inLanguage":"lt-LT","potentialAction":[{"@type":"ReadAction","target":["https:\/\/bs2.lt\/lt\/product\/service-desk-iq\/"]}]},{"@type":"ImageObject","inLanguage":"lt-LT","@id":"https:\/\/bs2.lt\/lt\/product\/service-desk-iq\/#primaryimage","url":"https:\/\/bs2.lt\/wp-content\/uploads\/2021\/01\/service-desk-screen.jpg","contentUrl":"https:\/\/bs2.lt\/wp-content\/uploads\/2021\/01\/service-desk-screen.jpg","width":1600,"height":1388},{"@type":"BreadcrumbList","@id":"https:\/\/bs2.lt\/lt\/product\/service-desk-iq\/#breadcrumb","itemListElement":[{"@type":"ListItem","position":1,"name":"Home","item":"https:\/\/bs2.lt\/lt\/"},{"@type":"ListItem","position":2,"name":"Service Desk.iQ"}]},{"@type":"WebSite","@id":"https:\/\/bs2.lt\/#website","url":"https:\/\/bs2.lt\/","name":"BS\/2","description":"Banking and retail technology company","publisher":{"@id":"https:\/\/bs2.lt\/#organization"},"potentialAction":[{"@type":"SearchAction","target":{"@type":"EntryPoint","urlTemplate":"https:\/\/bs2.lt\/?s={search_term_string}"},"query-input":{"@type":"PropertyValueSpecification","valueRequired":true,"valueName":"search_term_string"}}],"inLanguage":"lt-LT"},{"@type":"Organization","@id":"https:\/\/bs2.lt\/#organization","name":"BS\/2","url":"https:\/\/bs2.lt\/","logo":{"@type":"ImageObject","inLanguage":"lt-LT","@id":"https:\/\/bs2.lt\/#\/schema\/logo\/image\/","url":"https:\/\/bs2.lt\/wp-content\/uploads\/2022\/08\/bs2-logo.svg","contentUrl":"https:\/\/bs2.lt\/wp-content\/uploads\/2022\/08\/bs2-logo.svg","width":100,"height":57,"caption":"BS\/2"},"image":{"@id":"https:\/\/bs2.lt\/#\/schema\/logo\/image\/"},"sameAs":["https:\/\/www.facebook.com\/bs2solutions\/","https:\/\/www.linkedin.com\/showcase\/bs2solutions","https:\/\/www.youtube.com\/c\/Bs2Lt"]}]}},"_links":{"self":[{"href":"https:\/\/bs2.lt\/lt\/wp-json\/wp\/v2\/product\/11705","targetHints":{"allow":["GET"]}}],"collection":[{"href":"https:\/\/bs2.lt\/lt\/wp-json\/wp\/v2\/product"}],"about":[{"href":"https:\/\/bs2.lt\/lt\/wp-json\/wp\/v2\/types\/product"}],"wp:featuredmedia":[{"embeddable":true,"href":"https:\/\/bs2.lt\/lt\/wp-json\/wp\/v2\/media\/7706"}],"wp:attachment":[{"href":"https:\/\/bs2.lt\/lt\/wp-json\/wp\/v2\/media?parent=11705"}],"wp:term":[{"taxonomy":"product_category","embeddable":true,"href":"https:\/\/bs2.lt\/lt\/wp-json\/wp\/v2\/product_category?post=11705"},{"taxonomy":"atm_series","embeddable":true,"href":"https:\/\/bs2.lt\/lt\/wp-json\/wp\/v2\/atm_series?post=11705"},{"taxonomy":"atm_cashflow","embeddable":true,"href":"https:\/\/bs2.lt\/lt\/wp-json\/wp\/v2\/atm_cashflow?post=11705"},{"taxonomy":"atm_type","embeddable":true,"href":"https:\/\/bs2.lt\/lt\/wp-json\/wp\/v2\/atm_type?post=11705"},{"taxonomy":"product-provider","embeddable":true,"href":"https:\/\/bs2.lt\/lt\/wp-json\/wp\/v2\/product-provider?post=11705"}],"curies":[{"name":"wp","href":"https:\/\/api.w.org\/{rel}","templated":true}]}}