{"id":11475,"date":"2021-12-14T11:58:34","date_gmt":"2021-12-14T13:58:34","guid":{"rendered":"https:\/\/bs2.lt\/bs2.lt\/?post_type=product&#038;p=11475"},"modified":"2022-08-30T15:42:04","modified_gmt":"2022-08-30T12:42:04","slug":"payments-iq","status":"publish","type":"product","link":"https:\/\/bs2.lt\/lt\/product\/payments-iq\/","title":{"rendered":"Payments.iQ"},"content":{"rendered":"<p style=\"text-align: justify;\">\u201ePayments.iQ\u201c \u2013 tai programinis sprendimas, skirtas gaunamiems mok\u0117jimams (atsiskaitymams u\u017e komunalines paslaugas, mokes\u010diams, baudoms) tvarkyti, vis\u0173 r\u016b\u0161i\u0173 elektronin\u0117ms paslaugoms (pvz., biliet\u0173, papildymo kod\u0173, \u010deki\u0173, komunalin\u0117ms ir pan.) parduoti, ma\u017emenin\u0117s prekybos bankininkystei automatizuoti, informacijos ir mok\u0117jimo terminal\u0173 bei bankomat\u0173 tinklui valdyti. \u012ediegus \u201ePayments.iQ\u201c \u012f savitarnos \u012frengin\u012f, \u0161is tampa bankini\u0173 paslaug\u0173 teikimo centru.<\/p>\n<p style=\"text-align: justify;\">Sprendimas integruojamas \u012f esam\u0105 bank\u0173, prekybos organizacij\u0173 ir kit\u0173 \u012fmoni\u0173 tinklo terminal\u0173 \u012frang\u0105, nepa\u017eeisdamas ankstesn\u0117s infrastrukt\u016bros. Naudojant \u201ePayments.iQ\u201c galima surinkti atsiskaitymus \u012fvairiuose bankin\u0117s savitarnos \u012frenginiuose (bankomatuose, mok\u0117jimo kioskuose ir kt.). Sistema taip pat suteikia galimyb\u0119 realiuoju laiku steb\u0117ti atliekamas operacijas ir jas valdyti.<\/p>\n","protected":false},"featured_media":7691,"template":"","product_category":[208],"atm_series":[],"atm_cashflow":[],"atm_type":[],"product-provider":[],"class_list":["post-11475","product","type-product","status-publish","has-post-thumbnail","hentry","product_category-software"],"acf":[],"yoast_head":"<!-- This site is optimized with the Yoast SEO plugin v26.2 - https:\/\/yoast.com\/wordpress\/plugins\/seo\/ -->\n<title>Payments.iQ | BS\/2<\/title>\n<meta name=\"robots\" content=\"index, follow, max-snippet:-1, max-image-preview:large, max-video-preview:-1\" \/>\n<link rel=\"canonical\" href=\"https:\/\/bs2.lt\/lt\/product\/payments-iq\/\" \/>\n<meta property=\"og:locale\" content=\"lt_LT\" \/>\n<meta property=\"og:type\" content=\"article\" \/>\n<meta property=\"og:title\" content=\"Payments.iQ | BS\/2\" \/>\n<meta property=\"og:description\" content=\"\u201ePayments.iQ\u201c \u2013 tai programinis sprendimas, skirtas gaunamiems mok\u0117jimams (atsiskaitymams u\u017e komunalines paslaugas, mokes\u010diams, baudoms) tvarkyti, vis\u0173 r\u016b\u0161i\u0173 elektronin\u0117ms paslaugoms (pvz., biliet\u0173, papildymo kod\u0173, \u010deki\u0173, komunalin\u0117ms ir pan.) parduoti, ma\u017emenin\u0117s prekybos bankininkystei automatizuoti, informacijos ir mok\u0117jimo terminal\u0173 bei bankomat\u0173 tinklui valdyti. \u012ediegus \u201ePayments.iQ\u201c \u012f savitarnos \u012frengin\u012f, \u0161is tampa bankini\u0173 paslaug\u0173 teikimo centru. Sprendimas integruojamas \u012f esam\u0105 [&hellip;]\" \/>\n<meta property=\"og:url\" content=\"https:\/\/bs2.lt\/lt\/product\/payments-iq\/\" \/>\n<meta property=\"og:site_name\" content=\"BS\/2\" \/>\n<meta property=\"article:publisher\" content=\"https:\/\/www.facebook.com\/bs2solutions\/\" \/>\n<meta property=\"article:modified_time\" content=\"2022-08-30T12:42:04+00:00\" \/>\n<meta property=\"og:image\" content=\"https:\/\/bs2.lt\/wp-content\/uploads\/2021\/01\/payments-screen.jpg\" \/>\n\t<meta property=\"og:image:width\" content=\"1600\" \/>\n\t<meta property=\"og:image:height\" content=\"1388\" \/>\n\t<meta property=\"og:image:type\" content=\"image\/jpeg\" \/>\n<meta name=\"twitter:card\" content=\"summary_large_image\" \/>\n<meta name=\"twitter:label1\" content=\"Est. reading time\" \/>\n\t<meta name=\"twitter:data1\" content=\"1 minut\u0117\" \/>\n<script type=\"application\/ld+json\" class=\"yoast-schema-graph\">{\"@context\":\"https:\/\/schema.org\",\"@graph\":[{\"@type\":\"WebPage\",\"@id\":\"https:\/\/bs2.lt\/lt\/product\/payments-iq\/\",\"url\":\"https:\/\/bs2.lt\/lt\/product\/payments-iq\/\",\"name\":\"Payments.iQ | BS\/2\",\"isPartOf\":{\"@id\":\"https:\/\/bs2.lt\/#website\"},\"primaryImageOfPage\":{\"@id\":\"https:\/\/bs2.lt\/lt\/product\/payments-iq\/#primaryimage\"},\"image\":{\"@id\":\"https:\/\/bs2.lt\/lt\/product\/payments-iq\/#primaryimage\"},\"thumbnailUrl\":\"https:\/\/bs2.lt\/wp-content\/uploads\/2021\/01\/payments-screen.jpg\",\"datePublished\":\"2021-12-14T13:58:34+00:00\",\"dateModified\":\"2022-08-30T12:42:04+00:00\",\"breadcrumb\":{\"@id\":\"https:\/\/bs2.lt\/lt\/product\/payments-iq\/#breadcrumb\"},\"inLanguage\":\"lt-LT\",\"potentialAction\":[{\"@type\":\"ReadAction\",\"target\":[\"https:\/\/bs2.lt\/lt\/product\/payments-iq\/\"]}]},{\"@type\":\"ImageObject\",\"inLanguage\":\"lt-LT\",\"@id\":\"https:\/\/bs2.lt\/lt\/product\/payments-iq\/#primaryimage\",\"url\":\"https:\/\/bs2.lt\/wp-content\/uploads\/2021\/01\/payments-screen.jpg\",\"contentUrl\":\"https:\/\/bs2.lt\/wp-content\/uploads\/2021\/01\/payments-screen.jpg\",\"width\":1600,\"height\":1388},{\"@type\":\"BreadcrumbList\",\"@id\":\"https:\/\/bs2.lt\/lt\/product\/payments-iq\/#breadcrumb\",\"itemListElement\":[{\"@type\":\"ListItem\",\"position\":1,\"name\":\"Home\",\"item\":\"https:\/\/bs2.lt\/lt\/\"},{\"@type\":\"ListItem\",\"position\":2,\"name\":\"Payments.iQ\"}]},{\"@type\":\"WebSite\",\"@id\":\"https:\/\/bs2.lt\/#website\",\"url\":\"https:\/\/bs2.lt\/\",\"name\":\"BS\/2\",\"description\":\"Banking and retail technology company\",\"publisher\":{\"@id\":\"https:\/\/bs2.lt\/#organization\"},\"potentialAction\":[{\"@type\":\"SearchAction\",\"target\":{\"@type\":\"EntryPoint\",\"urlTemplate\":\"https:\/\/bs2.lt\/?s={search_term_string}\"},\"query-input\":{\"@type\":\"PropertyValueSpecification\",\"valueRequired\":true,\"valueName\":\"search_term_string\"}}],\"inLanguage\":\"lt-LT\"},{\"@type\":\"Organization\",\"@id\":\"https:\/\/bs2.lt\/#organization\",\"name\":\"BS\/2\",\"url\":\"https:\/\/bs2.lt\/\",\"logo\":{\"@type\":\"ImageObject\",\"inLanguage\":\"lt-LT\",\"@id\":\"https:\/\/bs2.lt\/#\/schema\/logo\/image\/\",\"url\":\"https:\/\/bs2.lt\/wp-content\/uploads\/2022\/08\/bs2-logo.svg\",\"contentUrl\":\"https:\/\/bs2.lt\/wp-content\/uploads\/2022\/08\/bs2-logo.svg\",\"width\":100,\"height\":57,\"caption\":\"BS\/2\"},\"image\":{\"@id\":\"https:\/\/bs2.lt\/#\/schema\/logo\/image\/\"},\"sameAs\":[\"https:\/\/www.facebook.com\/bs2solutions\/\",\"https:\/\/www.linkedin.com\/showcase\/bs2solutions\",\"https:\/\/www.youtube.com\/c\/Bs2Lt\"]}]}<\/script>\n<!-- \/ Yoast SEO plugin. -->","yoast_head_json":{"title":"Payments.iQ | BS\/2","robots":{"index":"index","follow":"follow","max-snippet":"max-snippet:-1","max-image-preview":"max-image-preview:large","max-video-preview":"max-video-preview:-1"},"canonical":"https:\/\/bs2.lt\/lt\/product\/payments-iq\/","og_locale":"lt_LT","og_type":"article","og_title":"Payments.iQ | BS\/2","og_description":"\u201ePayments.iQ\u201c \u2013 tai programinis sprendimas, skirtas gaunamiems mok\u0117jimams (atsiskaitymams u\u017e komunalines paslaugas, mokes\u010diams, baudoms) tvarkyti, vis\u0173 r\u016b\u0161i\u0173 elektronin\u0117ms paslaugoms (pvz., biliet\u0173, papildymo kod\u0173, \u010deki\u0173, komunalin\u0117ms ir pan.) parduoti, ma\u017emenin\u0117s prekybos bankininkystei automatizuoti, informacijos ir mok\u0117jimo terminal\u0173 bei bankomat\u0173 tinklui valdyti. \u012ediegus \u201ePayments.iQ\u201c \u012f savitarnos \u012frengin\u012f, \u0161is tampa bankini\u0173 paslaug\u0173 teikimo centru. Sprendimas integruojamas \u012f esam\u0105 [&hellip;]","og_url":"https:\/\/bs2.lt\/lt\/product\/payments-iq\/","og_site_name":"BS\/2","article_publisher":"https:\/\/www.facebook.com\/bs2solutions\/","article_modified_time":"2022-08-30T12:42:04+00:00","og_image":[{"width":1600,"height":1388,"url":"https:\/\/bs2.lt\/wp-content\/uploads\/2021\/01\/payments-screen.jpg","type":"image\/jpeg"}],"twitter_card":"summary_large_image","twitter_misc":{"Est. reading time":"1 minut\u0117"},"schema":{"@context":"https:\/\/schema.org","@graph":[{"@type":"WebPage","@id":"https:\/\/bs2.lt\/lt\/product\/payments-iq\/","url":"https:\/\/bs2.lt\/lt\/product\/payments-iq\/","name":"Payments.iQ | BS\/2","isPartOf":{"@id":"https:\/\/bs2.lt\/#website"},"primaryImageOfPage":{"@id":"https:\/\/bs2.lt\/lt\/product\/payments-iq\/#primaryimage"},"image":{"@id":"https:\/\/bs2.lt\/lt\/product\/payments-iq\/#primaryimage"},"thumbnailUrl":"https:\/\/bs2.lt\/wp-content\/uploads\/2021\/01\/payments-screen.jpg","datePublished":"2021-12-14T13:58:34+00:00","dateModified":"2022-08-30T12:42:04+00:00","breadcrumb":{"@id":"https:\/\/bs2.lt\/lt\/product\/payments-iq\/#breadcrumb"},"inLanguage":"lt-LT","potentialAction":[{"@type":"ReadAction","target":["https:\/\/bs2.lt\/lt\/product\/payments-iq\/"]}]},{"@type":"ImageObject","inLanguage":"lt-LT","@id":"https:\/\/bs2.lt\/lt\/product\/payments-iq\/#primaryimage","url":"https:\/\/bs2.lt\/wp-content\/uploads\/2021\/01\/payments-screen.jpg","contentUrl":"https:\/\/bs2.lt\/wp-content\/uploads\/2021\/01\/payments-screen.jpg","width":1600,"height":1388},{"@type":"BreadcrumbList","@id":"https:\/\/bs2.lt\/lt\/product\/payments-iq\/#breadcrumb","itemListElement":[{"@type":"ListItem","position":1,"name":"Home","item":"https:\/\/bs2.lt\/lt\/"},{"@type":"ListItem","position":2,"name":"Payments.iQ"}]},{"@type":"WebSite","@id":"https:\/\/bs2.lt\/#website","url":"https:\/\/bs2.lt\/","name":"BS\/2","description":"Banking and retail technology company","publisher":{"@id":"https:\/\/bs2.lt\/#organization"},"potentialAction":[{"@type":"SearchAction","target":{"@type":"EntryPoint","urlTemplate":"https:\/\/bs2.lt\/?s={search_term_string}"},"query-input":{"@type":"PropertyValueSpecification","valueRequired":true,"valueName":"search_term_string"}}],"inLanguage":"lt-LT"},{"@type":"Organization","@id":"https:\/\/bs2.lt\/#organization","name":"BS\/2","url":"https:\/\/bs2.lt\/","logo":{"@type":"ImageObject","inLanguage":"lt-LT","@id":"https:\/\/bs2.lt\/#\/schema\/logo\/image\/","url":"https:\/\/bs2.lt\/wp-content\/uploads\/2022\/08\/bs2-logo.svg","contentUrl":"https:\/\/bs2.lt\/wp-content\/uploads\/2022\/08\/bs2-logo.svg","width":100,"height":57,"caption":"BS\/2"},"image":{"@id":"https:\/\/bs2.lt\/#\/schema\/logo\/image\/"},"sameAs":["https:\/\/www.facebook.com\/bs2solutions\/","https:\/\/www.linkedin.com\/showcase\/bs2solutions","https:\/\/www.youtube.com\/c\/Bs2Lt"]}]}},"_links":{"self":[{"href":"https:\/\/bs2.lt\/lt\/wp-json\/wp\/v2\/product\/11475","targetHints":{"allow":["GET"]}}],"collection":[{"href":"https:\/\/bs2.lt\/lt\/wp-json\/wp\/v2\/product"}],"about":[{"href":"https:\/\/bs2.lt\/lt\/wp-json\/wp\/v2\/types\/product"}],"wp:featuredmedia":[{"embeddable":true,"href":"https:\/\/bs2.lt\/lt\/wp-json\/wp\/v2\/media\/7691"}],"wp:attachment":[{"href":"https:\/\/bs2.lt\/lt\/wp-json\/wp\/v2\/media?parent=11475"}],"wp:term":[{"taxonomy":"product_category","embeddable":true,"href":"https:\/\/bs2.lt\/lt\/wp-json\/wp\/v2\/product_category?post=11475"},{"taxonomy":"atm_series","embeddable":true,"href":"https:\/\/bs2.lt\/lt\/wp-json\/wp\/v2\/atm_series?post=11475"},{"taxonomy":"atm_cashflow","embeddable":true,"href":"https:\/\/bs2.lt\/lt\/wp-json\/wp\/v2\/atm_cashflow?post=11475"},{"taxonomy":"atm_type","embeddable":true,"href":"https:\/\/bs2.lt\/lt\/wp-json\/wp\/v2\/atm_type?post=11475"},{"taxonomy":"product-provider","embeddable":true,"href":"https:\/\/bs2.lt\/lt\/wp-json\/wp\/v2\/product-provider?post=11475"}],"curies":[{"name":"wp","href":"https:\/\/api.w.org\/{rel}","templated":true}]}}