{"id":11472,"date":"2021-01-14T12:10:28","date_gmt":"2021-01-14T14:10:28","guid":{"rendered":"https:\/\/bs2.lt\/bs2.lt\/product\/fcx-iq\/"},"modified":"2022-02-23T14:05:29","modified_gmt":"2022-02-23T16:05:29","slug":"fcx-iq","status":"publish","type":"product","link":"https:\/\/bs2.lt\/lt\/product\/fcx-iq\/","title":{"rendered":"FCX.iQ"},"content":{"rendered":"<p>\u201eFCX.iQ\u201c \u2013 specializuota programin\u0117 \u012franga, u\u017etikrinanti valiutos keitim\u0105 bankomate.\u00a0Program\u0105 galima \u012fdiegti \u012f bankomatus, turin\u010dius gryn\u0173j\u0173 pinig\u0173 recirkuliacijos sistem\u0105 arba \u012f daugiafunkcius \u00a0bankomatus, kurie priima ir i\u0161duoda grynuosius.<\/p>\n<p>Sistema sudaro galimyb\u0119 pasikeisti \u012fvairi\u0173 u\u017esienio \u0161ali\u0173 valiut\u0105, valdyti valiut\u0173 kursus, nustatyti bankomatuose komisinius, administruoti savitarnos \u012frengini\u0173 tinklus, identifikuoti \u012frengini\u0173 naudotojus, surinkti duomenis ir sudaryti ataskaitas apie bankomatuose atliktas valiut\u0173 main\u0173 operacijas.<\/p>\n<p>Integravus \u201eFCX.iQ\u201c su \u012fvairiomis bankin\u0117mis sistemomis, valiut\u0173 kursai ir u\u017e keitim\u0105 imami komisiniai bankomatuose gali b\u016bti nustatomi automati\u0161kai. Be to, \u201eFCX.iQ\u201c sistemos operatorius gali per nuotol\u012f steb\u0117ti visuose \u012frenginiuose atliekamas valiut\u0173 main\u0173 operacijas ir gauti i\u0161sami\u0105 statistik\u0105 apie sistemos darb\u0105.<\/p>\n","protected":false},"featured_media":7670,"template":"","product_category":[208],"atm_series":[],"atm_cashflow":[],"atm_type":[],"product-provider":[],"class_list":["post-11472","product","type-product","status-publish","has-post-thumbnail","hentry","product_category-software"],"acf":[],"yoast_head":"<!-- This site is optimized with the Yoast SEO plugin v26.2 - https:\/\/yoast.com\/wordpress\/plugins\/seo\/ -->\n<title>FCX.iQ | BS\/2<\/title>\n<meta name=\"robots\" content=\"index, follow, max-snippet:-1, max-image-preview:large, max-video-preview:-1\" \/>\n<link rel=\"canonical\" href=\"https:\/\/bs2.lt\/lt\/product\/fcx-iq\/\" \/>\n<meta property=\"og:locale\" content=\"lt_LT\" \/>\n<meta property=\"og:type\" content=\"article\" \/>\n<meta property=\"og:title\" content=\"FCX.iQ | BS\/2\" \/>\n<meta property=\"og:description\" content=\"\u201eFCX.iQ\u201c \u2013 specializuota programin\u0117 \u012franga, u\u017etikrinanti valiutos keitim\u0105 bankomate.\u00a0Program\u0105 galima \u012fdiegti \u012f bankomatus, turin\u010dius gryn\u0173j\u0173 pinig\u0173 recirkuliacijos sistem\u0105 arba \u012f daugiafunkcius \u00a0bankomatus, kurie priima ir i\u0161duoda grynuosius. Sistema sudaro galimyb\u0119 pasikeisti \u012fvairi\u0173 u\u017esienio \u0161ali\u0173 valiut\u0105, valdyti valiut\u0173 kursus, nustatyti bankomatuose komisinius, administruoti savitarnos \u012frengini\u0173 tinklus, identifikuoti \u012frengini\u0173 naudotojus, surinkti duomenis ir sudaryti ataskaitas apie bankomatuose [&hellip;]\" \/>\n<meta property=\"og:url\" content=\"https:\/\/bs2.lt\/lt\/product\/fcx-iq\/\" \/>\n<meta property=\"og:site_name\" content=\"BS\/2\" \/>\n<meta property=\"article:publisher\" content=\"https:\/\/www.facebook.com\/bs2solutions\/\" \/>\n<meta property=\"article:modified_time\" content=\"2022-02-23T16:05:29+00:00\" \/>\n<meta property=\"og:image\" content=\"https:\/\/bs2.lt\/wp-content\/uploads\/2021\/01\/fcx-screen.jpg\" \/>\n\t<meta property=\"og:image:width\" content=\"1600\" \/>\n\t<meta property=\"og:image:height\" content=\"1388\" \/>\n\t<meta property=\"og:image:type\" content=\"image\/jpeg\" \/>\n<meta name=\"twitter:card\" content=\"summary_large_image\" \/>\n<meta name=\"twitter:label1\" content=\"Est. reading time\" \/>\n\t<meta name=\"twitter:data1\" content=\"1 minut\u0117\" \/>\n<script type=\"application\/ld+json\" class=\"yoast-schema-graph\">{\"@context\":\"https:\/\/schema.org\",\"@graph\":[{\"@type\":\"WebPage\",\"@id\":\"https:\/\/bs2.lt\/lt\/product\/fcx-iq\/\",\"url\":\"https:\/\/bs2.lt\/lt\/product\/fcx-iq\/\",\"name\":\"FCX.iQ | BS\/2\",\"isPartOf\":{\"@id\":\"https:\/\/bs2.lt\/#website\"},\"primaryImageOfPage\":{\"@id\":\"https:\/\/bs2.lt\/lt\/product\/fcx-iq\/#primaryimage\"},\"image\":{\"@id\":\"https:\/\/bs2.lt\/lt\/product\/fcx-iq\/#primaryimage\"},\"thumbnailUrl\":\"https:\/\/bs2.lt\/wp-content\/uploads\/2021\/01\/fcx-screen.jpg\",\"datePublished\":\"2021-01-14T14:10:28+00:00\",\"dateModified\":\"2022-02-23T16:05:29+00:00\",\"breadcrumb\":{\"@id\":\"https:\/\/bs2.lt\/lt\/product\/fcx-iq\/#breadcrumb\"},\"inLanguage\":\"lt-LT\",\"potentialAction\":[{\"@type\":\"ReadAction\",\"target\":[\"https:\/\/bs2.lt\/lt\/product\/fcx-iq\/\"]}]},{\"@type\":\"ImageObject\",\"inLanguage\":\"lt-LT\",\"@id\":\"https:\/\/bs2.lt\/lt\/product\/fcx-iq\/#primaryimage\",\"url\":\"https:\/\/bs2.lt\/wp-content\/uploads\/2021\/01\/fcx-screen.jpg\",\"contentUrl\":\"https:\/\/bs2.lt\/wp-content\/uploads\/2021\/01\/fcx-screen.jpg\",\"width\":1600,\"height\":1388},{\"@type\":\"BreadcrumbList\",\"@id\":\"https:\/\/bs2.lt\/lt\/product\/fcx-iq\/#breadcrumb\",\"itemListElement\":[{\"@type\":\"ListItem\",\"position\":1,\"name\":\"Home\",\"item\":\"https:\/\/bs2.lt\/lt\/\"},{\"@type\":\"ListItem\",\"position\":2,\"name\":\"FCX.iQ\"}]},{\"@type\":\"WebSite\",\"@id\":\"https:\/\/bs2.lt\/#website\",\"url\":\"https:\/\/bs2.lt\/\",\"name\":\"BS\/2\",\"description\":\"Banking and retail technology company\",\"publisher\":{\"@id\":\"https:\/\/bs2.lt\/#organization\"},\"potentialAction\":[{\"@type\":\"SearchAction\",\"target\":{\"@type\":\"EntryPoint\",\"urlTemplate\":\"https:\/\/bs2.lt\/?s={search_term_string}\"},\"query-input\":{\"@type\":\"PropertyValueSpecification\",\"valueRequired\":true,\"valueName\":\"search_term_string\"}}],\"inLanguage\":\"lt-LT\"},{\"@type\":\"Organization\",\"@id\":\"https:\/\/bs2.lt\/#organization\",\"name\":\"BS\/2\",\"url\":\"https:\/\/bs2.lt\/\",\"logo\":{\"@type\":\"ImageObject\",\"inLanguage\":\"lt-LT\",\"@id\":\"https:\/\/bs2.lt\/#\/schema\/logo\/image\/\",\"url\":\"https:\/\/bs2.lt\/wp-content\/uploads\/2022\/08\/bs2-logo.svg\",\"contentUrl\":\"https:\/\/bs2.lt\/wp-content\/uploads\/2022\/08\/bs2-logo.svg\",\"width\":100,\"height\":57,\"caption\":\"BS\/2\"},\"image\":{\"@id\":\"https:\/\/bs2.lt\/#\/schema\/logo\/image\/\"},\"sameAs\":[\"https:\/\/www.facebook.com\/bs2solutions\/\",\"https:\/\/www.linkedin.com\/showcase\/bs2solutions\",\"https:\/\/www.youtube.com\/c\/Bs2Lt\"]}]}<\/script>\n<!-- \/ Yoast SEO plugin. -->","yoast_head_json":{"title":"FCX.iQ | BS\/2","robots":{"index":"index","follow":"follow","max-snippet":"max-snippet:-1","max-image-preview":"max-image-preview:large","max-video-preview":"max-video-preview:-1"},"canonical":"https:\/\/bs2.lt\/lt\/product\/fcx-iq\/","og_locale":"lt_LT","og_type":"article","og_title":"FCX.iQ | BS\/2","og_description":"\u201eFCX.iQ\u201c \u2013 specializuota programin\u0117 \u012franga, u\u017etikrinanti valiutos keitim\u0105 bankomate.\u00a0Program\u0105 galima \u012fdiegti \u012f bankomatus, turin\u010dius gryn\u0173j\u0173 pinig\u0173 recirkuliacijos sistem\u0105 arba \u012f daugiafunkcius \u00a0bankomatus, kurie priima ir i\u0161duoda grynuosius. Sistema sudaro galimyb\u0119 pasikeisti \u012fvairi\u0173 u\u017esienio \u0161ali\u0173 valiut\u0105, valdyti valiut\u0173 kursus, nustatyti bankomatuose komisinius, administruoti savitarnos \u012frengini\u0173 tinklus, identifikuoti \u012frengini\u0173 naudotojus, surinkti duomenis ir sudaryti ataskaitas apie bankomatuose [&hellip;]","og_url":"https:\/\/bs2.lt\/lt\/product\/fcx-iq\/","og_site_name":"BS\/2","article_publisher":"https:\/\/www.facebook.com\/bs2solutions\/","article_modified_time":"2022-02-23T16:05:29+00:00","og_image":[{"width":1600,"height":1388,"url":"https:\/\/bs2.lt\/wp-content\/uploads\/2021\/01\/fcx-screen.jpg","type":"image\/jpeg"}],"twitter_card":"summary_large_image","twitter_misc":{"Est. reading time":"1 minut\u0117"},"schema":{"@context":"https:\/\/schema.org","@graph":[{"@type":"WebPage","@id":"https:\/\/bs2.lt\/lt\/product\/fcx-iq\/","url":"https:\/\/bs2.lt\/lt\/product\/fcx-iq\/","name":"FCX.iQ | BS\/2","isPartOf":{"@id":"https:\/\/bs2.lt\/#website"},"primaryImageOfPage":{"@id":"https:\/\/bs2.lt\/lt\/product\/fcx-iq\/#primaryimage"},"image":{"@id":"https:\/\/bs2.lt\/lt\/product\/fcx-iq\/#primaryimage"},"thumbnailUrl":"https:\/\/bs2.lt\/wp-content\/uploads\/2021\/01\/fcx-screen.jpg","datePublished":"2021-01-14T14:10:28+00:00","dateModified":"2022-02-23T16:05:29+00:00","breadcrumb":{"@id":"https:\/\/bs2.lt\/lt\/product\/fcx-iq\/#breadcrumb"},"inLanguage":"lt-LT","potentialAction":[{"@type":"ReadAction","target":["https:\/\/bs2.lt\/lt\/product\/fcx-iq\/"]}]},{"@type":"ImageObject","inLanguage":"lt-LT","@id":"https:\/\/bs2.lt\/lt\/product\/fcx-iq\/#primaryimage","url":"https:\/\/bs2.lt\/wp-content\/uploads\/2021\/01\/fcx-screen.jpg","contentUrl":"https:\/\/bs2.lt\/wp-content\/uploads\/2021\/01\/fcx-screen.jpg","width":1600,"height":1388},{"@type":"BreadcrumbList","@id":"https:\/\/bs2.lt\/lt\/product\/fcx-iq\/#breadcrumb","itemListElement":[{"@type":"ListItem","position":1,"name":"Home","item":"https:\/\/bs2.lt\/lt\/"},{"@type":"ListItem","position":2,"name":"FCX.iQ"}]},{"@type":"WebSite","@id":"https:\/\/bs2.lt\/#website","url":"https:\/\/bs2.lt\/","name":"BS\/2","description":"Banking and retail technology company","publisher":{"@id":"https:\/\/bs2.lt\/#organization"},"potentialAction":[{"@type":"SearchAction","target":{"@type":"EntryPoint","urlTemplate":"https:\/\/bs2.lt\/?s={search_term_string}"},"query-input":{"@type":"PropertyValueSpecification","valueRequired":true,"valueName":"search_term_string"}}],"inLanguage":"lt-LT"},{"@type":"Organization","@id":"https:\/\/bs2.lt\/#organization","name":"BS\/2","url":"https:\/\/bs2.lt\/","logo":{"@type":"ImageObject","inLanguage":"lt-LT","@id":"https:\/\/bs2.lt\/#\/schema\/logo\/image\/","url":"https:\/\/bs2.lt\/wp-content\/uploads\/2022\/08\/bs2-logo.svg","contentUrl":"https:\/\/bs2.lt\/wp-content\/uploads\/2022\/08\/bs2-logo.svg","width":100,"height":57,"caption":"BS\/2"},"image":{"@id":"https:\/\/bs2.lt\/#\/schema\/logo\/image\/"},"sameAs":["https:\/\/www.facebook.com\/bs2solutions\/","https:\/\/www.linkedin.com\/showcase\/bs2solutions","https:\/\/www.youtube.com\/c\/Bs2Lt"]}]}},"_links":{"self":[{"href":"https:\/\/bs2.lt\/lt\/wp-json\/wp\/v2\/product\/11472","targetHints":{"allow":["GET"]}}],"collection":[{"href":"https:\/\/bs2.lt\/lt\/wp-json\/wp\/v2\/product"}],"about":[{"href":"https:\/\/bs2.lt\/lt\/wp-json\/wp\/v2\/types\/product"}],"wp:featuredmedia":[{"embeddable":true,"href":"https:\/\/bs2.lt\/lt\/wp-json\/wp\/v2\/media\/7670"}],"wp:attachment":[{"href":"https:\/\/bs2.lt\/lt\/wp-json\/wp\/v2\/media?parent=11472"}],"wp:term":[{"taxonomy":"product_category","embeddable":true,"href":"https:\/\/bs2.lt\/lt\/wp-json\/wp\/v2\/product_category?post=11472"},{"taxonomy":"atm_series","embeddable":true,"href":"https:\/\/bs2.lt\/lt\/wp-json\/wp\/v2\/atm_series?post=11472"},{"taxonomy":"atm_cashflow","embeddable":true,"href":"https:\/\/bs2.lt\/lt\/wp-json\/wp\/v2\/atm_cashflow?post=11472"},{"taxonomy":"atm_type","embeddable":true,"href":"https:\/\/bs2.lt\/lt\/wp-json\/wp\/v2\/atm_type?post=11472"},{"taxonomy":"product-provider","embeddable":true,"href":"https:\/\/bs2.lt\/lt\/wp-json\/wp\/v2\/product-provider?post=11472"}],"curies":[{"name":"wp","href":"https:\/\/api.w.org\/{rel}","templated":true}]}}