{"id":11455,"date":"2021-01-02T17:11:05","date_gmt":"2021-01-02T19:11:05","guid":{"rendered":"https:\/\/bs2.lt\/bs2.lt\/product\/cashmanagement-iq\/"},"modified":"2022-02-23T13:57:59","modified_gmt":"2022-02-23T15:57:59","slug":"cashmanagement-iq","status":"publish","type":"product","link":"https:\/\/bs2.lt\/lt\/product\/cashmanagement-iq\/","title":{"rendered":"Cash Management.iQ"},"content":{"rendered":"<p style=\"text-align: justify;\">\u201eCash Management.iQ\u201c \u2013 programin\u0117 \u012franga, skirta optimaliai paskirstyti grynuosius pinigus ir vertybes j\u0173 pri\u0117mimo, saugojimo ir i\u0161davimo vietose, kartu suma\u017einant gryn\u0173j\u0173 prastovos bei inkasacijos i\u0161laidas.<\/p>\n<p style=\"text-align: justify;\">Sistema padeda realiuoju laiku gauti informacij\u0105 apie gryn\u0173j\u0173 pinig\u0173 skai\u010di\u0173 banko skyriuose, saugyklose, bankomatuose ir kituose savitarnos \u012frenginiuose, taip pat prekybos ir paslaug\u0173 teikimo vietose.<\/p>\n<p style=\"text-align: justify;\">I\u0161analizavusi gryn\u0173j\u0173 pinig\u0173 poreik\u012f skirtingose j\u0173 i\u0161davimo-\u012fne\u0161imo vietose, sistema po kurio laiko pasi\u016blo optimal\u0173 inkasacij\u0173 skai\u010di\u0173 ir grafik\u0105.<\/p>\n<p style=\"text-align: justify;\">\u0160is sprendimas padeda automatizuoti inkasacijos tarnybos u\u017eduo\u010di\u0173 valdymo proces\u0105, taip pat su juo susijusi\u0105 dokumentacij\u0105 ir materialinius i\u0161teklius.<\/p>\n<p style=\"text-align: justify;\">Programin\u0117 \u012franga \u201eCash Management.iQ\u201c sudaryta i\u0161 5 atskir\u0173 moduli\u0173, kuri\u0173 kiekvienas atsakingas u\u017e atitinkam\u0105 operacini\u0173 proces\u0173. Moduliai gali veikti ir atskirai, ir kaip bendro sprendimo dalys.<\/p>\n","protected":false},"featured_media":7618,"template":"","product_category":[208],"atm_series":[],"atm_cashflow":[],"atm_type":[],"product-provider":[],"class_list":["post-11455","product","type-product","status-publish","has-post-thumbnail","hentry","product_category-software"],"acf":[],"yoast_head":"<!-- This site is optimized with the Yoast SEO plugin v26.2 - https:\/\/yoast.com\/wordpress\/plugins\/seo\/ -->\n<title>Cash Management.iQ | BS\/2<\/title>\n<meta name=\"robots\" content=\"index, follow, max-snippet:-1, max-image-preview:large, max-video-preview:-1\" \/>\n<link rel=\"canonical\" href=\"https:\/\/bs2.lt\/lt\/product\/cashmanagement-iq\/\" \/>\n<meta property=\"og:locale\" content=\"lt_LT\" \/>\n<meta property=\"og:type\" content=\"article\" \/>\n<meta property=\"og:title\" content=\"Cash Management.iQ | BS\/2\" \/>\n<meta property=\"og:description\" content=\"\u201eCash Management.iQ\u201c \u2013 programin\u0117 \u012franga, skirta optimaliai paskirstyti grynuosius pinigus ir vertybes j\u0173 pri\u0117mimo, saugojimo ir i\u0161davimo vietose, kartu suma\u017einant gryn\u0173j\u0173 prastovos bei inkasacijos i\u0161laidas. Sistema padeda realiuoju laiku gauti informacij\u0105 apie gryn\u0173j\u0173 pinig\u0173 skai\u010di\u0173 banko skyriuose, saugyklose, bankomatuose ir kituose savitarnos \u012frenginiuose, taip pat prekybos ir paslaug\u0173 teikimo vietose. I\u0161analizavusi gryn\u0173j\u0173 pinig\u0173 poreik\u012f skirtingose [&hellip;]\" \/>\n<meta property=\"og:url\" content=\"https:\/\/bs2.lt\/lt\/product\/cashmanagement-iq\/\" \/>\n<meta property=\"og:site_name\" content=\"BS\/2\" \/>\n<meta property=\"article:publisher\" content=\"https:\/\/www.facebook.com\/bs2solutions\/\" \/>\n<meta property=\"article:modified_time\" content=\"2022-02-23T15:57:59+00:00\" \/>\n<meta property=\"og:image\" content=\"https:\/\/bs2.lt\/wp-content\/uploads\/2021\/01\/cm-screen.jpg\" \/>\n\t<meta property=\"og:image:width\" content=\"1600\" \/>\n\t<meta property=\"og:image:height\" content=\"1388\" \/>\n\t<meta property=\"og:image:type\" content=\"image\/jpeg\" \/>\n<meta name=\"twitter:card\" content=\"summary_large_image\" \/>\n<meta name=\"twitter:label1\" content=\"Est. reading time\" \/>\n\t<meta name=\"twitter:data1\" content=\"1 minut\u0117\" \/>\n<script type=\"application\/ld+json\" class=\"yoast-schema-graph\">{\"@context\":\"https:\/\/schema.org\",\"@graph\":[{\"@type\":\"WebPage\",\"@id\":\"https:\/\/bs2.lt\/lt\/product\/cashmanagement-iq\/\",\"url\":\"https:\/\/bs2.lt\/lt\/product\/cashmanagement-iq\/\",\"name\":\"Cash Management.iQ | BS\/2\",\"isPartOf\":{\"@id\":\"https:\/\/bs2.lt\/#website\"},\"primaryImageOfPage\":{\"@id\":\"https:\/\/bs2.lt\/lt\/product\/cashmanagement-iq\/#primaryimage\"},\"image\":{\"@id\":\"https:\/\/bs2.lt\/lt\/product\/cashmanagement-iq\/#primaryimage\"},\"thumbnailUrl\":\"https:\/\/bs2.lt\/wp-content\/uploads\/2021\/01\/cm-screen.jpg\",\"datePublished\":\"2021-01-02T19:11:05+00:00\",\"dateModified\":\"2022-02-23T15:57:59+00:00\",\"breadcrumb\":{\"@id\":\"https:\/\/bs2.lt\/lt\/product\/cashmanagement-iq\/#breadcrumb\"},\"inLanguage\":\"lt-LT\",\"potentialAction\":[{\"@type\":\"ReadAction\",\"target\":[\"https:\/\/bs2.lt\/lt\/product\/cashmanagement-iq\/\"]}]},{\"@type\":\"ImageObject\",\"inLanguage\":\"lt-LT\",\"@id\":\"https:\/\/bs2.lt\/lt\/product\/cashmanagement-iq\/#primaryimage\",\"url\":\"https:\/\/bs2.lt\/wp-content\/uploads\/2021\/01\/cm-screen.jpg\",\"contentUrl\":\"https:\/\/bs2.lt\/wp-content\/uploads\/2021\/01\/cm-screen.jpg\",\"width\":1600,\"height\":1388},{\"@type\":\"BreadcrumbList\",\"@id\":\"https:\/\/bs2.lt\/lt\/product\/cashmanagement-iq\/#breadcrumb\",\"itemListElement\":[{\"@type\":\"ListItem\",\"position\":1,\"name\":\"Home\",\"item\":\"https:\/\/bs2.lt\/lt\/\"},{\"@type\":\"ListItem\",\"position\":2,\"name\":\"Cash Management.iQ\"}]},{\"@type\":\"WebSite\",\"@id\":\"https:\/\/bs2.lt\/#website\",\"url\":\"https:\/\/bs2.lt\/\",\"name\":\"BS\/2\",\"description\":\"Banking and retail technology company\",\"publisher\":{\"@id\":\"https:\/\/bs2.lt\/#organization\"},\"potentialAction\":[{\"@type\":\"SearchAction\",\"target\":{\"@type\":\"EntryPoint\",\"urlTemplate\":\"https:\/\/bs2.lt\/?s={search_term_string}\"},\"query-input\":{\"@type\":\"PropertyValueSpecification\",\"valueRequired\":true,\"valueName\":\"search_term_string\"}}],\"inLanguage\":\"lt-LT\"},{\"@type\":\"Organization\",\"@id\":\"https:\/\/bs2.lt\/#organization\",\"name\":\"BS\/2\",\"url\":\"https:\/\/bs2.lt\/\",\"logo\":{\"@type\":\"ImageObject\",\"inLanguage\":\"lt-LT\",\"@id\":\"https:\/\/bs2.lt\/#\/schema\/logo\/image\/\",\"url\":\"https:\/\/bs2.lt\/wp-content\/uploads\/2022\/08\/bs2-logo.svg\",\"contentUrl\":\"https:\/\/bs2.lt\/wp-content\/uploads\/2022\/08\/bs2-logo.svg\",\"width\":100,\"height\":57,\"caption\":\"BS\/2\"},\"image\":{\"@id\":\"https:\/\/bs2.lt\/#\/schema\/logo\/image\/\"},\"sameAs\":[\"https:\/\/www.facebook.com\/bs2solutions\/\",\"https:\/\/www.linkedin.com\/showcase\/bs2solutions\",\"https:\/\/www.youtube.com\/c\/Bs2Lt\"]}]}<\/script>\n<!-- \/ Yoast SEO plugin. -->","yoast_head_json":{"title":"Cash Management.iQ | BS\/2","robots":{"index":"index","follow":"follow","max-snippet":"max-snippet:-1","max-image-preview":"max-image-preview:large","max-video-preview":"max-video-preview:-1"},"canonical":"https:\/\/bs2.lt\/lt\/product\/cashmanagement-iq\/","og_locale":"lt_LT","og_type":"article","og_title":"Cash Management.iQ | BS\/2","og_description":"\u201eCash Management.iQ\u201c \u2013 programin\u0117 \u012franga, skirta optimaliai paskirstyti grynuosius pinigus ir vertybes j\u0173 pri\u0117mimo, saugojimo ir i\u0161davimo vietose, kartu suma\u017einant gryn\u0173j\u0173 prastovos bei inkasacijos i\u0161laidas. Sistema padeda realiuoju laiku gauti informacij\u0105 apie gryn\u0173j\u0173 pinig\u0173 skai\u010di\u0173 banko skyriuose, saugyklose, bankomatuose ir kituose savitarnos \u012frenginiuose, taip pat prekybos ir paslaug\u0173 teikimo vietose. I\u0161analizavusi gryn\u0173j\u0173 pinig\u0173 poreik\u012f skirtingose [&hellip;]","og_url":"https:\/\/bs2.lt\/lt\/product\/cashmanagement-iq\/","og_site_name":"BS\/2","article_publisher":"https:\/\/www.facebook.com\/bs2solutions\/","article_modified_time":"2022-02-23T15:57:59+00:00","og_image":[{"width":1600,"height":1388,"url":"https:\/\/bs2.lt\/wp-content\/uploads\/2021\/01\/cm-screen.jpg","type":"image\/jpeg"}],"twitter_card":"summary_large_image","twitter_misc":{"Est. reading time":"1 minut\u0117"},"schema":{"@context":"https:\/\/schema.org","@graph":[{"@type":"WebPage","@id":"https:\/\/bs2.lt\/lt\/product\/cashmanagement-iq\/","url":"https:\/\/bs2.lt\/lt\/product\/cashmanagement-iq\/","name":"Cash Management.iQ | BS\/2","isPartOf":{"@id":"https:\/\/bs2.lt\/#website"},"primaryImageOfPage":{"@id":"https:\/\/bs2.lt\/lt\/product\/cashmanagement-iq\/#primaryimage"},"image":{"@id":"https:\/\/bs2.lt\/lt\/product\/cashmanagement-iq\/#primaryimage"},"thumbnailUrl":"https:\/\/bs2.lt\/wp-content\/uploads\/2021\/01\/cm-screen.jpg","datePublished":"2021-01-02T19:11:05+00:00","dateModified":"2022-02-23T15:57:59+00:00","breadcrumb":{"@id":"https:\/\/bs2.lt\/lt\/product\/cashmanagement-iq\/#breadcrumb"},"inLanguage":"lt-LT","potentialAction":[{"@type":"ReadAction","target":["https:\/\/bs2.lt\/lt\/product\/cashmanagement-iq\/"]}]},{"@type":"ImageObject","inLanguage":"lt-LT","@id":"https:\/\/bs2.lt\/lt\/product\/cashmanagement-iq\/#primaryimage","url":"https:\/\/bs2.lt\/wp-content\/uploads\/2021\/01\/cm-screen.jpg","contentUrl":"https:\/\/bs2.lt\/wp-content\/uploads\/2021\/01\/cm-screen.jpg","width":1600,"height":1388},{"@type":"BreadcrumbList","@id":"https:\/\/bs2.lt\/lt\/product\/cashmanagement-iq\/#breadcrumb","itemListElement":[{"@type":"ListItem","position":1,"name":"Home","item":"https:\/\/bs2.lt\/lt\/"},{"@type":"ListItem","position":2,"name":"Cash Management.iQ"}]},{"@type":"WebSite","@id":"https:\/\/bs2.lt\/#website","url":"https:\/\/bs2.lt\/","name":"BS\/2","description":"Banking and retail technology company","publisher":{"@id":"https:\/\/bs2.lt\/#organization"},"potentialAction":[{"@type":"SearchAction","target":{"@type":"EntryPoint","urlTemplate":"https:\/\/bs2.lt\/?s={search_term_string}"},"query-input":{"@type":"PropertyValueSpecification","valueRequired":true,"valueName":"search_term_string"}}],"inLanguage":"lt-LT"},{"@type":"Organization","@id":"https:\/\/bs2.lt\/#organization","name":"BS\/2","url":"https:\/\/bs2.lt\/","logo":{"@type":"ImageObject","inLanguage":"lt-LT","@id":"https:\/\/bs2.lt\/#\/schema\/logo\/image\/","url":"https:\/\/bs2.lt\/wp-content\/uploads\/2022\/08\/bs2-logo.svg","contentUrl":"https:\/\/bs2.lt\/wp-content\/uploads\/2022\/08\/bs2-logo.svg","width":100,"height":57,"caption":"BS\/2"},"image":{"@id":"https:\/\/bs2.lt\/#\/schema\/logo\/image\/"},"sameAs":["https:\/\/www.facebook.com\/bs2solutions\/","https:\/\/www.linkedin.com\/showcase\/bs2solutions","https:\/\/www.youtube.com\/c\/Bs2Lt"]}]}},"_links":{"self":[{"href":"https:\/\/bs2.lt\/lt\/wp-json\/wp\/v2\/product\/11455","targetHints":{"allow":["GET"]}}],"collection":[{"href":"https:\/\/bs2.lt\/lt\/wp-json\/wp\/v2\/product"}],"about":[{"href":"https:\/\/bs2.lt\/lt\/wp-json\/wp\/v2\/types\/product"}],"wp:featuredmedia":[{"embeddable":true,"href":"https:\/\/bs2.lt\/lt\/wp-json\/wp\/v2\/media\/7618"}],"wp:attachment":[{"href":"https:\/\/bs2.lt\/lt\/wp-json\/wp\/v2\/media?parent=11455"}],"wp:term":[{"taxonomy":"product_category","embeddable":true,"href":"https:\/\/bs2.lt\/lt\/wp-json\/wp\/v2\/product_category?post=11455"},{"taxonomy":"atm_series","embeddable":true,"href":"https:\/\/bs2.lt\/lt\/wp-json\/wp\/v2\/atm_series?post=11455"},{"taxonomy":"atm_cashflow","embeddable":true,"href":"https:\/\/bs2.lt\/lt\/wp-json\/wp\/v2\/atm_cashflow?post=11455"},{"taxonomy":"atm_type","embeddable":true,"href":"https:\/\/bs2.lt\/lt\/wp-json\/wp\/v2\/atm_type?post=11455"},{"taxonomy":"product-provider","embeddable":true,"href":"https:\/\/bs2.lt\/lt\/wp-json\/wp\/v2\/product-provider?post=11455"}],"curies":[{"name":"wp","href":"https:\/\/api.w.org\/{rel}","templated":true}]}}