{"id":11393,"date":"2020-10-07T09:37:53","date_gmt":"2020-10-07T11:37:53","guid":{"rendered":"https:\/\/bs2.lt\/bs2.lt\/?post_type=product&#038;p=11393"},"modified":"2023-08-18T11:09:36","modified_gmt":"2023-08-18T08:09:36","slug":"atmeye-iq","status":"publish","type":"product","link":"https:\/\/bs2.lt\/lt\/product\/atmeye-iq\/","title":{"rendered":"ATMeye.iQ<sup>NG<\/sup>"},"content":{"rendered":"<p>\u201eATMeye.iQ<sup>NG<\/sup>\u201c \u2013 kompleksinis sprendimas, skirtas savitarnos \u012frengini\u0173 apsaugai sustiprinti. Jis sudarytas i\u0161 vaizdo steb\u0117jimo bei analiz\u0117s sistemos ir jutikli\u0173, reaguojan\u010di\u0173 \u012f visus \u012ftartinus veiksmus aplink \u012frengin\u012f, taip pat apsaugos priemoni\u0173 nuo pa\u0161alini\u0173 \u012frengini\u0173 prijungimo (angl. \u201eskimming\u201c) ir kit\u0173 saugum\u0105 u\u017etikrinan\u010di\u0173 priemoni\u0173.<\/p>\n<p>Naudojantis sistema, galima vis\u0105 par\u0105 per nuotol\u012f steb\u0117ti \u0161alia savitarnos \u012frenginio vykstan\u010dius \u012fvykius. Tai padeda suma\u017einti suk\u010diavimo ir vandalizmo atvej\u0173 skai\u010di\u0173, taip pat spr\u0119sti gin\u010dytinas situacijas su bankomat\u0173 naudotojais.<\/p>\n","protected":false},"featured_media":7597,"template":"","product_category":[208],"atm_series":[],"atm_cashflow":[],"atm_type":[],"product-provider":[],"class_list":["post-11393","product","type-product","status-publish","has-post-thumbnail","hentry","product_category-software"],"acf":[],"yoast_head":"<!-- This site is optimized with the Yoast SEO plugin v26.2 - https:\/\/yoast.com\/wordpress\/plugins\/seo\/ -->\n<title>ATMeye.iQNG | BS\/2<\/title>\n<meta name=\"robots\" content=\"index, follow, max-snippet:-1, max-image-preview:large, max-video-preview:-1\" \/>\n<link rel=\"canonical\" href=\"https:\/\/bs2.lt\/lt\/product\/atmeye-iq\/\" \/>\n<meta property=\"og:locale\" content=\"lt_LT\" \/>\n<meta property=\"og:type\" content=\"article\" \/>\n<meta property=\"og:title\" content=\"ATMeye.iQNG | BS\/2\" \/>\n<meta property=\"og:description\" content=\"\u201eATMeye.iQNG\u201c \u2013 kompleksinis sprendimas, skirtas savitarnos \u012frengini\u0173 apsaugai sustiprinti. Jis sudarytas i\u0161 vaizdo steb\u0117jimo bei analiz\u0117s sistemos ir jutikli\u0173, reaguojan\u010di\u0173 \u012f visus \u012ftartinus veiksmus aplink \u012frengin\u012f, taip pat apsaugos priemoni\u0173 nuo pa\u0161alini\u0173 \u012frengini\u0173 prijungimo (angl. \u201eskimming\u201c) ir kit\u0173 saugum\u0105 u\u017etikrinan\u010di\u0173 priemoni\u0173. Naudojantis sistema, galima vis\u0105 par\u0105 per nuotol\u012f steb\u0117ti \u0161alia savitarnos \u012frenginio vykstan\u010dius \u012fvykius. Tai [&hellip;]\" \/>\n<meta property=\"og:url\" content=\"https:\/\/bs2.lt\/lt\/product\/atmeye-iq\/\" \/>\n<meta property=\"og:site_name\" content=\"BS\/2\" \/>\n<meta property=\"article:publisher\" content=\"https:\/\/www.facebook.com\/bs2solutions\/\" \/>\n<meta property=\"article:modified_time\" content=\"2023-08-18T08:09:36+00:00\" \/>\n<meta property=\"og:image\" content=\"https:\/\/bs2.lt\/wp-content\/uploads\/2020\/10\/atmeye-screen.jpg\" \/>\n\t<meta property=\"og:image:width\" content=\"1600\" \/>\n\t<meta property=\"og:image:height\" content=\"1388\" \/>\n\t<meta property=\"og:image:type\" content=\"image\/jpeg\" \/>\n<meta name=\"twitter:card\" content=\"summary_large_image\" \/>\n<meta name=\"twitter:label1\" content=\"Est. reading time\" \/>\n\t<meta name=\"twitter:data1\" content=\"1 minut\u0117\" \/>\n<script type=\"application\/ld+json\" class=\"yoast-schema-graph\">{\"@context\":\"https:\/\/schema.org\",\"@graph\":[{\"@type\":\"WebPage\",\"@id\":\"https:\/\/bs2.lt\/lt\/product\/atmeye-iq\/\",\"url\":\"https:\/\/bs2.lt\/lt\/product\/atmeye-iq\/\",\"name\":\"ATMeye.iQNG | BS\/2\",\"isPartOf\":{\"@id\":\"https:\/\/bs2.lt\/#website\"},\"primaryImageOfPage\":{\"@id\":\"https:\/\/bs2.lt\/lt\/product\/atmeye-iq\/#primaryimage\"},\"image\":{\"@id\":\"https:\/\/bs2.lt\/lt\/product\/atmeye-iq\/#primaryimage\"},\"thumbnailUrl\":\"https:\/\/bs2.lt\/wp-content\/uploads\/2020\/10\/atmeye-screen.jpg\",\"datePublished\":\"2020-10-07T11:37:53+00:00\",\"dateModified\":\"2023-08-18T08:09:36+00:00\",\"breadcrumb\":{\"@id\":\"https:\/\/bs2.lt\/lt\/product\/atmeye-iq\/#breadcrumb\"},\"inLanguage\":\"lt-LT\",\"potentialAction\":[{\"@type\":\"ReadAction\",\"target\":[\"https:\/\/bs2.lt\/lt\/product\/atmeye-iq\/\"]}]},{\"@type\":\"ImageObject\",\"inLanguage\":\"lt-LT\",\"@id\":\"https:\/\/bs2.lt\/lt\/product\/atmeye-iq\/#primaryimage\",\"url\":\"https:\/\/bs2.lt\/wp-content\/uploads\/2020\/10\/atmeye-screen.jpg\",\"contentUrl\":\"https:\/\/bs2.lt\/wp-content\/uploads\/2020\/10\/atmeye-screen.jpg\",\"width\":1600,\"height\":1388},{\"@type\":\"BreadcrumbList\",\"@id\":\"https:\/\/bs2.lt\/lt\/product\/atmeye-iq\/#breadcrumb\",\"itemListElement\":[{\"@type\":\"ListItem\",\"position\":1,\"name\":\"Home\",\"item\":\"https:\/\/bs2.lt\/lt\/\"},{\"@type\":\"ListItem\",\"position\":2,\"name\":\"ATMeye.iQNG\"}]},{\"@type\":\"WebSite\",\"@id\":\"https:\/\/bs2.lt\/#website\",\"url\":\"https:\/\/bs2.lt\/\",\"name\":\"BS\/2\",\"description\":\"Banking and retail technology company\",\"publisher\":{\"@id\":\"https:\/\/bs2.lt\/#organization\"},\"potentialAction\":[{\"@type\":\"SearchAction\",\"target\":{\"@type\":\"EntryPoint\",\"urlTemplate\":\"https:\/\/bs2.lt\/?s={search_term_string}\"},\"query-input\":{\"@type\":\"PropertyValueSpecification\",\"valueRequired\":true,\"valueName\":\"search_term_string\"}}],\"inLanguage\":\"lt-LT\"},{\"@type\":\"Organization\",\"@id\":\"https:\/\/bs2.lt\/#organization\",\"name\":\"BS\/2\",\"url\":\"https:\/\/bs2.lt\/\",\"logo\":{\"@type\":\"ImageObject\",\"inLanguage\":\"lt-LT\",\"@id\":\"https:\/\/bs2.lt\/#\/schema\/logo\/image\/\",\"url\":\"https:\/\/bs2.lt\/wp-content\/uploads\/2022\/08\/bs2-logo.svg\",\"contentUrl\":\"https:\/\/bs2.lt\/wp-content\/uploads\/2022\/08\/bs2-logo.svg\",\"width\":100,\"height\":57,\"caption\":\"BS\/2\"},\"image\":{\"@id\":\"https:\/\/bs2.lt\/#\/schema\/logo\/image\/\"},\"sameAs\":[\"https:\/\/www.facebook.com\/bs2solutions\/\",\"https:\/\/www.linkedin.com\/showcase\/bs2solutions\",\"https:\/\/www.youtube.com\/c\/Bs2Lt\"]}]}<\/script>\n<!-- \/ Yoast SEO plugin. -->","yoast_head_json":{"title":"ATMeye.iQNG | BS\/2","robots":{"index":"index","follow":"follow","max-snippet":"max-snippet:-1","max-image-preview":"max-image-preview:large","max-video-preview":"max-video-preview:-1"},"canonical":"https:\/\/bs2.lt\/lt\/product\/atmeye-iq\/","og_locale":"lt_LT","og_type":"article","og_title":"ATMeye.iQNG | BS\/2","og_description":"\u201eATMeye.iQNG\u201c \u2013 kompleksinis sprendimas, skirtas savitarnos \u012frengini\u0173 apsaugai sustiprinti. Jis sudarytas i\u0161 vaizdo steb\u0117jimo bei analiz\u0117s sistemos ir jutikli\u0173, reaguojan\u010di\u0173 \u012f visus \u012ftartinus veiksmus aplink \u012frengin\u012f, taip pat apsaugos priemoni\u0173 nuo pa\u0161alini\u0173 \u012frengini\u0173 prijungimo (angl. \u201eskimming\u201c) ir kit\u0173 saugum\u0105 u\u017etikrinan\u010di\u0173 priemoni\u0173. Naudojantis sistema, galima vis\u0105 par\u0105 per nuotol\u012f steb\u0117ti \u0161alia savitarnos \u012frenginio vykstan\u010dius \u012fvykius. Tai [&hellip;]","og_url":"https:\/\/bs2.lt\/lt\/product\/atmeye-iq\/","og_site_name":"BS\/2","article_publisher":"https:\/\/www.facebook.com\/bs2solutions\/","article_modified_time":"2023-08-18T08:09:36+00:00","og_image":[{"width":1600,"height":1388,"url":"https:\/\/bs2.lt\/wp-content\/uploads\/2020\/10\/atmeye-screen.jpg","type":"image\/jpeg"}],"twitter_card":"summary_large_image","twitter_misc":{"Est. reading time":"1 minut\u0117"},"schema":{"@context":"https:\/\/schema.org","@graph":[{"@type":"WebPage","@id":"https:\/\/bs2.lt\/lt\/product\/atmeye-iq\/","url":"https:\/\/bs2.lt\/lt\/product\/atmeye-iq\/","name":"ATMeye.iQNG | BS\/2","isPartOf":{"@id":"https:\/\/bs2.lt\/#website"},"primaryImageOfPage":{"@id":"https:\/\/bs2.lt\/lt\/product\/atmeye-iq\/#primaryimage"},"image":{"@id":"https:\/\/bs2.lt\/lt\/product\/atmeye-iq\/#primaryimage"},"thumbnailUrl":"https:\/\/bs2.lt\/wp-content\/uploads\/2020\/10\/atmeye-screen.jpg","datePublished":"2020-10-07T11:37:53+00:00","dateModified":"2023-08-18T08:09:36+00:00","breadcrumb":{"@id":"https:\/\/bs2.lt\/lt\/product\/atmeye-iq\/#breadcrumb"},"inLanguage":"lt-LT","potentialAction":[{"@type":"ReadAction","target":["https:\/\/bs2.lt\/lt\/product\/atmeye-iq\/"]}]},{"@type":"ImageObject","inLanguage":"lt-LT","@id":"https:\/\/bs2.lt\/lt\/product\/atmeye-iq\/#primaryimage","url":"https:\/\/bs2.lt\/wp-content\/uploads\/2020\/10\/atmeye-screen.jpg","contentUrl":"https:\/\/bs2.lt\/wp-content\/uploads\/2020\/10\/atmeye-screen.jpg","width":1600,"height":1388},{"@type":"BreadcrumbList","@id":"https:\/\/bs2.lt\/lt\/product\/atmeye-iq\/#breadcrumb","itemListElement":[{"@type":"ListItem","position":1,"name":"Home","item":"https:\/\/bs2.lt\/lt\/"},{"@type":"ListItem","position":2,"name":"ATMeye.iQNG"}]},{"@type":"WebSite","@id":"https:\/\/bs2.lt\/#website","url":"https:\/\/bs2.lt\/","name":"BS\/2","description":"Banking and retail technology company","publisher":{"@id":"https:\/\/bs2.lt\/#organization"},"potentialAction":[{"@type":"SearchAction","target":{"@type":"EntryPoint","urlTemplate":"https:\/\/bs2.lt\/?s={search_term_string}"},"query-input":{"@type":"PropertyValueSpecification","valueRequired":true,"valueName":"search_term_string"}}],"inLanguage":"lt-LT"},{"@type":"Organization","@id":"https:\/\/bs2.lt\/#organization","name":"BS\/2","url":"https:\/\/bs2.lt\/","logo":{"@type":"ImageObject","inLanguage":"lt-LT","@id":"https:\/\/bs2.lt\/#\/schema\/logo\/image\/","url":"https:\/\/bs2.lt\/wp-content\/uploads\/2022\/08\/bs2-logo.svg","contentUrl":"https:\/\/bs2.lt\/wp-content\/uploads\/2022\/08\/bs2-logo.svg","width":100,"height":57,"caption":"BS\/2"},"image":{"@id":"https:\/\/bs2.lt\/#\/schema\/logo\/image\/"},"sameAs":["https:\/\/www.facebook.com\/bs2solutions\/","https:\/\/www.linkedin.com\/showcase\/bs2solutions","https:\/\/www.youtube.com\/c\/Bs2Lt"]}]}},"_links":{"self":[{"href":"https:\/\/bs2.lt\/lt\/wp-json\/wp\/v2\/product\/11393","targetHints":{"allow":["GET"]}}],"collection":[{"href":"https:\/\/bs2.lt\/lt\/wp-json\/wp\/v2\/product"}],"about":[{"href":"https:\/\/bs2.lt\/lt\/wp-json\/wp\/v2\/types\/product"}],"wp:featuredmedia":[{"embeddable":true,"href":"https:\/\/bs2.lt\/lt\/wp-json\/wp\/v2\/media\/7597"}],"wp:attachment":[{"href":"https:\/\/bs2.lt\/lt\/wp-json\/wp\/v2\/media?parent=11393"}],"wp:term":[{"taxonomy":"product_category","embeddable":true,"href":"https:\/\/bs2.lt\/lt\/wp-json\/wp\/v2\/product_category?post=11393"},{"taxonomy":"atm_series","embeddable":true,"href":"https:\/\/bs2.lt\/lt\/wp-json\/wp\/v2\/atm_series?post=11393"},{"taxonomy":"atm_cashflow","embeddable":true,"href":"https:\/\/bs2.lt\/lt\/wp-json\/wp\/v2\/atm_cashflow?post=11393"},{"taxonomy":"atm_type","embeddable":true,"href":"https:\/\/bs2.lt\/lt\/wp-json\/wp\/v2\/atm_type?post=11393"},{"taxonomy":"product-provider","embeddable":true,"href":"https:\/\/bs2.lt\/lt\/wp-json\/wp\/v2\/product-provider?post=11393"}],"curies":[{"name":"wp","href":"https:\/\/api.w.org\/{rel}","templated":true}]}}