{"id":47017,"date":"2024-12-16T10:13:23","date_gmt":"2024-12-16T08:13:23","guid":{"rendered":"https:\/\/bs2.lt\/?page_id=47017"},"modified":"2024-12-17T09:17:18","modified_gmt":"2024-12-17T07:17:18","slug":"informacijos-saugumo-nuostatai","status":"publish","type":"page","link":"https:\/\/bs2.lt\/lt\/informacijos-saugumo-nuostatai\/","title":{"rendered":"INFORMACIJOS SAUGUMO NUOSTATAI"},"content":{"rendered":"<table width=\"645\">\n<tbody>\n<tr>\n<td width=\"645\"><img loading=\"lazy\" decoding=\"async\" class=\"alignnone size-full wp-image-47008\" src=\"https:\/\/bs2.lt\/wp-content\/uploads\/2024\/12\/picture1.jpg\" alt=\"\" width=\"99\" height=\"120\" \/><\/td>\n<\/tr>\n<tr>\n<td width=\"645\"><strong>INFORMACIJOS SAUGUMO NUOSTATAI<\/strong><\/p>\n<p><strong>\u012emoni\u0173 grup\u0117<\/strong><\/p>\n<p>&#8222;<strong>PENKI KONTINENTAI<\/strong>&#8222;<\/td>\n<\/tr>\n<tr>\n<td width=\"645\">\n<table>\n<tbody>\n<tr>\n<td width=\"185\"><strong>Suk\u016brimo data<\/strong><\/td>\n<td width=\"445\">2024-12-05<\/td>\n<\/tr>\n<tr>\n<td width=\"185\"><strong>Statusas<\/strong><\/td>\n<td width=\"445\">Patvirtintas<\/td>\n<\/tr>\n<tr>\n<td width=\"185\"><strong>Bendrov\u0117<\/strong><\/td>\n<td width=\"445\">UAB &#8222;PENKI KONTINENTAI&#8221;<\/td>\n<\/tr>\n<\/tbody>\n<\/table>\n<\/td>\n<\/tr>\n<\/tbody>\n<\/table>\n<p><strong>1. BENDROSIOS NUOSTATOS<\/strong><\/p>\n<p>1.1. Informacijos konfidencialumas, vientisumas ir prieinamumas yra esmin\u0117s prielaidos ilgalaik\u0117ms verslo operacijoms, reputacijos palaikymui bei teisiniam ir finansiniam organizacijos saugumui. Informacijos saugumo (toliau \u2013 IS) nuostatai (toliau \u2013 Nuostatai) nustato pagrindinius PENKI\u0172 KONTINENT\u0172 GRUP\u0116S (toliau vadinama \u2013 Grup\u0117) taikomus informacijos saugumo principus visoje Grup\u0117s veikloje.<\/p>\n<p><strong>2. BENDRAS APRA\u0160YMAS<\/strong><\/p>\n<p>2.1. Visos Grup\u0117s instrukcijos, tvarkos ir proced\u016bros, susijusios su informacijos saugojimu, apdorojimu ir platinimu Grup\u0117s aplinkoje, o taip pat tre\u010diosioms \u0161alims, yra rengiamos vadovaujantis:<br \/>\n2.1.1. Europos S\u0105jungos ir Lietuvos Respublikos teis\u0117s aktais, reglamentuojan\u010diais Informacijos saugum\u0105 ir asmens duomen\u0173 tvarkym\u0105, \u012fskaitant Bendr\u0105j\u012f duomen\u0173 apsaugos reglament\u0105 (ES) 2016\/679 (toliau \u2013 BDAR);<br \/>\n2.1.2. Valstybin\u0117s duomen\u0173 apsaugos inspekcijos ir Europos duomen\u0173 apsaugos valdybos metodiniais nurodymais bei kitais teis\u0117s \u0161altiniais, susijusiais su Informacijos tvarkymu ir saugumu; 2.1.3. Bendrov\u0117s vidiniais dokumentais.<\/p>\n<p><strong>3. KOMPIUTERIN\u0116S IR PROGRAMIN\u0116S \u012eRANGOS SAUGUMAS<\/strong><\/p>\n<p>3.1. Pagrindiniai kompiuterin\u0117s ir programin\u0117s \u012frangos \u012fsigijimai vykdomi pagal patvirtintas \u012fsigijimo proced\u016bras ir esant reikalavimams kompiuterinei ir programinei \u012frangai (tame tarpe ir informacijos saugumui).<br \/>\n3.2. Darbas su \u012eranga vykdomas tik \u012fgaliot\u0173 darbuotoj\u0173 ar tre\u010di\u0173 \u0161ali\u0173 ir atitikti informacijos apsaugos politikas, tvarkas bei proced\u016bras.<br \/>\n3.3. Visos kritin\u0117s sistemos ar j\u0173 komponentai apr\u016bpinti nepertraukiamo maitinimo \u0161altiniais.<br \/>\n3.4. Darbuotojai, \u012fgalioti priimti sprendimus d\u0117l \u012erangos nuomos, u\u017etikrina, kad paslaugos perkamos i\u0161 \u012fmon\u0117s su gera reputacija, veikian\u010dios pagal atitinkamus standartus. Sudaromos paslaugos teikimo sutartys (SLA), atitinka Grup\u0117s poreikius ir reikalavimus.<br \/>\n3.5. \u012erangos dokumentacija savalaikiai atnaujinama, lengvai suprantama ir prieinama darbuotojams, atsakingiems u\u017e jos aptarnavim\u0105 ir remont\u0105.<\/p>\n<p><strong>4. TINKLAI IR TELEKOMUNIKACIJOS<\/strong><\/p>\n<p>4.1. Grup\u0117s tinklas projektuojamas ir konfig\u016bruojamas taip, kad u\u017etikrint\u0173 Grup\u0117s veiklai reikaling\u0105 na\u0161um\u0105, patikimum\u0105, tuo pa\u010diu u\u017etikrinant lankst\u0173 prieigos prie tinklo objekt\u0173 teisi\u0173 ir privilegij\u0173 suteikim\u0105 bei draudim\u0105.<br \/>\n4.2. Grup\u0117s tinklas valdomas kvalifikuot\u0173 specialist\u0173. Nauj\u0173 sistem\u0173 prijungimas prie Grup\u0117s tinklo pagr\u012fstas patikimumo, na\u0161umo ir saugumo u\u017etikrinimu.<\/p>\n<p><strong>5. FIZIN\u0116 APSAUGA<\/strong><\/p>\n<p>5.1. Tarnybini\u0173 sto\u010di\u0173 ir svarbiausi\u0173 tinklo \u012frengini\u0173 patalpos prieinamos tik tiems Grup\u0117s darbuotojams, kuriems \u0161i teis\u0117 suteikta auk\u0161\u010diausio vadovo \u012fsakymu.<br \/>\n5.2. Patalpos, kuriose yra kompiuteriai ir saugomi duomenys, apsaugotos nuo fizinio \u012fsilau\u017eimo, vagys\u010di\u0173, gaisro, potvynio ir kit\u0173 rizik\u0173.<br \/>\n5.3. Patalpos, kuriose yra kompiuteriai ir saugomi duomenys, atitinka keliamus aplinkos reikalavimus.<\/p>\n<p><strong>6. VEIKLOS T\u0118STINUMO PLANAS<\/strong><\/p>\n<p>6.1. Grup\u0117s vadovyb\u0117 inicijuoja Grup\u0117s veiklos t\u0119stinumo plano paruo\u0161im\u0105 ir reguliar\u0173 testavim\u0105.<\/p>\n<p><strong>7. VIE\u0160\u0172J\u0172 RY\u0160I\u0172 TINKL\u0172 IR ELEKTRONINI\u0172 RY\u0160I\u0172 PASLAUG\u0172 SAUGUMO VALDYMAS<\/strong><\/p>\n<p>7.1. Vie\u0161\u0173j\u0173 ry\u0161i\u0173 tinkl\u0173 ir elektronini\u0173 ry\u0161i\u0173 paslaug\u0173 saugumui u\u017etikrinti, incident\u0173 ir vientisumo pa\u017eeidim\u0173 prevencijai bei valdymui Grup\u0117je naudojamos organizacin\u0117s ir technin\u0117s priemon\u0117s:<br \/>\n7.1.1. \u012ediegtos apsaugos sistemos.<br \/>\n7.1.2. Atliekamas loginis \u012frangos saugumas.<br \/>\n7.1.3. Srauto duomenis tvarko tik \u012fgalioti asmenys.<\/p>\n<p><strong>8. NUOSTAT\u0172 VYKDYMAS<\/strong><\/p>\n<p>8.1. Nuostatai reguliariai per\u017ei\u016brimi ir atnaujinami pasikeitus teis\u0117s aktams, pasikeitus Grup\u0117s verslo poreikiams.<br \/>\n8.2. U\u017e Nuostatu pakeitimus ir tolimesn\u012f vystym\u0105 atsako UAB \u201ePenki\u0173 kontinent\u0173 komunikacij\u0173 centras\u201c Technologij\u0173 departamento vadovas (-\u0117).<br \/>\n8.3. Nuostatai privalomi visiems Grup\u0117s darbuotojams.<\/p>\n","protected":false},"excerpt":{"rendered":"<p>INFORMACIJOS SAUGUMO NUOSTATAI \u012emoni\u0173 grup\u0117 &#8222;PENKI KONTINENTAI&#8222; Suk\u016brimo data 2024-12-05 Statusas Patvirtintas Bendrov\u0117 UAB &#8222;PENKI KONTINENTAI&#8221; 1. BENDROSIOS NUOSTATOS 1.1. Informacijos konfidencialumas, vientisumas ir prieinamumas yra esmin\u0117s prielaidos ilgalaik\u0117ms verslo operacijoms, reputacijos palaikymui bei teisiniam ir finansiniam organizacijos saugumui. Informacijos saugumo (toliau \u2013 IS) nuostatai (toliau \u2013 Nuostatai) nustato pagrindinius PENKI\u0172 KONTINENT\u0172 GRUP\u0116S (toliau vadinama [&hellip;]<\/p>\n","protected":false},"author":15,"featured_media":0,"parent":0,"menu_order":0,"comment_status":"closed","ping_status":"closed","template":"","meta":{"_acf_changed":false,"inline_featured_image":false,"footnotes":""},"class_list":["post-47017","page","type-page","status-publish","hentry"],"acf":[],"yoast_head":"<!-- This site is optimized with the Yoast SEO plugin v26.2 - https:\/\/yoast.com\/wordpress\/plugins\/seo\/ -->\n<title>INFORMACIJOS SAUGUMO NUOSTATAI | BS\/2<\/title>\n<meta name=\"robots\" content=\"index, follow, max-snippet:-1, max-image-preview:large, max-video-preview:-1\" \/>\n<link rel=\"canonical\" href=\"https:\/\/bs2.lt\/lt\/informacijos-saugumo-nuostatai\/\" \/>\n<meta property=\"og:locale\" content=\"lt_LT\" \/>\n<meta property=\"og:type\" content=\"article\" \/>\n<meta property=\"og:title\" content=\"INFORMACIJOS SAUGUMO NUOSTATAI | BS\/2\" \/>\n<meta property=\"og:description\" content=\"INFORMACIJOS SAUGUMO NUOSTATAI \u012emoni\u0173 grup\u0117 &#8222;PENKI KONTINENTAI&#8222; Suk\u016brimo data 2024-12-05 Statusas Patvirtintas Bendrov\u0117 UAB &#8222;PENKI KONTINENTAI&#8221; 1. BENDROSIOS NUOSTATOS 1.1. Informacijos konfidencialumas, vientisumas ir prieinamumas yra esmin\u0117s prielaidos ilgalaik\u0117ms verslo operacijoms, reputacijos palaikymui bei teisiniam ir finansiniam organizacijos saugumui. Informacijos saugumo (toliau \u2013 IS) nuostatai (toliau \u2013 Nuostatai) nustato pagrindinius PENKI\u0172 KONTINENT\u0172 GRUP\u0116S (toliau vadinama [&hellip;]\" \/>\n<meta property=\"og:url\" content=\"https:\/\/bs2.lt\/lt\/informacijos-saugumo-nuostatai\/\" \/>\n<meta property=\"og:site_name\" content=\"BS\/2\" \/>\n<meta property=\"article:publisher\" content=\"https:\/\/www.facebook.com\/bs2solutions\/\" \/>\n<meta property=\"article:modified_time\" content=\"2024-12-17T07:17:18+00:00\" \/>\n<meta property=\"og:image\" content=\"https:\/\/bs2.lt\/wp-content\/uploads\/2024\/12\/picture1.jpg\" \/>\n<meta name=\"twitter:card\" content=\"summary_large_image\" \/>\n<meta name=\"twitter:label1\" content=\"Est. reading time\" \/>\n\t<meta name=\"twitter:data1\" content=\"3 minut\u0117s\" \/>\n<script type=\"application\/ld+json\" class=\"yoast-schema-graph\">{\"@context\":\"https:\/\/schema.org\",\"@graph\":[{\"@type\":\"WebPage\",\"@id\":\"https:\/\/bs2.lt\/lt\/informacijos-saugumo-nuostatai\/\",\"url\":\"https:\/\/bs2.lt\/lt\/informacijos-saugumo-nuostatai\/\",\"name\":\"INFORMACIJOS SAUGUMO NUOSTATAI | BS\/2\",\"isPartOf\":{\"@id\":\"https:\/\/bs2.lt\/#website\"},\"primaryImageOfPage\":{\"@id\":\"https:\/\/bs2.lt\/lt\/informacijos-saugumo-nuostatai\/#primaryimage\"},\"image\":{\"@id\":\"https:\/\/bs2.lt\/lt\/informacijos-saugumo-nuostatai\/#primaryimage\"},\"thumbnailUrl\":\"https:\/\/bs2.lt\/wp-content\/uploads\/2024\/12\/picture1.jpg\",\"datePublished\":\"2024-12-16T08:13:23+00:00\",\"dateModified\":\"2024-12-17T07:17:18+00:00\",\"breadcrumb\":{\"@id\":\"https:\/\/bs2.lt\/lt\/informacijos-saugumo-nuostatai\/#breadcrumb\"},\"inLanguage\":\"lt-LT\",\"potentialAction\":[{\"@type\":\"ReadAction\",\"target\":[\"https:\/\/bs2.lt\/lt\/informacijos-saugumo-nuostatai\/\"]}]},{\"@type\":\"ImageObject\",\"inLanguage\":\"lt-LT\",\"@id\":\"https:\/\/bs2.lt\/lt\/informacijos-saugumo-nuostatai\/#primaryimage\",\"url\":\"https:\/\/bs2.lt\/wp-content\/uploads\/2024\/12\/picture1.jpg\",\"contentUrl\":\"https:\/\/bs2.lt\/wp-content\/uploads\/2024\/12\/picture1.jpg\"},{\"@type\":\"BreadcrumbList\",\"@id\":\"https:\/\/bs2.lt\/lt\/informacijos-saugumo-nuostatai\/#breadcrumb\",\"itemListElement\":[{\"@type\":\"ListItem\",\"position\":1,\"name\":\"Home\",\"item\":\"https:\/\/bs2.lt\/lt\/\"},{\"@type\":\"ListItem\",\"position\":2,\"name\":\"INFORMACIJOS SAUGUMO NUOSTATAI\"}]},{\"@type\":\"WebSite\",\"@id\":\"https:\/\/bs2.lt\/#website\",\"url\":\"https:\/\/bs2.lt\/\",\"name\":\"BS\/2\",\"description\":\"Banking and retail technology company\",\"publisher\":{\"@id\":\"https:\/\/bs2.lt\/#organization\"},\"potentialAction\":[{\"@type\":\"SearchAction\",\"target\":{\"@type\":\"EntryPoint\",\"urlTemplate\":\"https:\/\/bs2.lt\/?s={search_term_string}\"},\"query-input\":{\"@type\":\"PropertyValueSpecification\",\"valueRequired\":true,\"valueName\":\"search_term_string\"}}],\"inLanguage\":\"lt-LT\"},{\"@type\":\"Organization\",\"@id\":\"https:\/\/bs2.lt\/#organization\",\"name\":\"BS\/2\",\"url\":\"https:\/\/bs2.lt\/\",\"logo\":{\"@type\":\"ImageObject\",\"inLanguage\":\"lt-LT\",\"@id\":\"https:\/\/bs2.lt\/#\/schema\/logo\/image\/\",\"url\":\"https:\/\/bs2.lt\/wp-content\/uploads\/2022\/08\/bs2-logo.svg\",\"contentUrl\":\"https:\/\/bs2.lt\/wp-content\/uploads\/2022\/08\/bs2-logo.svg\",\"width\":100,\"height\":57,\"caption\":\"BS\/2\"},\"image\":{\"@id\":\"https:\/\/bs2.lt\/#\/schema\/logo\/image\/\"},\"sameAs\":[\"https:\/\/www.facebook.com\/bs2solutions\/\",\"https:\/\/www.linkedin.com\/showcase\/bs2solutions\",\"https:\/\/www.youtube.com\/c\/Bs2Lt\"]}]}<\/script>\n<!-- \/ Yoast SEO plugin. -->","yoast_head_json":{"title":"INFORMACIJOS SAUGUMO NUOSTATAI | BS\/2","robots":{"index":"index","follow":"follow","max-snippet":"max-snippet:-1","max-image-preview":"max-image-preview:large","max-video-preview":"max-video-preview:-1"},"canonical":"https:\/\/bs2.lt\/lt\/informacijos-saugumo-nuostatai\/","og_locale":"lt_LT","og_type":"article","og_title":"INFORMACIJOS SAUGUMO NUOSTATAI | BS\/2","og_description":"INFORMACIJOS SAUGUMO NUOSTATAI \u012emoni\u0173 grup\u0117 &#8222;PENKI KONTINENTAI&#8222; Suk\u016brimo data 2024-12-05 Statusas Patvirtintas Bendrov\u0117 UAB &#8222;PENKI KONTINENTAI&#8221; 1. BENDROSIOS NUOSTATOS 1.1. Informacijos konfidencialumas, vientisumas ir prieinamumas yra esmin\u0117s prielaidos ilgalaik\u0117ms verslo operacijoms, reputacijos palaikymui bei teisiniam ir finansiniam organizacijos saugumui. Informacijos saugumo (toliau \u2013 IS) nuostatai (toliau \u2013 Nuostatai) nustato pagrindinius PENKI\u0172 KONTINENT\u0172 GRUP\u0116S (toliau vadinama [&hellip;]","og_url":"https:\/\/bs2.lt\/lt\/informacijos-saugumo-nuostatai\/","og_site_name":"BS\/2","article_publisher":"https:\/\/www.facebook.com\/bs2solutions\/","article_modified_time":"2024-12-17T07:17:18+00:00","og_image":[{"url":"https:\/\/bs2.lt\/wp-content\/uploads\/2024\/12\/picture1.jpg","type":"","width":"","height":""}],"twitter_card":"summary_large_image","twitter_misc":{"Est. reading time":"3 minut\u0117s"},"schema":{"@context":"https:\/\/schema.org","@graph":[{"@type":"WebPage","@id":"https:\/\/bs2.lt\/lt\/informacijos-saugumo-nuostatai\/","url":"https:\/\/bs2.lt\/lt\/informacijos-saugumo-nuostatai\/","name":"INFORMACIJOS SAUGUMO NUOSTATAI | BS\/2","isPartOf":{"@id":"https:\/\/bs2.lt\/#website"},"primaryImageOfPage":{"@id":"https:\/\/bs2.lt\/lt\/informacijos-saugumo-nuostatai\/#primaryimage"},"image":{"@id":"https:\/\/bs2.lt\/lt\/informacijos-saugumo-nuostatai\/#primaryimage"},"thumbnailUrl":"https:\/\/bs2.lt\/wp-content\/uploads\/2024\/12\/picture1.jpg","datePublished":"2024-12-16T08:13:23+00:00","dateModified":"2024-12-17T07:17:18+00:00","breadcrumb":{"@id":"https:\/\/bs2.lt\/lt\/informacijos-saugumo-nuostatai\/#breadcrumb"},"inLanguage":"lt-LT","potentialAction":[{"@type":"ReadAction","target":["https:\/\/bs2.lt\/lt\/informacijos-saugumo-nuostatai\/"]}]},{"@type":"ImageObject","inLanguage":"lt-LT","@id":"https:\/\/bs2.lt\/lt\/informacijos-saugumo-nuostatai\/#primaryimage","url":"https:\/\/bs2.lt\/wp-content\/uploads\/2024\/12\/picture1.jpg","contentUrl":"https:\/\/bs2.lt\/wp-content\/uploads\/2024\/12\/picture1.jpg"},{"@type":"BreadcrumbList","@id":"https:\/\/bs2.lt\/lt\/informacijos-saugumo-nuostatai\/#breadcrumb","itemListElement":[{"@type":"ListItem","position":1,"name":"Home","item":"https:\/\/bs2.lt\/lt\/"},{"@type":"ListItem","position":2,"name":"INFORMACIJOS SAUGUMO NUOSTATAI"}]},{"@type":"WebSite","@id":"https:\/\/bs2.lt\/#website","url":"https:\/\/bs2.lt\/","name":"BS\/2","description":"Banking and retail technology company","publisher":{"@id":"https:\/\/bs2.lt\/#organization"},"potentialAction":[{"@type":"SearchAction","target":{"@type":"EntryPoint","urlTemplate":"https:\/\/bs2.lt\/?s={search_term_string}"},"query-input":{"@type":"PropertyValueSpecification","valueRequired":true,"valueName":"search_term_string"}}],"inLanguage":"lt-LT"},{"@type":"Organization","@id":"https:\/\/bs2.lt\/#organization","name":"BS\/2","url":"https:\/\/bs2.lt\/","logo":{"@type":"ImageObject","inLanguage":"lt-LT","@id":"https:\/\/bs2.lt\/#\/schema\/logo\/image\/","url":"https:\/\/bs2.lt\/wp-content\/uploads\/2022\/08\/bs2-logo.svg","contentUrl":"https:\/\/bs2.lt\/wp-content\/uploads\/2022\/08\/bs2-logo.svg","width":100,"height":57,"caption":"BS\/2"},"image":{"@id":"https:\/\/bs2.lt\/#\/schema\/logo\/image\/"},"sameAs":["https:\/\/www.facebook.com\/bs2solutions\/","https:\/\/www.linkedin.com\/showcase\/bs2solutions","https:\/\/www.youtube.com\/c\/Bs2Lt"]}]}},"_links":{"self":[{"href":"https:\/\/bs2.lt\/lt\/wp-json\/wp\/v2\/pages\/47017","targetHints":{"allow":["GET"]}}],"collection":[{"href":"https:\/\/bs2.lt\/lt\/wp-json\/wp\/v2\/pages"}],"about":[{"href":"https:\/\/bs2.lt\/lt\/wp-json\/wp\/v2\/types\/page"}],"author":[{"embeddable":true,"href":"https:\/\/bs2.lt\/lt\/wp-json\/wp\/v2\/users\/15"}],"replies":[{"embeddable":true,"href":"https:\/\/bs2.lt\/lt\/wp-json\/wp\/v2\/comments?post=47017"}],"version-history":[{"count":2,"href":"https:\/\/bs2.lt\/lt\/wp-json\/wp\/v2\/pages\/47017\/revisions"}],"predecessor-version":[{"id":47374,"href":"https:\/\/bs2.lt\/lt\/wp-json\/wp\/v2\/pages\/47017\/revisions\/47374"}],"wp:attachment":[{"href":"https:\/\/bs2.lt\/lt\/wp-json\/wp\/v2\/media?parent=47017"}],"curies":[{"name":"wp","href":"https:\/\/api.w.org\/{rel}","templated":true}]}}