{"id":46850,"date":"2024-11-27T10:51:51","date_gmt":"2024-11-27T08:51:51","guid":{"rendered":"https:\/\/bs2.lt\/?page_id=46850"},"modified":"2024-11-27T10:57:34","modified_gmt":"2024-11-27T08:57:34","slug":"svietimo-partneriai","status":"publish","type":"page","link":"https:\/\/bs2.lt\/lt\/karjera\/svietimo-partneriai\/","title":{"rendered":"\u0160vietimo partneriai"},"content":{"rendered":"<p><span data-contrast=\"auto\">\u012emoni\u0173 grup\u0117 \u201ePenki kontinentai\u201c ir jai priklausanti BS\/2 aktyviai bendradarbiauja su \u0161vietimo \u012fstaigomis: \u201eVilnius coding school\u201c, SMK, Vilniaus technologij\u0173 ir dizaino kolegija, Balstog\u0117s universitetu bei kt.\u00a0<\/span><span data-ccp-props=\"{&quot;134233117&quot;:false,&quot;134233118&quot;:false,&quot;335551550&quot;:6,&quot;335551620&quot;:6,&quot;335559738&quot;:0,&quot;335559739&quot;:0}\">\u00a0<\/span><\/p>\n<p><span data-contrast=\"auto\">Priimame studentus atlikti praktik\u0105, organizuojame ekskursijas po \u012fmoni\u0173 grup\u0117s patalpas, kur supa\u017eindiname studentus su \u012fvairiomis profesijomis ir darbo pob\u016bd\u017eiu. Studentams \u2013 tai puikus b\u016bdas i\u0161bandyti dominan\u010dias profesijas ir pritaikyti \u012fgytas teorines \u017einias prakti\u0161kai, mums \u2013 galimyb\u0117 atrasti nauj\u0173 perspektyvi\u0173 darbuotoj\u0173.\u00a0<\/span><span data-ccp-props=\"{&quot;134233117&quot;:false,&quot;134233118&quot;:false,&quot;335551550&quot;:6,&quot;335551620&quot;:6,&quot;335559738&quot;:0,&quot;335559739&quot;:0}\">\u00a0<\/span><\/p>\n<p><span data-contrast=\"auto\">D\u017eiaugiam\u0117s, kad studentai renkasi m\u016bs\u0173 \u012fmon\u0119 vertingai patir\u010diai ir profesiniam tobul\u0117jimui, o kai kurie tampa m\u016bs\u0173 komandos nariais. Beveik pus\u0117 student\u0173 po praktikos liko dirbti BS\/2, jie sudaro 8 % vis\u0173 \u012fmon\u0117s darbuotoj\u0173.<\/span><span data-ccp-props=\"{&quot;134233117&quot;:false,&quot;134233118&quot;:false,&quot;335551550&quot;:6,&quot;335551620&quot;:6,&quot;335559738&quot;:0,&quot;335559739&quot;:0}\">\u00a0<\/span><\/p>\n<p>&nbsp;<\/p>\n","protected":false},"excerpt":{"rendered":"<p>\u012emoni\u0173 grup\u0117 \u201ePenki kontinentai\u201c ir jai priklausanti BS\/2 aktyviai bendradarbiauja su \u0161vietimo \u012fstaigomis: \u201eVilnius coding school\u201c, SMK, Vilniaus technologij\u0173 ir dizaino kolegija, Balstog\u0117s universitetu bei kt.\u00a0\u00a0 Priimame studentus atlikti praktik\u0105, organizuojame ekskursijas po \u012fmoni\u0173 grup\u0117s patalpas, kur supa\u017eindiname studentus su \u012fvairiomis profesijomis ir darbo pob\u016bd\u017eiu. Studentams \u2013 tai puikus b\u016bdas i\u0161bandyti dominan\u010dias profesijas ir pritaikyti [&hellip;]<\/p>\n","protected":false},"author":19,"featured_media":46843,"parent":33013,"menu_order":0,"comment_status":"closed","ping_status":"closed","template":"templates\/articles1.php","meta":{"_acf_changed":false,"inline_featured_image":false,"footnotes":""},"class_list":["post-46850","page","type-page","status-publish","has-post-thumbnail","hentry"],"acf":[],"yoast_head":"<!-- This site is optimized with the Yoast SEO plugin v26.2 - https:\/\/yoast.com\/wordpress\/plugins\/seo\/ -->\n<title>\u0160vietimo partneriai | BS\/2<\/title>\n<meta name=\"description\" content=\"\u012emoni\u0173 grup\u0117 \u201ePenki kontinentai\u201c ir jai priklausanti BS\/2 aktyviai bendradarbiauja su \u0161vietimo \u012fstaigomis: \u201eVilnius coding school\u201c, SMK, Vilniaus technologij\u0173 ir dizaino kolegija, Balstog\u0117s universitetu bei kt.\u00a0\u00a0Priimame studentus atlikti praktik\u0105, organizuojame ekskursijas po \u012fmoni\u0173 grup\u0117s patalpas, kur supa\u017eindiname studentus su \u012fvairiomis profesijomis ir darbo pob\u016bd\u017eiu. Studentams \u2013 tai puikus b\u016bdas i\u0161bandyti dominan\u010dias profesijas ir pritaikyti \u012fgytas teorines \u017einias prakti\u0161kai, mums \u2013 galimyb\u0117 atrasti nauj\u0173 perspektyvi\u0173 darbuotoj\u0173.\u00a0\" \/>\n<meta name=\"robots\" content=\"index, follow, max-snippet:-1, max-image-preview:large, max-video-preview:-1\" \/>\n<link rel=\"canonical\" href=\"https:\/\/bs2.lt\/lt\/karjera\/svietimo-partneriai\/\" \/>\n<meta property=\"og:locale\" content=\"lt_LT\" \/>\n<meta property=\"og:type\" content=\"article\" \/>\n<meta property=\"og:title\" content=\"\u0160vietimo partneriai | BS\/2\" \/>\n<meta property=\"og:description\" content=\"\u012emoni\u0173 grup\u0117 \u201ePenki kontinentai\u201c ir jai priklausanti BS\/2 aktyviai bendradarbiauja su \u0161vietimo \u012fstaigomis: \u201eVilnius coding school\u201c, SMK, Vilniaus technologij\u0173 ir dizaino kolegija, Balstog\u0117s universitetu bei kt.\u00a0\u00a0Priimame studentus atlikti praktik\u0105, organizuojame ekskursijas po \u012fmoni\u0173 grup\u0117s patalpas, kur supa\u017eindiname studentus su \u012fvairiomis profesijomis ir darbo pob\u016bd\u017eiu. Studentams \u2013 tai puikus b\u016bdas i\u0161bandyti dominan\u010dias profesijas ir pritaikyti \u012fgytas teorines \u017einias prakti\u0161kai, mums \u2013 galimyb\u0117 atrasti nauj\u0173 perspektyvi\u0173 darbuotoj\u0173.\u00a0\" \/>\n<meta property=\"og:url\" content=\"https:\/\/bs2.lt\/lt\/karjera\/svietimo-partneriai\/\" \/>\n<meta property=\"og:site_name\" content=\"BS\/2\" \/>\n<meta property=\"article:publisher\" content=\"https:\/\/www.facebook.com\/bs2solutions\/\" \/>\n<meta property=\"article:modified_time\" content=\"2024-11-27T08:57:34+00:00\" \/>\n<meta property=\"og:image\" content=\"https:\/\/bs2.lt\/wp-content\/uploads\/2024\/11\/l5_1118-edit-cover-copy.jpg\" \/>\n\t<meta property=\"og:image:width\" content=\"800\" \/>\n\t<meta property=\"og:image:height\" content=\"533\" \/>\n\t<meta property=\"og:image:type\" content=\"image\/jpeg\" \/>\n<meta name=\"twitter:card\" content=\"summary_large_image\" \/>\n<meta name=\"twitter:label1\" content=\"Est. reading time\" \/>\n\t<meta name=\"twitter:data1\" content=\"1 minut\u0117\" \/>\n<script type=\"application\/ld+json\" class=\"yoast-schema-graph\">{\"@context\":\"https:\/\/schema.org\",\"@graph\":[{\"@type\":\"WebPage\",\"@id\":\"https:\/\/bs2.lt\/lt\/karjera\/svietimo-partneriai\/\",\"url\":\"https:\/\/bs2.lt\/lt\/karjera\/svietimo-partneriai\/\",\"name\":\"\u0160vietimo partneriai | BS\/2\",\"isPartOf\":{\"@id\":\"https:\/\/bs2.lt\/#website\"},\"primaryImageOfPage\":{\"@id\":\"https:\/\/bs2.lt\/lt\/karjera\/svietimo-partneriai\/#primaryimage\"},\"image\":{\"@id\":\"https:\/\/bs2.lt\/lt\/karjera\/svietimo-partneriai\/#primaryimage\"},\"thumbnailUrl\":\"https:\/\/bs2.lt\/wp-content\/uploads\/2024\/11\/l5_1118-edit-cover-copy.jpg\",\"datePublished\":\"2024-11-27T08:51:51+00:00\",\"dateModified\":\"2024-11-27T08:57:34+00:00\",\"description\":\"\u012emoni\u0173 grup\u0117 \u201ePenki kontinentai\u201c ir jai priklausanti BS\/2 aktyviai bendradarbiauja su \u0161vietimo \u012fstaigomis: \u201eVilnius coding school\u201c, SMK, Vilniaus technologij\u0173 ir dizaino kolegija, Balstog\u0117s universitetu bei kt.\u00a0\u00a0Priimame studentus atlikti praktik\u0105, organizuojame ekskursijas po \u012fmoni\u0173 grup\u0117s patalpas, kur supa\u017eindiname studentus su \u012fvairiomis profesijomis ir darbo pob\u016bd\u017eiu. Studentams \u2013 tai puikus b\u016bdas i\u0161bandyti dominan\u010dias profesijas ir pritaikyti \u012fgytas teorines \u017einias prakti\u0161kai, mums \u2013 galimyb\u0117 atrasti nauj\u0173 perspektyvi\u0173 darbuotoj\u0173.\u00a0\",\"breadcrumb\":{\"@id\":\"https:\/\/bs2.lt\/lt\/karjera\/svietimo-partneriai\/#breadcrumb\"},\"inLanguage\":\"lt-LT\",\"potentialAction\":[{\"@type\":\"ReadAction\",\"target\":[\"https:\/\/bs2.lt\/lt\/karjera\/svietimo-partneriai\/\"]}]},{\"@type\":\"ImageObject\",\"inLanguage\":\"lt-LT\",\"@id\":\"https:\/\/bs2.lt\/lt\/karjera\/svietimo-partneriai\/#primaryimage\",\"url\":\"https:\/\/bs2.lt\/wp-content\/uploads\/2024\/11\/l5_1118-edit-cover-copy.jpg\",\"contentUrl\":\"https:\/\/bs2.lt\/wp-content\/uploads\/2024\/11\/l5_1118-edit-cover-copy.jpg\",\"width\":800,\"height\":533},{\"@type\":\"BreadcrumbList\",\"@id\":\"https:\/\/bs2.lt\/lt\/karjera\/svietimo-partneriai\/#breadcrumb\",\"itemListElement\":[{\"@type\":\"ListItem\",\"position\":1,\"name\":\"Home\",\"item\":\"https:\/\/bs2.lt\/lt\/\"},{\"@type\":\"ListItem\",\"position\":2,\"name\":\"Karjera\",\"item\":\"https:\/\/bs2.lt\/lt\/karjera\/\"},{\"@type\":\"ListItem\",\"position\":3,\"name\":\"\u0160vietimo partneriai\"}]},{\"@type\":\"WebSite\",\"@id\":\"https:\/\/bs2.lt\/#website\",\"url\":\"https:\/\/bs2.lt\/\",\"name\":\"BS\/2\",\"description\":\"Banking and retail technology company\",\"publisher\":{\"@id\":\"https:\/\/bs2.lt\/#organization\"},\"potentialAction\":[{\"@type\":\"SearchAction\",\"target\":{\"@type\":\"EntryPoint\",\"urlTemplate\":\"https:\/\/bs2.lt\/?s={search_term_string}\"},\"query-input\":{\"@type\":\"PropertyValueSpecification\",\"valueRequired\":true,\"valueName\":\"search_term_string\"}}],\"inLanguage\":\"lt-LT\"},{\"@type\":\"Organization\",\"@id\":\"https:\/\/bs2.lt\/#organization\",\"name\":\"BS\/2\",\"url\":\"https:\/\/bs2.lt\/\",\"logo\":{\"@type\":\"ImageObject\",\"inLanguage\":\"lt-LT\",\"@id\":\"https:\/\/bs2.lt\/#\/schema\/logo\/image\/\",\"url\":\"https:\/\/bs2.lt\/wp-content\/uploads\/2022\/08\/bs2-logo.svg\",\"contentUrl\":\"https:\/\/bs2.lt\/wp-content\/uploads\/2022\/08\/bs2-logo.svg\",\"width\":100,\"height\":57,\"caption\":\"BS\/2\"},\"image\":{\"@id\":\"https:\/\/bs2.lt\/#\/schema\/logo\/image\/\"},\"sameAs\":[\"https:\/\/www.facebook.com\/bs2solutions\/\",\"https:\/\/www.linkedin.com\/showcase\/bs2solutions\",\"https:\/\/www.youtube.com\/c\/Bs2Lt\"]}]}<\/script>\n<!-- \/ Yoast SEO plugin. -->","yoast_head_json":{"title":"\u0160vietimo partneriai | BS\/2","description":"\u012emoni\u0173 grup\u0117 \u201ePenki kontinentai\u201c ir jai priklausanti BS\/2 aktyviai bendradarbiauja su \u0161vietimo \u012fstaigomis: \u201eVilnius coding school\u201c, SMK, Vilniaus technologij\u0173 ir dizaino kolegija, Balstog\u0117s universitetu bei kt.\u00a0\u00a0Priimame studentus atlikti praktik\u0105, organizuojame ekskursijas po \u012fmoni\u0173 grup\u0117s patalpas, kur supa\u017eindiname studentus su \u012fvairiomis profesijomis ir darbo pob\u016bd\u017eiu. Studentams \u2013 tai puikus b\u016bdas i\u0161bandyti dominan\u010dias profesijas ir pritaikyti \u012fgytas teorines \u017einias prakti\u0161kai, mums \u2013 galimyb\u0117 atrasti nauj\u0173 perspektyvi\u0173 darbuotoj\u0173.\u00a0","robots":{"index":"index","follow":"follow","max-snippet":"max-snippet:-1","max-image-preview":"max-image-preview:large","max-video-preview":"max-video-preview:-1"},"canonical":"https:\/\/bs2.lt\/lt\/karjera\/svietimo-partneriai\/","og_locale":"lt_LT","og_type":"article","og_title":"\u0160vietimo partneriai | BS\/2","og_description":"\u012emoni\u0173 grup\u0117 \u201ePenki kontinentai\u201c ir jai priklausanti BS\/2 aktyviai bendradarbiauja su \u0161vietimo \u012fstaigomis: \u201eVilnius coding school\u201c, SMK, Vilniaus technologij\u0173 ir dizaino kolegija, Balstog\u0117s universitetu bei kt.\u00a0\u00a0Priimame studentus atlikti praktik\u0105, organizuojame ekskursijas po \u012fmoni\u0173 grup\u0117s patalpas, kur supa\u017eindiname studentus su \u012fvairiomis profesijomis ir darbo pob\u016bd\u017eiu. Studentams \u2013 tai puikus b\u016bdas i\u0161bandyti dominan\u010dias profesijas ir pritaikyti \u012fgytas teorines \u017einias prakti\u0161kai, mums \u2013 galimyb\u0117 atrasti nauj\u0173 perspektyvi\u0173 darbuotoj\u0173.\u00a0","og_url":"https:\/\/bs2.lt\/lt\/karjera\/svietimo-partneriai\/","og_site_name":"BS\/2","article_publisher":"https:\/\/www.facebook.com\/bs2solutions\/","article_modified_time":"2024-11-27T08:57:34+00:00","og_image":[{"width":800,"height":533,"url":"https:\/\/bs2.lt\/wp-content\/uploads\/2024\/11\/l5_1118-edit-cover-copy.jpg","type":"image\/jpeg"}],"twitter_card":"summary_large_image","twitter_misc":{"Est. reading time":"1 minut\u0117"},"schema":{"@context":"https:\/\/schema.org","@graph":[{"@type":"WebPage","@id":"https:\/\/bs2.lt\/lt\/karjera\/svietimo-partneriai\/","url":"https:\/\/bs2.lt\/lt\/karjera\/svietimo-partneriai\/","name":"\u0160vietimo partneriai | BS\/2","isPartOf":{"@id":"https:\/\/bs2.lt\/#website"},"primaryImageOfPage":{"@id":"https:\/\/bs2.lt\/lt\/karjera\/svietimo-partneriai\/#primaryimage"},"image":{"@id":"https:\/\/bs2.lt\/lt\/karjera\/svietimo-partneriai\/#primaryimage"},"thumbnailUrl":"https:\/\/bs2.lt\/wp-content\/uploads\/2024\/11\/l5_1118-edit-cover-copy.jpg","datePublished":"2024-11-27T08:51:51+00:00","dateModified":"2024-11-27T08:57:34+00:00","description":"\u012emoni\u0173 grup\u0117 \u201ePenki kontinentai\u201c ir jai priklausanti BS\/2 aktyviai bendradarbiauja su \u0161vietimo \u012fstaigomis: \u201eVilnius coding school\u201c, SMK, Vilniaus technologij\u0173 ir dizaino kolegija, Balstog\u0117s universitetu bei kt.\u00a0\u00a0Priimame studentus atlikti praktik\u0105, organizuojame ekskursijas po \u012fmoni\u0173 grup\u0117s patalpas, kur supa\u017eindiname studentus su \u012fvairiomis profesijomis ir darbo pob\u016bd\u017eiu. Studentams \u2013 tai puikus b\u016bdas i\u0161bandyti dominan\u010dias profesijas ir pritaikyti \u012fgytas teorines \u017einias prakti\u0161kai, mums \u2013 galimyb\u0117 atrasti nauj\u0173 perspektyvi\u0173 darbuotoj\u0173.\u00a0","breadcrumb":{"@id":"https:\/\/bs2.lt\/lt\/karjera\/svietimo-partneriai\/#breadcrumb"},"inLanguage":"lt-LT","potentialAction":[{"@type":"ReadAction","target":["https:\/\/bs2.lt\/lt\/karjera\/svietimo-partneriai\/"]}]},{"@type":"ImageObject","inLanguage":"lt-LT","@id":"https:\/\/bs2.lt\/lt\/karjera\/svietimo-partneriai\/#primaryimage","url":"https:\/\/bs2.lt\/wp-content\/uploads\/2024\/11\/l5_1118-edit-cover-copy.jpg","contentUrl":"https:\/\/bs2.lt\/wp-content\/uploads\/2024\/11\/l5_1118-edit-cover-copy.jpg","width":800,"height":533},{"@type":"BreadcrumbList","@id":"https:\/\/bs2.lt\/lt\/karjera\/svietimo-partneriai\/#breadcrumb","itemListElement":[{"@type":"ListItem","position":1,"name":"Home","item":"https:\/\/bs2.lt\/lt\/"},{"@type":"ListItem","position":2,"name":"Karjera","item":"https:\/\/bs2.lt\/lt\/karjera\/"},{"@type":"ListItem","position":3,"name":"\u0160vietimo partneriai"}]},{"@type":"WebSite","@id":"https:\/\/bs2.lt\/#website","url":"https:\/\/bs2.lt\/","name":"BS\/2","description":"Banking and retail technology company","publisher":{"@id":"https:\/\/bs2.lt\/#organization"},"potentialAction":[{"@type":"SearchAction","target":{"@type":"EntryPoint","urlTemplate":"https:\/\/bs2.lt\/?s={search_term_string}"},"query-input":{"@type":"PropertyValueSpecification","valueRequired":true,"valueName":"search_term_string"}}],"inLanguage":"lt-LT"},{"@type":"Organization","@id":"https:\/\/bs2.lt\/#organization","name":"BS\/2","url":"https:\/\/bs2.lt\/","logo":{"@type":"ImageObject","inLanguage":"lt-LT","@id":"https:\/\/bs2.lt\/#\/schema\/logo\/image\/","url":"https:\/\/bs2.lt\/wp-content\/uploads\/2022\/08\/bs2-logo.svg","contentUrl":"https:\/\/bs2.lt\/wp-content\/uploads\/2022\/08\/bs2-logo.svg","width":100,"height":57,"caption":"BS\/2"},"image":{"@id":"https:\/\/bs2.lt\/#\/schema\/logo\/image\/"},"sameAs":["https:\/\/www.facebook.com\/bs2solutions\/","https:\/\/www.linkedin.com\/showcase\/bs2solutions","https:\/\/www.youtube.com\/c\/Bs2Lt"]}]}},"_links":{"self":[{"href":"https:\/\/bs2.lt\/lt\/wp-json\/wp\/v2\/pages\/46850","targetHints":{"allow":["GET"]}}],"collection":[{"href":"https:\/\/bs2.lt\/lt\/wp-json\/wp\/v2\/pages"}],"about":[{"href":"https:\/\/bs2.lt\/lt\/wp-json\/wp\/v2\/types\/page"}],"author":[{"embeddable":true,"href":"https:\/\/bs2.lt\/lt\/wp-json\/wp\/v2\/users\/19"}],"replies":[{"embeddable":true,"href":"https:\/\/bs2.lt\/lt\/wp-json\/wp\/v2\/comments?post=46850"}],"version-history":[{"count":3,"href":"https:\/\/bs2.lt\/lt\/wp-json\/wp\/v2\/pages\/46850\/revisions"}],"predecessor-version":[{"id":46864,"href":"https:\/\/bs2.lt\/lt\/wp-json\/wp\/v2\/pages\/46850\/revisions\/46864"}],"up":[{"embeddable":true,"href":"https:\/\/bs2.lt\/lt\/wp-json\/wp\/v2\/pages\/33013"}],"wp:featuredmedia":[{"embeddable":true,"href":"https:\/\/bs2.lt\/lt\/wp-json\/wp\/v2\/media\/46843"}],"wp:attachment":[{"href":"https:\/\/bs2.lt\/lt\/wp-json\/wp\/v2\/media?parent=46850"}],"curies":[{"name":"wp","href":"https:\/\/api.w.org\/{rel}","templated":true}]}}