{"id":33009,"date":"2022-11-30T17:13:49","date_gmt":"2022-11-30T15:13:49","guid":{"rendered":"https:\/\/bs2.lt\/bonusy\/"},"modified":"2024-07-16T14:50:42","modified_gmt":"2024-07-16T11:50:42","slug":"naudos-darbuotojams","status":"publish","type":"page","link":"https:\/\/bs2.lt\/lt\/karjera\/naudos-darbuotojams\/","title":{"rendered":"Naudos darbuotojams"},"content":{"rendered":"<p>R\u016bpinam\u0117s savo darbuotoj\u0173 gerove, tod\u0117l \u012freng\u0117me savo biur\u0105 taip, kad \u010dia visi jaust\u0173si jaukiai ir patogiai. Be to, si\u016blome papildom\u0173 naud\u0173.<\/p>\n<p><strong>Vaisi\u0173 pirmadienis<\/strong> \u2013 kiekvien\u0105 savait\u0119 pradedame \u0161vie\u017eia vitamin\u0173 doze. Visi biuro darbuotojai vai\u0161inami vaisiais.<\/p>\n<p>Skatiname darbuotoj\u0173 savi\u0161viet\u0105. Turime <strong>bibliotek\u0105<\/strong>, kurioje galima rasti ir menin\u0117s, ir profesin\u0117s literat\u016bros. Na, o jei dominan\u010dios knygos \u010dia nerandate, galite papra\u0161yti, kad j\u0105 u\u017esakytume.<\/p>\n<p>BS\/2 biure Vilniuje \u012frengta <strong>sporto erdv\u0117<\/strong>, kurioje galima pa\u017eaisti stalo tenis\u0105, oro ritul\u012f, pam\u0117tyti smigin\u012f. \u010cia rasite ir treniruokli\u0173, aktyviam sportui reikiamo inventoriaus.<\/p>\n<p>Per darbo pertrauk\u0117l\u0119 galima pasikviesti koleg\u0105 pasivar\u017eyti virtualioje erdv\u0117je \u2013 turime \u012fsireng\u0119 ir <strong>kompiuterini\u0173 \u017eaidim\u0173 kambar\u012f<\/strong>.<\/p>\n<p>Ir tai dar ne viskas! M\u0117gstantys men\u0105 kvie\u010diami apsilankyti \u0161alia darboviet\u0117s pastato \u012fsik\u016brusioje \u201ePenki\u0173 kontinent\u0173\u201c <strong>meno galerijoje<\/strong>, kurioje eksponuojama gausyb\u0117 talenting\u0173 meninink\u0173 i\u0161 viso pasaulio darb\u0173. \u010cia galima u\u017eeiti pasisemti \u012fkv\u0117pimo ar tiesiog pakeisti aplink\u0105, organizuoti darbo susirinkimus, susitikimus su sve\u010diais. O \u0161alia \u012frengtame <strong>demonstraciniame i\u0161maniajame b\u016bste<\/strong> \u0161iuolaikini\u0173 technologij\u0173 ir meno apsuptyje galima vesti mokymus.<\/p>\n<p>UAB \u201ePenki\u0173 kontinent\u0173 komunikacij\u0173 centras\u201c si\u016blo BS\/2 darbuotojams dideles nuolaidas <strong>PENKI interneto ir IPTV paslaugoms<\/strong>.<\/p>\n<p>Be to, nuolat gauname nuolaidas m\u016bs\u0173 klient\u0173 bei partneri\u0173 paslaugoms.<\/p>\n<p>Skatiname savo darbuotojus \u012fsitraukti \u012f nauj\u0173 koleg\u0173 paie\u0161k\u0105. \u012egyvendiname iniciatyv\u0105 <strong>\u201eRekomenduok koleg\u0105\u201c<\/strong>. U\u017e rekomenduot\u0105 kandidat\u0105 darbuotojai gauna premijas.<\/p>\n<p>&nbsp;<\/p>\n","protected":false},"excerpt":{"rendered":"<p>R\u016bpinam\u0117s savo darbuotoj\u0173 gerove, tod\u0117l \u012freng\u0117me savo biur\u0105 taip, kad \u010dia visi jaust\u0173si jaukiai ir patogiai. Be to, si\u016blome papildom\u0173 naud\u0173. Vaisi\u0173 pirmadienis \u2013 kiekvien\u0105 savait\u0119 pradedame \u0161vie\u017eia vitamin\u0173 doze. Visi biuro darbuotojai vai\u0161inami vaisiais. Skatiname darbuotoj\u0173 savi\u0161viet\u0105. Turime bibliotek\u0105, kurioje galima rasti ir menin\u0117s, ir profesin\u0117s literat\u016bros. Na, o jei dominan\u010dios knygos \u010dia nerandate, [&hellip;]<\/p>\n","protected":false},"author":1,"featured_media":32773,"parent":33013,"menu_order":0,"comment_status":"closed","ping_status":"closed","template":"templates\/articles1.php","meta":{"_acf_changed":false,"inline_featured_image":false,"footnotes":""},"class_list":["post-33009","page","type-page","status-publish","has-post-thumbnail","hentry"],"acf":[],"yoast_head":"<!-- This site is optimized with the Yoast SEO plugin v26.2 - https:\/\/yoast.com\/wordpress\/plugins\/seo\/ -->\n<title>Naudos darbuotojams | BS\/2<\/title>\n<meta name=\"robots\" content=\"index, follow, max-snippet:-1, max-image-preview:large, max-video-preview:-1\" \/>\n<link rel=\"canonical\" href=\"https:\/\/bs2.lt\/lt\/karjera\/naudos-darbuotojams\/\" \/>\n<meta property=\"og:locale\" content=\"lt_LT\" \/>\n<meta property=\"og:type\" content=\"article\" \/>\n<meta property=\"og:title\" content=\"Naudos darbuotojams | BS\/2\" \/>\n<meta property=\"og:description\" content=\"R\u016bpinam\u0117s savo darbuotoj\u0173 gerove, tod\u0117l \u012freng\u0117me savo biur\u0105 taip, kad \u010dia visi jaust\u0173si jaukiai ir patogiai. Be to, si\u016blome papildom\u0173 naud\u0173. Vaisi\u0173 pirmadienis \u2013 kiekvien\u0105 savait\u0119 pradedame \u0161vie\u017eia vitamin\u0173 doze. Visi biuro darbuotojai vai\u0161inami vaisiais. Skatiname darbuotoj\u0173 savi\u0161viet\u0105. Turime bibliotek\u0105, kurioje galima rasti ir menin\u0117s, ir profesin\u0117s literat\u016bros. Na, o jei dominan\u010dios knygos \u010dia nerandate, [&hellip;]\" \/>\n<meta property=\"og:url\" content=\"https:\/\/bs2.lt\/lt\/karjera\/naudos-darbuotojams\/\" \/>\n<meta property=\"og:site_name\" content=\"BS\/2\" \/>\n<meta property=\"article:publisher\" content=\"https:\/\/www.facebook.com\/bs2solutions\/\" \/>\n<meta property=\"article:modified_time\" content=\"2024-07-16T11:50:42+00:00\" \/>\n<meta property=\"og:image\" content=\"https:\/\/bs2.lt\/wp-content\/uploads\/2023\/05\/bs2-perks-and-benefits.jpg\" \/>\n\t<meta property=\"og:image:width\" content=\"1500\" \/>\n\t<meta property=\"og:image:height\" content=\"1000\" \/>\n\t<meta property=\"og:image:type\" content=\"image\/jpeg\" \/>\n<meta name=\"twitter:card\" content=\"summary_large_image\" \/>\n<meta name=\"twitter:label1\" content=\"Est. reading time\" \/>\n\t<meta name=\"twitter:data1\" content=\"2 minut\u0117s\" \/>\n<script type=\"application\/ld+json\" class=\"yoast-schema-graph\">{\"@context\":\"https:\/\/schema.org\",\"@graph\":[{\"@type\":\"WebPage\",\"@id\":\"https:\/\/bs2.lt\/lt\/karjera\/naudos-darbuotojams\/\",\"url\":\"https:\/\/bs2.lt\/lt\/karjera\/naudos-darbuotojams\/\",\"name\":\"Naudos darbuotojams | BS\/2\",\"isPartOf\":{\"@id\":\"https:\/\/bs2.lt\/#website\"},\"primaryImageOfPage\":{\"@id\":\"https:\/\/bs2.lt\/lt\/karjera\/naudos-darbuotojams\/#primaryimage\"},\"image\":{\"@id\":\"https:\/\/bs2.lt\/lt\/karjera\/naudos-darbuotojams\/#primaryimage\"},\"thumbnailUrl\":\"https:\/\/bs2.lt\/wp-content\/uploads\/2023\/05\/bs2-perks-and-benefits.jpg\",\"datePublished\":\"2022-11-30T15:13:49+00:00\",\"dateModified\":\"2024-07-16T11:50:42+00:00\",\"breadcrumb\":{\"@id\":\"https:\/\/bs2.lt\/lt\/karjera\/naudos-darbuotojams\/#breadcrumb\"},\"inLanguage\":\"lt-LT\",\"potentialAction\":[{\"@type\":\"ReadAction\",\"target\":[\"https:\/\/bs2.lt\/lt\/karjera\/naudos-darbuotojams\/\"]}]},{\"@type\":\"ImageObject\",\"inLanguage\":\"lt-LT\",\"@id\":\"https:\/\/bs2.lt\/lt\/karjera\/naudos-darbuotojams\/#primaryimage\",\"url\":\"https:\/\/bs2.lt\/wp-content\/uploads\/2023\/05\/bs2-perks-and-benefits.jpg\",\"contentUrl\":\"https:\/\/bs2.lt\/wp-content\/uploads\/2023\/05\/bs2-perks-and-benefits.jpg\",\"width\":1500,\"height\":1000},{\"@type\":\"BreadcrumbList\",\"@id\":\"https:\/\/bs2.lt\/lt\/karjera\/naudos-darbuotojams\/#breadcrumb\",\"itemListElement\":[{\"@type\":\"ListItem\",\"position\":1,\"name\":\"Home\",\"item\":\"https:\/\/bs2.lt\/lt\/\"},{\"@type\":\"ListItem\",\"position\":2,\"name\":\"Karjera\",\"item\":\"https:\/\/bs2.lt\/lt\/karjera\/\"},{\"@type\":\"ListItem\",\"position\":3,\"name\":\"Naudos darbuotojams\"}]},{\"@type\":\"WebSite\",\"@id\":\"https:\/\/bs2.lt\/#website\",\"url\":\"https:\/\/bs2.lt\/\",\"name\":\"BS\/2\",\"description\":\"Banking and retail technology company\",\"publisher\":{\"@id\":\"https:\/\/bs2.lt\/#organization\"},\"potentialAction\":[{\"@type\":\"SearchAction\",\"target\":{\"@type\":\"EntryPoint\",\"urlTemplate\":\"https:\/\/bs2.lt\/?s={search_term_string}\"},\"query-input\":{\"@type\":\"PropertyValueSpecification\",\"valueRequired\":true,\"valueName\":\"search_term_string\"}}],\"inLanguage\":\"lt-LT\"},{\"@type\":\"Organization\",\"@id\":\"https:\/\/bs2.lt\/#organization\",\"name\":\"BS\/2\",\"url\":\"https:\/\/bs2.lt\/\",\"logo\":{\"@type\":\"ImageObject\",\"inLanguage\":\"lt-LT\",\"@id\":\"https:\/\/bs2.lt\/#\/schema\/logo\/image\/\",\"url\":\"https:\/\/bs2.lt\/wp-content\/uploads\/2022\/08\/bs2-logo.svg\",\"contentUrl\":\"https:\/\/bs2.lt\/wp-content\/uploads\/2022\/08\/bs2-logo.svg\",\"width\":100,\"height\":57,\"caption\":\"BS\/2\"},\"image\":{\"@id\":\"https:\/\/bs2.lt\/#\/schema\/logo\/image\/\"},\"sameAs\":[\"https:\/\/www.facebook.com\/bs2solutions\/\",\"https:\/\/www.linkedin.com\/showcase\/bs2solutions\",\"https:\/\/www.youtube.com\/c\/Bs2Lt\"]}]}<\/script>\n<!-- \/ Yoast SEO plugin. -->","yoast_head_json":{"title":"Naudos darbuotojams | BS\/2","robots":{"index":"index","follow":"follow","max-snippet":"max-snippet:-1","max-image-preview":"max-image-preview:large","max-video-preview":"max-video-preview:-1"},"canonical":"https:\/\/bs2.lt\/lt\/karjera\/naudos-darbuotojams\/","og_locale":"lt_LT","og_type":"article","og_title":"Naudos darbuotojams | BS\/2","og_description":"R\u016bpinam\u0117s savo darbuotoj\u0173 gerove, tod\u0117l \u012freng\u0117me savo biur\u0105 taip, kad \u010dia visi jaust\u0173si jaukiai ir patogiai. Be to, si\u016blome papildom\u0173 naud\u0173. Vaisi\u0173 pirmadienis \u2013 kiekvien\u0105 savait\u0119 pradedame \u0161vie\u017eia vitamin\u0173 doze. Visi biuro darbuotojai vai\u0161inami vaisiais. Skatiname darbuotoj\u0173 savi\u0161viet\u0105. Turime bibliotek\u0105, kurioje galima rasti ir menin\u0117s, ir profesin\u0117s literat\u016bros. Na, o jei dominan\u010dios knygos \u010dia nerandate, [&hellip;]","og_url":"https:\/\/bs2.lt\/lt\/karjera\/naudos-darbuotojams\/","og_site_name":"BS\/2","article_publisher":"https:\/\/www.facebook.com\/bs2solutions\/","article_modified_time":"2024-07-16T11:50:42+00:00","og_image":[{"width":1500,"height":1000,"url":"https:\/\/bs2.lt\/wp-content\/uploads\/2023\/05\/bs2-perks-and-benefits.jpg","type":"image\/jpeg"}],"twitter_card":"summary_large_image","twitter_misc":{"Est. reading time":"2 minut\u0117s"},"schema":{"@context":"https:\/\/schema.org","@graph":[{"@type":"WebPage","@id":"https:\/\/bs2.lt\/lt\/karjera\/naudos-darbuotojams\/","url":"https:\/\/bs2.lt\/lt\/karjera\/naudos-darbuotojams\/","name":"Naudos darbuotojams | BS\/2","isPartOf":{"@id":"https:\/\/bs2.lt\/#website"},"primaryImageOfPage":{"@id":"https:\/\/bs2.lt\/lt\/karjera\/naudos-darbuotojams\/#primaryimage"},"image":{"@id":"https:\/\/bs2.lt\/lt\/karjera\/naudos-darbuotojams\/#primaryimage"},"thumbnailUrl":"https:\/\/bs2.lt\/wp-content\/uploads\/2023\/05\/bs2-perks-and-benefits.jpg","datePublished":"2022-11-30T15:13:49+00:00","dateModified":"2024-07-16T11:50:42+00:00","breadcrumb":{"@id":"https:\/\/bs2.lt\/lt\/karjera\/naudos-darbuotojams\/#breadcrumb"},"inLanguage":"lt-LT","potentialAction":[{"@type":"ReadAction","target":["https:\/\/bs2.lt\/lt\/karjera\/naudos-darbuotojams\/"]}]},{"@type":"ImageObject","inLanguage":"lt-LT","@id":"https:\/\/bs2.lt\/lt\/karjera\/naudos-darbuotojams\/#primaryimage","url":"https:\/\/bs2.lt\/wp-content\/uploads\/2023\/05\/bs2-perks-and-benefits.jpg","contentUrl":"https:\/\/bs2.lt\/wp-content\/uploads\/2023\/05\/bs2-perks-and-benefits.jpg","width":1500,"height":1000},{"@type":"BreadcrumbList","@id":"https:\/\/bs2.lt\/lt\/karjera\/naudos-darbuotojams\/#breadcrumb","itemListElement":[{"@type":"ListItem","position":1,"name":"Home","item":"https:\/\/bs2.lt\/lt\/"},{"@type":"ListItem","position":2,"name":"Karjera","item":"https:\/\/bs2.lt\/lt\/karjera\/"},{"@type":"ListItem","position":3,"name":"Naudos darbuotojams"}]},{"@type":"WebSite","@id":"https:\/\/bs2.lt\/#website","url":"https:\/\/bs2.lt\/","name":"BS\/2","description":"Banking and retail technology company","publisher":{"@id":"https:\/\/bs2.lt\/#organization"},"potentialAction":[{"@type":"SearchAction","target":{"@type":"EntryPoint","urlTemplate":"https:\/\/bs2.lt\/?s={search_term_string}"},"query-input":{"@type":"PropertyValueSpecification","valueRequired":true,"valueName":"search_term_string"}}],"inLanguage":"lt-LT"},{"@type":"Organization","@id":"https:\/\/bs2.lt\/#organization","name":"BS\/2","url":"https:\/\/bs2.lt\/","logo":{"@type":"ImageObject","inLanguage":"lt-LT","@id":"https:\/\/bs2.lt\/#\/schema\/logo\/image\/","url":"https:\/\/bs2.lt\/wp-content\/uploads\/2022\/08\/bs2-logo.svg","contentUrl":"https:\/\/bs2.lt\/wp-content\/uploads\/2022\/08\/bs2-logo.svg","width":100,"height":57,"caption":"BS\/2"},"image":{"@id":"https:\/\/bs2.lt\/#\/schema\/logo\/image\/"},"sameAs":["https:\/\/www.facebook.com\/bs2solutions\/","https:\/\/www.linkedin.com\/showcase\/bs2solutions","https:\/\/www.youtube.com\/c\/Bs2Lt"]}]}},"_links":{"self":[{"href":"https:\/\/bs2.lt\/lt\/wp-json\/wp\/v2\/pages\/33009","targetHints":{"allow":["GET"]}}],"collection":[{"href":"https:\/\/bs2.lt\/lt\/wp-json\/wp\/v2\/pages"}],"about":[{"href":"https:\/\/bs2.lt\/lt\/wp-json\/wp\/v2\/types\/page"}],"author":[{"embeddable":true,"href":"https:\/\/bs2.lt\/lt\/wp-json\/wp\/v2\/users\/1"}],"replies":[{"embeddable":true,"href":"https:\/\/bs2.lt\/lt\/wp-json\/wp\/v2\/comments?post=33009"}],"version-history":[{"count":3,"href":"https:\/\/bs2.lt\/lt\/wp-json\/wp\/v2\/pages\/33009\/revisions"}],"predecessor-version":[{"id":42412,"href":"https:\/\/bs2.lt\/lt\/wp-json\/wp\/v2\/pages\/33009\/revisions\/42412"}],"up":[{"embeddable":true,"href":"https:\/\/bs2.lt\/lt\/wp-json\/wp\/v2\/pages\/33013"}],"wp:featuredmedia":[{"embeddable":true,"href":"https:\/\/bs2.lt\/lt\/wp-json\/wp\/v2\/media\/32773"}],"wp:attachment":[{"href":"https:\/\/bs2.lt\/lt\/wp-json\/wp\/v2\/media?parent=33009"}],"curies":[{"name":"wp","href":"https:\/\/api.w.org\/{rel}","templated":true}]}}