{"id":33000,"date":"2022-11-30T16:34:01","date_gmt":"2022-11-30T14:34:01","guid":{"rendered":"https:\/\/bs2.lt\/obuchenie\/"},"modified":"2024-08-14T14:45:46","modified_gmt":"2024-08-14T11:45:46","slug":"mokymai","status":"publish","type":"page","link":"https:\/\/bs2.lt\/lt\/karjera\/mokymai\/","title":{"rendered":"Mokymai BS\/2"},"content":{"rendered":"<p>Skiriame daug d\u0117mesio darbuotoj\u0173 kompetencijoms ugdyti. Siekiame sudaryti visas s\u0105lygas profesiniam augimui. Investuojame \u012f savo darbuotoj\u0173 mokym\u0105 ir tobul\u0117jim\u0105, taip pat aktyviai ie\u0161kome gabi\u0173 darbuotoj\u0173, siekian\u010di\u0173 nuolat tobul\u0117ti ir kilti karjeros laiptais. \u012emon\u0117 organizuoja vidinius ir i\u0161orinius mokymus apie m\u016bs\u0173 sukurtus bei platinamus bankin\u0117s srities produktus.<\/p>\n<p>Visoms BS\/2 dukterin\u0117ms \u012fmon\u0117ms organizuojame tarptautines <strong>sta\u017euotes ir mokymus<\/strong>. Juose susitinka Lietuvos, Latvijos, Estijos, Sakartvelo, Azerbaid\u017eano, Kazachstano, Kirgizijos ir Uzbekistano specialistai, dalijasi savo patirtimi ir drauge \u012fgyja lyderyst\u0117s, pardavim\u0173, projekt\u0173 valdymo, profesini\u0173 bei kit\u0173 svarbi\u0173 \u012fg\u016bd\u017ei\u0173.<\/p>\n<p>BS\/2 siekia nuolat kelti savo darbuotoj\u0173 kompetencij\u0105 ir gerinti partneriams teikiam\u0173 paslaug\u0173 kokyb\u0119. 2024 m. liep\u0105 Uzbekistane, Ta\u0161kente, vyko <a href=\"https:\/\/bs2.lt\/lt\/naujienos-apie-imone\/mokomes-kad-nuolat-gerintume-paslaugu-kokybe\/\">mokymai apie \u0161iuolaikini\u0173 savitarnos \u012frengini\u0173 eksploatavim\u0105 ir technin\u0119 prie\u017ei\u016br\u0105<\/a>. 14-ika technin\u0117s prie\u017ei\u016bros in\u017einieri\u0173 i\u0161 BS\/2 antrini\u0173 \u012fmoni\u0173, veikian\u010di\u0173 \u0161e\u0161iose \u0161alyse, susirinko tam, kad pagilint\u0173 savo \u017einias apie bankomat\u0173 technin\u0119 ir programin\u0119 \u012frang\u0105.<\/p>\n<p>2023 met\u0173 saus\u012f BS\/2 darbuotojai i\u0161 8-i\u0173 \u0161ali\u0173 <a href=\"https:\/\/bs2.lt\/lt\/atmeye-iqng-vcp-pro-ir-qr-pay-bs-2-darbuotojai-is-8-saliu-dalyvavo-mokymuose-apie-naujos-kartos-programinius-sprendimus-bankams\/\">susirinko \u012f tarptautinius mokymus<\/a>, kuriuose su\u017einojo bankin\u0117s programin\u0117s \u012frangos naujoves, i\u0161band\u0117 bankin\u0119 \u012frang\u0105 prakti\u0161kai, \u012fgijo profesini\u0173 \u017eini\u0173 ir apibendrino pra\u0117jusi\u0173 met\u0173 rezultatus.<\/p>\n<p style=\"text-align: center;\"><iframe loading=\"lazy\" title=\"YouTube video player\" src=\"https:\/\/www.youtube-nocookie.com\/embed\/1DQXoINp1OA?si=1mH5gWNkQgipzl-o\" width=\"560\" height=\"315\" frameborder=\"0\" allowfullscreen=\"allowfullscreen\"><span data-mce-type=\"bookmark\" style=\"display: inline-block; width: 0px; overflow: hidden; line-height: 0;\" class=\"mce_SELRES_start\">\ufeff<\/span><\/iframe><\/p>\n<p>&nbsp;<\/p>\n","protected":false},"excerpt":{"rendered":"<p>Skiriame daug d\u0117mesio darbuotoj\u0173 kompetencijoms ugdyti. Siekiame sudaryti visas s\u0105lygas profesiniam augimui. Investuojame \u012f savo darbuotoj\u0173 mokym\u0105 ir tobul\u0117jim\u0105, taip pat aktyviai ie\u0161kome gabi\u0173 darbuotoj\u0173, siekian\u010di\u0173 nuolat tobul\u0117ti ir kilti karjeros laiptais. \u012emon\u0117 organizuoja vidinius ir i\u0161orinius mokymus apie m\u016bs\u0173 sukurtus bei platinamus bankin\u0117s srities produktus. Visoms BS\/2 dukterin\u0117ms \u012fmon\u0117ms organizuojame tarptautines sta\u017euotes ir mokymus. [&hellip;]<\/p>\n","protected":false},"author":1,"featured_media":35784,"parent":33013,"menu_order":0,"comment_status":"closed","ping_status":"closed","template":"templates\/articles1.php","meta":{"_acf_changed":false,"inline_featured_image":false,"footnotes":""},"class_list":["post-33000","page","type-page","status-publish","has-post-thumbnail","hentry"],"acf":[],"yoast_head":"<!-- This site is optimized with the Yoast SEO plugin v26.2 - https:\/\/yoast.com\/wordpress\/plugins\/seo\/ -->\n<title>Mokymai BS\/2 | BS\/2<\/title>\n<meta name=\"robots\" content=\"index, follow, max-snippet:-1, max-image-preview:large, max-video-preview:-1\" \/>\n<link rel=\"canonical\" href=\"https:\/\/bs2.lt\/lt\/karjera\/mokymai\/\" \/>\n<meta property=\"og:locale\" content=\"lt_LT\" \/>\n<meta property=\"og:type\" content=\"article\" \/>\n<meta property=\"og:title\" content=\"Mokymai BS\/2 | BS\/2\" \/>\n<meta property=\"og:description\" content=\"Skiriame daug d\u0117mesio darbuotoj\u0173 kompetencijoms ugdyti. Siekiame sudaryti visas s\u0105lygas profesiniam augimui. Investuojame \u012f savo darbuotoj\u0173 mokym\u0105 ir tobul\u0117jim\u0105, taip pat aktyviai ie\u0161kome gabi\u0173 darbuotoj\u0173, siekian\u010di\u0173 nuolat tobul\u0117ti ir kilti karjeros laiptais. \u012emon\u0117 organizuoja vidinius ir i\u0161orinius mokymus apie m\u016bs\u0173 sukurtus bei platinamus bankin\u0117s srities produktus. Visoms BS\/2 dukterin\u0117ms \u012fmon\u0117ms organizuojame tarptautines sta\u017euotes ir mokymus. [&hellip;]\" \/>\n<meta property=\"og:url\" content=\"https:\/\/bs2.lt\/lt\/karjera\/mokymai\/\" \/>\n<meta property=\"og:site_name\" content=\"BS\/2\" \/>\n<meta property=\"article:publisher\" content=\"https:\/\/www.facebook.com\/bs2solutions\/\" \/>\n<meta property=\"article:modified_time\" content=\"2024-08-14T11:45:46+00:00\" \/>\n<meta property=\"og:image\" content=\"https:\/\/bs2.lt\/wp-content\/uploads\/2023\/10\/bs2-training.jpg\" \/>\n\t<meta property=\"og:image:width\" content=\"2400\" \/>\n\t<meta property=\"og:image:height\" content=\"1600\" \/>\n\t<meta property=\"og:image:type\" content=\"image\/jpeg\" \/>\n<meta name=\"twitter:card\" content=\"summary_large_image\" \/>\n<meta name=\"twitter:label1\" content=\"Est. reading time\" \/>\n\t<meta name=\"twitter:data1\" content=\"1 minut\u0117\" \/>\n<script type=\"application\/ld+json\" class=\"yoast-schema-graph\">{\"@context\":\"https:\/\/schema.org\",\"@graph\":[{\"@type\":\"WebPage\",\"@id\":\"https:\/\/bs2.lt\/lt\/karjera\/mokymai\/\",\"url\":\"https:\/\/bs2.lt\/lt\/karjera\/mokymai\/\",\"name\":\"Mokymai BS\/2 | BS\/2\",\"isPartOf\":{\"@id\":\"https:\/\/bs2.lt\/#website\"},\"primaryImageOfPage\":{\"@id\":\"https:\/\/bs2.lt\/lt\/karjera\/mokymai\/#primaryimage\"},\"image\":{\"@id\":\"https:\/\/bs2.lt\/lt\/karjera\/mokymai\/#primaryimage\"},\"thumbnailUrl\":\"https:\/\/bs2.lt\/wp-content\/uploads\/2023\/10\/bs2-training.jpg\",\"datePublished\":\"2022-11-30T14:34:01+00:00\",\"dateModified\":\"2024-08-14T11:45:46+00:00\",\"breadcrumb\":{\"@id\":\"https:\/\/bs2.lt\/lt\/karjera\/mokymai\/#breadcrumb\"},\"inLanguage\":\"lt-LT\",\"potentialAction\":[{\"@type\":\"ReadAction\",\"target\":[\"https:\/\/bs2.lt\/lt\/karjera\/mokymai\/\"]}]},{\"@type\":\"ImageObject\",\"inLanguage\":\"lt-LT\",\"@id\":\"https:\/\/bs2.lt\/lt\/karjera\/mokymai\/#primaryimage\",\"url\":\"https:\/\/bs2.lt\/wp-content\/uploads\/2023\/10\/bs2-training.jpg\",\"contentUrl\":\"https:\/\/bs2.lt\/wp-content\/uploads\/2023\/10\/bs2-training.jpg\",\"width\":2400,\"height\":1600},{\"@type\":\"BreadcrumbList\",\"@id\":\"https:\/\/bs2.lt\/lt\/karjera\/mokymai\/#breadcrumb\",\"itemListElement\":[{\"@type\":\"ListItem\",\"position\":1,\"name\":\"Home\",\"item\":\"https:\/\/bs2.lt\/lt\/\"},{\"@type\":\"ListItem\",\"position\":2,\"name\":\"Karjera\",\"item\":\"https:\/\/bs2.lt\/lt\/karjera\/\"},{\"@type\":\"ListItem\",\"position\":3,\"name\":\"Mokymai BS\/2\"}]},{\"@type\":\"WebSite\",\"@id\":\"https:\/\/bs2.lt\/#website\",\"url\":\"https:\/\/bs2.lt\/\",\"name\":\"BS\/2\",\"description\":\"Banking and retail technology company\",\"publisher\":{\"@id\":\"https:\/\/bs2.lt\/#organization\"},\"potentialAction\":[{\"@type\":\"SearchAction\",\"target\":{\"@type\":\"EntryPoint\",\"urlTemplate\":\"https:\/\/bs2.lt\/?s={search_term_string}\"},\"query-input\":{\"@type\":\"PropertyValueSpecification\",\"valueRequired\":true,\"valueName\":\"search_term_string\"}}],\"inLanguage\":\"lt-LT\"},{\"@type\":\"Organization\",\"@id\":\"https:\/\/bs2.lt\/#organization\",\"name\":\"BS\/2\",\"url\":\"https:\/\/bs2.lt\/\",\"logo\":{\"@type\":\"ImageObject\",\"inLanguage\":\"lt-LT\",\"@id\":\"https:\/\/bs2.lt\/#\/schema\/logo\/image\/\",\"url\":\"https:\/\/bs2.lt\/wp-content\/uploads\/2022\/08\/bs2-logo.svg\",\"contentUrl\":\"https:\/\/bs2.lt\/wp-content\/uploads\/2022\/08\/bs2-logo.svg\",\"width\":100,\"height\":57,\"caption\":\"BS\/2\"},\"image\":{\"@id\":\"https:\/\/bs2.lt\/#\/schema\/logo\/image\/\"},\"sameAs\":[\"https:\/\/www.facebook.com\/bs2solutions\/\",\"https:\/\/www.linkedin.com\/showcase\/bs2solutions\",\"https:\/\/www.youtube.com\/c\/Bs2Lt\"]}]}<\/script>\n<!-- \/ Yoast SEO plugin. -->","yoast_head_json":{"title":"Mokymai BS\/2 | BS\/2","robots":{"index":"index","follow":"follow","max-snippet":"max-snippet:-1","max-image-preview":"max-image-preview:large","max-video-preview":"max-video-preview:-1"},"canonical":"https:\/\/bs2.lt\/lt\/karjera\/mokymai\/","og_locale":"lt_LT","og_type":"article","og_title":"Mokymai BS\/2 | BS\/2","og_description":"Skiriame daug d\u0117mesio darbuotoj\u0173 kompetencijoms ugdyti. Siekiame sudaryti visas s\u0105lygas profesiniam augimui. Investuojame \u012f savo darbuotoj\u0173 mokym\u0105 ir tobul\u0117jim\u0105, taip pat aktyviai ie\u0161kome gabi\u0173 darbuotoj\u0173, siekian\u010di\u0173 nuolat tobul\u0117ti ir kilti karjeros laiptais. \u012emon\u0117 organizuoja vidinius ir i\u0161orinius mokymus apie m\u016bs\u0173 sukurtus bei platinamus bankin\u0117s srities produktus. Visoms BS\/2 dukterin\u0117ms \u012fmon\u0117ms organizuojame tarptautines sta\u017euotes ir mokymus. [&hellip;]","og_url":"https:\/\/bs2.lt\/lt\/karjera\/mokymai\/","og_site_name":"BS\/2","article_publisher":"https:\/\/www.facebook.com\/bs2solutions\/","article_modified_time":"2024-08-14T11:45:46+00:00","og_image":[{"width":2400,"height":1600,"url":"https:\/\/bs2.lt\/wp-content\/uploads\/2023\/10\/bs2-training.jpg","type":"image\/jpeg"}],"twitter_card":"summary_large_image","twitter_misc":{"Est. reading time":"1 minut\u0117"},"schema":{"@context":"https:\/\/schema.org","@graph":[{"@type":"WebPage","@id":"https:\/\/bs2.lt\/lt\/karjera\/mokymai\/","url":"https:\/\/bs2.lt\/lt\/karjera\/mokymai\/","name":"Mokymai BS\/2 | BS\/2","isPartOf":{"@id":"https:\/\/bs2.lt\/#website"},"primaryImageOfPage":{"@id":"https:\/\/bs2.lt\/lt\/karjera\/mokymai\/#primaryimage"},"image":{"@id":"https:\/\/bs2.lt\/lt\/karjera\/mokymai\/#primaryimage"},"thumbnailUrl":"https:\/\/bs2.lt\/wp-content\/uploads\/2023\/10\/bs2-training.jpg","datePublished":"2022-11-30T14:34:01+00:00","dateModified":"2024-08-14T11:45:46+00:00","breadcrumb":{"@id":"https:\/\/bs2.lt\/lt\/karjera\/mokymai\/#breadcrumb"},"inLanguage":"lt-LT","potentialAction":[{"@type":"ReadAction","target":["https:\/\/bs2.lt\/lt\/karjera\/mokymai\/"]}]},{"@type":"ImageObject","inLanguage":"lt-LT","@id":"https:\/\/bs2.lt\/lt\/karjera\/mokymai\/#primaryimage","url":"https:\/\/bs2.lt\/wp-content\/uploads\/2023\/10\/bs2-training.jpg","contentUrl":"https:\/\/bs2.lt\/wp-content\/uploads\/2023\/10\/bs2-training.jpg","width":2400,"height":1600},{"@type":"BreadcrumbList","@id":"https:\/\/bs2.lt\/lt\/karjera\/mokymai\/#breadcrumb","itemListElement":[{"@type":"ListItem","position":1,"name":"Home","item":"https:\/\/bs2.lt\/lt\/"},{"@type":"ListItem","position":2,"name":"Karjera","item":"https:\/\/bs2.lt\/lt\/karjera\/"},{"@type":"ListItem","position":3,"name":"Mokymai BS\/2"}]},{"@type":"WebSite","@id":"https:\/\/bs2.lt\/#website","url":"https:\/\/bs2.lt\/","name":"BS\/2","description":"Banking and retail technology company","publisher":{"@id":"https:\/\/bs2.lt\/#organization"},"potentialAction":[{"@type":"SearchAction","target":{"@type":"EntryPoint","urlTemplate":"https:\/\/bs2.lt\/?s={search_term_string}"},"query-input":{"@type":"PropertyValueSpecification","valueRequired":true,"valueName":"search_term_string"}}],"inLanguage":"lt-LT"},{"@type":"Organization","@id":"https:\/\/bs2.lt\/#organization","name":"BS\/2","url":"https:\/\/bs2.lt\/","logo":{"@type":"ImageObject","inLanguage":"lt-LT","@id":"https:\/\/bs2.lt\/#\/schema\/logo\/image\/","url":"https:\/\/bs2.lt\/wp-content\/uploads\/2022\/08\/bs2-logo.svg","contentUrl":"https:\/\/bs2.lt\/wp-content\/uploads\/2022\/08\/bs2-logo.svg","width":100,"height":57,"caption":"BS\/2"},"image":{"@id":"https:\/\/bs2.lt\/#\/schema\/logo\/image\/"},"sameAs":["https:\/\/www.facebook.com\/bs2solutions\/","https:\/\/www.linkedin.com\/showcase\/bs2solutions","https:\/\/www.youtube.com\/c\/Bs2Lt"]}]}},"_links":{"self":[{"href":"https:\/\/bs2.lt\/lt\/wp-json\/wp\/v2\/pages\/33000","targetHints":{"allow":["GET"]}}],"collection":[{"href":"https:\/\/bs2.lt\/lt\/wp-json\/wp\/v2\/pages"}],"about":[{"href":"https:\/\/bs2.lt\/lt\/wp-json\/wp\/v2\/types\/page"}],"author":[{"embeddable":true,"href":"https:\/\/bs2.lt\/lt\/wp-json\/wp\/v2\/users\/1"}],"replies":[{"embeddable":true,"href":"https:\/\/bs2.lt\/lt\/wp-json\/wp\/v2\/comments?post=33000"}],"version-history":[{"count":3,"href":"https:\/\/bs2.lt\/lt\/wp-json\/wp\/v2\/pages\/33000\/revisions"}],"predecessor-version":[{"id":43477,"href":"https:\/\/bs2.lt\/lt\/wp-json\/wp\/v2\/pages\/33000\/revisions\/43477"}],"up":[{"embeddable":true,"href":"https:\/\/bs2.lt\/lt\/wp-json\/wp\/v2\/pages\/33013"}],"wp:featuredmedia":[{"embeddable":true,"href":"https:\/\/bs2.lt\/lt\/wp-json\/wp\/v2\/media\/35784"}],"wp:attachment":[{"href":"https:\/\/bs2.lt\/lt\/wp-json\/wp\/v2\/media?parent=33000"}],"curies":[{"name":"wp","href":"https:\/\/api.w.org\/{rel}","templated":true}]}}