{"id":32992,"date":"2022-11-30T17:38:27","date_gmt":"2022-11-30T15:38:27","guid":{"rendered":"https:\/\/bs2.lt\/meropriyatiya\/"},"modified":"2025-07-03T09:06:08","modified_gmt":"2025-07-03T06:06:08","slug":"renginiai","status":"publish","type":"page","link":"https:\/\/bs2.lt\/lt\/karjera\/renginiai\/","title":{"rendered":"Vidiniai \u012fmon\u0117s renginiai"},"content":{"rendered":"<p>Teikiame didel\u0119 reik\u0161m\u0119 bendroms vidin\u0117ms \u012fmon\u0117s \u0161vent\u0117ms, juk jos padeda kurti draugi\u0161k\u0105 atmosfer\u0105 ir stiprinti komandin\u0119 dvasi\u0105.<\/p>\n<p>Turime daug tradicij\u0173, kuriomis dalijam\u0117s su kolegomis, ir stengiam\u0117s, kad visi renginiai b\u016bt\u0173 ypatingi ir nepamir\u0161tami.<\/p>\n<p>\u0160ven\u010diame svarbias profesines \u0161ventes bei datas, pvz., <strong>Testuotoj\u0173 dien\u0105<\/strong>, <strong>Programuotoj\u0173 dien\u0105<\/strong>, <strong>Buhalteri\u0173 dien\u0105<\/strong>, <strong>BS\/2 \u012fmon\u0117s gimtadien\u012f<\/strong>.<\/p>\n<p>M\u016bs\u0173 \u012fmon\u0117 kasmet mini <a href=\"https:\/\/youtu.be\/1fvi1-3Qvss\" data-rel=\"lightbox-video-0\"><strong>Tarptautin\u0119 moters dien\u0105<\/strong><\/a>, kurios metu d\u017eiaugiam\u0117s m\u016bs\u0173 darbuotoj\u0173 moter\u0173 pasiekimais ir svarbiu j\u0173 vaidmeniu visuomen\u0117je bei versle. Did\u017eiuojam\u0117s, kad m\u016bs\u0173 darbuotojos yra ne tik talentingos ir patyrusios specialist\u0117s, bet ir atstovauja \u012fvairioms kult\u016broms bei tautyb\u0117ms.<\/p>\n<p><strong>Vaik\u0173 diena<\/strong> skirta m\u016bs\u0173 darbuotoj\u0173 vaikams. Jie lankosi savo t\u0117v\u0173 darboviet\u0117je, kur gali i\u0161 ar\u010diau susipa\u017einti su j\u0173 darbu. Be to, jiems organizuojama ekskursija po \u012fmon\u0117s patalpas, pristatoma visos \u012fmon\u0117s veikla, skirtingos profesijos.<\/p>\n<p><strong>Augintinio dien\u0105<\/strong> m\u016bs\u0173 darbuotojai kvie\u010diami \u012f darb\u0105 atsivesti savo ma\u017euosius draugus. \u0160i diena kupina d\u017eiugi\u0173 emocij\u0173, nes mieli augintiniai sukuria biure teigiam\u0105 atmosfer\u0105.<\/p>\n<p>Renginius organizuojame ne tik savo biure, bet ir u\u017e jo rib\u0173, kad darbuotojams gal\u0117tume pasi\u016blyti \u012fvairesnio formato pramog\u0173. Pavyzd\u017eiui, rengiame draugi\u0161kas <strong>boulingo<\/strong> var\u017eybas, o vasaros metu \u2013 <a href=\"https:\/\/youtu.be\/WNZatgK7oes\" data-rel=\"lightbox-video-1\"><strong>baidari\u0173 \u017eygius <\/strong><\/a>ir <a href=\"https:\/\/youtu.be\/K-AtXXa4Wu0\" data-rel=\"lightbox-video-2\"><strong>dvira\u010di\u0173 i\u0161vykas<\/strong><\/a>, kad darbuotojai gal\u0117t\u0173 pasim\u0117gauti aktyvia veikla lauke ir ugdyt\u0173si komandin\u0119 dvasi\u0105.<\/p>\n<p>Ypating\u0105 viet\u0105 tarp m\u016bs\u0173 rengini\u0173 u\u017eima <a href=\"https:\/\/youtu.be\/au8fTVRXTd8\" data-rel=\"lightbox-video-3\"><strong>v\u0117lyvieji pusry\u010diai<\/strong><\/a> jaukioje darboviet\u0117s stogo terasoje \u0161iltuoju met\u0173 laiku. \u010cia minime ypatingus \u201ePenki\u0173 kontinent\u0173\u201c grup\u0117s \u012fvykius: jubiliejus, s\u0117kmingai \u012fgyvendintus projektus ir kitus svarbius pasiekimus.<\/p>\n<p>Darbuotoj\u0173 vaiku\u010dius tradici\u0161kai kvie\u010diame \u012f <strong>kal\u0117din\u012f<\/strong> rengin\u012f, kad \u0161i \u0161vent\u0117 jiems b\u016bt\u0173 stebuklinga ir nepamir\u0161tama.<\/p>\n<p>Na, o kiekvien\u0173 <a href=\"https:\/\/youtu.be\/Cw51swwwBKI\" data-rel=\"lightbox-video-4\"><strong>nauj\u0173j\u0173 met\u0173 prad\u017eioje<\/strong><\/a> tradici\u0161kai renkam\u0117s \u012f visos \u201ePenki\u0173 kontinent\u0173\u201c \u012fmoni\u0173 grup\u0117s \u0161vent\u0119. Tai pats svarbiausias m\u016bs\u0173 renginys, kuriame pasid\u017eiaugiame pra\u0117jusi\u0173 met\u0173 rezultatais ir apdovanojame lojaliausius ir tais metais labiausiai nusipelniusius \u012fmoni\u0173 grup\u0117s darbuotojus.<\/p>\n","protected":false},"excerpt":{"rendered":"<p>Teikiame didel\u0119 reik\u0161m\u0119 bendroms vidin\u0117ms \u012fmon\u0117s \u0161vent\u0117ms, juk jos padeda kurti draugi\u0161k\u0105 atmosfer\u0105 ir stiprinti komandin\u0119 dvasi\u0105. Turime daug tradicij\u0173, kuriomis dalijam\u0117s su kolegomis, ir stengiam\u0117s, kad visi renginiai b\u016bt\u0173 ypatingi ir nepamir\u0161tami. \u0160ven\u010diame svarbias profesines \u0161ventes bei datas, pvz., Testuotoj\u0173 dien\u0105, Programuotoj\u0173 dien\u0105, Buhalteri\u0173 dien\u0105, BS\/2 \u012fmon\u0117s gimtadien\u012f. M\u016bs\u0173 \u012fmon\u0117 kasmet mini Tarptautin\u0119 moters [&hellip;]<\/p>\n","protected":false},"author":1,"featured_media":32757,"parent":33013,"menu_order":0,"comment_status":"closed","ping_status":"closed","template":"templates\/articles1.php","meta":{"_acf_changed":false,"inline_featured_image":false,"footnotes":""},"class_list":["post-32992","page","type-page","status-publish","has-post-thumbnail","hentry"],"acf":[],"yoast_head":"<!-- This site is optimized with the Yoast SEO plugin v26.2 - https:\/\/yoast.com\/wordpress\/plugins\/seo\/ -->\n<title>Vidiniai \u012fmon\u0117s renginiai | BS\/2<\/title>\n<meta name=\"robots\" content=\"index, follow, max-snippet:-1, max-image-preview:large, max-video-preview:-1\" \/>\n<link rel=\"canonical\" href=\"https:\/\/bs2.lt\/lt\/karjera\/renginiai\/\" \/>\n<meta property=\"og:locale\" content=\"lt_LT\" \/>\n<meta property=\"og:type\" content=\"article\" \/>\n<meta property=\"og:title\" content=\"Vidiniai \u012fmon\u0117s renginiai | BS\/2\" \/>\n<meta property=\"og:description\" content=\"Teikiame didel\u0119 reik\u0161m\u0119 bendroms vidin\u0117ms \u012fmon\u0117s \u0161vent\u0117ms, juk jos padeda kurti draugi\u0161k\u0105 atmosfer\u0105 ir stiprinti komandin\u0119 dvasi\u0105. Turime daug tradicij\u0173, kuriomis dalijam\u0117s su kolegomis, ir stengiam\u0117s, kad visi renginiai b\u016bt\u0173 ypatingi ir nepamir\u0161tami. \u0160ven\u010diame svarbias profesines \u0161ventes bei datas, pvz., Testuotoj\u0173 dien\u0105, Programuotoj\u0173 dien\u0105, Buhalteri\u0173 dien\u0105, BS\/2 \u012fmon\u0117s gimtadien\u012f. M\u016bs\u0173 \u012fmon\u0117 kasmet mini Tarptautin\u0119 moters [&hellip;]\" \/>\n<meta property=\"og:url\" content=\"https:\/\/bs2.lt\/lt\/karjera\/renginiai\/\" \/>\n<meta property=\"og:site_name\" content=\"BS\/2\" \/>\n<meta property=\"article:publisher\" content=\"https:\/\/www.facebook.com\/bs2solutions\/\" \/>\n<meta property=\"article:modified_time\" content=\"2025-07-03T06:06:08+00:00\" \/>\n<meta property=\"og:image\" content=\"https:\/\/bs2.lt\/wp-content\/uploads\/2023\/05\/bs2-corporate-events.jpeg\" \/>\n\t<meta property=\"og:image:width\" content=\"2048\" \/>\n\t<meta property=\"og:image:height\" content=\"1536\" \/>\n\t<meta property=\"og:image:type\" content=\"image\/jpeg\" \/>\n<meta name=\"twitter:card\" content=\"summary_large_image\" \/>\n<meta name=\"twitter:label1\" content=\"Est. reading time\" \/>\n\t<meta name=\"twitter:data1\" content=\"2 minut\u0117s\" \/>\n<script type=\"application\/ld+json\" class=\"yoast-schema-graph\">{\"@context\":\"https:\/\/schema.org\",\"@graph\":[{\"@type\":\"WebPage\",\"@id\":\"https:\/\/bs2.lt\/lt\/karjera\/renginiai\/\",\"url\":\"https:\/\/bs2.lt\/lt\/karjera\/renginiai\/\",\"name\":\"Vidiniai \u012fmon\u0117s renginiai | BS\/2\",\"isPartOf\":{\"@id\":\"https:\/\/bs2.lt\/#website\"},\"primaryImageOfPage\":{\"@id\":\"https:\/\/bs2.lt\/lt\/karjera\/renginiai\/#primaryimage\"},\"image\":{\"@id\":\"https:\/\/bs2.lt\/lt\/karjera\/renginiai\/#primaryimage\"},\"thumbnailUrl\":\"https:\/\/bs2.lt\/wp-content\/uploads\/2023\/05\/bs2-corporate-events.jpeg\",\"datePublished\":\"2022-11-30T15:38:27+00:00\",\"dateModified\":\"2025-07-03T06:06:08+00:00\",\"breadcrumb\":{\"@id\":\"https:\/\/bs2.lt\/lt\/karjera\/renginiai\/#breadcrumb\"},\"inLanguage\":\"lt-LT\",\"potentialAction\":[{\"@type\":\"ReadAction\",\"target\":[\"https:\/\/bs2.lt\/lt\/karjera\/renginiai\/\"]}]},{\"@type\":\"ImageObject\",\"inLanguage\":\"lt-LT\",\"@id\":\"https:\/\/bs2.lt\/lt\/karjera\/renginiai\/#primaryimage\",\"url\":\"https:\/\/bs2.lt\/wp-content\/uploads\/2023\/05\/bs2-corporate-events.jpeg\",\"contentUrl\":\"https:\/\/bs2.lt\/wp-content\/uploads\/2023\/05\/bs2-corporate-events.jpeg\",\"width\":2048,\"height\":1536},{\"@type\":\"BreadcrumbList\",\"@id\":\"https:\/\/bs2.lt\/lt\/karjera\/renginiai\/#breadcrumb\",\"itemListElement\":[{\"@type\":\"ListItem\",\"position\":1,\"name\":\"Home\",\"item\":\"https:\/\/bs2.lt\/lt\/\"},{\"@type\":\"ListItem\",\"position\":2,\"name\":\"Karjera\",\"item\":\"https:\/\/bs2.lt\/lt\/karjera\/\"},{\"@type\":\"ListItem\",\"position\":3,\"name\":\"Vidiniai \u012fmon\u0117s renginiai\"}]},{\"@type\":\"WebSite\",\"@id\":\"https:\/\/bs2.lt\/#website\",\"url\":\"https:\/\/bs2.lt\/\",\"name\":\"BS\/2\",\"description\":\"Banking and retail technology company\",\"publisher\":{\"@id\":\"https:\/\/bs2.lt\/#organization\"},\"potentialAction\":[{\"@type\":\"SearchAction\",\"target\":{\"@type\":\"EntryPoint\",\"urlTemplate\":\"https:\/\/bs2.lt\/?s={search_term_string}\"},\"query-input\":{\"@type\":\"PropertyValueSpecification\",\"valueRequired\":true,\"valueName\":\"search_term_string\"}}],\"inLanguage\":\"lt-LT\"},{\"@type\":\"Organization\",\"@id\":\"https:\/\/bs2.lt\/#organization\",\"name\":\"BS\/2\",\"url\":\"https:\/\/bs2.lt\/\",\"logo\":{\"@type\":\"ImageObject\",\"inLanguage\":\"lt-LT\",\"@id\":\"https:\/\/bs2.lt\/#\/schema\/logo\/image\/\",\"url\":\"https:\/\/bs2.lt\/wp-content\/uploads\/2022\/08\/bs2-logo.svg\",\"contentUrl\":\"https:\/\/bs2.lt\/wp-content\/uploads\/2022\/08\/bs2-logo.svg\",\"width\":100,\"height\":57,\"caption\":\"BS\/2\"},\"image\":{\"@id\":\"https:\/\/bs2.lt\/#\/schema\/logo\/image\/\"},\"sameAs\":[\"https:\/\/www.facebook.com\/bs2solutions\/\",\"https:\/\/www.linkedin.com\/showcase\/bs2solutions\",\"https:\/\/www.youtube.com\/c\/Bs2Lt\"]}]}<\/script>\n<!-- \/ Yoast SEO plugin. -->","yoast_head_json":{"title":"Vidiniai \u012fmon\u0117s renginiai | BS\/2","robots":{"index":"index","follow":"follow","max-snippet":"max-snippet:-1","max-image-preview":"max-image-preview:large","max-video-preview":"max-video-preview:-1"},"canonical":"https:\/\/bs2.lt\/lt\/karjera\/renginiai\/","og_locale":"lt_LT","og_type":"article","og_title":"Vidiniai \u012fmon\u0117s renginiai | BS\/2","og_description":"Teikiame didel\u0119 reik\u0161m\u0119 bendroms vidin\u0117ms \u012fmon\u0117s \u0161vent\u0117ms, juk jos padeda kurti draugi\u0161k\u0105 atmosfer\u0105 ir stiprinti komandin\u0119 dvasi\u0105. Turime daug tradicij\u0173, kuriomis dalijam\u0117s su kolegomis, ir stengiam\u0117s, kad visi renginiai b\u016bt\u0173 ypatingi ir nepamir\u0161tami. \u0160ven\u010diame svarbias profesines \u0161ventes bei datas, pvz., Testuotoj\u0173 dien\u0105, Programuotoj\u0173 dien\u0105, Buhalteri\u0173 dien\u0105, BS\/2 \u012fmon\u0117s gimtadien\u012f. M\u016bs\u0173 \u012fmon\u0117 kasmet mini Tarptautin\u0119 moters [&hellip;]","og_url":"https:\/\/bs2.lt\/lt\/karjera\/renginiai\/","og_site_name":"BS\/2","article_publisher":"https:\/\/www.facebook.com\/bs2solutions\/","article_modified_time":"2025-07-03T06:06:08+00:00","og_image":[{"width":2048,"height":1536,"url":"https:\/\/bs2.lt\/wp-content\/uploads\/2023\/05\/bs2-corporate-events.jpeg","type":"image\/jpeg"}],"twitter_card":"summary_large_image","twitter_misc":{"Est. reading time":"2 minut\u0117s"},"schema":{"@context":"https:\/\/schema.org","@graph":[{"@type":"WebPage","@id":"https:\/\/bs2.lt\/lt\/karjera\/renginiai\/","url":"https:\/\/bs2.lt\/lt\/karjera\/renginiai\/","name":"Vidiniai \u012fmon\u0117s renginiai | BS\/2","isPartOf":{"@id":"https:\/\/bs2.lt\/#website"},"primaryImageOfPage":{"@id":"https:\/\/bs2.lt\/lt\/karjera\/renginiai\/#primaryimage"},"image":{"@id":"https:\/\/bs2.lt\/lt\/karjera\/renginiai\/#primaryimage"},"thumbnailUrl":"https:\/\/bs2.lt\/wp-content\/uploads\/2023\/05\/bs2-corporate-events.jpeg","datePublished":"2022-11-30T15:38:27+00:00","dateModified":"2025-07-03T06:06:08+00:00","breadcrumb":{"@id":"https:\/\/bs2.lt\/lt\/karjera\/renginiai\/#breadcrumb"},"inLanguage":"lt-LT","potentialAction":[{"@type":"ReadAction","target":["https:\/\/bs2.lt\/lt\/karjera\/renginiai\/"]}]},{"@type":"ImageObject","inLanguage":"lt-LT","@id":"https:\/\/bs2.lt\/lt\/karjera\/renginiai\/#primaryimage","url":"https:\/\/bs2.lt\/wp-content\/uploads\/2023\/05\/bs2-corporate-events.jpeg","contentUrl":"https:\/\/bs2.lt\/wp-content\/uploads\/2023\/05\/bs2-corporate-events.jpeg","width":2048,"height":1536},{"@type":"BreadcrumbList","@id":"https:\/\/bs2.lt\/lt\/karjera\/renginiai\/#breadcrumb","itemListElement":[{"@type":"ListItem","position":1,"name":"Home","item":"https:\/\/bs2.lt\/lt\/"},{"@type":"ListItem","position":2,"name":"Karjera","item":"https:\/\/bs2.lt\/lt\/karjera\/"},{"@type":"ListItem","position":3,"name":"Vidiniai \u012fmon\u0117s renginiai"}]},{"@type":"WebSite","@id":"https:\/\/bs2.lt\/#website","url":"https:\/\/bs2.lt\/","name":"BS\/2","description":"Banking and retail technology company","publisher":{"@id":"https:\/\/bs2.lt\/#organization"},"potentialAction":[{"@type":"SearchAction","target":{"@type":"EntryPoint","urlTemplate":"https:\/\/bs2.lt\/?s={search_term_string}"},"query-input":{"@type":"PropertyValueSpecification","valueRequired":true,"valueName":"search_term_string"}}],"inLanguage":"lt-LT"},{"@type":"Organization","@id":"https:\/\/bs2.lt\/#organization","name":"BS\/2","url":"https:\/\/bs2.lt\/","logo":{"@type":"ImageObject","inLanguage":"lt-LT","@id":"https:\/\/bs2.lt\/#\/schema\/logo\/image\/","url":"https:\/\/bs2.lt\/wp-content\/uploads\/2022\/08\/bs2-logo.svg","contentUrl":"https:\/\/bs2.lt\/wp-content\/uploads\/2022\/08\/bs2-logo.svg","width":100,"height":57,"caption":"BS\/2"},"image":{"@id":"https:\/\/bs2.lt\/#\/schema\/logo\/image\/"},"sameAs":["https:\/\/www.facebook.com\/bs2solutions\/","https:\/\/www.linkedin.com\/showcase\/bs2solutions","https:\/\/www.youtube.com\/c\/Bs2Lt"]}]}},"_links":{"self":[{"href":"https:\/\/bs2.lt\/lt\/wp-json\/wp\/v2\/pages\/32992","targetHints":{"allow":["GET"]}}],"collection":[{"href":"https:\/\/bs2.lt\/lt\/wp-json\/wp\/v2\/pages"}],"about":[{"href":"https:\/\/bs2.lt\/lt\/wp-json\/wp\/v2\/types\/page"}],"author":[{"embeddable":true,"href":"https:\/\/bs2.lt\/lt\/wp-json\/wp\/v2\/users\/1"}],"replies":[{"embeddable":true,"href":"https:\/\/bs2.lt\/lt\/wp-json\/wp\/v2\/comments?post=32992"}],"version-history":[{"count":2,"href":"https:\/\/bs2.lt\/lt\/wp-json\/wp\/v2\/pages\/32992\/revisions"}],"predecessor-version":[{"id":50785,"href":"https:\/\/bs2.lt\/lt\/wp-json\/wp\/v2\/pages\/32992\/revisions\/50785"}],"up":[{"embeddable":true,"href":"https:\/\/bs2.lt\/lt\/wp-json\/wp\/v2\/pages\/33013"}],"wp:featuredmedia":[{"embeddable":true,"href":"https:\/\/bs2.lt\/lt\/wp-json\/wp\/v2\/media\/32757"}],"wp:attachment":[{"href":"https:\/\/bs2.lt\/lt\/wp-json\/wp\/v2\/media?parent=32992"}],"curies":[{"name":"wp","href":"https:\/\/api.w.org\/{rel}","templated":true}]}}