{"id":32985,"date":"2022-11-30T14:18:14","date_gmt":"2022-11-30T12:18:14","guid":{"rendered":"https:\/\/bs2.lt\/socialnaya-otvetvennost\/"},"modified":"2024-03-08T10:59:22","modified_gmt":"2024-03-08T08:59:22","slug":"socialine-atsakomybe","status":"publish","type":"page","link":"https:\/\/bs2.lt\/lt\/karjera\/socialine-atsakomybe\/","title":{"rendered":"Socialin\u0117 atsakomyb\u0117"},"content":{"rendered":"<p>Tvarumas yra svarbiausias BS\/2 prioritetas, o atsakinga ir eti\u0161ka verslo praktika taikoma visose \u012fmon\u0117s veiklos srityse. Ypa\u010d vertiname s\u0105\u017einingum\u0105 ir verslo skaidrum\u0105, o suinteresuotosios \u0161alys visada palaiko atvir\u0105 dialog\u0105. Ypating\u0105 d\u0117mes\u012f \u012fmon\u0117 skiria aplinkos apsaugai, verslo santykiams, ilgalaikei pa\u017eangai ir eti\u0161kam elgesiui.<\/p>\n<p>Socialin\u0117 atsakomyb\u0117 mums anaiptol n\u0117ra vien madingas \u017eodis, tai esmin\u0117 m\u016bs\u0173 vertybi\u0173 dalis. Manome, kad b\u016btina palaikyti ry\u0161\u012f su \u017emon\u0117mis, atliepti j\u0173 poreikius ir pad\u0117ti tiems, kuriems reikia pagalbos.<\/p>\n<p>Jau daugyb\u0119 met\u0173 remiame Lietuvos sutrikusio intelekto \u017emoni\u0173 globos bendrij\u0105 \u201eViltis\u201c. Did\u017eiuojam\u0117s gal\u0117dami palaikyti toki\u0105 svarbi\u0105 organizacij\u0105 ir jos atliekam\u0105 darb\u0105. BS\/2 aktyviai dalyvauja asociacijos \u201eViltis\u201c kaimynyst\u0117s ir draugyst\u0117s \u0161vent\u0117je Vilniuje, kuri organizuojama jau daugiau nei de\u0161imt met\u0173. Siekiame kurti draugi\u0161k\u0105 aplink\u0105 speciali\u0173j\u0173 poreiki\u0173 \u017emon\u0117ms ir prisidedame prie j\u0173 socialin\u0117s integracijos \u012f visuomen\u0119.<\/p>\n<p>\u201ePenki\u0173 kontinent\u0173\u201c grup\u0117 nuo 2021 met\u0173 prisijung\u0117 prie <a href=\"https:\/\/youtu.be\/ewn3t8qK1f0\" data-rel=\"lightbox-video-0\">SOPA iniciatyvos \u201eDUOday\u201c<\/a>, kurios tikslas \u2013 sudaryti s\u0105lygas negali\u0105 turintiems \u017emon\u0117ms integruotis \u012f visuomen\u0119, i\u0161bandant \u012fvairius darbus. Kasmet vien\u0105 darbo dien\u0105 \u017emogus su negalia ir m\u016bs\u0173 \u012fmon\u0117s darbuotojas praleid\u017eia kartu, dirbdami drauge. Taip sudaroma galimyb\u0117 ribot\u0173 galimybi\u0173 \u017emogui susipa\u017einti su \u012fmon\u0117s veikla, i\u0161bandyti savo j\u0117gas atliekant skirtingas u\u017eduotis.<\/p>\n<p>Remiame ir dar vien\u0105 socialin\u0117s integracijos bei darbo \u012fg\u016bd\u017ei\u0173 formavimo iniciatyv\u0105 \u201eKavos galia\u201c. Prie \u201ePenki kontinentai\u201c grup\u0117s biuro Vilniuje atvyksta automobilis, kuriame Vilniaus Verki\u0173 mokyklos-daugiafunkcinio centro jaunuoliai verda kav\u0105, kakav\u0105, arbat\u0105 ir vai\u0161ina m\u016bs\u0173 darbuotojus.<\/p>\n<p>Siekdama ma\u017einti socialin\u0119 izoliacij\u0105 visuomen\u0117je, BS\/2 \u012fmon\u0117 pritaik\u0117 bankomat\u0105 akliesiems ir silpnaregiams. Tokie bankomatai ypa\u010d populiar\u016bs Sakartvele. Did\u017eiuojam\u0117s suk\u016br\u0119 technologij\u0105, kuri bankines paslaugas padaro prieinamas visiems.<\/p>\n<p>Nuolat dalyvaujame Kraujo donoryst\u0117s akcijose. \u012e m\u016bs\u0173 biur\u0105 atvyksta Nacionalinio kraujo centro atstovai, kurie priima krauj\u0105 i\u0161 j\u012f aukojan\u010di\u0173 m\u016bs\u0173 darbuotoj\u0173. Dauguma akcijoje dalyvavusi\u0173 koleg\u0173 aukojo kraujo jau daugiau nei de\u0161imt\u012f kart\u0173. Nacionalinio kraujo centro darbuotoj\u0173 teigimu, \u012fmon\u0117se organizuojamos kraujo donoryst\u0117s akcijos padeda i\u0161vengti kraujo i\u0161tekli\u0173 tr\u016bkumo ligonin\u0117se.<\/p>\n<p><a href=\"https:\/\/www.news.lt\/Penkiu-kontinentu-naujienos\/BS2-padejo-issipildyti-ukrainietes-svajonei.im?id=363178&amp;tid=45\">BS\/2 prisideda prie ukrainie\u010di\u0173 palaikymo projekt\u0173<\/a>. D\u017eiaugiam\u0117s, gal\u0117dami sudaryti s\u0105lygas dirbti m\u016bs\u0173 \u012fmon\u0117je i\u0161 \u0161ios \u0161alies prieglobs\u010dio atvykusiems \u017emon\u0117ms. Be to, pad\u0117jome i\u0161sipildyti ir BS\/2 darbuotojos dukters Karinos svajonei. Prie\u0161 prasidedant karui, Karina ruo\u0161\u0117si dalyvauti Ukrainos rungtyni\u0173 \u0161oki\u0173 var\u017eybose. Jos svajon\u0117 i\u0161sipild\u0117 kiek kitaip \u2013 2023 m. jai teko garb\u0117 atstovauti Lietuvai Europos rungtyni\u0173 \u0161oki\u0173 \u010dempionate, kuriame ji i\u0161kovojo aukso ir sidabro taures (u\u017e\u0117m\u0117 pirm\u0105 viet\u0105 duet\u0173 var\u017eybose ir antr\u0105 komandin\u0117se)! BS\/2 par\u0117m\u0117 jos kelion\u0119, o lapkrit\u012f laukia dar viena \u2013 \u012f Pasaulio rungtyni\u0173 \u0161oki\u0173 \u010dempionat\u0105, kuris vyks Japonijoje.<\/p>\n<p>Siekdami pad\u0117ti jaunimui pasirinkti savo gyvenimo keli\u0105, stiprinti j\u0173 motyvacij\u0105 mokytis ir siekti tikslo gyvenime, organizuojame ekskursijas m\u016bs\u0173 biure auk\u0161tesni\u0173j\u0173 klasi\u0173 moksleiviams ir studentams. Ekskursij\u0173 metu skirting\u0173 profesij\u0173 specialistai susipa\u017eindina jaunuolius su savo profesija, papasakoja apie savo karjeros keli\u0105, pristato m\u016bs\u0173 kuriamus programinius produktus, platinam\u0105 bankin\u0119 \u012frang\u0105 ir atsiskaitymo \u012frenginius.<\/p>\n<p>Studentus taip pat kvie\u010diame atlikti praktik\u0105, po kurios ne vienas i\u0161 j\u0173 lieka dirbti.<\/p>\n","protected":false},"excerpt":{"rendered":"<p>Tvarumas yra svarbiausias BS\/2 prioritetas, o atsakinga ir eti\u0161ka verslo praktika taikoma visose \u012fmon\u0117s veiklos srityse. Ypa\u010d vertiname s\u0105\u017einingum\u0105 ir verslo skaidrum\u0105, o suinteresuotosios \u0161alys visada palaiko atvir\u0105 dialog\u0105. Ypating\u0105 d\u0117mes\u012f \u012fmon\u0117 skiria aplinkos apsaugai, verslo santykiams, ilgalaikei pa\u017eangai ir eti\u0161kam elgesiui. Socialin\u0117 atsakomyb\u0117 mums anaiptol n\u0117ra vien madingas \u017eodis, tai esmin\u0117 m\u016bs\u0173 vertybi\u0173 dalis. [&hellip;]<\/p>\n","protected":false},"author":1,"featured_media":30149,"parent":33013,"menu_order":0,"comment_status":"closed","ping_status":"closed","template":"templates\/articles1.php","meta":{"_acf_changed":false,"inline_featured_image":false,"footnotes":""},"class_list":["post-32985","page","type-page","status-publish","has-post-thumbnail","hentry"],"acf":[],"yoast_head":"<!-- This site is optimized with the Yoast SEO plugin v26.2 - https:\/\/yoast.com\/wordpress\/plugins\/seo\/ -->\n<title>Socialin\u0117 atsakomyb\u0117 | BS\/2<\/title>\n<meta name=\"robots\" content=\"index, follow, max-snippet:-1, max-image-preview:large, max-video-preview:-1\" \/>\n<link rel=\"canonical\" href=\"https:\/\/bs2.lt\/lt\/karjera\/socialine-atsakomybe\/\" \/>\n<meta property=\"og:locale\" content=\"lt_LT\" \/>\n<meta property=\"og:type\" content=\"article\" \/>\n<meta property=\"og:title\" content=\"Socialin\u0117 atsakomyb\u0117 | BS\/2\" \/>\n<meta property=\"og:description\" content=\"Tvarumas yra svarbiausias BS\/2 prioritetas, o atsakinga ir eti\u0161ka verslo praktika taikoma visose \u012fmon\u0117s veiklos srityse. Ypa\u010d vertiname s\u0105\u017einingum\u0105 ir verslo skaidrum\u0105, o suinteresuotosios \u0161alys visada palaiko atvir\u0105 dialog\u0105. Ypating\u0105 d\u0117mes\u012f \u012fmon\u0117 skiria aplinkos apsaugai, verslo santykiams, ilgalaikei pa\u017eangai ir eti\u0161kam elgesiui. Socialin\u0117 atsakomyb\u0117 mums anaiptol n\u0117ra vien madingas \u017eodis, tai esmin\u0117 m\u016bs\u0173 vertybi\u0173 dalis. [&hellip;]\" \/>\n<meta property=\"og:url\" content=\"https:\/\/bs2.lt\/lt\/karjera\/socialine-atsakomybe\/\" \/>\n<meta property=\"og:site_name\" content=\"BS\/2\" \/>\n<meta property=\"article:publisher\" content=\"https:\/\/www.facebook.com\/bs2solutions\/\" \/>\n<meta property=\"article:modified_time\" content=\"2024-03-08T08:59:22+00:00\" \/>\n<meta property=\"og:image\" content=\"https:\/\/bs2.lt\/wp-content\/uploads\/2022\/11\/unsplash.jpg\" \/>\n\t<meta property=\"og:image:width\" content=\"1600\" \/>\n\t<meta property=\"og:image:height\" content=\"880\" \/>\n\t<meta property=\"og:image:type\" content=\"image\/jpeg\" \/>\n<meta name=\"twitter:card\" content=\"summary_large_image\" \/>\n<meta name=\"twitter:label1\" content=\"Est. reading time\" \/>\n\t<meta name=\"twitter:data1\" content=\"3 minut\u0117s\" \/>\n<script type=\"application\/ld+json\" class=\"yoast-schema-graph\">{\"@context\":\"https:\/\/schema.org\",\"@graph\":[{\"@type\":\"WebPage\",\"@id\":\"https:\/\/bs2.lt\/lt\/karjera\/socialine-atsakomybe\/\",\"url\":\"https:\/\/bs2.lt\/lt\/karjera\/socialine-atsakomybe\/\",\"name\":\"Socialin\u0117 atsakomyb\u0117 | BS\/2\",\"isPartOf\":{\"@id\":\"https:\/\/bs2.lt\/#website\"},\"primaryImageOfPage\":{\"@id\":\"https:\/\/bs2.lt\/lt\/karjera\/socialine-atsakomybe\/#primaryimage\"},\"image\":{\"@id\":\"https:\/\/bs2.lt\/lt\/karjera\/socialine-atsakomybe\/#primaryimage\"},\"thumbnailUrl\":\"https:\/\/bs2.lt\/wp-content\/uploads\/2022\/11\/unsplash.jpg\",\"datePublished\":\"2022-11-30T12:18:14+00:00\",\"dateModified\":\"2024-03-08T08:59:22+00:00\",\"breadcrumb\":{\"@id\":\"https:\/\/bs2.lt\/lt\/karjera\/socialine-atsakomybe\/#breadcrumb\"},\"inLanguage\":\"lt-LT\",\"potentialAction\":[{\"@type\":\"ReadAction\",\"target\":[\"https:\/\/bs2.lt\/lt\/karjera\/socialine-atsakomybe\/\"]}]},{\"@type\":\"ImageObject\",\"inLanguage\":\"lt-LT\",\"@id\":\"https:\/\/bs2.lt\/lt\/karjera\/socialine-atsakomybe\/#primaryimage\",\"url\":\"https:\/\/bs2.lt\/wp-content\/uploads\/2022\/11\/unsplash.jpg\",\"contentUrl\":\"https:\/\/bs2.lt\/wp-content\/uploads\/2022\/11\/unsplash.jpg\",\"width\":1600,\"height\":880},{\"@type\":\"BreadcrumbList\",\"@id\":\"https:\/\/bs2.lt\/lt\/karjera\/socialine-atsakomybe\/#breadcrumb\",\"itemListElement\":[{\"@type\":\"ListItem\",\"position\":1,\"name\":\"Home\",\"item\":\"https:\/\/bs2.lt\/lt\/\"},{\"@type\":\"ListItem\",\"position\":2,\"name\":\"Karjera\",\"item\":\"https:\/\/bs2.lt\/lt\/karjera\/\"},{\"@type\":\"ListItem\",\"position\":3,\"name\":\"Socialin\u0117 atsakomyb\u0117\"}]},{\"@type\":\"WebSite\",\"@id\":\"https:\/\/bs2.lt\/#website\",\"url\":\"https:\/\/bs2.lt\/\",\"name\":\"BS\/2\",\"description\":\"Banking and retail technology company\",\"publisher\":{\"@id\":\"https:\/\/bs2.lt\/#organization\"},\"potentialAction\":[{\"@type\":\"SearchAction\",\"target\":{\"@type\":\"EntryPoint\",\"urlTemplate\":\"https:\/\/bs2.lt\/?s={search_term_string}\"},\"query-input\":{\"@type\":\"PropertyValueSpecification\",\"valueRequired\":true,\"valueName\":\"search_term_string\"}}],\"inLanguage\":\"lt-LT\"},{\"@type\":\"Organization\",\"@id\":\"https:\/\/bs2.lt\/#organization\",\"name\":\"BS\/2\",\"url\":\"https:\/\/bs2.lt\/\",\"logo\":{\"@type\":\"ImageObject\",\"inLanguage\":\"lt-LT\",\"@id\":\"https:\/\/bs2.lt\/#\/schema\/logo\/image\/\",\"url\":\"https:\/\/bs2.lt\/wp-content\/uploads\/2022\/08\/bs2-logo.svg\",\"contentUrl\":\"https:\/\/bs2.lt\/wp-content\/uploads\/2022\/08\/bs2-logo.svg\",\"width\":100,\"height\":57,\"caption\":\"BS\/2\"},\"image\":{\"@id\":\"https:\/\/bs2.lt\/#\/schema\/logo\/image\/\"},\"sameAs\":[\"https:\/\/www.facebook.com\/bs2solutions\/\",\"https:\/\/www.linkedin.com\/showcase\/bs2solutions\",\"https:\/\/www.youtube.com\/c\/Bs2Lt\"]}]}<\/script>\n<!-- \/ Yoast SEO plugin. -->","yoast_head_json":{"title":"Socialin\u0117 atsakomyb\u0117 | BS\/2","robots":{"index":"index","follow":"follow","max-snippet":"max-snippet:-1","max-image-preview":"max-image-preview:large","max-video-preview":"max-video-preview:-1"},"canonical":"https:\/\/bs2.lt\/lt\/karjera\/socialine-atsakomybe\/","og_locale":"lt_LT","og_type":"article","og_title":"Socialin\u0117 atsakomyb\u0117 | BS\/2","og_description":"Tvarumas yra svarbiausias BS\/2 prioritetas, o atsakinga ir eti\u0161ka verslo praktika taikoma visose \u012fmon\u0117s veiklos srityse. Ypa\u010d vertiname s\u0105\u017einingum\u0105 ir verslo skaidrum\u0105, o suinteresuotosios \u0161alys visada palaiko atvir\u0105 dialog\u0105. Ypating\u0105 d\u0117mes\u012f \u012fmon\u0117 skiria aplinkos apsaugai, verslo santykiams, ilgalaikei pa\u017eangai ir eti\u0161kam elgesiui. Socialin\u0117 atsakomyb\u0117 mums anaiptol n\u0117ra vien madingas \u017eodis, tai esmin\u0117 m\u016bs\u0173 vertybi\u0173 dalis. [&hellip;]","og_url":"https:\/\/bs2.lt\/lt\/karjera\/socialine-atsakomybe\/","og_site_name":"BS\/2","article_publisher":"https:\/\/www.facebook.com\/bs2solutions\/","article_modified_time":"2024-03-08T08:59:22+00:00","og_image":[{"width":1600,"height":880,"url":"https:\/\/bs2.lt\/wp-content\/uploads\/2022\/11\/unsplash.jpg","type":"image\/jpeg"}],"twitter_card":"summary_large_image","twitter_misc":{"Est. reading time":"3 minut\u0117s"},"schema":{"@context":"https:\/\/schema.org","@graph":[{"@type":"WebPage","@id":"https:\/\/bs2.lt\/lt\/karjera\/socialine-atsakomybe\/","url":"https:\/\/bs2.lt\/lt\/karjera\/socialine-atsakomybe\/","name":"Socialin\u0117 atsakomyb\u0117 | BS\/2","isPartOf":{"@id":"https:\/\/bs2.lt\/#website"},"primaryImageOfPage":{"@id":"https:\/\/bs2.lt\/lt\/karjera\/socialine-atsakomybe\/#primaryimage"},"image":{"@id":"https:\/\/bs2.lt\/lt\/karjera\/socialine-atsakomybe\/#primaryimage"},"thumbnailUrl":"https:\/\/bs2.lt\/wp-content\/uploads\/2022\/11\/unsplash.jpg","datePublished":"2022-11-30T12:18:14+00:00","dateModified":"2024-03-08T08:59:22+00:00","breadcrumb":{"@id":"https:\/\/bs2.lt\/lt\/karjera\/socialine-atsakomybe\/#breadcrumb"},"inLanguage":"lt-LT","potentialAction":[{"@type":"ReadAction","target":["https:\/\/bs2.lt\/lt\/karjera\/socialine-atsakomybe\/"]}]},{"@type":"ImageObject","inLanguage":"lt-LT","@id":"https:\/\/bs2.lt\/lt\/karjera\/socialine-atsakomybe\/#primaryimage","url":"https:\/\/bs2.lt\/wp-content\/uploads\/2022\/11\/unsplash.jpg","contentUrl":"https:\/\/bs2.lt\/wp-content\/uploads\/2022\/11\/unsplash.jpg","width":1600,"height":880},{"@type":"BreadcrumbList","@id":"https:\/\/bs2.lt\/lt\/karjera\/socialine-atsakomybe\/#breadcrumb","itemListElement":[{"@type":"ListItem","position":1,"name":"Home","item":"https:\/\/bs2.lt\/lt\/"},{"@type":"ListItem","position":2,"name":"Karjera","item":"https:\/\/bs2.lt\/lt\/karjera\/"},{"@type":"ListItem","position":3,"name":"Socialin\u0117 atsakomyb\u0117"}]},{"@type":"WebSite","@id":"https:\/\/bs2.lt\/#website","url":"https:\/\/bs2.lt\/","name":"BS\/2","description":"Banking and retail technology company","publisher":{"@id":"https:\/\/bs2.lt\/#organization"},"potentialAction":[{"@type":"SearchAction","target":{"@type":"EntryPoint","urlTemplate":"https:\/\/bs2.lt\/?s={search_term_string}"},"query-input":{"@type":"PropertyValueSpecification","valueRequired":true,"valueName":"search_term_string"}}],"inLanguage":"lt-LT"},{"@type":"Organization","@id":"https:\/\/bs2.lt\/#organization","name":"BS\/2","url":"https:\/\/bs2.lt\/","logo":{"@type":"ImageObject","inLanguage":"lt-LT","@id":"https:\/\/bs2.lt\/#\/schema\/logo\/image\/","url":"https:\/\/bs2.lt\/wp-content\/uploads\/2022\/08\/bs2-logo.svg","contentUrl":"https:\/\/bs2.lt\/wp-content\/uploads\/2022\/08\/bs2-logo.svg","width":100,"height":57,"caption":"BS\/2"},"image":{"@id":"https:\/\/bs2.lt\/#\/schema\/logo\/image\/"},"sameAs":["https:\/\/www.facebook.com\/bs2solutions\/","https:\/\/www.linkedin.com\/showcase\/bs2solutions","https:\/\/www.youtube.com\/c\/Bs2Lt"]}]}},"_links":{"self":[{"href":"https:\/\/bs2.lt\/lt\/wp-json\/wp\/v2\/pages\/32985","targetHints":{"allow":["GET"]}}],"collection":[{"href":"https:\/\/bs2.lt\/lt\/wp-json\/wp\/v2\/pages"}],"about":[{"href":"https:\/\/bs2.lt\/lt\/wp-json\/wp\/v2\/types\/page"}],"author":[{"embeddable":true,"href":"https:\/\/bs2.lt\/lt\/wp-json\/wp\/v2\/users\/1"}],"replies":[{"embeddable":true,"href":"https:\/\/bs2.lt\/lt\/wp-json\/wp\/v2\/comments?post=32985"}],"version-history":[{"count":1,"href":"https:\/\/bs2.lt\/lt\/wp-json\/wp\/v2\/pages\/32985\/revisions"}],"predecessor-version":[{"id":38312,"href":"https:\/\/bs2.lt\/lt\/wp-json\/wp\/v2\/pages\/32985\/revisions\/38312"}],"up":[{"embeddable":true,"href":"https:\/\/bs2.lt\/lt\/wp-json\/wp\/v2\/pages\/33013"}],"wp:featuredmedia":[{"embeddable":true,"href":"https:\/\/bs2.lt\/lt\/wp-json\/wp\/v2\/media\/30149"}],"wp:attachment":[{"href":"https:\/\/bs2.lt\/lt\/wp-json\/wp\/v2\/media?parent=32985"}],"curies":[{"name":"wp","href":"https:\/\/api.w.org\/{rel}","templated":true}]}}