{"id":29527,"date":"2022-07-25T13:09:02","date_gmt":"2022-07-25T10:09:02","guid":{"rendered":"https:\/\/bs2.lt\/product\/henkovac-t-series\/"},"modified":"2022-09-09T11:03:08","modified_gmt":"2022-09-09T08:03:08","slug":"henkovac-t-series","status":"publish","type":"product","link":"https:\/\/bs2.lt\/az\/product\/henkovac-t-series\/","title":{"rendered":"Vakuum qabla\u015fd\u0131r\u0131c\u0131lar Henkovac T-series: t\u0259kmill\u0259\u015fdirilmi\u015f performans v\u0259 g\u00fcc"},"content":{"rendered":"<p>\u018fskinaslar\u0131n \u00e7e\u015fidl\u0259nm\u0259si v\u0259 qabla\u015fd\u0131r\u0131lmas\u0131 ticar\u0259t v\u0259 bank i\u015find\u0259 na\u011fd pullar\u0131n i\u015fl\u0259nm\u0259sinin m\u0259cburi m\u0259rh\u0259l\u0259l\u0259ridir. Ka\u011f\u0131z pullar\u0131 sad\u0259l\u0259\u015fdirm\u0259k \u00fc\u00e7\u00fcn m\u00fcasir t\u0259\u015fkilatlar x\u00fcsusi avadanl\u0131qlardan &#8211; \u0259skinaslar\u0131n vakuum qabla\u015fd\u0131rmalar\u0131ndan istifad\u0259 edirl\u0259r. Bu y\u0131\u011fcam v\u0259 m\u00f6h\u00fcrl\u0259nmi\u015f qur\u011fular \u00e7antalardan havan\u0131 \u00e7\u0131xaran mexanizml\u0259 t\u0259chiz edilmi\u015fdir. Bel\u0259 \u0259skinas qabla\u015fd\u0131rma modell\u0259rd\u0259n biri d\u0259 BS\/2 t\u0259r\u0259find\u0259n t\u0259chiz edilmi\u015f Henkovac T series-dir.<\/p>\n<p>Tutumdan as\u0131l\u0131 olaraq, s\u0131raya a\u015fa\u011f\u0131dak\u0131 qabla\u015fd\u0131r\u0131c\u0131lar daxildir:<\/p>\n<ul>\n<li>Henkovac T3 \u2013 bir paketli (1000 \u0259skinas)<\/li>\n<li>Henkovac T4 \u2013 iki paketli (2000 \u0259skinas)<\/li>\n<li>Henkovac T5 \u2013 \u00fc\u00e7 paketli (3000 \u0259skinas)<\/li>\n<\/ul>\n","protected":false},"featured_media":43150,"template":"","product_category":[791],"atm_series":[],"atm_cashflow":[],"atm_type":[],"product-provider":[],"class_list":["post-29527","product","type-product","status-publish","has-post-thumbnail","hentry","product_category-ccm"],"acf":[],"yoast_head":"<!-- This site is optimized with the Yoast SEO plugin v26.2 - https:\/\/yoast.com\/wordpress\/plugins\/seo\/ -->\n<title>Vakuum qabla\u015fd\u0131r\u0131c\u0131lar Henkovac T-series | BS\/2<\/title>\n<meta name=\"robots\" content=\"index, follow, max-snippet:-1, max-image-preview:large, max-video-preview:-1\" \/>\n<link rel=\"canonical\" href=\"https:\/\/bs2.lt\/az\/product\/henkovac-t-series\/\" \/>\n<meta property=\"og:locale\" content=\"az_AZ\" \/>\n<meta property=\"og:type\" content=\"article\" \/>\n<meta property=\"og:title\" content=\"Vakuum qabla\u015fd\u0131r\u0131c\u0131lar Henkovac T-series | BS\/2\" \/>\n<meta property=\"og:description\" content=\"\u018fskinaslar\u0131n \u00e7e\u015fidl\u0259nm\u0259si v\u0259 qabla\u015fd\u0131r\u0131lmas\u0131 ticar\u0259t v\u0259 bank i\u015find\u0259 na\u011fd pullar\u0131n i\u015fl\u0259nm\u0259sinin m\u0259cburi m\u0259rh\u0259l\u0259l\u0259ridir. Ka\u011f\u0131z pullar\u0131 sad\u0259l\u0259\u015fdirm\u0259k \u00fc\u00e7\u00fcn m\u00fcasir t\u0259\u015fkilatlar x\u00fcsusi avadanl\u0131qlardan &#8211; \u0259skinaslar\u0131n vakuum qabla\u015fd\u0131rmalar\u0131ndan istifad\u0259 edirl\u0259r. Bu y\u0131\u011fcam v\u0259 m\u00f6h\u00fcrl\u0259nmi\u015f qur\u011fular \u00e7antalardan havan\u0131 \u00e7\u0131xaran mexanizml\u0259 t\u0259chiz edilmi\u015fdir. Bel\u0259 \u0259skinas qabla\u015fd\u0131rma modell\u0259rd\u0259n biri d\u0259 BS\/2 t\u0259r\u0259find\u0259n t\u0259chiz edilmi\u015f Henkovac T series-dir. Tutumdan as\u0131l\u0131 olaraq, s\u0131raya [&hellip;]\" \/>\n<meta property=\"og:url\" content=\"https:\/\/bs2.lt\/az\/product\/henkovac-t-series\/\" \/>\n<meta property=\"og:site_name\" content=\"BS\/2\" \/>\n<meta property=\"article:publisher\" content=\"https:\/\/www.facebook.com\/bs2solutions\/\" \/>\n<meta property=\"article:modified_time\" content=\"2022-09-09T08:03:08+00:00\" \/>\n<meta property=\"og:image\" content=\"https:\/\/bs2.lt\/wp-content\/uploads\/2022\/07\/microsoftteams-image.jpg\" \/>\n\t<meta property=\"og:image:width\" content=\"1200\" \/>\n\t<meta property=\"og:image:height\" content=\"1000\" \/>\n\t<meta property=\"og:image:type\" content=\"image\/jpeg\" \/>\n<meta name=\"twitter:card\" content=\"summary_large_image\" \/>\n<meta name=\"twitter:label1\" content=\"Est. reading time\" \/>\n\t<meta name=\"twitter:data1\" content=\"1 minute\" \/>\n<script type=\"application\/ld+json\" class=\"yoast-schema-graph\">{\"@context\":\"https:\/\/schema.org\",\"@graph\":[{\"@type\":\"WebPage\",\"@id\":\"https:\/\/bs2.lt\/az\/product\/henkovac-t-series\/\",\"url\":\"https:\/\/bs2.lt\/az\/product\/henkovac-t-series\/\",\"name\":\"Vakuum qabla\u015fd\u0131r\u0131c\u0131lar Henkovac T-series | BS\/2\",\"isPartOf\":{\"@id\":\"https:\/\/bs2.lt\/#website\"},\"primaryImageOfPage\":{\"@id\":\"https:\/\/bs2.lt\/az\/product\/henkovac-t-series\/#primaryimage\"},\"image\":{\"@id\":\"https:\/\/bs2.lt\/az\/product\/henkovac-t-series\/#primaryimage\"},\"thumbnailUrl\":\"https:\/\/bs2.lt\/wp-content\/uploads\/2024\/08\/henkovac-t5-cover-01.jpg\",\"datePublished\":\"2022-07-25T10:09:02+00:00\",\"dateModified\":\"2022-09-09T08:03:08+00:00\",\"breadcrumb\":{\"@id\":\"https:\/\/bs2.lt\/az\/product\/henkovac-t-series\/#breadcrumb\"},\"inLanguage\":\"az\",\"potentialAction\":[{\"@type\":\"ReadAction\",\"target\":[\"https:\/\/bs2.lt\/az\/product\/henkovac-t-series\/\"]}]},{\"@type\":\"ImageObject\",\"inLanguage\":\"az\",\"@id\":\"https:\/\/bs2.lt\/az\/product\/henkovac-t-series\/#primaryimage\",\"url\":\"https:\/\/bs2.lt\/wp-content\/uploads\/2024\/08\/henkovac-t5-cover-01.jpg\",\"contentUrl\":\"https:\/\/bs2.lt\/wp-content\/uploads\/2024\/08\/henkovac-t5-cover-01.jpg\",\"width\":1000,\"height\":1001},{\"@type\":\"BreadcrumbList\",\"@id\":\"https:\/\/bs2.lt\/az\/product\/henkovac-t-series\/#breadcrumb\",\"itemListElement\":[{\"@type\":\"ListItem\",\"position\":1,\"name\":\"Home\",\"item\":\"https:\/\/bs2.lt\/az\/\"},{\"@type\":\"ListItem\",\"position\":2,\"name\":\"Vakuum qabla\u015fd\u0131r\u0131c\u0131lar Henkovac T-series: t\u0259kmill\u0259\u015fdirilmi\u015f performans v\u0259 g\u00fcc\"}]},{\"@type\":\"WebSite\",\"@id\":\"https:\/\/bs2.lt\/#website\",\"url\":\"https:\/\/bs2.lt\/\",\"name\":\"BS\/2\",\"description\":\"Banking and retail technology company\",\"publisher\":{\"@id\":\"https:\/\/bs2.lt\/#organization\"},\"potentialAction\":[{\"@type\":\"SearchAction\",\"target\":{\"@type\":\"EntryPoint\",\"urlTemplate\":\"https:\/\/bs2.lt\/?s={search_term_string}\"},\"query-input\":{\"@type\":\"PropertyValueSpecification\",\"valueRequired\":true,\"valueName\":\"search_term_string\"}}],\"inLanguage\":\"az\"},{\"@type\":\"Organization\",\"@id\":\"https:\/\/bs2.lt\/#organization\",\"name\":\"BS\/2\",\"url\":\"https:\/\/bs2.lt\/\",\"logo\":{\"@type\":\"ImageObject\",\"inLanguage\":\"az\",\"@id\":\"https:\/\/bs2.lt\/#\/schema\/logo\/image\/\",\"url\":\"https:\/\/bs2.lt\/wp-content\/uploads\/2022\/08\/bs2-logo.svg\",\"contentUrl\":\"https:\/\/bs2.lt\/wp-content\/uploads\/2022\/08\/bs2-logo.svg\",\"width\":100,\"height\":57,\"caption\":\"BS\/2\"},\"image\":{\"@id\":\"https:\/\/bs2.lt\/#\/schema\/logo\/image\/\"},\"sameAs\":[\"https:\/\/www.facebook.com\/bs2solutions\/\",\"https:\/\/www.linkedin.com\/showcase\/bs2solutions\",\"https:\/\/www.youtube.com\/c\/Bs2Lt\"]}]}<\/script>\n<!-- \/ Yoast SEO plugin. -->","yoast_head_json":{"title":"Vakuum qabla\u015fd\u0131r\u0131c\u0131lar Henkovac T-series | BS\/2","robots":{"index":"index","follow":"follow","max-snippet":"max-snippet:-1","max-image-preview":"max-image-preview:large","max-video-preview":"max-video-preview:-1"},"canonical":"https:\/\/bs2.lt\/az\/product\/henkovac-t-series\/","og_locale":"az_AZ","og_type":"article","og_title":"Vakuum qabla\u015fd\u0131r\u0131c\u0131lar Henkovac T-series | BS\/2","og_description":"\u018fskinaslar\u0131n \u00e7e\u015fidl\u0259nm\u0259si v\u0259 qabla\u015fd\u0131r\u0131lmas\u0131 ticar\u0259t v\u0259 bank i\u015find\u0259 na\u011fd pullar\u0131n i\u015fl\u0259nm\u0259sinin m\u0259cburi m\u0259rh\u0259l\u0259l\u0259ridir. Ka\u011f\u0131z pullar\u0131 sad\u0259l\u0259\u015fdirm\u0259k \u00fc\u00e7\u00fcn m\u00fcasir t\u0259\u015fkilatlar x\u00fcsusi avadanl\u0131qlardan &#8211; \u0259skinaslar\u0131n vakuum qabla\u015fd\u0131rmalar\u0131ndan istifad\u0259 edirl\u0259r. Bu y\u0131\u011fcam v\u0259 m\u00f6h\u00fcrl\u0259nmi\u015f qur\u011fular \u00e7antalardan havan\u0131 \u00e7\u0131xaran mexanizml\u0259 t\u0259chiz edilmi\u015fdir. Bel\u0259 \u0259skinas qabla\u015fd\u0131rma modell\u0259rd\u0259n biri d\u0259 BS\/2 t\u0259r\u0259find\u0259n t\u0259chiz edilmi\u015f Henkovac T series-dir. Tutumdan as\u0131l\u0131 olaraq, s\u0131raya [&hellip;]","og_url":"https:\/\/bs2.lt\/az\/product\/henkovac-t-series\/","og_site_name":"BS\/2","article_publisher":"https:\/\/www.facebook.com\/bs2solutions\/","article_modified_time":"2022-09-09T08:03:08+00:00","og_image":[{"width":1200,"height":1000,"url":"https:\/\/bs2.lt\/wp-content\/uploads\/2022\/07\/microsoftteams-image.jpg","type":"image\/jpeg"}],"twitter_card":"summary_large_image","twitter_misc":{"Est. reading time":"1 minute"},"schema":{"@context":"https:\/\/schema.org","@graph":[{"@type":"WebPage","@id":"https:\/\/bs2.lt\/az\/product\/henkovac-t-series\/","url":"https:\/\/bs2.lt\/az\/product\/henkovac-t-series\/","name":"Vakuum qabla\u015fd\u0131r\u0131c\u0131lar Henkovac T-series | BS\/2","isPartOf":{"@id":"https:\/\/bs2.lt\/#website"},"primaryImageOfPage":{"@id":"https:\/\/bs2.lt\/az\/product\/henkovac-t-series\/#primaryimage"},"image":{"@id":"https:\/\/bs2.lt\/az\/product\/henkovac-t-series\/#primaryimage"},"thumbnailUrl":"https:\/\/bs2.lt\/wp-content\/uploads\/2024\/08\/henkovac-t5-cover-01.jpg","datePublished":"2022-07-25T10:09:02+00:00","dateModified":"2022-09-09T08:03:08+00:00","breadcrumb":{"@id":"https:\/\/bs2.lt\/az\/product\/henkovac-t-series\/#breadcrumb"},"inLanguage":"az","potentialAction":[{"@type":"ReadAction","target":["https:\/\/bs2.lt\/az\/product\/henkovac-t-series\/"]}]},{"@type":"ImageObject","inLanguage":"az","@id":"https:\/\/bs2.lt\/az\/product\/henkovac-t-series\/#primaryimage","url":"https:\/\/bs2.lt\/wp-content\/uploads\/2024\/08\/henkovac-t5-cover-01.jpg","contentUrl":"https:\/\/bs2.lt\/wp-content\/uploads\/2024\/08\/henkovac-t5-cover-01.jpg","width":1000,"height":1001},{"@type":"BreadcrumbList","@id":"https:\/\/bs2.lt\/az\/product\/henkovac-t-series\/#breadcrumb","itemListElement":[{"@type":"ListItem","position":1,"name":"Home","item":"https:\/\/bs2.lt\/az\/"},{"@type":"ListItem","position":2,"name":"Vakuum qabla\u015fd\u0131r\u0131c\u0131lar Henkovac T-series: t\u0259kmill\u0259\u015fdirilmi\u015f performans v\u0259 g\u00fcc"}]},{"@type":"WebSite","@id":"https:\/\/bs2.lt\/#website","url":"https:\/\/bs2.lt\/","name":"BS\/2","description":"Banking and retail technology company","publisher":{"@id":"https:\/\/bs2.lt\/#organization"},"potentialAction":[{"@type":"SearchAction","target":{"@type":"EntryPoint","urlTemplate":"https:\/\/bs2.lt\/?s={search_term_string}"},"query-input":{"@type":"PropertyValueSpecification","valueRequired":true,"valueName":"search_term_string"}}],"inLanguage":"az"},{"@type":"Organization","@id":"https:\/\/bs2.lt\/#organization","name":"BS\/2","url":"https:\/\/bs2.lt\/","logo":{"@type":"ImageObject","inLanguage":"az","@id":"https:\/\/bs2.lt\/#\/schema\/logo\/image\/","url":"https:\/\/bs2.lt\/wp-content\/uploads\/2022\/08\/bs2-logo.svg","contentUrl":"https:\/\/bs2.lt\/wp-content\/uploads\/2022\/08\/bs2-logo.svg","width":100,"height":57,"caption":"BS\/2"},"image":{"@id":"https:\/\/bs2.lt\/#\/schema\/logo\/image\/"},"sameAs":["https:\/\/www.facebook.com\/bs2solutions\/","https:\/\/www.linkedin.com\/showcase\/bs2solutions","https:\/\/www.youtube.com\/c\/Bs2Lt"]}]}},"_links":{"self":[{"href":"https:\/\/bs2.lt\/az\/wp-json\/wp\/v2\/product\/29527","targetHints":{"allow":["GET"]}}],"collection":[{"href":"https:\/\/bs2.lt\/az\/wp-json\/wp\/v2\/product"}],"about":[{"href":"https:\/\/bs2.lt\/az\/wp-json\/wp\/v2\/types\/product"}],"wp:featuredmedia":[{"embeddable":true,"href":"https:\/\/bs2.lt\/az\/wp-json\/wp\/v2\/media\/43150"}],"wp:attachment":[{"href":"https:\/\/bs2.lt\/az\/wp-json\/wp\/v2\/media?parent=29527"}],"wp:term":[{"taxonomy":"product_category","embeddable":true,"href":"https:\/\/bs2.lt\/az\/wp-json\/wp\/v2\/product_category?post=29527"},{"taxonomy":"atm_series","embeddable":true,"href":"https:\/\/bs2.lt\/az\/wp-json\/wp\/v2\/atm_series?post=29527"},{"taxonomy":"atm_cashflow","embeddable":true,"href":"https:\/\/bs2.lt\/az\/wp-json\/wp\/v2\/atm_cashflow?post=29527"},{"taxonomy":"atm_type","embeddable":true,"href":"https:\/\/bs2.lt\/az\/wp-json\/wp\/v2\/atm_type?post=29527"},{"taxonomy":"product-provider","embeddable":true,"href":"https:\/\/bs2.lt\/az\/wp-json\/wp\/v2\/product-provider?post=29527"}],"curies":[{"name":"wp","href":"https:\/\/api.w.org\/{rel}","templated":true}]}}