{"id":29521,"date":"2022-07-08T09:08:14","date_gmt":"2022-07-08T06:08:14","guid":{"rendered":"https:\/\/bs2.lt\/product\/smarttec-cy-series\/"},"modified":"2023-05-31T11:12:55","modified_gmt":"2023-05-31T08:12:55","slug":"smarttec-cy-series","status":"publish","type":"product","link":"https:\/\/bs2.lt\/az\/product\/smarttec-cy-series\/","title":{"rendered":"SmartTec CY-series sikk\u0259 \u00e7e\u015fidl\u0259yicil\u0259ri: maksimum effektivlik v\u0259 funksionall\u0131q"},"content":{"rendered":"<p>SmartTec CY-series \u2013 banklar\u0131n kassa m\u0259rk\u0259zl\u0259rind\u0259, iri p\u0259rak\u0259nd\u0259 sat\u0131\u015f m\u00fc\u0259ssis\u0259l\u0259rinin kassalar\u0131nda, habel\u0259 intensiv na\u011fd d\u00f6vriyy\u0259si olan dig\u0259r t\u0259\u015fkilatlarda istifad\u0259 olunan praktiki sikk\u0259 \u00e7e\u015fidl\u0259m\u0259 say\u011faclar\u0131d\u0131r. Seriyan\u0131n f\u0259rqli x\u00fcsusiyy\u0259ti xarici, z\u0259d\u0259l\u0259nmi\u015f v\u0259 d\u00f6vriyy\u0259d\u0259n \u00e7\u0131xar\u0131lan sikk\u0259l\u0259rin r\u0259dd edilm\u0259si funksiyas\u0131d\u0131r. Cibl\u0259rin say\u0131ndan as\u0131l\u0131 olaraq CY-series a\u015fa\u011f\u0131dak\u0131lar\u0131 \u0259hat\u0259 edir:<\/p>\n<ul>\n<li>SmartTec CY-R6 (6+1)<\/li>\n<li>SmartTec CY-R8 (8+1)<\/li>\n<li>SmartTec CY-R9 (9+1)<\/li>\n<\/ul>\n","protected":false},"featured_media":29065,"template":"","product_category":[791],"atm_series":[],"atm_cashflow":[],"atm_type":[],"product-provider":[],"class_list":["post-29521","product","type-product","status-publish","has-post-thumbnail","hentry","product_category-ccm"],"acf":[],"yoast_head":"<!-- This site is optimized with the Yoast SEO plugin v26.2 - https:\/\/yoast.com\/wordpress\/plugins\/seo\/ -->\n<title>SmartTec CY-series sikk\u0259 \u00e7e\u015fidl\u0259yicil\u0259ri | BS\/2<\/title>\n<meta name=\"robots\" content=\"index, follow, max-snippet:-1, max-image-preview:large, max-video-preview:-1\" \/>\n<link rel=\"canonical\" href=\"https:\/\/bs2.lt\/az\/product\/smarttec-cy-series\/\" \/>\n<meta property=\"og:locale\" content=\"az_AZ\" \/>\n<meta property=\"og:type\" content=\"article\" \/>\n<meta property=\"og:title\" content=\"SmartTec CY-series sikk\u0259 \u00e7e\u015fidl\u0259yicil\u0259ri | BS\/2\" \/>\n<meta property=\"og:description\" content=\"SmartTec CY-series \u2013 banklar\u0131n kassa m\u0259rk\u0259zl\u0259rind\u0259, iri p\u0259rak\u0259nd\u0259 sat\u0131\u015f m\u00fc\u0259ssis\u0259l\u0259rinin kassalar\u0131nda, habel\u0259 intensiv na\u011fd d\u00f6vriyy\u0259si olan dig\u0259r t\u0259\u015fkilatlarda istifad\u0259 olunan praktiki sikk\u0259 \u00e7e\u015fidl\u0259m\u0259 say\u011faclar\u0131d\u0131r. Seriyan\u0131n f\u0259rqli x\u00fcsusiyy\u0259ti xarici, z\u0259d\u0259l\u0259nmi\u015f v\u0259 d\u00f6vriyy\u0259d\u0259n \u00e7\u0131xar\u0131lan sikk\u0259l\u0259rin r\u0259dd edilm\u0259si funksiyas\u0131d\u0131r. Cibl\u0259rin say\u0131ndan as\u0131l\u0131 olaraq CY-series a\u015fa\u011f\u0131dak\u0131lar\u0131 \u0259hat\u0259 edir: SmartTec CY-R6 (6+1) SmartTec CY-R8 (8+1) SmartTec CY-R9 (9+1)\" \/>\n<meta property=\"og:url\" content=\"https:\/\/bs2.lt\/az\/product\/smarttec-cy-series\/\" \/>\n<meta property=\"og:site_name\" content=\"BS\/2\" \/>\n<meta property=\"article:publisher\" content=\"https:\/\/www.facebook.com\/bs2solutions\/\" \/>\n<meta property=\"article:modified_time\" content=\"2023-05-31T08:12:55+00:00\" \/>\n<meta property=\"og:image\" content=\"https:\/\/bs2.lt\/wp-content\/uploads\/2022\/07\/smarttec-cy-series-cover-copy.jpg\" \/>\n\t<meta property=\"og:image:width\" content=\"1200\" \/>\n\t<meta property=\"og:image:height\" content=\"1000\" \/>\n\t<meta property=\"og:image:type\" content=\"image\/jpeg\" \/>\n<meta name=\"twitter:card\" content=\"summary_large_image\" \/>\n<meta name=\"twitter:label1\" content=\"Est. reading time\" \/>\n\t<meta name=\"twitter:data1\" content=\"1 minute\" \/>\n<script type=\"application\/ld+json\" class=\"yoast-schema-graph\">{\"@context\":\"https:\/\/schema.org\",\"@graph\":[{\"@type\":\"WebPage\",\"@id\":\"https:\/\/bs2.lt\/az\/product\/smarttec-cy-series\/\",\"url\":\"https:\/\/bs2.lt\/az\/product\/smarttec-cy-series\/\",\"name\":\"SmartTec CY-series sikk\u0259 \u00e7e\u015fidl\u0259yicil\u0259ri | BS\/2\",\"isPartOf\":{\"@id\":\"https:\/\/bs2.lt\/#website\"},\"primaryImageOfPage\":{\"@id\":\"https:\/\/bs2.lt\/az\/product\/smarttec-cy-series\/#primaryimage\"},\"image\":{\"@id\":\"https:\/\/bs2.lt\/az\/product\/smarttec-cy-series\/#primaryimage\"},\"thumbnailUrl\":\"https:\/\/bs2.lt\/wp-content\/uploads\/2022\/07\/smarttec-cy-series-cover-copy.jpg\",\"datePublished\":\"2022-07-08T06:08:14+00:00\",\"dateModified\":\"2023-05-31T08:12:55+00:00\",\"breadcrumb\":{\"@id\":\"https:\/\/bs2.lt\/az\/product\/smarttec-cy-series\/#breadcrumb\"},\"inLanguage\":\"az\",\"potentialAction\":[{\"@type\":\"ReadAction\",\"target\":[\"https:\/\/bs2.lt\/az\/product\/smarttec-cy-series\/\"]}]},{\"@type\":\"ImageObject\",\"inLanguage\":\"az\",\"@id\":\"https:\/\/bs2.lt\/az\/product\/smarttec-cy-series\/#primaryimage\",\"url\":\"https:\/\/bs2.lt\/wp-content\/uploads\/2022\/07\/smarttec-cy-series-cover-copy.jpg\",\"contentUrl\":\"https:\/\/bs2.lt\/wp-content\/uploads\/2022\/07\/smarttec-cy-series-cover-copy.jpg\",\"width\":1200,\"height\":1000},{\"@type\":\"BreadcrumbList\",\"@id\":\"https:\/\/bs2.lt\/az\/product\/smarttec-cy-series\/#breadcrumb\",\"itemListElement\":[{\"@type\":\"ListItem\",\"position\":1,\"name\":\"Home\",\"item\":\"https:\/\/bs2.lt\/az\/\"},{\"@type\":\"ListItem\",\"position\":2,\"name\":\"SmartTec CY-series sikk\u0259 \u00e7e\u015fidl\u0259yicil\u0259ri: maksimum effektivlik v\u0259 funksionall\u0131q\"}]},{\"@type\":\"WebSite\",\"@id\":\"https:\/\/bs2.lt\/#website\",\"url\":\"https:\/\/bs2.lt\/\",\"name\":\"BS\/2\",\"description\":\"Banking and retail technology company\",\"publisher\":{\"@id\":\"https:\/\/bs2.lt\/#organization\"},\"potentialAction\":[{\"@type\":\"SearchAction\",\"target\":{\"@type\":\"EntryPoint\",\"urlTemplate\":\"https:\/\/bs2.lt\/?s={search_term_string}\"},\"query-input\":{\"@type\":\"PropertyValueSpecification\",\"valueRequired\":true,\"valueName\":\"search_term_string\"}}],\"inLanguage\":\"az\"},{\"@type\":\"Organization\",\"@id\":\"https:\/\/bs2.lt\/#organization\",\"name\":\"BS\/2\",\"url\":\"https:\/\/bs2.lt\/\",\"logo\":{\"@type\":\"ImageObject\",\"inLanguage\":\"az\",\"@id\":\"https:\/\/bs2.lt\/#\/schema\/logo\/image\/\",\"url\":\"https:\/\/bs2.lt\/wp-content\/uploads\/2022\/08\/bs2-logo.svg\",\"contentUrl\":\"https:\/\/bs2.lt\/wp-content\/uploads\/2022\/08\/bs2-logo.svg\",\"width\":100,\"height\":57,\"caption\":\"BS\/2\"},\"image\":{\"@id\":\"https:\/\/bs2.lt\/#\/schema\/logo\/image\/\"},\"sameAs\":[\"https:\/\/www.facebook.com\/bs2solutions\/\",\"https:\/\/www.linkedin.com\/showcase\/bs2solutions\",\"https:\/\/www.youtube.com\/c\/Bs2Lt\"]}]}<\/script>\n<!-- \/ Yoast SEO plugin. -->","yoast_head_json":{"title":"SmartTec CY-series sikk\u0259 \u00e7e\u015fidl\u0259yicil\u0259ri | BS\/2","robots":{"index":"index","follow":"follow","max-snippet":"max-snippet:-1","max-image-preview":"max-image-preview:large","max-video-preview":"max-video-preview:-1"},"canonical":"https:\/\/bs2.lt\/az\/product\/smarttec-cy-series\/","og_locale":"az_AZ","og_type":"article","og_title":"SmartTec CY-series sikk\u0259 \u00e7e\u015fidl\u0259yicil\u0259ri | BS\/2","og_description":"SmartTec CY-series \u2013 banklar\u0131n kassa m\u0259rk\u0259zl\u0259rind\u0259, iri p\u0259rak\u0259nd\u0259 sat\u0131\u015f m\u00fc\u0259ssis\u0259l\u0259rinin kassalar\u0131nda, habel\u0259 intensiv na\u011fd d\u00f6vriyy\u0259si olan dig\u0259r t\u0259\u015fkilatlarda istifad\u0259 olunan praktiki sikk\u0259 \u00e7e\u015fidl\u0259m\u0259 say\u011faclar\u0131d\u0131r. Seriyan\u0131n f\u0259rqli x\u00fcsusiyy\u0259ti xarici, z\u0259d\u0259l\u0259nmi\u015f v\u0259 d\u00f6vriyy\u0259d\u0259n \u00e7\u0131xar\u0131lan sikk\u0259l\u0259rin r\u0259dd edilm\u0259si funksiyas\u0131d\u0131r. Cibl\u0259rin say\u0131ndan as\u0131l\u0131 olaraq CY-series a\u015fa\u011f\u0131dak\u0131lar\u0131 \u0259hat\u0259 edir: SmartTec CY-R6 (6+1) SmartTec CY-R8 (8+1) SmartTec CY-R9 (9+1)","og_url":"https:\/\/bs2.lt\/az\/product\/smarttec-cy-series\/","og_site_name":"BS\/2","article_publisher":"https:\/\/www.facebook.com\/bs2solutions\/","article_modified_time":"2023-05-31T08:12:55+00:00","og_image":[{"width":1200,"height":1000,"url":"https:\/\/bs2.lt\/wp-content\/uploads\/2022\/07\/smarttec-cy-series-cover-copy.jpg","type":"image\/jpeg"}],"twitter_card":"summary_large_image","twitter_misc":{"Est. reading time":"1 minute"},"schema":{"@context":"https:\/\/schema.org","@graph":[{"@type":"WebPage","@id":"https:\/\/bs2.lt\/az\/product\/smarttec-cy-series\/","url":"https:\/\/bs2.lt\/az\/product\/smarttec-cy-series\/","name":"SmartTec CY-series sikk\u0259 \u00e7e\u015fidl\u0259yicil\u0259ri | BS\/2","isPartOf":{"@id":"https:\/\/bs2.lt\/#website"},"primaryImageOfPage":{"@id":"https:\/\/bs2.lt\/az\/product\/smarttec-cy-series\/#primaryimage"},"image":{"@id":"https:\/\/bs2.lt\/az\/product\/smarttec-cy-series\/#primaryimage"},"thumbnailUrl":"https:\/\/bs2.lt\/wp-content\/uploads\/2022\/07\/smarttec-cy-series-cover-copy.jpg","datePublished":"2022-07-08T06:08:14+00:00","dateModified":"2023-05-31T08:12:55+00:00","breadcrumb":{"@id":"https:\/\/bs2.lt\/az\/product\/smarttec-cy-series\/#breadcrumb"},"inLanguage":"az","potentialAction":[{"@type":"ReadAction","target":["https:\/\/bs2.lt\/az\/product\/smarttec-cy-series\/"]}]},{"@type":"ImageObject","inLanguage":"az","@id":"https:\/\/bs2.lt\/az\/product\/smarttec-cy-series\/#primaryimage","url":"https:\/\/bs2.lt\/wp-content\/uploads\/2022\/07\/smarttec-cy-series-cover-copy.jpg","contentUrl":"https:\/\/bs2.lt\/wp-content\/uploads\/2022\/07\/smarttec-cy-series-cover-copy.jpg","width":1200,"height":1000},{"@type":"BreadcrumbList","@id":"https:\/\/bs2.lt\/az\/product\/smarttec-cy-series\/#breadcrumb","itemListElement":[{"@type":"ListItem","position":1,"name":"Home","item":"https:\/\/bs2.lt\/az\/"},{"@type":"ListItem","position":2,"name":"SmartTec CY-series sikk\u0259 \u00e7e\u015fidl\u0259yicil\u0259ri: maksimum effektivlik v\u0259 funksionall\u0131q"}]},{"@type":"WebSite","@id":"https:\/\/bs2.lt\/#website","url":"https:\/\/bs2.lt\/","name":"BS\/2","description":"Banking and retail technology company","publisher":{"@id":"https:\/\/bs2.lt\/#organization"},"potentialAction":[{"@type":"SearchAction","target":{"@type":"EntryPoint","urlTemplate":"https:\/\/bs2.lt\/?s={search_term_string}"},"query-input":{"@type":"PropertyValueSpecification","valueRequired":true,"valueName":"search_term_string"}}],"inLanguage":"az"},{"@type":"Organization","@id":"https:\/\/bs2.lt\/#organization","name":"BS\/2","url":"https:\/\/bs2.lt\/","logo":{"@type":"ImageObject","inLanguage":"az","@id":"https:\/\/bs2.lt\/#\/schema\/logo\/image\/","url":"https:\/\/bs2.lt\/wp-content\/uploads\/2022\/08\/bs2-logo.svg","contentUrl":"https:\/\/bs2.lt\/wp-content\/uploads\/2022\/08\/bs2-logo.svg","width":100,"height":57,"caption":"BS\/2"},"image":{"@id":"https:\/\/bs2.lt\/#\/schema\/logo\/image\/"},"sameAs":["https:\/\/www.facebook.com\/bs2solutions\/","https:\/\/www.linkedin.com\/showcase\/bs2solutions","https:\/\/www.youtube.com\/c\/Bs2Lt"]}]}},"_links":{"self":[{"href":"https:\/\/bs2.lt\/az\/wp-json\/wp\/v2\/product\/29521","targetHints":{"allow":["GET"]}}],"collection":[{"href":"https:\/\/bs2.lt\/az\/wp-json\/wp\/v2\/product"}],"about":[{"href":"https:\/\/bs2.lt\/az\/wp-json\/wp\/v2\/types\/product"}],"wp:featuredmedia":[{"embeddable":true,"href":"https:\/\/bs2.lt\/az\/wp-json\/wp\/v2\/media\/29065"}],"wp:attachment":[{"href":"https:\/\/bs2.lt\/az\/wp-json\/wp\/v2\/media?parent=29521"}],"wp:term":[{"taxonomy":"product_category","embeddable":true,"href":"https:\/\/bs2.lt\/az\/wp-json\/wp\/v2\/product_category?post=29521"},{"taxonomy":"atm_series","embeddable":true,"href":"https:\/\/bs2.lt\/az\/wp-json\/wp\/v2\/atm_series?post=29521"},{"taxonomy":"atm_cashflow","embeddable":true,"href":"https:\/\/bs2.lt\/az\/wp-json\/wp\/v2\/atm_cashflow?post=29521"},{"taxonomy":"atm_type","embeddable":true,"href":"https:\/\/bs2.lt\/az\/wp-json\/wp\/v2\/atm_type?post=29521"},{"taxonomy":"product-provider","embeddable":true,"href":"https:\/\/bs2.lt\/az\/wp-json\/wp\/v2\/product-provider?post=29521"}],"curies":[{"name":"wp","href":"https:\/\/api.w.org\/{rel}","templated":true}]}}