{"id":29518,"date":"2022-04-05T09:36:11","date_gmt":"2022-04-05T11:36:11","guid":{"rendered":"https:\/\/bs2.lt\/product\/sistema-obrabotki-nesortirovannoy-nalichnosti-tsb-1000\/"},"modified":"2023-01-24T10:50:26","modified_gmt":"2023-01-24T08:50:26","slug":"tsb-1000","status":"publish","type":"product","link":"https:\/\/bs2.lt\/az\/product\/tsb-1000\/","title":{"rendered":"TSB-1000 \u00c7e\u015fidl\u0259nm\u0259mi\u015f na\u011fd pulun emal sistemi"},"content":{"rendered":"<p>TSB-1000 \u2014 \u0130sve\u00e7r\u0259 istehsal\u00e7\u0131s\u0131n\u0131n y\u00fcks\u0259k keyfiyy\u0259tli hesab t\u0259nziml\u0259yicisidir (vibrasiyal\u0131 masa). Depozit ma\u015f\u0131nlar\u0131 (ADM) v\u0259 ticar\u0259t xidm\u0259t m\u00fc\u0259ssis\u0259l\u0259rinin inkassasiyas\u0131nda kis\u0259l\u0259rd\u0259 daxil olan \u00e7e\u015fidl\u0259nm\u0259mi\u015f na\u011fd pullar\u0131n hesablanmas\u0131 \u00fc\u00e7\u00fcn istifad\u0259 edilir.<\/p>\n<p>Cihaz kassa m\u0259rk\u0259zinin 1-2 operatoru \u00fc\u00e7\u00fcn ayr\u0131ca i\u015f yeri t\u0259qdim edir, v\u0259zif\u0259si ixtisasla\u015fd\u0131r\u0131lm\u0131\u015f sayma v\u0259 \u00e7e\u015fidl\u0259m\u0259 avadanl\u0131qlar\u0131nda sonrak\u0131 sayma v\u0259 \u00e7e\u015fidl\u0259m\u0259 \u00fc\u00e7\u00fcn ba\u011flamalar yaratmaqd\u0131r.<\/p>\n<p>Bu avadanl\u0131q adi \u0259l rejimind\u0259 ba\u011flamalar\u0131n formala\u015fmas\u0131 il\u0259 m\u00fcqayis\u0259d\u0259 ilkin na\u011fd pulun hesablamas\u0131 prosesini 40-70% s\u00fcr\u0259tl\u0259ndirm\u0259y\u0259 imkan verir.<\/p>\n<p>H\u0259llin \u00f6z\u0259lliyi \u0259skinaslar\u0131n avtomatla\u015fd\u0131r\u0131lm\u0131\u015f k\u0259m\u0259r boyunca s\u00fcrt\u00fcnm\u0259 h\u0259r\u0259k\u0259ti prinsipl\u0259rind\u0259n istifad\u0259 edilm\u0259sind\u0259dir ki, bu da son n\u0259tic\u0259d\u0259 nim\u00e7\u0259ni doldurmaq \u00fc\u00e7\u00fcn s\u0259liq\u0259li \u0259skinas d\u0259st\u0259l\u0259ri yaratma\u011fa imkan verir.<\/p>\n","protected":false},"featured_media":26411,"template":"","product_category":[791],"atm_series":[],"atm_cashflow":[],"atm_type":[],"product-provider":[],"class_list":["post-29518","product","type-product","status-publish","has-post-thumbnail","hentry","product_category-ccm"],"acf":[],"yoast_head":"<!-- This site is optimized with the Yoast SEO plugin v26.2 - https:\/\/yoast.com\/wordpress\/plugins\/seo\/ -->\n<title>TSB-1000 \u00c7e\u015fidl\u0259nm\u0259mi\u015f na\u011fd pulun emal sistemi | BS\/2<\/title>\n<meta name=\"robots\" content=\"index, follow, max-snippet:-1, max-image-preview:large, max-video-preview:-1\" \/>\n<link rel=\"canonical\" href=\"https:\/\/bs2.lt\/az\/product\/tsb-1000\/\" \/>\n<meta property=\"og:locale\" content=\"az_AZ\" \/>\n<meta property=\"og:type\" content=\"article\" \/>\n<meta property=\"og:title\" content=\"TSB-1000 \u00c7e\u015fidl\u0259nm\u0259mi\u015f na\u011fd pulun emal sistemi | BS\/2\" \/>\n<meta property=\"og:description\" content=\"TSB-1000 \u2014 \u0130sve\u00e7r\u0259 istehsal\u00e7\u0131s\u0131n\u0131n y\u00fcks\u0259k keyfiyy\u0259tli hesab t\u0259nziml\u0259yicisidir (vibrasiyal\u0131 masa). Depozit ma\u015f\u0131nlar\u0131 (ADM) v\u0259 ticar\u0259t xidm\u0259t m\u00fc\u0259ssis\u0259l\u0259rinin inkassasiyas\u0131nda kis\u0259l\u0259rd\u0259 daxil olan \u00e7e\u015fidl\u0259nm\u0259mi\u015f na\u011fd pullar\u0131n hesablanmas\u0131 \u00fc\u00e7\u00fcn istifad\u0259 edilir. Cihaz kassa m\u0259rk\u0259zinin 1-2 operatoru \u00fc\u00e7\u00fcn ayr\u0131ca i\u015f yeri t\u0259qdim edir, v\u0259zif\u0259si ixtisasla\u015fd\u0131r\u0131lm\u0131\u015f sayma v\u0259 \u00e7e\u015fidl\u0259m\u0259 avadanl\u0131qlar\u0131nda sonrak\u0131 sayma v\u0259 \u00e7e\u015fidl\u0259m\u0259 \u00fc\u00e7\u00fcn ba\u011flamalar yaratmaqd\u0131r. Bu avadanl\u0131q adi [&hellip;]\" \/>\n<meta property=\"og:url\" content=\"https:\/\/bs2.lt\/az\/product\/tsb-1000\/\" \/>\n<meta property=\"og:site_name\" content=\"BS\/2\" \/>\n<meta property=\"article:publisher\" content=\"https:\/\/www.facebook.com\/bs2solutions\/\" \/>\n<meta property=\"article:modified_time\" content=\"2023-01-24T08:50:26+00:00\" \/>\n<meta property=\"og:image\" content=\"https:\/\/bs2.lt\/wp-content\/uploads\/2022\/04\/tresmer-cover-copy.jpg\" \/>\n\t<meta property=\"og:image:width\" content=\"1200\" \/>\n\t<meta property=\"og:image:height\" content=\"1000\" \/>\n\t<meta property=\"og:image:type\" content=\"image\/jpeg\" \/>\n<meta name=\"twitter:card\" content=\"summary_large_image\" \/>\n<meta name=\"twitter:label1\" content=\"Est. reading time\" \/>\n\t<meta name=\"twitter:data1\" content=\"1 minute\" \/>\n<script type=\"application\/ld+json\" class=\"yoast-schema-graph\">{\"@context\":\"https:\/\/schema.org\",\"@graph\":[{\"@type\":\"WebPage\",\"@id\":\"https:\/\/bs2.lt\/az\/product\/tsb-1000\/\",\"url\":\"https:\/\/bs2.lt\/az\/product\/tsb-1000\/\",\"name\":\"TSB-1000 \u00c7e\u015fidl\u0259nm\u0259mi\u015f na\u011fd pulun emal sistemi | BS\/2\",\"isPartOf\":{\"@id\":\"https:\/\/bs2.lt\/#website\"},\"primaryImageOfPage\":{\"@id\":\"https:\/\/bs2.lt\/az\/product\/tsb-1000\/#primaryimage\"},\"image\":{\"@id\":\"https:\/\/bs2.lt\/az\/product\/tsb-1000\/#primaryimage\"},\"thumbnailUrl\":\"https:\/\/bs2.lt\/wp-content\/uploads\/2022\/04\/tresmer-cover-copy.jpg\",\"datePublished\":\"2022-04-05T11:36:11+00:00\",\"dateModified\":\"2023-01-24T08:50:26+00:00\",\"breadcrumb\":{\"@id\":\"https:\/\/bs2.lt\/az\/product\/tsb-1000\/#breadcrumb\"},\"inLanguage\":\"az\",\"potentialAction\":[{\"@type\":\"ReadAction\",\"target\":[\"https:\/\/bs2.lt\/az\/product\/tsb-1000\/\"]}]},{\"@type\":\"ImageObject\",\"inLanguage\":\"az\",\"@id\":\"https:\/\/bs2.lt\/az\/product\/tsb-1000\/#primaryimage\",\"url\":\"https:\/\/bs2.lt\/wp-content\/uploads\/2022\/04\/tresmer-cover-copy.jpg\",\"contentUrl\":\"https:\/\/bs2.lt\/wp-content\/uploads\/2022\/04\/tresmer-cover-copy.jpg\",\"width\":1200,\"height\":1000},{\"@type\":\"BreadcrumbList\",\"@id\":\"https:\/\/bs2.lt\/az\/product\/tsb-1000\/#breadcrumb\",\"itemListElement\":[{\"@type\":\"ListItem\",\"position\":1,\"name\":\"Home\",\"item\":\"https:\/\/bs2.lt\/az\/\"},{\"@type\":\"ListItem\",\"position\":2,\"name\":\"TSB-1000 \u00c7e\u015fidl\u0259nm\u0259mi\u015f na\u011fd pulun emal sistemi\"}]},{\"@type\":\"WebSite\",\"@id\":\"https:\/\/bs2.lt\/#website\",\"url\":\"https:\/\/bs2.lt\/\",\"name\":\"BS\/2\",\"description\":\"Banking and retail technology company\",\"publisher\":{\"@id\":\"https:\/\/bs2.lt\/#organization\"},\"potentialAction\":[{\"@type\":\"SearchAction\",\"target\":{\"@type\":\"EntryPoint\",\"urlTemplate\":\"https:\/\/bs2.lt\/?s={search_term_string}\"},\"query-input\":{\"@type\":\"PropertyValueSpecification\",\"valueRequired\":true,\"valueName\":\"search_term_string\"}}],\"inLanguage\":\"az\"},{\"@type\":\"Organization\",\"@id\":\"https:\/\/bs2.lt\/#organization\",\"name\":\"BS\/2\",\"url\":\"https:\/\/bs2.lt\/\",\"logo\":{\"@type\":\"ImageObject\",\"inLanguage\":\"az\",\"@id\":\"https:\/\/bs2.lt\/#\/schema\/logo\/image\/\",\"url\":\"https:\/\/bs2.lt\/wp-content\/uploads\/2022\/08\/bs2-logo.svg\",\"contentUrl\":\"https:\/\/bs2.lt\/wp-content\/uploads\/2022\/08\/bs2-logo.svg\",\"width\":100,\"height\":57,\"caption\":\"BS\/2\"},\"image\":{\"@id\":\"https:\/\/bs2.lt\/#\/schema\/logo\/image\/\"},\"sameAs\":[\"https:\/\/www.facebook.com\/bs2solutions\/\",\"https:\/\/www.linkedin.com\/showcase\/bs2solutions\",\"https:\/\/www.youtube.com\/c\/Bs2Lt\"]}]}<\/script>\n<!-- \/ Yoast SEO plugin. -->","yoast_head_json":{"title":"TSB-1000 \u00c7e\u015fidl\u0259nm\u0259mi\u015f na\u011fd pulun emal sistemi | BS\/2","robots":{"index":"index","follow":"follow","max-snippet":"max-snippet:-1","max-image-preview":"max-image-preview:large","max-video-preview":"max-video-preview:-1"},"canonical":"https:\/\/bs2.lt\/az\/product\/tsb-1000\/","og_locale":"az_AZ","og_type":"article","og_title":"TSB-1000 \u00c7e\u015fidl\u0259nm\u0259mi\u015f na\u011fd pulun emal sistemi | BS\/2","og_description":"TSB-1000 \u2014 \u0130sve\u00e7r\u0259 istehsal\u00e7\u0131s\u0131n\u0131n y\u00fcks\u0259k keyfiyy\u0259tli hesab t\u0259nziml\u0259yicisidir (vibrasiyal\u0131 masa). Depozit ma\u015f\u0131nlar\u0131 (ADM) v\u0259 ticar\u0259t xidm\u0259t m\u00fc\u0259ssis\u0259l\u0259rinin inkassasiyas\u0131nda kis\u0259l\u0259rd\u0259 daxil olan \u00e7e\u015fidl\u0259nm\u0259mi\u015f na\u011fd pullar\u0131n hesablanmas\u0131 \u00fc\u00e7\u00fcn istifad\u0259 edilir. Cihaz kassa m\u0259rk\u0259zinin 1-2 operatoru \u00fc\u00e7\u00fcn ayr\u0131ca i\u015f yeri t\u0259qdim edir, v\u0259zif\u0259si ixtisasla\u015fd\u0131r\u0131lm\u0131\u015f sayma v\u0259 \u00e7e\u015fidl\u0259m\u0259 avadanl\u0131qlar\u0131nda sonrak\u0131 sayma v\u0259 \u00e7e\u015fidl\u0259m\u0259 \u00fc\u00e7\u00fcn ba\u011flamalar yaratmaqd\u0131r. Bu avadanl\u0131q adi [&hellip;]","og_url":"https:\/\/bs2.lt\/az\/product\/tsb-1000\/","og_site_name":"BS\/2","article_publisher":"https:\/\/www.facebook.com\/bs2solutions\/","article_modified_time":"2023-01-24T08:50:26+00:00","og_image":[{"width":1200,"height":1000,"url":"https:\/\/bs2.lt\/wp-content\/uploads\/2022\/04\/tresmer-cover-copy.jpg","type":"image\/jpeg"}],"twitter_card":"summary_large_image","twitter_misc":{"Est. reading time":"1 minute"},"schema":{"@context":"https:\/\/schema.org","@graph":[{"@type":"WebPage","@id":"https:\/\/bs2.lt\/az\/product\/tsb-1000\/","url":"https:\/\/bs2.lt\/az\/product\/tsb-1000\/","name":"TSB-1000 \u00c7e\u015fidl\u0259nm\u0259mi\u015f na\u011fd pulun emal sistemi | BS\/2","isPartOf":{"@id":"https:\/\/bs2.lt\/#website"},"primaryImageOfPage":{"@id":"https:\/\/bs2.lt\/az\/product\/tsb-1000\/#primaryimage"},"image":{"@id":"https:\/\/bs2.lt\/az\/product\/tsb-1000\/#primaryimage"},"thumbnailUrl":"https:\/\/bs2.lt\/wp-content\/uploads\/2022\/04\/tresmer-cover-copy.jpg","datePublished":"2022-04-05T11:36:11+00:00","dateModified":"2023-01-24T08:50:26+00:00","breadcrumb":{"@id":"https:\/\/bs2.lt\/az\/product\/tsb-1000\/#breadcrumb"},"inLanguage":"az","potentialAction":[{"@type":"ReadAction","target":["https:\/\/bs2.lt\/az\/product\/tsb-1000\/"]}]},{"@type":"ImageObject","inLanguage":"az","@id":"https:\/\/bs2.lt\/az\/product\/tsb-1000\/#primaryimage","url":"https:\/\/bs2.lt\/wp-content\/uploads\/2022\/04\/tresmer-cover-copy.jpg","contentUrl":"https:\/\/bs2.lt\/wp-content\/uploads\/2022\/04\/tresmer-cover-copy.jpg","width":1200,"height":1000},{"@type":"BreadcrumbList","@id":"https:\/\/bs2.lt\/az\/product\/tsb-1000\/#breadcrumb","itemListElement":[{"@type":"ListItem","position":1,"name":"Home","item":"https:\/\/bs2.lt\/az\/"},{"@type":"ListItem","position":2,"name":"TSB-1000 \u00c7e\u015fidl\u0259nm\u0259mi\u015f na\u011fd pulun emal sistemi"}]},{"@type":"WebSite","@id":"https:\/\/bs2.lt\/#website","url":"https:\/\/bs2.lt\/","name":"BS\/2","description":"Banking and retail technology company","publisher":{"@id":"https:\/\/bs2.lt\/#organization"},"potentialAction":[{"@type":"SearchAction","target":{"@type":"EntryPoint","urlTemplate":"https:\/\/bs2.lt\/?s={search_term_string}"},"query-input":{"@type":"PropertyValueSpecification","valueRequired":true,"valueName":"search_term_string"}}],"inLanguage":"az"},{"@type":"Organization","@id":"https:\/\/bs2.lt\/#organization","name":"BS\/2","url":"https:\/\/bs2.lt\/","logo":{"@type":"ImageObject","inLanguage":"az","@id":"https:\/\/bs2.lt\/#\/schema\/logo\/image\/","url":"https:\/\/bs2.lt\/wp-content\/uploads\/2022\/08\/bs2-logo.svg","contentUrl":"https:\/\/bs2.lt\/wp-content\/uploads\/2022\/08\/bs2-logo.svg","width":100,"height":57,"caption":"BS\/2"},"image":{"@id":"https:\/\/bs2.lt\/#\/schema\/logo\/image\/"},"sameAs":["https:\/\/www.facebook.com\/bs2solutions\/","https:\/\/www.linkedin.com\/showcase\/bs2solutions","https:\/\/www.youtube.com\/c\/Bs2Lt"]}]}},"_links":{"self":[{"href":"https:\/\/bs2.lt\/az\/wp-json\/wp\/v2\/product\/29518","targetHints":{"allow":["GET"]}}],"collection":[{"href":"https:\/\/bs2.lt\/az\/wp-json\/wp\/v2\/product"}],"about":[{"href":"https:\/\/bs2.lt\/az\/wp-json\/wp\/v2\/types\/product"}],"wp:featuredmedia":[{"embeddable":true,"href":"https:\/\/bs2.lt\/az\/wp-json\/wp\/v2\/media\/26411"}],"wp:attachment":[{"href":"https:\/\/bs2.lt\/az\/wp-json\/wp\/v2\/media?parent=29518"}],"wp:term":[{"taxonomy":"product_category","embeddable":true,"href":"https:\/\/bs2.lt\/az\/wp-json\/wp\/v2\/product_category?post=29518"},{"taxonomy":"atm_series","embeddable":true,"href":"https:\/\/bs2.lt\/az\/wp-json\/wp\/v2\/atm_series?post=29518"},{"taxonomy":"atm_cashflow","embeddable":true,"href":"https:\/\/bs2.lt\/az\/wp-json\/wp\/v2\/atm_cashflow?post=29518"},{"taxonomy":"atm_type","embeddable":true,"href":"https:\/\/bs2.lt\/az\/wp-json\/wp\/v2\/atm_type?post=29518"},{"taxonomy":"product-provider","embeddable":true,"href":"https:\/\/bs2.lt\/az\/wp-json\/wp\/v2\/product-provider?post=29518"}],"curies":[{"name":"wp","href":"https:\/\/api.w.org\/{rel}","templated":true}]}}