{"id":29515,"date":"2022-06-22T13:21:36","date_gmt":"2022-06-22T10:21:36","guid":{"rendered":"https:\/\/bs2.lt\/product\/diebold-nixdorf-dn-230a\/"},"modified":"2022-09-09T10:24:53","modified_gmt":"2022-09-09T07:24:53","slug":"diebold-nixdorf-dn-230a","status":"publish","type":"product","link":"https:\/\/bs2.lt\/az\/product\/diebold-nixdorf-dn-230a\/","title":{"rendered":"Diebold Nixdorf DN 230A"},"content":{"rendered":"<p>DN Series 230A bankomat\u0131 \u00f6z\u00fcn\u0259xidm\u0259t kanal\u0131n\u0131n inki\u015faf\u0131 \u00fc\u00e7\u00fcn geni\u015f imkanlar t\u0259qdim ed\u0259n \u00e7oxfunksiyal\u0131 m\u00fcst\u0259qil cihazd\u0131r. Bu bankomat ist\u0259nil\u0259n hava \u015f\u0259raitin\u0259 asanl\u0131qla tab g\u0259tirdiyi \u00fc\u00e7\u00fcn onu k\u00fc\u00e7\u0259d\u0259, limanda v\u0259 dig\u0259r yerl\u0259rd\u0259 qura\u015fd\u0131rmaq m\u00fcmk\u00fcnd\u00fcr.<\/p>\n","protected":false},"featured_media":28853,"template":"","product_category":[343],"atm_series":[356],"atm_cashflow":[358],"atm_type":[786],"product-provider":[],"class_list":["post-29515","product","type-product","status-publish","has-post-thumbnail","hentry","product_category-atm","atm_series-dn-seriya","atm_cashflow-cash-out-az","atm_type-island-atms-az"],"acf":[],"yoast_head":"<!-- This site is optimized with the Yoast SEO plugin v26.2 - https:\/\/yoast.com\/wordpress\/plugins\/seo\/ -->\n<title>Diebold Nixdorf DN 230A Bankomat\u0131 | BS\/2<\/title>\n<meta name=\"robots\" content=\"index, follow, max-snippet:-1, max-image-preview:large, max-video-preview:-1\" \/>\n<link rel=\"canonical\" href=\"https:\/\/bs2.lt\/product\/diebold-nixdorf-dn-230a\/\" \/>\n<meta property=\"og:locale\" content=\"az_AZ\" \/>\n<meta property=\"og:type\" content=\"article\" \/>\n<meta property=\"og:title\" content=\"Diebold Nixdorf DN 230A Bankomat\u0131 | BS\/2\" \/>\n<meta property=\"og:description\" content=\"DN Series 230A bankomat\u0131 \u00f6z\u00fcn\u0259xidm\u0259t kanal\u0131n\u0131n inki\u015faf\u0131 \u00fc\u00e7\u00fcn geni\u015f imkanlar t\u0259qdim ed\u0259n \u00e7oxfunksiyal\u0131 m\u00fcst\u0259qil cihazd\u0131r. Bu bankomat ist\u0259nil\u0259n hava \u015f\u0259raitin\u0259 asanl\u0131qla tab g\u0259tirdiyi \u00fc\u00e7\u00fcn onu k\u00fc\u00e7\u0259d\u0259, limanda v\u0259 dig\u0259r yerl\u0259rd\u0259 qura\u015fd\u0131rmaq m\u00fcmk\u00fcnd\u00fcr.\" \/>\n<meta property=\"og:url\" content=\"https:\/\/bs2.lt\/product\/diebold-nixdorf-dn-230a\/\" \/>\n<meta property=\"og:site_name\" content=\"BS\/2\" \/>\n<meta property=\"article:publisher\" content=\"https:\/\/www.facebook.com\/bs2solutions\/\" \/>\n<meta property=\"article:modified_time\" content=\"2022-09-09T07:24:53+00:00\" \/>\n<meta property=\"og:image\" content=\"https:\/\/bs2.lt\/wp-content\/uploads\/2022\/06\/diebold-nixdorf-dn-230a-front-e1655892779281.png\" \/>\n\t<meta property=\"og:image:width\" content=\"1040\" \/>\n\t<meta property=\"og:image:height\" content=\"1040\" \/>\n\t<meta property=\"og:image:type\" content=\"image\/png\" \/>\n<meta name=\"twitter:card\" content=\"summary_large_image\" \/>\n<meta name=\"twitter:label1\" content=\"Est. reading time\" \/>\n\t<meta name=\"twitter:data1\" content=\"1 minute\" \/>\n<script type=\"application\/ld+json\" class=\"yoast-schema-graph\">{\"@context\":\"https:\/\/schema.org\",\"@graph\":[{\"@type\":\"WebPage\",\"@id\":\"https:\/\/bs2.lt\/product\/diebold-nixdorf-dn-230a\/\",\"url\":\"https:\/\/bs2.lt\/product\/diebold-nixdorf-dn-230a\/\",\"name\":\"Diebold Nixdorf DN 230A Bankomat\u0131 | BS\/2\",\"isPartOf\":{\"@id\":\"https:\/\/bs2.lt\/#website\"},\"primaryImageOfPage\":{\"@id\":\"https:\/\/bs2.lt\/product\/diebold-nixdorf-dn-230a\/#primaryimage\"},\"image\":{\"@id\":\"https:\/\/bs2.lt\/product\/diebold-nixdorf-dn-230a\/#primaryimage\"},\"thumbnailUrl\":\"https:\/\/bs2.lt\/wp-content\/uploads\/2022\/06\/diebold-nixdorf-dn-230a-front-e1655892779281.png\",\"datePublished\":\"2022-06-22T10:21:36+00:00\",\"dateModified\":\"2022-09-09T07:24:53+00:00\",\"breadcrumb\":{\"@id\":\"https:\/\/bs2.lt\/product\/diebold-nixdorf-dn-230a\/#breadcrumb\"},\"inLanguage\":\"az\",\"potentialAction\":[{\"@type\":\"ReadAction\",\"target\":[\"https:\/\/bs2.lt\/product\/diebold-nixdorf-dn-230a\/\"]}]},{\"@type\":\"ImageObject\",\"inLanguage\":\"az\",\"@id\":\"https:\/\/bs2.lt\/product\/diebold-nixdorf-dn-230a\/#primaryimage\",\"url\":\"https:\/\/bs2.lt\/wp-content\/uploads\/2022\/06\/diebold-nixdorf-dn-230a-front-e1655892779281.png\",\"contentUrl\":\"https:\/\/bs2.lt\/wp-content\/uploads\/2022\/06\/diebold-nixdorf-dn-230a-front-e1655892779281.png\",\"width\":1040,\"height\":1040},{\"@type\":\"BreadcrumbList\",\"@id\":\"https:\/\/bs2.lt\/product\/diebold-nixdorf-dn-230a\/#breadcrumb\",\"itemListElement\":[{\"@type\":\"ListItem\",\"position\":1,\"name\":\"Home\",\"item\":\"https:\/\/bs2.lt\/az\/\"},{\"@type\":\"ListItem\",\"position\":2,\"name\":\"Diebold Nixdorf DN 230A\"}]},{\"@type\":\"WebSite\",\"@id\":\"https:\/\/bs2.lt\/#website\",\"url\":\"https:\/\/bs2.lt\/\",\"name\":\"BS\/2\",\"description\":\"Banking and retail technology company\",\"publisher\":{\"@id\":\"https:\/\/bs2.lt\/#organization\"},\"potentialAction\":[{\"@type\":\"SearchAction\",\"target\":{\"@type\":\"EntryPoint\",\"urlTemplate\":\"https:\/\/bs2.lt\/?s={search_term_string}\"},\"query-input\":{\"@type\":\"PropertyValueSpecification\",\"valueRequired\":true,\"valueName\":\"search_term_string\"}}],\"inLanguage\":\"az\"},{\"@type\":\"Organization\",\"@id\":\"https:\/\/bs2.lt\/#organization\",\"name\":\"BS\/2\",\"url\":\"https:\/\/bs2.lt\/\",\"logo\":{\"@type\":\"ImageObject\",\"inLanguage\":\"az\",\"@id\":\"https:\/\/bs2.lt\/#\/schema\/logo\/image\/\",\"url\":\"https:\/\/bs2.lt\/wp-content\/uploads\/2022\/08\/bs2-logo.svg\",\"contentUrl\":\"https:\/\/bs2.lt\/wp-content\/uploads\/2022\/08\/bs2-logo.svg\",\"width\":100,\"height\":57,\"caption\":\"BS\/2\"},\"image\":{\"@id\":\"https:\/\/bs2.lt\/#\/schema\/logo\/image\/\"},\"sameAs\":[\"https:\/\/www.facebook.com\/bs2solutions\/\",\"https:\/\/www.linkedin.com\/showcase\/bs2solutions\",\"https:\/\/www.youtube.com\/c\/Bs2Lt\"]}]}<\/script>\n<!-- \/ Yoast SEO plugin. -->","yoast_head_json":{"title":"Diebold Nixdorf DN 230A Bankomat\u0131 | BS\/2","robots":{"index":"index","follow":"follow","max-snippet":"max-snippet:-1","max-image-preview":"max-image-preview:large","max-video-preview":"max-video-preview:-1"},"canonical":"https:\/\/bs2.lt\/product\/diebold-nixdorf-dn-230a\/","og_locale":"az_AZ","og_type":"article","og_title":"Diebold Nixdorf DN 230A Bankomat\u0131 | BS\/2","og_description":"DN Series 230A bankomat\u0131 \u00f6z\u00fcn\u0259xidm\u0259t kanal\u0131n\u0131n inki\u015faf\u0131 \u00fc\u00e7\u00fcn geni\u015f imkanlar t\u0259qdim ed\u0259n \u00e7oxfunksiyal\u0131 m\u00fcst\u0259qil cihazd\u0131r. Bu bankomat ist\u0259nil\u0259n hava \u015f\u0259raitin\u0259 asanl\u0131qla tab g\u0259tirdiyi \u00fc\u00e7\u00fcn onu k\u00fc\u00e7\u0259d\u0259, limanda v\u0259 dig\u0259r yerl\u0259rd\u0259 qura\u015fd\u0131rmaq m\u00fcmk\u00fcnd\u00fcr.","og_url":"https:\/\/bs2.lt\/product\/diebold-nixdorf-dn-230a\/","og_site_name":"BS\/2","article_publisher":"https:\/\/www.facebook.com\/bs2solutions\/","article_modified_time":"2022-09-09T07:24:53+00:00","og_image":[{"width":1040,"height":1040,"url":"https:\/\/bs2.lt\/wp-content\/uploads\/2022\/06\/diebold-nixdorf-dn-230a-front-e1655892779281.png","type":"image\/png"}],"twitter_card":"summary_large_image","twitter_misc":{"Est. reading time":"1 minute"},"schema":{"@context":"https:\/\/schema.org","@graph":[{"@type":"WebPage","@id":"https:\/\/bs2.lt\/product\/diebold-nixdorf-dn-230a\/","url":"https:\/\/bs2.lt\/product\/diebold-nixdorf-dn-230a\/","name":"Diebold Nixdorf DN 230A Bankomat\u0131 | BS\/2","isPartOf":{"@id":"https:\/\/bs2.lt\/#website"},"primaryImageOfPage":{"@id":"https:\/\/bs2.lt\/product\/diebold-nixdorf-dn-230a\/#primaryimage"},"image":{"@id":"https:\/\/bs2.lt\/product\/diebold-nixdorf-dn-230a\/#primaryimage"},"thumbnailUrl":"https:\/\/bs2.lt\/wp-content\/uploads\/2022\/06\/diebold-nixdorf-dn-230a-front-e1655892779281.png","datePublished":"2022-06-22T10:21:36+00:00","dateModified":"2022-09-09T07:24:53+00:00","breadcrumb":{"@id":"https:\/\/bs2.lt\/product\/diebold-nixdorf-dn-230a\/#breadcrumb"},"inLanguage":"az","potentialAction":[{"@type":"ReadAction","target":["https:\/\/bs2.lt\/product\/diebold-nixdorf-dn-230a\/"]}]},{"@type":"ImageObject","inLanguage":"az","@id":"https:\/\/bs2.lt\/product\/diebold-nixdorf-dn-230a\/#primaryimage","url":"https:\/\/bs2.lt\/wp-content\/uploads\/2022\/06\/diebold-nixdorf-dn-230a-front-e1655892779281.png","contentUrl":"https:\/\/bs2.lt\/wp-content\/uploads\/2022\/06\/diebold-nixdorf-dn-230a-front-e1655892779281.png","width":1040,"height":1040},{"@type":"BreadcrumbList","@id":"https:\/\/bs2.lt\/product\/diebold-nixdorf-dn-230a\/#breadcrumb","itemListElement":[{"@type":"ListItem","position":1,"name":"Home","item":"https:\/\/bs2.lt\/az\/"},{"@type":"ListItem","position":2,"name":"Diebold Nixdorf DN 230A"}]},{"@type":"WebSite","@id":"https:\/\/bs2.lt\/#website","url":"https:\/\/bs2.lt\/","name":"BS\/2","description":"Banking and retail technology company","publisher":{"@id":"https:\/\/bs2.lt\/#organization"},"potentialAction":[{"@type":"SearchAction","target":{"@type":"EntryPoint","urlTemplate":"https:\/\/bs2.lt\/?s={search_term_string}"},"query-input":{"@type":"PropertyValueSpecification","valueRequired":true,"valueName":"search_term_string"}}],"inLanguage":"az"},{"@type":"Organization","@id":"https:\/\/bs2.lt\/#organization","name":"BS\/2","url":"https:\/\/bs2.lt\/","logo":{"@type":"ImageObject","inLanguage":"az","@id":"https:\/\/bs2.lt\/#\/schema\/logo\/image\/","url":"https:\/\/bs2.lt\/wp-content\/uploads\/2022\/08\/bs2-logo.svg","contentUrl":"https:\/\/bs2.lt\/wp-content\/uploads\/2022\/08\/bs2-logo.svg","width":100,"height":57,"caption":"BS\/2"},"image":{"@id":"https:\/\/bs2.lt\/#\/schema\/logo\/image\/"},"sameAs":["https:\/\/www.facebook.com\/bs2solutions\/","https:\/\/www.linkedin.com\/showcase\/bs2solutions","https:\/\/www.youtube.com\/c\/Bs2Lt"]}]}},"_links":{"self":[{"href":"https:\/\/bs2.lt\/az\/wp-json\/wp\/v2\/product\/29515","targetHints":{"allow":["GET"]}}],"collection":[{"href":"https:\/\/bs2.lt\/az\/wp-json\/wp\/v2\/product"}],"about":[{"href":"https:\/\/bs2.lt\/az\/wp-json\/wp\/v2\/types\/product"}],"wp:featuredmedia":[{"embeddable":true,"href":"https:\/\/bs2.lt\/az\/wp-json\/wp\/v2\/media\/28853"}],"wp:attachment":[{"href":"https:\/\/bs2.lt\/az\/wp-json\/wp\/v2\/media?parent=29515"}],"wp:term":[{"taxonomy":"product_category","embeddable":true,"href":"https:\/\/bs2.lt\/az\/wp-json\/wp\/v2\/product_category?post=29515"},{"taxonomy":"atm_series","embeddable":true,"href":"https:\/\/bs2.lt\/az\/wp-json\/wp\/v2\/atm_series?post=29515"},{"taxonomy":"atm_cashflow","embeddable":true,"href":"https:\/\/bs2.lt\/az\/wp-json\/wp\/v2\/atm_cashflow?post=29515"},{"taxonomy":"atm_type","embeddable":true,"href":"https:\/\/bs2.lt\/az\/wp-json\/wp\/v2\/atm_type?post=29515"},{"taxonomy":"product-provider","embeddable":true,"href":"https:\/\/bs2.lt\/az\/wp-json\/wp\/v2\/product-provider?post=29515"}],"curies":[{"name":"wp","href":"https:\/\/api.w.org\/{rel}","templated":true}]}}