{"id":29512,"date":"2022-05-30T13:39:09","date_gmt":"2022-05-30T10:39:09","guid":{"rendered":"https:\/\/bs2.lt\/product\/diebold-nixdorf-dn-150d\/"},"modified":"2022-09-12T12:40:12","modified_gmt":"2022-09-12T09:40:12","slug":"diebold-nixdorf-dn-150d","status":"publish","type":"product","link":"https:\/\/bs2.lt\/az\/product\/diebold-nixdorf-dn-150d\/","title":{"rendered":"Diebold Nixdorf DN 150D"},"content":{"rendered":"<p>DN Series 150D bankomat\u0131 p\u0259rak\u0259nd\u0259 sat\u0131\u015f m\u0259nt\u0259q\u0259l\u0259rind\u0259 \u00f6z\u00fcn\u0259xidm\u0259t bank kanal\u0131n\u0131n inki\u015faf\u0131 \u00fc\u00e7\u00fcn geni\u015f imkanlar yaradan qur\u011fudur. X\u00fcsusi Advanced Function Dispenser mexanizmi na\u011fd pula t\u0259hl\u00fck\u0259siz, rahat v\u0259 etibarl\u0131 \u0259ld\u0259 edilm\u0259sini t\u0259min edir.<\/p>\n<p>Qur\u011fu bankomatlarda f\u0259rdil\u0259\u015fdirilmi\u015f reklamlar\u0131 n\u00fcmayi\u015f etdirm\u0259y\u0259, interaktiv ssenaril\u0259rl\u0259 marketinq kampaniyalar\u0131 ke\u00e7irm\u0259y\u0259 v\u0259 m\u00fc\u015ft\u0259rinin cihazla qar\u015f\u0131l\u0131ql\u0131 \u0259laq\u0259si bar\u0259d\u0259 r\u0259q\u0259msal formatda r\u0259y alma\u011fa imkan ver\u0259n Vynamic Marketing proqram platformas\u0131 il\u0259 t\u0259chiz edilib.<\/p>\n","protected":false},"featured_media":28840,"template":"","product_category":[343],"atm_series":[356],"atm_cashflow":[358],"atm_type":[363],"product-provider":[],"class_list":["post-29512","product","type-product","status-publish","has-post-thumbnail","hentry","product_category-atm","atm_series-dn-seriya","atm_cashflow-cash-out-az","atm_type-divarlararasi-bankomatlar"],"acf":[],"yoast_head":"<!-- This site is optimized with the Yoast SEO plugin v26.2 - https:\/\/yoast.com\/wordpress\/plugins\/seo\/ -->\n<title>Diebold Nixdorf DN 150D Bankomat\u0131 | BS\/2<\/title>\n<meta name=\"robots\" content=\"index, follow, max-snippet:-1, max-image-preview:large, max-video-preview:-1\" \/>\n<link rel=\"canonical\" href=\"https:\/\/bs2.lt\/az\/product\/diebold-nixdorf-dn-150d\/\" \/>\n<meta property=\"og:locale\" content=\"az_AZ\" \/>\n<meta property=\"og:type\" content=\"article\" \/>\n<meta property=\"og:title\" content=\"Diebold Nixdorf DN 150D Bankomat\u0131 | BS\/2\" \/>\n<meta property=\"og:description\" content=\"DN Series 150D bankomat\u0131 p\u0259rak\u0259nd\u0259 sat\u0131\u015f m\u0259nt\u0259q\u0259l\u0259rind\u0259 \u00f6z\u00fcn\u0259xidm\u0259t bank kanal\u0131n\u0131n inki\u015faf\u0131 \u00fc\u00e7\u00fcn geni\u015f imkanlar yaradan qur\u011fudur. X\u00fcsusi Advanced Function Dispenser mexanizmi na\u011fd pula t\u0259hl\u00fck\u0259siz, rahat v\u0259 etibarl\u0131 \u0259ld\u0259 edilm\u0259sini t\u0259min edir. Qur\u011fu bankomatlarda f\u0259rdil\u0259\u015fdirilmi\u015f reklamlar\u0131 n\u00fcmayi\u015f etdirm\u0259y\u0259, interaktiv ssenaril\u0259rl\u0259 marketinq kampaniyalar\u0131 ke\u00e7irm\u0259y\u0259 v\u0259 m\u00fc\u015ft\u0259rinin cihazla qar\u015f\u0131l\u0131ql\u0131 \u0259laq\u0259si bar\u0259d\u0259 r\u0259q\u0259msal formatda r\u0259y alma\u011fa imkan ver\u0259n Vynamic [&hellip;]\" \/>\n<meta property=\"og:url\" content=\"https:\/\/bs2.lt\/az\/product\/diebold-nixdorf-dn-150d\/\" \/>\n<meta property=\"og:site_name\" content=\"BS\/2\" \/>\n<meta property=\"article:publisher\" content=\"https:\/\/www.facebook.com\/bs2solutions\/\" \/>\n<meta property=\"article:modified_time\" content=\"2022-09-12T09:40:12+00:00\" \/>\n<meta property=\"og:image\" content=\"https:\/\/bs2.lt\/wp-content\/uploads\/2022\/05\/diebold-nixdorf-dn-150d-front-e1655891060560.png\" \/>\n\t<meta property=\"og:image:width\" content=\"1040\" \/>\n\t<meta property=\"og:image:height\" content=\"1040\" \/>\n\t<meta property=\"og:image:type\" content=\"image\/png\" \/>\n<meta name=\"twitter:card\" content=\"summary_large_image\" \/>\n<meta name=\"twitter:label1\" content=\"Est. reading time\" \/>\n\t<meta name=\"twitter:data1\" content=\"1 minute\" \/>\n<script type=\"application\/ld+json\" class=\"yoast-schema-graph\">{\"@context\":\"https:\/\/schema.org\",\"@graph\":[{\"@type\":\"WebPage\",\"@id\":\"https:\/\/bs2.lt\/az\/product\/diebold-nixdorf-dn-150d\/\",\"url\":\"https:\/\/bs2.lt\/az\/product\/diebold-nixdorf-dn-150d\/\",\"name\":\"Diebold Nixdorf DN 150D Bankomat\u0131 | BS\/2\",\"isPartOf\":{\"@id\":\"https:\/\/bs2.lt\/#website\"},\"primaryImageOfPage\":{\"@id\":\"https:\/\/bs2.lt\/az\/product\/diebold-nixdorf-dn-150d\/#primaryimage\"},\"image\":{\"@id\":\"https:\/\/bs2.lt\/az\/product\/diebold-nixdorf-dn-150d\/#primaryimage\"},\"thumbnailUrl\":\"https:\/\/bs2.lt\/wp-content\/uploads\/2022\/05\/diebold-nixdorf-dn-150d-front-e1655891060560.png\",\"datePublished\":\"2022-05-30T10:39:09+00:00\",\"dateModified\":\"2022-09-12T09:40:12+00:00\",\"breadcrumb\":{\"@id\":\"https:\/\/bs2.lt\/az\/product\/diebold-nixdorf-dn-150d\/#breadcrumb\"},\"inLanguage\":\"az\",\"potentialAction\":[{\"@type\":\"ReadAction\",\"target\":[\"https:\/\/bs2.lt\/az\/product\/diebold-nixdorf-dn-150d\/\"]}]},{\"@type\":\"ImageObject\",\"inLanguage\":\"az\",\"@id\":\"https:\/\/bs2.lt\/az\/product\/diebold-nixdorf-dn-150d\/#primaryimage\",\"url\":\"https:\/\/bs2.lt\/wp-content\/uploads\/2022\/05\/diebold-nixdorf-dn-150d-front-e1655891060560.png\",\"contentUrl\":\"https:\/\/bs2.lt\/wp-content\/uploads\/2022\/05\/diebold-nixdorf-dn-150d-front-e1655891060560.png\",\"width\":1040,\"height\":1040},{\"@type\":\"BreadcrumbList\",\"@id\":\"https:\/\/bs2.lt\/az\/product\/diebold-nixdorf-dn-150d\/#breadcrumb\",\"itemListElement\":[{\"@type\":\"ListItem\",\"position\":1,\"name\":\"Home\",\"item\":\"https:\/\/bs2.lt\/az\/\"},{\"@type\":\"ListItem\",\"position\":2,\"name\":\"Diebold Nixdorf DN 150D\"}]},{\"@type\":\"WebSite\",\"@id\":\"https:\/\/bs2.lt\/#website\",\"url\":\"https:\/\/bs2.lt\/\",\"name\":\"BS\/2\",\"description\":\"Banking and retail technology company\",\"publisher\":{\"@id\":\"https:\/\/bs2.lt\/#organization\"},\"potentialAction\":[{\"@type\":\"SearchAction\",\"target\":{\"@type\":\"EntryPoint\",\"urlTemplate\":\"https:\/\/bs2.lt\/?s={search_term_string}\"},\"query-input\":{\"@type\":\"PropertyValueSpecification\",\"valueRequired\":true,\"valueName\":\"search_term_string\"}}],\"inLanguage\":\"az\"},{\"@type\":\"Organization\",\"@id\":\"https:\/\/bs2.lt\/#organization\",\"name\":\"BS\/2\",\"url\":\"https:\/\/bs2.lt\/\",\"logo\":{\"@type\":\"ImageObject\",\"inLanguage\":\"az\",\"@id\":\"https:\/\/bs2.lt\/#\/schema\/logo\/image\/\",\"url\":\"https:\/\/bs2.lt\/wp-content\/uploads\/2022\/08\/bs2-logo.svg\",\"contentUrl\":\"https:\/\/bs2.lt\/wp-content\/uploads\/2022\/08\/bs2-logo.svg\",\"width\":100,\"height\":57,\"caption\":\"BS\/2\"},\"image\":{\"@id\":\"https:\/\/bs2.lt\/#\/schema\/logo\/image\/\"},\"sameAs\":[\"https:\/\/www.facebook.com\/bs2solutions\/\",\"https:\/\/www.linkedin.com\/showcase\/bs2solutions\",\"https:\/\/www.youtube.com\/c\/Bs2Lt\"]}]}<\/script>\n<!-- \/ Yoast SEO plugin. -->","yoast_head_json":{"title":"Diebold Nixdorf DN 150D Bankomat\u0131 | BS\/2","robots":{"index":"index","follow":"follow","max-snippet":"max-snippet:-1","max-image-preview":"max-image-preview:large","max-video-preview":"max-video-preview:-1"},"canonical":"https:\/\/bs2.lt\/az\/product\/diebold-nixdorf-dn-150d\/","og_locale":"az_AZ","og_type":"article","og_title":"Diebold Nixdorf DN 150D Bankomat\u0131 | BS\/2","og_description":"DN Series 150D bankomat\u0131 p\u0259rak\u0259nd\u0259 sat\u0131\u015f m\u0259nt\u0259q\u0259l\u0259rind\u0259 \u00f6z\u00fcn\u0259xidm\u0259t bank kanal\u0131n\u0131n inki\u015faf\u0131 \u00fc\u00e7\u00fcn geni\u015f imkanlar yaradan qur\u011fudur. X\u00fcsusi Advanced Function Dispenser mexanizmi na\u011fd pula t\u0259hl\u00fck\u0259siz, rahat v\u0259 etibarl\u0131 \u0259ld\u0259 edilm\u0259sini t\u0259min edir. Qur\u011fu bankomatlarda f\u0259rdil\u0259\u015fdirilmi\u015f reklamlar\u0131 n\u00fcmayi\u015f etdirm\u0259y\u0259, interaktiv ssenaril\u0259rl\u0259 marketinq kampaniyalar\u0131 ke\u00e7irm\u0259y\u0259 v\u0259 m\u00fc\u015ft\u0259rinin cihazla qar\u015f\u0131l\u0131ql\u0131 \u0259laq\u0259si bar\u0259d\u0259 r\u0259q\u0259msal formatda r\u0259y alma\u011fa imkan ver\u0259n Vynamic [&hellip;]","og_url":"https:\/\/bs2.lt\/az\/product\/diebold-nixdorf-dn-150d\/","og_site_name":"BS\/2","article_publisher":"https:\/\/www.facebook.com\/bs2solutions\/","article_modified_time":"2022-09-12T09:40:12+00:00","og_image":[{"width":1040,"height":1040,"url":"https:\/\/bs2.lt\/wp-content\/uploads\/2022\/05\/diebold-nixdorf-dn-150d-front-e1655891060560.png","type":"image\/png"}],"twitter_card":"summary_large_image","twitter_misc":{"Est. reading time":"1 minute"},"schema":{"@context":"https:\/\/schema.org","@graph":[{"@type":"WebPage","@id":"https:\/\/bs2.lt\/az\/product\/diebold-nixdorf-dn-150d\/","url":"https:\/\/bs2.lt\/az\/product\/diebold-nixdorf-dn-150d\/","name":"Diebold Nixdorf DN 150D Bankomat\u0131 | BS\/2","isPartOf":{"@id":"https:\/\/bs2.lt\/#website"},"primaryImageOfPage":{"@id":"https:\/\/bs2.lt\/az\/product\/diebold-nixdorf-dn-150d\/#primaryimage"},"image":{"@id":"https:\/\/bs2.lt\/az\/product\/diebold-nixdorf-dn-150d\/#primaryimage"},"thumbnailUrl":"https:\/\/bs2.lt\/wp-content\/uploads\/2022\/05\/diebold-nixdorf-dn-150d-front-e1655891060560.png","datePublished":"2022-05-30T10:39:09+00:00","dateModified":"2022-09-12T09:40:12+00:00","breadcrumb":{"@id":"https:\/\/bs2.lt\/az\/product\/diebold-nixdorf-dn-150d\/#breadcrumb"},"inLanguage":"az","potentialAction":[{"@type":"ReadAction","target":["https:\/\/bs2.lt\/az\/product\/diebold-nixdorf-dn-150d\/"]}]},{"@type":"ImageObject","inLanguage":"az","@id":"https:\/\/bs2.lt\/az\/product\/diebold-nixdorf-dn-150d\/#primaryimage","url":"https:\/\/bs2.lt\/wp-content\/uploads\/2022\/05\/diebold-nixdorf-dn-150d-front-e1655891060560.png","contentUrl":"https:\/\/bs2.lt\/wp-content\/uploads\/2022\/05\/diebold-nixdorf-dn-150d-front-e1655891060560.png","width":1040,"height":1040},{"@type":"BreadcrumbList","@id":"https:\/\/bs2.lt\/az\/product\/diebold-nixdorf-dn-150d\/#breadcrumb","itemListElement":[{"@type":"ListItem","position":1,"name":"Home","item":"https:\/\/bs2.lt\/az\/"},{"@type":"ListItem","position":2,"name":"Diebold Nixdorf DN 150D"}]},{"@type":"WebSite","@id":"https:\/\/bs2.lt\/#website","url":"https:\/\/bs2.lt\/","name":"BS\/2","description":"Banking and retail technology company","publisher":{"@id":"https:\/\/bs2.lt\/#organization"},"potentialAction":[{"@type":"SearchAction","target":{"@type":"EntryPoint","urlTemplate":"https:\/\/bs2.lt\/?s={search_term_string}"},"query-input":{"@type":"PropertyValueSpecification","valueRequired":true,"valueName":"search_term_string"}}],"inLanguage":"az"},{"@type":"Organization","@id":"https:\/\/bs2.lt\/#organization","name":"BS\/2","url":"https:\/\/bs2.lt\/","logo":{"@type":"ImageObject","inLanguage":"az","@id":"https:\/\/bs2.lt\/#\/schema\/logo\/image\/","url":"https:\/\/bs2.lt\/wp-content\/uploads\/2022\/08\/bs2-logo.svg","contentUrl":"https:\/\/bs2.lt\/wp-content\/uploads\/2022\/08\/bs2-logo.svg","width":100,"height":57,"caption":"BS\/2"},"image":{"@id":"https:\/\/bs2.lt\/#\/schema\/logo\/image\/"},"sameAs":["https:\/\/www.facebook.com\/bs2solutions\/","https:\/\/www.linkedin.com\/showcase\/bs2solutions","https:\/\/www.youtube.com\/c\/Bs2Lt"]}]}},"_links":{"self":[{"href":"https:\/\/bs2.lt\/az\/wp-json\/wp\/v2\/product\/29512","targetHints":{"allow":["GET"]}}],"collection":[{"href":"https:\/\/bs2.lt\/az\/wp-json\/wp\/v2\/product"}],"about":[{"href":"https:\/\/bs2.lt\/az\/wp-json\/wp\/v2\/types\/product"}],"wp:featuredmedia":[{"embeddable":true,"href":"https:\/\/bs2.lt\/az\/wp-json\/wp\/v2\/media\/28840"}],"wp:attachment":[{"href":"https:\/\/bs2.lt\/az\/wp-json\/wp\/v2\/media?parent=29512"}],"wp:term":[{"taxonomy":"product_category","embeddable":true,"href":"https:\/\/bs2.lt\/az\/wp-json\/wp\/v2\/product_category?post=29512"},{"taxonomy":"atm_series","embeddable":true,"href":"https:\/\/bs2.lt\/az\/wp-json\/wp\/v2\/atm_series?post=29512"},{"taxonomy":"atm_cashflow","embeddable":true,"href":"https:\/\/bs2.lt\/az\/wp-json\/wp\/v2\/atm_cashflow?post=29512"},{"taxonomy":"atm_type","embeddable":true,"href":"https:\/\/bs2.lt\/az\/wp-json\/wp\/v2\/atm_type?post=29512"},{"taxonomy":"product-provider","embeddable":true,"href":"https:\/\/bs2.lt\/az\/wp-json\/wp\/v2\/product-provider?post=29512"}],"curies":[{"name":"wp","href":"https:\/\/api.w.org\/{rel}","templated":true}]}}