{"id":26017,"date":"2022-04-04T07:47:55","date_gmt":"2022-04-04T04:47:55","guid":{"rendered":"https:\/\/bs2.lt\/bs2.lt\/?post_type=product&#038;p=26017"},"modified":"2022-04-12T10:53:11","modified_gmt":"2022-04-12T07:53:11","slug":"diebold-nixdorf-dn-470c","status":"publish","type":"product","link":"https:\/\/bs2.lt\/az\/product\/diebold-nixdorf-dn-470c\/","title":{"rendered":"Diebold Nixdorf DN 470C"},"content":{"rendered":"<p>DN Series 470C &#8211; na\u011fd pul \u00e7\u0131xarma funksiyal\u0131 a\u00e7\u0131q m\u0259kanda (k\u00fc\u00e7\u0259d\u0259) yerl\u0259\u015fdirm\u0259k \u00fc\u00e7\u00fcn n\u0259z\u0259rd\u0259 tutulan \u00e7oxfunksiyal\u0131 bankomatd\u0131r (Drive-Up). DN SeriesTM 470C-in k\u00f6m\u0259yi il\u0259 m\u00fc\u015ft\u0259ril\u0259riniz\u0259 daha rahat xidm\u0259tl\u0259r v\u0259 imkanlar t\u0259qdim ed\u0259 bil\u0259rsiniz. M\u00fcasir proqram \u00e7\u00f6z\u00fcml\u0259ri say\u0259sind\u0259 bank filial\u0131n\u0131n g\u00fcnd\u0259lik \u0259m\u0259liyyatlar\u0131n\u0131n bir hiss\u0259sini bankomata k\u00f6\u00e7\u00fcrm\u0259k olar ki, bununla da maliyy\u0259 qurumlar\u0131n\u0131n i\u015f\u00e7il\u0259rinin h\u0259r bir m\u00fc\u015ft\u0259riy\u0259 daha \u00e7ox diqq\u0259t yetirm\u0259sin\u0259 imkan yaranacaqd\u0131r.<\/p>\n<p>DN SeriesTM 470C bankomat\u0131 y\u00fcks\u0259k i\u015fl\u0259m\u0259 qabiliyy\u0259tini v\u0259 bu cihaz\u0131n \u00f6z\u00fcn\u0259xidm\u0259t m\u00f6vcudlu\u011funu t\u0259min ed\u0259n CMD-V6C paylay\u0131c\u0131 (dispenser) il\u0259 t\u0259chiz edilmi\u015fdir.<\/p>\n","protected":false},"featured_media":17360,"template":"","product_category":[343],"atm_series":[356],"atm_cashflow":[358],"atm_type":[362],"product-provider":[],"class_list":["post-26017","product","type-product","status-publish","has-post-thumbnail","hentry","product_category-atm","atm_series-dn-seriya","atm_cashflow-cash-out-az","atm_type-drive-up-bankomatlar"],"acf":[],"yoast_head":"<!-- This site is optimized with the Yoast SEO plugin v26.2 - https:\/\/yoast.com\/wordpress\/plugins\/seo\/ -->\n<title>Diebold Nixdorf DN 470C | BS\/2<\/title>\n<meta name=\"robots\" content=\"index, follow, max-snippet:-1, max-image-preview:large, max-video-preview:-1\" \/>\n<link rel=\"canonical\" href=\"https:\/\/bs2.lt\/az\/product\/diebold-nixdorf-dn-470c\/\" \/>\n<meta property=\"og:locale\" content=\"az_AZ\" \/>\n<meta property=\"og:type\" content=\"article\" \/>\n<meta property=\"og:title\" content=\"Diebold Nixdorf DN 470C | BS\/2\" \/>\n<meta property=\"og:description\" content=\"DN Series 470C &#8211; na\u011fd pul \u00e7\u0131xarma funksiyal\u0131 a\u00e7\u0131q m\u0259kanda (k\u00fc\u00e7\u0259d\u0259) yerl\u0259\u015fdirm\u0259k \u00fc\u00e7\u00fcn n\u0259z\u0259rd\u0259 tutulan \u00e7oxfunksiyal\u0131 bankomatd\u0131r (Drive-Up). DN SeriesTM 470C-in k\u00f6m\u0259yi il\u0259 m\u00fc\u015ft\u0259ril\u0259riniz\u0259 daha rahat xidm\u0259tl\u0259r v\u0259 imkanlar t\u0259qdim ed\u0259 bil\u0259rsiniz. M\u00fcasir proqram \u00e7\u00f6z\u00fcml\u0259ri say\u0259sind\u0259 bank filial\u0131n\u0131n g\u00fcnd\u0259lik \u0259m\u0259liyyatlar\u0131n\u0131n bir hiss\u0259sini bankomata k\u00f6\u00e7\u00fcrm\u0259k olar ki, bununla da maliyy\u0259 qurumlar\u0131n\u0131n i\u015f\u00e7il\u0259rinin h\u0259r bir m\u00fc\u015ft\u0259riy\u0259 daha [&hellip;]\" \/>\n<meta property=\"og:url\" content=\"https:\/\/bs2.lt\/az\/product\/diebold-nixdorf-dn-470c\/\" \/>\n<meta property=\"og:site_name\" content=\"BS\/2\" \/>\n<meta property=\"article:publisher\" content=\"https:\/\/www.facebook.com\/bs2solutions\/\" \/>\n<meta property=\"article:modified_time\" content=\"2022-04-12T07:53:11+00:00\" \/>\n<meta property=\"og:image\" content=\"https:\/\/bs2.lt\/wp-content\/uploads\/2021\/01\/dn-series-470-874x1024.png\" \/>\n\t<meta property=\"og:image:width\" content=\"874\" \/>\n\t<meta property=\"og:image:height\" content=\"1024\" \/>\n\t<meta property=\"og:image:type\" content=\"image\/png\" \/>\n<meta name=\"twitter:card\" content=\"summary_large_image\" \/>\n<meta name=\"twitter:label1\" content=\"Est. reading time\" \/>\n\t<meta name=\"twitter:data1\" content=\"1 minute\" \/>\n<script type=\"application\/ld+json\" class=\"yoast-schema-graph\">{\"@context\":\"https:\/\/schema.org\",\"@graph\":[{\"@type\":\"WebPage\",\"@id\":\"https:\/\/bs2.lt\/az\/product\/diebold-nixdorf-dn-470c\/\",\"url\":\"https:\/\/bs2.lt\/az\/product\/diebold-nixdorf-dn-470c\/\",\"name\":\"Diebold Nixdorf DN 470C | BS\/2\",\"isPartOf\":{\"@id\":\"https:\/\/bs2.lt\/#website\"},\"primaryImageOfPage\":{\"@id\":\"https:\/\/bs2.lt\/az\/product\/diebold-nixdorf-dn-470c\/#primaryimage\"},\"image\":{\"@id\":\"https:\/\/bs2.lt\/az\/product\/diebold-nixdorf-dn-470c\/#primaryimage\"},\"thumbnailUrl\":\"https:\/\/bs2.lt\/wp-content\/uploads\/2021\/01\/dn-series-470.png\",\"datePublished\":\"2022-04-04T04:47:55+00:00\",\"dateModified\":\"2022-04-12T07:53:11+00:00\",\"breadcrumb\":{\"@id\":\"https:\/\/bs2.lt\/az\/product\/diebold-nixdorf-dn-470c\/#breadcrumb\"},\"inLanguage\":\"az\",\"potentialAction\":[{\"@type\":\"ReadAction\",\"target\":[\"https:\/\/bs2.lt\/az\/product\/diebold-nixdorf-dn-470c\/\"]}]},{\"@type\":\"ImageObject\",\"inLanguage\":\"az\",\"@id\":\"https:\/\/bs2.lt\/az\/product\/diebold-nixdorf-dn-470c\/#primaryimage\",\"url\":\"https:\/\/bs2.lt\/wp-content\/uploads\/2021\/01\/dn-series-470.png\",\"contentUrl\":\"https:\/\/bs2.lt\/wp-content\/uploads\/2021\/01\/dn-series-470.png\",\"width\":1366,\"height\":1600},{\"@type\":\"BreadcrumbList\",\"@id\":\"https:\/\/bs2.lt\/az\/product\/diebold-nixdorf-dn-470c\/#breadcrumb\",\"itemListElement\":[{\"@type\":\"ListItem\",\"position\":1,\"name\":\"Home\",\"item\":\"https:\/\/bs2.lt\/az\/\"},{\"@type\":\"ListItem\",\"position\":2,\"name\":\"Diebold Nixdorf DN 470C\"}]},{\"@type\":\"WebSite\",\"@id\":\"https:\/\/bs2.lt\/#website\",\"url\":\"https:\/\/bs2.lt\/\",\"name\":\"BS\/2\",\"description\":\"Banking and retail technology company\",\"publisher\":{\"@id\":\"https:\/\/bs2.lt\/#organization\"},\"potentialAction\":[{\"@type\":\"SearchAction\",\"target\":{\"@type\":\"EntryPoint\",\"urlTemplate\":\"https:\/\/bs2.lt\/?s={search_term_string}\"},\"query-input\":{\"@type\":\"PropertyValueSpecification\",\"valueRequired\":true,\"valueName\":\"search_term_string\"}}],\"inLanguage\":\"az\"},{\"@type\":\"Organization\",\"@id\":\"https:\/\/bs2.lt\/#organization\",\"name\":\"BS\/2\",\"url\":\"https:\/\/bs2.lt\/\",\"logo\":{\"@type\":\"ImageObject\",\"inLanguage\":\"az\",\"@id\":\"https:\/\/bs2.lt\/#\/schema\/logo\/image\/\",\"url\":\"https:\/\/bs2.lt\/wp-content\/uploads\/2022\/08\/bs2-logo.svg\",\"contentUrl\":\"https:\/\/bs2.lt\/wp-content\/uploads\/2022\/08\/bs2-logo.svg\",\"width\":100,\"height\":57,\"caption\":\"BS\/2\"},\"image\":{\"@id\":\"https:\/\/bs2.lt\/#\/schema\/logo\/image\/\"},\"sameAs\":[\"https:\/\/www.facebook.com\/bs2solutions\/\",\"https:\/\/www.linkedin.com\/showcase\/bs2solutions\",\"https:\/\/www.youtube.com\/c\/Bs2Lt\"]}]}<\/script>\n<!-- \/ Yoast SEO plugin. -->","yoast_head_json":{"title":"Diebold Nixdorf DN 470C | BS\/2","robots":{"index":"index","follow":"follow","max-snippet":"max-snippet:-1","max-image-preview":"max-image-preview:large","max-video-preview":"max-video-preview:-1"},"canonical":"https:\/\/bs2.lt\/az\/product\/diebold-nixdorf-dn-470c\/","og_locale":"az_AZ","og_type":"article","og_title":"Diebold Nixdorf DN 470C | BS\/2","og_description":"DN Series 470C &#8211; na\u011fd pul \u00e7\u0131xarma funksiyal\u0131 a\u00e7\u0131q m\u0259kanda (k\u00fc\u00e7\u0259d\u0259) yerl\u0259\u015fdirm\u0259k \u00fc\u00e7\u00fcn n\u0259z\u0259rd\u0259 tutulan \u00e7oxfunksiyal\u0131 bankomatd\u0131r (Drive-Up). DN SeriesTM 470C-in k\u00f6m\u0259yi il\u0259 m\u00fc\u015ft\u0259ril\u0259riniz\u0259 daha rahat xidm\u0259tl\u0259r v\u0259 imkanlar t\u0259qdim ed\u0259 bil\u0259rsiniz. M\u00fcasir proqram \u00e7\u00f6z\u00fcml\u0259ri say\u0259sind\u0259 bank filial\u0131n\u0131n g\u00fcnd\u0259lik \u0259m\u0259liyyatlar\u0131n\u0131n bir hiss\u0259sini bankomata k\u00f6\u00e7\u00fcrm\u0259k olar ki, bununla da maliyy\u0259 qurumlar\u0131n\u0131n i\u015f\u00e7il\u0259rinin h\u0259r bir m\u00fc\u015ft\u0259riy\u0259 daha [&hellip;]","og_url":"https:\/\/bs2.lt\/az\/product\/diebold-nixdorf-dn-470c\/","og_site_name":"BS\/2","article_publisher":"https:\/\/www.facebook.com\/bs2solutions\/","article_modified_time":"2022-04-12T07:53:11+00:00","og_image":[{"width":874,"height":1024,"url":"https:\/\/bs2.lt\/wp-content\/uploads\/2021\/01\/dn-series-470-874x1024.png","type":"image\/png"}],"twitter_card":"summary_large_image","twitter_misc":{"Est. reading time":"1 minute"},"schema":{"@context":"https:\/\/schema.org","@graph":[{"@type":"WebPage","@id":"https:\/\/bs2.lt\/az\/product\/diebold-nixdorf-dn-470c\/","url":"https:\/\/bs2.lt\/az\/product\/diebold-nixdorf-dn-470c\/","name":"Diebold Nixdorf DN 470C | BS\/2","isPartOf":{"@id":"https:\/\/bs2.lt\/#website"},"primaryImageOfPage":{"@id":"https:\/\/bs2.lt\/az\/product\/diebold-nixdorf-dn-470c\/#primaryimage"},"image":{"@id":"https:\/\/bs2.lt\/az\/product\/diebold-nixdorf-dn-470c\/#primaryimage"},"thumbnailUrl":"https:\/\/bs2.lt\/wp-content\/uploads\/2021\/01\/dn-series-470.png","datePublished":"2022-04-04T04:47:55+00:00","dateModified":"2022-04-12T07:53:11+00:00","breadcrumb":{"@id":"https:\/\/bs2.lt\/az\/product\/diebold-nixdorf-dn-470c\/#breadcrumb"},"inLanguage":"az","potentialAction":[{"@type":"ReadAction","target":["https:\/\/bs2.lt\/az\/product\/diebold-nixdorf-dn-470c\/"]}]},{"@type":"ImageObject","inLanguage":"az","@id":"https:\/\/bs2.lt\/az\/product\/diebold-nixdorf-dn-470c\/#primaryimage","url":"https:\/\/bs2.lt\/wp-content\/uploads\/2021\/01\/dn-series-470.png","contentUrl":"https:\/\/bs2.lt\/wp-content\/uploads\/2021\/01\/dn-series-470.png","width":1366,"height":1600},{"@type":"BreadcrumbList","@id":"https:\/\/bs2.lt\/az\/product\/diebold-nixdorf-dn-470c\/#breadcrumb","itemListElement":[{"@type":"ListItem","position":1,"name":"Home","item":"https:\/\/bs2.lt\/az\/"},{"@type":"ListItem","position":2,"name":"Diebold Nixdorf DN 470C"}]},{"@type":"WebSite","@id":"https:\/\/bs2.lt\/#website","url":"https:\/\/bs2.lt\/","name":"BS\/2","description":"Banking and retail technology company","publisher":{"@id":"https:\/\/bs2.lt\/#organization"},"potentialAction":[{"@type":"SearchAction","target":{"@type":"EntryPoint","urlTemplate":"https:\/\/bs2.lt\/?s={search_term_string}"},"query-input":{"@type":"PropertyValueSpecification","valueRequired":true,"valueName":"search_term_string"}}],"inLanguage":"az"},{"@type":"Organization","@id":"https:\/\/bs2.lt\/#organization","name":"BS\/2","url":"https:\/\/bs2.lt\/","logo":{"@type":"ImageObject","inLanguage":"az","@id":"https:\/\/bs2.lt\/#\/schema\/logo\/image\/","url":"https:\/\/bs2.lt\/wp-content\/uploads\/2022\/08\/bs2-logo.svg","contentUrl":"https:\/\/bs2.lt\/wp-content\/uploads\/2022\/08\/bs2-logo.svg","width":100,"height":57,"caption":"BS\/2"},"image":{"@id":"https:\/\/bs2.lt\/#\/schema\/logo\/image\/"},"sameAs":["https:\/\/www.facebook.com\/bs2solutions\/","https:\/\/www.linkedin.com\/showcase\/bs2solutions","https:\/\/www.youtube.com\/c\/Bs2Lt"]}]}},"_links":{"self":[{"href":"https:\/\/bs2.lt\/az\/wp-json\/wp\/v2\/product\/26017","targetHints":{"allow":["GET"]}}],"collection":[{"href":"https:\/\/bs2.lt\/az\/wp-json\/wp\/v2\/product"}],"about":[{"href":"https:\/\/bs2.lt\/az\/wp-json\/wp\/v2\/types\/product"}],"wp:featuredmedia":[{"embeddable":true,"href":"https:\/\/bs2.lt\/az\/wp-json\/wp\/v2\/media\/17360"}],"wp:attachment":[{"href":"https:\/\/bs2.lt\/az\/wp-json\/wp\/v2\/media?parent=26017"}],"wp:term":[{"taxonomy":"product_category","embeddable":true,"href":"https:\/\/bs2.lt\/az\/wp-json\/wp\/v2\/product_category?post=26017"},{"taxonomy":"atm_series","embeddable":true,"href":"https:\/\/bs2.lt\/az\/wp-json\/wp\/v2\/atm_series?post=26017"},{"taxonomy":"atm_cashflow","embeddable":true,"href":"https:\/\/bs2.lt\/az\/wp-json\/wp\/v2\/atm_cashflow?post=26017"},{"taxonomy":"atm_type","embeddable":true,"href":"https:\/\/bs2.lt\/az\/wp-json\/wp\/v2\/atm_type?post=26017"},{"taxonomy":"product-provider","embeddable":true,"href":"https:\/\/bs2.lt\/az\/wp-json\/wp\/v2\/product-provider?post=26017"}],"curies":[{"name":"wp","href":"https:\/\/api.w.org\/{rel}","templated":true}]}}