{"id":26016,"date":"2022-04-04T07:41:04","date_gmt":"2022-04-04T09:41:04","guid":{"rendered":"https:\/\/bs2.lt\/bs2.lt\/?post_type=product&#038;p=26016"},"modified":"2022-04-04T07:46:50","modified_gmt":"2022-04-04T09:46:50","slug":"diebold-nixdorf-dn-450h","status":"publish","type":"product","link":"https:\/\/bs2.lt\/az\/product\/diebold-nixdorf-dn-450h\/","title":{"rendered":"Diebold Nixdorf DN 450H"},"content":{"rendered":"<p>DN Series 450H, na\u011fd t\u0259krar emaletm\u0259 (Recycling) sistemli, divarlararas\u0131 m\u0259kanda qura\u015fd\u0131r\u0131lmaq \u00fc\u00e7\u00fcn n\u0259z\u0259rd\u0259 tutulmu\u015f v\u0259 \u00f6z\u00fcn\u0259xidm\u0259t bank kanal\u0131n\u0131n inki\u015faf\u0131 \u00fc\u00e7\u00fcn geni\u015f imkanlar yaradan \u00e7oxfunksiyal\u0131 bankomatd\u0131r. DN SeriesTM 450H-\u0131n yard\u0131m\u0131 il\u0259 yaln\u0131z fiziki \u015f\u0259xsl\u0259r\u0259 deyil, h\u0259m d\u0259 ki\u00e7ik v\u0259 orta sahibkarlara da daha rahat xidm\u0259tl\u0259r v\u0259 servisl\u0259r t\u0259klif ed\u0259 bil\u0259rsiniz.<\/p>\n<p>DN Series 450H bankomat\u0131, 4-c\u00fc n\u0259sil t\u0259krar emal modulu &#8211; RM4H il\u0259 t\u0259chiz edilmi\u015fdir. Bu g\u00fcn etibaril\u0259 m\u00fc\u015ft\u0259ril\u0259r\u0259 \u00e7ox sayda \u0259sginas\u0131 m\u00fcmk\u00fcn q\u0259d\u0259r tez \u00e7\u0131xarmaq v\u0259 ya yat\u0131rmaq imkan\u0131 ver\u0259n \u0259n etibarl\u0131 na\u011fd t\u0259krar emal etm\u0259 (Recycling) sistemidir.<\/p>\n","protected":false},"featured_media":17350,"template":"","product_category":[343],"atm_series":[356],"atm_cashflow":[360],"atm_type":[363],"product-provider":[],"class_list":["post-26016","product","type-product","status-publish","has-post-thumbnail","hentry","product_category-atm","atm_series-dn-seriya","atm_cashflow-resaykler-cash-recycling-system","atm_type-divarlararasi-bankomatlar"],"acf":[],"yoast_head":"<!-- This site is optimized with the Yoast SEO plugin v26.2 - https:\/\/yoast.com\/wordpress\/plugins\/seo\/ -->\n<title>Diebold Nixdorf DN 450H | BS\/2<\/title>\n<meta name=\"robots\" content=\"index, follow, max-snippet:-1, max-image-preview:large, max-video-preview:-1\" \/>\n<link rel=\"canonical\" href=\"https:\/\/bs2.lt\/product\/diebold-nixdorf-dn-450h\/\" \/>\n<meta property=\"og:locale\" content=\"az_AZ\" \/>\n<meta property=\"og:type\" content=\"article\" \/>\n<meta property=\"og:title\" content=\"Diebold Nixdorf DN 450H | BS\/2\" \/>\n<meta property=\"og:description\" content=\"DN Series 450H, na\u011fd t\u0259krar emaletm\u0259 (Recycling) sistemli, divarlararas\u0131 m\u0259kanda qura\u015fd\u0131r\u0131lmaq \u00fc\u00e7\u00fcn n\u0259z\u0259rd\u0259 tutulmu\u015f v\u0259 \u00f6z\u00fcn\u0259xidm\u0259t bank kanal\u0131n\u0131n inki\u015faf\u0131 \u00fc\u00e7\u00fcn geni\u015f imkanlar yaradan \u00e7oxfunksiyal\u0131 bankomatd\u0131r. DN SeriesTM 450H-\u0131n yard\u0131m\u0131 il\u0259 yaln\u0131z fiziki \u015f\u0259xsl\u0259r\u0259 deyil, h\u0259m d\u0259 ki\u00e7ik v\u0259 orta sahibkarlara da daha rahat xidm\u0259tl\u0259r v\u0259 servisl\u0259r t\u0259klif ed\u0259 bil\u0259rsiniz. DN Series 450H bankomat\u0131, 4-c\u00fc n\u0259sil [&hellip;]\" \/>\n<meta property=\"og:url\" content=\"https:\/\/bs2.lt\/product\/diebold-nixdorf-dn-450h\/\" \/>\n<meta property=\"og:site_name\" content=\"BS\/2\" \/>\n<meta property=\"article:publisher\" content=\"https:\/\/www.facebook.com\/bs2solutions\/\" \/>\n<meta property=\"article:modified_time\" content=\"2022-04-04T09:46:50+00:00\" \/>\n<meta property=\"og:image\" content=\"https:\/\/bs2.lt\/wp-content\/uploads\/2021\/01\/dn-series-450.png\" \/>\n\t<meta property=\"og:image:width\" content=\"1194\" \/>\n\t<meta property=\"og:image:height\" content=\"1600\" \/>\n\t<meta property=\"og:image:type\" content=\"image\/png\" \/>\n<meta name=\"twitter:card\" content=\"summary_large_image\" \/>\n<meta name=\"twitter:label1\" content=\"Est. reading time\" \/>\n\t<meta name=\"twitter:data1\" content=\"1 minute\" \/>\n<script type=\"application\/ld+json\" class=\"yoast-schema-graph\">{\"@context\":\"https:\/\/schema.org\",\"@graph\":[{\"@type\":\"WebPage\",\"@id\":\"https:\/\/bs2.lt\/product\/diebold-nixdorf-dn-450h\/\",\"url\":\"https:\/\/bs2.lt\/product\/diebold-nixdorf-dn-450h\/\",\"name\":\"Diebold Nixdorf DN 450H | BS\/2\",\"isPartOf\":{\"@id\":\"https:\/\/bs2.lt\/#website\"},\"primaryImageOfPage\":{\"@id\":\"https:\/\/bs2.lt\/product\/diebold-nixdorf-dn-450h\/#primaryimage\"},\"image\":{\"@id\":\"https:\/\/bs2.lt\/product\/diebold-nixdorf-dn-450h\/#primaryimage\"},\"thumbnailUrl\":\"https:\/\/bs2.lt\/wp-content\/uploads\/2021\/01\/dn-series-450.png\",\"datePublished\":\"2022-04-04T09:41:04+00:00\",\"dateModified\":\"2022-04-04T09:46:50+00:00\",\"breadcrumb\":{\"@id\":\"https:\/\/bs2.lt\/product\/diebold-nixdorf-dn-450h\/#breadcrumb\"},\"inLanguage\":\"az\",\"potentialAction\":[{\"@type\":\"ReadAction\",\"target\":[\"https:\/\/bs2.lt\/product\/diebold-nixdorf-dn-450h\/\"]}]},{\"@type\":\"ImageObject\",\"inLanguage\":\"az\",\"@id\":\"https:\/\/bs2.lt\/product\/diebold-nixdorf-dn-450h\/#primaryimage\",\"url\":\"https:\/\/bs2.lt\/wp-content\/uploads\/2021\/01\/dn-series-450.png\",\"contentUrl\":\"https:\/\/bs2.lt\/wp-content\/uploads\/2021\/01\/dn-series-450.png\",\"width\":1194,\"height\":1600},{\"@type\":\"BreadcrumbList\",\"@id\":\"https:\/\/bs2.lt\/product\/diebold-nixdorf-dn-450h\/#breadcrumb\",\"itemListElement\":[{\"@type\":\"ListItem\",\"position\":1,\"name\":\"Home\",\"item\":\"https:\/\/bs2.lt\/az\/\"},{\"@type\":\"ListItem\",\"position\":2,\"name\":\"Diebold Nixdorf DN 450H\"}]},{\"@type\":\"WebSite\",\"@id\":\"https:\/\/bs2.lt\/#website\",\"url\":\"https:\/\/bs2.lt\/\",\"name\":\"BS\/2\",\"description\":\"Banking and retail technology company\",\"publisher\":{\"@id\":\"https:\/\/bs2.lt\/#organization\"},\"potentialAction\":[{\"@type\":\"SearchAction\",\"target\":{\"@type\":\"EntryPoint\",\"urlTemplate\":\"https:\/\/bs2.lt\/?s={search_term_string}\"},\"query-input\":{\"@type\":\"PropertyValueSpecification\",\"valueRequired\":true,\"valueName\":\"search_term_string\"}}],\"inLanguage\":\"az\"},{\"@type\":\"Organization\",\"@id\":\"https:\/\/bs2.lt\/#organization\",\"name\":\"BS\/2\",\"url\":\"https:\/\/bs2.lt\/\",\"logo\":{\"@type\":\"ImageObject\",\"inLanguage\":\"az\",\"@id\":\"https:\/\/bs2.lt\/#\/schema\/logo\/image\/\",\"url\":\"https:\/\/bs2.lt\/wp-content\/uploads\/2022\/08\/bs2-logo.svg\",\"contentUrl\":\"https:\/\/bs2.lt\/wp-content\/uploads\/2022\/08\/bs2-logo.svg\",\"width\":100,\"height\":57,\"caption\":\"BS\/2\"},\"image\":{\"@id\":\"https:\/\/bs2.lt\/#\/schema\/logo\/image\/\"},\"sameAs\":[\"https:\/\/www.facebook.com\/bs2solutions\/\",\"https:\/\/www.linkedin.com\/showcase\/bs2solutions\",\"https:\/\/www.youtube.com\/c\/Bs2Lt\"]}]}<\/script>\n<!-- \/ Yoast SEO plugin. -->","yoast_head_json":{"title":"Diebold Nixdorf DN 450H | BS\/2","robots":{"index":"index","follow":"follow","max-snippet":"max-snippet:-1","max-image-preview":"max-image-preview:large","max-video-preview":"max-video-preview:-1"},"canonical":"https:\/\/bs2.lt\/product\/diebold-nixdorf-dn-450h\/","og_locale":"az_AZ","og_type":"article","og_title":"Diebold Nixdorf DN 450H | BS\/2","og_description":"DN Series 450H, na\u011fd t\u0259krar emaletm\u0259 (Recycling) sistemli, divarlararas\u0131 m\u0259kanda qura\u015fd\u0131r\u0131lmaq \u00fc\u00e7\u00fcn n\u0259z\u0259rd\u0259 tutulmu\u015f v\u0259 \u00f6z\u00fcn\u0259xidm\u0259t bank kanal\u0131n\u0131n inki\u015faf\u0131 \u00fc\u00e7\u00fcn geni\u015f imkanlar yaradan \u00e7oxfunksiyal\u0131 bankomatd\u0131r. DN SeriesTM 450H-\u0131n yard\u0131m\u0131 il\u0259 yaln\u0131z fiziki \u015f\u0259xsl\u0259r\u0259 deyil, h\u0259m d\u0259 ki\u00e7ik v\u0259 orta sahibkarlara da daha rahat xidm\u0259tl\u0259r v\u0259 servisl\u0259r t\u0259klif ed\u0259 bil\u0259rsiniz. DN Series 450H bankomat\u0131, 4-c\u00fc n\u0259sil [&hellip;]","og_url":"https:\/\/bs2.lt\/product\/diebold-nixdorf-dn-450h\/","og_site_name":"BS\/2","article_publisher":"https:\/\/www.facebook.com\/bs2solutions\/","article_modified_time":"2022-04-04T09:46:50+00:00","og_image":[{"width":1194,"height":1600,"url":"https:\/\/bs2.lt\/wp-content\/uploads\/2021\/01\/dn-series-450.png","type":"image\/png"}],"twitter_card":"summary_large_image","twitter_misc":{"Est. reading time":"1 minute"},"schema":{"@context":"https:\/\/schema.org","@graph":[{"@type":"WebPage","@id":"https:\/\/bs2.lt\/product\/diebold-nixdorf-dn-450h\/","url":"https:\/\/bs2.lt\/product\/diebold-nixdorf-dn-450h\/","name":"Diebold Nixdorf DN 450H | BS\/2","isPartOf":{"@id":"https:\/\/bs2.lt\/#website"},"primaryImageOfPage":{"@id":"https:\/\/bs2.lt\/product\/diebold-nixdorf-dn-450h\/#primaryimage"},"image":{"@id":"https:\/\/bs2.lt\/product\/diebold-nixdorf-dn-450h\/#primaryimage"},"thumbnailUrl":"https:\/\/bs2.lt\/wp-content\/uploads\/2021\/01\/dn-series-450.png","datePublished":"2022-04-04T09:41:04+00:00","dateModified":"2022-04-04T09:46:50+00:00","breadcrumb":{"@id":"https:\/\/bs2.lt\/product\/diebold-nixdorf-dn-450h\/#breadcrumb"},"inLanguage":"az","potentialAction":[{"@type":"ReadAction","target":["https:\/\/bs2.lt\/product\/diebold-nixdorf-dn-450h\/"]}]},{"@type":"ImageObject","inLanguage":"az","@id":"https:\/\/bs2.lt\/product\/diebold-nixdorf-dn-450h\/#primaryimage","url":"https:\/\/bs2.lt\/wp-content\/uploads\/2021\/01\/dn-series-450.png","contentUrl":"https:\/\/bs2.lt\/wp-content\/uploads\/2021\/01\/dn-series-450.png","width":1194,"height":1600},{"@type":"BreadcrumbList","@id":"https:\/\/bs2.lt\/product\/diebold-nixdorf-dn-450h\/#breadcrumb","itemListElement":[{"@type":"ListItem","position":1,"name":"Home","item":"https:\/\/bs2.lt\/az\/"},{"@type":"ListItem","position":2,"name":"Diebold Nixdorf DN 450H"}]},{"@type":"WebSite","@id":"https:\/\/bs2.lt\/#website","url":"https:\/\/bs2.lt\/","name":"BS\/2","description":"Banking and retail technology company","publisher":{"@id":"https:\/\/bs2.lt\/#organization"},"potentialAction":[{"@type":"SearchAction","target":{"@type":"EntryPoint","urlTemplate":"https:\/\/bs2.lt\/?s={search_term_string}"},"query-input":{"@type":"PropertyValueSpecification","valueRequired":true,"valueName":"search_term_string"}}],"inLanguage":"az"},{"@type":"Organization","@id":"https:\/\/bs2.lt\/#organization","name":"BS\/2","url":"https:\/\/bs2.lt\/","logo":{"@type":"ImageObject","inLanguage":"az","@id":"https:\/\/bs2.lt\/#\/schema\/logo\/image\/","url":"https:\/\/bs2.lt\/wp-content\/uploads\/2022\/08\/bs2-logo.svg","contentUrl":"https:\/\/bs2.lt\/wp-content\/uploads\/2022\/08\/bs2-logo.svg","width":100,"height":57,"caption":"BS\/2"},"image":{"@id":"https:\/\/bs2.lt\/#\/schema\/logo\/image\/"},"sameAs":["https:\/\/www.facebook.com\/bs2solutions\/","https:\/\/www.linkedin.com\/showcase\/bs2solutions","https:\/\/www.youtube.com\/c\/Bs2Lt"]}]}},"_links":{"self":[{"href":"https:\/\/bs2.lt\/az\/wp-json\/wp\/v2\/product\/26016","targetHints":{"allow":["GET"]}}],"collection":[{"href":"https:\/\/bs2.lt\/az\/wp-json\/wp\/v2\/product"}],"about":[{"href":"https:\/\/bs2.lt\/az\/wp-json\/wp\/v2\/types\/product"}],"wp:featuredmedia":[{"embeddable":true,"href":"https:\/\/bs2.lt\/az\/wp-json\/wp\/v2\/media\/17350"}],"wp:attachment":[{"href":"https:\/\/bs2.lt\/az\/wp-json\/wp\/v2\/media?parent=26016"}],"wp:term":[{"taxonomy":"product_category","embeddable":true,"href":"https:\/\/bs2.lt\/az\/wp-json\/wp\/v2\/product_category?post=26016"},{"taxonomy":"atm_series","embeddable":true,"href":"https:\/\/bs2.lt\/az\/wp-json\/wp\/v2\/atm_series?post=26016"},{"taxonomy":"atm_cashflow","embeddable":true,"href":"https:\/\/bs2.lt\/az\/wp-json\/wp\/v2\/atm_cashflow?post=26016"},{"taxonomy":"atm_type","embeddable":true,"href":"https:\/\/bs2.lt\/az\/wp-json\/wp\/v2\/atm_type?post=26016"},{"taxonomy":"product-provider","embeddable":true,"href":"https:\/\/bs2.lt\/az\/wp-json\/wp\/v2\/product-provider?post=26016"}],"curies":[{"name":"wp","href":"https:\/\/api.w.org\/{rel}","templated":true}]}}